{"id":5140,"date":"2024-08-12T08:40:50","date_gmt":"2024-08-12T08:40:50","guid":{"rendered":"https:\/\/isopllc.com\/be\/?post_type=product&#038;p=5140"},"modified":"2025-11-16T17:35:49","modified_gmt":"2025-11-16T17:35:49","slug":"isop-armoire-a-extincteurs-en-plastique-petite-pour-25-kg","status":"publish","type":"product","link":"https:\/\/isopllc.com\/be\/product\/isop-armoire-a-extincteurs-en-plastique-petite-pour-25-kg\/","title":{"rendered":"Armoire \u00e0 Extincteurs en Plastique Petite 2,5 kg | Bo\u00eetier de Protection R\u00e9sistant pour Extincteurs Portatifs"},"content":{"rendered":"<h1 id=\"title\" class=\"a-size-large a-spacing-none\">ISOP Armoire \u00e0 Extincteurs en Plastique Petite pour 2,5 kg ou 5 lb &#8211; Bo\u00eete \u00e0 Extincteur &#8211; Armoire \u00e0 Extincteur Ext\u00e9rieur Mont\u00e9e &#8211; Montage d&rsquo;Extincteurs<\/h1>\n<div class=\"celwidget aplus-module premium-module-4-two-column-images aplus-premium\" data-csa-c-id=\"15yl7x-eio1n0-m9lh6n-socwzs\" data-cel-widget=\"aplus-premium-module-4-two-column-images\">\n<div class=\"a-section a-spacing-none premium-aplus premium-aplus-module-4 aplus-container-1\">\n<div class=\"a-section a-spacing-none premium-aplus-two-column\">\n<div class=\"a-section a-spacing-none premium-aplus-column\">\n<div class=\"a-section a-spacing-none column-description\">\n<div class=\"celwidget aplus-module module-9 aplus-standard\">\n<div class=\"aplus-module-wrapper\">\n<div class=\"\"><\/div>\n<\/div>\n<\/div>\n<div class=\"celwidget aplus-module module-9 aplus-standard\">\n<div class=\"aplus-module-wrapper\">\n<div class=\"\">\n<div class=\"celwidget aplus-module module-9 aplus-standard\">\n<div class=\"aplus-module-wrapper\">\n<div class=\"\">\n<p class=\"a-text-center\"><img loading=\"lazy\" decoding=\"async\" class=\"alignnone size-full wp-image-5139\" src=\"https:\/\/isopllc.com\/be\/wp-content\/uploads\/sites\/15\/2024\/08\/PVC-Large1.jpg\" alt=\"Bo\u00eete en Plastique pour Extincteur\" width=\"300\" height=\"300\" srcset=\"https:\/\/isopllc.com\/be\/wp-content\/uploads\/sites\/15\/2024\/08\/PVC-Large1.jpg 300w, https:\/\/isopllc.com\/be\/wp-content\/uploads\/sites\/15\/2024\/08\/PVC-Large1-150x150.jpg 150w, https:\/\/isopllc.com\/be\/wp-content\/uploads\/sites\/15\/2024\/08\/PVC-Large1-100x100.jpg 100w\" sizes=\"auto, (max-width: 300px) 100vw, 300px\" \/><\/p>\n<h4 class=\"a-spacing-mini\">Construction Durable<\/h4>\n<p class=\"a-spacing-base\">Fabriqu\u00e9 en plastique haut de gamme et r\u00e9sistant aux chocs, ce cabinet \u00e0 extincteur en PVC est con\u00e7u pour r\u00e9sister \u00e0 des conditions m\u00e9t\u00e9orologiques difficiles, y compris des temp\u00e9ratures extr\u00eames, de la pluie et une exposition aux UV. Sa construction robuste garantit une protection durable pour votre extincteur, pr\u00e9servant son int\u00e9grit\u00e9 au fil du temps.<\/p>\n<p>&nbsp;<\/p>\n<p class=\"a-text-center\"><img loading=\"lazy\" decoding=\"async\" class=\"alignnone size-full wp-image-5141\" src=\"https:\/\/isopllc.com\/be\/wp-content\/uploads\/sites\/15\/2024\/08\/PVC-Small.jpg\" alt=\"Bo\u00eete en Plastique pour Extincteur\" width=\"300\" height=\"300\" srcset=\"https:\/\/isopllc.com\/be\/wp-content\/uploads\/sites\/15\/2024\/08\/PVC-Small.jpg 300w, https:\/\/isopllc.com\/be\/wp-content\/uploads\/sites\/15\/2024\/08\/PVC-Small-150x150.jpg 150w, https:\/\/isopllc.com\/be\/wp-content\/uploads\/sites\/15\/2024\/08\/PVC-Small-100x100.jpg 100w\" sizes=\"auto, (max-width: 300px) 100vw, 300px\" \/><\/p>\n<h4 class=\"a-spacing-mini\">Ajustement Universel<\/h4>\n<p class=\"a-spacing-base\">Le cabinet \u00e0 extincteur en PVC est con\u00e7u pour s&rsquo;adapter \u00e0 des extincteurs de 2,5 kg ou 5 lb, ce qui le rend polyvalent et adapt\u00e9 \u00e0 divers mod\u00e8les et types d&rsquo;extincteurs. Cette adaptabilit\u00e9 permet une large application dans diff\u00e9rents contextes et environnements.<\/p>\n<p>&nbsp;<\/p>\n<p class=\"a-text-center\"><img loading=\"lazy\" decoding=\"async\" class=\"alignnone size-full wp-image-5137\" src=\"https:\/\/isopllc.com\/be\/wp-content\/uploads\/sites\/15\/2024\/08\/PVC-Large3.jpg\" alt=\"Bo\u00eete en Plastique pour Extincteur\" width=\"300\" height=\"300\" srcset=\"https:\/\/isopllc.com\/be\/wp-content\/uploads\/sites\/15\/2024\/08\/PVC-Large3.jpg 300w, https:\/\/isopllc.com\/be\/wp-content\/uploads\/sites\/15\/2024\/08\/PVC-Large3-150x150.jpg 150w, https:\/\/isopllc.com\/be\/wp-content\/uploads\/sites\/15\/2024\/08\/PVC-Large3-100x100.jpg 100w\" sizes=\"auto, (max-width: 300px) 100vw, 300px\" \/><\/p>\n<h4 class=\"a-spacing-mini\">Installation Facile<\/h4>\n<p class=\"a-spacing-base\">Dot\u00e9 de trous de montage pr\u00e9-perc\u00e9s, le cabinet \u00e0 extincteur en PVC ISOP peut \u00eatre mont\u00e9 sans effort sur n&rsquo;importe quelle surface murale. Le processus d&rsquo;installation simple garantit que votre extincteur est positionn\u00e9 en toute s\u00e9curit\u00e9 et facilement accessible, am\u00e9liorant consid\u00e9rablement la pr\u00e9paration aux urgences.<\/p>\n<p>&nbsp;<\/p>\n<\/div>\n<\/div>\n<\/div>\n<div class=\"celwidget aplus-module module-9 aplus-standard\">\n<div class=\"aplus-module-wrapper\">\n<div class=\"\">\n<p class=\"a-text-center\"><img loading=\"lazy\" decoding=\"async\" class=\"alignnone size-full wp-image-5136\" src=\"https:\/\/isopllc.com\/be\/wp-content\/uploads\/sites\/15\/2024\/08\/PVC-Large4.jpg\" alt=\"Bo\u00eete en Plastique pour Extincteur\" width=\"300\" height=\"300\" srcset=\"https:\/\/isopllc.com\/be\/wp-content\/uploads\/sites\/15\/2024\/08\/PVC-Large4.jpg 300w, https:\/\/isopllc.com\/be\/wp-content\/uploads\/sites\/15\/2024\/08\/PVC-Large4-150x150.jpg 150w, https:\/\/isopllc.com\/be\/wp-content\/uploads\/sites\/15\/2024\/08\/PVC-Large4-100x100.jpg 100w\" sizes=\"auto, (max-width: 300px) 100vw, 300px\" \/><\/p>\n<h4 class=\"a-spacing-mini\">S\u00fbr et Accessible<\/h4>\n<p class=\"a-spacing-base\">Le cabinet \u00e0 extincteur en PVC est \u00e9quip\u00e9 d&rsquo;un syst\u00e8me de verrouillage s\u00e9curis\u00e9 qui maintient l&rsquo;extincteur fermement en place, emp\u00eachant tout d\u00e9placement accidentel tout en permettant un acc\u00e8s rapide et facile lorsque n\u00e9cessaire. En cas d&rsquo;urgence, chaque seconde compte, et ce design garantit que vous pouvez agir rapidement.<\/p>\n<p>&nbsp;<\/p>\n<p class=\"a-text-center\"><img loading=\"lazy\" decoding=\"async\" class=\"alignnone size-full wp-image-5135\" src=\"https:\/\/isopllc.com\/be\/wp-content\/uploads\/sites\/15\/2024\/08\/PVC-Large5.jpg\" alt=\"Bo\u00eete en Plastique pour Extincteur\" width=\"300\" height=\"300\" srcset=\"https:\/\/isopllc.com\/be\/wp-content\/uploads\/sites\/15\/2024\/08\/PVC-Large5.jpg 300w, https:\/\/isopllc.com\/be\/wp-content\/uploads\/sites\/15\/2024\/08\/PVC-Large5-150x150.jpg 150w, https:\/\/isopllc.com\/be\/wp-content\/uploads\/sites\/15\/2024\/08\/PVC-Large5-100x100.jpg 100w\" sizes=\"auto, (max-width: 300px) 100vw, 300px\" \/><\/p>\n<h4 class=\"a-spacing-mini\">Visibilit\u00e9<\/h4>\n<p class=\"a-spacing-base\">Une fen\u00eatre de visualisation claire et incassable permet des inspections visuelles rapides de l&rsquo;\u00e9tat de l&rsquo;extincteur sans ouvrir le cabinet. Cette fonctionnalit\u00e9 garantit que l&rsquo;extincteur est toujours pr\u00eat \u00e0 \u00eatre utilis\u00e9 et simplifie les v\u00e9rifications de maintenance de routine.<\/p>\n<p>&nbsp;<\/p>\n<p class=\"a-text-center\"><img loading=\"lazy\" decoding=\"async\" class=\"alignnone size-full wp-image-5134\" src=\"https:\/\/isopllc.com\/be\/wp-content\/uploads\/sites\/15\/2024\/08\/PVC-Large6.jpg\" alt=\"Bo\u00eete en Plastique pour Extincteur\" width=\"300\" height=\"300\" srcset=\"https:\/\/isopllc.com\/be\/wp-content\/uploads\/sites\/15\/2024\/08\/PVC-Large6.jpg 300w, https:\/\/isopllc.com\/be\/wp-content\/uploads\/sites\/15\/2024\/08\/PVC-Large6-150x150.jpg 150w, https:\/\/isopllc.com\/be\/wp-content\/uploads\/sites\/15\/2024\/08\/PVC-Large6-100x100.jpg 100w\" sizes=\"auto, (max-width: 300px) 100vw, 300px\" \/><\/p>\n<h4 class=\"a-spacing-mini\">R\u00e9sistant aux intemp\u00e9ries<\/h4>\n<p class=\"a-spacing-base\">Con\u00e7u sp\u00e9cifiquement pour les environnements ext\u00e9rieurs, ce cabinet \u00e0 extincteur en PVC offre une excellente protection contre la pluie, la poussi\u00e8re et les rayons UV. Ses propri\u00e9t\u00e9s r\u00e9sistantes aux intemp\u00e9ries garantissent que votre extincteur reste en conditions optimales, quels que soient les \u00e9l\u00e9ments ext\u00e9rieurs.<\/p>\n<div class=\"flex max-w-full flex-col flex-grow\">\n<div class=\"min-h-8 text-message flex w-full flex-col items-end gap-2 whitespace-normal break-words text-start [.text-message+&amp;]:mt-5\" dir=\"auto\" data-message-author-role=\"assistant\" data-message-id=\"8783105f-b653-4681-9858-6a795e8f8c1f\" data-message-model-slug=\"gpt-4o\">\n<div class=\"flex w-full flex-col gap-1 empty:hidden first:pt-[3px]\">\n<div class=\"markdown prose w-full break-words dark:prose-invert light\">\n<p>D\u00e9couvrez notre <strong>armoire \u00e0 extincteur<\/strong>, un <strong>bo\u00eetier pour extincteur<\/strong> robuste et pratique. Ce <strong>coffret extincteur<\/strong> compact assure un <strong>rangement extincteur<\/strong> s\u00e9curis\u00e9 pour tous vos besoins de s\u00e9curit\u00e9 incendie.<\/p>\n<div class=\"flex max-w-full flex-col flex-grow\">\n<div class=\"min-h-8 text-message flex w-full flex-col items-end gap-2 whitespace-normal break-words text-start [.text-message+&amp;]:mt-5\" dir=\"auto\" data-message-author-role=\"assistant\" data-message-id=\"ec82cdde-5fab-4a80-b07a-d1d5860114ec\" data-message-model-slug=\"gpt-4o\">\n<div class=\"flex w-full flex-col gap-1 empty:hidden first:pt-[3px]\">\n<div class=\"markdown prose w-full break-words dark:prose-invert light\">\n<p>Notre <strong>armoire \u00e0 extincteur<\/strong> est la solution id\u00e9ale pour garantir la s\u00e9curit\u00e9 de votre espace. Ce <strong>bo\u00eetier pour extincteur<\/strong>, con\u00e7u en mat\u00e9riaux robustes et durables, offre une protection optimale pour vos \u00e9quipements de s\u00e9curit\u00e9 incendie. Gr\u00e2ce \u00e0 son design moderne et compact, ce <strong>coffret extincteur<\/strong> s\u2019int\u00e8gre parfaitement dans tout environnement, qu\u2019il s\u2019agisse de bureaux, d\u2019ateliers ou de maisons. Avec cette armoire, le <strong>rangement extincteur<\/strong> devient simple et efficace, assurant un acc\u00e8s rapide en cas d\u2019urgence. Polyvalente et facile \u00e0 installer, elle r\u00e9pond aux besoins des professionnels comme des particuliers pour prot\u00e9ger leurs espaces avec style et praticit\u00e9.<\/p>\n<\/div>\n<\/div>\n<\/div>\n<\/div>\n<\/div>\n<\/div>\n<\/div>\n<\/div>\n<\/div>\n<\/div>\n<\/div>\n<\/div>\n<\/div>\n<\/div>\n<\/div>\n<\/div>\n<\/div>\n<\/div>\n<\/div>\n","protected":false},"excerpt":{"rendered":"[embed]https:\/\/www.youtube.com\/shorts\/_Zq_WWXati8[\/embed]\n<p id=\"title\" class=\"a-size-large a-spacing-none\" style=\"text-align: center\">ISOP Armoire \u00e0 Extincteurs en Plastique Petite pour 2,5 kg ou 5 lb &#8211; Bo\u00eete \u00e0 Extincteur &#8211; Armoire \u00e0 Extincteur Ext\u00e9rieur Mont\u00e9e &#8211; Montage d&rsquo;Extincteurs<\/p>\n<p style=\"text-align: center\">LIVRAISON GRATUITE SOUS 3 \u00c0 7 JOURS<\/p>\n<h4 style=\"text-align: center\"><strong>ACHETEZ-LE SUR<\/strong><\/h4>\n<h4 style=\"text-align: center\"><a href=\"https:\/\/www.amazon.com.be\/dp\/B0CNKHNRNH\/ref=sr_1_1?crid=1BCGBYICC21CE&amp;dib=eyJ2IjoiMSJ9.FmGlA_2k_TSwPG6q3wM4Nw.5EkfMWR0wRVrMVlYyT6px1DIOZ971_XSzLssEfS1QzU&amp;dib_tag=se&amp;keywords=Armoire+d%27extincteur+ISOP+en+plastique&amp;qid=1723449060&amp;s=home-improvement&amp;sprefix=%2Chome-improvement%2C866&amp;sr=1-1&amp;th=1\"><img loading=\"lazy\" decoding=\"async\" class=\"aligncenter wp-image-1040 size-full\" src=\"https:\/\/isopllc.com\/be\/wp-content\/uploads\/sites\/15\/2020\/01\/amazon-button9.png\" alt=\"\" width=\"160\" height=\"59\" \/><\/a><\/h4>\n","protected":false},"featured_media":5143,"comment_status":"open","ping_status":"closed","template":"","meta":[],"product_brand":[],"product_cat":[178,173],"product_tag":[114,49,116,115,40,39],"class_list":{"0":"post-5140","1":"product","2":"type-product","3":"status-publish","4":"has-post-thumbnail","6":"product_cat-accessoires-pour-echelles-de-secours","7":"product_cat-supports-pour-extincteurs","8":"product_tag-armoire-a-extincteurs","9":"product_tag-isop","10":"product_tag-petite","11":"product_tag-plastique","12":"product_tag-protection","13":"product_tag-securite","15":"first","16":"instock","17":"shipping-taxable","18":"purchasable","19":"product-type-simple"},"_links":{"self":[{"href":"https:\/\/isopllc.com\/be\/wp-json\/wp\/v2\/product\/5140","targetHints":{"allow":["GET"]}}],"collection":[{"href":"https:\/\/isopllc.com\/be\/wp-json\/wp\/v2\/product"}],"about":[{"href":"https:\/\/isopllc.com\/be\/wp-json\/wp\/v2\/types\/product"}],"replies":[{"embeddable":true,"href":"https:\/\/isopllc.com\/be\/wp-json\/wp\/v2\/comments?post=5140"}],"wp:featuredmedia":[{"embeddable":true,"href":"https:\/\/isopllc.com\/be\/wp-json\/wp\/v2\/media\/5143"}],"wp:attachment":[{"href":"https:\/\/isopllc.com\/be\/wp-json\/wp\/v2\/media?parent=5140"}],"wp:term":[{"taxonomy":"product_brand","embeddable":true,"href":"https:\/\/isopllc.com\/be\/wp-json\/wp\/v2\/product_brand?post=5140"},{"taxonomy":"product_cat","embeddable":true,"href":"https:\/\/isopllc.com\/be\/wp-json\/wp\/v2\/product_cat?post=5140"},{"taxonomy":"product_tag","embeddable":true,"href":"https:\/\/isopllc.com\/be\/wp-json\/wp\/v2\/product_tag?post=5140"}],"curies":[{"name":"wp","href":"https:\/\/api.w.org\/{rel}","templated":true}]}}