{"id":5144,"date":"2024-08-12T15:44:11","date_gmt":"2024-08-12T15:44:11","guid":{"rendered":"https:\/\/isopllc.com\/be\/?post_type=product&#038;p=5144"},"modified":"2025-07-28T07:58:49","modified_gmt":"2025-07-28T07:58:49","slug":"isop-echelle-pliante-a-2-marches-en-aluminium","status":"publish","type":"product","link":"https:\/\/isopllc.com\/be\/product\/isop-echelle-pliante-a-2-marches-en-aluminium\/","title":{"rendered":"ISOP \u00c9chelle Pliante \u00e0 2 Marches en Aluminium | Marchepied Robuste et Compact"},"content":{"rendered":"<h1 id=\"title\" class=\"a-size-large a-spacing-none\">ISOP \u00c9chelle Pliante \u00e0 2 Marches en Aluminium | \u00c9chelle Pliable Blanche \u00e0 Deux Marches | Marches Antid\u00e9rapantes | Robuste, L\u00e9g\u00e8re et Compacte | Escabeau pour la Maison, le Garage ou le Bureau<\/h1>\n<div class=\"celwidget aplus-module premium-module-4-two-column-images aplus-premium\" data-csa-c-id=\"15yl7x-eio1n0-m9lh6n-socwzs\" data-cel-widget=\"aplus-premium-module-4-two-column-images\">\n<div class=\"a-section a-spacing-none premium-aplus premium-aplus-module-4 aplus-container-1\">\n<div class=\"a-section a-spacing-none premium-aplus-two-column\">\n<div class=\"a-section a-spacing-none premium-aplus-column\">\n<div class=\"a-section a-spacing-none column-description\">\n<div class=\"celwidget aplus-module module-9 aplus-standard\">\n<div class=\"aplus-module-wrapper\">\n<div class=\"\"><\/div>\n<\/div>\n<\/div>\n<div class=\"celwidget aplus-module module-9 aplus-standard\">\n<div class=\"aplus-module-wrapper\">\n<div class=\"\">\n<div class=\"celwidget aplus-module module-9 aplus-standard\">\n<div class=\"aplus-module-wrapper\">\n<div class=\"\"><\/div>\n<\/div>\n<\/div>\n<div class=\"celwidget aplus-module module-9 aplus-standard\">\n<div class=\"aplus-module-wrapper\">\n<div class=\"\">\n<div class=\"a-section\">\n<div class=\"a-section a-text-center\"><img loading=\"lazy\" decoding=\"async\" class=\"alignnone size-full wp-image-5162\" src=\"https:\/\/isopllc.com\/be\/wp-content\/uploads\/sites\/15\/2024\/08\/stepp-ladder-2-steps-1.jpg\" alt=\"\u00c9chelle Pliante en Aluminium\" width=\"300\" height=\"300\" srcset=\"https:\/\/isopllc.com\/be\/wp-content\/uploads\/sites\/15\/2024\/08\/stepp-ladder-2-steps-1.jpg 300w, https:\/\/isopllc.com\/be\/wp-content\/uploads\/sites\/15\/2024\/08\/stepp-ladder-2-steps-1-150x150.jpg 150w, https:\/\/isopllc.com\/be\/wp-content\/uploads\/sites\/15\/2024\/08\/stepp-ladder-2-steps-1-100x100.jpg 100w\" sizes=\"auto, (max-width: 300px) 100vw, 300px\" \/><\/div>\n<p class=\"a-size-small\">La marchepied pliant ISOP 2 \u00e9tapes est le compl\u00e9ment parfait pour tout foyer, garage ou espace de bureau. Cette \u00e9chelle pliable blanche est fabriqu\u00e9e en aluminium de haute qualit\u00e9, ce qui la rend durable, l\u00e9g\u00e8re et compacte pour un rangement et un transport faciles. Avec des marches antid\u00e9rapantes, vous pouvez vous sentir en confiance et en s\u00e9curit\u00e9 en utilisant ce marchepied \u00e0 deux \u00e9tages.<\/p>\n<\/div>\n<div class=\"a-section\">\n<div class=\"a-section a-text-center\"><img loading=\"lazy\" decoding=\"async\" class=\"alignnone size-full wp-image-5161\" src=\"https:\/\/isopllc.com\/be\/wp-content\/uploads\/sites\/15\/2024\/08\/stepp-ladder-2-steps-2.jpg\" alt=\"\u00c9chelle Pliante en Aluminium\" width=\"300\" height=\"300\" srcset=\"https:\/\/isopllc.com\/be\/wp-content\/uploads\/sites\/15\/2024\/08\/stepp-ladder-2-steps-2.jpg 300w, https:\/\/isopllc.com\/be\/wp-content\/uploads\/sites\/15\/2024\/08\/stepp-ladder-2-steps-2-150x150.jpg 150w, https:\/\/isopllc.com\/be\/wp-content\/uploads\/sites\/15\/2024\/08\/stepp-ladder-2-steps-2-100x100.jpg 100w\" sizes=\"auto, (max-width: 300px) 100vw, 300px\" \/><\/div>\n<p class=\"a-size-small\">La construction robuste assure stabilit\u00e9 et s\u00e9curit\u00e9 lorsqu&rsquo;il s&rsquo;agit d&rsquo;atteindre des objets sur des \u00e9tag\u00e8res hautes, de changer des ampoules ou d&rsquo;accomplir des t\u00e2ches m\u00e9nag\u00e8res. Ce marchepied est con\u00e7u pour la commodit\u00e9 et la facilit\u00e9 d&rsquo;utilisation, avec un m\u00e9canisme de pliage simple qui permet un montage et un d\u00e9montage rapides et faciles. Sa taille compacte le rend id\u00e9al pour les petits espaces et permet un rangement facile lorsqu&rsquo;il n&rsquo;est pas utilis\u00e9.<\/p>\n<\/div>\n<div class=\"a-section\">\n<div class=\"a-section a-text-center\"><img loading=\"lazy\" decoding=\"async\" class=\"alignnone size-full wp-image-5160\" src=\"https:\/\/isopllc.com\/be\/wp-content\/uploads\/sites\/15\/2024\/08\/stepp-ladder-2-steps-3.jpeg\" alt=\"\u00c9chelle Pliante en Aluminium\" width=\"300\" height=\"300\" srcset=\"https:\/\/isopllc.com\/be\/wp-content\/uploads\/sites\/15\/2024\/08\/stepp-ladder-2-steps-3.jpeg 300w, https:\/\/isopllc.com\/be\/wp-content\/uploads\/sites\/15\/2024\/08\/stepp-ladder-2-steps-3-150x150.jpeg 150w, https:\/\/isopllc.com\/be\/wp-content\/uploads\/sites\/15\/2024\/08\/stepp-ladder-2-steps-3-100x100.jpeg 100w\" sizes=\"auto, (max-width: 300px) 100vw, 300px\" \/><\/div>\n<p class=\"a-size-small\">Que vous ayez besoin d&rsquo;une \u00e9chelle fiable pour les t\u00e2ches quotidiennes \u00e0 la maison ou d&rsquo;une option portable pour des projets en d\u00e9placement, le marchepied pliant ISOP 2 \u00e9tapes est une solution polyvalente et pratique. Am\u00e9liorez votre maison ou votre espace de travail avec cette \u00e9chelle fonctionnelle et \u00e9l\u00e9gante d\u00e8s aujourd&rsquo;hui.<\/p>\n<\/div>\n<\/div>\n<\/div>\n<\/div>\n<\/div>\n<\/div>\n<\/div>\n<\/div>\n<\/div>\n<\/div>\n<\/div>\n<\/div>\n","protected":false},"excerpt":{"rendered":"<p id=\"title\" class=\"a-size-large a-spacing-none\" style=\"text-align: center;\">ISOP \u00c9chelle Pliante \u00e0 2 Marches en Aluminium | \u00c9chelle Pliable Blanche \u00e0 Deux Marches | Marches Antid\u00e9rapantes | Robuste, L\u00e9g\u00e8re et Compacte | Escabeau pour la Maison, le Garage ou le Bureau<\/p>\n<p style=\"text-align: center;\">LIVRAISON GRATUITE SOUS 3 \u00c0 7 JOURS<\/p>\n<h4 style=\"text-align: center;\"><strong>ACHETEZ-LE SUR<\/strong><\/h4>\n<h4 style=\"text-align: center;\"><a href=\"https:\/\/www.amazon.com.be\/dp\/B0D4HMFYKP\/ref=sr_1_1?crid=3VXJLAWQNE5WQ&amp;dib=eyJ2IjoiMSJ9.SLKUS8iuUuowP98pldU-Hw.zxmBtDznE1MUPChH9oF14v8rvp8Ly6m2W3yFwovFBeA&amp;dib_tag=se&amp;keywords=ISOP%20%C3%89chelle%20Pliante%20en%20Aluminium&amp;qid=1723477934&amp;s=home-improvement&amp;sprefix=b0d4hmfykp%2Chome-improvement%2C185&amp;sr=1-1&amp;th=1\"><img loading=\"lazy\" decoding=\"async\" class=\"aligncenter wp-image-1040 size-full\" src=\"https:\/\/isopllc.com\/be\/wp-content\/uploads\/sites\/15\/2020\/01\/amazon-button9.png\" alt=\"\" width=\"160\" height=\"59\" \/><\/a><\/h4>\n","protected":false},"featured_media":5150,"comment_status":"open","ping_status":"closed","template":"","meta":[],"product_brand":[],"product_cat":[175],"product_tag":[147,148,146,41,49,40,39],"class_list":{"0":"post-5144","1":"product","2":"type-product","3":"status-publish","4":"has-post-thumbnail","6":"product_cat-escabeaux","7":"product_tag-2-marches","8":"product_tag-aluminium","9":"product_tag-echelle-pliante","10":"product_tag-equipement","11":"product_tag-isop","12":"product_tag-protection","13":"product_tag-securite","15":"first","16":"instock","17":"shipping-taxable","18":"purchasable","19":"product-type-simple"},"_links":{"self":[{"href":"https:\/\/isopllc.com\/be\/wp-json\/wp\/v2\/product\/5144","targetHints":{"allow":["GET"]}}],"collection":[{"href":"https:\/\/isopllc.com\/be\/wp-json\/wp\/v2\/product"}],"about":[{"href":"https:\/\/isopllc.com\/be\/wp-json\/wp\/v2\/types\/product"}],"replies":[{"embeddable":true,"href":"https:\/\/isopllc.com\/be\/wp-json\/wp\/v2\/comments?post=5144"}],"wp:featuredmedia":[{"embeddable":true,"href":"https:\/\/isopllc.com\/be\/wp-json\/wp\/v2\/media\/5150"}],"wp:attachment":[{"href":"https:\/\/isopllc.com\/be\/wp-json\/wp\/v2\/media?parent=5144"}],"wp:term":[{"taxonomy":"product_brand","embeddable":true,"href":"https:\/\/isopllc.com\/be\/wp-json\/wp\/v2\/product_brand?post=5144"},{"taxonomy":"product_cat","embeddable":true,"href":"https:\/\/isopllc.com\/be\/wp-json\/wp\/v2\/product_cat?post=5144"},{"taxonomy":"product_tag","embeddable":true,"href":"https:\/\/isopllc.com\/be\/wp-json\/wp\/v2\/product_tag?post=5144"}],"curies":[{"name":"wp","href":"https:\/\/api.w.org\/{rel}","templated":true}]}}