{"id":5164,"date":"2024-08-12T15:54:46","date_gmt":"2024-08-12T15:54:46","guid":{"rendered":"https:\/\/isopllc.com\/be\/?post_type=product&#038;p=5164"},"modified":"2025-07-28T07:57:19","modified_gmt":"2025-07-28T07:57:19","slug":"isop-echelle-a-3-marches-blanche","status":"publish","type":"product","link":"https:\/\/isopllc.com\/be\/product\/isop-echelle-a-3-marches-blanche\/","title":{"rendered":"ISOP \u00c9chelle \u00e0 3 Marches Blanche | Escabeau Antid\u00e9rapant"},"content":{"rendered":"<h1 id=\"title\" class=\"a-size-large a-spacing-none\">ISOP \u00c9chelle \u00e0 3 Marches Blanche | \u00c9chelle Pliante | Marchepied Large Antid\u00e9rapant | \u00c9chelle Stable de 220 kg | L\u00e9ger, Portable, Compact \u2013 \u00c9chelle \u00e0 3 Marches<\/h1>\n<div class=\"celwidget aplus-module premium-module-4-two-column-images aplus-premium\" data-csa-c-id=\"15yl7x-eio1n0-m9lh6n-socwzs\" data-cel-widget=\"aplus-premium-module-4-two-column-images\">\n<div class=\"a-section a-spacing-none premium-aplus premium-aplus-module-4 aplus-container-1\">\n<div class=\"a-section a-spacing-none premium-aplus-two-column\">\n<div class=\"a-section a-spacing-none premium-aplus-column\">\n<div class=\"a-section a-spacing-none column-description\">\n<div class=\"celwidget aplus-module module-9 aplus-standard\">\n<div class=\"aplus-module-wrapper\">\n<div class=\"\"><\/div>\n<\/div>\n<\/div>\n<div class=\"celwidget aplus-module module-9 aplus-standard\">\n<div class=\"aplus-module-wrapper\">\n<div class=\"\">\n<div class=\"celwidget aplus-module module-9 aplus-standard\">\n<div class=\"aplus-module-wrapper\">\n<div class=\"\"><\/div>\n<\/div>\n<\/div>\n<div class=\"celwidget aplus-module module-9 aplus-standard\">\n<div class=\"aplus-module-wrapper\">\n<div class=\"\">\n<div class=\"a-section\"><\/div>\n<div class=\"a-section\">\n<div class=\"a-section\">\n<div class=\"a-section a-text-center\"><img loading=\"lazy\" decoding=\"async\" class=\"alignnone size-full wp-image-5153\" src=\"https:\/\/isopllc.com\/be\/wp-content\/uploads\/sites\/15\/2024\/08\/stepp-ladder-3-steps-6.jpeg\" alt=\"\u00c9chelle Pliante en Aluminium\" width=\"300\" height=\"300\" srcset=\"https:\/\/isopllc.com\/be\/wp-content\/uploads\/sites\/15\/2024\/08\/stepp-ladder-3-steps-6.jpeg 300w, https:\/\/isopllc.com\/be\/wp-content\/uploads\/sites\/15\/2024\/08\/stepp-ladder-3-steps-6-150x150.jpeg 150w, https:\/\/isopllc.com\/be\/wp-content\/uploads\/sites\/15\/2024\/08\/stepp-ladder-3-steps-6-100x100.jpeg 100w\" sizes=\"auto, (max-width: 300px) 100vw, 300px\" \/><\/div>\n<p class=\"a-size-small\">Pr\u00e9sentation de l&rsquo;\u00e9chelle pliable ultime 3 marches blanche pour tous vos besoins quotidiens. Cette \u00e9chelle en aluminium fiable et polyvalente est con\u00e7ue pour faciliter votre vie. Avec une sensation solide et stable, vous pouvez grimper en toute confiance, sachant que vous \u00eates en s\u00e9curit\u00e9. La construction en aluminium l\u00e9ger facilite son transport, tandis que les larges marches assurent une prise stable, m\u00eame lors d&rsquo;une utilisation prolong\u00e9e.<\/p>\n<\/div>\n<div class=\"a-section\">\n<div class=\"a-section a-text-center\"><img loading=\"lazy\" decoding=\"async\" class=\"alignnone size-full wp-image-5152\" src=\"https:\/\/isopllc.com\/be\/wp-content\/uploads\/sites\/15\/2024\/08\/stepp-ladder-3-steps-7.jpg\" alt=\"\u00c9chelle Pliante en Aluminium\" width=\"300\" height=\"300\" srcset=\"https:\/\/isopllc.com\/be\/wp-content\/uploads\/sites\/15\/2024\/08\/stepp-ladder-3-steps-7.jpg 300w, https:\/\/isopllc.com\/be\/wp-content\/uploads\/sites\/15\/2024\/08\/stepp-ladder-3-steps-7-150x150.jpg 150w, https:\/\/isopllc.com\/be\/wp-content\/uploads\/sites\/15\/2024\/08\/stepp-ladder-3-steps-7-100x100.jpg 100w\" sizes=\"auto, (max-width: 300px) 100vw, 300px\" \/><\/div>\n<p class=\"a-size-small\">L&rsquo;\u00e9chelle se d\u00e9ploie en douceur et se verrouille solidement en position ouverte, et lorsque vous avez termin\u00e9, elle se plie de mani\u00e8re compacte pour un rangement sans tracas. Parfaite pour atteindre des \u00e9tag\u00e8res \u00e9lev\u00e9es ou acc\u00e9der \u00e0 des espaces de rangement, cette \u00e9chelle est indispensable pour tout amateur de bricolage ou toute personne ayant besoin d&rsquo;une \u00e9chelle fiable pour les t\u00e2ches m\u00e9nag\u00e8res.<\/p>\n<\/div>\n<div class=\"a-section\">\n<div class=\"a-section a-text-center\"><img loading=\"lazy\" decoding=\"async\" class=\"alignnone size-full wp-image-5151\" src=\"https:\/\/isopllc.com\/be\/wp-content\/uploads\/sites\/15\/2024\/08\/stepp-ladder-3-steps-8.jpg\" alt=\"\u00c9chelle Pliante en Aluminium\" width=\"300\" height=\"300\" srcset=\"https:\/\/isopllc.com\/be\/wp-content\/uploads\/sites\/15\/2024\/08\/stepp-ladder-3-steps-8.jpg 300w, https:\/\/isopllc.com\/be\/wp-content\/uploads\/sites\/15\/2024\/08\/stepp-ladder-3-steps-8-150x150.jpg 150w, https:\/\/isopllc.com\/be\/wp-content\/uploads\/sites\/15\/2024\/08\/stepp-ladder-3-steps-8-100x100.jpg 100w\" sizes=\"auto, (max-width: 300px) 100vw, 300px\" \/><\/div>\n<p class=\"a-size-small\">Ne vous contentez pas de moins que le meilleur. Investissez dans cette \u00e9chelle de haute qualit\u00e9 et ressentez la diff\u00e9rence par vous-m\u00eame. Dites adieu aux \u00e9chelles instables et peu fiables et bonjour \u00e0 la commodit\u00e9 et \u00e0 la tranquillit\u00e9 d&rsquo;esprit. Mettez la main sur cette \u00e9chelle en aluminium 3 marches d\u00e8s aujourd&rsquo;hui et \u00e9levez vos projets d&rsquo;am\u00e9lioration de l&rsquo;habitat \u00e0 de nouveaux sommets.<\/p>\n<\/div>\n<p>L&rsquo;<strong>\u00c9chelle \u00e0 3 Marches Blanche<\/strong> est un outil polyvalent et \u00e9l\u00e9gant, id\u00e9al pour les t\u00e2ches domestiques et professionnelles. Con\u00e7ue pour allier fonctionnalit\u00e9 et esth\u00e9tique, elle offre une stabilit\u00e9 et une s\u00e9curit\u00e9 optimales gr\u00e2ce \u00e0 ses marches antid\u00e9rapantes et \u00e0 sa structure robuste en m\u00e9tal ou en aluminium. Sa finition blanche moderne s\u2019int\u00e8gre parfaitement dans tout type d\u2019environnement, qu\u2019il s\u2019agisse d\u2019un usage \u00e0 domicile, au bureau ou dans un atelier.<\/p>\n<p>L\u00e9g\u00e8re et facile \u00e0 transporter, cette \u00e9chelle pliable se range ais\u00e9ment dans des espaces restreints, ce qui en fait un choix pratique pour les petits espaces. Elle est parfaite pour atteindre des \u00e9tag\u00e8res hautes, peindre des murs, ou effectuer des travaux de bricolage. Sa capacit\u00e9 de charge standard et son design ergonomique garantissent un confort d&rsquo;utilisation.<\/p>\n<p>En investissant dans cette \u00e9chelle, vous b\u00e9n\u00e9ficiez d\u2019un produit fiable, durable et esth\u00e9tique, indispensable pour une utilisation quotidienne.<\/p>\n<\/div>\n<\/div>\n<\/div>\n<\/div>\n<\/div>\n<\/div>\n<\/div>\n<\/div>\n<\/div>\n<\/div>\n<\/div>\n<\/div>\n","protected":false},"excerpt":{"rendered":"<p id=\"title\" class=\"a-size-large a-spacing-none\" style=\"text-align: center;\">ISOP \u00c9chelle \u00e0 3 Marches Blanche | \u00c9chelle Pliante | Marchepied Large Antid\u00e9rapant | \u00c9chelle Stable de 220 kg | L\u00e9ger, Portable, Compact \u2013 \u00c9chelle \u00e0 3 Marches<\/p>\n<p style=\"text-align: center;\">LIVRAISON GRATUITE SOUS 3 \u00c0 7 JOURS<\/p>\n<h4 style=\"text-align: center;\"><strong>ACHETEZ-LE SUR<\/strong><\/h4>\n<h4 style=\"text-align: center;\"><a href=\"https:\/\/www.amazon.com.be\/dp\/B0D4HL355J\/ref=sr_1_1?crid=3VXJLAWQNE5WQ&amp;dib=eyJ2IjoiMSJ9.SLKUS8iuUuowP98pldU-Hw.zxmBtDznE1MUPChH9oF14v8rvp8Ly6m2W3yFwovFBeA&amp;dib_tag=se&amp;keywords=ISOP%20%C3%89chelle%20Pliante%20en%20Aluminium&amp;qid=1723477934&amp;s=home-improvement&amp;sprefix=b0d4hmfykp%2Chome-improvement%2C185&amp;sr=1-1&amp;th=1\"><img loading=\"lazy\" decoding=\"async\" class=\"aligncenter wp-image-1040 size-full\" src=\"https:\/\/isopllc.com\/be\/wp-content\/uploads\/sites\/15\/2020\/01\/amazon-button9.png\" alt=\"\" width=\"160\" height=\"59\" \/><\/a><\/h4>\n","protected":false},"featured_media":5159,"comment_status":"open","ping_status":"closed","template":"","meta":[],"product_brand":[],"product_cat":[175],"product_tag":[138,139,101,41,49,40,39],"class_list":{"0":"post-5164","1":"product","2":"type-product","3":"status-publish","4":"has-post-thumbnail","6":"product_cat-escabeaux","7":"product_tag-3-marches","8":"product_tag-blanche","9":"product_tag-echelle","10":"product_tag-equipement","11":"product_tag-isop","12":"product_tag-protection","13":"product_tag-securite","15":"first","16":"instock","17":"shipping-taxable","18":"purchasable","19":"product-type-simple"},"_links":{"self":[{"href":"https:\/\/isopllc.com\/be\/wp-json\/wp\/v2\/product\/5164","targetHints":{"allow":["GET"]}}],"collection":[{"href":"https:\/\/isopllc.com\/be\/wp-json\/wp\/v2\/product"}],"about":[{"href":"https:\/\/isopllc.com\/be\/wp-json\/wp\/v2\/types\/product"}],"replies":[{"embeddable":true,"href":"https:\/\/isopllc.com\/be\/wp-json\/wp\/v2\/comments?post=5164"}],"wp:featuredmedia":[{"embeddable":true,"href":"https:\/\/isopllc.com\/be\/wp-json\/wp\/v2\/media\/5159"}],"wp:attachment":[{"href":"https:\/\/isopllc.com\/be\/wp-json\/wp\/v2\/media?parent=5164"}],"wp:term":[{"taxonomy":"product_brand","embeddable":true,"href":"https:\/\/isopllc.com\/be\/wp-json\/wp\/v2\/product_brand?post=5164"},{"taxonomy":"product_cat","embeddable":true,"href":"https:\/\/isopllc.com\/be\/wp-json\/wp\/v2\/product_cat?post=5164"},{"taxonomy":"product_tag","embeddable":true,"href":"https:\/\/isopllc.com\/be\/wp-json\/wp\/v2\/product_tag?post=5164"}],"curies":[{"name":"wp","href":"https:\/\/api.w.org\/{rel}","templated":true}]}}