{"id":5192,"date":"2024-12-23T17:03:16","date_gmt":"2024-12-23T17:03:16","guid":{"rendered":"https:\/\/isopllc.com\/be\/?post_type=product&#038;p=5192"},"modified":"2025-08-10T09:44:11","modified_gmt":"2025-08-10T09:44:11","slug":"echelle-de-secours-4-etages-de-15-m","status":"publish","type":"product","link":"https:\/\/isopllc.com\/be\/product\/echelle-de-secours-4-etages-de-15-m\/","title":{"rendered":"\u00c9chelle de secours 4 \u00e9tages de 15 m | Rope Access Pour \u00c9vacuation Rapide et S\u00e9curis\u00e9e"},"content":{"rendered":"<div class=\"celwidget aplus-module module-4 aplus-standard\" data-csa-c-id=\"50qscj-nsntqj-fluarl-124tzy\" data-cel-widget=\"aplus-module-4\">\n<div class=\"a-expander-collapsed-height a-row a-expander-container a-expander-partial-collapse-container\" data-a-expander-name=\"aplus-module-expander\" data-a-expander-collapsed-height=\"700\">\n<div class=\"a-expander-content a-expander-partial-collapse-content\">\n<div class=\"aplus-module-wrapper apm-fixed-width\">\n<div class=\"apm-spacing\">\n<div class=\"apm-floatleft apm-fixed-width\">\n<h2 id=\"title\" class=\"a-size-large a-spacing-none\"><span id=\"productTitle\" class=\"a-size-large product-title-word-break\">\u00c9chelle de secours 4 \u00e9tages de 15 m | \u00c9chelle en corde de s\u00e9curit\u00e9 multifonction et r\u00e9sistante aux intemp\u00e9ries | \u00c9chelle en toile avec crochets \u00e0 ressort | L\u00e9ger, compact et portable<\/span><\/h2>\n<h3 class=\"a-spacing-small\">12 raisons pour lesquelles nous choisir<\/h3>\n<p><img decoding=\"async\" class=\"\" src=\"https:\/\/m.media-amazon.com\/images\/S\/aplus-media\/sc\/0484a226-8be6-4965-8b8a-062de5498c97.__CR0,0,600,600_PT0_SX220_V1___.jpg\" alt=\"Poids l\u00e9ger\" data-src=\"https:\/\/m.media-amazon.com\/images\/S\/aplus-media\/sc\/0484a226-8be6-4965-8b8a-062de5498c97.__CR0,0,600,600_PT0_SX220_V1___.jpg\" \/><\/p>\n<h4 class=\"a-spacing-mini\">Poids l\u00e9ger<\/h4>\n<p class=\"a-size-small\">C&rsquo;est l&rsquo;\u00e9chelle la plus l\u00e9g\u00e8re disponible sur le march\u00e9. Le poids d&rsquo;une \u00e9chelle de 3 m n&rsquo;est que de 1 kg.<\/p>\n<p><img loading=\"lazy\" decoding=\"async\" class=\"\" src=\"https:\/\/m.media-amazon.com\/images\/S\/aplus-media\/sc\/74a6e3c1-c8e9-4370-82e8-2ece837c08f7.__CR0,0,1000,1000_PT0_SX220_V1___.jpg\" alt=\"Fort et stable\" width=\"220\" height=\"220\" data-src=\"https:\/\/m.media-amazon.com\/images\/S\/aplus-media\/sc\/74a6e3c1-c8e9-4370-82e8-2ece837c08f7.__CR0,0,1000,1000_PT0_SX220_V1___.jpg\" \/><\/p>\n<h4 class=\"a-spacing-mini\">Fort et stable<\/h4>\n<p class=\"a-size-small\">L&rsquo;un des grands avantages de notre \u00e9chelle en sangle de sauvetage est que les principales sangles en nylon sont int\u00e9gr\u00e9es de bas en haut et ne sont pas constitu\u00e9es de pi\u00e8ces cousues comme par exemple les \u00e9chelles \u00ab\u00a0kidde\u00a0\u00bb ou \u00ab\u00a0premi\u00e8re alerte\u00a0\u00bb, par cons\u00e9quent, elle est exceptionnellement robuste.\u00a0De plus, les mat\u00e9riaux utilis\u00e9s pour les \u00e9chelons tels que la fibre de verre et la fibre de basalte rendent cette \u00e9chelle \u00e0 sangles beaucoup plus solide que les \u00e9chelles jetables en aluminium.<\/p>\n<p><img decoding=\"async\" class=\"\" src=\"https:\/\/m.media-amazon.com\/images\/S\/aplus-media\/sc\/a31e0885-9da9-4fe2-a571-e1558cab0393.__CR0,0,600,600_PT0_SX220_V1___.jpg\" alt=\"Sans enchev\u00eatrement\" data-src=\"https:\/\/m.media-amazon.com\/images\/S\/aplus-media\/sc\/a31e0885-9da9-4fe2-a571-e1558cab0393.__CR0,0,600,600_PT0_SX220_V1___.jpg\" \/><\/p>\n<h4 class=\"a-spacing-mini\">Sans enchev\u00eatrement<\/h4>\n<p class=\"a-size-small\">Nos \u00e9chelles en sangle sont faciles \u00e0 ranger dans le sac de rangement apr\u00e8s utilisation.<\/p>\n<p class=\"a-size-small\">Aucun enchev\u00eatrement lors de l&rsquo;assemblage.<\/p>\n<div class=\"apm-spacing\"><img loading=\"lazy\" decoding=\"async\" class=\"alignnone wp-image-5183\" src=\"https:\/\/isopllc.com\/be\/wp-content\/uploads\/sites\/15\/2021\/07\/Black-ladder-dimencions-300x300.jpg\" alt=\"\u00c9chelle de Secours\" width=\"209\" height=\"209\" srcset=\"https:\/\/isopllc.com\/be\/wp-content\/uploads\/sites\/15\/2021\/07\/Black-ladder-dimencions-300x300.jpg 300w, https:\/\/isopllc.com\/be\/wp-content\/uploads\/sites\/15\/2021\/07\/Black-ladder-dimencions-150x150.jpg 150w, https:\/\/isopllc.com\/be\/wp-content\/uploads\/sites\/15\/2021\/07\/Black-ladder-dimencions-768x768.jpg 768w, https:\/\/isopllc.com\/be\/wp-content\/uploads\/sites\/15\/2021\/07\/Black-ladder-dimencions-416x416.jpg 416w, https:\/\/isopllc.com\/be\/wp-content\/uploads\/sites\/15\/2021\/07\/Black-ladder-dimencions-100x100.jpg 100w, https:\/\/isopllc.com\/be\/wp-content\/uploads\/sites\/15\/2021\/07\/Black-ladder-dimencions.jpg 800w\" sizes=\"auto, (max-width: 209px) 100vw, 209px\" \/><\/div>\n<div><\/div>\n<\/div>\n<\/div>\n<\/div>\n<div>\n<h4 class=\"a-spacing-mini\">Longueur<\/h4>\n<p class=\"a-size-small\">Nos \u00e9chelles en sangle de sauvetage peuvent \u00eatre assembl\u00e9es pour une longueur accrue.<\/p>\n<p><img decoding=\"async\" class=\"\" style=\"font-weight: 600;\" src=\"https:\/\/m.media-amazon.com\/images\/S\/aplus-media\/sc\/6625ab17-5247-415b-a353-7a0e3ca2bb1d.__CR0,0,1000,1000_PT0_SX220_V1___.jpg\" alt=\"R\u00e9sistant aux intemp\u00e9ries\" data-src=\"https:\/\/m.media-amazon.com\/images\/S\/aplus-media\/sc\/6625ab17-5247-415b-a353-7a0e3ca2bb1d.__CR0,0,1000,1000_PT0_SX220_V1___.jpg\" \/><\/p>\n<h4 class=\"a-spacing-mini\">R\u00e9sistant aux intemp\u00e9ries<\/h4>\n<p class=\"a-size-small\">Le mat\u00e9riau lui-m\u00eame est une sangle en polyester, ainsi que des fils coll\u00e9s en nylon UV professionnels, qui offrent une r\u00e9sistance \u00e0 toutes les intemp\u00e9ries, m\u00eame dans l&rsquo;eau.\u00a0Par cons\u00e9quent, ils peuvent \u00eatre utilis\u00e9s comme \u00e9chelle de bateau ou \u00e9chelle marine.\u00a0Faible capacit\u00e9 d&rsquo;absorption d&rsquo;humidit\u00e9, r\u00e9sistant \u00e0 l&rsquo;abrasion, r\u00e9sistant aux dommages caus\u00e9s par l&rsquo;huile et de nombreux produits chimiques, doux et \u00e0 s\u00e9chage rapide.<\/p>\n<p><img decoding=\"async\" class=\"\" src=\"https:\/\/m.media-amazon.com\/images\/S\/aplus-media\/sc\/b1929708-9dad-44c2-a6ed-070474464c51.__CR0,0,1000,1000_PT0_SX220_V1___.jpg\" alt=\"Compact\" data-src=\"https:\/\/m.media-amazon.com\/images\/S\/aplus-media\/sc\/b1929708-9dad-44c2-a6ed-070474464c51.__CR0,0,1000,1000_PT0_SX220_V1___.jpg\" \/><\/p>\n<h4 class=\"a-spacing-mini\">Compact<\/h4>\n<p class=\"a-size-small\">Vous ne pouvez pas imaginer des \u00e9chelles plus compactes.\u00a0L&rsquo;\u00e9chelle enti\u00e8re tient dans votre paume.\u00a0Ils ne prennent pas beaucoup de place, peuvent \u00eatre rang\u00e9s n&rsquo;importe o\u00f9 comme sous le lit dans la chambre, sur le balcon et sur le toit.<\/p>\n<p><img decoding=\"async\" class=\"\" src=\"https:\/\/m.media-amazon.com\/images\/S\/aplus-media\/sc\/91d8e70e-82c2-457c-9c48-019a2fbff56a.__CR1282,342,714,714_PT0_SX220_V1___.png\" alt=\"Multifonctionnalit\u00e9\" data-src=\"https:\/\/m.media-amazon.com\/images\/S\/aplus-media\/sc\/91d8e70e-82c2-457c-9c48-019a2fbff56a.__CR1282,342,714,714_PT0_SX220_V1___.png\" \/><\/p>\n<h4 class=\"a-spacing-mini\">Barreaux antid\u00e9rapants<\/h4>\n<p class=\"a-size-small\">Le mat\u00e9riau de la sangle est connu pour \u00eatre beaucoup moins glissant que tout autre mat\u00e9riau dur tel que l&rsquo;aluminium, le m\u00e9tal ou le plastique.<\/p>\n<\/div>\n<\/div>\n<\/div>\n<\/div>\n<div class=\"celwidget aplus-module module-4 aplus-standard\" data-csa-c-id=\"g1sz5y-85s18u-4a69wq-q2zaeh\" data-cel-widget=\"aplus-module-4\">\n<div class=\"a-expander-collapsed-height a-row a-expander-container a-expander-partial-collapse-container\" data-a-expander-name=\"aplus-module-expander\" data-a-expander-collapsed-height=\"700\">\n<div class=\"a-expander-content a-expander-partial-collapse-content\">\n<div class=\"aplus-module-wrapper apm-fixed-width\">\n<div class=\"apm-spacing\">\n<div class=\"apm-floatleft apm-fixed-width\">\n<div class=\"apm-spacing\">\n<div class=\"apm-spacing\"><img decoding=\"async\" class=\"\" src=\"https:\/\/m.media-amazon.com\/images\/S\/aplus-media-library-service-media\/bc97ce2b-ad5a-488d-ae16-2dc4054da697.__CR0,0,1906,1906_PT0_SX220_V1___.jpeg\" alt=\"Multi-purpose\" data-src=\"https:\/\/m.media-amazon.com\/images\/S\/aplus-media-library-service-media\/bc97ce2b-ad5a-488d-ae16-2dc4054da697.__CR0,0,1906,1906_PT0_SX220_V1___.jpeg\" \/><\/div>\n<div><\/div>\n<div>\n<h4 class=\"a-spacing-mini\">Polyvalente<\/h4>\n<p>L&rsquo;\u00e9chelle \u00e0 sangles ISOP peut \u00eatre utilis\u00e9e pour l&rsquo;\u00e9vacuation en cas d&rsquo;incendie, pour les urgences ainsi que pour les enfants dans l&rsquo;aire de jeux ou pour une cabane dans les arbres. C&rsquo;est une \u00e9chelle id\u00e9ale pour les yachts, les navires et les bateaux. Super l\u00e9g\u00e8re, super solide et r\u00e9sistante \u00e0 l&rsquo;eau, elle est irrempla\u00e7able sur un voilier.<\/p>\n<p>Cette \u00e9chelle est \u00e9galement id\u00e9ale pour les puits et les grottes.<\/p>\n<\/div>\n<\/div>\n<\/div>\n<\/div>\n<\/div>\n<div><img decoding=\"async\" class=\"\" style=\"font-weight: 600;\" src=\"https:\/\/m.media-amazon.com\/images\/S\/aplus-media\/sc\/0ce14b90-f644-4e71-9958-a603ab85be7a.__CR0,0,800,800_PT0_SX220_V1___.jpg\" alt=\"Mousquetons\" data-src=\"https:\/\/m.media-amazon.com\/images\/S\/aplus-media\/sc\/0ce14b90-f644-4e71-9958-a603ab85be7a.__CR0,0,800,800_PT0_SX220_V1___.jpg\" \/><\/div>\n<div>\n<h4 class=\"a-spacing-mini\">Mousquetons<\/h4>\n<p class=\"a-size-small\">Mousquetons professionnels chrom\u00e9s 11kn inclus.<\/p>\n<\/div>\n<div><img decoding=\"async\" class=\"\" src=\"https:\/\/m.media-amazon.com\/images\/S\/aplus-media\/sc\/91fd5669-769f-4880-a4f6-2c1fa7823109.__CR130,0,720,720_PT0_SX220_V1___.png\" alt=\"Sac \u00e9tanche\" data-src=\"https:\/\/m.media-amazon.com\/images\/S\/aplus-media\/sc\/91fd5669-769f-4880-a4f6-2c1fa7823109.__CR130,0,720,720_PT0_SX220_V1___.png\" \/><\/div>\n<div>\n<h4 class=\"a-spacing-mini\">Sac \u00e9tanche<\/h4>\n<p class=\"a-size-small\">Un sac de plage design cool est inclus dans l&rsquo;ensemble.<\/p>\n<\/div>\n<\/div>\n<\/div>\n<\/div>\n<div class=\"celwidget aplus-module module-4 aplus-standard\" data-csa-c-id=\"4avcfx-8eklsy-kt15jf-se1w13\" data-cel-widget=\"aplus-module-4\">\n<div class=\"a-expander-collapsed-height a-row a-expander-container a-expander-partial-collapse-container\" data-a-expander-name=\"aplus-module-expander\" data-a-expander-collapsed-height=\"700\">\n<div class=\"a-expander-content a-expander-partial-collapse-content\">\n<div class=\"aplus-module-wrapper apm-fixed-width\">\n<div class=\"apm-spacing\">\n<div class=\"apm-floatleft apm-fixed-width\">\n<div class=\"apm-spacing\">Tailles \u00e9galement disponibles :<br \/>\n<strong><a href=\"https:\/\/isopllc.com\/be\/product\/echelle-pour-enfants-2-m\/\">2 m<\/a>\u00a0 |\u00a0 <a href=\"https:\/\/isopllc.com\/be\/product\/echelle-dextension-3-m\/\">3 m<\/a>\u00a0 |\u00a0 <a href=\"https:\/\/isopllc.com\/be\/product\/echelle-de-toit-4-m\/\">4 m\u00a0<\/a> |\u00a0<a href=\"https:\/\/isopllc.com\/be\/product\/echelle-devacuation-durgence-5-m\/\"> 5 m<\/a>\u00a0 |\u00a0 <a href=\"https:\/\/isopllc.com\/be\/product\/echelle-de-secours-incendie-3-etage\/\">8 m<\/a>\u00a0 |<a href=\"https:\/\/isopllc.com\/be\/product\/echelle-durgence-4-etages-10-m\/\"> 10 m\u00a0\u00a0<\/a><\/strong><\/div>\n<\/div>\n<\/div>\n<\/div>\n<\/div>\n<\/div>\n<\/div>\n","protected":false},"excerpt":{"rendered":"[embed]https:\/\/youtu.be\/ds0NrYq7vck[\/embed]\n<p id=\"title\" class=\"a-size-large a-spacing-none\" style=\"text-align: center;\"><span id=\"productTitle\" class=\"a-size-large product-title-word-break\">\u00c9chelle de secours 4 \u00e9tages de 15 m | \u00c9chelle en corde de s\u00e9curit\u00e9 multifonction et r\u00e9sistante aux intemp\u00e9ries | \u00c9chelle en toile avec crochets \u00e0 ressort | L\u00e9ger, compact et portable<\/span><\/p>\n<p style=\"text-align: center;\"><span style=\"vertical-align: inherit;\">LIVRAISON GRATUITE SOUS 3-7 JOURS<\/span><\/p>\n<h4 style=\"text-align: center;\"><strong><span style=\"vertical-align: inherit;\">ACHETER SUR<\/span><\/strong><\/h4>\n<p style=\"text-align: center;\"><a href=\"https:\/\/www.amazon.com.be\/dp\/B0D9VSW3Z3\/ref=sr_1_1?crid=20VY9062140L6&amp;dib=eyJ2IjoiMSJ9.veqsWJ_gH0fhZNEr0PazUw.C1EBKbMpBm7mJTJg5XfeTlGI3U_WFYR0kLEKNwz06CA&amp;dib_tag=se&amp;keywords=%C3%89chelle+en+corde+de+s%C3%A9curit%C3%A9+multifonction+et+r%C3%A9sistante+aux+intemp%C3%A9ries&amp;qid=1734973262&amp;s=home&amp;sprefix=b08nzm8v7z%2Ckitchen%2C201&amp;sr=1-1&amp;th=1\"><img loading=\"lazy\" decoding=\"async\" class=\"aligncenter wp-image-1040 size-full\" src=\"https:\/\/isopllc.com\/be\/wp-content\/uploads\/sites\/15\/2020\/01\/amazon-button9.png\" alt=\"\" width=\"160\" height=\"59\" \/><\/a><\/p>\n<p>&nbsp;<\/p>\n","protected":false},"featured_media":5193,"comment_status":"open","ping_status":"closed","template":"","meta":[],"product_brand":[],"product_cat":[182,185],"product_tag":[62,41,72,40,39],"class_list":{"0":"post-5192","1":"product","2":"type-product","3":"status-publish","4":"has-post-thumbnail","6":"product_cat-echelles-de-secours","7":"product_cat-echelles-de-secours-a-4-niveaux","8":"product_tag-echelle-de-secours","9":"product_tag-equipement","10":"product_tag-incendie","11":"product_tag-protection","12":"product_tag-securite","14":"first","15":"instock","16":"shipping-taxable","17":"purchasable","18":"product-type-simple"},"_links":{"self":[{"href":"https:\/\/isopllc.com\/be\/wp-json\/wp\/v2\/product\/5192","targetHints":{"allow":["GET"]}}],"collection":[{"href":"https:\/\/isopllc.com\/be\/wp-json\/wp\/v2\/product"}],"about":[{"href":"https:\/\/isopllc.com\/be\/wp-json\/wp\/v2\/types\/product"}],"replies":[{"embeddable":true,"href":"https:\/\/isopllc.com\/be\/wp-json\/wp\/v2\/comments?post=5192"}],"wp:featuredmedia":[{"embeddable":true,"href":"https:\/\/isopllc.com\/be\/wp-json\/wp\/v2\/media\/5193"}],"wp:attachment":[{"href":"https:\/\/isopllc.com\/be\/wp-json\/wp\/v2\/media?parent=5192"}],"wp:term":[{"taxonomy":"product_brand","embeddable":true,"href":"https:\/\/isopllc.com\/be\/wp-json\/wp\/v2\/product_brand?post=5192"},{"taxonomy":"product_cat","embeddable":true,"href":"https:\/\/isopllc.com\/be\/wp-json\/wp\/v2\/product_cat?post=5192"},{"taxonomy":"product_tag","embeddable":true,"href":"https:\/\/isopllc.com\/be\/wp-json\/wp\/v2\/product_tag?post=5192"}],"curies":[{"name":"wp","href":"https:\/\/api.w.org\/{rel}","templated":true}]}}