{"id":5268,"date":"2025-04-16T08:51:25","date_gmt":"2025-04-16T08:51:25","guid":{"rendered":"https:\/\/isopllc.com\/be\/?post_type=product&#038;p=5268"},"modified":"2025-07-22T08:00:27","modified_gmt":"2025-07-22T08:00:27","slug":"echelle-de-secours-exterieure-murale-8m","status":"publish","type":"product","link":"https:\/\/isopllc.com\/be\/product\/echelle-de-secours-exterieure-murale-8m\/","title":{"rendered":"Echelle de Secours ext\u00e9rieure Murale 8m | Id\u00e9ale pour \u00c9vacuation Rapide et S\u00e9curis\u00e9e"},"content":{"rendered":"<h2 id=\"title\" class=\"a-size-large a-spacing-none\"><span id=\"productTitle\" class=\"a-size-large product-title-word-break\">Echelle de Secours ext\u00e9rieure Murale pour Maison \u00e0 3 \u00e9tages 8m | \u00c9chelle Anti-feu \u00e9tanche | \u00c9chelle d&rsquo;urgence Fixe install\u00e9e \u00e0 Une fen\u00eatre ou Un Balcon pr\u00eate pour l&rsquo;\u00e9vacuation<\/span><\/h2>\n<div class=\"celwidget aplus-module premium-module-4-two-column-images aplus-premium\" data-csa-c-id=\"15yl7x-eio1n0-m9lh6n-socwzs\" data-cel-widget=\"aplus-premium-module-4-two-column-images\">\n<div class=\"a-section a-spacing-none premium-aplus premium-aplus-module-4 aplus-container-1\">\n<div class=\"a-section a-spacing-none premium-aplus-two-column\">\n<div class=\"a-section a-spacing-none premium-aplus-column\">\n<div class=\"a-section a-spacing-none column-description\">\n<div class=\"celwidget aplus-module module-9 aplus-standard\">\n<div class=\"aplus-module-wrapper\">\n<div class=\"\">\n<h3 class=\"a-spacing-small\">Nous vous pr\u00e9sentons une Echelle de Secours ext\u00e9rieure Murale pour Maison \u00e0 3 \u00e9tages, de la marque <a href=\"https:\/\/isopllc.com\/\">ISOP<\/a>, qui r\u00e9sout plusieurs probl\u00e8mes rencontr\u00e9s dans presque toutes les \u00e9chelles de secours sur le march\u00e9 !<\/h3>\n<\/div>\n<\/div>\n<\/div>\n<\/div>\n<\/div>\n<\/div>\n<\/div>\n<\/div>\n<div class=\"celwidget aplus-module premium-module-4-two-column-images aplus-premium\" data-csa-c-id=\"15yl7x-eio1n0-m9lh6n-socwzs\" data-cel-widget=\"aplus-premium-module-4-two-column-images\">\n<div class=\"a-section a-spacing-none premium-aplus premium-aplus-module-4 aplus-container-1\">\n<div class=\"a-section a-spacing-none premium-aplus-two-column\">\n<div class=\"a-section a-spacing-none premium-aplus-column\">\n<div class=\"a-section a-spacing-none column-description\">\n<div class=\"celwidget aplus-module module-9 aplus-standard\">\n<div class=\"aplus-module-wrapper\">\n<div class=\"\">\n<p><img loading=\"lazy\" decoding=\"async\" class=\"size-medium wp-image-5256\" src=\"https:\/\/isopllc.com\/be\/wp-content\/uploads\/sites\/15\/2025\/04\/wall-mounted-ladder7-300x300.jpg\" alt=\"\u00c9chelle de Secours permanente\" width=\"300\" height=\"300\" srcset=\"https:\/\/isopllc.com\/be\/wp-content\/uploads\/sites\/15\/2025\/04\/wall-mounted-ladder7-300x300.jpg 300w, https:\/\/isopllc.com\/be\/wp-content\/uploads\/sites\/15\/2025\/04\/wall-mounted-ladder7-150x150.jpg 150w, https:\/\/isopllc.com\/be\/wp-content\/uploads\/sites\/15\/2025\/04\/wall-mounted-ladder7-416x416.jpg 416w, https:\/\/isopllc.com\/be\/wp-content\/uploads\/sites\/15\/2025\/04\/wall-mounted-ladder7-100x100.jpg 100w, https:\/\/isopllc.com\/be\/wp-content\/uploads\/sites\/15\/2025\/04\/wall-mounted-ladder7.jpg 500w\" sizes=\"auto, (max-width: 300px) 100vw, 300px\" \/><\/p>\n<p class=\"a-spacing-base\">Vitesse et Simplicit\u00e9 \u2013 L&rsquo;Echelle de Secours ext\u00e9rieure Murale est fix\u00e9e de mani\u00e8re permanente au mur, \u00e0 l&rsquo;int\u00e9rieur ou \u00e0 l&rsquo;ext\u00e9rieur de l&rsquo;appartement, et est toujours pr\u00eate \u00e0 l&#8217;emploi. Notre \u00e9chelle d&rsquo;urgence se d\u00e9ploie d&rsquo;un seul mouvement de la main en seulement 1 seconde ! Aucune autre \u00e9chelle de secours incendie sur le march\u00e9 n&rsquo;offre un acc\u00e8s aussi imm\u00e9diat pour \u00e9chapper \u00e0 une pi\u00e8ce enflamm\u00e9e. Toutes les autres \u00e9chelles de secours doivent \u00eatre sorties d&rsquo;un sac ou d&rsquo;une bo\u00eete, fix\u00e9es solidement \u00e0 quelque chose, jet\u00e9es par la fen\u00eatre, et seulement ensuite la descente peut commencer &#8211; tout cela en fum\u00e9e, dans la panique et \u00e9ventuellement dans l&rsquo;obscurit\u00e9 totale.<\/p>\n<p class=\"a-text-center\"><img loading=\"lazy\" decoding=\"async\" class=\"alignnone size-medium wp-image-5037\" src=\"https:\/\/isopllc.com\/be\/wp-content\/uploads\/sites\/15\/2023\/12\/wall-rungs-10_2-300x279.jpg\" alt=\"\u00e9chelons muraux\" width=\"300\" height=\"279\" srcset=\"https:\/\/isopllc.com\/be\/wp-content\/uploads\/sites\/15\/2023\/12\/wall-rungs-10_2-300x279.jpg 300w, https:\/\/isopllc.com\/be\/wp-content\/uploads\/sites\/15\/2023\/12\/wall-rungs-10_2-768x714.jpg 768w, https:\/\/isopllc.com\/be\/wp-content\/uploads\/sites\/15\/2023\/12\/wall-rungs-10_2-416x387.jpg 416w, https:\/\/isopllc.com\/be\/wp-content\/uploads\/sites\/15\/2023\/12\/wall-rungs-10_2.jpg 900w\" sizes=\"auto, (max-width: 300px) 100vw, 300px\" \/><\/p>\n<p class=\"a-spacing-base\">Stabilit\u00e9 \u2013 Elle est exceptionnellement stable car elle poss\u00e8de des supports qui l&#8217;emp\u00eachent d&rsquo;\u00eatre trop proche du mur, la rendant aussi stable qu&rsquo;une \u00e9chelle en fer mont\u00e9e de fa\u00e7on permanente. Elle ne tangue pas dans toutes les directions comme une \u00e9chelle en corde bon march\u00e9 typique. Gain de Place \u2013 Elle ne prend pas de place \u00e0 l&rsquo;int\u00e9rieur de l&rsquo;appartement car elle peut \u00eatre mont\u00e9e sur le mur ext\u00e9rieur sous une fen\u00eatre ou un balcon.<\/p>\n<p class=\"a-text-center\"><img loading=\"lazy\" decoding=\"async\" class=\"alignnone size-full wp-image-5263\" src=\"https:\/\/isopllc.com\/be\/wp-content\/uploads\/sites\/15\/2025\/04\/wall-mounted-ladder9.jpeg\" alt=\"\" width=\"300\" height=\"300\" srcset=\"https:\/\/isopllc.com\/be\/wp-content\/uploads\/sites\/15\/2025\/04\/wall-mounted-ladder9.jpeg 300w, https:\/\/isopllc.com\/be\/wp-content\/uploads\/sites\/15\/2025\/04\/wall-mounted-ladder9-150x150.jpeg 150w, https:\/\/isopllc.com\/be\/wp-content\/uploads\/sites\/15\/2025\/04\/wall-mounted-ladder9-100x100.jpeg 100w\" sizes=\"auto, (max-width: 300px) 100vw, 300px\" \/><\/p>\n<p class=\"a-spacing-base\">Imperm\u00e9able \u2013 Fabriqu\u00e9e enti\u00e8rement \u00e0 partir de mat\u00e9riaux imperm\u00e9ables, elle ne faillira pas comme d&rsquo;autres \u00e9chelles de secours chez les concurrents. R\u00e9utilisable \u2013 \u00c9chelle suspendue con\u00e7ue pour plusieurs utilisations, tous les mat\u00e9riaux \u00e9tant super durables et test\u00e9s pour leur r\u00e9sistance. Anti-vol \u2013 Apr\u00e8s avoir descendu l&rsquo;\u00e9chelle de secours incendie \u00e0 deux \u00e9tages, vous pouvez la r\u00e9tracter, emp\u00eachant ainsi les voleurs de l&rsquo;utiliser.<\/p>\n<\/div>\n<\/div>\n<\/div>\n<div class=\"celwidget aplus-module module-9 aplus-standard\">\n<div class=\"aplus-module-wrapper\">\n<div class=\"\">\n<p class=\"a-text-center\"><img loading=\"lazy\" decoding=\"async\" class=\"alignnone size-medium wp-image-5207\" src=\"https:\/\/isopllc.com\/be\/wp-content\/uploads\/sites\/15\/2024\/05\/Echelle-de-Secours-300x300.png\" alt=\"\u00c9chelle de Secours\" width=\"300\" height=\"300\" srcset=\"https:\/\/isopllc.com\/be\/wp-content\/uploads\/sites\/15\/2024\/05\/Echelle-de-Secours-300x300.png 300w, https:\/\/isopllc.com\/be\/wp-content\/uploads\/sites\/15\/2024\/05\/Echelle-de-Secours-1024x1024.png 1024w, https:\/\/isopllc.com\/be\/wp-content\/uploads\/sites\/15\/2024\/05\/Echelle-de-Secours-150x150.png 150w, https:\/\/isopllc.com\/be\/wp-content\/uploads\/sites\/15\/2024\/05\/Echelle-de-Secours-768x768.png 768w, https:\/\/isopllc.com\/be\/wp-content\/uploads\/sites\/15\/2024\/05\/Echelle-de-Secours-1000x1000.png 1000w, https:\/\/isopllc.com\/be\/wp-content\/uploads\/sites\/15\/2024\/05\/Echelle-de-Secours-416x416.png 416w, https:\/\/isopllc.com\/be\/wp-content\/uploads\/sites\/15\/2024\/05\/Echelle-de-Secours-100x100.png 100w, https:\/\/isopllc.com\/be\/wp-content\/uploads\/sites\/15\/2024\/05\/Echelle-de-Secours.png 1080w\" sizes=\"auto, (max-width: 300px) 100vw, 300px\" \/><\/p>\n<p class=\"a-spacing-base\">Les Echelle de Secours ext\u00e9rieure Murale pour Maison \u00e0 3 \u00e9tages sont imperm\u00e9ables et r\u00e9sistantes aux intemp\u00e9ries, exceptionnellement stables gr\u00e2ce \u00e0 des supports, et peuvent supporter jusqu&rsquo;\u00e0 200 kg. L&rsquo;\u00e9chelle de secours murale est fix\u00e9e au mur, avec seulement le premier \u00e9chelon fix\u00e9, tandis que le reste se d\u00e9ploie facilement et peut \u00eatre r\u00e9tract\u00e9. Cela vous permet de l&rsquo;utiliser sans perdre de pr\u00e9cieuses secondes lors d&rsquo;une urgence incendie.<\/p>\n<p class=\"a-text-center\"><img loading=\"lazy\" decoding=\"async\" class=\"alignnone size-medium wp-image-5249\" src=\"https:\/\/isopllc.com\/be\/wp-content\/uploads\/sites\/15\/2025\/03\/wall-mounted-ladder4-1-300x300.jpg\" alt=\"\u00e0 l\u2019\u00e9preuve du feu\" width=\"300\" height=\"300\" srcset=\"https:\/\/isopllc.com\/be\/wp-content\/uploads\/sites\/15\/2025\/03\/wall-mounted-ladder4-1-300x300.jpg 300w, https:\/\/isopllc.com\/be\/wp-content\/uploads\/sites\/15\/2025\/03\/wall-mounted-ladder4-1-1024x1024.jpg 1024w, https:\/\/isopllc.com\/be\/wp-content\/uploads\/sites\/15\/2025\/03\/wall-mounted-ladder4-1-150x150.jpg 150w, https:\/\/isopllc.com\/be\/wp-content\/uploads\/sites\/15\/2025\/03\/wall-mounted-ladder4-1-768x768.jpg 768w, https:\/\/isopllc.com\/be\/wp-content\/uploads\/sites\/15\/2025\/03\/wall-mounted-ladder4-1-1000x1000.jpg 1000w, https:\/\/isopllc.com\/be\/wp-content\/uploads\/sites\/15\/2025\/03\/wall-mounted-ladder4-1-416x416.jpg 416w, https:\/\/isopllc.com\/be\/wp-content\/uploads\/sites\/15\/2025\/03\/wall-mounted-ladder4-1-100x100.jpg 100w, https:\/\/isopllc.com\/be\/wp-content\/uploads\/sites\/15\/2025\/03\/wall-mounted-ladder4-1.jpg 1200w\" sizes=\"auto, (max-width: 300px) 100vw, 300px\" \/><\/p>\n<p class=\"a-spacing-base\">\u00c9tant universelle, vous pouvez utiliser cette \u00e9chelle pour des urgences incendie n&rsquo;importe o\u00f9, que ce soit dans un puits, sur un toit, dans un bunker ou dans des b\u00e2timents de plusieurs \u00e9tages. Contrairement \u00e0 d&rsquo;autres \u00e9chelles permanentes pour urgences incendie, celles-ci ne peuvent pas \u00eatre utilis\u00e9es par des voleurs ; vous pouvez simplement les r\u00e9tracter une fois que vous avez descendu. Toutes les parties de l&rsquo;\u00e9chelle ext\u00e9rieure sont fabriqu\u00e9es \u00e0 partir de mat\u00e9riaux anti-corrosifs, comme l&rsquo;acier inoxydable, et la sangle est confectionn\u00e9e \u00e0 partir d&rsquo;un mat\u00e9riau rare et imperm\u00e9able.<\/p>\n<p class=\"a-text-center\"><img loading=\"lazy\" decoding=\"async\" class=\"alignnone size-full wp-image-5264\" src=\"https:\/\/isopllc.com\/be\/wp-content\/uploads\/sites\/15\/2025\/04\/wall-mounted-ladder10.jpeg\" alt=\"\" width=\"300\" height=\"300\" srcset=\"https:\/\/isopllc.com\/be\/wp-content\/uploads\/sites\/15\/2025\/04\/wall-mounted-ladder10.jpeg 300w, https:\/\/isopllc.com\/be\/wp-content\/uploads\/sites\/15\/2025\/04\/wall-mounted-ladder10-150x150.jpeg 150w, https:\/\/isopllc.com\/be\/wp-content\/uploads\/sites\/15\/2025\/04\/wall-mounted-ladder10-100x100.jpeg 100w\" sizes=\"auto, (max-width: 300px) 100vw, 300px\" \/><\/p>\n<p class=\"a-spacing-base\">Instructions d&rsquo;application :<\/p>\n<p class=\"a-spacing-base\">1) Fixez le premier \u00e9chelon \u00e0 un mur ext\u00e9rieur sous la fen\u00eatre (ou en option \u00e0 un mur int\u00e9rieur).<\/p>\n<p class=\"a-spacing-base\">2) Lors de l&rsquo;utilisation, d\u00e9pliez la couverture de sangle de s\u00e9curit\u00e9 et jetez l&rsquo;\u00e9chelle vers le bas.<\/p>\n<p class=\"a-spacing-base\">3) En utilisant les deux mains sur les \u00e9chelons, descendez lentement.<\/p>\n<p><img loading=\"lazy\" decoding=\"async\" class=\"alignnone size-full wp-image-5265\" src=\"https:\/\/isopllc.com\/be\/wp-content\/uploads\/sites\/15\/2025\/04\/wall-mounted-ladder11.jpeg\" alt=\"\" width=\"300\" height=\"300\" srcset=\"https:\/\/isopllc.com\/be\/wp-content\/uploads\/sites\/15\/2025\/04\/wall-mounted-ladder11.jpeg 300w, https:\/\/isopllc.com\/be\/wp-content\/uploads\/sites\/15\/2025\/04\/wall-mounted-ladder11-150x150.jpeg 150w, https:\/\/isopllc.com\/be\/wp-content\/uploads\/sites\/15\/2025\/04\/wall-mounted-ladder11-100x100.jpeg 100w\" sizes=\"auto, (max-width: 300px) 100vw, 300px\" \/><\/p>\n<\/div>\n<\/div>\n<\/div>\n<div class=\"celwidget aplus-module module-9 aplus-standard\">\n<div class=\"aplus-module-wrapper\">\n<div class=\"\">\n<p class=\"a-spacing-base\">Les Echelle de Secours ext\u00e9rieure Murale sont sans enchev\u00eatrement, compactes, r\u00e9utilisables, disponibles en diff\u00e9rentes longueurs, l\u00e9g\u00e8res, adapt\u00e9es pour l&rsquo;int\u00e9rieur et l&rsquo;ext\u00e9rieur, multifonctionnelles et durables. C&rsquo;est le meilleur choix pour la s\u00e9curit\u00e9 incendie de votre famille. Les \u00e9chelles fix\u00e9es en permanence pour l&rsquo;\u00e9vacuation sont une caract\u00e9ristique de s\u00e9curit\u00e9 critique con\u00e7ue pour fournir un moyen fiable et accessible d&rsquo;\u00e9vacuation lors d&rsquo;urgences incendie. Elles sont solidement fix\u00e9es \u00e0 une structure, garantissant qu&rsquo;elles sont toujours pr\u00eates \u00e0 l&#8217;emploi.<\/p>\n<p class=\"a-text-center\"><img loading=\"lazy\" decoding=\"async\" class=\"alignnone size-full wp-image-5266\" src=\"https:\/\/isopllc.com\/be\/wp-content\/uploads\/sites\/15\/2025\/04\/wall-mounted-ladder12.jpeg\" alt=\"\u00c9chelle Anti-feu\" width=\"300\" height=\"300\" srcset=\"https:\/\/isopllc.com\/be\/wp-content\/uploads\/sites\/15\/2025\/04\/wall-mounted-ladder12.jpeg 300w, https:\/\/isopllc.com\/be\/wp-content\/uploads\/sites\/15\/2025\/04\/wall-mounted-ladder12-150x150.jpeg 150w, https:\/\/isopllc.com\/be\/wp-content\/uploads\/sites\/15\/2025\/04\/wall-mounted-ladder12-100x100.jpeg 100w\" sizes=\"auto, (max-width: 300px) 100vw, 300px\" \/><\/p>\n<p class=\"a-spacing-base\">Utilisation r\u00e9sidentielle : Fournit une issue de secours pour les maisons, en particulier les b\u00e2timents de plusieurs \u00e9tages.<\/p>\n<p class=\"a-spacing-base\">B\u00e2timents commerciaux : Assure la conformit\u00e9 aux codes de s\u00e9curit\u00e9 incendie et facilite l&rsquo;\u00e9vacuation s\u00e9curis\u00e9e des employ\u00e9s et des visiteurs.<\/p>\n<p class=\"a-text-center\"><img loading=\"lazy\" decoding=\"async\" class=\"alignnone size-medium wp-image-5240\" src=\"https:\/\/isopllc.com\/be\/wp-content\/uploads\/sites\/15\/2025\/03\/4-2-1-300x300.png\" alt=\"Meilleures \u00c9chelles de Secours\" width=\"300\" height=\"300\" srcset=\"https:\/\/isopllc.com\/be\/wp-content\/uploads\/sites\/15\/2025\/03\/4-2-1-300x300.png 300w, https:\/\/isopllc.com\/be\/wp-content\/uploads\/sites\/15\/2025\/03\/4-2-1-1024x1024.png 1024w, https:\/\/isopllc.com\/be\/wp-content\/uploads\/sites\/15\/2025\/03\/4-2-1-150x150.png 150w, https:\/\/isopllc.com\/be\/wp-content\/uploads\/sites\/15\/2025\/03\/4-2-1-768x768.png 768w, https:\/\/isopllc.com\/be\/wp-content\/uploads\/sites\/15\/2025\/03\/4-2-1-1000x1000.png 1000w, https:\/\/isopllc.com\/be\/wp-content\/uploads\/sites\/15\/2025\/03\/4-2-1-416x416.png 416w, https:\/\/isopllc.com\/be\/wp-content\/uploads\/sites\/15\/2025\/03\/4-2-1-100x100.png 100w, https:\/\/isopllc.com\/be\/wp-content\/uploads\/sites\/15\/2025\/03\/4-2-1.png 1080w\" sizes=\"auto, (max-width: 300px) 100vw, 300px\" \/><\/p>\n<p class=\"a-spacing-base\">Sites industriels : Offre des itin\u00e9raires d&rsquo;\u00e9vacuation rapides dans les usines, les entrep\u00f4ts ou des environnements similaires.<\/p>\n<p class=\"a-spacing-base\">H\u00f4pitaux et \u00e9coles : Fournit un itin\u00e9raire d&rsquo;\u00e9vacuation s\u00fbr pour les populations vuln\u00e9rables, telles que les patients et les \u00e9tudiants.<\/p>\n<p class=\"a-spacing-base\">H\u00f4tels et immeubles de grande hauteur : Critiques pour garantir la s\u00e9curit\u00e9 des invit\u00e9s et des r\u00e9sidents en cas d&rsquo;urgence.<\/p>\n<\/div>\n<\/div>\n<\/div>\n<\/div>\n<\/div>\n<\/div>\n<\/div>\n<\/div>\n","protected":false},"excerpt":{"rendered":"[embed]https:\/\/youtu.be\/7Ojk0fAWS5Y?si=FPgZu1wdWNQD5krM[\/embed]\n<p id=\"title\" class=\"a-size-large a-spacing-none\" style=\"text-align: center;\"><span id=\"productTitle\" class=\"a-size-large product-title-word-break\">Echelle de Secours ext\u00e9rieure Murale pour Maison \u00e0 3 \u00e9tages 8m | \u00c9chelle Anti-feu \u00e9tanche | \u00c9chelle d&rsquo;urgence Fixe install\u00e9e \u00e0 Une fen\u00eatre ou Un Balcon pr\u00eate pour l&rsquo;\u00e9vacuation<\/span><\/p>\n<p style=\"text-align: center;\">LIVRAISON GRATUITE SOUS 3-7 JOURS<\/p>\n<h4 style=\"text-align: center;\"><strong>ACHETEZ-LE SUR<\/strong><\/h4>\n<h4 style=\"text-align: center;\"><a href=\"https:\/\/www.amazon.com.be\/dp\/B0D8J3XHKR\/ref=sr_1_1?crid=27LFU2DD1SF1B&amp;dib=eyJ2IjoiMSJ9.FppElR5DPe3UD2ugflYbag.zUvkdmLKfIa7qAvY7UbYXQU3LBLOEtqQ-pxuaALQuKM&amp;dib_tag=se&amp;keywords=Echelle%20de%20Secours%20ext%C3%A9rieure%20Murale%20pour%20Maison%20%C3%A0%203%20%C3%A9tages&amp;qid=1744793903&amp;s=home&amp;sprefix=%2Ckitchen%2C567&amp;sr=1-1\"><img loading=\"lazy\" decoding=\"async\" class=\"aligncenter wp-image-1040 size-full\" src=\"https:\/\/isopllc.com\/be\/wp-content\/uploads\/sites\/15\/2020\/01\/amazon-button9.png\" alt=\"\" width=\"160\" height=\"59\" \/><\/a><\/h4>\n","protected":false},"featured_media":5258,"comment_status":"open","ping_status":"closed","template":"","meta":[],"product_brand":[],"product_cat":[186,183,181],"product_tag":[],"class_list":{"0":"post-5268","1":"product","2":"type-product","3":"status-publish","4":"has-post-thumbnail","6":"product_cat-echelles-de-secours-a-3-niveaux","7":"product_cat-echelles-de-secours-avec-entretoises","8":"product_cat-echelles-murales","10":"first","11":"instock","12":"shipping-taxable","13":"purchasable","14":"product-type-variable"},"_links":{"self":[{"href":"https:\/\/isopllc.com\/be\/wp-json\/wp\/v2\/product\/5268","targetHints":{"allow":["GET"]}}],"collection":[{"href":"https:\/\/isopllc.com\/be\/wp-json\/wp\/v2\/product"}],"about":[{"href":"https:\/\/isopllc.com\/be\/wp-json\/wp\/v2\/types\/product"}],"replies":[{"embeddable":true,"href":"https:\/\/isopllc.com\/be\/wp-json\/wp\/v2\/comments?post=5268"}],"wp:featuredmedia":[{"embeddable":true,"href":"https:\/\/isopllc.com\/be\/wp-json\/wp\/v2\/media\/5258"}],"wp:attachment":[{"href":"https:\/\/isopllc.com\/be\/wp-json\/wp\/v2\/media?parent=5268"}],"wp:term":[{"taxonomy":"product_brand","embeddable":true,"href":"https:\/\/isopllc.com\/be\/wp-json\/wp\/v2\/product_brand?post=5268"},{"taxonomy":"product_cat","embeddable":true,"href":"https:\/\/isopllc.com\/be\/wp-json\/wp\/v2\/product_cat?post=5268"},{"taxonomy":"product_tag","embeddable":true,"href":"https:\/\/isopllc.com\/be\/wp-json\/wp\/v2\/product_tag?post=5268"}],"curies":[{"name":"wp","href":"https:\/\/api.w.org\/{rel}","templated":true}]}}