{"id":5359,"date":"2025-07-03T07:16:39","date_gmt":"2025-07-03T07:16:39","guid":{"rendered":"https:\/\/isopllc.com\/be\/?post_type=product&#038;p=5359"},"modified":"2025-07-03T07:16:40","modified_gmt":"2025-07-03T07:16:40","slug":"armoire-en-aluminium-pour-echelle-de-secours-3-etages","status":"publish","type":"product","link":"https:\/\/isopllc.com\/be\/product\/armoire-en-aluminium-pour-echelle-de-secours-3-etages\/","title":{"rendered":"Armoire en aluminium pour \u00e9chelle de secours 3 \u00e9tages"},"content":{"rendered":"<div class=\"celwidget aplus-module module-4 aplus-standard\" data-csa-c-id=\"6mnb1z-9dwrl2-ic24uv-jd1phn\" data-cel-widget=\"aplus-module-4\">\n<div class=\"a-expander-collapsed-height a-row a-expander-container a-expander-partial-collapse-container\" aria-live=\"polite\" data-a-expander-name=\"aplus-module-expander\" data-a-expander-collapsed-height=\"700\">\n<div class=\"a-expander-content a-expander-partial-collapse-content\" aria-expanded=\"false\">\n<div class=\"aplus-module-wrapper apm-fixed-width\">\n<div class=\"apm-spacing\">\n<div class=\"apm-floatleft apm-fixed-width\">\n<div id=\"title_feature_div\" class=\"celwidget\" data-feature-name=\"title\" data-csa-c-id=\"m5t5xw-wzxd1-od319-pyb58o\" data-cel-widget=\"title_feature_div\">\n<div id=\"titleSection\" class=\"a-section a-spacing-none\">\n<div id=\"title_feature_div\" class=\"celwidget\" data-feature-name=\"title\" data-csa-c-id=\"m5t5xw-wzxd1-od319-pyb58o\" data-cel-widget=\"title_feature_div\">\n<div id=\"titleSection\" class=\"a-section a-spacing-none\">\n<div class=\"pointer-events-none h-px w-px\" aria-hidden=\"true\" data-edge=\"true\">\n<h2 id=\"reconcile-item-title\" class=\"text-weight-bold\">Armoire en aluminium pour \u00e9chelle de secours | bo\u00eete d\u2019acc\u00e8s universelle pour \u00e9chelle 3 \u00e9tages | int\u00e9rieur ext\u00e9rieur | mat\u00e9riel de montage inclus | rangement mural pour \u00e9chelles de s\u00e9curit\u00e9 incendie | 42 \u00d7 34 \u00d7 15 cm<\/h2>\n<\/div>\n<p>Assurez-vous que votre maison, appartement, \u00e9cole ou lieu de travail est pr\u00eat pour une \u00e9vacuation d\u2019urgence avec cette armoire en aluminium pour \u00e9chelle de secours \u2014 une bo\u00eete d\u2019acc\u00e8s universelle robuste, \u00e9l\u00e9gante et sp\u00e9cialement con\u00e7ue pour les environnements int\u00e9rieurs et ext\u00e9rieurs. Ce meuble de rangement mural offre un acc\u00e8s essentiel aux \u00e9chelles de secours en cas d\u2019incendie ou d\u2019autres situations \u00e0 haut risque o\u00f9 une \u00e9vacuation rapide est indispensable.<\/p>\n<p><img loading=\"lazy\" decoding=\"async\" class=\"alignnone size-medium wp-image-5367\" src=\"https:\/\/isopllc.com\/be\/wp-content\/uploads\/sites\/15\/2025\/07\/ladder-box-300x300.jpg\" alt=\"Armoire en aluminium\" width=\"300\" height=\"300\" srcset=\"https:\/\/isopllc.com\/be\/wp-content\/uploads\/sites\/15\/2025\/07\/ladder-box-300x300.jpg 300w, https:\/\/isopllc.com\/be\/wp-content\/uploads\/sites\/15\/2025\/07\/ladder-box-1024x1024.jpg 1024w, https:\/\/isopllc.com\/be\/wp-content\/uploads\/sites\/15\/2025\/07\/ladder-box-150x150.jpg 150w, https:\/\/isopllc.com\/be\/wp-content\/uploads\/sites\/15\/2025\/07\/ladder-box-768x768.jpg 768w, https:\/\/isopllc.com\/be\/wp-content\/uploads\/sites\/15\/2025\/07\/ladder-box-1536x1536.jpg 1536w, https:\/\/isopllc.com\/be\/wp-content\/uploads\/sites\/15\/2025\/07\/ladder-box-2048x2048.jpg 2048w, https:\/\/isopllc.com\/be\/wp-content\/uploads\/sites\/15\/2025\/07\/ladder-box-1000x1000.jpg 1000w, https:\/\/isopllc.com\/be\/wp-content\/uploads\/sites\/15\/2025\/07\/ladder-box-416x416.jpg 416w, https:\/\/isopllc.com\/be\/wp-content\/uploads\/sites\/15\/2025\/07\/ladder-box-100x100.jpg 100w\" sizes=\"auto, (max-width: 300px) 100vw, 300px\" \/><\/p>\n<h3 data-start=\"0\" data-end=\"88\">Construction en aluminium de qualit\u00e9 sup\u00e9rieure pour durabilit\u00e9 int\u00e9rieure et ext\u00e9rieure<\/h3>\n<p data-start=\"1476\" data-end=\"1981\">Fabriqu\u00e9e en aluminium anodis\u00e9 haute r\u00e9sistance, cette armoire est con\u00e7ue pour offrir durabilit\u00e9, r\u00e9sistance \u00e0 la corrosion et long\u00e9vit\u00e9. Contrairement aux alternatives en plastique ou aux bo\u00eetes en acier de qualit\u00e9 inf\u00e9rieure, cet appareil est \u00e9tanche aux intemp\u00e9ries et adapt\u00e9 \u00e0 une exposition ext\u00e9rieure \u2014 id\u00e9al pour les balcons, les issues de secours ou les v\u00e9randas. \u00c0 l\u2019int\u00e9rieur, elle s\u2019int\u00e8gre discr\u00e8tement dans les murs, les locaux techniques ou les cages d\u2019escalier, conservant une coh\u00e9rence esth\u00e9tique avec les int\u00e9rieurs modernes tout en garantissant une pr\u00e9paration maximale en cas d\u2019incendie.<\/p>\n<\/div>\n<\/div>\n<ul class=\"a-unordered-list a-vertical\">\n<li>Design compact<\/li>\n<li>Construction robuste en fer<\/li>\n<li>Verre acrylique (plus s\u00fbr que le verre standard en cas d\u2019urgence)<\/li>\n<li>Se monte facilement au mur<\/li>\n<li>\n<div class=\"relative flex-col gap-1 md:gap-3\">\n<div class=\"flex max-w-full flex-col grow\">\n<div class=\"min-h-8 text-message relative flex w-full flex-col items-end gap-2 text-start break-words whitespace-normal [.text-message+&amp;]:mt-5\" dir=\"auto\" data-message-author-role=\"assistant\" data-message-id=\"b87e9aca-fcc7-4012-a3b3-142ed346297c\" data-message-model-slug=\"gpt-4-1-mini\">\n<div class=\"flex w-full flex-col gap-1 empty:hidden first:pt-[3px]\">\n<div class=\"markdown prose dark:prose-invert w-full break-words light\">\n<p data-start=\"698\" data-end=\"875\" data-is-last-node=\"\" data-is-only-node=\"\">Facile \u00e0 trouver en cas de besoin<\/p>\n<\/div>\n<\/div>\n<\/div>\n<\/div>\n<div class=\"flex min-h-[46px] justify-start\"><\/div>\n<\/div>\n<\/li>\n<\/ul>\n<\/div>\n<\/div>\n<\/div>\n<\/div>\n<\/div>\n<\/div>\n<\/div>\n<\/div>\n<div class=\"celwidget aplus-module module-9 aplus-standard\" data-csa-c-id=\"kgh8ns-6rdhac-l4uce3-redgno\" data-cel-widget=\"aplus-module-9\">\n<div class=\"a-expander-collapsed-height a-row a-expander-container a-expander-partial-collapse-container\" aria-live=\"polite\" data-a-expander-name=\"aplus-module-expander\" data-a-expander-collapsed-height=\"700\">\n<div class=\"a-expander-content a-expander-partial-collapse-content\" aria-expanded=\"false\">\n<div class=\"aplus-module-wrapper apm-fixed-width\">\n<div class=\"apm-spacing apm-fixed-width\">\n<div class=\"celwidget aplus-module module-9 aplus-standard\" data-csa-c-id=\"6rrkxj-o9oo3p-2dk8kw-v8mrts\" data-cel-widget=\"aplus-module-9\">\n<div class=\"a-expander-collapsed-height a-row a-expander-container a-expander-partial-collapse-container\" aria-live=\"polite\" data-a-expander-name=\"aplus-module-expander\" data-a-expander-collapsed-height=\"700\">\n<div class=\"a-expander-content a-expander-partial-collapse-content\" aria-expanded=\"false\">\n<div class=\"aplus-module-wrapper apm-fixed-width\">\n<div class=\"apm-spacing apm-fixed-width\">\n<p><img loading=\"lazy\" decoding=\"async\" class=\"alignnone size-medium wp-image-5362\" src=\"https:\/\/isopllc.com\/be\/wp-content\/uploads\/sites\/15\/2025\/07\/Aluminum-Universal-Access-Box-Indoor-Outdoor-for-Fire-Escape-Ladders-Extinguisher-or-Fire-Blanket-Wall-Mountable-Fire-Hoss-Cabinet-5_1-300x300.jpg\" alt=\"Armoire en aluminium pour \u00e9chelle de secours 3 \u00e9tages\" width=\"300\" height=\"300\" srcset=\"https:\/\/isopllc.com\/be\/wp-content\/uploads\/sites\/15\/2025\/07\/Aluminum-Universal-Access-Box-Indoor-Outdoor-for-Fire-Escape-Ladders-Extinguisher-or-Fire-Blanket-Wall-Mountable-Fire-Hoss-Cabinet-5_1-300x300.jpg 300w, https:\/\/isopllc.com\/be\/wp-content\/uploads\/sites\/15\/2025\/07\/Aluminum-Universal-Access-Box-Indoor-Outdoor-for-Fire-Escape-Ladders-Extinguisher-or-Fire-Blanket-Wall-Mountable-Fire-Hoss-Cabinet-5_1-150x150.jpg 150w, https:\/\/isopllc.com\/be\/wp-content\/uploads\/sites\/15\/2025\/07\/Aluminum-Universal-Access-Box-Indoor-Outdoor-for-Fire-Escape-Ladders-Extinguisher-or-Fire-Blanket-Wall-Mountable-Fire-Hoss-Cabinet-5_1-768x768.jpg 768w, https:\/\/isopllc.com\/be\/wp-content\/uploads\/sites\/15\/2025\/07\/Aluminum-Universal-Access-Box-Indoor-Outdoor-for-Fire-Escape-Ladders-Extinguisher-or-Fire-Blanket-Wall-Mountable-Fire-Hoss-Cabinet-5_1-416x416.jpg 416w, https:\/\/isopllc.com\/be\/wp-content\/uploads\/sites\/15\/2025\/07\/Aluminum-Universal-Access-Box-Indoor-Outdoor-for-Fire-Escape-Ladders-Extinguisher-or-Fire-Blanket-Wall-Mountable-Fire-Hoss-Cabinet-5_1-100x100.jpg 100w, https:\/\/isopllc.com\/be\/wp-content\/uploads\/sites\/15\/2025\/07\/Aluminum-Universal-Access-Box-Indoor-Outdoor-for-Fire-Escape-Ladders-Extinguisher-or-Fire-Blanket-Wall-Mountable-Fire-Hoss-Cabinet-5_1.jpg 900w\" sizes=\"auto, (max-width: 300px) 100vw, 300px\" \/><\/p>\n<\/div>\n<div class=\"celwidget aplus-module premium-module-1-image-text aplus-premium\">\n<div class=\"a-section a-spacing-none premium-aplus premium-aplus-module-1\">\n<div class=\"a-section a-spacing-none aplus-module-section aplus-text-section aplus-container-2\">\n<h3 data-start=\"0\" data-end=\"38\">Armoire en fer pour \u00e9chelle de secours<\/h3>\n<p data-start=\"40\" data-end=\"141\">Permet de garder votre extincteur ou votre \u00e9chelle de secours facilement accessible en cas d\u2019urgence.<\/p>\n<p data-start=\"143\" data-end=\"394\" data-is-last-node=\"\" data-is-only-node=\"\">Gr\u00e2ce \u00e0 sa taille compacte \u2014 42 \u00d7 34 \u00d7 15 cm | 1 mm d\u2019\u00e9paisseur \u2014 et sa construction durable, cette armoire est id\u00e9ale pour les appartements, les copropri\u00e9t\u00e9s et les petites entreprises, offrant un espace s\u00fbr et s\u00e9curis\u00e9 pour un stockage longue dur\u00e9e.<\/p>\n<\/div>\n<\/div>\n<\/div>\n<div class=\"celwidget aplus-module premium-module-1-image-text aplus-premium\">\n<div class=\"a-section a-spacing-none premium-aplus premium-aplus-module-1\">\n<div class=\"a-section a-spacing-none aplus-module-section aplus-image-section\"><img loading=\"lazy\" decoding=\"async\" class=\"alignnone size-medium wp-image-5361\" src=\"https:\/\/isopllc.com\/be\/wp-content\/uploads\/sites\/15\/2025\/07\/Aluminium-storage-for-fire-rescue-stuff-300x300.jpg\" alt=\"Armoire pour \u00e9chelle de secours 3 \u00e9tages\" width=\"300\" height=\"300\" srcset=\"https:\/\/isopllc.com\/be\/wp-content\/uploads\/sites\/15\/2025\/07\/Aluminium-storage-for-fire-rescue-stuff-300x300.jpg 300w, https:\/\/isopllc.com\/be\/wp-content\/uploads\/sites\/15\/2025\/07\/Aluminium-storage-for-fire-rescue-stuff-150x150.jpg 150w, https:\/\/isopllc.com\/be\/wp-content\/uploads\/sites\/15\/2025\/07\/Aluminium-storage-for-fire-rescue-stuff-768x768.jpg 768w, https:\/\/isopllc.com\/be\/wp-content\/uploads\/sites\/15\/2025\/07\/Aluminium-storage-for-fire-rescue-stuff-416x416.jpg 416w, https:\/\/isopllc.com\/be\/wp-content\/uploads\/sites\/15\/2025\/07\/Aluminium-storage-for-fire-rescue-stuff-100x100.jpg 100w, https:\/\/isopllc.com\/be\/wp-content\/uploads\/sites\/15\/2025\/07\/Aluminium-storage-for-fire-rescue-stuff.jpg 900w\" sizes=\"auto, (max-width: 300px) 100vw, 300px\" \/><\/div>\n<div class=\"a-section a-spacing-none aplus-module-section aplus-text-section aplus-container-2\">\n<h3 data-start=\"0\" data-end=\"28\">Station de mat\u00e9riel incendie<\/h3>\n<div class=\"relative flex-col gap-1 md:gap-3\">\n<div class=\"flex max-w-full flex-col grow\">\n<div class=\"min-h-8 text-message relative flex w-full flex-col items-end gap-2 text-start break-words whitespace-normal [.text-message+&amp;]:mt-5\" dir=\"auto\" data-message-author-role=\"assistant\" data-message-id=\"f6917b77-f17b-429a-be90-fdc916b12250\" data-message-model-slug=\"gpt-4-1-mini\">\n<div class=\"flex w-full flex-col gap-1 empty:hidden first:pt-[3px]\">\n<div class=\"markdown prose dark:prose-invert w-full break-words light\">\n<p data-start=\"30\" data-end=\"243\" data-is-last-node=\"\" data-is-only-node=\"\">En cas d\u2019incendie soudain \u00e0 la maison ou au travail, elle offre un emplacement d\u00e9di\u00e9 pour votre extincteur ou votre \u00e9chelle, les gardant \u00e0 port\u00e9e de main et pr\u00eats \u00e0 \u00eatre utilis\u00e9s quand vous en avez le plus besoin.<\/p>\n<\/div>\n<\/div>\n<\/div>\n<\/div>\n<\/div>\n<\/div>\n<\/div>\n<\/div>\n<div class=\"celwidget aplus-module premium-module-1-image-text aplus-premium\">\n<div class=\"a-section a-spacing-none premium-aplus premium-aplus-module-1\">\n<div class=\"a-section a-spacing-none aplus-module-section aplus-image-section\"><img loading=\"lazy\" decoding=\"async\" class=\"alignnone size-medium wp-image-4875\" src=\"https:\/\/isopllc.com\/be\/wp-content\/uploads\/sites\/15\/2023\/06\/AluminiumBox6-300x201.jpg\" alt=\"Armoire en aluminium 3 \u00e9tages\" width=\"300\" height=\"201\" srcset=\"https:\/\/isopllc.com\/be\/wp-content\/uploads\/sites\/15\/2023\/06\/AluminiumBox6-300x201.jpg 300w, https:\/\/isopllc.com\/be\/wp-content\/uploads\/sites\/15\/2023\/06\/AluminiumBox6-1024x687.jpg 1024w, https:\/\/isopllc.com\/be\/wp-content\/uploads\/sites\/15\/2023\/06\/AluminiumBox6-768x515.jpg 768w, https:\/\/isopllc.com\/be\/wp-content\/uploads\/sites\/15\/2023\/06\/AluminiumBox6-1000x671.jpg 1000w, https:\/\/isopllc.com\/be\/wp-content\/uploads\/sites\/15\/2023\/06\/AluminiumBox6-416x279.jpg 416w, https:\/\/isopllc.com\/be\/wp-content\/uploads\/sites\/15\/2023\/06\/AluminiumBox6.jpg 1463w\" sizes=\"auto, (max-width: 300px) 100vw, 300px\" \/><\/div>\n<div class=\"a-section a-spacing-none aplus-module-section aplus-text-section aplus-container-2\">\n<h3 data-start=\"0\" data-end=\"43\">Ancrage professionnel pour corde sup\u00e9rieure<\/h3>\n<p data-start=\"45\" data-end=\"237\">Kit de boulons d\u2019ancrage pour escalade, comprenant 2 plaques de suspension, 2 boulons d\u2019expansion, \u00e9crous et rondelles plates. Les plaques de suspension servent de points d\u2019ancrage permanents.<\/p>\n<p data-start=\"239\" data-end=\"454\" data-is-last-node=\"\" data-is-only-node=\"\">Ce kit vous permet de fixer la bo\u00eete \u00e0 un mur. Non seulement il maintient la bo\u00eete, mais les \u0153illets d\u2019attache con\u00e7us pour deux mousquetons permettent de fixer une \u00e9chelle de corde afin de descendre par une fen\u00eatre.<\/p>\n<h4 data-start=\"3908\" data-end=\"3948\">Polyvalent pour de multiples environnements<\/h4>\n<p data-start=\"3949\" data-end=\"3959\">Id\u00e9al pour :<\/p>\n<ul>\n<li data-start=\"3949\" data-end=\"3959\">Maisons \u00e0 plusieurs \u00e9tages<\/li>\n<li data-start=\"3949\" data-end=\"3959\">Appartements et immeubles de grande hauteur<\/li>\n<li data-start=\"3949\" data-end=\"3959\">R\u00e9sidences universitaires<\/li>\n<li data-start=\"3949\" data-end=\"3959\">Cr\u00e8ches et maternelles<\/li>\n<li data-start=\"3949\" data-end=\"3959\">H\u00f4pitaux et \u00e9tablissements de soins pour personnes \u00e2g\u00e9es<\/li>\n<li data-start=\"3949\" data-end=\"3959\">H\u00f4tels, auberges et locations Airbnb<\/li>\n<li data-start=\"3949\" data-end=\"3959\">B\u00e2timents commerciaux de bureaux<\/li>\n<li data-start=\"3949\" data-end=\"3959\">Entrep\u00f4ts avec mezzanines<\/li>\n<\/ul>\n<div class=\"relative flex-col gap-1 md:gap-3\">\n<div class=\"flex max-w-full flex-col grow\">\n<div class=\"min-h-8 text-message relative flex w-full flex-col items-end gap-2 text-start break-words whitespace-normal [.text-message+&amp;]:mt-5\" dir=\"auto\" data-message-author-role=\"assistant\" data-message-id=\"65a0af9d-45b8-44e0-995d-a858a68989f0\" data-message-model-slug=\"gpt-4-1-mini\">\n<div class=\"flex w-full flex-col gap-1 empty:hidden first:pt-[3px]\">\n<div class=\"markdown prose dark:prose-invert w-full break-words light\">\n<p data-start=\"304\" data-end=\"462\" data-is-last-node=\"\" data-is-only-node=\"\">Partout o\u00f9 des personnes dorment, travaillent ou se rassemblent au-dessus du niveau du sol, cette armoire offre une solution de s\u00e9curit\u00e9 discr\u00e8te et efficace.<\/p>\n<\/div>\n<\/div>\n<\/div>\n<\/div>\n<\/div>\n<\/div>\n<\/div>\n<\/div>\n<div class=\"celwidget aplus-module premium-module-15-text aplus-premium\">\n<div class=\"a-section a-spacing-none premium-aplus premium-aplus-module-15\">\n<div class=\"a-section a-spacing-none premium-aplus-15-heading\">\n<h3 class=\"premium-aplus-15-heading-text a-text-bold\">Pourquoi pensons-nous qu\u2019il est pr\u00e9f\u00e9rable d\u2019acheter une bo\u00eete d\u2019acc\u00e8s pour \u00e9chelle de secours ?<\/h3>\n<\/div>\n<div class=\"a-section a-spacing-none\">\n<p class=\"description\">Pour plusieurs raisons !<\/p>\n<ul>\n<li data-start=\"26\" data-end=\"356\">\n<p data-start=\"29\" data-end=\"356\">En fixant la bo\u00eete au mur (sous la fen\u00eatre ou sur le balcon) avec des ancrages, vous pouvez imm\u00e9diatement attacher l\u2019\u00e9chelle aux boucles d\u2019ancrage, puis en cas d\u2019urgence, il vous suffit de jeter l\u2019\u00e9chelle par la fen\u00eatre et de commencer imm\u00e9diatement la descente sans perdre de pr\u00e9cieuses secondes \u00e0 chercher o\u00f9 fixer l\u2019\u00e9chelle.<\/p>\n<\/li>\n<li data-start=\"358\" data-end=\"648\">\n<p data-start=\"361\" data-end=\"648\">Vous pouvez fixer la bo\u00eete aussi bien \u00e0 l\u2019int\u00e9rieur qu\u2019\u00e0 l\u2019ext\u00e9rieur de la maison. \u00c0 l\u2019ext\u00e9rieur, l\u2019avantage est qu\u2019elle ne prend pas de place \u00e0 l\u2019int\u00e9rieur et ne g\u00e2che pas le design de la pi\u00e8ce, tout en restant assez accessible si elle est install\u00e9e pr\u00e8s d\u2019une fen\u00eatre ou sur un balcon.<\/p>\n<\/li>\n<li data-start=\"650\" data-end=\"860\">\n<p data-start=\"653\" data-end=\"860\">Elle est aussi pratique \u00e0 l\u2019int\u00e9rieur de la maison, car elle est toujours \u00e0 port\u00e9e de main et ce mat\u00e9riel important de sauvetage est visible, \u00e9vitant ainsi de perdre du temps \u00e0 le chercher en cas d\u2019incendie.<\/p>\n<\/li>\n<li data-start=\"862\" data-end=\"1123\" data-is-last-node=\"\">\n<p data-start=\"865\" data-end=\"1123\" data-is-last-node=\"\">Selon nous, il est tr\u00e8s s\u00fbr d\u2019attacher les \u00e9chelles aux ancrages d\u2019escalade \u00e0 l\u2019int\u00e9rieur de la bo\u00eete, car ils peuvent supporter 25 KN, ce qui est plus s\u00fbr que tout autre point dans votre maison, y compris le cadre de la fen\u00eatre ou les balustrades du balcon.<\/p>\n<\/li>\n<\/ul>\n<p>\u00c9galement disponible en <a href=\"https:\/\/isopllc.com\/be\/product\/boite-dacces-universel-pour-extincteur\/\"><strong>petite taille.<\/strong><\/a><\/p>\n<\/div>\n<\/div>\n<\/div>\n<\/div>\n<\/div>\n<\/div>\n<\/div>\n<\/div>\n<\/div>\n<\/div>\n<\/div>\n<\/div>\n","protected":false},"excerpt":{"rendered":"[embed]https:\/\/youtu.be\/D0bwKWsrPbM[\/embed]\n<p style=\"text-align: center\">Armoire en aluminium pour \u00e9chelle de secours | Bo\u00eete d\u2019acc\u00e8s universelle pour \u00e9chelle 3 \u00e9tages | Int\u00e9rieur et ext\u00e9rieur | Mat\u00e9riel de montage inclus | Rangement mural pour \u00e9chelles de s\u00e9curit\u00e9 incendie | 42 \u00d7 34 \u00d7 15 cm<\/p>\n<p style=\"text-align: center\">LIVRAISON GRATUITE SOUS 3 \u00c0 7 JOURS<\/p>\n<p style=\"text-align: center\"><strong>ACHETEZ-LE SUR<\/strong><\/p>\n<p><a href=\"https:\/\/www.amazon.com.be\/Armoire-aluminium-pour-%C3%A9chelle-dincendie\/dp\/B0DGQH5PZ2\/ref=sr_1_1?crid=2XLB0HUD2FG2S&amp;dib=eyJ2IjoiMSJ9.Ce7cFwH7uEI8-ATISVLlsQ.Re3gbTmHba2fT65KA4gQWfr_lfb5SVV8bax_IAiw334&amp;dib_tag=se&amp;keywords=Armoire%2Ben%2Baluminium%2Bpour%2B%C3%A9chelle%2Bd%27incendie&amp;qid=1751526696&amp;sprefix=b0dgqh5pz2%2Caps%2C237&amp;sr=8-1&amp;th=1\"><img loading=\"lazy\" decoding=\"async\" class=\"aligncenter wp-image-1040 size-full\" src=\"https:\/\/isopllc.com\/usa\/wp-content\/uploads\/sites\/4\/2020\/01\/amazon-button9.png\" alt=\"\" width=\"160\" height=\"59\" \/><\/a><\/p>\n","protected":false},"featured_media":5363,"comment_status":"open","ping_status":"closed","template":"","meta":[],"product_brand":[],"product_cat":[180,178],"product_tag":[],"class_list":{"0":"post-5359","1":"product","2":"type-product","3":"status-publish","4":"has-post-thumbnail","6":"product_cat-coffre-de-rangement-pour-echelles-de-secours","7":"product_cat-accessoires-pour-echelles-de-secours","9":"first","10":"instock","11":"shipping-taxable","12":"purchasable","13":"product-type-simple"},"_links":{"self":[{"href":"https:\/\/isopllc.com\/be\/wp-json\/wp\/v2\/product\/5359","targetHints":{"allow":["GET"]}}],"collection":[{"href":"https:\/\/isopllc.com\/be\/wp-json\/wp\/v2\/product"}],"about":[{"href":"https:\/\/isopllc.com\/be\/wp-json\/wp\/v2\/types\/product"}],"replies":[{"embeddable":true,"href":"https:\/\/isopllc.com\/be\/wp-json\/wp\/v2\/comments?post=5359"}],"wp:featuredmedia":[{"embeddable":true,"href":"https:\/\/isopllc.com\/be\/wp-json\/wp\/v2\/media\/5363"}],"wp:attachment":[{"href":"https:\/\/isopllc.com\/be\/wp-json\/wp\/v2\/media?parent=5359"}],"wp:term":[{"taxonomy":"product_brand","embeddable":true,"href":"https:\/\/isopllc.com\/be\/wp-json\/wp\/v2\/product_brand?post=5359"},{"taxonomy":"product_cat","embeddable":true,"href":"https:\/\/isopllc.com\/be\/wp-json\/wp\/v2\/product_cat?post=5359"},{"taxonomy":"product_tag","embeddable":true,"href":"https:\/\/isopllc.com\/be\/wp-json\/wp\/v2\/product_tag?post=5359"}],"curies":[{"name":"wp","href":"https:\/\/api.w.org\/{rel}","templated":true}]}}