{"id":5503,"date":"2025-08-01T23:03:03","date_gmt":"2025-08-01T23:03:03","guid":{"rendered":"https:\/\/isopllc.com\/be\/?post_type=product&#038;p=5503"},"modified":"2025-11-16T17:31:17","modified_gmt":"2025-11-16T17:31:17","slug":"housse-pour-extincteur-petite-taille-lot-de-6-housse-de-protection","status":"publish","type":"product","link":"https:\/\/isopllc.com\/be\/product\/housse-pour-extincteur-petite-taille-lot-de-6-housse-de-protection\/","title":{"rendered":"Housse pour Extincteur Petite Taille lot de 6 | Housse de Protection"},"content":{"rendered":"<h2>Housse pour extincteur petite taille lot de 6 &#8211; Housse protectrice Contre la Poussi\u00e8re et les Rayures &#8211; Manchon Transparent pour Extincteur &#8211; Housse Imperm\u00e9able et R\u00e9sistante aux Intemp\u00e9ries pour Extincteurs d\u2019Urgence<\/h2>\n<p data-start=\"240\" data-end=\"499\">Prot\u00e9gez vos extincteurs avec ce lot de 6 housses transparentes petites tailles. Imperm\u00e9ables, anti-poussi\u00e8re et r\u00e9sistantes aux intemp\u00e9ries, ces housses pour extincteurs conviennent aux extincteurs jusqu\u2019\u00e0 10 lbs et assurent une protection durable et fiable.<\/p>\n<ul>\n<li data-start=\"501\" data-end=\"798\">Protection robuste : Fabriqu\u00e9e en PVC \u00e9pais, r\u00e9sistant \u00e0 l\u2019usure et imperm\u00e9able, cette housse pour extincteur est con\u00e7ue pour r\u00e9sister aux conditions difficiles. Qu\u2019elle soit utilis\u00e9e en milieu industriel, commercial ou r\u00e9sidentiel, elle offre une durabilit\u00e9 longue dur\u00e9e et une protecti Petite Taille lot de 6on fiable.<\/li>\n<li data-start=\"501\" data-end=\"798\">Design haute visibilit\u00e9 : Con\u00e7ue dans une couleur rouge urgence vive, elle poss\u00e8de une bande r\u00e9fl\u00e9chissante de s\u00e9curit\u00e9, une impression noire et une bordure noire pour assurer une visibilit\u00e9 maximale lors des urgences ou coupures de courant.<\/li>\n<li data-start=\"501\" data-end=\"798\">Adaptation universelle et tailles : Disponible en petites et grandes tailles pour s\u2019adapter \u00e0 divers mod\u00e8les d\u2019extincteurs. Cette annonce est con\u00e7ue pour les extincteurs de 1 \u00e0 2 kg (jusqu\u2019\u00e0 5 lbs), id\u00e9ale pour la maison, le bureau ou le v\u00e9hicule.<\/li>\n<li data-start=\"501\" data-end=\"798\">Fen\u00eatre d\u2019inspection transparente : \u00c9quip\u00e9e d\u2019une grande fen\u00eatre transparente, cette housse permet des v\u00e9rifications visuelles rapides et faciles du manom\u00e8tre et du type d\u2019extincteur \u2014 garantissant que votre \u00e9quipement reste conforme, visible et toujours pr\u00eat pour l\u2019inspection sans avoir besoin d\u2019enlever la housse.<\/li>\n<\/ul>\n<article class=\"text-token-text-primary w-full focus:outline-none scroll-mt-[calc(var(--header-height)+min(200px,max(70px,20svh)))]\" dir=\"auto\" data-testid=\"conversation-turn-6\" data-scroll-anchor=\"true\" data-turn=\"assistant\">\n<div class=\"text-base my-auto mx-auto pb-10 [--thread-content-margin:--spacing(4)] @[37rem]:[--thread-content-margin:--spacing(6)] @[72rem]:[--thread-content-margin:--spacing(16)] px-(--thread-content-margin)\">\n<div class=\"[--thread-content-max-width:32rem] @[34rem]:[--thread-content-max-width:40rem] @[64rem]:[--thread-content-max-width:48rem] mx-auto max-w-(--thread-content-max-width) flex-1 group\/turn-messages focus-visible:outline-hidden relative flex w-full min-w-0 flex-col agent-turn\">\n<div class=\"flex max-w-full flex-col grow\">\n<div class=\"min-h-8 text-message relative flex w-full flex-col items-end gap-2 text-start break-words whitespace-normal [.text-message+&amp;]:mt-5\" dir=\"auto\" data-message-author-role=\"assistant\" data-message-id=\"f45fa0e1-5a1e-4b8b-8e54-0fb550ce5fe1\" data-message-model-slug=\"gpt-4-1-mini\">\n<div class=\"flex w-full flex-col gap-1 empty:hidden first:pt-[3px]\">\n<div class=\"markdown prose dark:prose-invert w-full break-words light\">\n<p data-start=\"1292\" data-end=\"1608\" data-is-last-node=\"\" data-is-only-node=\"\"><img loading=\"lazy\" decoding=\"async\" class=\"alignnone wp-image-5724\" src=\"https:\/\/isopllc.com\/fr\/wp-content\/uploads\/sites\/6\/2025\/08\/Fire-extinguisher-cover.jpg\" alt=\"housse s\u00e9curit\u00e9 incendie\" width=\"354\" height=\"341\" \/><\/p>\n<h3 data-start=\"0\" data-end=\"19\">Installation facile<\/h3>\n<p data-start=\"21\" data-end=\"395\">La fermeture \u00e0 crochet et boucle (Velcro) permet un ajustement s\u00e9curis\u00e9 sans outil. La housse est l\u00e9g\u00e8re et pliable, ce qui facilite son rangement ou son transport pour les d\u00e9placements. Parfaite pour une utilisation dans les bureaux, entrep\u00f4ts, usines, v\u00e9hicules, b\u00e2timents publics et trousses d\u2019urgence \u00e0 domicile, offrant une protection fiable dans divers environnements.<\/p>\n<p data-start=\"21\" data-end=\"395\"><img loading=\"lazy\" decoding=\"async\" class=\"alignnone wp-image-5720\" src=\"https:\/\/isopllc.com\/fr\/wp-content\/uploads\/sites\/6\/2025\/08\/Fire-extinguisher-cover-details.jpg\" alt=\"housse r\u00e9sistante intemp\u00e9ries\" width=\"357\" height=\"357\" \/><\/p>\n<h3 data-start=\"397\" data-end=\"438\">Favori des clients et choix le mieux not\u00e9<\/h3>\n<p data-start=\"440\" data-end=\"854\">Lou\u00e9e par les utilisateurs pour sa qualit\u00e9 exceptionnelle, sa facilit\u00e9 d\u2019utilisation et sa durabilit\u00e9 \u00e0 long terme, cette housse pour extincteur est devenue une option privil\u00e9gi\u00e9e tant pour les professionnels que pour les utilisateurs quotidiens. C\u2019est une solution id\u00e9ale pour les acheteurs en gros, les premiers intervenants, les experts en s\u00e9curit\u00e9 et toute personne n\u00e9cessitant une protection d\u2019urgence fiable.<\/p>\n<div class=\"flex max-w-full flex-col grow\">\n<div class=\"min-h-8 text-message relative flex w-full flex-col items-end gap-2 text-start break-words whitespace-normal [.text-message+&amp;]:mt-5\" dir=\"auto\" data-message-author-role=\"assistant\" data-message-id=\"24879bf6-668c-4431-b5be-2a7ccdbc1825\" data-message-model-slug=\"gpt-4-1-mini\">\n<div class=\"flex w-full flex-col gap-1 empty:hidden first:pt-[3px]\">\n<div class=\"markdown prose dark:prose-invert w-full break-words light\">\n<p data-start=\"856\" data-end=\"1107\" data-is-last-node=\"\" data-is-only-node=\"\">Que vous recherchiez la meilleure housse pour extincteur pr\u00e8s de chez vous, un protecteur \u00e9conomique mais solide, ou une manchette imperm\u00e9able fiable pour les urgences, cette housse robuste offre une performance constante et une tranquillit\u00e9 d\u2019esprit.<\/p>\n<p data-start=\"856\" data-end=\"1107\" data-is-last-node=\"\" data-is-only-node=\"\"><img loading=\"lazy\" decoding=\"async\" class=\"alignnone wp-image-5716\" src=\"https:\/\/isopllc.com\/fr\/wp-content\/uploads\/sites\/6\/2025\/08\/extinguisher-cover-emergency.jpg\" alt=\"housse extincteur\" width=\"359\" height=\"348\" \/><\/p>\n<p data-start=\"0\" data-end=\"472\">Assurez-vous que vos extincteurs soient toujours pr\u00eats et bien prot\u00e9g\u00e9s gr\u00e2ce \u00e0 cet ensemble de 6 housses robustes pour extincteurs. Con\u00e7ues pour s\u2019adapter aux extincteurs jusqu\u2019\u00e0 10 lbs (1\u20132 kg), ces housses offrent une protection fiable contre la poussi\u00e8re, la salet\u00e9, les rayures, les rayons UV et l\u2019humidit\u00e9 \u2013 en int\u00e9rieur comme en ext\u00e9rieur. Id\u00e9ales pour les environnements commerciaux, industriels et r\u00e9sidentiels, elles allient utilit\u00e9 pratique et attrait visuel.<\/p>\n<p data-start=\"474\" data-end=\"1054\">Chaque housse est fabriqu\u00e9e en PVC \u00e9pais, r\u00e9sistant \u00e0 l\u2019usure et imperm\u00e9able, capable de supporter des conditions difficiles. Con\u00e7ues pour durer, elles conviennent parfaitement aux zones \u00e0 fort passage comme les usines, entrep\u00f4ts, b\u00e2timents publics, garages ou chantiers, ainsi qu\u2019aux kits de s\u00e9curit\u00e9 domestiques. Leur couleur rouge vif avec bande r\u00e9fl\u00e9chissante et marquage imprim\u00e9 noir garantit une visibilit\u00e9 optimale de vos extincteurs en cas d\u2019urgence. Ce design marqu\u00e9 augmente la vigilance et permet de localiser rapidement l\u2019extincteur m\u00eame en cas de faible luminosit\u00e9.<\/p>\n<p data-start=\"1056\" data-end=\"1615\"><img loading=\"lazy\" decoding=\"async\" class=\"alignnone wp-image-5723\" src=\"https:\/\/isopllc.com\/fr\/wp-content\/uploads\/sites\/6\/2025\/08\/Fire-extinguisher-cover-small.jpg\" alt=\"housse extincteur professionnelle\" width=\"338\" height=\"446\" \/><\/p>\n<p data-start=\"1056\" data-end=\"1615\">Une grande fen\u00eatre transparente \u00e0 l\u2019avant permet des contr\u00f4les visuels rapides et pratiques du manom\u00e8tre et du type d\u2019extincteur \u2013 assurant votre conformit\u00e9 et votre pr\u00e9paration \u00e0 tout moment, sans avoir \u00e0 retirer la housse. Ce mod\u00e8le correspond \u00e0 la petite taille, adapt\u00e9e aux extincteurs jusqu\u2019\u00e0 5 lbs. Un syst\u00e8me de fermeture \u00e0 crochet et boucle (Velcro) assure un ajustement ferme et s\u00fbr, tout en permettant un retrait rapide en cas d\u2019urgence. L\u00e9g\u00e8res et pliables, les housses se rangent et se transportent facilement lorsqu\u2019elles ne sont pas utilis\u00e9es.<\/p>\n<p data-start=\"1617\" data-end=\"2115\" data-is-last-node=\"\" data-is-only-node=\"\">Parfaites pour la maison, le bureau, les \u00e9coles, les h\u00f4tels, les v\u00e9hicules et les espaces publics. Ces housses offrent la tranquillit\u00e9 d\u2019esprit en maintenant votre \u00e9quipement prot\u00e9g\u00e9 et bien visible. Ce mod\u00e8le de housse pour extincteur, tr\u00e8s bien not\u00e9, est le choix privil\u00e9gi\u00e9 des professionnels de la s\u00e9curit\u00e9, des premiers intervenants et des entreprises. Durables, r\u00e9sistantes aux intemp\u00e9ries et faciles \u00e0 utiliser, elles constituent un investissement pratique pour la s\u00e9curit\u00e9 et la conformit\u00e9.<\/p>\n<p>Versions \u00e9galement disponibles :<br \/>\n<strong><a href=\"https:\/\/isopllc.com\/be\/product\/housse-de-protection-pour-extincteur-petite-taille-lot-de-2-revetement-protecteur\/\">Petite Taille Lot de 2\u00a0<\/a> |\u00a0 <a href=\"https:\/\/isopllc.com\/be\/product\/housse-pour-extincteur-grande-taille-lot-de-2-housse-de-protection\/\">Grande Taille lot de 2<\/a>\u00a0 |\u00a0 <a href=\"https:\/\/isopllc.com\/be\/product\/housse-pour-extincteur-grande-taille-lot-de-6-manchon-de-protection\/\">Grande Taille lot de 6<\/a><\/strong><\/p>\n<\/div>\n<\/div>\n<\/div>\n<\/div>\n<\/div>\n<\/div>\n<\/div>\n<\/div>\n<\/div>\n<\/div>\n<\/article>\n","protected":false},"excerpt":{"rendered":"[embed]https:\/\/www.youtube.com\/watch?v=CPDSmMW-vhw[\/embed]\n<p data-start=\"240\" data-end=\"499\">Prot\u00e9gez vos extincteurs avec ce lot de 6 housses transparentes petites tailles. Imperm\u00e9ables, anti-poussi\u00e8re et r\u00e9sistantes aux intemp\u00e9ries, ces housses pour extincteurs conviennent aux extincteurs jusqu\u2019\u00e0 10 lbs et assurent une protection durable et fiable.<\/p>\n<ul>\n<li data-start=\"501\" data-end=\"798\">Protection robuste : Fabriqu\u00e9e en PVC \u00e9pais, r\u00e9sistant \u00e0 l\u2019usure et imperm\u00e9able, cette housse pour extincteur est con\u00e7ue pour r\u00e9sister aux conditions difficiles. Qu\u2019elle soit utilis\u00e9e en milieu industriel, commercial ou r\u00e9sidentiel, elle offre une durabilit\u00e9 longue dur\u00e9e et une protecti Petite Taille lot de 6on fiable.<\/li>\n<li data-start=\"501\" data-end=\"798\">Design haute visibilit\u00e9 : Con\u00e7ue dans une couleur rouge urgence vive, elle poss\u00e8de une bande r\u00e9fl\u00e9chissante de s\u00e9curit\u00e9, une impression noire et une bordure noire pour assurer une visibilit\u00e9 maximale lors des urgences ou coupures de courant.<\/li>\n<li data-start=\"501\" data-end=\"798\">Adaptation universelle et tailles : Disponible en petites et grandes tailles pour s\u2019adapter \u00e0 divers mod\u00e8les d\u2019extincteurs. Cette annonce est con\u00e7ue pour les extincteurs de 1 \u00e0 2 kg (jusqu\u2019\u00e0 5 lbs), id\u00e9ale pour la maison, le bureau ou le v\u00e9hicule.<\/li>\n<li data-start=\"501\" data-end=\"798\">Fen\u00eatre d\u2019inspection transparente : \u00c9quip\u00e9e d\u2019une grande fen\u00eatre transparente, cette housse permet des v\u00e9rifications visuelles rapides et faciles du manom\u00e8tre et du type d\u2019extincteur \u2014 garantissant que votre \u00e9quipement reste conforme, visible et toujours pr\u00eat pour l\u2019inspection sans avoir besoin d\u2019enlever la housse.<\/li>\n<\/ul>\n","protected":false},"featured_media":5493,"comment_status":"open","ping_status":"closed","template":"","meta":[],"product_brand":[],"product_cat":[173],"product_tag":[],"class_list":{"0":"post-5503","1":"product","2":"type-product","3":"status-publish","4":"has-post-thumbnail","6":"product_cat-supports-pour-extincteurs","8":"first","9":"instock","10":"shipping-taxable","11":"purchasable","12":"product-type-variable"},"_links":{"self":[{"href":"https:\/\/isopllc.com\/be\/wp-json\/wp\/v2\/product\/5503","targetHints":{"allow":["GET"]}}],"collection":[{"href":"https:\/\/isopllc.com\/be\/wp-json\/wp\/v2\/product"}],"about":[{"href":"https:\/\/isopllc.com\/be\/wp-json\/wp\/v2\/types\/product"}],"replies":[{"embeddable":true,"href":"https:\/\/isopllc.com\/be\/wp-json\/wp\/v2\/comments?post=5503"}],"wp:featuredmedia":[{"embeddable":true,"href":"https:\/\/isopllc.com\/be\/wp-json\/wp\/v2\/media\/5493"}],"wp:attachment":[{"href":"https:\/\/isopllc.com\/be\/wp-json\/wp\/v2\/media?parent=5503"}],"wp:term":[{"taxonomy":"product_brand","embeddable":true,"href":"https:\/\/isopllc.com\/be\/wp-json\/wp\/v2\/product_brand?post=5503"},{"taxonomy":"product_cat","embeddable":true,"href":"https:\/\/isopllc.com\/be\/wp-json\/wp\/v2\/product_cat?post=5503"},{"taxonomy":"product_tag","embeddable":true,"href":"https:\/\/isopllc.com\/be\/wp-json\/wp\/v2\/product_tag?post=5503"}],"curies":[{"name":"wp","href":"https:\/\/api.w.org\/{rel}","templated":true}]}}