{"id":1062,"date":"2020-01-20T08:32:11","date_gmt":"2020-01-20T08:32:11","guid":{"rendered":"https:\/\/rightfoodonly.com\/?post_type=product&#038;p=1062"},"modified":"2025-07-26T14:34:31","modified_gmt":"2025-07-26T14:34:31","slug":"feuerleiter-fur-fenster-im-zweiten-stock-4m","status":"publish","type":"product","link":"https:\/\/isopllc.com\/de\/product\/feuerleiter-fur-fenster-im-zweiten-stock-4m\/","title":{"rendered":"Feuerleiter f\u00fcr Fenster im zweiten Stock 4m &#8211; Rettungsleiter mit Haken"},"content":{"rendered":"<p><img loading=\"lazy\" decoding=\"async\" style=\"font-size: 16px\" src=\"https:\/\/m.media-amazon.com\/images\/S\/aplus-media\/sc\/21a3f03b-829f-4554-b494-34215adbd6c9.__CR0,724,2000,619_PT0_SX970_V1___.jpg\" alt=\"\" width=\"970\" height=\"300\" title=\"\"><\/p>\n<div class=\"celwidget aplus-module module-12\" data-csa-c-id=\"ftxyry-8dnl9x-3p689i-o09ks3\" data-cel-widget=\"aplus-module-12\">\n<div class=\"a-expander-collapsed-height a-row a-expander-container a-expander-partial-collapse-container\" aria-live=\"polite\" data-a-expander-name=\"aplus-module-expander\" data-a-expander-collapsed-height=\"360\">\n<div class=\"a-expander-content a-expander-partial-collapse-content\" aria-expanded=\"false\">\n<div class=\"aplus-module-wrapper apm-spacing apm-floatnone\">\n<div class=\"apm-sidemodule aplus-module-content\">\n<div class=\"textright apm-hero-text\">\n<h2 id=\"title\" class=\"a-size-large a-spacing-none\" style=\"text-align: center\"><span id=\"productTitle\" class=\"a-size-large product-title-word-break\">Feuerleiter f\u00fcr Fenster im zweiten Stock 4 m &#8211; Rettungsleiter mit Haken<\/span><\/h2>\n<\/div>\n<\/div>\n<div style=\"text-align: center\"><\/div>\n<\/div>\n<\/div>\n<\/div>\n<\/div>\n<div class=\"celwidget aplus-module module-9\" style=\"text-align: center\" data-csa-c-id=\"3d7463-l3bdk0-ygs321-8assbf\" data-cel-widget=\"aplus-module-9\">\n<div class=\"a-expander-collapsed-height a-row a-expander-container a-expander-partial-collapse-container\" aria-live=\"polite\" data-a-expander-name=\"aplus-module-expander\" data-a-expander-collapsed-height=\"700\">\n<div class=\"a-expander-content a-expander-partial-collapse-content\" aria-expanded=\"false\">\n<div class=\"aplus-module-wrapper\">\n<div class=\"apm-spacing apm-fixed-width\">\n<h3 class=\"a-spacing-small\"><strong>Warum uns w\u00e4hlen?<\/strong><\/h3>\n<\/div>\n<\/div>\n<p><img loading=\"lazy\" decoding=\"async\" class=\" wp-image-4806 aligncenter\" src=\"https:\/\/isopllc.com\/de\/wp-content\/uploads\/sites\/3\/2023\/01\/reflective-rope-ladders.jpg\" alt=\"reflective rope ladders\" width=\"299\" height=\"398\" title=\"\" srcset=\"https:\/\/isopllc.com\/de\/wp-content\/uploads\/sites\/3\/2023\/01\/reflective-rope-ladders.jpg 1080w, https:\/\/isopllc.com\/de\/wp-content\/uploads\/sites\/3\/2023\/01\/reflective-rope-ladders-768x1024.jpg 768w, https:\/\/isopllc.com\/de\/wp-content\/uploads\/sites\/3\/2023\/01\/reflective-rope-ladders-750x1000.jpg 750w, https:\/\/isopllc.com\/de\/wp-content\/uploads\/sites\/3\/2023\/01\/reflective-rope-ladders-416x555.jpg 416w\" sizes=\"auto, (max-width: 299px) 100vw, 299px\" \/><\/p>\n<h4><strong>Patentierte reflektierende Technologie<\/strong><\/h4>\n<p>Diese Leiter wurde im Hinblick auf Komfort und Zug\u00e4nglichkeit entwickelt.<\/p>\n<p>Ein spezieller reflektierender Streifen, der in dieses Nylonseil eingewebt ist, sorgt daf\u00fcr, dass es im Strahl der Taschenlampe gut sichtbar ist, sodass Sie nachts nicht dar\u00fcber stolpern.<\/p>\n<div class=\"aplus-module-wrapper\">\n<div class=\"apm-spacing apm-fixed-width\">\n<p><img decoding=\"async\" class=\"a-spacing-mini aligncenter\" src=\"https:\/\/m.media-amazon.com\/images\/S\/aplus-media\/sc\/1d1c9f11-8b81-43e1-b2d9-232d2a154745.__CR0,193,641,641_PT0_SX300_V1___.jpg\" alt=\"Sturdy\" data-src=\"https:\/\/m.media-amazon.com\/images\/S\/aplus-media\/sc\/1d1c9f11-8b81-43e1-b2d9-232d2a154745.__CR0,193,641,641_PT0_SX300_V1___.jpg\" data- title=\"\"><\/p>\n<\/div>\n<div class=\"apm-spacing apm-fixed-width\">\n<h4 class=\"a-spacing-mini\"><strong>ULTRA m\u00e4chtig<\/strong><\/h4>\n<p>Es gibt keine st\u00e4rkeren und zuverl\u00e4ssigeren Leitern als unsere, <strong>getestet (!)<\/strong> &#8211; mit 900 kg oder 10 Personen! Selbst Kettenleitern k\u00f6nnen sich dieser Gewichtskapazit\u00e4t nicht r\u00fchmen.<\/p>\n<p><img decoding=\"async\" class=\"a-spacing-mini aligncenter\" src=\"https:\/\/m.media-amazon.com\/images\/S\/aplus-media\/sc\/66906d66-df90-4038-8550-d72faf80c38f.__CR0,0,1200,1200_PT0_SX300_V1___.jpg\" alt=\"Multifunction\" data-src=\"https:\/\/m.media-amazon.com\/images\/S\/aplus-media\/sc\/66906d66-df90-4038-8550-d72faf80c38f.__CR0,0,1200,1200_PT0_SX300_V1___.jpg\" data- title=\"\"><\/p>\n<h4 class=\"a-spacing-mini\"><strong>Multifunktion<\/strong><\/h4>\n<p>kann f\u00fcr verschiedene Zwecke wie Spielplatz, Schaukeln, Baumhaus, Dachboden, Garten, Dach, Dachboden, Bunker, Marine und sogar dekorative Zwecke verwendet werden. Endlose Vielfalt an Nutzungsm\u00f6glichkeiten.<\/p>\n<p><img loading=\"lazy\" decoding=\"async\" class=\"aligncenter\" src=\"https:\/\/m.media-amazon.com\/images\/S\/aplus-media\/sc\/8ca2f9dd-98cf-4bbd-a5ca-b67d94aeea81.__CR0,0,2000,2000_PT0_SX220_V1___.jpg\" alt=\"Kommt mit Karabinern &amp; Haken\" width=\"300\" height=\"300\" title=\"\"><\/p>\n<h4 class=\"a-spacing-mini\"><strong>Kommt mit Karabinern &amp; Haken<\/strong><\/h4>\n<p class=\"a-size-small\">4 m und 8 m Feuerleiter f\u00fcr Fenster enthalten Haken f\u00fcr Fensterb\u00e4nke und Karabiner, die am besten f\u00fcr Balkonstangen geeignet sind. Im Brandfall k\u00f6nnen sie sowohl mit Fenstern als auch mit Balkonen verwendet werden. Niemand sonst kann beide Optionen anbieten.<\/p>\n<p><img decoding=\"async\" class=\"a-spacing-mini aligncenter\" src=\"https:\/\/m.media-amazon.com\/images\/S\/aplus-media\/sc\/a53251f8-492d-40f3-a9db-2bdd1415646f.__CR1018,0,1260,1260_PT0_SX300_V1___.png\" alt=\"anti-slip\" data-src=\"https:\/\/m.media-amazon.com\/images\/S\/aplus-media\/sc\/a53251f8-492d-40f3-a9db-2bdd1415646f.__CR1018,0,1260,1260_PT0_SX300_V1___.png\" data- title=\"\"><\/p>\n<h4 class=\"a-spacing-mini\"><strong>Rutschfeste Sprossen<\/strong><\/h4>\n<p>Die Sprossen sind achteckig, daher zuverl\u00e4ssig und nicht rutschig.<\/p>\n<p><img loading=\"lazy\" decoding=\"async\" class=\"aligncenter\" src=\"https:\/\/m.media-amazon.com\/images\/S\/aplus-media\/sc\/2b5aeb68-441e-435d-b89c-5d2faf4eb063.__CR0,0,1000,1000_PT0_SX220_V1___.jpg\" alt=\"Portable\" width=\"300\" height=\"300\" data-src=\"https:\/\/m.media-amazon.com\/images\/S\/aplus-media\/sc\/2b5aeb68-441e-435d-b89c-5d2faf4eb063.__CR0,0,1000,1000_PT0_SX220_V1___.jpg\" data- title=\"\"><\/p>\n<h4 class=\"a-spacing-mini\"><strong>Tragbar<\/strong><\/h4>\n<p class=\"a-size-small\">kommt mit einer sch\u00f6n gestalteten schwarzen Tasche. Die Leiter ist leicht \u00fcberall in einer Tasche zu tragen. Enth\u00e4lt eine Geschenkbox in nat\u00fcrlicher Holzfarbe.<\/p>\n<p><img loading=\"lazy\" decoding=\"async\" class=\"aligncenter\" src=\"https:\/\/m.media-amazon.com\/images\/S\/aplus-media\/sc\/f2e8fc4d-adcb-4ad8-87e7-2d18df74811d.__CR0,13,974,974_PT0_SX220_V1___.jpg\" alt=\"Lightweight\" width=\"300\" height=\"300\" data-src=\"https:\/\/m.media-amazon.com\/images\/S\/aplus-media\/sc\/f2e8fc4d-adcb-4ad8-87e7-2d18df74811d.__CR0,13,974,974_PT0_SX220_V1___.jpg\" data- title=\"\"><\/p>\n<h4 class=\"a-spacing-mini\"><strong>Leicht<\/strong><\/h4>\n<p class=\"a-size-small\">Zum Beispiel wiegt 2,5 m nur 1,8 kg<\/p>\n<p><img loading=\"lazy\" decoding=\"async\" class=\"aligncenter\" src=\"https:\/\/m.media-amazon.com\/images\/S\/aplus-media\/sc\/0552c400-f2fc-46a1-84a9-d5030a1ca8e2.__CR0,0,1000,1000_PT0_SX220_V1___.jpg\" alt=\"Weather resistant\" width=\"300\" height=\"300\" data-src=\"https:\/\/m.media-amazon.com\/images\/S\/aplus-media\/sc\/0552c400-f2fc-46a1-84a9-d5030a1ca8e2.__CR0,0,1000,1000_PT0_SX220_V1___.jpg\" data- title=\"\"><\/p>\n<\/div>\n<div>\n<h4 class=\"a-spacing-mini\"><strong>Wetterresistent<\/strong><\/h4>\n<p class=\"a-size-small\">Fast nie alternde Rettungsleiter mit Haken f\u00fcr jedes Wetter, kann im Regen nicht besch\u00e4digt werden.<\/p>\n<h4 class=\"a-spacing-mini\"><img loading=\"lazy\" decoding=\"async\" class=\"aligncenter\" style=\"font-size: 16px\" src=\"https:\/\/m.media-amazon.com\/images\/S\/aplus-media\/sc\/14916db8-10a6-4760-8535-f49470d709ad.__CR11,0,1189,1189_PT0_SX220_V1___.jpg\" alt=\"Heavy duty carabiners\" width=\"300\" height=\"300\" data-src=\"https:\/\/m.media-amazon.com\/images\/S\/aplus-media\/sc\/14916db8-10a6-4760-8535-f49470d709ad.__CR11,0,1189,1189_PT0_SX220_V1___.jpg\" data- title=\"\"><\/h4>\n<\/div>\n<\/div>\n<\/div>\n<\/div>\n<\/div>\n<div class=\"celwidget aplus-module module-4\" style=\"text-align: center\" data-csa-c-id=\"5glng-jun4yd-v4jukx-uxl7pr\" data-cel-widget=\"aplus-module-4\">\n<div class=\"a-expander-collapsed-height a-row a-expander-container a-expander-partial-collapse-container\" aria-live=\"polite\" data-a-expander-name=\"aplus-module-expander\" data-a-expander-collapsed-height=\"700\">\n<div class=\"a-expander-content a-expander-partial-collapse-content\" aria-expanded=\"false\">\n<div class=\"aplus-module-wrapper\">\n<div class=\"apm-spacing\">\n<div class=\"apm-floatleft apm-fixed-width\">\n<div class=\"apm-spacing\">\n<h4 class=\"a-spacing-mini\"><strong>Hochleistungskarabiner<\/strong><\/h4>\n<p class=\"a-size-small\">Die Leitern sind mit verchromten Karabinern mit einer Bruchfestigkeit von 11 kN ausgestattet<\/p>\n<\/div>\n<\/div>\n<\/div>\n<\/div>\n<p><img loading=\"lazy\" decoding=\"async\" class=\"a-spacing-mini aligncenter\" src=\"https:\/\/m.media-amazon.com\/images\/S\/aplus-media\/sc\/eebfdeb6-a881-47d1-a2d7-3677df2e925c.__CR521,0,1333,1333_PT0_SX300_V1___.jpg\" alt=\"ladder with carabiners\" width=\"300\" height=\"300\" data-src=\"https:\/\/m.media-amazon.com\/images\/S\/aplus-media\/sc\/eebfdeb6-a881-47d1-a2d7-3677df2e925c.__CR521,0,1333,1333_PT0_SX300_V1___.jpg\" data- title=\"\"><\/p>\n<h4 class=\"a-spacing-mini\"><strong>Feuerresistent<\/strong><\/h4>\n<p>Durch die spezielle nicht brennbare Zusammensetzung der Fasern kann die Leiter einige Zeit einem Feuer standhalten. Wir empfehlen jedoch nicht, sie bei direktem Feuer zu verwenden.<\/p>\n<div><img loading=\"lazy\" decoding=\"async\" class=\"a-spacing-mini aligncenter\" src=\"https:\/\/m.media-amazon.com\/images\/S\/aplus-media\/sc\/d843778e-92b5-40e7-a239-8e35fcbadff6.__CR0,0,2000,2000_PT0_SX300_V1___.jpg\" alt=\"Different length\" width=\"295\" height=\"295\" data-src=\"https:\/\/m.media-amazon.com\/images\/S\/aplus-media\/sc\/d843778e-92b5-40e7-a239-8e35fcbadff6.__CR0,0,2000,2000_PT0_SX300_V1___.jpg\" data- title=\"\"><\/div>\n<div>\n<h4><\/h4>\n<h4 class=\"a-spacing-mini\"><strong>Unterschiedliche L\u00e4nge<\/strong><\/h4>\n<p>verf\u00fcgbar 2,5 \/ 4\/5 \/ 7,5 \/ 10 m f\u00fcr 1-4-st\u00f6ckige H\u00e4user.<\/p>\n<p><img decoding=\"async\" class=\"a-spacing-mini aligncenter\" src=\"https:\/\/m.media-amazon.com\/images\/S\/aplus-media\/sc\/b32fbb7f-dd3b-4bce-a9d4-1f51dbe477df.__CR0,0,1000,1000_PT0_SX300_V1___.jpg\" alt=\"reusable\" data-src=\"https:\/\/m.media-amazon.com\/images\/S\/aplus-media\/sc\/b32fbb7f-dd3b-4bce-a9d4-1f51dbe477df.__CR0,0,1000,1000_PT0_SX300_V1___.jpg\" data- title=\"\"><\/p>\n<\/div>\n<\/div>\n<\/div>\n<div>\n<h4 class=\"a-spacing-mini\"><strong>Wiederverwendbar<\/strong><\/h4>\n<p>Im Gegensatz zu anderen Aluminiumleitern sind unsere Strickleitern wiederverwendbar.<\/p>\n<\/div>\n<\/div>\n<div class=\"celwidget aplus-module module-9\" style=\"text-align: center\" data-csa-c-id=\"m09cvz-o5p85w-qopj3k-czo0y3\" data-cel-widget=\"aplus-module-9\">\n<div class=\"a-expander-collapsed-height a-row a-expander-container a-expander-partial-collapse-container\" aria-live=\"polite\" data-a-expander-name=\"aplus-module-expander\" data-a-expander-collapsed-height=\"700\">\n<div class=\"a-expander-content a-expander-partial-collapse-content\" aria-expanded=\"false\">\n<div><\/div>\n<\/div>\n<\/div>\n<\/div>\n<div class=\"celwidget aplus-module module-2\" data-csa-c-id=\"c1j3x0-mk1xcm-qa38lk-mib4cf\" data-cel-widget=\"aplus-module-2\">\n<div class=\"a-expander-collapsed-height a-row a-expander-container a-expander-partial-collapse-container\" aria-live=\"polite\" data-a-expander-name=\"aplus-module-expander\" data-a-expander-collapsed-height=\"700\">\n<div class=\"a-expander-content a-expander-partial-collapse-content\" aria-expanded=\"false\">\n<div class=\"aplus-module-wrapper apm-floatnone\">\n<div class=\"apm-sidemodule apm-spacing\">\n<div class=\"apm-sidemodule-imageleft\" style=\"text-align: center\">\n<div class=\"apm-sidemodule-imageleft\"><img decoding=\"async\" class=\"aligncenter\" src=\"https:\/\/m.media-amazon.com\/images\/S\/aplus-media\/sc\/5d58a27f-3ad8-40ab-8aed-7adb8eb1634b.__CR0,0,816,816_PT0_SX300_V1___.jpg\" alt=\"ladder\" data-src=\"https:\/\/m.media-amazon.com\/images\/S\/aplus-media\/sc\/5d58a27f-3ad8-40ab-8aed-7adb8eb1634b.__CR0,0,816,816_PT0_SX300_V1___.jpg\" data- title=\"\"><\/div>\n<div class=\"apm-sidemodule-textright\">\n<h3 class=\"a-spacing-mini\">Jeder dachte mindestens einmal, was w\u00e4re, wenn es in seinem Haus, Geb\u00e4ude oder B\u00fcro ein Feuer g\u00e4be? Besonders besorgt, wenn Sie Kinder haben!<\/h3>\n<p>Wir bei ISOP glauben, dass JEDE Familie im Notfall eine Fluchtleiter haben muss! Wir haben eine ganze Reihe von Notleitern und -ger\u00e4ten f\u00fcr verschiedene Bed\u00fcrfnisse entwickelt, die wir Ihnen vorstellen m\u00f6chten.<\/p>\n<p>ISOP Feuerleiter f\u00fcr Fenster im zweiten Stock 4 m<\/p>\n<p>Dies ist eine 4 m lange Leiter mit Haken zum Entkommen aus einem Fenster oder Balkon. Eisenhaken passen perfekt zu den meisten Fensterrahmen der Welt.<\/p>\n<p>Zusammen mit allen Vorteilen ist diese Leiter einfach zu bedienen. Sogar Kinder k\u00f6nnen klettern. Es ist schwierig, es zu benutzen, wenn die Leiter nicht fest an der Wand anliegt, sondern in der Luft h\u00e4ngt. Dies gilt f\u00fcr alle Treppen, nicht nur f\u00fcr unsere. In diesem Fall m\u00fcssen Sie wie bei Akrobaten in einem Zirkus die Treppe hinuntergehen (auf den Bildern ist ein Bild zu sehen).<\/p>\n<p>Einige unserer Kunden verbinden die Leitern im Voraus mit den in unserem Gesch\u00e4ft erh\u00e4ltlichen Kletterankern an der Wand. Wir halten dies f\u00fcr einen sehr durchdachten Ansatz und empfehlen ihn weiter.<\/p>\n<p><img loading=\"lazy\" decoding=\"async\" class=\"wp-image-5271 aligncenter\" src=\"https:\/\/isopllc.com\/de\/wp-content\/uploads\/sites\/3\/2020\/01\/Feuerfeste-Rettungsleiter-1.png\" alt=\"\" width=\"301\" height=\"301\" title=\"\" srcset=\"https:\/\/isopllc.com\/de\/wp-content\/uploads\/sites\/3\/2020\/01\/Feuerfeste-Rettungsleiter-1.png 1080w, https:\/\/isopllc.com\/de\/wp-content\/uploads\/sites\/3\/2020\/01\/Feuerfeste-Rettungsleiter-1-150x150.png 150w, https:\/\/isopllc.com\/de\/wp-content\/uploads\/sites\/3\/2020\/01\/Feuerfeste-Rettungsleiter-1-768x768.png 768w, https:\/\/isopllc.com\/de\/wp-content\/uploads\/sites\/3\/2020\/01\/Feuerfeste-Rettungsleiter-1-1000x1000.png 1000w, https:\/\/isopllc.com\/de\/wp-content\/uploads\/sites\/3\/2020\/01\/Feuerfeste-Rettungsleiter-1-416x416.png 416w, https:\/\/isopllc.com\/de\/wp-content\/uploads\/sites\/3\/2020\/01\/Feuerfeste-Rettungsleiter-1-100x100.png 100w\" sizes=\"auto, (max-width: 301px) 100vw, 301px\" \/><\/p>\n<p style=\"text-align: center\">Unsere Leitern sind in allen renommierten Charts vertreten und werden von diesen Herausgebern unter den Top 5 bewertet.<\/p>\n<h3><strong>Verwendungszwecke der Rettungsleiter mit Haken<\/strong><\/h3>\n<ol>\n<li><strong>Notfallflucht<\/strong> \u2013 Schnelle Evakuierung aus Geb\u00e4uden bei Br\u00e4nden oder anderen Notf\u00e4llen.<\/li>\n<li><strong>Einfache Befestigung<\/strong> \u2013 Haken erm\u00f6glichen eine schnelle und sichere Anbringung an Fensterb\u00e4nken oder Balkonen.<\/li>\n<li><strong>Mehrst\u00f6ckige Geb\u00e4ude<\/strong> \u2013 Ideal f\u00fcr Wohnungen, H\u00e4user, B\u00fcros und Hotels.<\/li>\n<li><strong>Feuerwehr &amp; Rettungsdienste<\/strong> \u2013 Erg\u00e4nzung zu professioneller Rettungsausr\u00fcstung.<\/li>\n<li><strong>Outdoor &amp; Survival<\/strong> \u2013 N\u00fctzlich f\u00fcr Bergsteiger, Camper oder Rettungseins\u00e4tze in unwegsamem Gel\u00e4nde.<\/li>\n<li><strong>Flexibel &amp; Wiederverwendbar<\/strong> \u2013 Kann mehrfach genutzt und leicht verstaut werden.<\/li>\n<li><strong>Stabil &amp; Belastbar<\/strong> \u2013 Geeignet f\u00fcr Erwachsene, Kinder und Haustiere.<\/li>\n<\/ol>\n<p>Auch in <a href=\"https:\/\/isopllc.com\/de\/product\/fluchtleiter-fuer-fenster-im-dritten-stock\/\"><strong>8 m<\/strong><\/a> erh\u00e4ltlich.<\/p>\n<p>&nbsp;<\/p>\n<\/div>\n<\/div>\n<\/div>\n<\/div>\n<\/div>\n<\/div>\n<\/div>\n","protected":false},"excerpt":{"rendered":"[embed]https:\/\/youtu.be\/IJjTa-Ewpl4[\/embed]\n<p class=\"mceTemp\" style=\"text-align: center\">Flammwidrige Sicherheitsseilleiter mit Haken &#8211; Schnell zu installieren und einfach zu bedienen &#8211; Kompakt und einfach zu lagern &#8211; Gewichtskapazit\u00e4t bis zu 900 kg<\/p>\n<p style=\"text-align: center\">Kostenlose Lieferung innerhalb von 3-7 Tagen<\/p>\n<p>&nbsp;<\/p>\n","protected":false},"featured_media":4278,"comment_status":"open","ping_status":"closed","template":"","meta":[],"product_brand":[],"product_cat":[485,455],"product_tag":[308],"class_list":{"0":"post-1062","1":"product","2":"type-product","3":"status-publish","4":"has-post-thumbnail","6":"product_cat-rettungsleitern-1-stockwerke","7":"product_cat-seilleitern-feuerflucht","8":"product_tag-rettungsleitern-fuer-1-etagen-haeuser","10":"first","11":"instock","12":"purchasable","13":"product-type-variable"},"_links":{"self":[{"href":"https:\/\/isopllc.com\/de\/wp-json\/wp\/v2\/product\/1062","targetHints":{"allow":["GET"]}}],"collection":[{"href":"https:\/\/isopllc.com\/de\/wp-json\/wp\/v2\/product"}],"about":[{"href":"https:\/\/isopllc.com\/de\/wp-json\/wp\/v2\/types\/product"}],"replies":[{"embeddable":true,"href":"https:\/\/isopllc.com\/de\/wp-json\/wp\/v2\/comments?post=1062"}],"wp:featuredmedia":[{"embeddable":true,"href":"https:\/\/isopllc.com\/de\/wp-json\/wp\/v2\/media\/4278"}],"wp:attachment":[{"href":"https:\/\/isopllc.com\/de\/wp-json\/wp\/v2\/media?parent=1062"}],"wp:term":[{"taxonomy":"product_brand","embeddable":true,"href":"https:\/\/isopllc.com\/de\/wp-json\/wp\/v2\/product_brand?post=1062"},{"taxonomy":"product_cat","embeddable":true,"href":"https:\/\/isopllc.com\/de\/wp-json\/wp\/v2\/product_cat?post=1062"},{"taxonomy":"product_tag","embeddable":true,"href":"https:\/\/isopllc.com\/de\/wp-json\/wp\/v2\/product_tag?post=1062"}],"curies":[{"name":"wp","href":"https:\/\/api.w.org\/{rel}","templated":true}]}}