{"id":1282,"date":"2020-01-30T04:46:37","date_gmt":"2020-01-30T04:46:37","guid":{"rendered":"https:\/\/rightfoodonly.com\/?post_type=product&#038;p=1282"},"modified":"2025-07-26T14:42:00","modified_gmt":"2025-07-26T14:42:00","slug":"evakuierungsseilleiter-mit-sicherheitsgurt","status":"publish","type":"product","link":"https:\/\/isopllc.com\/de\/product\/evakuierungsseilleiter-mit-sicherheitsgurt\/","title":{"rendered":"Evakuierungsseilleiter mit Sicherheitsgurt 10 m"},"content":{"rendered":"<h2 style=\"text-align: center\"><img loading=\"lazy\" decoding=\"async\" class=\"alignnone size-medium\" src=\"https:\/\/m.media-amazon.com\/images\/S\/aplus-media\/sc\/13268c8b-3101-42a2-abc3-379c553d9afb.__CR0,0,970,300_PT0_SX970_V1___.jpg\" width=\"970\" height=\"300\" alt=\"\" title=\"\">Evakuierungsseilleiter mit Sicherheitsgurt 10 m &#8211; Notleiter aus Seil<\/h2>\n<div class=\"celwidget aplus-module module-9\" style=\"text-align: center\" data-csa-c-id=\"3d7463-l3bdk0-ygs321-8assbf\" data-cel-widget=\"aplus-module-9\">\n<div class=\"a-expander-collapsed-height a-row a-expander-container a-expander-partial-collapse-container\" aria-live=\"polite\" data-a-expander-name=\"aplus-module-expander\" data-a-expander-collapsed-height=\"700\">\n<div class=\"a-expander-content a-expander-partial-collapse-content\" aria-expanded=\"false\">\n<div class=\"aplus-module-wrapper\">\n<div class=\"apm-spacing apm-fixed-width\">\n<h3 class=\"a-spacing-small\">Warum uns w\u00e4hlen?<\/h3>\n<p><img loading=\"lazy\" decoding=\"async\" class=\"a-spacing-mini aligncenter\" src=\"https:\/\/m.media-amazon.com\/images\/S\/aplus-media\/sc\/1d1c9f11-8b81-43e1-b2d9-232d2a154745.__CR0,193,641,641_PT0_SX300_V1___.jpg\" alt=\"Evakuierungsseilleiter 10m\" width=\"300\" height=\"300\" data-src=\"https:\/\/m.media-amazon.com\/images\/S\/aplus-media\/sc\/1d1c9f11-8b81-43e1-b2d9-232d2a154745.__CR0,193,641,641_PT0_SX300_V1___.jpg\" data- title=\"\"><\/p>\n<\/div>\n<div class=\"apm-spacing apm-fixed-width\">\n<h4 class=\"a-spacing-mini\"><strong>ULTRA m\u00e4chtig<\/strong><\/h4>\n<p>Es gibt keine st\u00e4rkeren und zuverl\u00e4ssigeren Leitern als unsere, <strong>getestet (!)<\/strong> &#8211; mit 900 kg oder 10 Personen! Selbst Kettenleitern k\u00f6nnen sich dieser Gewichtskapazit\u00e4t nicht r\u00fchmen.<\/p>\n<p><img loading=\"lazy\" decoding=\"async\" class=\"a-spacing-mini aligncenter\" src=\"https:\/\/m.media-amazon.com\/images\/S\/aplus-media\/sc\/66906d66-df90-4038-8550-d72faf80c38f.__CR0,0,1200,1200_PT0_SX300_V1___.jpg\" alt=\"seilleiter 10m\" width=\"300\" height=\"300\" data-src=\"https:\/\/m.media-amazon.com\/images\/S\/aplus-media\/sc\/66906d66-df90-4038-8550-d72faf80c38f.__CR0,0,1200,1200_PT0_SX300_V1___.jpg\" data- title=\"\"><\/p>\n<h4 class=\"a-spacing-mini\"><strong>Multifunktion<\/strong><\/h4>\n<p>kann f\u00fcr verschiedene Zwecke wie Spielplatz, Schaukeln, Baumhaus, Dachboden, Garten, Dach, Dachboden, Bunker, Marine und sogar dekorative Zwecke verwendet werden. Endlose Vielfalt an Nutzungsm\u00f6glichkeiten.<\/p>\n<p><img loading=\"lazy\" decoding=\"async\" class=\"a-spacing-mini aligncenter\" src=\"https:\/\/m.media-amazon.com\/images\/S\/aplus-media\/sc\/a53251f8-492d-40f3-a9db-2bdd1415646f.__CR1018,0,1260,1260_PT0_SX300_V1___.png\" alt=\"Evakuierung\" width=\"300\" height=\"300\" data-src=\"https:\/\/m.media-amazon.com\/images\/S\/aplus-media\/sc\/a53251f8-492d-40f3-a9db-2bdd1415646f.__CR1018,0,1260,1260_PT0_SX300_V1___.png\" data- title=\"\"><\/p>\n<h4 class=\"a-spacing-mini\"><strong>Rutschfeste Sprossen<\/strong><\/h4>\n<p>Die Sprossen sind achteckig, daher zuverl\u00e4ssig und nicht rutschig.<\/p>\n<p><img loading=\"lazy\" decoding=\"async\" class=\"aligncenter\" src=\"https:\/\/m.media-amazon.com\/images\/S\/aplus-media\/sc\/f2e8fc4d-adcb-4ad8-87e7-2d18df74811d.__CR0,13,974,974_PT0_SX220_V1___.jpg\" alt=\"Rettungsseilleiter\" width=\"300\" height=\"300\" data-src=\"https:\/\/m.media-amazon.com\/images\/S\/aplus-media\/sc\/f2e8fc4d-adcb-4ad8-87e7-2d18df74811d.__CR0,13,974,974_PT0_SX220_V1___.jpg\" data- title=\"\"><\/p>\n<h4 class=\"a-spacing-mini\"><strong>Leicht<\/strong><\/h4>\n<p class=\"a-size-small\">Zum Beispiel wiegt 2,5 m nur 1,8 kg<\/p>\n<p><img loading=\"lazy\" decoding=\"async\" class=\"aligncenter\" src=\"https:\/\/m.media-amazon.com\/images\/S\/aplus-media\/sc\/0552c400-f2fc-46a1-84a9-d5030a1ca8e2.__CR0,0,1000,1000_PT0_SX220_V1___.jpg\" alt=\"Notfallseil-Leiter\" width=\"300\" height=\"300\" data-src=\"https:\/\/m.media-amazon.com\/images\/S\/aplus-media\/sc\/0552c400-f2fc-46a1-84a9-d5030a1ca8e2.__CR0,0,1000,1000_PT0_SX220_V1___.jpg\" data- title=\"\"><\/p>\n<\/div>\n<div>\n<h4 class=\"a-spacing-mini\"><strong>Wetterresistent<\/strong><\/h4>\n<p class=\"a-size-small\">Fast nie alternde Leitern f\u00fcr jedes Wetter, kann im Regen nicht besch\u00e4digt werden.<\/p>\n<h4 class=\"a-spacing-mini\"><img loading=\"lazy\" decoding=\"async\" class=\"aligncenter\" style=\"font-size: 16px\" src=\"https:\/\/m.media-amazon.com\/images\/S\/aplus-media\/sc\/14916db8-10a6-4760-8535-f49470d709ad.__CR11,0,1189,1189_PT0_SX220_V1___.jpg\" alt=\"Fluchtseil-Leiter\" width=\"300\" height=\"300\" data-src=\"https:\/\/m.media-amazon.com\/images\/S\/aplus-media\/sc\/14916db8-10a6-4760-8535-f49470d709ad.__CR11,0,1189,1189_PT0_SX220_V1___.jpg\" data- title=\"\"><\/h4>\n<\/div>\n<\/div>\n<\/div>\n<\/div>\n<\/div>\n<div class=\"celwidget aplus-module module-4\" style=\"text-align: center\" data-csa-c-id=\"5glng-jun4yd-v4jukx-uxl7pr\" data-cel-widget=\"aplus-module-4\">\n<div class=\"a-expander-collapsed-height a-row a-expander-container a-expander-partial-collapse-container\" aria-live=\"polite\" data-a-expander-name=\"aplus-module-expander\" data-a-expander-collapsed-height=\"700\">\n<div class=\"a-expander-content a-expander-partial-collapse-content\" aria-expanded=\"false\">\n<div class=\"aplus-module-wrapper\">\n<div class=\"apm-spacing\">\n<div class=\"apm-floatleft apm-fixed-width\">\n<div class=\"apm-spacing\">\n<h4 class=\"a-spacing-mini\"><strong>Hochleistungskarabiner<\/strong><\/h4>\n<p class=\"a-size-small\">Die Notleiter aus Seil sind mit verchromten Karabinern mit einer Bruchfestigkeit von 11 kN ausgestattet<\/p>\n<\/div>\n<\/div>\n<\/div>\n<\/div>\n<p><img loading=\"lazy\" decoding=\"async\" class=\"a-spacing-mini aligncenter\" src=\"https:\/\/m.media-amazon.com\/images\/S\/aplus-media\/sc\/eebfdeb6-a881-47d1-a2d7-3677df2e925c.__CR521,0,1333,1333_PT0_SX300_V1___.jpg\" alt=\"Feuerwehrseil-Leiter\" width=\"300\" height=\"300\" data-src=\"https:\/\/m.media-amazon.com\/images\/S\/aplus-media\/sc\/eebfdeb6-a881-47d1-a2d7-3677df2e925c.__CR521,0,1333,1333_PT0_SX300_V1___.jpg\" data- title=\"\"><\/p>\n<h4 class=\"a-spacing-mini\"><strong>Feuerresistent<\/strong><\/h4>\n<p>Durch die spezielle nicht brennbare Zusammensetzung der Fasern kann die Leiter einige Zeit einem Feuer standhalten. Wir empfehlen jedoch nicht, sie bei direktem Feuer zu verwenden.<\/p>\n<div>\n<h4 class=\"a-spacing-mini\"><strong>Unterschiedliche L\u00e4nge<\/strong><\/h4>\n<p>verf\u00fcgbar 2,5 \/ 4\/5 \/ 7,5 \/ 10 m f\u00fcr 1-4-st\u00f6ckige H\u00e4user.<\/p>\n<p><img loading=\"lazy\" decoding=\"async\" class=\"a-spacing-mini aligncenter\" src=\"https:\/\/m.media-amazon.com\/images\/S\/aplus-media\/sc\/b32fbb7f-dd3b-4bce-a9d4-1f51dbe477df.__CR0,0,1000,1000_PT0_SX300_V1___.jpg\" alt=\"Notleiter aus Seil\" width=\"300\" height=\"300\" data-src=\"https:\/\/m.media-amazon.com\/images\/S\/aplus-media\/sc\/b32fbb7f-dd3b-4bce-a9d4-1f51dbe477df.__CR0,0,1000,1000_PT0_SX300_V1___.jpg\" data- title=\"\"><\/p>\n<\/div>\n<\/div>\n<\/div>\n<div>\n<h4 class=\"a-spacing-mini\"><strong>Wiederverwendbar<\/strong><\/h4>\n<p>Im Gegensatz zu anderen Aluminiumleitern sind unsere Strickleitern wiederverwendbar.<\/p>\n<div class=\"celwidget aplus-module module-2\" data-cel-widget=\"aplus-module-2\">\n<div class=\"a-expander-collapsed-height a-row a-expander-container a-expander-partial-collapse-container\" aria-live=\"polite\" data-a-expander-name=\"aplus-module-expander\" data-a-expander-collapsed-height=\"700\">\n<div class=\"a-expander-content a-expander-partial-collapse-content\" aria-expanded=\"false\">\n<div class=\"aplus-module-wrapper apm-floatnone\">\n<div class=\"apm-sidemodule apm-spacing\">\n<div class=\"apm-sidemodule-imageleft\"><img loading=\"lazy\" decoding=\"async\" class=\"aligncenter\" src=\"https:\/\/m.media-amazon.com\/images\/S\/aplus-media\/sc\/4184feb5-b6de-4c8f-8f06-9b647c9fe0f9.__CR0,0,500,500_PT0_SX300_V1___.jpg\" alt=\"Notfall-Rettungsleiter\" width=\"300\" height=\"300\" data-src=\"https:\/\/m.media-amazon.com\/images\/S\/aplus-media\/sc\/4184feb5-b6de-4c8f-8f06-9b647c9fe0f9.__CR0,0,500,500_PT0_SX300_V1___.jpg\" data- title=\"\"><\/div>\n<div class=\"apm-sidemodule-textright\">\n<h3 class=\"a-spacing-mini\">DAS BESTE<\/h3>\n<p>Vergleichen wir die Leitern bei Amazon. Im Gegensatz zu anderen bieten wir ein Evakuierungsset an. Unsere 4-st\u00f6ckige Not-Fluchtleiter verf\u00fcgt \u00fcber eine zus\u00e4tzliche Absturzsicherung in Form eines Sicherheitskabels, das an der Leiterseite eingeh\u00e4ngt ist und verhindert, dass Sie fallen, wenn Sie einen Sicherheitsgurt verwenden, der ebenfalls im Lieferumfang enthalten ist sorgen Sie f\u00fcr einen sicheren Abstieg.<\/p>\n<p>Ein weiterer wichtiger Punkt ist die Sprossengr\u00f6\u00dfe von 32 cm (wenn alle Teilnehmer nur 30 cm oder weniger anbieten), was auf den ersten Blick nicht viel zu sein scheint, aber der Leiter zus\u00e4tzliche Stabilit\u00e4t verleiht. Dar\u00fcber hinaus sind diese Leitern nahezu unbegrenzt und vielseitig einsetzbar zu sehr erschwinglichen Kosten.<\/p>\n<p>Diese einzigartige Leiter ist unsere eigene Erfindung und wurde patentiert.<\/p>\n<\/div>\n<\/div>\n<\/div>\n<div><\/div>\n<\/div>\n<\/div>\n<\/div>\n<div class=\"celwidget aplus-module module-2\" data-cel-widget=\"aplus-module-2\">\n<div class=\"a-expander-collapsed-height a-row a-expander-container a-expander-partial-collapse-container\" aria-live=\"polite\" data-a-expander-name=\"aplus-module-expander\" data-a-expander-collapsed-height=\"700\">\n<div class=\"a-expander-content a-expander-partial-collapse-content\" aria-expanded=\"false\">\n<div class=\"aplus-module-wrapper apm-floatnone\">\n<div class=\"apm-sidemodule apm-spacing\">\n<div class=\"apm-sidemodule-imageleft\"><img loading=\"lazy\" decoding=\"async\" class=\"aligncenter\" src=\"https:\/\/m.media-amazon.com\/images\/S\/aplus-media\/sc\/221fd1f4-70b4-420a-9cf7-c5a088657bcb.__CR766,0,1444,1444_PT0_SX300_V1___.jpg\" alt=\"Brandschutz-Seilleiter\" width=\"300\" height=\"300\" data-src=\"https:\/\/m.media-amazon.com\/images\/S\/aplus-media\/sc\/221fd1f4-70b4-420a-9cf7-c5a088657bcb.__CR766,0,1444,1444_PT0_SX300_V1___.jpg\" data- title=\"\"><\/div>\n<div class=\"apm-sidemodule-textright\">\n<h3 class=\"a-spacing-mini\">Wenn es um die Sicherheit geht, k\u00f6nnen Sie nie zu bereit sein, mit Feuer umzugehen. Diese Notleiter aus Seil wurde im Hinblick auf Komfort und Zug\u00e4nglichkeit entwickelt.<\/h3>\n<p>Wir bieten nicht nur eine Leiter, sondern eine Rettung bei einem Brand! Wenn Sie sich w\u00e4hrend eines Feuers im 5. Stock befinden, kann eine einfache Leiter Sie retten? Eine ungeschulte Person kann ohne ein Sicherheitsseil nicht aus einer solchen H\u00f6he absteigen. Wenn Sie also eines haben, f\u00fchlen und handeln Sie viel sicherer, und selbst im Falle eines Fehltritts h\u00e4ngen Sie weiter an einem Sicherheitsseil und steigen weiter ab. Akrobaten im Zirkus fallen nicht, weil ein Sicherheitsseil ihnen mehr Selbstvertrauen gibt.<\/p>\n<p>Aus diesem Grund haben wir unsere 4-st\u00f6ckige Not-Fluchtleiter so gestaltet, dass Sie einen zuverl\u00e4ssigen Ausgang durch ein Fenster oder einen Balkon erhalten. Dank seines einfachen Designs und der zus\u00e4tzlichen Sicherheitsfunktionen kann jeder damit sicher sein, dass er absolut sicher bleibt. Das Kabel ist an der Leiter eingeh\u00e4ngt und verhindert, dass Sie herunterfallen, w\u00e4hrend Hochleistungskarabiner eine sichere Befestigung an einem Fenster oder Balkon bieten.<\/p>\n<p><img loading=\"lazy\" decoding=\"async\" class=\"aligncenter wp-image-5271\" src=\"https:\/\/isopllc.com\/de\/wp-content\/uploads\/sites\/3\/2020\/01\/Feuerfeste-Rettungsleiter-1.png\" alt=\"Notleiter aus Seil\" width=\"301\" height=\"301\" title=\"\" srcset=\"https:\/\/isopllc.com\/de\/wp-content\/uploads\/sites\/3\/2020\/01\/Feuerfeste-Rettungsleiter-1.png 1080w, https:\/\/isopllc.com\/de\/wp-content\/uploads\/sites\/3\/2020\/01\/Feuerfeste-Rettungsleiter-1-150x150.png 150w, https:\/\/isopllc.com\/de\/wp-content\/uploads\/sites\/3\/2020\/01\/Feuerfeste-Rettungsleiter-1-768x768.png 768w, https:\/\/isopllc.com\/de\/wp-content\/uploads\/sites\/3\/2020\/01\/Feuerfeste-Rettungsleiter-1-1000x1000.png 1000w, https:\/\/isopllc.com\/de\/wp-content\/uploads\/sites\/3\/2020\/01\/Feuerfeste-Rettungsleiter-1-416x416.png 416w, https:\/\/isopllc.com\/de\/wp-content\/uploads\/sites\/3\/2020\/01\/Feuerfeste-Rettungsleiter-1-100x100.png 100w\" sizes=\"auto, (max-width: 301px) 100vw, 301px\" \/><\/p>\n<p style=\"text-align: center\">Unsere Leitern sind in allen renommierten Charts vertreten und werden von diesen Herausgebern unter den Top 5 bewertet.<\/p>\n<\/div>\n<\/div>\n<\/div>\n<\/div>\n<\/div>\n<\/div>\n<\/div>\n<\/div>\n","protected":false},"excerpt":{"rendered":"[embed]https:\/\/youtu.be\/Us4uiPu-Bl4[\/embed]\n<p class=\"mceTemp\" style=\"text-align: center\">Evakuierungsseilleiter mit Sicherheitsgurt 10 m &#8211; Schnell zu installieren und einfach zu bedienen &#8211; Kompakt und einfach zu lagern &#8211; Gewichtskapazit\u00e4t bis zu 900 kg<\/p>\n<p style=\"text-align: center\">Kostenlose Lieferung innerhalb von 3-7 Tagen<\/p>\n<p>&nbsp;<\/p>\n","protected":false},"featured_media":4285,"comment_status":"open","ping_status":"closed","template":"","meta":[],"product_brand":[],"product_cat":[454,455],"product_tag":[325],"class_list":{"0":"post-1282","1":"product","2":"type-product","3":"status-publish","4":"has-post-thumbnail","6":"product_cat-rettungsleitern-3-stockwerke","7":"product_cat-seilleitern-feuerflucht","8":"product_tag-feuerleiter-fuer-3-stock","10":"first","11":"instock","12":"purchasable","13":"product-type-variable"},"_links":{"self":[{"href":"https:\/\/isopllc.com\/de\/wp-json\/wp\/v2\/product\/1282","targetHints":{"allow":["GET"]}}],"collection":[{"href":"https:\/\/isopllc.com\/de\/wp-json\/wp\/v2\/product"}],"about":[{"href":"https:\/\/isopllc.com\/de\/wp-json\/wp\/v2\/types\/product"}],"replies":[{"embeddable":true,"href":"https:\/\/isopllc.com\/de\/wp-json\/wp\/v2\/comments?post=1282"}],"wp:featuredmedia":[{"embeddable":true,"href":"https:\/\/isopllc.com\/de\/wp-json\/wp\/v2\/media\/4285"}],"wp:attachment":[{"href":"https:\/\/isopllc.com\/de\/wp-json\/wp\/v2\/media?parent=1282"}],"wp:term":[{"taxonomy":"product_brand","embeddable":true,"href":"https:\/\/isopllc.com\/de\/wp-json\/wp\/v2\/product_brand?post=1282"},{"taxonomy":"product_cat","embeddable":true,"href":"https:\/\/isopllc.com\/de\/wp-json\/wp\/v2\/product_cat?post=1282"},{"taxonomy":"product_tag","embeddable":true,"href":"https:\/\/isopllc.com\/de\/wp-json\/wp\/v2\/product_tag?post=1282"}],"curies":[{"name":"wp","href":"https:\/\/api.w.org\/{rel}","templated":true}]}}