{"id":1496,"date":"2020-02-06T09:11:16","date_gmt":"2020-02-06T09:11:16","guid":{"rendered":"https:\/\/rightfoodonly.com\/?post_type=product&#038;p=1496"},"modified":"2025-06-25T18:49:44","modified_gmt":"2025-06-25T18:49:44","slug":"feuerfeste-geldsichere-dokumententasche","status":"publish","type":"product","link":"https:\/\/isopllc.com\/de\/product\/feuerfeste-geldsichere-dokumententasche\/","title":{"rendered":"Feuerfeste Dokumententasche 28 x 38 cm &#8211; Feuerfeste Tasche"},"content":{"rendered":"<div class=\"celwidget aplus-module module-11\">\n<div class=\"a-expander-collapsed-height a-row a-expander-container a-expander-partial-collapse-container\" data-a-expander-name=\"aplus-module-expander\" data-a-expander-collapsed-height=\"360\">\n<div class=\"a-expander-content a-expander-partial-collapse-content\">\n<div class=\"aplus-module-wrapper apm-spacing apm-floatnone\">\n<div class=\"apm-sidemodule aplus-module-content\">\n<div class=\"apm-hero-image\">\n<p><strong>Machen Sie sich Sorgen dar\u00fcber, was im Brandfall mit Ihren Dokumenten, Ihrem Geld, Ihrem Reisepass oder anderen Wertsachen passieren k\u00f6nnte? Feuerfeste Dokumententasche 28 x 38 cm &#8211; Feuerfeste Tasche<\/strong><\/p>\n<p>Unsere feuerfeste Dokumententasche sch\u00fctzt alles vor Brandsch\u00e4den. Es besteht aus hochwertigem Silikon-Glasfasermaterial, das bis zu 1832 \u00b0 F standh\u00e4lt. Der zus\u00e4tzliche Schutz der feuerfesten Geldtasche stellt sicher, dass Ihre Wertsachen vollst\u00e4ndig gesch\u00fctzt sind, sodass Sie beruhigt bleiben.<\/p>\n<p><img decoding=\"async\" class=\"alignnone\" style=\"font-weight: bold; text-align: center;\" src=\"https:\/\/m.media-amazon.com\/images\/S\/aplus-media\/sc\/3e67dcec-29c9-4420-bc36-23edbba1d052.__CR0,0,500,500_PT0_SX220_V1___.jpg\" alt=\"isop fire case\" data-src=\"https:\/\/m.media-amazon.com\/images\/S\/aplus-media\/sc\/3e67dcec-29c9-4420-bc36-23edbba1d052.__CR0,0,500,500_PT0_SX220_V1___.jpg\" data- title=\"\"><\/p>\n<p><strong>EXTREMER FEUERSICHERER SCHUTZ<\/strong><\/p>\n<p>Lassen Sie sich nicht vom Feuer \u00fcberraschen &#8211; besser sicher als leid. Die feuerfeste Tasche sch\u00fctzt Ihre Wertsachen bei Temperaturen von bis zu 550 \u00b0 C! Mit 28 x 38 cm ist es die ideale Gr\u00f6\u00dfe, um Bargeld, Schmuck, Kreditkarten, Ausweise, Reisepass, wichtige Dokumente und mehr aufzubewahren.<\/p>\n<p><img decoding=\"async\" class=\"alignnone\" src=\"https:\/\/m.media-amazon.com\/images\/S\/aplus-media\/sc\/ab3ce7c8-8b20-4836-be6b-c68c346f8fc5.__CR0,0,500,500_PT0_SX220_V1___.jpg\" alt=\"money pouch\" data-src=\"https:\/\/m.media-amazon.com\/images\/S\/aplus-media\/sc\/ab3ce7c8-8b20-4836-be6b-c68c346f8fc5.__CR0,0,500,500_PT0_SX220_V1___.jpg\" data- title=\"\"><\/p>\n<p><strong>HALTEN SIE IHREN WERTVOLLEN SICHER UND SICHER<\/strong><\/p>\n<p>Unsere wasserdichte Tasche ist der perfekte Weg, um Wertsachen sicher und frei von Besch\u00e4digungen aller Art zu halten. Sie k\u00f6nnen alles aufbewahren, was unser Dokumententasche aus wichtigen Unterlagen, Bargeld, Juwelier, Batterien oder allem mit hohem Wert und Bedeutung ist.<\/p>\n<p><img decoding=\"async\" class=\"alignnone\" src=\"https:\/\/m.media-amazon.com\/images\/S\/aplus-media\/sc\/61a07ae1-9b7a-448f-844e-b7fd1b6a421e.__CR0,0,500,500_PT0_SX220_V1___.jpg\" alt=\"fire safe\" data-src=\"https:\/\/m.media-amazon.com\/images\/S\/aplus-media\/sc\/61a07ae1-9b7a-448f-844e-b7fd1b6a421e.__CR0,0,500,500_PT0_SX220_V1___.jpg\" data- title=\"\"><\/p>\n<p><strong>NICHT-ITCHY &amp; DOPPELSCHICHT-SCHUTZ<\/strong><\/p>\n<p>Unsere feuerfesten Dokumententaschen bestehen aus aluminiumbeschichtetem Glasfaserglas (innen) und Silikonkleberglasfaser (au\u00dfen), um einen doppelschichtigen Schutz zu bieten, genau wie feuerfest.<\/p>\n<p><img decoding=\"async\" class=\"alignnone\" style=\"font-weight: bold; text-align: center;\" src=\"https:\/\/m.media-amazon.com\/images\/S\/aplus-media\/sc\/baca919d-3e50-4f02-921f-615055d5b3e9.__CR0,0,500,500_PT0_SX220_V1___.jpg\" alt=\"fire\/water resistant case\" data-src=\"https:\/\/m.media-amazon.com\/images\/S\/aplus-media\/sc\/baca919d-3e50-4f02-921f-615055d5b3e9.__CR0,0,500,500_PT0_SX220_V1___.jpg\" data- title=\"\"><\/p>\n<p><strong>Ein Muss zu Hause haben<\/strong><\/p>\n<p>Die Kombination eines feuerfesten Beutels und einer SAFE BOX ist die beste L\u00f6sung, um Ihren Dokumenten und Wertsachen bei jedem Brandunfall einen vollst\u00e4ndigen Schutz zu bieten. Andernfalls kann Papier in jedem feuerfesten Material nach l\u00e4ngerer Einwirkung hoher Temperaturen kohlens\u00e4urehaltig werden.<\/p>\n<\/div>\n<\/div>\n<\/div>\n<\/div>\n<\/div>\n<\/div>\n","protected":false},"excerpt":{"rendered":"<p id=\"title\" class=\"a-size-large a-spacing-none\" style=\"text-align: center;\"><span id=\"productTitle\" class=\"a-size-large product-title-word-break\">Feuerfeste geldsichere Dokumententasche 28 x 38 cm Nicht juckende silikonbeschichtete feuerfeste wasserdichte Geldtasche Sichere Aufbewahrung f\u00fcr Geld, Dokumente, Schmuck und Reisepass<\/span><\/p>\n<p class=\"a-size-large a-spacing-none\" style=\"text-align: center;\"><strong>Vorteile einer Feuerfesten Dokumententasche<\/strong><\/p>\n<ol>\n<li><strong>Hitzebest\u00e4ndig<\/strong> \u2013 Sch\u00fctzt Dokumente, Bargeld, P\u00e4sse und andere Wertsachen vor Feuer.<\/li>\n<li><strong>Wasserabweisend<\/strong> \u2013 Bietet zus\u00e4tzlichen Schutz gegen Wasser, Feuchtigkeit und L\u00f6schwasser.<\/li>\n<li><strong>Sicherheitsverst\u00e4rkt<\/strong> \u2013 H\u00e4ufig mit einem Rei\u00dfverschluss und Klettverschluss f\u00fcr besseren Schutz.<\/li>\n<li><strong>Hochwertige Materialien<\/strong> \u2013 Hergestellt aus feuerfestem Fiberglas oder Silikon-beschichtetem Gewebe.<\/li>\n<li><strong>Tragbar &amp; leicht<\/strong> \u2013 Einfach zu transportieren und in einem Safe, Koffer oder Rucksack zu verstauen.<\/li>\n<li><strong>Vielseitig einsetzbar<\/strong> \u2013 Ideal f\u00fcr Dokumente, Schmuck, USB-Sticks, Festplatten und andere Wertgegenst\u00e4nde.<\/li>\n<li><strong>Gro\u00dfe Kapazit\u00e4t<\/strong> \u2013 Erh\u00e4ltlich in verschiedenen Gr\u00f6\u00dfen f\u00fcr unterschiedliche Bed\u00fcrfnisse.<\/li>\n<li><strong>Langlebig &amp; wiederverwendbar<\/strong> \u2013 H\u00e4lt extremen Temperaturen stand und kann langfristig genutzt werden.<\/li>\n<li><strong>Ideal f\u00fcr Notf\u00e4lle<\/strong> \u2013 Ein unverzichtbares Schutzprodukt bei Hausbr\u00e4nden oder Naturkatastrophen.<\/li>\n<li><strong>Beruhigendes Sicherheitsgef\u00fchl<\/strong> \u2013 Bietet zus\u00e4tzliche Sicherheit f\u00fcr wichtige Unterlagen im Alltag.<\/li>\n<\/ol>\n<p style=\"text-align: center;\">Kostenlose Lieferung innerhalb von 3-7 Tagen<\/p>\n<p>&nbsp;<\/p>\n","protected":false},"featured_media":4289,"comment_status":"open","ping_status":"closed","template":"","meta":[],"product_brand":[],"product_cat":[443],"product_tag":[421],"class_list":{"0":"post-1496","1":"product","2":"type-product","3":"status-publish","4":"has-post-thumbnail","6":"product_cat-rettungs-und-ueberlebenssets","7":"product_tag-feuerfeste-dokumententasche","9":"first","10":"instock","11":"purchasable","12":"product-type-simple"},"_links":{"self":[{"href":"https:\/\/isopllc.com\/de\/wp-json\/wp\/v2\/product\/1496","targetHints":{"allow":["GET"]}}],"collection":[{"href":"https:\/\/isopllc.com\/de\/wp-json\/wp\/v2\/product"}],"about":[{"href":"https:\/\/isopllc.com\/de\/wp-json\/wp\/v2\/types\/product"}],"replies":[{"embeddable":true,"href":"https:\/\/isopllc.com\/de\/wp-json\/wp\/v2\/comments?post=1496"}],"wp:featuredmedia":[{"embeddable":true,"href":"https:\/\/isopllc.com\/de\/wp-json\/wp\/v2\/media\/4289"}],"wp:attachment":[{"href":"https:\/\/isopllc.com\/de\/wp-json\/wp\/v2\/media?parent=1496"}],"wp:term":[{"taxonomy":"product_brand","embeddable":true,"href":"https:\/\/isopllc.com\/de\/wp-json\/wp\/v2\/product_brand?post=1496"},{"taxonomy":"product_cat","embeddable":true,"href":"https:\/\/isopllc.com\/de\/wp-json\/wp\/v2\/product_cat?post=1496"},{"taxonomy":"product_tag","embeddable":true,"href":"https:\/\/isopllc.com\/de\/wp-json\/wp\/v2\/product_tag?post=1496"}],"curies":[{"name":"wp","href":"https:\/\/api.w.org\/{rel}","templated":true}]}}