{"id":4195,"date":"2020-07-22T12:10:12","date_gmt":"2020-07-22T12:10:12","guid":{"rendered":"https:\/\/isopllc.com\/uk\/?post_type=product&#038;p=4126"},"modified":"2025-07-06T20:54:48","modified_gmt":"2025-07-06T20:54:48","slug":"fluchttasche-fuer-kinder-haustiere-68-kg","status":"publish","type":"product","link":"https:\/\/isopllc.com\/de\/product\/fluchttasche-fuer-kinder-haustiere-68-kg\/","title":{"rendered":"Fluchttasche f\u00fcr Kinder &amp; Haustiere bis 68 kg"},"content":{"rendered":"<div class=\"celwidget aplus-module module-1\" data-cel-widget=\"aplus-module-1\">\n<div class=\"a-expander-collapsed-height a-row a-expander-container a-expander-partial-collapse-container\" data-a-expander-name=\"aplus-module-expander\" data-a-expander-collapsed-height=\"700\">\n<div class=\"a-expander-content a-expander-partial-collapse-content\">\n<div class=\"aplus-module-wrapper apm-fixed-width\">\n<div class=\"apm-spacing apm-wrap\">\n<div class=\"apm-floatleft apm-wrap\">\n<div class=\"apm-leftimage\"><img loading=\"lazy\" decoding=\"async\" class=\"a-spacing-mini alignleft\" src=\"https:\/\/m.media-amazon.com\/images\/S\/aplus-media\/sc\/12937edf-a97d-4a60-bf54-3b50b9ed8d44.__CR0,0,300,400_PT0_SX300_V1___.jpg\" alt=\"Fluchttasche f\u00fcr Kinder &amp; Haustiere\" width=\"300\" height=\"400\" data-src=\"https:\/\/m.media-amazon.com\/images\/S\/aplus-media\/sc\/12937edf-a97d-4a60-bf54-3b50b9ed8d44.__CR0,0,300,400_PT0_SX300_V1___.jpg\" data- title=\"\"><\/div>\n<div class=\"apm-rightthirdcol\">\n<div class=\"apm-rightthirdcol-inner\">\n<h2>Fluchttasche f\u00fcr Kinder &amp; Haustiere bis 68 kg &#8211; Seil 15 m inklusive &#8211; Tr\u00e4ger f\u00fcr Kindersicherheitsausr\u00fcstung &#8211; Schnellrettungstasche<\/h2>\n<h3 class=\"a-spacing-mini\">Stellen Sie sicher, dass Ihr kleiner Engel sicher bleibt, falls ein Feuer ausbricht!<\/h3>\n<h4 class=\"a-spacing-mini a-color-secondary a-text-italic\">Vorstellung des ultimativen Notfeuerevakuierungsger\u00e4ts f\u00fcr Kinder oder Haustiere, das von ISOP angeboten wird!<\/h4>\n<p>Wohnen Sie im 5. Stock und sorgen sich um die Sicherheit Ihrer Kinder im Brandfall? W\u00fcrden Sie besser schlafen, wenn Sie wissen, dass Ihr Kind oder Haustier sicher schnell au\u00dferhalb des Geb\u00e4udes fliehen kann?<\/p>\n<p>Diese Feuerfluchttasche besteht aus einem Rucksack, sodass Sie im Notfall ein Kind oder ein Haustier hineinlegen k\u00f6nnen. Ziehen Sie sie einfach an und lassen Sie sie mit einem Hochleistungsseil aus einem Fenster laufen oder senken.<\/p>\n<p class=\"a-spacing-base\">Bringen Sie Ihr Kind in 3 Schritten von der Gefahr zur Sicherheit!<\/p>\n<div class=\"amp-centerthirdcol-listbox\">\n<div class=\"apm-listbox amp-centerthirdcol-listbox a-box a-color-alternate-background a-spacing-small\">\n<div class=\"a-box-inner\">\n<ul class=\"a-unordered-list a-vertical\">\n<li style=\"text-align: left\">Klappen Sie die Notausstiegsvorrichtung auf<\/li>\n<li style=\"text-align: left\">Legen Sie ein Kissen hinein und Ihr Kind oder Haustier darauf<\/li>\n<li style=\"text-align: left\">Senken Sie die Tasche mit ihrem wertvollen Inhalt von der Au\u00dfenseite des Geb\u00e4udes auf den Boden<\/li>\n<\/ul>\n<h3><img loading=\"lazy\" decoding=\"async\" class=\"\" src=\"https:\/\/m.media-amazon.com\/images\/S\/aplus-media\/sc\/28061360-9615-44c6-8363-35277800e391.__CR0,0,350,175_PT0_SX350_V1___.jpg\" alt=\"fire bag\" width=\"400\" height=\"200\" title=\"\"><\/h3>\n<h3 class=\"a-color-secondary\">Egal, ob Sie im 1. oder 5. Stock wohnen, Ihr Kind schafft es sicher auf den Boden, weg von lebensbedrohlichem Feuer und erstickendem Rauch.<\/h3>\n<h4 class=\"a-spacing-small a-size-small a-color-secondary\">Warum ISOP Fire Emergency Escape Bag w\u00e4hlen?<\/h4>\n<div class=\"apm-listbox a-box a-color-alternate-background a-spacing-small\">\n<div class=\"a-box-inner\">\n<ul class=\"a-unordered-list a-vertical\">\n<li>Kommt mit dem 50 Fu\u00df KOSTENLOSEN Hochleistungsseil<\/li>\n<li>Ideal f\u00fcr H\u00e4user bis zur 5. Etage<\/li>\n<li>Gro\u00dfe PVC-beschichtete Netzfront f\u00fcr besseren Luftstrom<\/li>\n<li>Einfach in der praktischen Aufbewahrungstasche zu verstauen<\/li>\n<li>Erg\u00e4nzen Sie Ihr Notfallwerkzeug!<\/li>\n<li>Empfohlen f\u00fcr Kinder bis 70 kg<\/li>\n<\/ul>\n<p><img loading=\"lazy\" decoding=\"async\" class=\"alignnone wp-image-1301\" src=\"https:\/\/isopllc.com\/de\/wp-content\/uploads\/sites\/3\/2020\/01\/fire-bag-by-ISOP.jpg\" alt=\"\" width=\"336\" height=\"336\" title=\"\" srcset=\"https:\/\/isopllc.com\/de\/wp-content\/uploads\/sites\/3\/2020\/01\/fire-bag-by-ISOP.jpg 1000w, https:\/\/isopllc.com\/de\/wp-content\/uploads\/sites\/3\/2020\/01\/fire-bag-by-ISOP-150x150.jpg 150w, https:\/\/isopllc.com\/de\/wp-content\/uploads\/sites\/3\/2020\/01\/fire-bag-by-ISOP-768x768.jpg 768w, https:\/\/isopllc.com\/de\/wp-content\/uploads\/sites\/3\/2020\/01\/fire-bag-by-ISOP-324x324.jpg 324w, https:\/\/isopllc.com\/de\/wp-content\/uploads\/sites\/3\/2020\/01\/fire-bag-by-ISOP-416x416.jpg 416w, https:\/\/isopllc.com\/de\/wp-content\/uploads\/sites\/3\/2020\/01\/fire-bag-by-ISOP-100x100.jpg 100w\" sizes=\"auto, (max-width: 336px) 100vw, 336px\" \/><\/p>\n<p>Sie m\u00fcssen nicht mehr den Schlaf verlieren, um die Sicherheit Ihres kleinen Engels zu gew\u00e4hrleisten!<\/p>\n<p>Bei ISOP bieten wir Ihnen seit langem die beste Fluchtausr\u00fcstung. Unsere Feuerleitern und Feuers\u00e4cke haben uns das Vertrauen unserer wertvollen Kunden eingebracht.<\/p>\n<p>Benutzung auf eigene Gefahr.<\/p>\n<p>Auch in <a href=\"https:\/\/isopllc.com\/de\/product\/feuerloschgerat-fur-kinder-oder-haustiere\/\"><strong>kleiner Gr\u00f6\u00dfe<\/strong><\/a> erh\u00e4ltlich.<\/p>\n<\/div>\n<\/div>\n<\/div>\n<\/div>\n<\/div>\n<\/div>\n<\/div>\n<\/div>\n<\/div>\n<\/div>\n<\/div>\n<\/div>\n<\/div>\n","protected":false},"excerpt":{"rendered":"[embed]https:\/\/youtu.be\/T5k961dpuO8[\/embed]\n<p style=\"text-align: center\">Fluchttasche f\u00fcr Kinder &amp; Haustiere bis 68 kg &#8211; Seil 15 m inklusive &#8211; Tr\u00e4ger f\u00fcr Kindersicherheitsausr\u00fcstung &#8211; Schnellrettungstasche<\/p>\n<p style=\"text-align: center\">Kostenlose Lieferung innerhalb von 3-7 Tagen<\/p>\n<p>&nbsp;<\/p>\n","protected":false},"featured_media":4288,"comment_status":"open","ping_status":"closed","template":"","meta":[],"product_brand":[],"product_cat":[446],"product_tag":[406,407,405,409,408],"class_list":{"0":"post-4195","1":"product","2":"type-product","3":"status-publish","4":"has-post-thumbnail","6":"product_cat-feuerflucht-fuer-haustiere","7":"product_tag-feuer-fluchttasche","8":"product_tag-fluchttasche-fuer-haustiere","9":"product_tag-notfall-fluchttasche-fuer-haustiere","10":"product_tag-notfall-go-bag-fuer-haustiere","11":"product_tag-pet-evac-pak","13":"first","14":"instock","15":"purchasable","16":"product-type-variable"},"_links":{"self":[{"href":"https:\/\/isopllc.com\/de\/wp-json\/wp\/v2\/product\/4195","targetHints":{"allow":["GET"]}}],"collection":[{"href":"https:\/\/isopllc.com\/de\/wp-json\/wp\/v2\/product"}],"about":[{"href":"https:\/\/isopllc.com\/de\/wp-json\/wp\/v2\/types\/product"}],"replies":[{"embeddable":true,"href":"https:\/\/isopllc.com\/de\/wp-json\/wp\/v2\/comments?post=4195"}],"wp:featuredmedia":[{"embeddable":true,"href":"https:\/\/isopllc.com\/de\/wp-json\/wp\/v2\/media\/4288"}],"wp:attachment":[{"href":"https:\/\/isopllc.com\/de\/wp-json\/wp\/v2\/media?parent=4195"}],"wp:term":[{"taxonomy":"product_brand","embeddable":true,"href":"https:\/\/isopllc.com\/de\/wp-json\/wp\/v2\/product_brand?post=4195"},{"taxonomy":"product_cat","embeddable":true,"href":"https:\/\/isopllc.com\/de\/wp-json\/wp\/v2\/product_cat?post=4195"},{"taxonomy":"product_tag","embeddable":true,"href":"https:\/\/isopllc.com\/de\/wp-json\/wp\/v2\/product_tag?post=4195"}],"curies":[{"name":"wp","href":"https:\/\/api.w.org\/{rel}","templated":true}]}}