{"id":4270,"date":"2020-09-03T03:09:19","date_gmt":"2020-09-03T03:09:19","guid":{"rendered":"https:\/\/isopllc.com\/de\/?post_type=product&#038;p=4270"},"modified":"2025-07-26T14:54:12","modified_gmt":"2025-07-26T14:54:12","slug":"kletterseilleiter-fuer-kinder-2-m","status":"publish","type":"product","link":"https:\/\/isopllc.com\/de\/product\/kletterseilleiter-fuer-kinder-2-m\/","title":{"rendered":"Kletterseilleiter f\u00fcr Kinder 2 m &#8211; Strickleiter"},"content":{"rendered":"<h2>Outdoor-Zubeh\u00f6r &#8211; Kletterseilleiter f\u00fcr Kinder | Baumleiter Spielger\u00e4te | Holzleiter Slack-Line mit Karabinern | Schaukelseilleiter | Kinder-Kletterspielzeug f\u00fcr Schaukelhof &#8211; Strickleiter<\/h2>\n<div class=\"celwidget aplus-module 3p-module-b\" data-csa-c-id=\"nowmhf-2y3beb-44u65e-yyx98q\" data-cel-widget=\"aplus-3p-module-b\">\n<div class=\"aplus-3p-fixed-width\">\n<div class=\"celwidget aplus-module module-1\" data-csa-c-id=\"kaxovw-pugup4-9dajxp-ispncw\" data-cel-widget=\"aplus-module-1\">\n<div class=\"a-expander-collapsed-height a-row a-expander-container a-expander-partial-collapse-container\" data-a-expander-name=\"aplus-module-expander\" data-a-expander-collapsed-height=\"700\">\n<div class=\"a-expander-content a-expander-partial-collapse-content\">\n<div class=\"aplus-module-wrapper apm-fixed-width\">\n<div class=\"apm-spacing apm-wrap\">\n<div class=\"apm-floatleft apm-wrap\">\n<div class=\"apm-centerthirdcol apm-wrap\">\n<h3 class=\"a-spacing-small\">Warum uns w\u00e4hlen?<\/h3>\n<div class=\"celwidget aplus-module module-9 aplus-standard\" data-csa-c-id=\"dra0lg-qq9md5-8rjzq6-mk3tsy\" data-cel-widget=\"aplus-module-9\">\n<div class=\"a-expander-collapsed-height a-row a-expander-container a-expander-partial-collapse-container\" aria-live=\"polite\" data-a-expander-name=\"aplus-module-expander\" data-a-expander-collapsed-height=\"700\">\n<div class=\"a-expander-content a-expander-partial-collapse-content\" aria-expanded=\"false\">\n<div class=\"aplus-module-wrapper apm-fixed-width\">\n<div class=\"apm-spacing apm-fixed-width\">\n<p><img loading=\"lazy\" decoding=\"async\" class=\"a-spacing-mini alignnone\" style=\"font-weight: 600;\" src=\"https:\/\/m.media-amazon.com\/images\/S\/aplus-media\/sc\/d82a1e3e-a900-400f-bdc7-88edbf99815e.__CR0,33,467,467_PT0_SX300_V1___.jpg\" alt=\"Kletterseilleiter f\u00fcr Kinder 2m\" width=\"300\" height=\"300\" data-src=\"https:\/\/m.media-amazon.com\/images\/S\/aplus-media\/sc\/d82a1e3e-a900-400f-bdc7-88edbf99815e.__CR0,33,467,467_PT0_SX300_V1___.jpg\" data- title=\"\"><\/p>\n<h4 class=\"a-spacing-mini\">EXTREM LANGLEBIG<\/h4>\n<p>F\u00fcr unsere Strickleiter, die einen Elefanten tragen, werden Holzstangen mit einem Durchmesser von 2.5 cm und Nylonseile verwendet! nicht nur Kinder.<\/p>\n<p><img decoding=\"async\" class=\"a-spacing-mini\" src=\"https:\/\/m.media-amazon.com\/images\/S\/aplus-media\/sc\/4604e7fb-7786-4a3c-a69a-de2cfa6981c3.__CR0,0,1000,1000_PT0_SX300_V1___.jpg\" alt=\"Rope ladder\" data-src=\"https:\/\/m.media-amazon.com\/images\/S\/aplus-media\/sc\/4604e7fb-7786-4a3c-a69a-de2cfa6981c3.__CR0,0,1000,1000_PT0_SX300_V1___.jpg\" data- title=\"\"><\/p>\n<h4 class=\"a-spacing-mini\">WETTERRESISTENT<\/h4>\n<p>Die f\u00fcr Kletterseilleitern f\u00fcr Kinder 2 m verwendeten Materialien erm\u00f6glichen es, allen Wetterbedingungen standzuhalten.<\/p>\n<p><img decoding=\"async\" class=\"a-spacing-mini\" src=\"https:\/\/m.media-amazon.com\/images\/S\/aplus-media\/sc\/6f8fabcf-0a0b-4280-9baa-ddc10f50f697.__CR0,0,1000,1000_PT0_SX300_V1___.jpg\" alt=\"MULTI USE\" data-src=\"https:\/\/m.media-amazon.com\/images\/S\/aplus-media\/sc\/6f8fabcf-0a0b-4280-9baa-ddc10f50f697.__CR0,0,1000,1000_PT0_SX300_V1___.jpg\" data- title=\"\"><\/p>\n<div class=\"apm-eventhirdcol apm-floatleft\">\n<h4 class=\"a-spacing-mini\">MULTIFUNKTIONS<\/h4>\n<p>Diese Baumleiterspielger\u00e4te sind langlebig, leicht und tragbar, sodass sie nicht nur f\u00fcr Kinder und nicht nur als Teil eines Spielplatzes, sondern auch als Dachbodenleiter, Dachbodenleiter, Kletterleiter, Sicherheitsleiter, Fluchtleiter, verwendet werden k\u00f6nnen. Bootsleiter, schleichen Sie sich aus dem Schlafzimmer im zweiten Stock und so weiter.<\/p>\n<\/div>\n<h4 class=\"a-spacing-mini\"><img loading=\"lazy\" decoding=\"async\" class=\"a-spacing-mini alignnone\" style=\"font-size: 16px;\" src=\"https:\/\/m.media-amazon.com\/images\/S\/aplus-media\/sc\/17d6b901-16b9-43e1-82ca-f4dc630b4be9.__CR0,0,1000,1000_PT0_SX300_V1___.jpg\" alt=\"Strickleiter\" width=\"300\" height=\"300\" data-src=\"https:\/\/m.media-amazon.com\/images\/S\/aplus-media\/sc\/17d6b901-16b9-43e1-82ca-f4dc630b4be9.__CR0,0,1000,1000_PT0_SX300_V1___.jpg\" data- title=\"\"><\/h4>\n<\/div>\n<div><\/div>\n<\/div>\n<div>\n<h4 class=\"a-spacing-mini\">LEICHT<\/h4>\n<p>Im Vergleich zu Analoga aus Strickleitern sind unsere Holzleitern viel leichter, zum Beispiel 5 m Leiter ist nur 2,5 kg.<\/p>\n<p><img loading=\"lazy\" decoding=\"async\" class=\"a-spacing-mini alignnone\" src=\"https:\/\/m.media-amazon.com\/images\/S\/aplus-media\/sc\/ea94af7c-a9af-41fa-9454-4f92481a28dd.__CR0,0,1500,1500_PT0_SX300_V1___.jpg\" alt=\"Strickleiter\" width=\"300\" height=\"300\" data-src=\"https:\/\/m.media-amazon.com\/images\/S\/aplus-media\/sc\/ea94af7c-a9af-41fa-9454-4f92481a28dd.__CR0,0,1500,1500_PT0_SX300_V1___.jpg\" data- title=\"\"><\/p>\n<h4 class=\"a-spacing-mini\">DRINNEN UND DRAUSSEN<\/h4>\n<p>Unsere Holzleitern k\u00f6nnen sowohl im Garten im Freien als auch im Innenbereich eines Raums verwendet werden. Verwenden Sie dazu einfach Karabinerhaken, die am Verkauf angebracht sind. \u00dcbrigens kommen nur unsere Leitern mit Clips und Karabinern!<\/p>\n<p><img decoding=\"async\" class=\"a-spacing-mini\" src=\"https:\/\/m.media-amazon.com\/images\/S\/aplus-media\/sc\/39fbd97a-64cf-40ac-a60b-6a4ab47004a0.__CR0,0,1000,1000_PT0_SX300_V1___.jpg\" alt=\"compact\" data-src=\"https:\/\/m.media-amazon.com\/images\/S\/aplus-media\/sc\/39fbd97a-64cf-40ac-a60b-6a4ab47004a0.__CR0,0,1000,1000_PT0_SX300_V1___.jpg\" data- title=\"\"><\/p>\n<h4 class=\"a-spacing-mini\">KOMPAKT UND TRAGBAR<\/h4>\n<p>Nehmen Sie sehr wenig Platz ein. Kann unter einem Bett, in einem Schrank oder sogar in einem Regal aufbewahrt werden.<\/p>\n<h4 class=\"a-spacing-mini\"><img loading=\"lazy\" decoding=\"async\" class=\"a-spacing-mini alignnone\" style=\"font-size: 16px;\" src=\"https:\/\/m.media-amazon.com\/images\/S\/aplus-media\/sc\/c5e53092-548a-4ab6-a5a9-6819fe9ace42.__CR0,0,1000,1000_PT0_SX300_V1___.jpg\" alt=\"Strickleiter 2m\" width=\"300\" height=\"300\" data-src=\"https:\/\/m.media-amazon.com\/images\/S\/aplus-media\/sc\/c5e53092-548a-4ab6-a5a9-6819fe9ace42.__CR0,0,1000,1000_PT0_SX300_V1___.jpg\" data- title=\"\"><\/h4>\n<\/div>\n<\/div>\n<\/div>\n<\/div>\n<div class=\"celwidget aplus-module module-9 aplus-standard\" data-csa-c-id=\"7vmiqp-qi9gff-nm76qb-qdt4yc\" data-cel-widget=\"aplus-module-9\">\n<div class=\"a-expander-collapsed-height a-row a-expander-container a-expander-partial-collapse-container\" aria-live=\"polite\" data-a-expander-name=\"aplus-module-expander\" data-a-expander-collapsed-height=\"700\">\n<div class=\"a-expander-content a-expander-partial-collapse-content\" aria-expanded=\"false\">\n<div class=\"aplus-module-wrapper apm-fixed-width\">\n<div><\/div>\n<\/div>\n<div>\n<h4 class=\"a-spacing-mini\">3 GR\u00d6SSEN<\/h4>\n<p>Verf\u00fcgbar 2 m, 3 m und 5 m.<\/p>\n<p><img loading=\"lazy\" decoding=\"async\" class=\"a-spacing-mini alignnone\" src=\"https:\/\/m.media-amazon.com\/images\/S\/aplus-media\/sc\/4ee58deb-dd1b-4047-8ab7-b31abe407442.__CR35,444,556,556_PT0_SX300_V1___.jpg\" alt=\"Rettungsseilleiter\" width=\"300\" height=\"300\" data-src=\"https:\/\/m.media-amazon.com\/images\/S\/aplus-media\/sc\/4ee58deb-dd1b-4047-8ab7-b31abe407442.__CR35,444,556,556_PT0_SX300_V1___.jpg\" data- title=\"\"><\/p>\n<h4 class=\"a-spacing-mini\">BESTE QUALIT\u00c4T<\/h4>\n<p>Wir sind stolz darauf, dass es w\u00e4hrend der gesamten Verkaufszeit keine einzige Beschwerde gab, dass diese Leitern von schlechter Qualit\u00e4t waren und wegen schlechter Qualit\u00e4t keine Rendite erzielten!<\/p>\n<\/div>\n<\/div>\n<p><em>Wir empfehlen, Leitern von einem Unternehmen zu kaufen, das sich auf deren Herstellung spezialisiert hat, da es sich um ein Sicherheitsprodukt handelt. <strong>ISOP<\/strong> ist eines der wenigen Unternehmen, das eine gro\u00dfe Auswahl an Leitern aus seiner eigenen Produktionsst\u00e4tte anbietet.<\/em><\/p>\n<h4 class=\"\" data-start=\"66\" data-end=\"89\"><strong data-start=\"71\" data-end=\"87\">Vorteile:<\/strong><\/h4>\n<ul data-start=\"90\" data-end=\"849\">\n<li class=\"\" data-start=\"90\" data-end=\"225\">\n<p class=\"\" data-start=\"92\" data-end=\"225\"><strong data-start=\"92\" data-end=\"134\">F\u00f6rdert Koordination und Gleichgewicht<\/strong> \u2013 Eine <strong data-start=\"142\" data-end=\"164\">Kletterseil-Leiter<\/strong> hilft Kindern, ihre motorischen F\u00e4higkeiten zu verbessern.<\/p>\n<\/li>\n<li class=\"\" data-start=\"226\" data-end=\"352\">\n<p class=\"\" data-start=\"228\" data-end=\"352\"><strong data-start=\"228\" data-end=\"259\">St\u00e4rkt Muskeln und Ausdauer<\/strong> \u2013 Durch das Klettern an einer <strong data-start=\"290\" data-end=\"306\">Strickleiter<\/strong> werden Arme, Beine und der Rumpf trainiert.<\/p>\n<\/li>\n<li class=\"\" data-start=\"353\" data-end=\"474\">\n<p class=\"\" data-start=\"355\" data-end=\"474\"><strong data-start=\"355\" data-end=\"396\">Spielerisches Abenteuer &amp; Kreativit\u00e4t<\/strong> \u2013 Perfekt f\u00fcr spannende Spiele und Abenteuer im eigenen Garten oder Indoor.<\/p>\n<\/li>\n<li class=\"\" data-start=\"475\" data-end=\"598\">\n<p class=\"\" data-start=\"477\" data-end=\"598\"><strong data-start=\"477\" data-end=\"504\">Platzsparend &amp; flexibel<\/strong> \u2013 Eine <strong data-start=\"512\" data-end=\"532\">Fluchtseilleiter<\/strong> oder <strong data-start=\"538\" data-end=\"552\">Hangleiter<\/strong> kann leicht aufgerollt und verstaut werden.<\/p>\n<\/li>\n<li class=\"\" data-start=\"599\" data-end=\"703\">\n<p class=\"\" data-start=\"601\" data-end=\"703\"><strong data-start=\"601\" data-end=\"620\">Sicher &amp; robust<\/strong> \u2013 Hochwertige <strong data-start=\"635\" data-end=\"656\">Notfallseilleiter<\/strong> mit stabilen Sprossen bieten optimalen Halt.<\/p>\n<\/li>\n<li class=\"\" data-start=\"704\" data-end=\"849\">\n<p class=\"\" data-start=\"706\" data-end=\"849\"><strong data-start=\"706\" data-end=\"741\">G\u00fcnstig &amp; Bestseller auf Amazon<\/strong> \u2013 Viele <strong data-start=\"750\" data-end=\"776\">Sicherheitsseilleitern<\/strong> f\u00fcr Kinder haben <strong data-start=\"794\" data-end=\"815\">beste Bewertungen<\/strong> und sind <strong data-start=\"825\" data-end=\"835\">billig<\/strong> erh\u00e4ltlich.<\/p>\n<\/li>\n<\/ul>\n<h4 class=\"\" data-start=\"851\" data-end=\"877\"><strong data-start=\"856\" data-end=\"875\">\ud83c\udfaf Anwendungen:<\/strong><\/h4>\n<ul data-start=\"878\" data-end=\"1307\">\n<li class=\"\" data-start=\"878\" data-end=\"1001\">\n<p class=\"\" data-start=\"880\" data-end=\"1001\"><strong data-start=\"880\" data-end=\"912\">Garten &amp; Outdoor-Spielpl\u00e4tze<\/strong> \u2013 Ideal f\u00fcr <strong data-start=\"925\" data-end=\"948\">Rettungsseilleitern<\/strong>, um Kletterstrukturen oder Baumh\u00e4user zu erg\u00e4nzen.<\/p>\n<\/li>\n<li class=\"\" data-start=\"1002\" data-end=\"1112\">\n<p class=\"\" data-start=\"1004\" data-end=\"1112\"><strong data-start=\"1004\" data-end=\"1035\">Innenbereich &amp; Kinderzimmer<\/strong> \u2013 Eine <strong data-start=\"1043\" data-end=\"1065\">Kletterseil-Leiter<\/strong> kann an Decken oder Betten befestigt werden.<\/p>\n<\/li>\n<li class=\"\" data-start=\"1113\" data-end=\"1208\">\n<p class=\"\" data-start=\"1115\" data-end=\"1208\"><strong data-start=\"1115\" data-end=\"1139\">Notfall &amp; Sicherheit<\/strong> \u2013 Eine <strong data-start=\"1147\" data-end=\"1168\">Notfallseilleiter<\/strong> erm\u00f6glicht einen schnellen Fluchtweg.<\/p>\n<\/li>\n<li class=\"\" data-start=\"1209\" data-end=\"1307\">\n<p class=\"\" data-start=\"1211\" data-end=\"1307\"><strong data-start=\"1211\" data-end=\"1240\">Turnhallen &amp; Sportzentren<\/strong> \u2013 Perfekt f\u00fcr <strong data-start=\"1255\" data-end=\"1269\">Hangleiter<\/strong>-\u00dcbungen und spielerisches Training.<\/p>\n<\/li>\n<\/ul>\n<p class=\"\" data-start=\"1309\" data-end=\"1404\">\ud83d\udd25 <strong data-start=\"1312\" data-end=\"1339\">Jetzt auf Amazon kaufen<\/strong> \u2013 <strong data-start=\"1342\" data-end=\"1363\">beste Seilleitern<\/strong> mit <strong data-start=\"1368\" data-end=\"1387\">Top-Bewertungen<\/strong> nahe bei dir!<\/p>\n<\/div>\n<\/div>\n<\/div>\n<\/div>\n<\/div>\n<\/div>\n<\/div>\n<\/div>\n<\/div>\n<\/div>\n<\/div>\n","protected":false},"excerpt":{"rendered":"[embed]https:\/\/youtu.be\/fF_nDQXeqbY?si=VZAOPwoXLzJlsji4[\/embed]\n<p style=\"text-align: center;\">Outdoor-Zubeh\u00f6r &#8211; Kletterseilleiter f\u00fcr Kinder | Baumleiter Spielger\u00e4te | Holzleiter Slack-Line mit Karabinern | Schaukelseilleiter | Kinder-Kletterspielzeug f\u00fcr Schaukelhof<\/p>\n<p style=\"text-align: center;\">Kostenlose Lieferung innerhalb von 3-7 Tagen<\/p>\n<p>&nbsp;<\/p>\n","protected":false},"featured_media":4295,"comment_status":"open","ping_status":"closed","template":"","meta":[],"product_brand":[],"product_cat":[448],"product_tag":[392,391],"class_list":{"0":"post-4270","1":"product","2":"type-product","3":"status-publish","4":"has-post-thumbnail","6":"product_cat-seilleitern-fuer-kinder","7":"product_tag-strickleiter","8":"product_tag-strickleiter-fuer-kinder","10":"first","11":"instock","12":"purchasable","13":"product-type-simple"},"_links":{"self":[{"href":"https:\/\/isopllc.com\/de\/wp-json\/wp\/v2\/product\/4270","targetHints":{"allow":["GET"]}}],"collection":[{"href":"https:\/\/isopllc.com\/de\/wp-json\/wp\/v2\/product"}],"about":[{"href":"https:\/\/isopllc.com\/de\/wp-json\/wp\/v2\/types\/product"}],"replies":[{"embeddable":true,"href":"https:\/\/isopllc.com\/de\/wp-json\/wp\/v2\/comments?post=4270"}],"wp:featuredmedia":[{"embeddable":true,"href":"https:\/\/isopllc.com\/de\/wp-json\/wp\/v2\/media\/4295"}],"wp:attachment":[{"href":"https:\/\/isopllc.com\/de\/wp-json\/wp\/v2\/media?parent=4270"}],"wp:term":[{"taxonomy":"product_brand","embeddable":true,"href":"https:\/\/isopllc.com\/de\/wp-json\/wp\/v2\/product_brand?post=4270"},{"taxonomy":"product_cat","embeddable":true,"href":"https:\/\/isopllc.com\/de\/wp-json\/wp\/v2\/product_cat?post=4270"},{"taxonomy":"product_tag","embeddable":true,"href":"https:\/\/isopllc.com\/de\/wp-json\/wp\/v2\/product_tag?post=4270"}],"curies":[{"name":"wp","href":"https:\/\/api.w.org\/{rel}","templated":true}]}}