{"id":4400,"date":"2021-06-01T01:40:47","date_gmt":"2021-06-01T01:40:47","guid":{"rendered":"https:\/\/isopllc.com\/de\/?post_type=product&#038;p=4400"},"modified":"2025-07-26T14:52:32","modified_gmt":"2025-07-26T14:52:32","slug":"feuerleitern-rettungsleiter-4-m","status":"publish","type":"product","link":"https:\/\/isopllc.com\/de\/product\/feuerleitern-rettungsleiter-4-m\/","title":{"rendered":"Feuerleitern Rettungsleiter &#8211; 4 m | Zertifiziert"},"content":{"rendered":"<div class=\"celwidget aplus-module module-4 aplus-standard\" data-csa-c-id=\"6mnb1z-9dwrl2-ic24uv-jd1phn\" data-cel-widget=\"aplus-module-4\">\n<div class=\"a-expander-collapsed-height a-row a-expander-container a-expander-partial-collapse-container\" aria-live=\"polite\" data-a-expander-name=\"aplus-module-expander\" data-a-expander-collapsed-height=\"700\">\n<div class=\"a-expander-content a-expander-partial-collapse-content\" aria-expanded=\"false\">\n<div class=\"aplus-module-wrapper apm-fixed-width\">\n<div class=\"apm-spacing\">\n<div class=\"apm-floatleft apm-fixed-width\">\n<div>\n<div id=\"title_feature_div\" class=\"celwidget\" data-feature-name=\"title\" data-csa-c-id=\"m5t5xw-wzxd1-od319-pyb58o\" data-cel-widget=\"title_feature_div\">\n<div id=\"titleSection\" class=\"a-section a-spacing-none\">\n<div id=\"title_feature_div\" class=\"celwidget\" data-feature-name=\"title\" data-csa-c-id=\"m5t5xw-wzxd1-od319-pyb58o\" data-cel-widget=\"title_feature_div\">\n<div id=\"titleSection\" class=\"a-section a-spacing-none\">\n<h2 id=\"title\" class=\"a-size-large a-spacing-none\" style=\"text-align: left\"><span id=\"productTitle\" class=\"a-size-large product-title-word-break\"><span style=\"vertical-align: inherit\">Feuerleitern Rettungsleiter &#8211; 4 m | Einziehbare Leitern f\u00fcr 2-st\u00f6ckige H\u00e4user | Kompakt und tragbar | Seilleiter geeignet f\u00fcr Balkon- und Fensterflucht<\/span><\/span><\/h2>\n<\/div>\n<\/div>\n<\/div>\n<\/div>\n<\/div>\n<\/div>\n<\/div>\n<\/div>\n<\/div>\n<\/div>\n<\/div>\n<div class=\"celwidget aplus-module module-9 aplus-standard\" data-csa-c-id=\"kgh8ns-6rdhac-l4uce3-redgno\" data-cel-widget=\"aplus-module-9\">\n<div class=\"a-expander-collapsed-height a-row a-expander-container a-expander-partial-collapse-container\" aria-live=\"polite\" data-a-expander-name=\"aplus-module-expander\" data-a-expander-collapsed-height=\"700\">\n<div class=\"a-expander-content a-expander-partial-collapse-content\" aria-expanded=\"false\">\n<div class=\"aplus-module-wrapper apm-fixed-width\">\n<div class=\"apm-spacing apm-fixed-width\">\n<div class=\"celwidget aplus-module module-9 aplus-standard\" style=\"text-align: left\" data-csa-c-id=\"6rrkxj-o9oo3p-2dk8kw-v8mrts\" data-cel-widget=\"aplus-module-9\">\n<div class=\"a-expander-collapsed-height a-row a-expander-container a-expander-partial-collapse-container\" aria-live=\"polite\" data-a-expander-name=\"aplus-module-expander\" data-a-expander-collapsed-height=\"700\">\n<div class=\"a-expander-content a-expander-partial-collapse-content\" aria-expanded=\"false\">\n<div class=\"aplus-module-wrapper apm-fixed-width\">\n<div class=\"apm-spacing apm-fixed-width\">\n<h3 class=\"a-spacing-small\"><span style=\"vertical-align: inherit\">10 Gr\u00fcnde, warum Sie sich f\u00fcr unsere Feuerleitern entscheiden sollten<\/span><\/h3>\n<p><img loading=\"lazy\" decoding=\"async\" class=\"alignnone wp-image-14\" src=\"https:\/\/isopllc.com\/de\/wp-content\/uploads\/sites\/3\/2020\/04\/hooks-size.jpg\" alt=\"Haken\" width=\"311\" height=\"311\" title=\"\" srcset=\"https:\/\/isopllc.com\/de\/wp-content\/uploads\/sites\/3\/2020\/04\/hooks-size.jpg 1200w, https:\/\/isopllc.com\/de\/wp-content\/uploads\/sites\/3\/2020\/04\/hooks-size-150x150.jpg 150w, https:\/\/isopllc.com\/de\/wp-content\/uploads\/sites\/3\/2020\/04\/hooks-size-768x768.jpg 768w, https:\/\/isopllc.com\/de\/wp-content\/uploads\/sites\/3\/2020\/04\/hooks-size-324x324.jpg 324w, https:\/\/isopllc.com\/de\/wp-content\/uploads\/sites\/3\/2020\/04\/hooks-size-416x416.jpg 416w, https:\/\/isopllc.com\/de\/wp-content\/uploads\/sites\/3\/2020\/04\/hooks-size-100x100.jpg 100w\" sizes=\"auto, (max-width: 311px) 100vw, 311px\" \/><\/p>\n<h3><span class=\"a-text-bold\"><span style=\"vertical-align: inherit\">F\u00fcr Fenster oder Balkon<\/span><\/span><\/h3>\n<p><span style=\"vertical-align: inherit\">Im Rettungstreppen-Set enthalten wir einen Satz Haken f\u00fcr die Feuerleiter von Fenstern, die am Fensterrahmen befestigt werden, sowie 11kn Profi-Karabiner zum Befestigen der Leiter an Balkonstangen.\u00a0<\/span><\/p>\n<h3><span class=\"a-text-bold\"><span style=\"vertical-align: inherit\">Breite Anwendung<\/span><\/span><\/h3>\n<p><span style=\"vertical-align: inherit\">Kann als Fluchtleiter oder f\u00fcr Notf\u00e4lle verwendet werden. kann auch als Dachbodenbunker, Dachbodenleiter, Mauerleiter und sogar als permanente Leiter usw. dienen.<\/span><\/p>\n<p><img decoding=\"async\" class=\"a-spacing-mini\" src=\"https:\/\/m.media-amazon.com\/images\/S\/aplus-media\/sc\/d4cc9639-a61a-4b3c-b1c6-a62967c917dd.__CR145,0,1000,1000_PT0_SX300_V1___.jpg\" alt=\"Anti-Rutsch-Sprossen\" data-src=\"https:\/\/m.media-amazon.com\/images\/S\/aplus-media\/sc\/d4cc9639-a61a-4b3c-b1c6-a62967c917dd.__CR145,0,1000,1000_PT0_SX300_V1___.jpg\" data- title=\"\"><\/p>\n<h3><span class=\"a-text-bold\"><span style=\"vertical-align: inherit\">Sanft zu den H\u00e4nden<\/span><\/span><\/h3>\n<p><span style=\"vertical-align: inherit\">Bei der Erstellung dieser Leitern haben wir die M\u00e4ngel unserer Wettbewerber ber\u00fccksichtigt. Die Bestseller wie first alert und kidde beschweren sich oft dar\u00fcber, dass Sprossen beim Gebrauch ihrer Leitern die H\u00e4nde der Benutzer schneiden, weil Aluminiumsprossen scharf sind. Wir haben dies ber\u00fccksichtigt und unsere Leitern haben keine scharfen Ecken und sind sowohl f\u00fcr Erwachsene als auch f\u00fcr Kinder sicher.<\/span><\/p>\n<p><img decoding=\"async\" class=\"a-spacing-mini\" src=\"https:\/\/m.media-amazon.com\/images\/S\/aplus-media\/sc\/27f9c708-c858-49c0-96f7-815dd0fa4f9a.__CR0,0,1000,1000_PT0_SX300_V1___.jpg\" alt=\"Breite Anwendung\" data-src=\"https:\/\/m.media-amazon.com\/images\/S\/aplus-media\/sc\/27f9c708-c858-49c0-96f7-815dd0fa4f9a.__CR0,0,1000,1000_PT0_SX300_V1___.jpg\" data- title=\"\"><\/p>\n<h3><span class=\"a-text-bold\"><span style=\"vertical-align: inherit\">Integrierte Gurte<\/span><\/span><\/h3>\n<p><span style=\"vertical-align: inherit\">Auch beim Vergleich unserer Leitern mit Mitbewerbern ist anzumerken, dass unsere Leitern im Gegensatz zu anderen von oben bis unten aus einem St\u00fcck Gurtband bestehen, das dank einer speziellen patentierten Technologie mehr als eine 1200 Pfund (!) aush\u00e4lt. W\u00e4hrend die Gurtleitern der Wettbewerber in St\u00fccke gen\u00e4ht werden, ist dies unserer Meinung nach unzuverl\u00e4ssig.<\/span><\/p>\n<\/div>\n<\/div>\n<div>\n<p>&nbsp;<\/p>\n<p><img decoding=\"async\" class=\"a-spacing-mini\" src=\"https:\/\/m.media-amazon.com\/images\/S\/aplus-media\/sc\/42cab632-a2d0-40fd-a2dd-280d531bf010.__CR282,0,1000,1000_PT0_SX300_V1___.jpg\" alt=\"F\u00fcr Fenster oder Balkon\" data-src=\"https:\/\/m.media-amazon.com\/images\/S\/aplus-media\/sc\/42cab632-a2d0-40fd-a2dd-280d531bf010.__CR282,0,1000,1000_PT0_SX300_V1___.jpg\" data- title=\"\"><\/p>\n<h3><span class=\"a-text-bold\"><span style=\"vertical-align: inherit\">Stabilisatoren<\/span><\/span><\/h3>\n<p><span style=\"vertical-align: inherit\">Die Sprossen unserer Leitern sind mit Stabilisatoren versehen, die daf\u00fcr sorgen, dass die Leitern nicht fest an der Wand kleben, sondern fest an der Wand bleiben und so den Abstieg aus dem zweiten oder dritten Stock erheblich erleichtern.<\/span><\/p>\n<h3><span class=\"a-text-bold\"><span style=\"vertical-align: inherit\">Anti-Rutsch-Sprossen<\/span><\/span><\/h3>\n<p><span style=\"vertical-align: inherit\">Ein spezielles Muster auf der Oberfl\u00e4che der Sprossen macht den Abstieg aus der Wohnung bei jedem Wetter rutschfest.<\/span><\/p>\n<p><img decoding=\"async\" class=\"a-spacing-mini\" src=\"https:\/\/m.media-amazon.com\/images\/S\/aplus-media\/sc\/8b1ba6ce-d84f-4314-b98a-95d063fc3e5e.__CR500,0,1000,1000_PT0_SX300_V1___.jpg\" alt=\"F\u00fcr Fenster oder Balkon\" data-src=\"https:\/\/m.media-amazon.com\/images\/S\/aplus-media\/sc\/8b1ba6ce-d84f-4314-b98a-95d063fc3e5e.__CR500,0,1000,1000_PT0_SX300_V1___.jpg\" data- title=\"\"><\/p>\n<h3>Zertifiziert<\/h3>\n<p>Unsere Leitern sind \u2013 im Gegensatz zu allen \u00e4hnlichen Produkten auf dem Markt \u2013 nach dem Qualit\u00e4tsstandard EN 131 zertifiziert. Es ist besser, sein Leben einem Produkt anzuvertrauen, das alle notwendigen Tests bestanden hat, als einem etwas billigeren Artikel, dessen Material fragw\u00fcrdig ist.<\/p>\n<p><img loading=\"lazy\" decoding=\"async\" class=\"alignnone wp-image-5764\" src=\"https:\/\/isopllc.com\/de\/wp-content\/uploads\/sites\/3\/2025\/04\/2.jpg\" alt=\"Zertifiziert Feuerleitern Rettungsleiter - 4 m\" width=\"310\" height=\"310\" title=\"\" srcset=\"https:\/\/isopllc.com\/de\/wp-content\/uploads\/sites\/3\/2025\/04\/2.jpg 1080w, https:\/\/isopllc.com\/de\/wp-content\/uploads\/sites\/3\/2025\/04\/2-150x150.jpg 150w, https:\/\/isopllc.com\/de\/wp-content\/uploads\/sites\/3\/2025\/04\/2-768x768.jpg 768w, https:\/\/isopllc.com\/de\/wp-content\/uploads\/sites\/3\/2025\/04\/2-1000x1000.jpg 1000w, https:\/\/isopllc.com\/de\/wp-content\/uploads\/sites\/3\/2025\/04\/2-416x416.jpg 416w, https:\/\/isopllc.com\/de\/wp-content\/uploads\/sites\/3\/2025\/04\/2-100x100.jpg 100w\" sizes=\"auto, (max-width: 310px) 100vw, 310px\" \/><\/p>\n<h3><span class=\"a-text-bold\"><span style=\"vertical-align: inherit\">Wetterfest<\/span><\/span><\/h3>\n<p><span style=\"vertical-align: inherit\">Die spezielle pulverbeschichtete Lackierung sch\u00fctzt Sprossen vor Rost und das Polyester-Gurtband ist sehr widerstandsf\u00e4hig gegen Wasser oder Schnee, daher sind unsere Feuerleitern witterungsbest\u00e4ndig.<\/span><\/p>\n<h3><span class=\"a-text-bold\"><span style=\"vertical-align: inherit\">Wiederverwendbar<\/span><\/span><\/h3>\n<p><span style=\"vertical-align: inherit\">Unsere Leitern sind im Gegensatz zu Mitbewerbern wiederverwendbar. Bei richtiger Lagerung k\u00f6nnen sie jahrelang halten!<\/span><\/p>\n<\/div>\n<\/div>\n<\/div>\n<\/div>\n<div class=\"celwidget aplus-module module-9 aplus-standard\" style=\"text-align: left\" data-csa-c-id=\"hn4tie-rexf97-49vntp-dywif3\" data-cel-widget=\"aplus-module-9\">\n<div class=\"a-expander-collapsed-height a-row a-expander-container a-expander-partial-collapse-container\" aria-live=\"polite\" data-a-expander-name=\"aplus-module-expander\" data-a-expander-collapsed-height=\"700\">\n<div class=\"a-expander-content a-expander-partial-collapse-content\" aria-expanded=\"false\">\n<div><\/div>\n<\/div>\n<\/div>\n<\/div>\n<div class=\"celwidget aplus-module module-2 aplus-standard\" data-csa-c-id=\"czdp8c-vpt42n-ub22e6-8qlfjz\" data-cel-widget=\"aplus-module-2\">\n<div class=\"a-expander-collapsed-height a-row a-expander-container a-expander-partial-collapse-container\" aria-live=\"polite\" data-a-expander-name=\"aplus-module-expander\" data-a-expander-collapsed-height=\"700\">\n<div class=\"a-expander-content a-expander-partial-collapse-content\" aria-expanded=\"false\">\n<div class=\"aplus-module-wrapper apm-floatnone apm-fixed-width\">\n<div class=\"apm-sidemodule apm-spacing\">\n<div class=\"apm-sidemodule-imageleft\" style=\"text-align: left\"><img loading=\"lazy\" decoding=\"async\" class=\"alignnone\" src=\"https:\/\/m.media-amazon.com\/images\/S\/aplus-media\/sc\/55dfe070-7172-4b34-b379-6ab49b743dd1.__CR226,0,1000,1000_PT0_SX300_V1___.jpg\" alt=\"Feuerleitern Rettungsleiter \" width=\"300\" height=\"300\" data-src=\"https:\/\/m.media-amazon.com\/images\/S\/aplus-media\/sc\/55dfe070-7172-4b34-b379-6ab49b743dd1.__CR226,0,1000,1000_PT0_SX300_V1___.jpg\" data- title=\"\"><\/div>\n<div class=\"apm-sidemodule-textright\">\n<h3 style=\"text-align: left\"><span class=\"a-text-bold\"><span style=\"vertical-align: inherit\">Variation von 2 Gr\u00f6\u00dfen<\/span><\/span><\/h3>\n<p style=\"text-align: left\"><span style=\"vertical-align: inherit\">Wir bieten 2 Gr\u00f6\u00dfen unserer Leitern an &#8211; Feuerleiter 2-st\u00f6ckige &amp; Feuerleiter 3-st\u00f6ckige H\u00e4user.<\/span><\/p>\n<h3 style=\"text-align: left\"><span class=\"a-text-bold\"><span style=\"vertical-align: inherit\">Professionelle Leiterfirma<\/span><\/span><\/h3>\n<p style=\"text-align: left\"><span style=\"vertical-align: inherit\">Wir empfehlen den Kauf von Leitern bei einem auf Leitern spezialisierten Unternehmen, da dies ein Sicherheitsprodukt ist.<\/span><\/p>\n<p style=\"text-align: left\"><span style=\"vertical-align: inherit\">Und ISOP ist eines der wenigen Unternehmen, das eine gro\u00dfe Auswahl verschiedener Leitern aus seiner eigenen Produktionsst\u00e4tte anbietet.<\/span><\/p>\n<div id=\"aplus_feature_div\" class=\"celwidget\" data-feature-name=\"aplus\" data-csa-c-type=\"widget\" data-csa-c-content-id=\"aplus\" data-csa-c-slot-id=\"aplus_feature_div\" data-csa-c-asin=\"\" data-csa-c-is-in-initial-active-row=\"false\" data-csa-c-id=\"ebpnh7-v23cw7-lv803-rp18f9\" data-cel-widget=\"aplus_feature_div\">\n<p><img loading=\"lazy\" decoding=\"async\" class=\"alignnone wp-image-5273\" src=\"https:\/\/isopllc.com\/de\/wp-content\/uploads\/sites\/3\/2023\/09\/Feuerleiter.png\" alt=\"\" width=\"300\" height=\"300\" title=\"\" srcset=\"https:\/\/isopllc.com\/de\/wp-content\/uploads\/sites\/3\/2023\/09\/Feuerleiter.png 1080w, https:\/\/isopllc.com\/de\/wp-content\/uploads\/sites\/3\/2023\/09\/Feuerleiter-150x150.png 150w, https:\/\/isopllc.com\/de\/wp-content\/uploads\/sites\/3\/2023\/09\/Feuerleiter-768x768.png 768w, https:\/\/isopllc.com\/de\/wp-content\/uploads\/sites\/3\/2023\/09\/Feuerleiter-1000x1000.png 1000w, https:\/\/isopllc.com\/de\/wp-content\/uploads\/sites\/3\/2023\/09\/Feuerleiter-416x416.png 416w, https:\/\/isopllc.com\/de\/wp-content\/uploads\/sites\/3\/2023\/09\/Feuerleiter-100x100.png 100w\" sizes=\"auto, (max-width: 300px) 100vw, 300px\" \/><\/p>\n<\/div>\n<p>Unsere Leitern sind in allen renommierten Charts vertreten und werden von diesen Herausgebern unter den Top 5 bewertet.<\/p>\n<p>Ebenfalls erh\u00e4ltlich in <a href=\"https:\/\/isopllc.com\/de\/product\/notleiter-feuerleiter-3-geschichte\/\"><strong>8 m (3-geschossig).<\/strong><\/a><\/p>\n<\/div>\n<\/div>\n<\/div>\n<\/div>\n<\/div>\n<\/div>\n<\/div>\n<\/div>\n<\/div>\n<\/div>\n<\/div>\n","protected":false},"excerpt":{"rendered":"[embed]https:\/\/www.youtube.com\/watch?v=xVIlpHe3gxg[\/embed]\n<p class=\"mceTemp\" style=\"text-align: center\"><span id=\"productTitle\" class=\"a-size-large product-title-word-break\"><span style=\"vertical-align: inherit\">Feuerleitern Rettungsleiter 4 m | Einziehbare Leitern f\u00fcr 2-st\u00f6ckige H\u00e4user | Kompakt und tragbar | Seilleiter geeignet f\u00fcr Balkon- und Fensterflucht<\/span><\/span><\/p>\n<p style=\"text-align: center\"><span style=\"vertical-align: inherit\">KOSTENLOSE LIEFERUNG INNERHALB VON 3-7 TAGEN<\/span><\/p>\n<p style=\"text-align: center\">\n","protected":false},"featured_media":5146,"comment_status":"open","ping_status":"closed","template":"","meta":[],"product_brand":[],"product_cat":[452,485],"product_tag":[231,394,232,397,233,234,398,236,238,307,396,248,267,308,286,290,291,392,395,391,393],"class_list":{"0":"post-4400","1":"product","2":"type-product","3":"status-publish","4":"has-post-thumbnail","6":"product_cat-feuerleitern-mit-abstandshaltern","7":"product_cat-rettungsleitern-1-stockwerke","8":"product_tag-baumseilleiter","9":"product_tag-baumstrickleiter","10":"product_tag-beste-feuerleiter","11":"product_tag-beste-feuerleiter-fuer-balkon","12":"product_tag-brandschutzleiter","13":"product_tag-eingebaute-feuerleiter","14":"product_tag-fenster-feuerleiter","15":"product_tag-feuer-evakuierungsleiter","16":"product_tag-feuerleiter","17":"product_tag-feuerleiter-fuer-1-etagen","18":"product_tag-feuerleiter-fuer-balkongelaender","19":"product_tag-feuerleiter-fuer-fenster-im-zweiten-stock","20":"product_tag-leiterseil","21":"product_tag-rettungsleitern-fuer-1-etagen-haeuser","22":"product_tag-seilleiter-fuer-baumhaus","23":"product_tag-seilleiter-fuer-kinder","24":"product_tag-seilleitern","25":"product_tag-strickleiter","26":"product_tag-strickleiter-fuer-baumhaus","27":"product_tag-strickleiter-fuer-kinder","28":"product_tag-strickleitern","30":"first","31":"instock","32":"shipping-taxable","33":"purchasable","34":"product-type-variable"},"_links":{"self":[{"href":"https:\/\/isopllc.com\/de\/wp-json\/wp\/v2\/product\/4400","targetHints":{"allow":["GET"]}}],"collection":[{"href":"https:\/\/isopllc.com\/de\/wp-json\/wp\/v2\/product"}],"about":[{"href":"https:\/\/isopllc.com\/de\/wp-json\/wp\/v2\/types\/product"}],"replies":[{"embeddable":true,"href":"https:\/\/isopllc.com\/de\/wp-json\/wp\/v2\/comments?post=4400"}],"wp:featuredmedia":[{"embeddable":true,"href":"https:\/\/isopllc.com\/de\/wp-json\/wp\/v2\/media\/5146"}],"wp:attachment":[{"href":"https:\/\/isopllc.com\/de\/wp-json\/wp\/v2\/media?parent=4400"}],"wp:term":[{"taxonomy":"product_brand","embeddable":true,"href":"https:\/\/isopllc.com\/de\/wp-json\/wp\/v2\/product_brand?post=4400"},{"taxonomy":"product_cat","embeddable":true,"href":"https:\/\/isopllc.com\/de\/wp-json\/wp\/v2\/product_cat?post=4400"},{"taxonomy":"product_tag","embeddable":true,"href":"https:\/\/isopllc.com\/de\/wp-json\/wp\/v2\/product_tag?post=4400"}],"curies":[{"name":"wp","href":"https:\/\/api.w.org\/{rel}","templated":true}]}}