{"id":4756,"date":"2022-12-14T14:08:05","date_gmt":"2022-12-14T14:08:05","guid":{"rendered":"https:\/\/isopllc.com\/de\/?post_type=product&#038;p=4756"},"modified":"2025-06-25T18:32:25","modified_gmt":"2025-06-25T18:32:25","slug":"abstandshalter-fuer-strickleitern","status":"publish","type":"product","link":"https:\/\/isopllc.com\/de\/product\/abstandshalter-fuer-strickleitern\/","title":{"rendered":"Abstandshalter f\u00fcr Strickleitern 10 Paar"},"content":{"rendered":"<div id=\"aplus_feature_div\" class=\"celwidget\" data-feature-name=\"aplus\" data-csa-c-type=\"widget\" data-csa-c-content-id=\"aplus\" data-csa-c-slot-id=\"aplus_feature_div\" data-csa-c-asin=\"\" data-csa-c-is-in-initial-active-row=\"false\" data-csa-c-id=\"ug8stv-fpx1sj-jnc89m-o508ya\" data-cel-widget=\"aplus_feature_div\">\n<div id=\"aplus\" class=\"a-section a-spacing-large bucket\">\n<div class=\"aplus-v2 desktop celwidget\" data-csa-c-id=\"vbkts3-e3w3sb-xitaif-e61jw1\" data-cel-widget=\"aplus\">\n<div class=\"celwidget aplus-module premium-module-3-four-column-images aplus-premium\" data-csa-c-id=\"5x7ui9-ius50c-ssm1r8-66oj1i\" data-cel-widget=\"aplus-premium-module-3-four-column-images\">\n<div class=\"a-section a-spacing-none premium-aplus premium-aplus-module-3 aplus-container-1\">\n<h1 class=\"a-text-center premium-module-3-heading aplus-h1 a-text-bold\">Abstandshalter f\u00fcr Strickleitern Set mit 10 Paar<\/h1>\n<div class=\"a-section a-spacing-none premium-aplus-four-column\">\n<div class=\"a-section a-spacing-none premium-aplus-column\">\n<div class=\"a-section a-spacing-none {'column-image'}\"><img loading=\"lazy\" decoding=\"async\" class=\"alignnone\" src=\"https:\/\/m.media-amazon.com\/images\/S\/aplus-media-library-service-media\/8066bf1d-81b3-4ac4-82be-a69a72b3c0d5.__CR0,180,900,675_PT0_SX300_V1___.jpg\" alt=\"\" width=\"300\" height=\"225\" data-src=\"https:\/\/m.media-amazon.com\/images\/S\/aplus-media-library-service-media\/8066bf1d-81b3-4ac4-82be-a69a72b3c0d5.__CR0,180,900,675_PT0_SX300_V1___.jpg\" data- title=\"\"><\/div>\n<div><\/div>\n<div>\n<h3 class=\"a-text-center premium-module-3-heading aplus-h1 a-text-bold\">Abstandshalter f\u00fcr Strickleitern<\/h3>\n<\/div>\n<div class=\"a-section a-spacing-none column-heading\"><\/div>\n<div class=\"a-section a-spacing-none column-description\">\n<p class=\"aplus-p3\">Unsere innovativen Stabilisatoren sorgen daf\u00fcr, dass die Leitern stabil an einer Wand bleiben und den Abstieg vom zweiten und bis zum f\u00fcnften Stock erheblich erleichtern.<\/p>\n<\/div>\n<\/div>\n<div class=\"a-section a-spacing-none premium-aplus-column\">\n<div class=\"a-section a-spacing-none {'column-image'}\"><img loading=\"lazy\" decoding=\"async\" class=\"alignnone\" src=\"https:\/\/m.media-amazon.com\/images\/S\/aplus-media-library-service-media\/043fef83-6ae1-4354-a8a8-d3fc937a6fdc.__CR0,0,600,450_PT0_SX300_V1___.jpg\" alt=\"Abstandshalter f\u00fcr Strickleitern\" width=\"300\" height=\"225\" data-src=\"https:\/\/m.media-amazon.com\/images\/S\/aplus-media-library-service-media\/043fef83-6ae1-4354-a8a8-d3fc937a6fdc.__CR0,0,600,450_PT0_SX300_V1___.jpg\" data- title=\"\"><\/div>\n<div class=\"a-section a-spacing-none column-heading\"><\/div>\n<div class=\"a-section a-spacing-none column-description\">\n<p class=\"aplus-p3\">Solide stabile Sprossenstabilisatoren sind leicht und einfach anzubringen. Passend f\u00fcr jede ISOP-Strickleiter.<\/p>\n<\/div>\n<\/div>\n<div class=\"a-section a-spacing-none premium-aplus-column\">\n<div class=\"a-section a-spacing-none {'column-image'}\"><img loading=\"lazy\" decoding=\"async\" class=\"alignnone\" src=\"https:\/\/m.media-amazon.com\/images\/S\/aplus-media-library-service-media\/8eeb471b-9383-4937-a68f-a92b49a4029a.__CR0,148,900,675_PT0_SX300_V1___.jpg\" alt=\"Sprossenstabilisatoren\" width=\"300\" height=\"225\" data-src=\"https:\/\/m.media-amazon.com\/images\/S\/aplus-media-library-service-media\/8eeb471b-9383-4937-a68f-a92b49a4029a.__CR0,148,900,675_PT0_SX300_V1___.jpg\" data- title=\"\"><\/div>\n<div class=\"a-section a-spacing-none column-heading\"><\/div>\n<div class=\"a-section a-spacing-none column-description\">\n<p class=\"aplus-p3\">Eine Packung enth\u00e4lt 20 Stabilisatoren, die ausreichen, um 10 Sprossen zu befestigen. F\u00fcr eine 10 m lange Strickleiter ben\u00f6tigen Sie zwei Packungen Stabilisatoren.<\/p>\n<\/div>\n<\/div>\n<div class=\"a-section a-spacing-none premium-aplus-column\">\n<div class=\"a-section a-spacing-none {'column-image'}\"><img loading=\"lazy\" decoding=\"async\" class=\"alignnone\" src=\"https:\/\/m.media-amazon.com\/images\/S\/aplus-media-library-service-media\/8a8c27d8-4e9c-4405-8f64-dc7370bb63fd.__CR0,87,900,675_PT0_SX300_V1___.jpg\" alt=\"\" width=\"300\" height=\"225\" data-src=\"https:\/\/m.media-amazon.com\/images\/S\/aplus-media-library-service-media\/8a8c27d8-4e9c-4405-8f64-dc7370bb63fd.__CR0,87,900,675_PT0_SX300_V1___.jpg\" data- title=\"\"><\/div>\n<div class=\"a-section a-spacing-none column-heading\"><\/div>\n<div class=\"a-section a-spacing-none column-description\">\n<p class=\"aplus-p3\">F\u00fcr einen schnellen Einsatz befestigen Sie die Stabilisatoren vorab an einer Leiter.<\/p>\n<\/div>\n<\/div>\n<\/div>\n<\/div>\n<\/div>\n<div class=\"celwidget aplus-module premium-module-4-two-column-images aplus-premium\" data-csa-c-id=\"15yl7x-eio1n0-m9lh6n-socwzs\" data-cel-widget=\"aplus-premium-module-4-two-column-images\">\n<div class=\"a-section a-spacing-none premium-aplus premium-aplus-module-4 aplus-container-1\">\n<div class=\"a-section a-spacing-none premium-aplus-two-column\">\n<div class=\"a-section a-spacing-none premium-aplus-column\">\n<div class=\"a-section a-spacing-none {'column-image'}\"><img loading=\"lazy\" decoding=\"async\" class=\"alignnone\" src=\"https:\/\/m.media-amazon.com\/images\/S\/aplus-media-library-service-media\/357d9bff-aefe-4243-b420-8e0a0fd59839.__CR0,0,650,350_PT0_SX650_V1___.jpg\" alt=\"\" width=\"388\" height=\"209\" data-src=\"https:\/\/m.media-amazon.com\/images\/S\/aplus-media-library-service-media\/357d9bff-aefe-4243-b420-8e0a0fd59839.__CR0,0,650,350_PT0_SX650_V1___.jpg\" data- title=\"\"><\/div>\n<div class=\"a-section a-spacing-none column-heading\"><\/div>\n<div class=\"a-section a-spacing-none column-description\">\n<p class=\"aplus-p3\">Standstabilisatoren f\u00fcr Feuerleitern sorgen f\u00fcr mehr Sicherheit beim Abstieg oder Aufstieg.<\/p>\n<\/div>\n<\/div>\n<div class=\"a-section a-spacing-none premium-aplus-column\">\n<div class=\"a-section a-spacing-none {'column-image'}\"><img loading=\"lazy\" decoding=\"async\" class=\"alignnone\" src=\"https:\/\/m.media-amazon.com\/images\/S\/aplus-media-library-service-media\/44c19656-c545-4b6e-bacb-c7ae2eb6b8a5.__CR0,0,650,350_PT0_SX650_V1___.jpg\" alt=\"\" width=\"396\" height=\"213\" data-src=\"https:\/\/m.media-amazon.com\/images\/S\/aplus-media-library-service-media\/44c19656-c545-4b6e-bacb-c7ae2eb6b8a5.__CR0,0,650,350_PT0_SX650_V1___.jpg\" data- title=\"\"><\/div>\n<div class=\"a-section a-spacing-none column-heading\"><\/div>\n<div class=\"a-section a-spacing-none column-description\">\n<p class=\"aplus-p3\">Strickleiterstabilisatoren mit rutschfesten Sprossen machen das Absteigen stabiler.<\/p>\n<\/div>\n<\/div>\n<\/div>\n<\/div>\n<\/div>\n<\/div>\n<\/div>\n<\/div>\n<div id=\"aplusSustainabilityStory_feature_div\" class=\"celwidget\" data-feature-name=\"aplusSustainabilityStory\" data-csa-c-type=\"widget\" data-csa-c-content-id=\"aplusSustainabilityStory\" data-csa-c-slot-id=\"aplusSustainabilityStory_feature_div\" data-csa-c-asin=\"\" data-csa-c-is-in-initial-active-row=\"false\" data-csa-c-id=\"swfbn-j06d30-lgavx5-77km3k\" data-cel-widget=\"aplusSustainabilityStory_feature_div\"><\/div>\n<div id=\"legal-1_feature_div\" class=\"celwidget\" data-feature-name=\"legal-1\" data-csa-c-type=\"widget\" data-csa-c-content-id=\"legal-1\" data-csa-c-slot-id=\"legal-1_feature_div\" data-csa-c-asin=\"\" data-csa-c-is-in-initial-active-row=\"false\" data-csa-c-id=\"y8utep-ut25ne-81gxri-jgejjh\" data-cel-widget=\"legal-1_feature_div\"><\/div>\n<div id=\"HLCXComparisonWidgetTechnical_feature_div\" class=\"celwidget\" data-feature-name=\"HLCXComparisonWidgetTechnical\" data-csa-c-type=\"widget\" data-csa-c-content-id=\"HLCXComparisonWidgetTechnical\" data-csa-c-slot-id=\"HLCXComparisonWidgetTechnical_feature_div\" data-csa-c-asin=\"\" data-csa-c-is-in-initial-active-row=\"false\" data-csa-c-id=\"vnp4fh-qfd9nt-3wvy2u-kt7rbb\" data-cel-widget=\"HLCXComparisonWidgetTechnical_feature_div\"><\/div>\n","protected":false},"excerpt":{"rendered":"<p style=\"text-align: center;\">Abstandhalter f\u00fcr Strickleiter | Stabilisatoren f\u00fcr Feuerleiter 2 &#8211; 3 Stockwerk | Set mit 10 Paaren | Leichter abzusteigen Einfach zu bedienen | Abstandshalter f\u00fcr Leitersprossen<\/p>\n<p style=\"text-align: center;\">Kostenlose Lieferung innerhalb von 3-7 Tagen<\/p>\n<p style=\"text-align: center;\">\n","protected":false},"featured_media":4777,"comment_status":"open","ping_status":"closed","template":"","meta":[],"product_brand":[],"product_cat":[447],"product_tag":[378,377,375,376],"class_list":{"0":"post-4756","1":"product","2":"type-product","3":"status-publish","4":"has-post-thumbnail","6":"product_cat-zubehoer-fuer-feuerleitern","7":"product_tag-abstandshalter-fuer-outdoor-stabilisator","8":"product_tag-abstandshalter-stabilisator","9":"product_tag-leiter-abstandshalter","10":"product_tag-stabilisatorzubehoer-leitern","12":"first","13":"instock","14":"shipping-taxable","15":"purchasable","16":"product-type-simple"},"_links":{"self":[{"href":"https:\/\/isopllc.com\/de\/wp-json\/wp\/v2\/product\/4756","targetHints":{"allow":["GET"]}}],"collection":[{"href":"https:\/\/isopllc.com\/de\/wp-json\/wp\/v2\/product"}],"about":[{"href":"https:\/\/isopllc.com\/de\/wp-json\/wp\/v2\/types\/product"}],"replies":[{"embeddable":true,"href":"https:\/\/isopllc.com\/de\/wp-json\/wp\/v2\/comments?post=4756"}],"wp:featuredmedia":[{"embeddable":true,"href":"https:\/\/isopllc.com\/de\/wp-json\/wp\/v2\/media\/4777"}],"wp:attachment":[{"href":"https:\/\/isopllc.com\/de\/wp-json\/wp\/v2\/media?parent=4756"}],"wp:term":[{"taxonomy":"product_brand","embeddable":true,"href":"https:\/\/isopllc.com\/de\/wp-json\/wp\/v2\/product_brand?post=4756"},{"taxonomy":"product_cat","embeddable":true,"href":"https:\/\/isopllc.com\/de\/wp-json\/wp\/v2\/product_cat?post=4756"},{"taxonomy":"product_tag","embeddable":true,"href":"https:\/\/isopllc.com\/de\/wp-json\/wp\/v2\/product_tag?post=4756"}],"curies":[{"name":"wp","href":"https:\/\/api.w.org\/{rel}","templated":true}]}}