{"id":4864,"date":"2023-01-27T04:25:59","date_gmt":"2023-01-27T04:25:59","guid":{"rendered":"https:\/\/isopllc.com\/de\/?post_type=product&#038;p=4864"},"modified":"2025-06-25T18:25:13","modified_gmt":"2025-06-25T18:25:13","slug":"rucksackkocher-und-kaffeetasse","status":"publish","type":"product","link":"https:\/\/isopllc.com\/de\/product\/rucksackkocher-und-kaffeetasse\/","title":{"rendered":"Rucksackkocher und Kaffeetasse"},"content":{"rendered":"<div class=\"celwidget aplus-module premium-module-3-four-column-images aplus-premium\" data-csa-c-id=\"5x7ui9-ius50c-ssm1r8-66oj1i\" data-cel-widget=\"aplus-premium-module-3-four-column-images\">\n<h2 class=\"a-section a-spacing-none premium-aplus premium-aplus-module-3 aplus-container-1\">Rucksackkocher und zusammenklappbare Kaffeetasse &#8211; Tragbarer Campingkocher &#8211; Kleiner Kocher mit Einzelbrenner f\u00fcr Kraftstoffkanister &#8211; Mini-Taschenkessel zum Wandern und Gaskochen &#8211; Kompatibel mit 4 g\u00e4ngigen Arten von Campingkocherbrennstoffen<\/h2>\n<\/div>\n<div class=\"celwidget aplus-module premium-module-4-two-column-images aplus-premium\" data-csa-c-id=\"c2v7oo-xov140-stsvaj-fyaclr\" data-cel-widget=\"aplus-premium-module-4-two-column-images\">\n<div class=\"a-section a-spacing-none premium-aplus premium-aplus-module-4 aplus-container-1\">\n<div class=\"a-section a-spacing-none premium-aplus-two-column\">\n<div class=\"a-section a-spacing-none premium-aplus-column\">\n<div class=\"a-section a-spacing-none {'column-image'}\"><img loading=\"lazy\" decoding=\"async\" class=\"alignnone\" src=\"https:\/\/m.media-amazon.com\/images\/S\/aplus-media-library-service-media\/b2d9490f-a40f-4e8c-8db4-e99a05f9a2bc.__CR59,18,657,354_PT0_SX650_V1___.jpg\" alt=\"Rucksackkocher \" width=\"650\" height=\"350\" data-src=\"https:\/\/m.media-amazon.com\/images\/S\/aplus-media-library-service-media\/b2d9490f-a40f-4e8c-8db4-e99a05f9a2bc.__CR59,18,657,354_PT0_SX650_V1___.jpg\" data- title=\"\"><\/div>\n<div class=\"a-section a-spacing-none column-heading\"><\/div>\n<div class=\"a-section a-spacing-none column-description\">\n<p class=\"aplus-p3\">Der kompakte Kocher Primus von ISOP ist ideal f\u00fcr Reisen oder Camping. Wenn Sie in den Bergen oder in der Natur unterwegs sind, kommt es oft vor, dass Sie eine Tasse hei\u00dfen Tee oder Kaffee m\u00f6chten. Mit unserem Minikocher und einer Tasse werden Sie damit versorgt.<\/p>\n<\/div>\n<\/div>\n<div class=\"a-section a-spacing-none premium-aplus-column\">\n<div class=\"a-section a-spacing-none {'column-image'}\"><img loading=\"lazy\" decoding=\"async\" class=\"alignnone\" src=\"https:\/\/m.media-amazon.com\/images\/S\/aplus-media-library-service-media\/faa31d46-35b8-4347-b136-6915e89a2bdb.__CR0,0,650,350_PT0_SX650_V1___.jpg\" alt=\"Kaffeetasse\" width=\"650\" height=\"350\" data-src=\"https:\/\/m.media-amazon.com\/images\/S\/aplus-media-library-service-media\/faa31d46-35b8-4347-b136-6915e89a2bdb.__CR0,0,650,350_PT0_SX650_V1___.jpg\" data- title=\"\"><\/div>\n<div class=\"a-section a-spacing-none column-heading\"><\/div>\n<div class=\"a-section a-spacing-none column-description\">\n<p class=\"aplus-p3\">Der faltbare Becher f\u00fcr unterwegs besteht aus lebensmittelechtem Silikonmaterial, das ohne sch\u00e4dliche Zus\u00e4tze sicher zu verwenden ist. Kein Plastik, keine seltsamen Chemikalien und nichts, was Sie nicht in Ihrem K\u00f6rper haben wollen. Nur Sie und Ihr Lieblingsgetr\u00e4nk.<\/p>\n<\/div>\n<\/div>\n<\/div>\n<\/div>\n<\/div>\n<div class=\"celwidget aplus-module premium-module-4-two-column-images aplus-premium\" data-csa-c-id=\"x4ph9p-q838io-prcyjw-2cnwk\" data-cel-widget=\"aplus-premium-module-4-two-column-images\">\n<div class=\"a-section a-spacing-none premium-aplus premium-aplus-module-4 aplus-container-1\">\n<div class=\"a-section a-spacing-none premium-aplus-two-column\">\n<div class=\"a-section a-spacing-none premium-aplus-column\">\n<div class=\"a-section a-spacing-none {'column-image'}\"><img loading=\"lazy\" decoding=\"async\" class=\"alignnone\" src=\"https:\/\/m.media-amazon.com\/images\/S\/aplus-media-library-service-media\/9a39e5ee-03de-46e9-8a9a-72cdfe8e652c.__CR0,0,650,350_PT0_SX650_V1___.jpg\" alt=\"Tragbarer Campingkocher\" width=\"650\" height=\"350\" data-src=\"https:\/\/m.media-amazon.com\/images\/S\/aplus-media-library-service-media\/9a39e5ee-03de-46e9-8a9a-72cdfe8e652c.__CR0,0,650,350_PT0_SX650_V1___.jpg\" data- title=\"\"><\/div>\n<div class=\"a-section a-spacing-none column-heading\"><\/div>\n<div class=\"a-section a-spacing-none column-description\">\n<p class=\"aplus-p3\">Selbst wenn Sie zu Hause auf der Veranda oder im Garten sitzen und Lust auf einen hei\u00dfen Kaffee oder Tee haben, m\u00fcssen Sie nicht nach Hause rennen und am Wasserkocher stehen, bis er kocht, mit Hilfe unseres Primus-Kochers k\u00f6nnen Sie Tee direkt am Herd zubereiten Stelle.<\/p>\n<\/div>\n<\/div>\n<div class=\"a-section a-spacing-none premium-aplus-column\">\n<div class=\"a-section a-spacing-none {'column-image'}\"><img loading=\"lazy\" decoding=\"async\" class=\"alignnone\" src=\"https:\/\/m.media-amazon.com\/images\/S\/aplus-media-library-service-media\/2089eee2-c4f6-43a7-b0b4-ec4f2f557636.__CR0,69,750,404_PT0_SX650_V1___.jpg\" alt=\"\" width=\"650\" height=\"350\" data-src=\"https:\/\/m.media-amazon.com\/images\/S\/aplus-media-library-service-media\/2089eee2-c4f6-43a7-b0b4-ec4f2f557636.__CR0,69,750,404_PT0_SX650_V1___.jpg\" data- title=\"\"><\/div>\n<div class=\"a-section a-spacing-none column-heading\"><\/div>\n<div class=\"a-section a-spacing-none column-description\">\n<p>Es ist kompakt, leicht, faltbar und sehr langlebig. Im Wesentlichen ewig. Im Wanderrucksack nimmt er kaum Platz ein und ist aus keinem Survival-Kit wegzudenken!<\/p>\n<p>Gastank ist nicht enthalten.<\/p>\n<\/div>\n<\/div>\n<\/div>\n<\/div>\n<\/div>\n","protected":false},"excerpt":{"rendered":"<p id=\"reconcile-item-title\" class=\"text-weight-bold\" style=\"text-align: center;\">Rucksackkocher und zusammenklappbare Kaffeetasse &#8211; Tragbarer Campingkocher &#8211; Kleiner Kocher mit Einzelbrenner f\u00fcr Kraftstoffkanister &#8211; Mini-Taschenkessel zum Wandern und Gaskochen &#8211; Kompatibel mit 4 g\u00e4ngigen Arten von Campingkocherbrennstoffen<\/p>\n<p style=\"text-align: center;\">KOSTENLOSE LIEFERUNG INNERHALB VON 3-7 TAGEN<\/p>\n<p>&nbsp;<\/p>\n<p style=\"text-align: center;\">\n","protected":false},"featured_media":4865,"comment_status":"open","ping_status":"closed","template":"","meta":[],"product_brand":[],"product_cat":[443],"product_tag":[356,355,358,353,354,357],"class_list":{"0":"post-4864","1":"product","2":"type-product","3":"status-publish","4":"has-post-thumbnail","6":"product_cat-rettungs-und-ueberlebenssets","7":"product_tag-camping-kaffeemaschine","8":"product_tag-campingkocher-zum-kochen-beim-wandern-im-freien","9":"product_tag-leichter-kocher","10":"product_tag-rucksackkocher","11":"product_tag-tragbarer-campingkocher","12":"product_tag-tragbares-pour-over-kaffeemaschinen-set","14":"first","15":"instock","16":"shipping-taxable","17":"purchasable","18":"product-type-simple"},"_links":{"self":[{"href":"https:\/\/isopllc.com\/de\/wp-json\/wp\/v2\/product\/4864","targetHints":{"allow":["GET"]}}],"collection":[{"href":"https:\/\/isopllc.com\/de\/wp-json\/wp\/v2\/product"}],"about":[{"href":"https:\/\/isopllc.com\/de\/wp-json\/wp\/v2\/types\/product"}],"replies":[{"embeddable":true,"href":"https:\/\/isopllc.com\/de\/wp-json\/wp\/v2\/comments?post=4864"}],"wp:featuredmedia":[{"embeddable":true,"href":"https:\/\/isopllc.com\/de\/wp-json\/wp\/v2\/media\/4865"}],"wp:attachment":[{"href":"https:\/\/isopllc.com\/de\/wp-json\/wp\/v2\/media?parent=4864"}],"wp:term":[{"taxonomy":"product_brand","embeddable":true,"href":"https:\/\/isopllc.com\/de\/wp-json\/wp\/v2\/product_brand?post=4864"},{"taxonomy":"product_cat","embeddable":true,"href":"https:\/\/isopllc.com\/de\/wp-json\/wp\/v2\/product_cat?post=4864"},{"taxonomy":"product_tag","embeddable":true,"href":"https:\/\/isopllc.com\/de\/wp-json\/wp\/v2\/product_tag?post=4864"}],"curies":[{"name":"wp","href":"https:\/\/api.w.org\/{rel}","templated":true}]}}