{"id":4937,"date":"2023-03-29T08:00:33","date_gmt":"2023-03-29T08:00:33","guid":{"rendered":"https:\/\/isopllc.com\/de\/?post_type=product&#038;p=4937"},"modified":"2025-06-25T18:23:28","modified_gmt":"2025-06-25T18:23:28","slug":"isop-bettgitter-hilfsgriff","status":"publish","type":"product","link":"https:\/\/isopllc.com\/de\/product\/isop-bettgitter-hilfsgriff\/","title":{"rendered":"ISOP-Bettgitter-Hilfsgriff"},"content":{"rendered":"<h1 id=\"title\" class=\"a-size-large a-spacing-none\"><\/h1>\n<p><img loading=\"lazy\" decoding=\"async\" class=\"alignnone size-medium wp-image-4943\" src=\"https:\/\/isopllc.com\/de\/wp-content\/uploads\/sites\/3\/2023\/03\/Adjustable-Bed-Assistance-Device-2.jpg\" alt=\"\" width=\"900\" height=\"900\" title=\"\" srcset=\"https:\/\/isopllc.com\/de\/wp-content\/uploads\/sites\/3\/2023\/03\/Adjustable-Bed-Assistance-Device-2.jpg 900w, https:\/\/isopllc.com\/de\/wp-content\/uploads\/sites\/3\/2023\/03\/Adjustable-Bed-Assistance-Device-2-150x150.jpg 150w, https:\/\/isopllc.com\/de\/wp-content\/uploads\/sites\/3\/2023\/03\/Adjustable-Bed-Assistance-Device-2-768x768.jpg 768w, https:\/\/isopllc.com\/de\/wp-content\/uploads\/sites\/3\/2023\/03\/Adjustable-Bed-Assistance-Device-2-416x416.jpg 416w, https:\/\/isopllc.com\/de\/wp-content\/uploads\/sites\/3\/2023\/03\/Adjustable-Bed-Assistance-Device-2-100x100.jpg 100w\" sizes=\"auto, (max-width: 900px) 100vw, 900px\" \/><\/p>\n<p>Die Bettleiter hilft Menschen mit Wirbels\u00e4ulenverletzungen, Schw\u00e4che im Unterk\u00f6rper und eingeschr\u00e4nkter Bewegungsfreiheit und erm\u00f6glicht es Personen, sich leicht in eine sitzende Stellung zu erheben.<\/p>\n<p><img loading=\"lazy\" decoding=\"async\" class=\"alignnone size-full wp-image-4945\" src=\"https:\/\/isopllc.com\/de\/wp-content\/uploads\/sites\/3\/2023\/03\/Adjustable-Bed-Assistance-Device-1.jpg\" alt=\"\" width=\"900\" height=\"900\" title=\"\" srcset=\"https:\/\/isopllc.com\/de\/wp-content\/uploads\/sites\/3\/2023\/03\/Adjustable-Bed-Assistance-Device-1.jpg 900w, https:\/\/isopllc.com\/de\/wp-content\/uploads\/sites\/3\/2023\/03\/Adjustable-Bed-Assistance-Device-1-150x150.jpg 150w, https:\/\/isopllc.com\/de\/wp-content\/uploads\/sites\/3\/2023\/03\/Adjustable-Bed-Assistance-Device-1-768x768.jpg 768w, https:\/\/isopllc.com\/de\/wp-content\/uploads\/sites\/3\/2023\/03\/Adjustable-Bed-Assistance-Device-1-416x416.jpg 416w, https:\/\/isopllc.com\/de\/wp-content\/uploads\/sites\/3\/2023\/03\/Adjustable-Bed-Assistance-Device-1-100x100.jpg 100w\" sizes=\"auto, (max-width: 900px) 100vw, 900px\" \/><\/p>\n<p>Die robuste Bettleiter besteht aus einem strapazierf\u00e4higen Gurtband, das bis zu 300 Pfund tragen kann, und macht das Aufrichten im Bett f\u00fcr diejenigen, die sich von einer Operation erholen, sowie f\u00fcr diejenigen, die schwanger sind oder unter R\u00fcckenproblemen leiden, einfach.<\/p>\n<p><img loading=\"lazy\" decoding=\"async\" class=\"alignnone size-full wp-image-4941\" src=\"https:\/\/isopllc.com\/de\/wp-content\/uploads\/sites\/3\/2023\/03\/Bed-Rail-Assist-Handle-3.jpg\" alt=\"\" width=\"900\" height=\"900\" title=\"\" srcset=\"https:\/\/isopllc.com\/de\/wp-content\/uploads\/sites\/3\/2023\/03\/Bed-Rail-Assist-Handle-3.jpg 900w, https:\/\/isopllc.com\/de\/wp-content\/uploads\/sites\/3\/2023\/03\/Bed-Rail-Assist-Handle-3-150x150.jpg 150w, https:\/\/isopllc.com\/de\/wp-content\/uploads\/sites\/3\/2023\/03\/Bed-Rail-Assist-Handle-3-768x768.jpg 768w, https:\/\/isopllc.com\/de\/wp-content\/uploads\/sites\/3\/2023\/03\/Bed-Rail-Assist-Handle-3-416x416.jpg 416w, https:\/\/isopllc.com\/de\/wp-content\/uploads\/sites\/3\/2023\/03\/Bed-Rail-Assist-Handle-3-100x100.jpg 100w\" sizes=\"auto, (max-width: 900px) 100vw, 900px\" \/><\/p>\n<p>L\u00e4sst sich einfach an jedem Bettrahmen installieren, indem Sie einen Knoten machen. Die Leiter l\u00e4sst sich leicht abnehmen und ist tragbar f\u00fcr zus\u00e4tzliche Hilfe auf Reisen und zu Hause.<\/p>\n<p><img loading=\"lazy\" decoding=\"async\" class=\"alignnone size-full wp-image-4942\" src=\"https:\/\/isopllc.com\/de\/wp-content\/uploads\/sites\/3\/2023\/03\/Adjustable-Bed-Assistance-Device-3.jpg\" alt=\"\" width=\"900\" height=\"900\" title=\"\" srcset=\"https:\/\/isopllc.com\/de\/wp-content\/uploads\/sites\/3\/2023\/03\/Adjustable-Bed-Assistance-Device-3.jpg 900w, https:\/\/isopllc.com\/de\/wp-content\/uploads\/sites\/3\/2023\/03\/Adjustable-Bed-Assistance-Device-3-150x150.jpg 150w, https:\/\/isopllc.com\/de\/wp-content\/uploads\/sites\/3\/2023\/03\/Adjustable-Bed-Assistance-Device-3-768x768.jpg 768w, https:\/\/isopllc.com\/de\/wp-content\/uploads\/sites\/3\/2023\/03\/Adjustable-Bed-Assistance-Device-3-416x416.jpg 416w, https:\/\/isopllc.com\/de\/wp-content\/uploads\/sites\/3\/2023\/03\/Adjustable-Bed-Assistance-Device-3-100x100.jpg 100w\" sizes=\"auto, (max-width: 900px) 100vw, 900px\" \/><\/p>\n<p>Die strapazierf\u00e4higen 3 Griffe sind gepolstert und bieten einen rutschfesten Halt beim Anheben oder Absenken im Bett. Jeder rutschfeste Griff ist 15,2 cm lang, um einen bequemen Griff zu bieten. Die drei Griffe sind 27,9 cm voneinander entfernt, um beim Aufstehen optimale Unterst\u00fctzung zu bieten.<\/p>\n<p><img loading=\"lazy\" decoding=\"async\" class=\"alignnone size-full wp-image-4946\" src=\"https:\/\/isopllc.com\/de\/wp-content\/uploads\/sites\/3\/2023\/03\/Bed-Rail-Assist-Handle-1.jpg\" alt=\"\" width=\"900\" height=\"900\" title=\"\" srcset=\"https:\/\/isopllc.com\/de\/wp-content\/uploads\/sites\/3\/2023\/03\/Bed-Rail-Assist-Handle-1.jpg 900w, https:\/\/isopllc.com\/de\/wp-content\/uploads\/sites\/3\/2023\/03\/Bed-Rail-Assist-Handle-1-150x150.jpg 150w, https:\/\/isopllc.com\/de\/wp-content\/uploads\/sites\/3\/2023\/03\/Bed-Rail-Assist-Handle-1-768x768.jpg 768w, https:\/\/isopllc.com\/de\/wp-content\/uploads\/sites\/3\/2023\/03\/Bed-Rail-Assist-Handle-1-416x416.jpg 416w, https:\/\/isopllc.com\/de\/wp-content\/uploads\/sites\/3\/2023\/03\/Bed-Rail-Assist-Handle-1-100x100.jpg 100w\" sizes=\"auto, (max-width: 900px) 100vw, 900px\" \/><\/p>\n","protected":false},"excerpt":{"rendered":"<p id=\"title\" class=\"a-size-large a-spacing-none\" style=\"text-align: center;\"><span id=\"productTitle\" class=\"a-size-large product-title-word-break\">ISOP-Bettgitter-Hilfsgriff | Verstellbares Betthilfsger\u00e4t | Bettleiter 3 Griffe Rahmengriffe | Sicherheits-Klimmzugseilheber f\u00fcr Erwachsene, \u00e4ltere Menschen, Behinderte<\/span><\/p>\n<p style=\"text-align: center;\">KOSTENLOSE LIEFERUNG INNERHALB VON 3-7 TAGEN<\/p>\n<p>&nbsp;<\/p>\n","protected":false},"featured_media":4948,"comment_status":"open","ping_status":"closed","template":"","meta":[],"product_brand":[],"product_cat":[443],"product_tag":[331,334,333,332],"class_list":{"0":"post-4937","1":"product","2":"type-product","3":"status-publish","4":"has-post-thumbnail","6":"product_cat-rettungs-und-ueberlebenssets","7":"product_tag-bettgitter-fuer-aeltere-erwachsene","8":"product_tag-bettgitter-stuetzgriff","9":"product_tag-tragbare-bettstuetzstange","10":"product_tag-verstellbare-bettstuetzen-fuer-senioren","12":"first","13":"instock","14":"shipping-taxable","15":"purchasable","16":"product-type-simple"},"_links":{"self":[{"href":"https:\/\/isopllc.com\/de\/wp-json\/wp\/v2\/product\/4937","targetHints":{"allow":["GET"]}}],"collection":[{"href":"https:\/\/isopllc.com\/de\/wp-json\/wp\/v2\/product"}],"about":[{"href":"https:\/\/isopllc.com\/de\/wp-json\/wp\/v2\/types\/product"}],"replies":[{"embeddable":true,"href":"https:\/\/isopllc.com\/de\/wp-json\/wp\/v2\/comments?post=4937"}],"wp:featuredmedia":[{"embeddable":true,"href":"https:\/\/isopllc.com\/de\/wp-json\/wp\/v2\/media\/4948"}],"wp:attachment":[{"href":"https:\/\/isopllc.com\/de\/wp-json\/wp\/v2\/media?parent=4937"}],"wp:term":[{"taxonomy":"product_brand","embeddable":true,"href":"https:\/\/isopllc.com\/de\/wp-json\/wp\/v2\/product_brand?post=4937"},{"taxonomy":"product_cat","embeddable":true,"href":"https:\/\/isopllc.com\/de\/wp-json\/wp\/v2\/product_cat?post=4937"},{"taxonomy":"product_tag","embeddable":true,"href":"https:\/\/isopllc.com\/de\/wp-json\/wp\/v2\/product_tag?post=4937"}],"curies":[{"name":"wp","href":"https:\/\/api.w.org\/{rel}","templated":true}]}}