{"id":4984,"date":"2023-06-07T12:29:19","date_gmt":"2023-06-07T12:29:19","guid":{"rendered":"https:\/\/isopllc.com\/de\/?post_type=product&#038;p=4984"},"modified":"2025-10-30T09:47:59","modified_gmt":"2025-10-30T09:47:59","slug":"feuerleiter-3-geschossig-8-m-kletteranker","status":"publish","type":"product","link":"https:\/\/isopllc.com\/de\/product\/feuerleiter-3-geschossig-8-m-kletteranker\/","title":{"rendered":"Feuerleiter 3-geschossig 8 m (Kletteranker) &#8211; Notleiter 8m"},"content":{"rendered":"<div class=\"celwidget aplus-module module-4 aplus-standard\" data-csa-c-id=\"6mnb1z-9dwrl2-ic24uv-jd1phn\" data-cel-widget=\"aplus-module-4\">\n<div class=\"a-expander-collapsed-height a-row a-expander-container a-expander-partial-collapse-container\" aria-live=\"polite\" data-a-expander-name=\"aplus-module-expander\" data-a-expander-collapsed-height=\"700\">\n<div class=\"a-expander-content a-expander-partial-collapse-content\" aria-expanded=\"false\">\n<div class=\"aplus-module-wrapper apm-fixed-width\">\n<div class=\"apm-spacing\">\n<div class=\"apm-floatleft apm-fixed-width\">\n<div id=\"title_feature_div\" class=\"celwidget\" data-feature-name=\"title\" data-csa-c-id=\"m5t5xw-wzxd1-od319-pyb58o\" data-cel-widget=\"title_feature_div\">\n<div id=\"titleSection\" class=\"a-section a-spacing-none\">\n<div id=\"title_feature_div\" class=\"celwidget\" data-feature-name=\"title\" data-csa-c-id=\"m5t5xw-wzxd1-od319-pyb58o\" data-cel-widget=\"title_feature_div\">\n<div id=\"titleSection\" class=\"a-section a-spacing-none\">\n<div id=\"title_feature_div\" class=\"celwidget\" data-feature-name=\"title\" data-csa-c-type=\"widget\" data-csa-c-content-id=\"title\" data-csa-c-slot-id=\"title_feature_div\" data-csa-c-asin=\"B08LBSSYLB\" data-csa-c-is-in-initial-active-row=\"false\" data-csa-c-id=\"17ru46-17y14b-n67b8m-2oxpt\" data-cel-widget=\"title_feature_div\">\n<div id=\"titleSection\" class=\"a-section a-spacing-none\">\n<div id=\"title_feature_div\" class=\"celwidget\" data-feature-name=\"title\" data-csa-c-type=\"widget\" data-csa-c-content-id=\"title\" data-csa-c-slot-id=\"title_feature_div\" data-csa-c-asin=\"B08MC9LH29\" data-csa-c-is-in-initial-active-row=\"false\" data-csa-c-id=\"analhw-te1xyy-60lyno-20y2gm\" data-cel-widget=\"title_feature_div\">\n<div id=\"titleSection\" class=\"a-section a-spacing-none\">\n<div id=\"title_feature_div\" class=\"celwidget\" data-feature-name=\"title\" data-csa-c-type=\"widget\" data-csa-c-content-id=\"title\" data-csa-c-slot-id=\"title_feature_div\" data-csa-c-asin=\"B09TLDMQBR\" data-csa-c-is-in-initial-active-row=\"false\" data-csa-c-id=\"oha51v-3fel6l-hph8o8-sfkywd\" data-cel-widget=\"title_feature_div\">\n<div id=\"titleSection\" class=\"a-section a-spacing-none\">\n<h2 id=\"title\" class=\"a-size-large a-spacing-none\">Feuerleiter 3-geschossig 8 m | Anker im Lieferumfang enthalten | Strickleiter &#8211; Feuerleiter f\u00fcr H\u00e4user im 3. Stock | Notleiter Tragbar, faltbar und kompakt | Notleiter f\u00fcr Balkon und Fenster geeignet<\/h2>\n<\/div>\n<\/div>\n<\/div>\n<\/div>\n<\/div>\n<\/div>\n<\/div>\n<\/div>\n<\/div>\n<\/div>\n<\/div>\n<\/div>\n<\/div>\n<\/div>\n<\/div>\n<\/div>\n<div class=\"celwidget aplus-module module-9 aplus-standard\" data-csa-c-id=\"kgh8ns-6rdhac-l4uce3-redgno\" data-cel-widget=\"aplus-module-9\">\n<div class=\"a-expander-collapsed-height a-row a-expander-container a-expander-partial-collapse-container\" aria-live=\"polite\" data-a-expander-name=\"aplus-module-expander\" data-a-expander-collapsed-height=\"700\">\n<div class=\"a-expander-content a-expander-partial-collapse-content\" aria-expanded=\"false\">\n<div class=\"aplus-module-wrapper apm-fixed-width\">\n<div class=\"apm-spacing apm-fixed-width\">\n<div class=\"celwidget aplus-module module-9 aplus-standard\" data-csa-c-id=\"6rrkxj-o9oo3p-2dk8kw-v8mrts\" data-cel-widget=\"aplus-module-9\">\n<div class=\"a-expander-collapsed-height a-row a-expander-container a-expander-partial-collapse-container\" aria-live=\"polite\" data-a-expander-name=\"aplus-module-expander\" data-a-expander-collapsed-height=\"700\">\n<div class=\"a-expander-content a-expander-partial-collapse-content\" aria-expanded=\"false\">\n<div class=\"aplus-module-wrapper apm-fixed-width\">\n<div class=\"apm-spacing apm-fixed-width\"><\/div>\n<\/div>\n<\/div>\n<\/div>\n<\/div>\n<div class=\"celwidget aplus-module module-2 aplus-standard\" data-csa-c-id=\"czdp8c-vpt42n-ub22e6-8qlfjz\" data-cel-widget=\"aplus-module-2\">\n<div class=\"a-expander-collapsed-height a-row a-expander-container a-expander-partial-collapse-container\" aria-live=\"polite\" data-a-expander-name=\"aplus-module-expander\" data-a-expander-collapsed-height=\"700\">\n<div class=\"a-expander-content a-expander-partial-collapse-content\" aria-expanded=\"false\">\n<div class=\"aplus-module-wrapper apm-floatnone apm-fixed-width\">\n<div class=\"apm-sidemodule apm-spacing\">\n<div class=\"apm-sidemodule-textright\">\n<div class=\"celwidget aplus-module module-9 aplus-standard\">\n<div class=\"a-expander-collapsed-height a-row a-expander-container a-expander-partial-collapse-container\" data-a-expander-name=\"aplus-module-expander\" data-a-expander-collapsed-height=\"700\">\n<div class=\"a-expander-content a-expander-partial-collapse-content\" aria-expanded=\"false\">\n<div class=\"aplus-module-wrapper apm-fixed-width\">\n<div class=\"apm-spacing apm-fixed-width\">\n<div class=\"celwidget aplus-module module-9 aplus-standard\" data-csa-c-id=\"emkbnl-11vq23-1incdi-lfo9yf\" data-cel-widget=\"aplus-module-9\">\n<div class=\"aplus-module-wrapper apm-fixed-width\">\n<div class=\"apm-spacing apm-fixed-width\">\n<div id=\"aplus_feature_div\" class=\"celwidget\" data-feature-name=\"aplus\" data-csa-c-type=\"widget\" data-csa-c-content-id=\"aplus\" data-csa-c-slot-id=\"aplus_feature_div\" data-csa-c-asin=\"\" data-csa-c-is-in-initial-active-row=\"false\" data-csa-c-id=\"ebpnh7-v23cw7-lv803-rp18f9\" data-cel-widget=\"aplus_feature_div\">\n<div id=\"aplus\" class=\"a-section a-spacing-large bucket\">\n<div class=\"aplus-v2 desktop celwidget\" data-csa-c-id=\"322z1i-fsajov-ud7fia-k0knjv\" data-cel-widget=\"aplus\">\n<div class=\"celwidget aplus-module module-9 aplus-standard\" data-csa-c-id=\"e5nyxf-jpncv6-ubo24v-ozeiyw\" data-cel-widget=\"aplus-module-9\">\n<div class=\"aplus-module-wrapper apm-fixed-width\">\n<div class=\"apm-spacing apm-fixed-width\">\n<h3 class=\"a-spacing-small\">Warum sollten Sie sich f\u00fcr unsere Feuerleitern entscheiden?<\/h3>\n<p><img loading=\"lazy\" decoding=\"async\" class=\"a-spacing-mini alignnone\" src=\"https:\/\/m.media-amazon.com\/images\/S\/aplus-media-library-service-media\/0c3c254d-684e-4313-bc9f-ae4b4b7e7ee7.__CR0,0,300,300_PT0_SX300_V1___.jpg\" alt=\"fire escape ladder\" width=\"300\" height=\"300\" data-src=\"https:\/\/m.media-amazon.com\/images\/S\/aplus-media-library-service-media\/0c3c254d-684e-4313-bc9f-ae4b4b7e7ee7.__CR0,0,300,300_PT0_SX300_V1___.jpg\" data- title=\"\"><\/p>\n<h3>Breite Anwendung<\/h3>\n<p>Kann als Feuerleiter oder Notfallleiter verwendet werden; Kann auch als Dachbodenbunker, Dachbodenleiter, Wandleiter und sogar als dauerhafte Leiter usw. dienen.<\/p>\n<p><img loading=\"lazy\" decoding=\"async\" class=\"a-spacing-mini alignnone\" style=\"font-weight: 600\" src=\"https:\/\/m.media-amazon.com\/images\/S\/aplus-media-library-service-media\/94e0f1b0-d713-4663-a172-3e35c4090aaa.__CR0,0,1000,1000_PT0_SX300_V1___.jpg\" alt=\"Feuerleiter 3-geschossig\" width=\"300\" height=\"300\" data-src=\"https:\/\/m.media-amazon.com\/images\/S\/aplus-media-library-service-media\/94e0f1b0-d713-4663-a172-3e35c4090aaa.__CR0,0,1000,1000_PT0_SX300_V1___.jpg\" data- title=\"\"><\/p>\n<h3>Sanft zu den H\u00e4nden<\/h3>\n<p>Bei der Entwicklung dieser Leitern haben wir die M\u00e4ngel unserer Mitbewerber ber\u00fccksichtigt. Die anderen beschweren sich oft dar\u00fcber, dass sich Benutzer beim Benutzen der Leitersprossen die H\u00e4nde schneiden, weil die Aluminiumsprossen scharf sind. Wir haben dies ber\u00fccksichtigt und unsere Leitern haben keine scharfen Ecken und sind sowohl f\u00fcr Erwachsene als auch f\u00fcr Kinder sicher.<\/p>\n<p><img loading=\"lazy\" decoding=\"async\" class=\"a-spacing-mini alignnone\" style=\"font-weight: 600\" src=\"https:\/\/m.media-amazon.com\/images\/S\/aplus-media\/sc\/27f9c708-c858-49c0-96f7-815dd0fa4f9a.__CR0,0,1000,1000_PT0_SX300_V1___.jpg\" alt=\"Feuerleiter 3-geschossig 8 m\" width=\"300\" height=\"300\" data-src=\"https:\/\/m.media-amazon.com\/images\/S\/aplus-media\/sc\/27f9c708-c858-49c0-96f7-815dd0fa4f9a.__CR0,0,1000,1000_PT0_SX300_V1___.jpg\" data- title=\"\"><\/p>\n<h3>Integrierte Riemen<\/h3>\n<p>Auch hier ist beim Vergleich unserer Leitern mit Wettbewerbern zu beachten, dass unsere Leitern im Gegensatz zu anderen vom oberen Ende bis zum unteren Ende aus einem St\u00fcck Gurtband bestehen, das dank einer speziellen patentierten Technologie bis zu 1200 Pfund (!) aush\u00e4lt. W\u00e4hrend die Gurtleitern der Konkurrenz in Einzelteilen gen\u00e4ht sind, ist dies unserer Meinung nach unzuverl\u00e4ssig.<\/p>\n<p><img decoding=\"async\" class=\"a-spacing-mini\" src=\"https:\/\/m.media-amazon.com\/images\/S\/aplus-media-library-service-media\/0816345a-5da9-4a58-b7e9-417c78f7767b.__CR0,0,300,300_PT0_SX300_V1___.jpg\" alt=\"For window or balcony\" data-src=\"https:\/\/m.media-amazon.com\/images\/S\/aplus-media-library-service-media\/0816345a-5da9-4a58-b7e9-417c78f7767b.__CR0,0,300,300_PT0_SX300_V1___.jpg\" data- title=\"\"><\/p>\n<\/div>\n<div>Wird mit einer Aufbewahrungstasche geliefert.<\/div>\n<div><\/div>\n<div><img decoding=\"async\" class=\"a-spacing-mini\" style=\"font-weight: 600\" src=\"https:\/\/m.media-amazon.com\/images\/S\/aplus-media\/sc\/42cab632-a2d0-40fd-a2dd-280d531bf010.__CR282,0,1000,1000_PT0_SX300_V1___.jpg\" alt=\"For window or balcony\" data-src=\"https:\/\/m.media-amazon.com\/images\/S\/aplus-media\/sc\/42cab632-a2d0-40fd-a2dd-280d531bf010.__CR282,0,1000,1000_PT0_SX300_V1___.jpg\" data- title=\"\"><\/div>\n<\/div>\n<\/div>\n<div><\/div>\n<div class=\"celwidget aplus-module module-9 aplus-standard\" data-csa-c-id=\"e5nyxf-jpncv6-ubo24v-ozeiyw\" data-cel-widget=\"aplus-module-9\">\n<h3>Stabilisatoren<\/h3>\n<p>Die Sprossen unserer Leitern verf\u00fcgen \u00fcber Stabilisatoren, die daf\u00fcr sorgen, dass die Leitern nicht fest an der Wand haften, sondern fest an der Wand anliegen und so den Abstieg aus dem zweiten oder dritten Stock erheblich erleichtern.<\/p>\n<h3>Anti-Rutsch-Sprossen<\/h3>\n<p>Ein spezielles Muster auf der Oberfl\u00e4che der Sprossen macht den Abstieg aus der Wohnung bei jedem Wetter rutschfest.<\/p>\n<p><img decoding=\"async\" class=\"a-spacing-mini\" style=\"font-weight: 600\" src=\"https:\/\/m.media-amazon.com\/images\/S\/aplus-media\/sc\/8b1ba6ce-d84f-4314-b98a-95d063fc3e5e.__CR500,0,1000,1000_PT0_SX300_V1___.jpg\" alt=\"For window or balcony\" data-src=\"https:\/\/m.media-amazon.com\/images\/S\/aplus-media\/sc\/8b1ba6ce-d84f-4314-b98a-95d063fc3e5e.__CR500,0,1000,1000_PT0_SX300_V1___.jpg\" data- title=\"\"><\/p>\n<\/div>\n<h3>Wetterfest<\/h3>\n<p>Die spezielle Pulverbeschichtung sch\u00fctzt die Sprossen vor Rost und das Polyestergewebe ist \u00e4u\u00dferst wasser- und schneebest\u00e4ndig, sodass unsere Feuerleitern wetterbest\u00e4ndig sind.<\/p>\n<h3>Zertifiziert<\/h3>\n<p>Unsere Leitern sind \u2013 im Gegensatz zu allen \u00e4hnlichen Produkten auf dem Markt \u2013 nach dem Qualit\u00e4tsstandard EN 131 zertifiziert. Es ist besser, sein Leben einem Produkt anzuvertrauen, das alle notwendigen Tests bestanden hat, als einem etwas billigeren Artikel, dessen Material fragw\u00fcrdig ist.<\/p>\n<p><img loading=\"lazy\" decoding=\"async\" class=\"alignnone wp-image-5764\" src=\"https:\/\/isopllc.com\/de\/wp-content\/uploads\/sites\/3\/2025\/04\/2.jpg\" alt=\"Zertifiziert Strickleiter-Feuerleite\" width=\"327\" height=\"327\" title=\"\" srcset=\"https:\/\/isopllc.com\/de\/wp-content\/uploads\/sites\/3\/2025\/04\/2.jpg 1080w, https:\/\/isopllc.com\/de\/wp-content\/uploads\/sites\/3\/2025\/04\/2-150x150.jpg 150w, https:\/\/isopllc.com\/de\/wp-content\/uploads\/sites\/3\/2025\/04\/2-768x768.jpg 768w, https:\/\/isopllc.com\/de\/wp-content\/uploads\/sites\/3\/2025\/04\/2-1000x1000.jpg 1000w, https:\/\/isopllc.com\/de\/wp-content\/uploads\/sites\/3\/2025\/04\/2-416x416.jpg 416w, https:\/\/isopllc.com\/de\/wp-content\/uploads\/sites\/3\/2025\/04\/2-100x100.jpg 100w\" sizes=\"auto, (max-width: 327px) 100vw, 327px\" \/><\/p>\n<h3>Wiederverwendbar<\/h3>\n<p>Unsere Feuerleiter 3-geschossig sind wiederverwendbar und lassen sich im Gegensatz zu anderen Leitern, die entsorgt werden m\u00fcssen, leicht reparieren. Bei richtiger Lagerung k\u00f6nnen sie jahrelang halten!<\/p>\n<div class=\"celwidget aplus-module module-9 aplus-standard\" data-csa-c-id=\"ed8g21-z6tdjn-xdkwve-myvqs7\" data-cel-widget=\"aplus-module-9\">\n<div class=\"aplus-module-wrapper apm-fixed-width\">\n<div class=\"apm-spacing apm-fixed-width\"><img loading=\"lazy\" decoding=\"async\" class=\"a-spacing-mini alignnone\" style=\"font-weight: 600\" src=\"https:\/\/m.media-amazon.com\/images\/S\/aplus-media-library-service-media\/e7c18d47-cc80-4010-b87d-269b3e2c59af.__CR0,0,300,300_PT0_SX300_V1___.jpg\" alt=\"Feuerleiter 8 m\" width=\"300\" height=\"300\" data-src=\"https:\/\/m.media-amazon.com\/images\/S\/aplus-media-library-service-media\/e7c18d47-cc80-4010-b87d-269b3e2c59af.__CR0,0,300,300_PT0_SX300_V1___.jpg\" data- title=\"\"><\/div>\n<div>\n<h3>Tragbar<\/h3>\n<p>Enth\u00e4lt eine Geschenkbox in nat\u00fcrlicher Holzfarbe.<\/p>\n<\/div>\n<\/div>\n<div><img decoding=\"async\" class=\"a-spacing-mini\" style=\"font-weight: 600\" src=\"https:\/\/m.media-amazon.com\/images\/S\/aplus-media-library-service-media\/69e20463-8535-4185-ad23-2d11f4e0e445.__CR188,0,1125,1125_PT0_SX300_V1___.jpg\" alt=\"carabiners\" data-src=\"https:\/\/m.media-amazon.com\/images\/S\/aplus-media-library-service-media\/69e20463-8535-4185-ad23-2d11f4e0e445.__CR188,0,1125,1125_PT0_SX300_V1___.jpg\" data- title=\"\"><\/div>\n<\/div>\n<\/div>\n<\/div>\n<div>\n<h3>Robuste Karabiner<\/h3>\n<p>Zu den Feuerleiter 3-geschossig geh\u00f6ren verchromte Karabiner mit einer Bruchfestigkeit von 11KN.<\/p>\n<p><img decoding=\"async\" class=\"a-spacing-mini\" style=\"font-weight: 600\" src=\"https:\/\/m.media-amazon.com\/images\/S\/aplus-media-library-service-media\/c3b3fb51-597d-4234-91a3-95fb43b58226.__CR0,0,300,300_PT0_SX300_V1___.jpg\" alt=\"ladder\" data-src=\"https:\/\/m.media-amazon.com\/images\/S\/aplus-media-library-service-media\/c3b3fb51-597d-4234-91a3-95fb43b58226.__CR0,0,300,300_PT0_SX300_V1___.jpg\" data- title=\"\"><\/p>\n<\/div>\n<h3>Verschiedene Gr\u00f6\u00dfen<\/h3>\n<p>Wir bieten unsere Feuerleiter in zwei Gr\u00f6\u00dfen an: Feuerleiter f\u00fcr 1-2-st\u00f6ckige H\u00e4user und Feuerleiter f\u00fcr 3-st\u00f6ckige H\u00e4user.<\/p>\n<div id=\"aplus\" class=\"a-section a-spacing-large bucket\">\n<div class=\"aplus-v2 desktop celwidget\" data-csa-c-id=\"322z1i-fsajov-ud7fia-k0knjv\" data-cel-widget=\"aplus\">\n<div class=\"celwidget aplus-module module-9 aplus-standard\" data-csa-c-id=\"i3wpnb-ql0ty0-e1ad7b-5zlqlt\" data-cel-widget=\"aplus-module-9\">\n<div class=\"aplus-module-wrapper apm-fixed-width\">\n<div class=\"apm-spacing apm-fixed-width\"><img decoding=\"async\" class=\"a-spacing-mini\" style=\"font-weight: 600\" src=\"https:\/\/m.media-amazon.com\/images\/S\/aplus-media-library-service-media\/3e3631ef-bf95-4934-bd5d-2881c8d8d8c7.__CR0,0,300,300_PT0_SX300_V1___.jpg\" alt=\"Climbing anchor bolts set\" data-src=\"https:\/\/m.media-amazon.com\/images\/S\/aplus-media-library-service-media\/3e3631ef-bf95-4934-bd5d-2881c8d8d8c7.__CR0,0,300,300_PT0_SX300_V1___.jpg\" data- title=\"\"><\/div>\n<\/div>\n<div><\/div>\n<div>Kletterankerschrauben-Set, bestehend aus 2 St\u00fcck Aufh\u00e4ngeplatten und 2 St\u00fcck Dehnschrauben. Schraubenmuttern und Unterlegscheiben sind im Lieferumfang enthalten<\/div>\n<div><\/div>\n<\/div>\n<\/div>\n<div><img decoding=\"async\" class=\"a-spacing-mini\" src=\"https:\/\/m.media-amazon.com\/images\/S\/aplus-media-library-service-media\/ac107527-31f7-4d80-b674-40b8002414d7.__CR0,0,300,300_PT0_SX300_V1___.jpg\" alt=\"Climbing anchor bolts set\" data-src=\"https:\/\/m.media-amazon.com\/images\/S\/aplus-media-library-service-media\/ac107527-31f7-4d80-b674-40b8002414d7.__CR0,0,300,300_PT0_SX300_V1___.jpg\" data- title=\"\"><\/div>\n<\/div>\n<div><\/div>\n<\/div>\n<\/div>\n<\/div>\n<\/div>\n<\/div>\n<div>Aufh\u00e4ngeplatten f\u00fcr permanenten Ankerpunkt. Befestigungs\u00f6se f\u00fcr zwei Karabiner.<\/div>\n<div><\/div>\n<\/div>\n<div><img loading=\"lazy\" decoding=\"async\" class=\"a-spacing-mini alignnone\" style=\"font-weight: 600\" src=\"https:\/\/m.media-amazon.com\/images\/S\/aplus-media-library-service-media\/3536bb7e-bf8c-4956-95aa-18f0bec05cc5.__CR0,0,300,300_PT0_SX300_V1___.jpg\" alt=\"Notleiter 8m\" width=\"300\" height=\"300\" data-src=\"https:\/\/m.media-amazon.com\/images\/S\/aplus-media-library-service-media\/3536bb7e-bf8c-4956-95aa-18f0bec05cc5.__CR0,0,300,300_PT0_SX300_V1___.jpg\" data- title=\"\"><\/div>\n<div><\/div>\n<div>Hergestellt aus hochwertigem und langlebigem Edelstahlmaterial. Leicht, geeignet zum Bergsteigen, Klettern, H\u00f6hlenforschung und anderen Outdoor-Aktivit\u00e4ten.<\/div>\n<div><\/div>\n<\/div>\n<div>\n<div id=\"aplus_feature_div\" class=\"celwidget\" data-feature-name=\"aplus\" data-csa-c-type=\"widget\" data-csa-c-content-id=\"aplus\" data-csa-c-slot-id=\"aplus_feature_div\" data-csa-c-asin=\"\" data-csa-c-is-in-initial-active-row=\"false\" data-csa-c-id=\"ebpnh7-v23cw7-lv803-rp18f9\" data-cel-widget=\"aplus_feature_div\">\n<p><img loading=\"lazy\" decoding=\"async\" class=\"alignnone wp-image-5273\" src=\"https:\/\/isopllc.com\/de\/wp-content\/uploads\/sites\/3\/2023\/09\/Feuerleiter.png\" alt=\"Notleiter\" width=\"300\" height=\"300\" title=\"\" srcset=\"https:\/\/isopllc.com\/de\/wp-content\/uploads\/sites\/3\/2023\/09\/Feuerleiter.png 1080w, https:\/\/isopllc.com\/de\/wp-content\/uploads\/sites\/3\/2023\/09\/Feuerleiter-150x150.png 150w, https:\/\/isopllc.com\/de\/wp-content\/uploads\/sites\/3\/2023\/09\/Feuerleiter-768x768.png 768w, https:\/\/isopllc.com\/de\/wp-content\/uploads\/sites\/3\/2023\/09\/Feuerleiter-1000x1000.png 1000w, https:\/\/isopllc.com\/de\/wp-content\/uploads\/sites\/3\/2023\/09\/Feuerleiter-416x416.png 416w, https:\/\/isopllc.com\/de\/wp-content\/uploads\/sites\/3\/2023\/09\/Feuerleiter-100x100.png 100w\" sizes=\"auto, (max-width: 300px) 100vw, 300px\" \/><\/p>\n<\/div>\n<p>Unsere Leitern sind in allen renommierten Charts vertreten und werden von diesen Herausgebern unter den Top 5 bewertet.<\/p>\n<\/div>\n<div>Auch in <a href=\"https:\/\/isopllc.com\/de\/product\/feuerrettungsleiter-4m-1-stoeckige-haeuser\/\"><strong>4 m<\/strong><\/a> |<a href=\"https:\/\/isopllc.com\/de\/product\/strickleiter-feuerleiter-fuer-haeuser-3-stock\/\"><strong>10\u202fm<\/strong><\/a> erh\u00e4ltlich.<\/div>\n<\/div>\n<\/div>\n<\/div>\n<\/div>\n<\/div>\n<\/div>\n<\/div>\n<\/div>\n<\/div>\n<\/div>\n<\/div>\n<\/div>\n<\/div>\n","protected":false},"excerpt":{"rendered":"<div class=\"celwidget aplus-module module-4 aplus-standard\" data-csa-c-id=\"6mnb1z-9dwrl2-ic24uv-jd1phn\" data-cel-widget=\"aplus-module-4\">\n<div class=\"a-expander-collapsed-height a-row a-expander-container a-expander-partial-collapse-container\" aria-live=\"polite\" data-a-expander-name=\"aplus-module-expander\" data-a-expander-collapsed-height=\"700\">\n<div class=\"a-expander-content a-expander-partial-collapse-content\" aria-expanded=\"false\">\n<div class=\"aplus-module-wrapper apm-fixed-width\">\n<div class=\"apm-spacing\">\n<div class=\"apm-floatleft apm-fixed-width\">\n<div id=\"title_feature_div\" class=\"celwidget\" data-feature-name=\"title\" data-csa-c-id=\"m5t5xw-wzxd1-od319-pyb58o\" data-cel-widget=\"title_feature_div\">\n<div id=\"titleSection\" class=\"a-section a-spacing-none\">\n<div id=\"title_feature_div\" class=\"celwidget\" data-feature-name=\"title\" data-csa-c-id=\"m5t5xw-wzxd1-od319-pyb58o\" data-cel-widget=\"title_feature_div\">\n<div id=\"titleSection\" class=\"a-section a-spacing-none\">\n<div id=\"title_feature_div\" class=\"celwidget\" data-feature-name=\"title\" data-csa-c-type=\"widget\" data-csa-c-content-id=\"title\" data-csa-c-slot-id=\"title_feature_div\" data-csa-c-asin=\"B08LBSSYLB\" data-csa-c-is-in-initial-active-row=\"false\" data-csa-c-id=\"17ru46-17y14b-n67b8m-2oxpt\" data-cel-widget=\"title_feature_div\">\n<div id=\"titleSection\" class=\"a-section a-spacing-none\">\n<div id=\"title_feature_div\" class=\"celwidget\" data-feature-name=\"title\" data-csa-c-type=\"widget\" data-csa-c-content-id=\"title\" data-csa-c-slot-id=\"title_feature_div\" data-csa-c-asin=\"B08MC9LH29\" data-csa-c-is-in-initial-active-row=\"false\" data-csa-c-id=\"analhw-te1xyy-60lyno-20y2gm\" data-cel-widget=\"title_feature_div\">\n<div id=\"titleSection\" class=\"a-section a-spacing-none\">\n<div id=\"title_feature_div\" class=\"celwidget\" data-feature-name=\"title\" data-csa-c-type=\"widget\" data-csa-c-content-id=\"title\" data-csa-c-slot-id=\"title_feature_div\" data-csa-c-asin=\"B09TLDMQBR\" data-csa-c-is-in-initial-active-row=\"false\" data-csa-c-id=\"oha51v-3fel6l-hph8o8-sfkywd\" data-cel-widget=\"title_feature_div\">\n<div id=\"titleSection\" class=\"a-section a-spacing-none\">\n[embed]https:\/\/www.youtube.com\/watch?v=xVIlpHe3gxg[\/embed]\n<p id=\"title\" class=\"a-size-large a-spacing-none\" style=\"text-align: center\">Feuerleiter 3-geschossig 8 m | Anker im Lieferumfang enthalten | Strickleiter-Feuerleiter f\u00fcr H\u00e4user im 3. Stock | Tragbar, faltbar und kompakt | Notleiter f\u00fcr Balkon und Fenster geeignet<\/p>\n<\/div>\n<\/div>\n<\/div>\n<\/div>\n<\/div>\n<\/div>\n<\/div>\n<\/div>\n<\/div>\n<\/div>\n<\/div>\n<\/div>\n<\/div>\n<\/div>\n<\/div>\n<\/div>\n<div class=\"celwidget aplus-module module-9 aplus-standard\" data-csa-c-id=\"kgh8ns-6rdhac-l4uce3-redgno\" data-cel-widget=\"aplus-module-9\">\n<div class=\"a-expander-collapsed-height a-row a-expander-container a-expander-partial-collapse-container\" aria-live=\"polite\" data-a-expander-name=\"aplus-module-expander\" data-a-expander-collapsed-height=\"700\">\n<div class=\"a-expander-content a-expander-partial-collapse-content\" aria-expanded=\"false\">\n<div class=\"aplus-module-wrapper apm-fixed-width\">\n<div class=\"apm-spacing apm-fixed-width\">\n<div class=\"celwidget aplus-module module-9 aplus-standard\" data-csa-c-id=\"6rrkxj-o9oo3p-2dk8kw-v8mrts\" data-cel-widget=\"aplus-module-9\">\n<div class=\"a-expander-collapsed-height a-row a-expander-container a-expander-partial-collapse-container\" aria-live=\"polite\" data-a-expander-name=\"aplus-module-expander\" data-a-expander-collapsed-height=\"700\">\n<div class=\"a-expander-content a-expander-partial-collapse-content\" aria-expanded=\"false\">\n<div class=\"aplus-module-wrapper apm-fixed-width\">\n<div class=\"apm-spacing apm-fixed-width\"><\/div>\n<\/div>\n<\/div>\n<\/div>\n<\/div>\n<\/div>\n<\/div>\n<\/div>\n<\/div>\n<\/div>\n<p style=\"text-align: center\">KOSTENLOSE LIEFERUNG INNERHALB VON 3-7 TAGEN<\/p>\n<p>&nbsp;<\/p>\n","protected":false},"featured_media":4985,"comment_status":"open","ping_status":"closed","template":"","meta":[],"product_brand":[],"product_cat":[452,15,450],"product_tag":[229,232,233,234,236,239,245,254,257,258,271,273,274,276,278,281,282,284,285,287,288],"class_list":{"0":"post-4984","1":"product","2":"type-product","3":"status-publish","4":"has-post-thumbnail","6":"product_cat-feuerleitern-mit-abstandshaltern","7":"product_cat-rettungsleitern-2-stockwerke","8":"product_cat-wandmontierte-leitern","9":"product_tag-ausstiegsleiter","10":"product_tag-beste-feuerleiter","11":"product_tag-brandschutzleiter","12":"product_tag-eingebaute-feuerleiter","13":"product_tag-feuer-evakuierungsleiter","14":"product_tag-feuerleiter-fuer-2-etagen","15":"product_tag-feuerleiter-fuer-das-zweite-stockwerk","16":"product_tag-feuerleitern","17":"product_tag-feuerrettungsseil","18":"product_tag-feuerseilleiter","19":"product_tag-notfallseilleiter","20":"product_tag-notleiter-fuer-2-etagen","21":"product_tag-notleiter-fuer-das-zweite-stockwerk","22":"product_tag-notleitern","23":"product_tag-rettungsleiter","24":"product_tag-rettungsleitern-fuer-zweistoeckige-haeuser","25":"product_tag-rettungsseilleiter","26":"product_tag-seil-feuerleiter","27":"product_tag-seilleiter","28":"product_tag-seilleiter-fuer-feuerleitern","29":"product_tag-seilleiter-fuer-feuerleiternutzung","31":"first","32":"instock","33":"shipping-taxable","34":"purchasable","35":"product-type-variable"},"_links":{"self":[{"href":"https:\/\/isopllc.com\/de\/wp-json\/wp\/v2\/product\/4984","targetHints":{"allow":["GET"]}}],"collection":[{"href":"https:\/\/isopllc.com\/de\/wp-json\/wp\/v2\/product"}],"about":[{"href":"https:\/\/isopllc.com\/de\/wp-json\/wp\/v2\/types\/product"}],"replies":[{"embeddable":true,"href":"https:\/\/isopllc.com\/de\/wp-json\/wp\/v2\/comments?post=4984"}],"wp:featuredmedia":[{"embeddable":true,"href":"https:\/\/isopllc.com\/de\/wp-json\/wp\/v2\/media\/4985"}],"wp:attachment":[{"href":"https:\/\/isopllc.com\/de\/wp-json\/wp\/v2\/media?parent=4984"}],"wp:term":[{"taxonomy":"product_brand","embeddable":true,"href":"https:\/\/isopllc.com\/de\/wp-json\/wp\/v2\/product_brand?post=4984"},{"taxonomy":"product_cat","embeddable":true,"href":"https:\/\/isopllc.com\/de\/wp-json\/wp\/v2\/product_cat?post=4984"},{"taxonomy":"product_tag","embeddable":true,"href":"https:\/\/isopllc.com\/de\/wp-json\/wp\/v2\/product_tag?post=4984"}],"curies":[{"name":"wp","href":"https:\/\/api.w.org\/{rel}","templated":true}]}}