{"id":5072,"date":"2023-08-27T07:32:11","date_gmt":"2023-08-27T07:32:11","guid":{"rendered":"https:\/\/isopllc.com\/de\/?post_type=product&#038;p=5072"},"modified":"2026-03-16T13:22:13","modified_gmt":"2026-03-16T13:22:13","slug":"rettungsleiter-mit-kletterankern-5m","status":"publish","type":"product","link":"https:\/\/isopllc.com\/de\/product\/rettungsleiter-mit-kletterankern-5m\/","title":{"rendered":"Rettungsleiter 5m mit Kletterankern &#8211; Beste Notleiter 5m"},"content":{"rendered":"<div class=\"celwidget aplus-module module-4 aplus-standard\" data-csa-c-id=\"6mnb1z-9dwrl2-ic24uv-jd1phn\" data-cel-widget=\"aplus-module-4\">\n<div class=\"a-expander-collapsed-height a-row a-expander-container a-expander-partial-collapse-container\" aria-live=\"polite\" data-a-expander-name=\"aplus-module-expander\" data-a-expander-collapsed-height=\"700\">\n<div class=\"a-expander-content a-expander-partial-collapse-content\" aria-expanded=\"false\">\n<div class=\"aplus-module-wrapper apm-fixed-width\">\n<div class=\"apm-spacing\">\n<div class=\"apm-floatleft apm-fixed-width\">\n<div id=\"title_feature_div\" class=\"celwidget\" data-feature-name=\"title\" data-csa-c-id=\"m5t5xw-wzxd1-od319-pyb58o\" data-cel-widget=\"title_feature_div\">\n<div id=\"titleSection\" class=\"a-section a-spacing-none\">\n<div id=\"title_feature_div\" class=\"celwidget\" data-feature-name=\"title\" data-csa-c-id=\"m5t5xw-wzxd1-od319-pyb58o\" data-cel-widget=\"title_feature_div\">\n<div id=\"titleSection\" class=\"a-section a-spacing-none\">\n<div class=\"celwidget aplus-module module-4 aplus-standard\" data-csa-c-id=\"6mnb1z-9dwrl2-ic24uv-jd1phn\" data-cel-widget=\"aplus-module-4\">\n<div class=\"a-expander-collapsed-height a-row a-expander-container a-expander-partial-collapse-container\" aria-live=\"polite\" data-a-expander-name=\"aplus-module-expander\" data-a-expander-collapsed-height=\"700\">\n<div class=\"a-expander-content a-expander-partial-collapse-content\" aria-expanded=\"false\">\n<div class=\"aplus-module-wrapper apm-fixed-width\">\n<div class=\"apm-spacing\">\n<div class=\"apm-floatleft apm-fixed-width\">\n<div>\n<h2 id=\"title\" class=\"a-size-large a-spacing-none\">Rettungsleiter mit Kletterankern | Inklusive Karabinerhaken \u2013 leicht und langlebig bis zu 209 kg. | Notfallausr\u00fcstung | Kletterleiter -Beste Notleiter 5m<\/h2>\n<\/div>\n<div>\n<div class=\"celwidget aplus-module module-4 aplus-standard\" data-csa-c-id=\"whszte-d1ne31-4utxm0-wdtd3p\" data-cel-widget=\"aplus-module-4\">\n<div class=\"a-expander-collapsed-height a-row a-expander-container a-expander-partial-collapse-container\" aria-live=\"polite\" data-a-expander-name=\"aplus-module-expander\" data-a-expander-collapsed-height=\"700\">\n<div class=\"a-expander-content a-expander-partial-collapse-content\" aria-expanded=\"false\">\n<div class=\"aplus-module-wrapper apm-fixed-width\">\n<div class=\"apm-spacing\">\n<div class=\"apm-floatleft apm-fixed-width\">\n<h3 class=\"a-spacing-small\">12 Gr\u00fcnde, warum Sie uns w\u00e4hlen sollten<\/h3>\n<p><img loading=\"lazy\" decoding=\"async\" class=\"alignnone\" src=\"https:\/\/m.media-amazon.com\/images\/S\/aplus-media\/sc\/0484a226-8be6-4965-8b8a-062de5498c97.__CR0,0,600,600_PT0_SX220_V1___.jpg\" alt=\"Leicht rettungsleiter\" width=\"300\" height=\"300\" data-src=\"https:\/\/m.media-amazon.com\/images\/S\/aplus-media\/sc\/0484a226-8be6-4965-8b8a-062de5498c97.__CR0,0,600,600_PT0_SX220_V1___.jpg\" data- title=\"\"><\/p>\n<h4 class=\"a-spacing-mini\">Leicht<\/h4>\n<p class=\"a-size-small\">Dies ist die leichteste Leiter auf dem Markt. Das Gewicht einer 3 m Leiter betr\u00e4gt nur 2,4 lb \/ 1 kg.<\/p>\n<p><img loading=\"lazy\" decoding=\"async\" class=\"alignnone\" src=\"https:\/\/m.media-amazon.com\/images\/S\/aplus-media\/sc\/74a6e3c1-c8e9-4370-82e8-2ece837c08f7.__CR0,0,1000,1000_PT0_SX220_V1___.jpg\" alt=\"beste rettungsleiter\" width=\"300\" height=\"300\" data-src=\"https:\/\/m.media-amazon.com\/images\/S\/aplus-media\/sc\/74a6e3c1-c8e9-4370-82e8-2ece837c08f7.__CR0,0,1000,1000_PT0_SX220_V1___.jpg\" data- title=\"\"><\/p>\n<h4 class=\"a-spacing-mini\">Stark und stabil<\/h4>\n<p class=\"a-size-small\">Einer der gro\u00dfen Vorteile unserer Rettungsleiter 5m ist, dass die Hauptgurte aus Nylon von unten nach oben einst\u00fcckig sind und nicht aus vern\u00e4hten Teilen wie z. Und auch die f\u00fcr die Sprossen verwendeten Materialien wie Fiberglas und Basaltfaser machen diese Gurtleiter viel stabiler als Einweg-Aluminiumleitern.<\/p>\n<p><img loading=\"lazy\" decoding=\"async\" class=\"alignnone\" src=\"https:\/\/m.media-amazon.com\/images\/S\/aplus-media\/sc\/a31e0885-9da9-4fe2-a571-e1558cab0393.__CR0,0,600,600_PT0_SX220_V1___.jpg\" alt=\"Notleiter f\u00fcr jeden Notfall 5m\" width=\"300\" height=\"300\" data-src=\"https:\/\/m.media-amazon.com\/images\/S\/aplus-media\/sc\/a31e0885-9da9-4fe2-a571-e1558cab0393.__CR0,0,600,600_PT0_SX220_V1___.jpg\" data- title=\"\"><\/p>\n<h4 class=\"a-spacing-mini\">Verwicklung frei<\/h4>\n<p class=\"a-size-small\">Unsere Gurtbandleitern lassen sich nach Gebrauch einfach wieder in die Aufbewahrungstasche verstauen.<\/p>\n<p class=\"a-size-small\">Kein Verheddern bei der Montage.<\/p>\n<p><img decoding=\"async\" src=\"https:\/\/m.media-amazon.com\/images\/S\/aplus-media-library-service-media\/89ce4a71-aad8-4e11-9943-b5105b8856ed.__CR0,0,600,600_PT0_SX300_V1___.jpg\" alt=\"Polen\" title=\"\"><\/p>\n<h4 class=\"a-spacing-mini\">Hergestellt in den Polen<\/h4>\n<p>Sie k\u00f6nnen sich der Qualit\u00e4t sicher sein!<\/p>\n<div class=\"apm-spacing\"><img loading=\"lazy\" decoding=\"async\" class=\"\" src=\"https:\/\/m.media-amazon.com\/images\/S\/aplus-media\/sc\/393ac846-c55d-4d1f-b20c-d83de7de6999.__CR0,0,1000,1000_PT0_SX220_V1___.jpg\" alt=\"L\u00e4nge\" width=\"300\" height=\"300\" data-src=\"https:\/\/m.media-amazon.com\/images\/S\/aplus-media\/sc\/393ac846-c55d-4d1f-b20c-d83de7de6999.__CR0,0,1000,1000_PT0_SX220_V1___.jpg\" data- title=\"\"><\/div>\n<div><\/div>\n<\/div>\n<\/div>\n<\/div>\n<div>\n<h4 class=\"a-spacing-mini\">L\u00e4nge<\/h4>\n<p class=\"a-size-small\">Unsere Rettungsleitern k\u00f6nnen f\u00fcr eine gr\u00f6\u00dfere L\u00e4nge miteinander verbunden werden.<\/p>\n<p><img loading=\"lazy\" decoding=\"async\" class=\"alignnone\" src=\"https:\/\/m.media-amazon.com\/images\/S\/aplus-media\/sc\/6625ab17-5247-415b-a353-7a0e3ca2bb1d.__CR0,0,1000,1000_PT0_SX220_V1___.jpg\" alt=\"Beste Notleiter\" width=\"300\" height=\"300\" data-src=\"https:\/\/m.media-amazon.com\/images\/S\/aplus-media\/sc\/6625ab17-5247-415b-a353-7a0e3ca2bb1d.__CR0,0,1000,1000_PT0_SX220_V1___.jpg\" data- title=\"\"><\/p>\n<h4 class=\"a-spacing-mini\">Wetterresistent<\/h4>\n<p class=\"a-size-small\">Das Material selbst ist Polyester-Gurtband sowie professionelle UV-Nylon-gebundene F\u00e4den, die auch im Wasser Best\u00e4ndigkeit gegen jedes Wetter bieten.\u00a0Daher k\u00f6nnen sie als Bootsleiter oder Bootsleiter verwendet werden.\u00a0Geringe Feuchtigkeitsaufnahme, abriebfest, best\u00e4ndig gegen \u00d6lsch\u00e4den und viele Chemikalien, weich, schnelltrocknend.<\/p>\n<p><img loading=\"lazy\" decoding=\"async\" class=\"alignnone\" src=\"https:\/\/m.media-amazon.com\/images\/S\/aplus-media\/sc\/b1929708-9dad-44c2-a6ed-070474464c51.__CR0,0,1000,1000_PT0_SX220_V1___.jpg\" alt=\"Kompakt Rettungsleiter\" width=\"300\" height=\"300\" data-src=\"https:\/\/m.media-amazon.com\/images\/S\/aplus-media\/sc\/b1929708-9dad-44c2-a6ed-070474464c51.__CR0,0,1000,1000_PT0_SX220_V1___.jpg\" data- title=\"\"><\/p>\n<h4 class=\"a-spacing-mini\">Kompakt<\/h4>\n<p class=\"a-size-small\">Kompaktere Notleiter 5m k\u00f6nnen Sie sich nicht vorstellen. Die gesamte Leiter passt in Ihre Handfl\u00e4che. Sie nehmen nicht viel Platz ein, k\u00f6nnen \u00fcberall verstaut werden, z. B. unter dem Bett im Schlafzimmer, auf dem Balkon und auf dem Dach.<\/p>\n<p><img loading=\"lazy\" decoding=\"async\" class=\"alignnone\" src=\"https:\/\/m.media-amazon.com\/images\/S\/aplus-media\/sc\/91d8e70e-82c2-457c-9c48-019a2fbff56a.__CR1282,342,714,714_PT0_SX220_V1___.png\" alt=\"Rettungsleiter\" width=\"300\" height=\"300\" data-src=\"https:\/\/m.media-amazon.com\/images\/S\/aplus-media\/sc\/91d8e70e-82c2-457c-9c48-019a2fbff56a.__CR1282,342,714,714_PT0_SX220_V1___.png\" data- title=\"\"><\/p>\n<h4 class=\"a-spacing-mini\">Rutschfeste Sprossen<\/h4>\n<p class=\"a-size-small\">Gurtmaterial ist bekanntlich viel weniger rutschig als jedes andere harte Material wie Aluminium, Metall oder Kunststoff.<\/p>\n<p><img loading=\"lazy\" decoding=\"async\" class=\"alignnone\" src=\"https:\/\/m.media-amazon.com\/images\/S\/aplus-media\/sc\/88500a1b-9a49-4721-a955-87e6a78287e3.__CR0,0,1000,1000_PT0_SX220_V1___.jpg\" alt=\"Notleiter 5m\" width=\"300\" height=\"300\" data-src=\"https:\/\/m.media-amazon.com\/images\/S\/aplus-media\/sc\/88500a1b-9a49-4721-a955-87e6a78287e3.__CR0,0,1000,1000_PT0_SX220_V1___.jpg\" data- title=\"\"><\/p>\n<\/div>\n<\/div>\n<\/div>\n<\/div>\n<div>\n<h4 class=\"a-spacing-mini\">Multifunktionalit\u00e4t<\/h4>\n<p class=\"a-size-small\">Die ISOP Rettungsleitern 5m k\u00f6nnen sowohl f\u00fcr eine Feuerleiter und f\u00fcr Notf\u00e4lle als auch f\u00fcr Kinder auf dem Spielplatz oder f\u00fcr ein Baumhaus verwendet werden.<\/p>\n<p><img loading=\"lazy\" decoding=\"async\" class=\"alignnone\" src=\"https:\/\/m.media-amazon.com\/images\/S\/aplus-media\/sc\/0ce14b90-f644-4e71-9958-a603ab85be7a.__CR0,0,800,800_PT0_SX220_V1___.jpg\" alt=\"Beste Notleiter\" width=\"300\" height=\"300\" data-src=\"https:\/\/m.media-amazon.com\/images\/S\/aplus-media\/sc\/0ce14b90-f644-4e71-9958-a603ab85be7a.__CR0,0,800,800_PT0_SX220_V1___.jpg\" data- title=\"\"><\/p>\n<h4 class=\"a-spacing-mini\">Karabiner<\/h4>\n<p class=\"a-size-small\">Professionelle 11kn verchromte Karabinerhaken im Lieferumfang enthalten.<\/p>\n<p><img loading=\"lazy\" decoding=\"async\" class=\"alignnone\" src=\"https:\/\/m.media-amazon.com\/images\/S\/aplus-media\/sc\/91fd5669-769f-4880-a4f6-2c1fa7823109.__CR130,0,720,720_PT0_SX220_V1___.png\" alt=\"Rettungsleiter 5m\" width=\"300\" height=\"300\" data-src=\"https:\/\/m.media-amazon.com\/images\/S\/aplus-media\/sc\/91fd5669-769f-4880-a4f6-2c1fa7823109.__CR130,0,720,720_PT0_SX220_V1___.png\" data- title=\"\"><\/p>\n<h4 class=\"a-spacing-mini\">Wasserdichte Tasche<\/h4>\n<p class=\"a-size-small\">Coole Designer Strandtasche ist im Set enthalten.<\/p>\n<p>Rettungsleiter 5m mit Kletterankern &#8211; Beste Notleiter 5m &#8211;<\/p>\n<p data-pm-slice=\"1 1 []\"><strong>Rettungsleiter 5m mit Kletterankern \u2013 Zuverl\u00e4ssige Notleiter f\u00fcr maximale Sicherheit<\/strong><\/p>\n<p>Eine <strong>Rettungsleiter 5m mit Kletterankern<\/strong> ist ein unverzichtbares Sicherheitsinstrument f\u00fcr den Notfall. Sie bietet eine <strong>schnelle und sichere Fluchtm\u00f6glichkeit<\/strong> aus h\u00f6her gelegenen Stockwerken und eignet sich ideal f\u00fcr Wohnungen, H\u00e4user, B\u00fcros oder andere Geb\u00e4ude.<\/p>\n<h3><strong>Vorteile der Notleiter 5m<\/strong><\/h3>\n<p>\u2714 <strong>Hochwertige Materialien<\/strong> \u2013 Die Leiter besteht aus robustem, langlebigem und feuerfestem Material wie Stahlseilen oder verst\u00e4rktem Nylon, das extremen Belastungen standh\u00e4lt. \u2714 <strong>Einfache Montage<\/strong> \u2013 Dank der <strong>stabilen Kletteranker<\/strong> kann die Leiter schnell und sicher an Fensterrahmen, Balkonen oder Gel\u00e4ndern befestigt werden. \u2714 <strong>Platzsparendes Design<\/strong> \u2013 Diese Notleiter ist leicht und kompakt, l\u00e4sst sich problemlos verstauen und im Ernstfall schnell ausklappen. \u2714 <strong>Rutschfeste Sprossen<\/strong> \u2013 Die Sprossen sind speziell strukturiert, um einen sicheren Halt zu gew\u00e4hrleisten und das Abrutschen zu verhindern. \u2714 <strong>Hohe Tragf\u00e4higkeit<\/strong> \u2013 Die Konstruktion h\u00e4lt hohen Belastungen stand und kann problemlos mehrere Personen gleichzeitig tragen. \u2714 <strong>Wetterbest\u00e4ndig &amp; langlebig<\/strong> \u2013 Die verwendeten Materialien sind gegen Feuchtigkeit, Hitze und K\u00e4lte gesch\u00fctzt, was eine langfristige Nutzung im Innen- und Au\u00dfenbereich erm\u00f6glicht.<\/p>\n<h3><strong>Einsatzm\u00f6glichkeiten der Rettungsleiter 5m<\/strong><\/h3>\n<ul data-spread=\"false\">\n<li><strong>Feuerrettung<\/strong> \u2013 Schneller und sicherer Notausstieg im Brandfall aus Fenstern oder Balkonen.<\/li>\n<li><strong>Fluchtwege<\/strong> \u2013 Eine ideale L\u00f6sung f\u00fcr Geb\u00e4ude mit begrenzten Fluchtwegen, wie Dachwohnungen oder mehrst\u00f6ckige Wohnh\u00e4user.<\/li>\n<li><strong>Kletterhilfe<\/strong> \u2013 Neben Notf\u00e4llen kann die Leiter auch f\u00fcr <strong>sportliche Aktivit\u00e4ten<\/strong> oder zum Zugang zu schwer erreichbaren H\u00f6hen genutzt werden.<\/li>\n<li><strong>Outdoor-Anwendungen<\/strong> \u2013 Perfekt f\u00fcr Baumh\u00e4user, Kletterw\u00e4nde oder als tempor\u00e4re Einstiegshilfe f\u00fcr Boote.<\/li>\n<li><strong>Industrielle Nutzung<\/strong> \u2013 Eignet sich f\u00fcr Lagerhallen, Baustellen und andere Arbeitsbereiche, die eine flexible Zugangsl\u00f6sung ben\u00f6tigen.<\/li>\n<\/ul>\n<h3><strong>Fazit<\/strong><\/h3>\n<p>Die <strong>Notleiter 5m mit Kletterankern<\/strong> ist ein unverzichtbares Sicherheitsprodukt, das in Notf\u00e4llen Leben retten kann. Dank ihrer stabilen Bauweise, einfachen Handhabung und vielseitigen Einsatzm\u00f6glichkeiten stellt sie eine perfekte L\u00f6sung f\u00fcr Haushalte, Unternehmen und Outdoor-Aktivit\u00e4ten dar. Sorgen Sie f\u00fcr mehr Sicherheit in Ihrem Zuhause und r\u00fcsten Sie sich mit einer zuverl\u00e4ssigen Rettungsleiter aus!<\/p>\n<p><strong data-start=\"117\" data-end=\"187\">Die beste Rettungsleiter 5m \u2013 H\u00f6chste Sicherheit zum besten Preis!<\/strong><br data-start=\"187\" data-end=\"190\" \/>\u00a0<strong data-start=\"192\" data-end=\"260\">Maximale Sicherheit zum kleinen Preis \u2013 Die ideale Notleiter 5m!<\/strong><\/p>\n<\/div>\n<\/div>\n<p>Auch in <a href=\"https:\/\/isopllc.com\/de\/product\/rope-ladder-for-children-2-m-indoor-outdoor\/\"><strong>2m<\/strong><\/a>, <a href=\"https:\/\/isopllc.com\/de\/product\/verlaengerungsleiter-3-m\/\"><strong>3m<\/strong><\/a>, <a href=\"https:\/\/isopllc.com\/de\/product\/feuerleiter-3-stockwerke-7-5-m\/\"><strong>7.5m,<\/strong><\/a> <a href=\"https:\/\/isopllc.com\/de\/product\/wiederverwendbare-notleiter-4-stoeckig-10-m\/\"><strong>10m<\/strong><\/a> und <a href=\"https:\/\/isopllc.com\/de\/product\/feuerleiter-6-stockwerke-15-m\/\"><strong>15 m<\/strong><\/a> erh\u00e4ltlich.<\/p>\n<\/div>\n<\/div>\n<\/div>\n<\/div>\n<\/div>\n<\/div>\n<\/div>\n<\/div>\n<\/div>\n<\/div>\n<\/div>\n<\/div>\n<\/div>\n<\/div>\n<\/div>\n<\/div>\n","protected":false},"excerpt":{"rendered":"[embed]https:\/\/youtu.be\/9aivkjUGbFY[\/embed]\n<p id=\"title\" class=\"a-size-large a-spacing-none\" style=\"text-align: center;\">Rettungsleiter mit Kletterankern 5m | Hergestellt in den EU Feuerrettungsleiter | Inklusive Karabinerhaken \u2013 leicht und langlebig bis zu 209 kg. | Notfallausr\u00fcstung | Kletterleiter<\/p>\n<p style=\"text-align: center;\"><span style=\"vertical-align: inherit;\">KOSTENLOSE LIEFERUNG INNERHALB VON 3-7 TAGEN<\/span><\/p>\n<p>&nbsp;<\/p>\n","protected":false},"featured_media":4667,"comment_status":"open","ping_status":"closed","template":"","meta":[],"product_brand":[],"product_cat":[451,485],"product_tag":[308],"class_list":{"0":"post-5072","1":"product","2":"type-product","3":"status-publish","4":"has-post-thumbnail","6":"product_cat-feuerrettungsleitern","7":"product_cat-rettungsleitern-1-stockwerke","8":"product_tag-rettungsleitern-fuer-1-etagen-haeuser","10":"first","11":"instock","12":"shipping-taxable","13":"purchasable","14":"product-type-simple"},"_links":{"self":[{"href":"https:\/\/isopllc.com\/de\/wp-json\/wp\/v2\/product\/5072","targetHints":{"allow":["GET"]}}],"collection":[{"href":"https:\/\/isopllc.com\/de\/wp-json\/wp\/v2\/product"}],"about":[{"href":"https:\/\/isopllc.com\/de\/wp-json\/wp\/v2\/types\/product"}],"replies":[{"embeddable":true,"href":"https:\/\/isopllc.com\/de\/wp-json\/wp\/v2\/comments?post=5072"}],"wp:featuredmedia":[{"embeddable":true,"href":"https:\/\/isopllc.com\/de\/wp-json\/wp\/v2\/media\/4667"}],"wp:attachment":[{"href":"https:\/\/isopllc.com\/de\/wp-json\/wp\/v2\/media?parent=5072"}],"wp:term":[{"taxonomy":"product_brand","embeddable":true,"href":"https:\/\/isopllc.com\/de\/wp-json\/wp\/v2\/product_brand?post=5072"},{"taxonomy":"product_cat","embeddable":true,"href":"https:\/\/isopllc.com\/de\/wp-json\/wp\/v2\/product_cat?post=5072"},{"taxonomy":"product_tag","embeddable":true,"href":"https:\/\/isopllc.com\/de\/wp-json\/wp\/v2\/product_tag?post=5072"}],"curies":[{"name":"wp","href":"https:\/\/api.w.org\/{rel}","templated":true}]}}