{"id":5108,"date":"2023-09-20T08:31:06","date_gmt":"2023-09-20T08:31:06","guid":{"rendered":"https:\/\/isopllc.com\/de\/?post_type=product&#038;p=5108"},"modified":"2025-07-26T15:13:21","modified_gmt":"2025-07-26T15:13:21","slug":"feuerleiter-2-stoeckig-mit-schrank-8-m","status":"publish","type":"product","link":"https:\/\/isopllc.com\/de\/product\/feuerleiter-2-stoeckig-mit-schrank-8-m\/","title":{"rendered":"Feuerleiter 2-st\u00f6ckig mit Schrank 8 m"},"content":{"rendered":"<h2>Feuerleiter 2-st\u00f6ckig mit Schrank 8 m\u2013 an der Wand montierte Feuerleiter f\u00fcr Zuhause \u2013<span id=\"productTitle\" class=\"a-size-large product-title-word-break\">Inklusive Zweist\u00f6ckiger Leiter &#8211; Notleiter 2-st\u00f6ckig Rot<\/span><\/h2>\n<p><img loading=\"lazy\" decoding=\"async\" class=\"alignnone wp-image-5349\" src=\"https:\/\/isopllc.com\/de\/wp-content\/uploads\/sites\/3\/2023\/09\/firefighters-recommended-rope-ladder.jpg\" alt=\"Feuerleiter 2-st\u00f6ckig mit Schrank\" width=\"336\" height=\"336\" title=\"\" srcset=\"https:\/\/isopllc.com\/de\/wp-content\/uploads\/sites\/3\/2023\/09\/firefighters-recommended-rope-ladder.jpg 540w, https:\/\/isopllc.com\/de\/wp-content\/uploads\/sites\/3\/2023\/09\/firefighters-recommended-rope-ladder-150x150.jpg 150w, https:\/\/isopllc.com\/de\/wp-content\/uploads\/sites\/3\/2023\/09\/firefighters-recommended-rope-ladder-416x416.jpg 416w, https:\/\/isopllc.com\/de\/wp-content\/uploads\/sites\/3\/2023\/09\/firefighters-recommended-rope-ladder-100x100.jpg 100w\" sizes=\"auto, (max-width: 336px) 100vw, 336px\" \/><\/p>\n<h2>Feuerleiter 2-st\u00f6ckig mit Schrank<\/h2>\n<p>Diese Feuerleiter ist die perfekte Sicherheitsl\u00f6sung f\u00fcr H\u00e4user oder Wohnungen mit bis zu zwei Stockwerken. Sie bietet eine zuverl\u00e4ssige M\u00f6glichkeit zur schnellen und sicheren Evakuierung im Notfall, insbesondere bei Br\u00e4nden. Mit einer Gesamtl\u00e4nge von 8 Metern ist sie speziell darauf ausgelegt, ausreichend Abstand zum Boden zu bieten, um Personen sicher nach unten zu geleiten.<\/p>\n<p>Die One-Stop-Notfall-Evakuierungsstation speichert alle Ihre Notfallvorr\u00e4te an einem Ort (Feuerl\u00f6scher nicht im Lieferumfang enthalten).<\/p>\n<p>&nbsp;<\/p>\n<ul class=\"a-unordered-list a-vertical\">\n<li>Gut sichtbare rote Box mit magnetischer T\u00fcr<\/li>\n<li>Feuerleiter 8m<\/li>\n<li>Hardware f\u00fcr die Installation im Lieferumfang enthalten (Montageanker)<\/li>\n<li>Halterung f\u00fcr Feuerl\u00f6scher<\/li>\n<\/ul>\n<p><img loading=\"lazy\" decoding=\"async\" class=\"alignnone wp-image-5052\" src=\"https:\/\/isopllc.com\/usa\/wp-content\/uploads\/sites\/4\/2023\/06\/51vVQaI3XKL._AC_.jpg\" alt=\"Wand montierte Feuerleiter f\u00fcr Zuhause\" width=\"374\" height=\"232\" title=\"\"><\/p>\n<h3 class=\"a-spacing-mini\">Warum glauben wir, dass es besser ist, eine Feuerleiter in einer Aluminiumbox zu kaufen? Aus mehreren Gr\u00fcnden!<\/h3>\n<p>1. Durch die Befestigung der Box an der Wand (unter dem Fenster oder auf dem Balkon) mit Ankern k\u00f6nnen Sie die Leiter sofort an den Ankerschlaufen befestigen und im Notfall einfach die Leiter aus dem Fenster werfen und sofort mit dem Abstieg beginnen ohne kostbare Sekunden im Durcheinander der Suche nach der Anbringungsstelle f\u00fcr die Leiter zu verschwenden.<\/p>\n<p>2. Sie k\u00f6nnen die Box sowohl innerhalb als auch au\u00dferhalb des Hauses anbringen. Im Au\u00dfenbereich liegt der Vorteil darin, dass es zu Hause keinen Platz einnimmt und die Gestaltung des Raumes nicht beeintr\u00e4chtigt, gleichzeitig aber gut zug\u00e4nglich ist, wenn es neben einem Fenster oder auf einem Balkon angebracht wird.<\/p>\n<p>3. Auch von innen ist es praktisch, da man es immer zur Hand hat und die wichtigen lebensrettenden Dinge in Sichtweite hat, sodass man bei einem Brand keine Zeit mit der Suche verschwenden muss.<\/p>\n<p>4. Unserer Meinung nach ist es sehr sicher, die Leitern an den Kletterankern im Inneren des Kastens zu befestigen, da diese einer Belastung von 25 KN standhalten als alles andere in Ihrem Zuhause, einschlie\u00dflich Fensterrahmen oder Balkongitter.<\/p>\n<h4>Warum sollten Sie sich f\u00fcr unsere Feuerleitern entscheiden?<\/h4>\n<p><img loading=\"lazy\" decoding=\"async\" class=\"alignnone wp-image-5102\" src=\"https:\/\/isopllc.com\/de\/wp-content\/uploads\/sites\/3\/2023\/09\/30d1215a-a397-4e25-a9a6-f4f6b8fc8a0a.__CR00800600_PT0_SX800_V1___.jpg\" alt=\"Zweist\u00f6ckiger Leiter\" width=\"426\" height=\"319\" title=\"\" srcset=\"https:\/\/isopllc.com\/de\/wp-content\/uploads\/sites\/3\/2023\/09\/30d1215a-a397-4e25-a9a6-f4f6b8fc8a0a.__CR00800600_PT0_SX800_V1___.jpg 800w, https:\/\/isopllc.com\/de\/wp-content\/uploads\/sites\/3\/2023\/09\/30d1215a-a397-4e25-a9a6-f4f6b8fc8a0a.__CR00800600_PT0_SX800_V1___-768x576.jpg 768w, https:\/\/isopllc.com\/de\/wp-content\/uploads\/sites\/3\/2023\/09\/30d1215a-a397-4e25-a9a6-f4f6b8fc8a0a.__CR00800600_PT0_SX800_V1___-80x60.jpg 80w, https:\/\/isopllc.com\/de\/wp-content\/uploads\/sites\/3\/2023\/09\/30d1215a-a397-4e25-a9a6-f4f6b8fc8a0a.__CR00800600_PT0_SX800_V1___-120x90.jpg 120w, https:\/\/isopllc.com\/de\/wp-content\/uploads\/sites\/3\/2023\/09\/30d1215a-a397-4e25-a9a6-f4f6b8fc8a0a.__CR00800600_PT0_SX800_V1___-416x312.jpg 416w\" sizes=\"auto, (max-width: 426px) 100vw, 426px\" \/><\/p>\n<p>Der universelle sorgt daf\u00fcr, dass Ihre Fluchtleiter im Notfall leicht zug\u00e4nglich ist.<\/p>\n<p>Aufgrund seiner kompakten Gr\u00f6\u00dfe und langlebigen Konstruktion eignet sich dieser Schrank ideal f\u00fcr Wohnungen, Eigentumswohnungen und kleine Unternehmen und bietet einen sicheren Ort f\u00fcr die Langzeitlagerung.<\/p>\n<p><img decoding=\"async\" class=\"a-spacing-mini\" style=\"font-weight: 600\" src=\"https:\/\/m.media-amazon.com\/images\/S\/aplus-media-library-service-media\/94e0f1b0-d713-4663-a172-3e35c4090aaa.__CR0,0,1000,1000_PT0_SX300_V1___.jpg\" alt=\"Gentle to hands\" data-src=\"https:\/\/m.media-amazon.com\/images\/S\/aplus-media-library-service-media\/94e0f1b0-d713-4663-a172-3e35c4090aaa.__CR0,0,1000,1000_PT0_SX300_V1___.jpg\" data- title=\"\"><\/p>\n<div class=\"aplus-module-wrapper apm-fixed-width\">\n<div class=\"apm-spacing apm-fixed-width\">\n<div class=\"celwidget aplus-module module-9 aplus-standard\" data-csa-c-id=\"emkbnl-11vq23-1incdi-lfo9yf\" data-cel-widget=\"aplus-module-9\">\n<div class=\"aplus-module-wrapper apm-fixed-width\">\n<div class=\"apm-spacing apm-fixed-width\">\n<div id=\"aplus_feature_div\" class=\"celwidget\" data-feature-name=\"aplus\" data-csa-c-type=\"widget\" data-csa-c-content-id=\"aplus\" data-csa-c-slot-id=\"aplus_feature_div\" data-csa-c-asin=\"\" data-csa-c-is-in-initial-active-row=\"false\" data-csa-c-id=\"ebpnh7-v23cw7-lv803-rp18f9\" data-cel-widget=\"aplus_feature_div\">\n<div id=\"aplus\" class=\"a-section a-spacing-large bucket\">\n<div class=\"aplus-v2 desktop celwidget\" data-csa-c-id=\"322z1i-fsajov-ud7fia-k0knjv\" data-cel-widget=\"aplus\">\n<div class=\"celwidget aplus-module module-9 aplus-standard\" data-csa-c-id=\"e5nyxf-jpncv6-ubo24v-ozeiyw\" data-cel-widget=\"aplus-module-9\">\n<div class=\"aplus-module-wrapper apm-fixed-width\">\n<div class=\"apm-spacing apm-fixed-width\">\n<h3>Sanft zu den H\u00e4nden<\/h3>\n<p>Bei der Entwicklung dieser Leitern haben wir die M\u00e4ngel unserer Mitbewerber ber\u00fccksichtigt. Die anderen beschweren sich oft dar\u00fcber, dass sich Benutzer beim Benutzen der Leitersprossen die H\u00e4nde schneiden, weil die Aluminiumsprossen scharf sind. Wir haben dies ber\u00fccksichtigt und unsere Leitern haben keine scharfen Ecken und sind sowohl f\u00fcr Erwachsene als auch f\u00fcr Kinder sicher.<\/p>\n<p><img decoding=\"async\" class=\"a-spacing-mini\" style=\"font-weight: 600\" src=\"https:\/\/m.media-amazon.com\/images\/S\/aplus-media\/sc\/27f9c708-c858-49c0-96f7-815dd0fa4f9a.__CR0,0,1000,1000_PT0_SX300_V1___.jpg\" alt=\"Wide application\" data-src=\"https:\/\/m.media-amazon.com\/images\/S\/aplus-media\/sc\/27f9c708-c858-49c0-96f7-815dd0fa4f9a.__CR0,0,1000,1000_PT0_SX300_V1___.jpg\" data- title=\"\"><\/p>\n<h3>Integrierte Riemen<\/h3>\n<p>Auch hier ist beim Vergleich unserer Leitern mit Wettbewerbern zu beachten, dass unsere Leitern im Gegensatz zu anderen vom oberen Ende bis zum unteren Ende aus einem St\u00fcck Gurtband bestehen, das dank einer speziellen patentierten Technologie bis zu 1200 Pfund (!) aush\u00e4lt. W\u00e4hrend die Gurtleitern der Konkurrenz aus Einzelteilen zusammengen\u00e4ht sind, ist dies unserer Meinung nach unzuverl\u00e4ssig.<\/p>\n<p><img decoding=\"async\" class=\"a-spacing-mini\" style=\"font-weight: 600\" src=\"https:\/\/m.media-amazon.com\/images\/S\/aplus-media-library-service-media\/3e3631ef-bf95-4934-bd5d-2881c8d8d8c7.__CR0,0,300,300_PT0_SX300_V1___.jpg\" alt=\"Climbing anchor bolts set\" data-src=\"https:\/\/m.media-amazon.com\/images\/S\/aplus-media-library-service-media\/3e3631ef-bf95-4934-bd5d-2881c8d8d8c7.__CR0,0,300,300_PT0_SX300_V1___.jpg\" data- title=\"\"><\/p>\n<\/div>\n<div>Im Lieferumfang sind ein Set mit Kletterankerbolzen, 2 Aufh\u00e4ngeplatten und 2 Dehnbolzen enthalten. Schraubenmuttern und Unterlegscheiben sind im Lieferumfang enthalten.<\/div>\n<div><\/div>\n<div><img decoding=\"async\" class=\"a-spacing-mini\" style=\"font-weight: 600\" src=\"https:\/\/m.media-amazon.com\/images\/S\/aplus-media\/sc\/42cab632-a2d0-40fd-a2dd-280d531bf010.__CR282,0,1000,1000_PT0_SX300_V1___.jpg\" alt=\"For window or balcony\" data-src=\"https:\/\/m.media-amazon.com\/images\/S\/aplus-media\/sc\/42cab632-a2d0-40fd-a2dd-280d531bf010.__CR282,0,1000,1000_PT0_SX300_V1___.jpg\" data- title=\"\"><\/div>\n<\/div>\n<\/div>\n<div><\/div>\n<div class=\"celwidget aplus-module module-9 aplus-standard\" data-csa-c-id=\"e5nyxf-jpncv6-ubo24v-ozeiyw\" data-cel-widget=\"aplus-module-9\">\n<h3>Stabilisatoren<\/h3>\n<p>Die Sprossen unserer Leitern verf\u00fcgen \u00fcber Stabilisatoren, die daf\u00fcr sorgen, dass die Leitern nicht fest an der Wand haften, sondern fest an der Wand anliegen und so den Abstieg aus dem zweiten oder dritten Stock erheblich erleichtern.<\/p>\n<h4><img decoding=\"async\" class=\"a-spacing-mini\" style=\"font-weight: 600\" src=\"https:\/\/m.media-amazon.com\/images\/S\/aplus-media\/sc\/8b1ba6ce-d84f-4314-b98a-95d063fc3e5e.__CR500,0,1000,1000_PT0_SX300_V1___.jpg\" alt=\"For window or balcony\" data-src=\"https:\/\/m.media-amazon.com\/images\/S\/aplus-media\/sc\/8b1ba6ce-d84f-4314-b98a-95d063fc3e5e.__CR500,0,1000,1000_PT0_SX300_V1___.jpg\" data- title=\"\">Anti-Rutsch-Sprossen<\/h4>\n<p>Ein spezielles Muster auf der Oberfl\u00e4che der Sprossen macht den Abstieg aus der Wohnung bei jedem Wetter rutschfest.<\/p>\n<h4>Wiederverwendbar<\/h4>\n<p>Unsere Leitern sind wiederverwendbar und lassen sich im Gegensatz zu anderen Leitern, die entsorgt werden m\u00fcssen, leicht reparieren. Bei richtiger Lagerung k\u00f6nnen sie jahrelang halten!<\/p>\n<p><img loading=\"lazy\" decoding=\"async\" class=\"alignnone wp-image-4293\" src=\"https:\/\/isopllc.com\/usa\/wp-content\/uploads\/sites\/4\/2020\/12\/91R3KSmpDgL._AC_SL1500_.jpg\" alt=\"\" width=\"307\" height=\"230\" title=\"\"><\/p>\n<\/div>\n<h4>Robuste Karabiner<\/h4>\n<p>Zu den Leitern geh\u00f6ren verchromte Karabiner mit einer Bruchfestigkeit von 11KN.<\/p>\n<p>&nbsp;<\/p>\n<\/div>\n<\/div>\n<div>\n<p><img decoding=\"async\" class=\"a-spacing-mini\" style=\"font-weight: 600\" src=\"https:\/\/m.media-amazon.com\/images\/S\/aplus-media-library-service-media\/c3b3fb51-597d-4234-91a3-95fb43b58226.__CR0,0,300,300_PT0_SX300_V1___.jpg\" alt=\"ladder\" data-src=\"https:\/\/m.media-amazon.com\/images\/S\/aplus-media-library-service-media\/c3b3fb51-597d-4234-91a3-95fb43b58226.__CR0,0,300,300_PT0_SX300_V1___.jpg\" data- title=\"\"><\/p>\n<\/div>\n<h3>Wetterfest<\/h3>\n<p>Die spezielle Pulverbeschichtung sch\u00fctzt die Sprossen vor Rost und das Polyestergewebe ist \u00e4u\u00dferst wasser- und schneebest\u00e4ndig, sodass unsere Feuerleitern wetterbest\u00e4ndig sind.<\/p>\n<p><img decoding=\"async\" src=\"https:\/\/m.media-amazon.com\/images\/S\/aplus-media-library-service-media\/0c3c254d-684e-4313-bc9f-ae4b4b7e7ee7.__CR0,0,300,300_PT0_SX300_V1___.jpg\" alt=\"professional ladder\" title=\"\"><\/p>\n<h3>Zertifiziert<\/h3>\n<p>Unsere Leitern sind \u2013 im Gegensatz zu allen \u00e4hnlichen Produkten auf dem Markt \u2013 nach dem Qualit\u00e4tsstandard EN 131 zertifiziert. Es ist besser, sein Leben einem Produkt anzuvertrauen, das alle notwendigen Tests bestanden hat, als einem etwas billigeren Artikel, dessen Material fragw\u00fcrdig ist.<\/p>\n<p><img loading=\"lazy\" decoding=\"async\" class=\"alignnone wp-image-5764\" src=\"https:\/\/isopllc.com\/de\/wp-content\/uploads\/sites\/3\/2025\/04\/2.jpg\" alt=\"Zertifiziert Feuerleiter 2-st\u00f6ckig\" width=\"299\" height=\"299\" title=\"\" srcset=\"https:\/\/isopllc.com\/de\/wp-content\/uploads\/sites\/3\/2025\/04\/2.jpg 1080w, https:\/\/isopllc.com\/de\/wp-content\/uploads\/sites\/3\/2025\/04\/2-150x150.jpg 150w, https:\/\/isopllc.com\/de\/wp-content\/uploads\/sites\/3\/2025\/04\/2-768x768.jpg 768w, https:\/\/isopllc.com\/de\/wp-content\/uploads\/sites\/3\/2025\/04\/2-1000x1000.jpg 1000w, https:\/\/isopllc.com\/de\/wp-content\/uploads\/sites\/3\/2025\/04\/2-416x416.jpg 416w, https:\/\/isopllc.com\/de\/wp-content\/uploads\/sites\/3\/2025\/04\/2-100x100.jpg 100w\" sizes=\"auto, (max-width: 299px) 100vw, 299px\" \/><\/p>\n<h3>Professionelles Leiterunternehmen<\/h3>\n<p>Wir empfehlen den Kauf von Leitern bei einem auf Leitern spezialisierten Unternehmen, da es sich um ein Sicherheitsprodukt handelt.<\/p>\n<p>Und ISOP ist eines der wenigen Unternehmen, das aus eigener Fertigung eine gro\u00dfe Auswahl an unterschiedlichen Leitern anbietet.<\/p>\n<p><img loading=\"lazy\" decoding=\"async\" class=\"alignnone wp-image-5273\" src=\"https:\/\/isopllc.com\/de\/wp-content\/uploads\/sites\/3\/2023\/09\/Feuerleiter.png\" alt=\"\" width=\"300\" height=\"300\" title=\"\" srcset=\"https:\/\/isopllc.com\/de\/wp-content\/uploads\/sites\/3\/2023\/09\/Feuerleiter.png 1080w, https:\/\/isopllc.com\/de\/wp-content\/uploads\/sites\/3\/2023\/09\/Feuerleiter-150x150.png 150w, https:\/\/isopllc.com\/de\/wp-content\/uploads\/sites\/3\/2023\/09\/Feuerleiter-768x768.png 768w, https:\/\/isopllc.com\/de\/wp-content\/uploads\/sites\/3\/2023\/09\/Feuerleiter-1000x1000.png 1000w, https:\/\/isopllc.com\/de\/wp-content\/uploads\/sites\/3\/2023\/09\/Feuerleiter-416x416.png 416w, https:\/\/isopllc.com\/de\/wp-content\/uploads\/sites\/3\/2023\/09\/Feuerleiter-100x100.png 100w\" sizes=\"auto, (max-width: 300px) 100vw, 300px\" \/><\/p>\n<\/div>\n<p>Unsere Leitern sind in allen renommierten Charts vertreten und werden von diesen Herausgebern unter den Top 5 bewertet.<\/p>\n<p>Auch in <a href=\"https:\/\/isopllc.com\/de\/product\/feuerleiter-2-stoeckig-mit-schrank\/\"><strong>4\u202fm<\/strong><\/a> erh\u00e4ltlich.<\/p>\n<\/div>\n<\/div>\n<\/div>\n<\/div>\n<\/div>\n","protected":false},"excerpt":{"rendered":"[embed]https:\/\/youtu.be\/wtf10aO6fFw[\/embed]\n<p class=\"a-size-large a-spacing-none\" style=\"text-align: center\">Feuerleiter 2-st\u00f6ckig mit Schrank 8 m\u2013 an der Wand montierte Feuerleiter f\u00fcr Zuhause \u2013<span id=\"productTitle\" class=\"a-size-large product-title-word-break\">Inklusive Zweist\u00f6ckiger Leiter &#8211; Notleiter 2-st\u00f6ckig Rot<\/span><\/p>\n<p style=\"text-align: center\">KOSTENLOSE LIEFERUNG INNERHALB VON 3-7 TAGEN<\/p>\n<p>&nbsp;<\/p>\n","protected":false},"featured_media":5349,"comment_status":"open","ping_status":"closed","template":"","meta":[],"product_brand":[],"product_cat":[452,15,450],"product_tag":[268,298,299,300],"class_list":{"0":"post-5108","1":"product","2":"type-product","3":"status-publish","4":"has-post-thumbnail","6":"product_cat-feuerleitern-mit-abstandshaltern","7":"product_cat-rettungsleitern-2-stockwerke","8":"product_cat-wandmontierte-leitern","9":"product_tag-montierte-feuerleiter","10":"product_tag-wandmontierte-feuerleiter","11":"product_tag-wandmontierte-feuerleiter-aufbewahrung","12":"product_tag-wandmontierte-feuerleiter-box","14":"first","15":"instock","16":"shipping-taxable","17":"purchasable","18":"product-type-simple"},"_links":{"self":[{"href":"https:\/\/isopllc.com\/de\/wp-json\/wp\/v2\/product\/5108","targetHints":{"allow":["GET"]}}],"collection":[{"href":"https:\/\/isopllc.com\/de\/wp-json\/wp\/v2\/product"}],"about":[{"href":"https:\/\/isopllc.com\/de\/wp-json\/wp\/v2\/types\/product"}],"replies":[{"embeddable":true,"href":"https:\/\/isopllc.com\/de\/wp-json\/wp\/v2\/comments?post=5108"}],"wp:featuredmedia":[{"embeddable":true,"href":"https:\/\/isopllc.com\/de\/wp-json\/wp\/v2\/media\/5349"}],"wp:attachment":[{"href":"https:\/\/isopllc.com\/de\/wp-json\/wp\/v2\/media?parent=5108"}],"wp:term":[{"taxonomy":"product_brand","embeddable":true,"href":"https:\/\/isopllc.com\/de\/wp-json\/wp\/v2\/product_brand?post=5108"},{"taxonomy":"product_cat","embeddable":true,"href":"https:\/\/isopllc.com\/de\/wp-json\/wp\/v2\/product_cat?post=5108"},{"taxonomy":"product_tag","embeddable":true,"href":"https:\/\/isopllc.com\/de\/wp-json\/wp\/v2\/product_tag?post=5108"}],"curies":[{"name":"wp","href":"https:\/\/api.w.org\/{rel}","templated":true}]}}