{"id":5170,"date":"2023-12-23T15:04:52","date_gmt":"2023-12-23T15:04:52","guid":{"rendered":"https:\/\/isopllc.com\/de\/?post_type=product&#038;p=5170"},"modified":"2025-07-04T08:50:00","modified_gmt":"2025-07-04T08:50:00","slug":"wand-sprossen-10-kletter-sprossen","status":"publish","type":"product","link":"https:\/\/isopllc.com\/de\/product\/wand-sprossen-10-kletter-sprossen\/","title":{"rendered":"Wand-Sprossen &#8211; 10 Kletter-Sprossen"},"content":{"rendered":"<h2 id=\"title\" class=\"a-size-large a-spacing-none\"><span id=\"productTitle\" class=\"a-size-large product-title-word-break\">Wand-Sprossen | 10 Kletter-Sprossen | rutschfeste Sprossen f\u00fcr Feuerflucht | Wandbefestigte Leiter | Schwere Leiter f\u00fcr das Haus | Edelstahl rostfrei, feuerfest &amp; extra stabil | Tragkraft 213 KG<\/span><\/h2>\n<h3 class=\"a-spacing-small\">An der Wand-Sprossen k\u00f6nnen zu Sicherheitszwecken verwendet werden, insbesondere f\u00fcr Notf\u00e4lle wie Brandschutz oder als Mittel zum Absteigen von Geb\u00e4uden.<\/h3>\n<p><img loading=\"lazy\" decoding=\"async\" class=\"alignnone wp-image-5202\" src=\"https:\/\/isopllc.com\/usa\/wp-content\/uploads\/sites\/4\/2023\/11\/wall-rungs-10_7.jpg\" alt=\"Wand-Sprossen\" width=\"324\" height=\"216\" title=\"\"><\/p>\n<p><strong>Wir pr\u00e4sentieren Ihnen rostbest\u00e4ndige, rutschfeste, schwere Sprossen f\u00fcr den Heimgebrauch. Diese einzigartigen, professionellen, vielseitigen Sprossen auf dem Markt l\u00f6sen eine Vielzahl von Aufgaben und sind nicht nur auf die Brandevakuierung beschr\u00e4nkt!<\/strong><\/p>\n<p><strong>Im Vergleich zu herk\u00f6mmlichen Feuerleitern sind diese nicht nur zuverl\u00e4ssiger, sondern halten auch viel l\u00e4nger, sogar f\u00fcr immer.<\/strong><\/p>\n<p><strong>Zus\u00e4tzlich sind sie wandmontiert und jederzeit abstiegsbereit, im Gegensatz zu Feuerleitern, die erst entfaltet, herausgeworfen und dann vorsichtig auf wackeligen Stufen abgestiegen werden m\u00fcssen! Die \u00dcberlegenheit dieser Sprossen ist offensichtlich!<\/strong><\/p>\n<p>Hier sind einige Kontexte, in denen sie angewendet werden k\u00f6nnten:<\/p>\n<p><strong>Fluchtweg bei Brand:<\/strong> Montieren Sie wandmontierte Sprossen an der Au\u00dfenseite von Geb\u00e4uden, um als Notfallfluchtweg bei Brand zu dienen und es den Insassen zu erm\u00f6glichen, im Falle eines Brandes sicher von den oberen Etagen herabzusteigen.<\/p>\n<p><img loading=\"lazy\" decoding=\"async\" class=\"alignnone wp-image-5205 size-full\" src=\"https:\/\/isopllc.com\/usa\/wp-content\/uploads\/sites\/4\/2023\/11\/wall-rungs-10_10.jpg\" alt=\"10 Kletter-Sprossen\" width=\"300\" height=\"300\" title=\"\"><\/p>\n<p><strong>Notfall Evakuierung:<\/strong> Verwenden Sie Wand-Sprossen\u00a0an Orten, an denen ein schneller und kontrollierter Abstieg f\u00fcr die Notfall Evakuierung erforderlich ist, um einen sicheren Ausgang aus erh\u00f6hten R\u00e4umen zu gew\u00e4hrleisten.<\/p>\n<p><strong>Geb\u00e4udeausg\u00e4nge:<\/strong> Integrieren Sie wandmontierte Sprossen in der N\u00e4he von Geb\u00e4udeausg\u00e4ngen, insbesondere in mehrst\u00f6ckigen Strukturen, um eine alternative Evakuierungsm\u00f6glichkeit w\u00e4hrend Notf\u00e4llen zu bieten.<\/p>\n<p><strong>H\u00e4user mit 2 Stockwerken:<\/strong> Implementieren Sie wandmontierte Sprossen an der Au\u00dfenseite von 2- oder 3-st\u00f6ckigen H\u00e4usern als Teil eines umfassenden Notfall Evakuierungsplans, um einen sicheren Abstieg zu erm\u00f6glichen, wenn herk\u00f6mmliche Ausg\u00e4nge beeintr\u00e4chtigt sein k\u00f6nnten.<\/p>\n<p><img loading=\"lazy\" decoding=\"async\" class=\"alignnone wp-image-5180\" src=\"https:\/\/isopllc.com\/de\/wp-content\/uploads\/sites\/3\/2023\/12\/wall-rungs-10_9.jpg\" alt=\"rutschfeste Sprossen f\u00fcr Feuerflucht\" width=\"299\" height=\"299\" title=\"\" srcset=\"https:\/\/isopllc.com\/de\/wp-content\/uploads\/sites\/3\/2023\/12\/wall-rungs-10_9.jpg 800w, https:\/\/isopllc.com\/de\/wp-content\/uploads\/sites\/3\/2023\/12\/wall-rungs-10_9-150x150.jpg 150w, https:\/\/isopllc.com\/de\/wp-content\/uploads\/sites\/3\/2023\/12\/wall-rungs-10_9-768x768.jpg 768w, https:\/\/isopllc.com\/de\/wp-content\/uploads\/sites\/3\/2023\/12\/wall-rungs-10_9-416x416.jpg 416w, https:\/\/isopllc.com\/de\/wp-content\/uploads\/sites\/3\/2023\/12\/wall-rungs-10_9-100x100.jpg 100w\" sizes=\"auto, (max-width: 299px) 100vw, 299px\" \/><\/p>\n<p><strong>Dachzugang:<\/strong> Installieren Sie wandmontierte Sprossen auf D\u00e4chern, um einen sicheren Zugang und Ausstieg f\u00fcr Wartungspersonal, Rettungsdienste oder Personen, die eine Dachflucht ben\u00f6tigen, zu erleichtern.<\/p>\n<p><strong>Ausbildungseinrichtungen:<\/strong> Verwenden Sie wandmontierte Leitersprossen in Schulungseinrichtungen f\u00fcr Notfallteams, damit sie kontrollierte Abstiege und Rettungseins\u00e4tze in einer kontrollierten Umgebung \u00fcben k\u00f6nnen.<\/p>\n<p><strong>Industrieanlagen:<\/strong> Integrieren Sie wandmontierte Sprossen in industriellen Umgebungen, in denen ein schneller Abstieg zur Sicherheit der Arbeiter oder f\u00fcr die Notfall Evakuierung im Falle eines Brandes erforderlich sein k\u00f6nnte.<\/p>\n<p><strong>Baustellen:<\/strong> Implementieren Sie wandmontierte Sprossen auf Baustellen f\u00fcr Notfallsituationen oder als zus\u00e4tzliches Mittel f\u00fcr die vertikale Fortbewegung der Arbeiter w\u00e4hrend verschiedener Bauphasen.<\/p>\n<p><img loading=\"lazy\" decoding=\"async\" class=\"alignnone wp-image-5200\" src=\"https:\/\/isopllc.com\/usa\/wp-content\/uploads\/sites\/4\/2023\/11\/wall-rungs-10_5.jpg\" alt=\"wall rungs\" width=\"280\" height=\"292\" title=\"\"><\/p>\n<div class=\"celwidget aplus-module premium-module-3-four-column-images aplus-premium\" data-csa-c-id=\"5x7ui9-ius50c-ssm1r8-66oj1i\" data-cel-widget=\"aplus-premium-module-3-four-column-images\">\n<div class=\"a-section a-spacing-none premium-aplus premium-aplus-module-3 aplus-container-1\">\n<div class=\"a-section a-spacing-none premium-aplus-four-column\">\n<div class=\"a-section a-spacing-none premium-aplus-column\">\n<div class=\"a-section a-spacing-none column-description\"><\/div>\n<\/div>\n<\/div>\n<\/div>\n<\/div>\n<div class=\"celwidget aplus-module premium-module-4-two-column-images aplus-premium\" data-csa-c-id=\"15yl7x-eio1n0-m9lh6n-socwzs\" data-cel-widget=\"aplus-premium-module-4-two-column-images\">\n<div class=\"a-section a-spacing-none premium-aplus premium-aplus-module-4 aplus-container-1\">\n<div class=\"a-section a-spacing-none premium-aplus-two-column\">\n<div class=\"a-section a-spacing-none premium-aplus-column\">\n<div class=\"a-section a-spacing-none column-description\">\n<p><strong>Wohngeb\u00e4ude:<\/strong> Integrieren Sie wandmontierte rutschfeste Sprossen als alternative Fluchtroute f\u00fcr Bewohner, die in den oberen Stockwerken von Wohngeb\u00e4uden leben, um die allgemeinen Brandschutzma\u00dfnahmen zu verbessern.<\/p>\n<p><strong>Notfallpl\u00e4ne:<\/strong> F\u00fcgen Sie feste Sprossen als Teil umfassender Notfallpl\u00e4ne f\u00fcr verschiedene Einrichtungen hinzu, um sicherzustellen, dass die Insassen alternative Evakuierungsm\u00f6glichkeiten in Krisensituationen haben.<\/p>\n<p><strong>Stadtrettung und -suche:<\/strong> Verwenden Sie wandmontierte Sprossen als Werkzeug f\u00fcr st\u00e4dtische Rettungs- und Suchoperationen, um eine skalierbare und anpassungsf\u00e4hige L\u00f6sung f\u00fcr den Zugang zu Personen in verschiedenen st\u00e4dtischen Umgebungen bereitzustellen.<\/p>\n<p><strong>Notfallausstieg:<\/strong> Im Falle eines Notfalls kann es entscheidend sein, eine sichere M\u00f6glichkeit zum Auf- oder Absteigen zu haben. Wandmontierte Sprossen oder eine Leiter k\u00f6nnen als alternative Aus- oder Eingangspunkte dienen.<\/p>\n<p><img loading=\"lazy\" decoding=\"async\" class=\"alignnone size-full wp-image-5207\" src=\"https:\/\/isopllc.com\/usa\/wp-content\/uploads\/sites\/4\/2023\/11\/wall-rungs-10_12.jpg\" alt=\"wall rungs\" width=\"300\" height=\"300\" title=\"\"><\/p>\n<p><strong>Mehrstufiger Zugang:<\/strong> Bunker mit mehreren Ebenen k\u00f6nnen vertikale Zugangspunkte erfordern, um sich innerhalb der Anlage zu bewegen. Wandmontierte Sprossen k\u00f6nnen installiert werden, um die Bewegung zwischen den Ebenen zu erleichtern.<\/p>\n<p><strong>Fluchtrouten:<\/strong> \u00a0Ber\u00fccksichtigen Sie die Anordnung des Bunkers und platzieren Sie strategisch wandmontierte Sprossen oder eine Leiter, um klare Fluchtrouten im Notfall zu schaffen.<\/p>\n<p><strong>Sicherheitsma\u00dfnahmen:<\/strong> Wenn der Bunker f\u00fcr sichere oder klassifizierte Operationen vorgesehen ist, stellen Sie sicher, dass die Installation von wandmontierten Sprossen mit Sicherheitsprotokollen \u00fcbereinstimmt und die Integrit\u00e4t der Einrichtung nicht beeintr\u00e4chtigt.<\/p>\n<p><strong>Professionelle Installation:<\/strong> Die Installation sollte von Fachleuten mit Kenntnissen in Strukturingenieurwesen und Sicherheitsvorschriften durchgef\u00fchrt werden. Die Sprossen oder Leiter sollten sicher an den W\u00e4nden verankert sein, und die Installation sollte den Sicherheitsstandards entsprechen.<\/p>\n<p><img loading=\"lazy\" decoding=\"async\" class=\"alignnone size-full wp-image-5208\" src=\"https:\/\/isopllc.com\/usa\/wp-content\/uploads\/sites\/4\/2023\/11\/wall-rungs-10_13.jpg\" alt=\"wall rungs\" width=\"300\" height=\"300\" title=\"\"><\/p>\n<p><strong>Sichtbarkeit und Beschilderung:<\/strong> Stellen Sie sicher, dass wandmontierte Sprossen deutlich sichtbar sind, und verwenden Sie geeignete Beschilderung, um ihren Zweck und ihre Richtung anzuzeigen. Dies ist entscheidend, damit Personen den Bunker auch bei schlechten Lichtverh\u00e4ltnissen oder w\u00e4hrend Notf\u00e4llen problemlos navigieren k\u00f6nnen.<\/p>\n<p><strong>Regelm\u00e4\u00dfige Inspektionen:<\/strong> Periodische Inspektionen der wandmontierten Sprossen oder Leiter sind unerl\u00e4sslich, um ihre strukturelle Integrit\u00e4t zu \u00fcberpr\u00fcfen. Regelm\u00e4\u00dfige Wartung gew\u00e4hrleistet, dass die Zugangspunkte sicher und funktionsf\u00e4hig bleiben.<\/p>\n<p>Bei der Integration von vertikalen Zugangspunkten in einem Bunker sollte die Sicherheit oberste Priorit\u00e4t haben. Die Konsultation mit Fachleuten und die Einhaltung von Sicherheitsstandards sind entscheidend, um sicherzustellen, dass die Installation allen erforderlichen Vorschriften entspricht und die Personen im Bunker sch\u00fctzt.<\/p>\n<p><strong>Professionelle Installation:<\/strong> Genau wie bei Feuerleitern sollte die Installation einer wandmontierten Leiter oder Sprossen von Fachleuten mit Kenntnissen im Strukturingenieurwesen und in Sicherheitsvorschriften durchgef\u00fchrt werden.<\/p>\n<\/div>\n<\/div>\n<div class=\"a-section a-spacing-none premium-aplus-column\">\n<div class=\"a-section a-spacing-none column-description\">\n<p class=\"aplus-p3\">Auch mit <a href=\"https:\/\/isopllc.com\/de\/product\/set-von-5-wandmontierten-kletterrungen\/\"><strong>5 Sprossen<\/strong><\/a> und <a href=\"https:\/\/isopllc.com\/de\/product\/set-mit-20-feuerfesten-sprossen-diy\/\"><strong>20 Sprossen<\/strong><\/a> erh\u00e4ltlich.<\/p>\n<\/div>\n<\/div>\n<\/div>\n<\/div>\n<\/div>\n","protected":false},"excerpt":{"rendered":"[embed]https:\/\/youtu.be\/zPEKW16x-1Y?si=1RF0ZIbJOgRU7T4i[\/embed]\n<p id=\"title\" class=\"a-size-large a-spacing-none\" style=\"text-align: center\"><span id=\"productTitle\" class=\"a-size-large product-title-word-break\">Wand-Sprossen | 10 Kletter-Sprossen | rutschfeste Sprossen f\u00fcr Feuerflucht | Wandbefestigte Leiter | Schwere Leiter f\u00fcr das Haus | Edelstahl rostfrei, feuerfest &amp; extra stabil | Tragkraft 213 KG<\/span><\/p>\n<p style=\"text-align: center\">KOSTENLOSE LIEFERUNG INNERHALB VON 3-7 TAGEN<\/p>\n<p>&nbsp;<\/p>\n","protected":false},"featured_media":5172,"comment_status":"open","ping_status":"closed","template":"","meta":[],"product_brand":[],"product_cat":[452,485,450],"product_tag":[268,298,299,300],"class_list":{"0":"post-5170","1":"product","2":"type-product","3":"status-publish","4":"has-post-thumbnail","6":"product_cat-feuerleitern-mit-abstandshaltern","7":"product_cat-rettungsleitern-1-stockwerke","8":"product_cat-wandmontierte-leitern","9":"product_tag-montierte-feuerleiter","10":"product_tag-wandmontierte-feuerleiter","11":"product_tag-wandmontierte-feuerleiter-aufbewahrung","12":"product_tag-wandmontierte-feuerleiter-box","14":"first","15":"instock","16":"shipping-taxable","17":"purchasable","18":"product-type-variable"},"_links":{"self":[{"href":"https:\/\/isopllc.com\/de\/wp-json\/wp\/v2\/product\/5170","targetHints":{"allow":["GET"]}}],"collection":[{"href":"https:\/\/isopllc.com\/de\/wp-json\/wp\/v2\/product"}],"about":[{"href":"https:\/\/isopllc.com\/de\/wp-json\/wp\/v2\/types\/product"}],"replies":[{"embeddable":true,"href":"https:\/\/isopllc.com\/de\/wp-json\/wp\/v2\/comments?post=5170"}],"wp:featuredmedia":[{"embeddable":true,"href":"https:\/\/isopllc.com\/de\/wp-json\/wp\/v2\/media\/5172"}],"wp:attachment":[{"href":"https:\/\/isopllc.com\/de\/wp-json\/wp\/v2\/media?parent=5170"}],"wp:term":[{"taxonomy":"product_brand","embeddable":true,"href":"https:\/\/isopllc.com\/de\/wp-json\/wp\/v2\/product_brand?post=5170"},{"taxonomy":"product_cat","embeddable":true,"href":"https:\/\/isopllc.com\/de\/wp-json\/wp\/v2\/product_cat?post=5170"},{"taxonomy":"product_tag","embeddable":true,"href":"https:\/\/isopllc.com\/de\/wp-json\/wp\/v2\/product_tag?post=5170"}],"curies":[{"name":"wp","href":"https:\/\/api.w.org\/{rel}","templated":true}]}}