{"id":5185,"date":"2023-12-30T15:07:15","date_gmt":"2023-12-30T15:07:15","guid":{"rendered":"https:\/\/isopllc.com\/de\/?post_type=product&#038;p=5185"},"modified":"2026-03-18T12:49:56","modified_gmt":"2026-03-18T12:49:56","slug":"aed-defibrillator-aufbewahrungsschrank","status":"publish","type":"product","link":"https:\/\/isopllc.com\/de\/product\/aed-defibrillator-aufbewahrungsschrank\/","title":{"rendered":"AED Defibrillator Schrank |\u00a0AED-Defibrillator-Aufbewahrungsschrank"},"content":{"rendered":"<h1 class=\"a-size-large a-spacing-none\"><span class=\"a-size-large product-title-word-break\">AED-Defibrillator-Aufbewahrungsschrank | Wandmontierte Erste-Hilfe-Box <\/span><span id=\"productTitle\" class=\"a-size-large product-title-word-break\">|\u00a0<\/span><span id=\"productTitle\" class=\"a-size-large product-title-word-break\">AED Defibrillator Schrank\u00a0<\/span><\/h1>\n<p><img loading=\"lazy\" decoding=\"async\" class=\"alignnone wp-image-5252\" src=\"https:\/\/isopllc.com\/usa\/wp-content\/uploads\/sites\/4\/2023\/12\/AED-7.jpg\" alt=\"Defibrillator-Aufbewahrungsschrank\" width=\"634\" height=\"196\" title=\"\"><\/p>\n<div class=\"a-section a-spacing-none aplus-module-section aplus-text-section\">\n<p class=\"description\">Ausgestattet mit Schnappverschl\u00fcssen, um alle AED-Defibrillatoren zu passen, bietet der AED-Schrank sicheren Stauraum f\u00fcr Ihren Defibrillator, bereit zur Verwendung. Die rote Aufschrift &#8222;AED&#8220; macht jeden darauf aufmerksam, befindet sich am Unfallort, vertiefte T\u00fcrgriffe, das ausgekl\u00fcgelte Schnappverschluss-Design erm\u00f6glicht es Ihnen, schnell Leben zu retten. Unser AED-Schrank ist intelligent f\u00fcr schnellen Zugriff konzipiert. Installieren Sie ihn an einem leicht zug\u00e4nglichen Ort, um sicherzustellen, dass der Defibrillator schnell abgerufen werden kann, wenn Sekunden am wichtigsten sind.<\/p>\n<p class=\"description\"><strong><span class=\"a-text-bold\">Universelle Anwendbarkeit:\u00a0<\/span><\/strong>Speziell f\u00fcr den universellen Gebrauch entwickelt, ist dieser AED-Schrank ideal f\u00fcr Krankenh\u00e4user, Kliniken, Rettungsfahrzeuge, Institutionen und verschiedene Umgebungen geeignet. Er erf\u00fcllt die Aufbewahrungsanforderungen f\u00fcr Defibrillatoren, die nur f\u00fcr geschulte Fachleute zug\u00e4nglich sind, und erh\u00f6ht die Sicherheit in vielf\u00e4ltigen Umgebungen.<\/p>\n<p class=\"description\"><strong><span class=\"a-text-bold\">Bequemer Hohlraumgriff:<\/span><\/strong>Mit einem benutzerfreundlichen Hohlraumgriff gew\u00e4hrleistet der <span id=\"productTitle\" class=\"a-size-large product-title-word-break\">Defibrillator-Aufbewahrungsschrank <\/span>m\u00fchelosen und sofortigen Zugriff auf den gelagerten Defibrillator. Das unverschlossene Design beseitigt Verz\u00f6gerungen beim Erreichen des AED in kritischen Momenten. Investieren Sie in den AED-Schrank f\u00fcr eine nahtlose Kombination von Zug\u00e4nglichkeit, Sicherheit und Transparenz. Steigern Sie Ihre Vorbereitung mit unserer zuverl\u00e4ssigen AED-Aufbewahrungsl\u00f6sung und stellen Sie sicher, dass lebensrettende Ausr\u00fcstung immer griffbereit ist, wenn es darauf ankommt.<\/p>\n<p class=\"description\">Au\u00dferdem kann diese Aluminiumbox als Aufbewahrungsort f\u00fcr verschiedene Arten von Ger\u00e4ten wie eine Feuerleiter, ein Erste-Hilfe-Set und einfach zum Lagern von Waren dienen.<\/p>\n<p class=\"description\"><em><span class=\"a-text-italic\">35,8 x 17,8 x 40 cm | 3.63 KG<\/span><\/em><\/p>\n<p class=\"description\"><em><span class=\"a-text-italic\">Hergestellt aus industrietauglichem Eisen<\/span><\/em><\/p>\n<p class=\"description\"><em><span class=\"a-text-italic\">Transparentes Acrylfenster und rote Elemente zur einfachen Identifizierung<\/span><\/em><\/p>\n<p class=\"description\"><em><span class=\"a-text-italic\">Es gibt vier L\u00f6cher f\u00fcr die Installation auf der R\u00fcckseite der Einheit<\/span><\/em><\/p>\n<p class=\"description\"><em><span class=\"a-text-italic\">Universeller AED-Wandschrank f\u00fcr alle AED-Ger\u00e4te.<\/span><\/em><\/p>\n<p><img loading=\"lazy\" decoding=\"async\" class=\"alignnone wp-image-5253\" src=\"https:\/\/isopllc.com\/usa\/wp-content\/uploads\/sites\/4\/2023\/12\/AED-8.jpg\" alt=\"AED\" width=\"631\" height=\"195\" title=\"\"><\/p>\n<\/div>\n<p>AED Defibrillator Schrank &#8211;<\/p>\n<article class=\"w-full text-token-text-primary focus-visible:outline-2 focus-visible:outline-offset-[-4px]\" dir=\"auto\" data-testid=\"conversation-turn-97\" data-scroll-anchor=\"false\">\n<div class=\"text-base my-auto mx-auto py-[18px] px-6\">\n<div class=\"mx-auto flex flex-1 text-base gap-4 md:gap-5 lg:gap-6 md:max-w-3xl lg:max-w-[40rem] xl:max-w-[48rem]\">\n<div class=\"group\/conversation-turn relative flex w-full min-w-0 flex-col agent-turn @xs\/thread:px-0 @sm\/thread:px-1.5 @md\/thread:px-4\">\n<div class=\"flex-col gap-1 md:gap-3\">\n<div class=\"flex max-w-full flex-col flex-grow\">\n<div class=\"min-h-8 text-message relative flex w-full flex-col items-end gap-2 whitespace-normal break-words text-start [.text-message+&amp;]:mt-5\" dir=\"auto\" data-message-author-role=\"assistant\" data-message-id=\"90b73c12-bf4c-4860-aaa5-1093b39cc550\" data-message-model-slug=\"gpt-4o\">\n<div class=\"flex w-full flex-col gap-1 empty:hidden first:pt-[3px]\">\n<div class=\"markdown prose w-full break-words dark:prose-invert light\">\n<h3 data-start=\"0\" data-end=\"66\"><strong data-start=\"4\" data-end=\"64\">Vorteile &amp; Verwendung des AED-Defibrillator Schranks<\/strong><\/h3>\n<p data-start=\"68\" data-end=\"240\"><strong data-start=\"70\" data-end=\"107\">Bestes Preis-Leistungs-Verh\u00e4ltnis<\/strong> \u2013 Unser AED-Schrank bietet hochwertige Qualit\u00e4t zum <strong data-start=\"160\" data-end=\"179\">g\u00fcnstigen Preis<\/strong> und ist ideal f\u00fcr den <strong data-start=\"202\" data-end=\"228\">Gro\u00dfhandel (Wholesale)<\/strong> geeignet.<\/p>\n<p data-start=\"242\" data-end=\"422\"><strong data-start=\"244\" data-end=\"298\">Wandmontage (Wall-Mount) f\u00fcr einfache Installation<\/strong> \u2013 Der Schrank l\u00e4sst sich schnell und sicher an W\u00e4nden befestigen, um einen schnellen Zugriff im Notfall zu gew\u00e4hrleisten.<\/p>\n<p data-start=\"424\" data-end=\"542\"><strong data-start=\"426\" data-end=\"458\">Langlebig &amp; Robust <\/strong>\u00a0\u2013 Hergestellt aus widerstandsf\u00e4higen Materialien f\u00fcr den Innen- und Au\u00dfeneinsatz.<\/p>\n<p data-start=\"544\" data-end=\"710\"><strong data-start=\"546\" data-end=\"584\">G\u00fcnstig &amp; Effizient <\/strong>\u00a0\u2013 Hochwertige Verarbeitung zum <strong data-start=\"616\" data-end=\"632\">besten Preis<\/strong>, ideal f\u00fcr Unternehmen, \u00f6ffentliche Geb\u00e4ude und medizinische Einrichtungen.<\/p>\n<p data-start=\"712\" data-end=\"820\"><strong data-start=\"714\" data-end=\"738\">Perfekt f\u00fcr Notf\u00e4lle<\/strong> \u2013 Sch\u00fctzt den AED-Defibrillator vor Staub, Feuchtigkeit und unbefugtem Zugriff.<\/p>\n<p data-start=\"822\" data-end=\"939\"><strong data-start=\"824\" data-end=\"864\">Verf\u00fcgbar in meiner N\u00e4he <\/strong>\u00a0\u2013 Bestellen Sie Ihren AED-Schrank direkt online mit schneller Lieferung.<\/p>\n<p data-start=\"822\" data-end=\"939\"><strong data-start=\"943\" data-end=\"979\">Ideal f\u00fcr Firmen &amp; Institutionen<\/strong> \u2013 Perfekt f\u00fcr B\u00fcros, Schulen, Sporteinrichtungen, Einkaufszentren oder Produktionshallen.<\/p>\n<p data-start=\"1073\" data-end=\"1192\" data-is-last-node=\"\" data-is-only-node=\"\"><strong data-start=\"1076\" data-end=\"1086\">Fazit:<\/strong> Ein <strong data-start=\"1091\" data-end=\"1163\">kosteng\u00fcnstiger, langlebiger und einfach zu montierender AED-Schrank<\/strong>, der Leben retten kann!<\/p>\n<\/div>\n<\/div>\n<\/div>\n<\/div>\n<\/div>\n<\/div>\n<\/div>\n<\/div>\n<\/article>\n<article class=\"w-full text-token-text-primary focus-visible:outline-2 focus-visible:outline-offset-[-4px]\" dir=\"auto\" data-testid=\"conversation-turn-99\" data-scroll-anchor=\"true\">\n<div class=\"text-base my-auto mx-auto py-[18px] px-6\">\n<div class=\"mx-auto flex flex-1 text-base gap-4 md:gap-5 lg:gap-6 md:max-w-3xl lg:max-w-[40rem] xl:max-w-[48rem]\">\n<div class=\"group\/conversation-turn relative flex w-full min-w-0 flex-col agent-turn @xs\/thread:px-0 @sm\/thread:px-1.5 @md\/thread:px-4\">\n<div class=\"flex-col gap-1 md:gap-3\">\n<div class=\"flex max-w-full flex-col flex-grow\">\n<div class=\"min-h-8 text-message relative flex w-full flex-col items-end gap-2 whitespace-normal break-words text-start [.text-message+&amp;]:mt-5\" dir=\"auto\" data-message-author-role=\"assistant\" data-message-id=\"0ceeb2f4-cba3-42e7-b2e4-48d8620b3fa1\" data-message-model-slug=\"gpt-4o\">\n<div class=\"flex w-full flex-col gap-1 empty:hidden first:pt-[3px]\">\n<div class=\"markdown prose w-full break-words dark:prose-invert light\">\n<h3 data-start=\"0\" data-end=\"75\"><strong data-start=\"4\" data-end=\"73\">Weitere Vorteile &amp; Anwendungen des AED-Defibrillator Schranks\u00a0<\/strong><\/h3>\n<p data-start=\"77\" data-end=\"242\"><strong data-start=\"79\" data-end=\"121\">Wholesale &amp; Gro\u00dfbestellungen verf\u00fcgbar<\/strong> \u2013 Ideal f\u00fcr Unternehmen, Krankenh\u00e4user, Fitnessstudios und \u00f6ffentliche Einrichtungen, die mehrere Einheiten ben\u00f6tigen.<\/p>\n<p data-start=\"244\" data-end=\"378\"><strong data-start=\"246\" data-end=\"289\">G\u00fcnstig &amp; Beste Qualit\u00e4t (Best)<\/strong> \u2013 Bietet <strong data-start=\"299\" data-end=\"325\">professionellen Schutz<\/strong> f\u00fcr AED-Ger\u00e4te zu einem <strong data-start=\"350\" data-end=\"375\">erschwinglichen Preis<\/strong>.<\/p>\n<p data-start=\"380\" data-end=\"528\"><strong data-start=\"382\" data-end=\"436\">Wandmontage f\u00fcr maximale Sichtbarkeit<\/strong> \u2013 Leicht zug\u00e4nglich im Notfall, ideal f\u00fcr Flure, Eingangsbereiche und \u00f6ffentliche Pl\u00e4tze.<\/p>\n<p data-start=\"530\" data-end=\"673\"><strong data-start=\"532\" data-end=\"575\">Extrem Langlebig &amp; Wetterfest <\/strong>\u00a0\u2013 Entwickelt, um St\u00f6\u00dfe, Staub, Feuchtigkeit und sogar extreme Wetterbedingungen zu widerstehen.<\/p>\n<p data-start=\"675\" data-end=\"812\"><strong data-start=\"677\" data-end=\"747\">AED Defibrillator Schrank \u2013 Schnelle Lieferung verf\u00fcgbar<\/strong> \u2013 Bestellen Sie direkt online mit Lieferung an Ihren Standort.<\/p>\n<p data-start=\"814\" data-end=\"949\"><strong data-start=\"816\" data-end=\"855\">Geeignet f\u00fcr Innen- &amp; Au\u00dfenbereiche<\/strong> \u2013 Perfekt f\u00fcr B\u00fcros, Schulen, Flugh\u00e4fen, Sporthallen, Einkaufszentren und Industriegeb\u00e4ude.<\/p>\n<p data-start=\"951\" data-end=\"1058\"><strong data-start=\"953\" data-end=\"1009\">Mit Sicherheitsschloss oder Alarmfunktion erh\u00e4ltlich<\/strong> \u2013 Schutz vor Diebstahl und unbefugtem Zugriff.<\/p>\n<p data-start=\"1060\" data-end=\"1183\"><strong data-start=\"1062\" data-end=\"1117\">Sichtbare Kennzeichnung f\u00fcr schnelle Identifikation<\/strong> \u2013 Markiert mit gut lesbaren Piktogrammen und Notfall-Hinweisen.<\/p>\n<p data-start=\"1185\" data-end=\"1327\"><strong data-start=\"1187\" data-end=\"1225\">Ein Muss f\u00fcr Erste-Hilfe-Stationen<\/strong> \u2013 Erg\u00e4nzt Notfallausr\u00fcstungen und erm\u00f6glicht eine schnelle Reaktion bei pl\u00f6tzlichem Herzstillstand.<\/p>\n<p data-start=\"1329\" data-end=\"1482\"><strong data-start=\"1331\" data-end=\"1382\">Bestes Preis-Leistungs-Verh\u00e4ltnis auf dem Markt<\/strong> \u2013 Hohe Qualit\u00e4t, <strong data-start=\"1400\" data-end=\"1441\">preisg\u00fcnstig im Gro\u00dfhandel erh\u00e4ltlich<\/strong>, perfekt f\u00fcr den medizinischen Bedarf.<\/p>\n<p data-start=\"1484\" data-end=\"1615\" data-is-last-node=\"\" data-is-only-node=\"\"><strong data-start=\"1487\" data-end=\"1497\">Fazit:<\/strong> Ein <strong data-start=\"1502\" data-end=\"1563\">unverzichtbarer, sicherer und kosteng\u00fcnstiger AED-Schrank<\/strong>, der Leben rettet und h\u00f6chste Qualit\u00e4t bietet!<\/p>\n<\/div>\n<\/div>\n<\/div>\n<\/div>\n<\/div>\n<\/div>\n<\/div>\n<\/div>\n<\/article>\n","protected":false},"excerpt":{"rendered":"[embed]https:\/\/www.youtube.com\/shorts\/M65A5eMPJkk[\/embed]\n<p id=\"title\" class=\"a-size-large a-spacing-none\" style=\"text-align: center;\"><span id=\"productTitle\" class=\"a-size-large product-title-word-break\">ISOP AED-Defibrillator-Aufbewahrungsschrank | Wandmontierte Erste-Hilfe-Box<\/span><\/p>\n<p style=\"text-align: center;\">KOSTENLOSE LIEFERUNG INNERHALB VON 3-7 TAGEN<\/p>\n<p>&nbsp;<\/p>\n","protected":false},"featured_media":5235,"comment_status":"open","ping_status":"closed","template":"","meta":[],"product_brand":[],"product_cat":[449,443,447],"product_tag":[302],"class_list":{"0":"post-5185","1":"product","2":"type-product","3":"status-publish","4":"has-post-thumbnail","6":"product_cat-aufbewahrungsbox-fuer-feuerleitern","7":"product_cat-rettungs-und-ueberlebenssets","8":"product_cat-zubehoer-fuer-feuerleitern","9":"product_tag-aed-defibrillator-aufbewahrungsschrank","11":"first","12":"instock","13":"shipping-taxable","14":"purchasable","15":"product-type-simple"},"_links":{"self":[{"href":"https:\/\/isopllc.com\/de\/wp-json\/wp\/v2\/product\/5185","targetHints":{"allow":["GET"]}}],"collection":[{"href":"https:\/\/isopllc.com\/de\/wp-json\/wp\/v2\/product"}],"about":[{"href":"https:\/\/isopllc.com\/de\/wp-json\/wp\/v2\/types\/product"}],"replies":[{"embeddable":true,"href":"https:\/\/isopllc.com\/de\/wp-json\/wp\/v2\/comments?post=5185"}],"wp:featuredmedia":[{"embeddable":true,"href":"https:\/\/isopllc.com\/de\/wp-json\/wp\/v2\/media\/5235"}],"wp:attachment":[{"href":"https:\/\/isopllc.com\/de\/wp-json\/wp\/v2\/media?parent=5185"}],"wp:term":[{"taxonomy":"product_brand","embeddable":true,"href":"https:\/\/isopllc.com\/de\/wp-json\/wp\/v2\/product_brand?post=5185"},{"taxonomy":"product_cat","embeddable":true,"href":"https:\/\/isopllc.com\/de\/wp-json\/wp\/v2\/product_cat?post=5185"},{"taxonomy":"product_tag","embeddable":true,"href":"https:\/\/isopllc.com\/de\/wp-json\/wp\/v2\/product_tag?post=5185"}],"curies":[{"name":"wp","href":"https:\/\/api.w.org\/{rel}","templated":true}]}}