{"id":5202,"date":"2024-01-15T08:22:43","date_gmt":"2024-01-15T08:22:43","guid":{"rendered":"https:\/\/isopllc.com\/de\/?post_type=product&#038;p=5202"},"modified":"2025-06-25T17:59:15","modified_gmt":"2025-06-25T17:59:15","slug":"isop-feuerloescher-box-gross","status":"publish","type":"product","link":"https:\/\/isopllc.com\/de\/product\/isop-feuerloescher-box-gross\/","title":{"rendered":"Feuerl\u00f6scher Box Gro\u00df 58 * 23 * 18 cm"},"content":{"rendered":"<h2 id=\"title\" class=\"a-size-large a-spacing-none\">Feuerl\u00f6scher Box Gro\u00df | 58 * 23 * 18 cm | Feuerl\u00f6scher Lagerung | Feuerl\u00f6scher Wetterfeste Schrank | Feuerl\u00f6scher Wandmontierte Box | Sichtbarer Brandschutzschrank | Lagerung f\u00fcr Feuerl\u00f6scher<\/h2>\n<div class=\"celwidget aplus-module premium-module-4-two-column-images aplus-premium\">\n<div class=\"a-section a-spacing-none premium-aplus premium-aplus-module-4\">\n<div class=\"a-section a-spacing-none premium-aplus-two-column\">\n<div class=\"a-section a-spacing-none premium-aplus-column\">\n<div class=\"a-section a-spacing-none column-image\"><img decoding=\"async\" class=\"\" src=\"https:\/\/m.media-amazon.com\/images\/S\/aplus-media-library-service-media\/bf929da0-6acd-46d3-8776-bfec3fb40b71.__CR0,0,650,350_PT0_SX650_V1___.jpg\" alt=\"Fire Extinguisher Cabinet \/ Fire Extinguisher Weaterproof Box \" data-src=\"https:\/\/m.media-amazon.com\/images\/S\/aplus-media-library-service-media\/bf929da0-6acd-46d3-8776-bfec3fb40b71.__CR0,0,650,350_PT0_SX650_V1___.jpg\" data- title=\"\"><\/div>\n<div class=\"a-section a-spacing-none aplus-container-2\">\n<h2 class=\"aplus-h3 a-text-bold\">Sorgen Sie f\u00fcr keine Verz\u00f6gerung<\/h2>\n<div class=\"a-section a-spacing-none column-description\">\n<p class=\"aplus-p3\">Halten Sie die Einsatzbereitschaft und Zug\u00e4nglichkeit Ihres Feuerl\u00f6schers aufrecht und sch\u00fctzen Sie ihn mit unserem Hochleistungsschrank vor Staub, Schmutz und Manipulation. Dieser Schrank ist auf Langlebigkeit und schnelle Erkennung im Notfall ausgelegt und gew\u00e4hrleistet eine schnelle Reaktion.<\/p>\n<\/div>\n<\/div>\n<\/div>\n<div class=\"a-section a-spacing-none premium-aplus-column\">\n<div class=\"a-section a-spacing-none column-image\"><img decoding=\"async\" class=\"\" src=\"https:\/\/m.media-amazon.com\/images\/S\/aplus-media-library-service-media\/6a36cfc2-a043-4034-9413-adeca7674f2d.__CR0,0,650,350_PT0_SX650_V1___.jpg\" alt=\"Fire Extinguisher Cabinet \/ Fire Extinguisher Weaterproof Box \" data-src=\"https:\/\/m.media-amazon.com\/images\/S\/aplus-media-library-service-media\/6a36cfc2-a043-4034-9413-adeca7674f2d.__CR0,0,650,350_PT0_SX650_V1___.jpg\" data- title=\"\"><\/div>\n<div class=\"a-section a-spacing-none aplus-container-2\">\n<h2 class=\"aplus-h3 a-text-bold\">Ihr Feuerl\u00f6scher bleibt sicher und einsatzbereit<\/h2>\n<div class=\"a-section a-spacing-none column-description\">\n<p class=\"aplus-p3\">Sorgen Sie mit diesem gut sichtbaren Feuerl\u00f6scherschrank f\u00fcr die Sicherheit Ihrer Umgebung. Dieser Schrank ist f\u00fcr den Einsatz in gewerblichen, industriellen und privaten Umgebungen geeignet und verf\u00fcgt \u00fcber vorgebohrte Montagel\u00f6cher, um eine einfache und sichere Installation zu erm\u00f6glichen.<\/p>\n<\/div>\n<\/div>\n<\/div>\n<\/div>\n<\/div>\n<\/div>\n<div class=\"celwidget aplus-module premium-module-4-two-column-images aplus-premium\">\n<div class=\"a-section a-spacing-none premium-aplus premium-aplus-module-4\">\n<div class=\"a-section a-spacing-none premium-aplus-two-column\">\n<div class=\"a-section a-spacing-none premium-aplus-column\">\n<div class=\"a-section a-spacing-none column-image\"><img decoding=\"async\" class=\"\" src=\"https:\/\/m.media-amazon.com\/images\/S\/aplus-media-library-service-media\/a924da18-f73c-4576-a6de-d714de6f1ccb.__CR0,0,650,350_PT0_SX650_V1___.jpg\" alt=\"Fire Extinguisher Cabinet \/ Fire Extinguisher Weaterproof Box \" data-src=\"https:\/\/m.media-amazon.com\/images\/S\/aplus-media-library-service-media\/a924da18-f73c-4576-a6de-d714de6f1ccb.__CR0,0,650,350_PT0_SX650_V1___.jpg\" data- title=\"\"><\/div>\n<div class=\"a-section a-spacing-none aplus-container-2\">\n<h2 class=\"aplus-h3 a-text-bold\">Merkmale<\/h2>\n<div class=\"a-section a-spacing-none column-description\">\n<p class=\"aplus-p3\">&#8211; Robuste Stahlkonstruktion mit leuchtend roter Pulverbeschichtung f\u00fcr gute Sichtbarkeit<\/p>\n<p class=\"aplus-p3\">&#8211; Das transparente Sichtfenster erleichtert die Inspektion, ohne das Geh\u00e4use \u00f6ffnen zu m\u00fcssen<\/p>\n<p class=\"aplus-p3\">&#8211; Integrierter Griff f\u00fcr sanftes \u00d6ffnen im Notfall<\/p>\n<p class=\"aplus-p3\">&#8211; Vorgebohrte L\u00f6cher f\u00fcr eine einfache und sichere Wandmontage<\/p>\n<\/div>\n<\/div>\n<\/div>\n<div class=\"a-section a-spacing-none premium-aplus-column\">\n<div class=\"a-section a-spacing-none column-image\"><img decoding=\"async\" class=\"\" src=\"https:\/\/m.media-amazon.com\/images\/S\/aplus-media-library-service-media\/d2bc05a8-6716-42f2-82ec-5e34e673d670.__CR0,0,650,350_PT0_SX650_V1___.jpg\" alt=\"Fire Extinguisher Cabinet \/ Fire Extinguisher Weaterproof Box \" data-src=\"https:\/\/m.media-amazon.com\/images\/S\/aplus-media-library-service-media\/d2bc05a8-6716-42f2-82ec-5e34e673d670.__CR0,0,650,350_PT0_SX650_V1___.jpg\" data- title=\"\"><\/div>\n<div class=\"a-section a-spacing-none aplus-container-2\">\n<h2 class=\"aplus-h3 a-text-bold\">Spezifikationen<\/h2>\n<div class=\"a-section a-spacing-none column-description\">\n<p class=\"aplus-p3\">&#8211; Material: Hochleistungseisen<\/p>\n<p class=\"aplus-p3\">&#8211; Finish: Sicherheitsrote Pulverbeschichtung<\/p>\n<p class=\"aplus-p3\">&#8211; Abmessungen: Klein \u2013 33*12*11 cm | Gro\u00df \u2013 58*23*18 cm<\/p>\n<p class=\"aplus-p3\"><strong><span class=\"a-text-bold\">Bitte beachten Sie, dass Feuerl\u00f6scher separat erh\u00e4ltlich sind.<\/span><\/strong><\/p>\n<p class=\"description\">Die ultimative Feuerl\u00f6scher-Schrank vorstellen, der entworfen wurde, um zuverl\u00e4ssige und wetterfeste Lagerung f\u00fcr Ihre Brandschutzausr\u00fcstung zu bieten. Unser wandmontierter Schrank bietet eine sichtbare und sichere L\u00f6sung zur Aufbewahrung von Feuerl\u00f6schern und gew\u00e4hrleistet, dass sie im Notfall leicht zug\u00e4nglich sind.<\/p>\n<p class=\"description\">Unsere Feuerl\u00f6scher-Aufbewahrung wurde mit Haltbarkeit und Praktikabilit\u00e4t im Sinn entwickelt und verf\u00fcgt \u00fcber ein ger\u00e4umiges Design, das problemlos gro\u00dfe Feuerl\u00f6scher aufnehmen kann. Die wetterfeste Konstruktion gew\u00e4hrleistet, dass Ihre Brandschutzausr\u00fcstung vor den Elementen gesch\u00fctzt bleibt und f\u00fcr die Installation sowohl drinnen als auch drau\u00dfen geeignet ist. Mit ihrem robusten Design und der hochsichtbaren Oberfl\u00e4che bietet unser wetterfester Feuerl\u00f6scher-Schrank eine prominente und leicht zug\u00e4ngliche Lagerl\u00f6sung f\u00fcr Ihr Eigentum.<\/p>\n<p class=\"description\">Die wandmontierte Konfiguration unseres Feuerl\u00f6scher-Wandschranks erm\u00f6glicht eine bequeme Installation an Schl\u00fcsselstellen wie Lagerh\u00e4usern, Fabriken, Garagen oder allen Bereichen, in denen die Einhaltung der Brandschutzvorschriften unerl\u00e4sslich ist. Das hochsichtbare Design gew\u00e4hrleistet, dass der Feuerl\u00f6scher f\u00fcr autorisiertes Personal leicht identifizierbar und zug\u00e4nglich ist und die Reaktionszeit in Notf\u00e4llen und Sicherheitsprotokolle verbessert.<\/p>\n<p class=\"description\">Unser Feuerl\u00f6scher-Aufbewahrungsschrank bietet eine sichere und dauerhafte L\u00f6sung zur Aufbewahrung von Brandschutzausr\u00fcstung und sorgt f\u00fcr Ruhe und Einhaltung von Sicherheitsvorschriften. Die sichtbare und sch\u00fctzende Natur des Schranks macht ihn zur idealen Wahl f\u00fcr gewerbliche und industrielle Umgebungen, in denen die Absicherung gegen Brandgefahren oberste Priorit\u00e4t hat.<\/p>\n<p class=\"description\">Investieren Sie in unsere Feuerl\u00f6scher-Box, um Ihre Brandschutzausr\u00fcstung mit Vertrauen und Ruhe zu sichern. Stellen Sie sicher, dass Ihr Eigentum mit einer sichtbaren und zug\u00e4nglichen wandmontierten Feuerl\u00f6scher-Lagerungsl\u00f6sung ausger\u00fcstet ist &#8211; bestellen Sie jetzt und ergreifen Sie einen proaktiven Schritt, um die Sicherheit und Einhaltung in Ihren R\u00e4umlichkeiten zu verbessern. Vertrauen Sie darauf, dass unser wetterfester Feuerl\u00f6scher-Schrank Ihre Brandschutzausr\u00fcstung sch\u00fctzt und eine sichtbare und zug\u00e4ngliche Lagerl\u00f6sung f\u00fcr Notf\u00e4lle bietet.<\/p>\n<\/div>\n<\/div>\n<\/div>\n<\/div>\n<\/div>\n<\/div>\n<div class=\"celwidget aplus-module premium-module-4-two-column-images aplus-premium\" data-csa-c-id=\"15yl7x-eio1n0-m9lh6n-socwzs\" data-cel-widget=\"aplus-premium-module-4-two-column-images\">\n<div class=\"a-section a-spacing-none premium-aplus premium-aplus-module-4 aplus-container-1\">\n<div class=\"a-section a-spacing-none premium-aplus-two-column\">\n<div class=\"a-section a-spacing-none premium-aplus-column\">\n<div class=\"a-section a-spacing-none column-description\">\n<p class=\"aplus-p3\">\n<\/div>\n<\/div>\n<\/div>\n<\/div>\n<\/div>\n","protected":false},"excerpt":{"rendered":"[embed]https:\/\/www.youtube.com\/watch?v=4IiU1ZXS-RE[\/embed]\n<p id=\"title\" class=\"a-size-large a-spacing-none\" style=\"text-align: center;\">Feuerl\u00f6scher Box Gro\u00df | 58 * 23 * 18 cm | Feuerl\u00f6scher Lagerung | Feuerl\u00f6scher Wetterfeste Schrank | Feuerl\u00f6scher Wandmontierte Box | Sichtbarer Brandschutzschrank | Lagerung f\u00fcr Feuerl\u00f6scher<\/p>\n<p style=\"text-align: center;\">KOSTENLOSE LIEFERUNG INNERHALB VON 3-7 TAGEN<\/p>\n<p>&nbsp;<\/p>\n","protected":false},"featured_media":5210,"comment_status":"open","ping_status":"closed","template":"","meta":[],"product_brand":[],"product_cat":[442,447],"product_tag":[251,252,320,321,322,323],"class_list":{"0":"post-5202","1":"product","2":"type-product","3":"status-publish","4":"has-post-thumbnail","6":"product_cat-feuerloescher-halterungen","7":"product_cat-zubehoer-fuer-feuerleitern","8":"product_tag-feuerleiter-aussenbox","9":"product_tag-feuerleiter-box","10":"product_tag-feuerloescherkasten","11":"product_tag-feuerloescherschrank","12":"product_tag-feuerloescherschrank-fuer-draussen","13":"product_tag-feuerloescherschrank-fuer-drinnen","15":"first","16":"instock","17":"shipping-taxable","18":"purchasable","19":"product-type-simple"},"_links":{"self":[{"href":"https:\/\/isopllc.com\/de\/wp-json\/wp\/v2\/product\/5202","targetHints":{"allow":["GET"]}}],"collection":[{"href":"https:\/\/isopllc.com\/de\/wp-json\/wp\/v2\/product"}],"about":[{"href":"https:\/\/isopllc.com\/de\/wp-json\/wp\/v2\/types\/product"}],"replies":[{"embeddable":true,"href":"https:\/\/isopllc.com\/de\/wp-json\/wp\/v2\/comments?post=5202"}],"wp:featuredmedia":[{"embeddable":true,"href":"https:\/\/isopllc.com\/de\/wp-json\/wp\/v2\/media\/5210"}],"wp:attachment":[{"href":"https:\/\/isopllc.com\/de\/wp-json\/wp\/v2\/media?parent=5202"}],"wp:term":[{"taxonomy":"product_brand","embeddable":true,"href":"https:\/\/isopllc.com\/de\/wp-json\/wp\/v2\/product_brand?post=5202"},{"taxonomy":"product_cat","embeddable":true,"href":"https:\/\/isopllc.com\/de\/wp-json\/wp\/v2\/product_cat?post=5202"},{"taxonomy":"product_tag","embeddable":true,"href":"https:\/\/isopllc.com\/de\/wp-json\/wp\/v2\/product_tag?post=5202"}],"curies":[{"name":"wp","href":"https:\/\/api.w.org\/{rel}","templated":true}]}}