{"id":5220,"date":"2024-01-15T08:49:42","date_gmt":"2024-01-15T08:49:42","guid":{"rendered":"https:\/\/isopllc.com\/de\/?post_type=product&#038;p=5220"},"modified":"2025-06-25T17:56:24","modified_gmt":"2025-06-25T17:56:24","slug":"feuerloescher-halterung-4-einheiten","status":"publish","type":"product","link":"https:\/\/isopllc.com\/de\/product\/feuerloescher-halterung-4-einheiten\/","title":{"rendered":"Feuerl\u00f6scher-Halterung 4 Einheiten"},"content":{"rendered":"<h1 id=\"title\" class=\"a-size-large a-spacing-none\"><span id=\"productTitle\" class=\"a-size-large product-title-word-break\">ISOP Feuerl\u00f6scher-Halterung 4 Einheiten|Universal-Feuerl\u00f6scher-Wandhalterung|Feuerl\u00f6scher-Halterungen in Gro\u00dfpackung|Feuerl\u00f6scher-Halterung f\u00fcr die K\u00fcche zu Hause<\/span><\/h1>\n<div class=\"celwidget aplus-module premium-module-4-two-column-images aplus-premium\">\n<div class=\"a-section a-spacing-none premium-aplus premium-aplus-module-4\">\n<div class=\"a-section a-spacing-none premium-aplus-two-column\">\n<div class=\"a-section a-spacing-none premium-aplus-column\"><\/div>\n<\/div>\n<\/div>\n<\/div>\n<div class=\"celwidget aplus-module premium-module-4-two-column-images aplus-premium\">\n<div class=\"a-section a-spacing-none premium-aplus premium-aplus-module-4\">\n<div class=\"a-section a-spacing-none premium-aplus-two-column\">\n<div class=\"a-section a-spacing-none premium-aplus-column\">\n<div class=\"a-section a-spacing-none aplus-container-2\">\n<div class=\"a-section a-spacing-none column-description\">\n<div class=\"celwidget aplus-module premium-module-4-two-column-images aplus-premium\">\n<div class=\"a-section a-spacing-none premium-aplus premium-aplus-module-4\">\n<div class=\"a-section a-spacing-none premium-aplus-two-column\">\n<div class=\"a-section a-spacing-none premium-aplus-column\">\n<div class=\"a-section a-spacing-none column-image\"><img decoding=\"async\" class=\"\" src=\"https:\/\/m.media-amazon.com\/images\/S\/aplus-media-library-service-media\/1157d348-bba8-4f74-b760-c4f9eb0202eb.__CR0,0,650,350_PT0_SX650_V1___.jpg\" alt=\"Fire Extinguisher Bracket Pack \/ Fire Extinguishers Mount Bracket for Home Restaurant or Office\" data-src=\"https:\/\/m.media-amazon.com\/images\/S\/aplus-media-library-service-media\/1157d348-bba8-4f74-b760-c4f9eb0202eb.__CR0,0,650,350_PT0_SX650_V1___.jpg\" data- title=\"\"><\/div>\n<div class=\"a-section a-spacing-none aplus-container-2\">\n<h1 class=\"aplus-h3 a-text-bold\">Universeller Feuerl\u00f6scher-Wandhaken<\/h1>\n<div class=\"a-section a-spacing-none column-description\">\n<p class=\"aplus-p3\">Unsere universellen Feuerl\u00f6scherhalterungen gew\u00e4hrleisten die Sicherheit Ihres Hauses und Ihrer K\u00fcche, indem sie mit einer Vielzahl von Feuerl\u00f6schern kompatibel sind: klein, gro\u00df, nachf\u00fcllbar mit Wasser, CO2 oder Klasse K. Unsere Wandhalterung ist die perfekte L\u00f6sung f\u00fcr Ihr Zuhause und B\u00fcro.<\/p>\n<\/div>\n<\/div>\n<\/div>\n<div class=\"a-section a-spacing-none premium-aplus-column\">\n<div class=\"a-section a-spacing-none column-image\"><img decoding=\"async\" class=\"\" src=\"https:\/\/m.media-amazon.com\/images\/S\/aplus-media-library-service-media\/b1af090a-fbc5-4acf-b4a1-2b12af8a7857.__CR0,0,650,350_PT0_SX650_V1___.jpg\" alt=\"Fire Extinguisher Bracket Pack \/ Fire Extinguishers Mount Bracket for Home Restaurant or Office\" data-src=\"https:\/\/m.media-amazon.com\/images\/S\/aplus-media-library-service-media\/b1af090a-fbc5-4acf-b4a1-2b12af8a7857.__CR0,0,650,350_PT0_SX650_V1___.jpg\" data- title=\"\"><\/div>\n<div class=\"a-section a-spacing-none aplus-container-2\">\n<h1 class=\"aplus-h3 a-text-bold\">Kompakt und einfach zu installieren<\/h1>\n<div class=\"a-section a-spacing-none column-description\">\n<p class=\"aplus-p3\">Der robuste Universal-Feuerl\u00f6scher-Wandhaken aus Stahl ist speziell daf\u00fcr konzipiert, Feuerl\u00f6scher bis zu 5 kg sicher zu halten.<\/p>\n<p class=\"aplus-p3\">Er verf\u00fcgt \u00fcber eine hohe Halterung f\u00fcr den Feuerl\u00f6scher mit universeller Kompatibilit\u00e4t f\u00fcr alle Feuerl\u00f6scher mit Ventilk\u00f6rperschlitzen.<\/p>\n<\/div>\n<\/div>\n<\/div>\n<\/div>\n<\/div>\n<\/div>\n<div class=\"celwidget aplus-module premium-module-4-two-column-images aplus-premium\">\n<div class=\"a-section a-spacing-none premium-aplus premium-aplus-module-4\">\n<div class=\"a-section a-spacing-none premium-aplus-two-column\">\n<div class=\"a-section a-spacing-none premium-aplus-column\">\n<div class=\"a-section a-spacing-none column-image\"><img decoding=\"async\" class=\"\" src=\"https:\/\/m.media-amazon.com\/images\/S\/aplus-media-library-service-media\/2285116d-e0cb-46f8-a8d6-5bbdd92c3920.__CR0,0,650,350_PT0_SX650_V1___.jpg\" alt=\"Fire Extinguisher Bracket Pack \/ Fire Extinguishers Mount Bracket for Home Restaurant or Office\" data-src=\"https:\/\/m.media-amazon.com\/images\/S\/aplus-media-library-service-media\/2285116d-e0cb-46f8-a8d6-5bbdd92c3920.__CR0,0,650,350_PT0_SX650_V1___.jpg\" data- title=\"\"><\/div>\n<div class=\"a-section a-spacing-none aplus-container-2\">\n<h1 class=\"aplus-h3 a-text-bold\">Bequem montiert<\/h1>\n<div class=\"a-section a-spacing-none column-description\">\n<p class=\"aplus-p3\">Mit unserem universellen Feuerl\u00f6scher-Wandhaken, und dem Haken k\u00f6nnen Sie Ihre Feuerl\u00f6scher bequem genau dort montieren, wo Sie sie ben\u00f6tigen.<\/p>\n<p class=\"aplus-p3\">Dies ist ideal f\u00fcr Schulen, B\u00fcrogeb\u00e4ude und Fabriken. Die pulverbeschichtete Stahlkonstruktion gew\u00e4hrleistet Langlebigkeit und Best\u00e4ndigkeit.<\/p>\n<\/div>\n<\/div>\n<\/div>\n<div class=\"a-section a-spacing-none premium-aplus-column\">\n<div class=\"a-section a-spacing-none column-image\"><img loading=\"lazy\" decoding=\"async\" class=\"alignnone\" src=\"https:\/\/m.media-amazon.com\/images\/S\/aplus-media-library-service-media\/f57748b0-dc7b-4534-be1c-97bb26b419c8.__CR0,0,650,350_PT0_SX650_V1___.jpg\" alt=\"Feuerl\u00f6scher-Halterung 4 Einheiten\" width=\"650\" height=\"350\" data-src=\"https:\/\/m.media-amazon.com\/images\/S\/aplus-media-library-service-media\/f57748b0-dc7b-4534-be1c-97bb26b419c8.__CR0,0,650,350_PT0_SX650_V1___.jpg\" data- title=\"\"><\/div>\n<div class=\"a-section a-spacing-none aplus-container-2\">\n<h1 class=\"aplus-h3 a-text-bold\">Pack enth\u00e4lt<\/h1>\n<div class=\"a-section a-spacing-none column-description\">\n<p class=\"aplus-p3\">4 Feuerl\u00f6scherhalterungen<\/p>\n<p class=\"aplus-p3\">4 Schrauben<\/p>\n<p class=\"aplus-p3\">4 weiche Eisenunterlegscheiben<\/p>\n<p class=\"aplus-p3\">1 Installationsanleitung<\/p>\n<p class=\"aplus-p3\"><strong><span class=\"a-text-bold\">Bitte beachten Sie, dass Feuerl\u00f6scher separat verkauft werden.<\/span><\/strong><\/p>\n<h3 id=\"title\" class=\"a-size-large a-spacing-none\"><span id=\"productTitle\" class=\"a-size-large product-title-word-break\">ISOP Feuerl\u00f6scher-Halterung 4 Einheiten<\/span><\/h3>\n<p>Wenn es um Sicherheit geht, z\u00e4hlt jede Sekunde. Deshalb sind wir stolz darauf, unsere Feuerl\u00f6scherhalterung 4 St\u00fcck vorzustellen, die entwickelt wurde, um Ihr Zuhause oder Ihre K\u00fcche auf Notf\u00e4lle vorzubereiten. Unsere universellen Feuerl\u00f6scher-Wandhalterungen sind die perfekte L\u00f6sung f\u00fcr gr\u00f6\u00dfere Bedarfsmengen und stellen sicher, dass Sie die notwendige Ausr\u00fcstung haben, um Sicherheit und Schutz an verschiedenen Orten aufrechtzuerhalten. Mit Haltbarkeit und Benutzerfreundlichkeit im Hinterkopf bieten unsere Feuerl\u00f6scherhalterungen eine sichere und zuverl\u00e4ssige Montagel\u00f6sung f\u00fcr Ihre Feuerl\u00f6scher.<\/p>\n<p>Das schlanke und vielseitige Design erm\u00f6glicht eine schnelle und bequeme Installation, wodurch es sowohl f\u00fcr Wohn- als auch f\u00fcr Gewerbebereiche ideal ist. Mit diesen Halterungen k\u00f6nnen Sie sicherstellen, dass Ihre Feuerl\u00f6scher im Notfall leicht zug\u00e4nglich sind und Ihnen und Ihren Lieben ein beruhigendes Gef\u00fchl geben. Unsere Feuerl\u00f6scherhaken bestehen aus hochwertigen Materialien und bieten eine robuste und langlebige L\u00f6sung zur Sicherung Ihrer Brandschutzausr\u00fcstung. Das universelle Design gew\u00e4hrleistet die Kompatibilit\u00e4t mit verschiedenen Feuerl\u00f6schermodellen und bietet eine vielseitige Montageoption f\u00fcr Ihre spezifischen Anforderungen.<\/p>\n<p>Egal, ob Sie Ihr Zuhause, Ihre K\u00fcche, Ihre Garage oder Ihren Arbeitsplatz ausstatten m\u00f6chten, unsere Feuerl\u00f6scherhalterungen in gr\u00f6\u00dferen Mengen bieten eine kosteng\u00fcnstige und effiziente L\u00f6sung, um Sicherheit an verschiedenen Orten aufrechtzuerhalten. Durch den Kauf unserer Feuerl\u00f6scherhalterungen ergreifen Sie proaktive Ma\u00dfnahmen zum Schutz Ihres Eigentums und der Menschen darin. Warten Sie nicht, bis ein Notfall eintritt &#8211; sichern Sie Ihre Feuerl\u00f6scher noch heute mit unseren zuverl\u00e4ssigen und praktischen Wandhalterungen. Mit unseren gr\u00f6\u00dferen Mengen k\u00f6nnen Sie mehrere Bereiche effizient mit den erforderlichen Sicherheitsma\u00dfnahmen ausstatten. Bestellen Sie jetzt und gehen Sie den ersten Schritt, um eine sicherere Umgebung f\u00fcr Ihr Zuhause, Ihre K\u00fcche oder Ihren Arbeitsplatz zu schaffen. Vertrauen Sie unseren Feuerl\u00f6scherhaltern 4 St\u00fcck, um Ihnen die Sicherheit und Zug\u00e4nglichkeit zu bieten, die Sie in entscheidenden Momenten ben\u00f6tigen.<\/p>\n<\/div>\n<\/div>\n<\/div>\n<\/div>\n<\/div>\n<\/div>\n<\/div>\n<\/div>\n<\/div>\n<\/div>\n<\/div>\n<\/div>\n<div class=\"celwidget aplus-module premium-module-4-two-column-images aplus-premium\" data-csa-c-id=\"15yl7x-eio1n0-m9lh6n-socwzs\" data-cel-widget=\"aplus-premium-module-4-two-column-images\">\n<div class=\"a-section a-spacing-none premium-aplus premium-aplus-module-4 aplus-container-1\">\n<div class=\"a-section a-spacing-none premium-aplus-two-column\">\n<div class=\"a-section a-spacing-none premium-aplus-column\">\n<div class=\"a-section a-spacing-none column-description\">\n<p class=\"aplus-p3\">\n<\/div>\n<\/div>\n<\/div>\n<\/div>\n<\/div>\n","protected":false},"excerpt":{"rendered":"<p id=\"title\" class=\"a-size-large a-spacing-none\" style=\"text-align: center;\"><span id=\"productTitle\" class=\"a-size-large product-title-word-break\">ISOP Feuerl\u00f6scher-Halterung 4 Einheiten|Universal-Feuerl\u00f6scher-Wandhalterung|Feuerl\u00f6scher-Halterungen in Gro\u00dfpackung|Feuerl\u00f6scher-Halterung f\u00fcr die K\u00fcche zu Hause<\/span><\/p>\n<p style=\"text-align: center;\">KOSTENLOSE LIEFERUNG INNERHALB VON 3-7 TAGEN<\/p>\n<p>&nbsp;<\/p>\n","protected":false},"featured_media":5214,"comment_status":"open","ping_status":"closed","template":"","meta":[],"product_brand":[],"product_cat":[442],"product_tag":[315,316,319,317,318],"class_list":{"0":"post-5220","1":"product","2":"type-product","3":"status-publish","4":"has-post-thumbnail","6":"product_cat-feuerloescher-halterungen","7":"product_tag-feuerloescherhalter","8":"product_tag-feuerloescherhalterungen","9":"product_tag-montagehalterung","10":"product_tag-starker-aufhaengehalter","11":"product_tag-wandhalterung","13":"first","14":"instock","15":"shipping-taxable","16":"purchasable","17":"product-type-simple"},"_links":{"self":[{"href":"https:\/\/isopllc.com\/de\/wp-json\/wp\/v2\/product\/5220","targetHints":{"allow":["GET"]}}],"collection":[{"href":"https:\/\/isopllc.com\/de\/wp-json\/wp\/v2\/product"}],"about":[{"href":"https:\/\/isopllc.com\/de\/wp-json\/wp\/v2\/types\/product"}],"replies":[{"embeddable":true,"href":"https:\/\/isopllc.com\/de\/wp-json\/wp\/v2\/comments?post=5220"}],"wp:featuredmedia":[{"embeddable":true,"href":"https:\/\/isopllc.com\/de\/wp-json\/wp\/v2\/media\/5214"}],"wp:attachment":[{"href":"https:\/\/isopllc.com\/de\/wp-json\/wp\/v2\/media?parent=5220"}],"wp:term":[{"taxonomy":"product_brand","embeddable":true,"href":"https:\/\/isopllc.com\/de\/wp-json\/wp\/v2\/product_brand?post=5220"},{"taxonomy":"product_cat","embeddable":true,"href":"https:\/\/isopllc.com\/de\/wp-json\/wp\/v2\/product_cat?post=5220"},{"taxonomy":"product_tag","embeddable":true,"href":"https:\/\/isopllc.com\/de\/wp-json\/wp\/v2\/product_tag?post=5220"}],"curies":[{"name":"wp","href":"https:\/\/api.w.org\/{rel}","templated":true}]}}