{"id":5296,"date":"2024-05-23T14:24:37","date_gmt":"2024-05-23T14:24:37","guid":{"rendered":"https:\/\/isopllc.com\/de\/?post_type=product&#038;p=5296"},"modified":"2025-06-25T16:41:19","modified_gmt":"2025-06-25T16:41:19","slug":"wandmontierte-feuerleiter-fuer-2-stockwerke","status":"publish","type":"product","link":"https:\/\/isopllc.com\/de\/product\/wandmontierte-feuerleiter-fuer-2-stockwerke\/","title":{"rendered":"Wandmontierte Feuerleiter f\u00fcr 2 Stockwerke 7.5 m"},"content":{"rendered":"<div class=\"celwidget aplus-module module-9 aplus-standard\" data-csa-c-id=\"6rrkxj-o9oo3p-2dk8kw-v8mrts\" data-cel-widget=\"aplus-module-9\">\n<div class=\"a-expander-collapsed-height a-row a-expander-container a-expander-partial-collapse-container\" aria-live=\"polite\" data-a-expander-name=\"aplus-module-expander\" data-a-expander-collapsed-height=\"700\">\n<div class=\"a-expander-content a-expander-partial-collapse-content\" aria-expanded=\"false\">\n<div class=\"aplus-module-wrapper apm-fixed-width\">\n<h1 style=\"text-align: left\">Wandmontierte Feuerleiter f\u00fcr 2 Stockwerke 7.5 m | Notfall-Fluchtleiter f\u00fcr H\u00e4user inklusive Aluminium-Aufbewahrungsbox und Kletteranker-Set<\/h1>\n<h3 class=\"apm-spacing apm-fixed-width\"><\/h3>\n<p><img loading=\"lazy\" decoding=\"async\" class=\"alignnone wp-image-5298\" src=\"https:\/\/isopllc.com\/de\/wp-content\/uploads\/sites\/3\/2024\/05\/Caroline-25-ft-in-alubox.jpg\" alt=\"Wandmontierte Feuerleiter f\u00fcr 2 Stockwerke 7.5 m\" width=\"295\" height=\"295\" title=\"\" srcset=\"https:\/\/isopllc.com\/de\/wp-content\/uploads\/sites\/3\/2024\/05\/Caroline-25-ft-in-alubox.jpg 1080w, https:\/\/isopllc.com\/de\/wp-content\/uploads\/sites\/3\/2024\/05\/Caroline-25-ft-in-alubox-150x150.jpg 150w, https:\/\/isopllc.com\/de\/wp-content\/uploads\/sites\/3\/2024\/05\/Caroline-25-ft-in-alubox-768x768.jpg 768w, https:\/\/isopllc.com\/de\/wp-content\/uploads\/sites\/3\/2024\/05\/Caroline-25-ft-in-alubox-1000x1000.jpg 1000w, https:\/\/isopllc.com\/de\/wp-content\/uploads\/sites\/3\/2024\/05\/Caroline-25-ft-in-alubox-416x416.jpg 416w, https:\/\/isopllc.com\/de\/wp-content\/uploads\/sites\/3\/2024\/05\/Caroline-25-ft-in-alubox-100x100.jpg 100w\" sizes=\"auto, (max-width: 295px) 100vw, 295px\" \/><\/p>\n<h3 class=\"apm-spacing apm-fixed-width\">Warum unsere Feuerleiter w\u00e4hlen<\/h3>\n<p>Die Wandmontierte Feuerleiter aus Eisen mit 3 Etagen sorgt daf\u00fcr, dass Ihre Fluchtleiter im Notfall leicht zug\u00e4nglich ist.<\/p>\n<p>Aufgrund ihrer kompakten Gr\u00f6\u00dfe (36x26x13 cm, 1 mm d\u00fcnn) und ihrer robusten Konstruktion ist diese wandmontierte Feuerwehrleiter 3 Stockwerke ideal f\u00fcr Wohnungen, Eigentumswohnungen und kleine Unternehmen und bietet einen sicheren Platz f\u00fcr die langfristige Aufbewahrung.<\/p>\n<p><img decoding=\"async\" class=\"a-spacing-mini\" src=\"https:\/\/m.media-amazon.com\/images\/S\/aplus-media\/sc\/d4cc9639-a61a-4b3c-b1c6-a62967c917dd.__CR145,0,1000,1000_PT0_SX300_V1___.jpg\" alt=\"Anti Slip Rungs\" data-src=\"https:\/\/m.media-amazon.com\/images\/S\/aplus-media\/sc\/d4cc9639-a61a-4b3c-b1c6-a62967c917dd.__CR145,0,1000,1000_PT0_SX300_V1___.jpg\" data- title=\"\"><\/p>\n<h3><span class=\"a-text-bold\">Sanft zu den H\u00e4nden<\/span><\/h3>\n<p><span class=\"JLqJ4b ChMk0b\" data-language-for-alternatives=\"de\" data-language-to-translate-into=\"en\" data-phrase-index=\"0\" data-number-of-phrases=\"3\"><span class=\"Q4iAWc\">Bei der Erstellung dieser Leitern haben wir die M\u00e4ngel unserer Konkurrenten ber\u00fccksichtigt.<\/span><\/span> <span class=\"JLqJ4b ChMk0b\" data-language-for-alternatives=\"de\" data-language-to-translate-into=\"en\" data-phrase-index=\"1\" data-number-of-phrases=\"3\"><span class=\"Q4iAWc\">Die Bestseller wie First Alert und Kidde haben viele Beschwerden dar\u00fcber, dass sich Benutzer bei der Verwendung ihrer Leitersprossen in die H\u00e4nde schneiden, weil Aluminiumsprossen scharf sind.<\/span><\/span> <span class=\"JLqJ4b ChMk0b\" data-language-for-alternatives=\"de\" data-language-to-translate-into=\"en\" data-phrase-index=\"2\" data-number-of-phrases=\"3\"><span class=\"Q4iAWc\">Wir haben dies ber\u00fccksichtigt und unsere Leitern haben keine scharfen Ecken und sind sicher f\u00fcr Erwachsene und Kinder.<\/span><\/span><\/p>\n<p><img decoding=\"async\" class=\"a-spacing-mini\" src=\"https:\/\/m.media-amazon.com\/images\/S\/aplus-media\/sc\/27f9c708-c858-49c0-96f7-815dd0fa4f9a.__CR0,0,1000,1000_PT0_SX300_V1___.jpg\" alt=\"Wide application\" data-src=\"https:\/\/m.media-amazon.com\/images\/S\/aplus-media\/sc\/27f9c708-c858-49c0-96f7-815dd0fa4f9a.__CR0,0,1000,1000_PT0_SX300_V1___.jpg\" data- title=\"\"><\/p>\n<h3>Integrierte Riemen<\/h3>\n<p>Vergleicht man unsere wandmontierte Wandmontierte Feuerleiter f\u00fcr 2 Stockwerke 7.5 m, sollte man beachten, dass unsere Leitern im Gegensatz zu anderen vom oberen Ende bis zum unteren Ende aus einem einzigen St\u00fcck Gurtband bestehen, das dank einer speziellen patentierten Technologie mehr als 1200 Pfund (!) aushalten kann. Die Gurtbandleitern der Mitbewerber sind hingegen in St\u00fccke gen\u00e4ht, was unserer Meinung nach unzuverl\u00e4ssig ist.<\/p>\n<p><img decoding=\"async\" src=\"https:\/\/m.media-amazon.com\/images\/S\/aplus-media-library-service-media\/3e3631ef-bf95-4934-bd5d-2881c8d8d8c7.__CR0,0,300,300_PT0_SX300_V1___.jpg\" alt=\"For window or balcony\" title=\"\"><\/p>\n<div>Die Wandmontierte Feuerleiter f\u00fcr 2 Stockwerke 7.5 m wird mit einem Satz Kletteranker, 2 St\u00fcck Aufh\u00e4ngeplatten und 2 St\u00fcck Dehnungsbolzen geliefert. Bolzenmuttern und Unterlegscheiben sind im Lieferumfang enthalten.<\/div>\n<div><\/div>\n<\/div>\n<div>\n<p><img decoding=\"async\" class=\"a-spacing-mini\" src=\"https:\/\/m.media-amazon.com\/images\/S\/aplus-media\/sc\/42cab632-a2d0-40fd-a2dd-280d531bf010.__CR282,0,1000,1000_PT0_SX300_V1___.jpg\" alt=\"For window or balcony\" data-src=\"https:\/\/m.media-amazon.com\/images\/S\/aplus-media\/sc\/42cab632-a2d0-40fd-a2dd-280d531bf010.__CR282,0,1000,1000_PT0_SX300_V1___.jpg\" data- title=\"\"><\/p>\n<h3>Stabilisatoren<\/h3>\n<p>Die Sprossen unserer Leitern verf\u00fcgen \u00fcber Stabilisatoren, die es den Leitern erm\u00f6glichen, nicht fest an der Wand zu haften, sondern fest an ihr zu bleiben, und somit den Abstieg aus dem zweiten oder dritten Stock erheblich erleichtern.<\/p>\n<p><img loading=\"lazy\" decoding=\"async\" class=\"alignnone  wp-image-5764\" src=\"https:\/\/isopllc.com\/de\/wp-content\/uploads\/sites\/3\/2025\/04\/2.jpg\" alt=\"Zertifiziert Feuerleiter\" width=\"289\" height=\"289\" title=\"\" srcset=\"https:\/\/isopllc.com\/de\/wp-content\/uploads\/sites\/3\/2025\/04\/2.jpg 1080w, https:\/\/isopllc.com\/de\/wp-content\/uploads\/sites\/3\/2025\/04\/2-150x150.jpg 150w, https:\/\/isopllc.com\/de\/wp-content\/uploads\/sites\/3\/2025\/04\/2-768x768.jpg 768w, https:\/\/isopllc.com\/de\/wp-content\/uploads\/sites\/3\/2025\/04\/2-1000x1000.jpg 1000w, https:\/\/isopllc.com\/de\/wp-content\/uploads\/sites\/3\/2025\/04\/2-416x416.jpg 416w, https:\/\/isopllc.com\/de\/wp-content\/uploads\/sites\/3\/2025\/04\/2-100x100.jpg 100w\" sizes=\"auto, (max-width: 289px) 100vw, 289px\" \/><\/p>\n<h3>Zertifiziert<\/h3>\n<p>Unsere Leitern sind \u2013 im Gegensatz zu allen \u00e4hnlichen Produkten auf dem Markt \u2013 nach dem Qualit\u00e4tsstandard EN 131 zertifiziert. Es ist besser, sein Leben einem Produkt anzuvertrauen, das alle notwendigen Tests bestanden hat, als einem etwas billigeren Artikel, dessen Material fragw\u00fcrdig ist.<\/p>\n<h3>Anti-Rutsch-Sprossenv<\/h3>\n<p>Ein spezielles Muster auf der Oberfl\u00e4che der Sprossen macht den Abstieg aus der Wohnung bei jedem Wetter rutschfest.<\/p>\n<p><img decoding=\"async\" class=\"a-spacing-mini\" src=\"https:\/\/m.media-amazon.com\/images\/S\/aplus-media\/sc\/8b1ba6ce-d84f-4314-b98a-95d063fc3e5e.__CR500,0,1000,1000_PT0_SX300_V1___.jpg\" alt=\"For window or balcony\" data-src=\"https:\/\/m.media-amazon.com\/images\/S\/aplus-media\/sc\/8b1ba6ce-d84f-4314-b98a-95d063fc3e5e.__CR500,0,1000,1000_PT0_SX300_V1___.jpg\" data- title=\"\"><\/p>\n<h3>Wetterfest<\/h3>\n<p>Die spezielle Pulverbeschichtung sch\u00fctzt Sprossen vor Rost und das Polyestergewebe ist sehr widerstandsf\u00e4hig gegen Wasser oder Schnee, daher sind unsere Feuerleitern witterungsbest\u00e4ndig.<\/p>\n<h3>Wiederverwendbar<\/h3>\n<p><span class=\"JLqJ4b ChMk0b\" data-language-for-alternatives=\"de\" data-language-to-translate-into=\"en\" data-phrase-index=\"0\" data-number-of-phrases=\"2\"><span class=\"Q4iAWc\">Unsere Leitern sind im Gegensatz zu denen der Konkurrenz wiederverwendbar.<\/span><\/span> <span class=\"JLqJ4b ChMk0b\" data-language-for-alternatives=\"de\" data-language-to-translate-into=\"en\" data-phrase-index=\"1\" data-number-of-phrases=\"2\"><span class=\"Q4iAWc\">Bei richtiger Lagerung k\u00f6nnen sie jahrelang halten!<\/span><\/span><\/p>\n<p><img decoding=\"async\" src=\"https:\/\/m.media-amazon.com\/images\/S\/aplus-media-library-service-media\/9565f831-9888-4144-a36f-5e092ddb895b.__CR0,0,300,300_PT0_SX300_V1___.jpg\" alt=\"carabiners\" title=\"\"><\/p>\n<h3>Hochleistungskarabiner<\/h3>\n<\/div>\n<\/div>\n<\/div>\n<\/div>\n<div class=\"celwidget aplus-module module-9 aplus-standard\" data-csa-c-id=\"hn4tie-rexf97-49vntp-dywif3\" data-cel-widget=\"aplus-module-9\">\n<div class=\"a-expander-collapsed-height a-row a-expander-container a-expander-partial-collapse-container\" aria-live=\"polite\" data-a-expander-name=\"aplus-module-expander\" data-a-expander-collapsed-height=\"700\">\n<div class=\"a-expander-content a-expander-partial-collapse-content\" aria-expanded=\"false\">\n<div>Die Leitern beinhalten verchromte Karabiner mit einer Bruchlast von 11 kN.<\/div>\n<div><\/div>\n<\/div>\n<\/div>\n<\/div>\n<div class=\"celwidget aplus-module module-2 aplus-standard\" data-csa-c-id=\"czdp8c-vpt42n-ub22e6-8qlfjz\" data-cel-widget=\"aplus-module-2\">\n<div class=\"a-expander-collapsed-height a-row a-expander-container a-expander-partial-collapse-container\" aria-live=\"polite\" data-a-expander-name=\"aplus-module-expander\" data-a-expander-collapsed-height=\"700\">\n<div class=\"a-expander-content a-expander-partial-collapse-content\" aria-expanded=\"false\">\n<div class=\"aplus-module-wrapper apm-floatnone apm-fixed-width\">\n<div class=\"apm-sidemodule apm-spacing\">\n<div class=\"apm-sidemodule-imageleft\"><img decoding=\"async\" class=\"\" src=\"https:\/\/m.media-amazon.com\/images\/S\/aplus-media\/sc\/55dfe070-7172-4b34-b379-6ab49b743dd1.__CR226,0,1000,1000_PT0_SX300_V1___.jpg\" alt=\"Variation of 2 sizes\" data-src=\"https:\/\/m.media-amazon.com\/images\/S\/aplus-media\/sc\/55dfe070-7172-4b34-b379-6ab49b743dd1.__CR226,0,1000,1000_PT0_SX300_V1___.jpg\" data- title=\"\"><\/div>\n<div class=\"apm-sidemodule-textright\">\n<h3>Professioneller Leiterbetrieb<\/h3>\n<p><span class=\"JLqJ4b ChMk0b\" data-language-for-alternatives=\"de\" data-language-to-translate-into=\"en\" data-phrase-index=\"0\" data-number-of-phrases=\"3\"><span class=\"Q4iAWc\">Wir empfehlen, Leitern von einem auf Leitern spezialisierten Unternehmen zu kaufen, da es sich um ein Sicherheitsprodukt handelt.<\/span><\/span><\/p>\n<p><span class=\"JLqJ4b ChMk0b\" data-language-for-alternatives=\"de\" data-language-to-translate-into=\"en\" data-phrase-index=\"2\" data-number-of-phrases=\"3\"><span class=\"Q4iAWc\">Und ISOP ist eines der wenigen Unternehmen, das eine gro\u00dfe Auswahl an verschiedenen Leitern aus eigener Fertigung anbietet.<\/span><\/span><\/p>\n<p><img decoding=\"async\" src=\"https:\/\/m.media-amazon.com\/images\/S\/aplus-media-library-service-media\/0c3c254d-684e-4313-bc9f-ae4b4b7e7ee7.__CR0,0,300,300_PT0_SX300_V1___.jpg\" alt=\"professional ladder\" title=\"\"><\/p>\n<p>Eine an der Wandmontierte Feuerleiter f\u00fcr 2 Stockwerke 7.5 m ist ein vielseitiges Sicherheitsinstrument, das in einer Vielzahl von Umgebungen eingesetzt werden kann, um einen zuverl\u00e4ssigen Notausgang zu schaffen. Hier sind einige wichtige Bereiche, in denen sie besonders n\u00fctzlich ist:<\/p>\n<ul>\n<li>Wohnh\u00e4user:<br \/>\nIdeal f\u00fcr mehrst\u00f6ckige H\u00e4user, um bei Notf\u00e4llen wie Br\u00e4nden eine sichere Evakuierung aus den oberen Stockwerken zu gew\u00e4hrleisten.<\/li>\n<li>Appartements und Eigentumswohnungen: Bietet einen sicheren Fluchtweg f\u00fcr Bewohner h\u00f6herer Etagen, insbesondere in Geb\u00e4uden mit begrenztem Zugang zu Au\u00dfenausg\u00e4ngen.<\/li>\n<li>Hotels und Gastgewerbebetriebe:<br \/>\nSorgt f\u00fcr die Sicherheit der G\u00e4ste, indem es eine diskrete, eingebaute Evakuierungsm\u00f6glichkeit f\u00fcr den Notfall bietet.<\/li>\n<li>B\u00fcros und Gesch\u00e4ftsgeb\u00e4ude:<br \/>\nErh\u00f6ht die Sicherheit am Arbeitsplatz, da den Mitarbeitern bei Br\u00e4nden oder anderen Krisen ein alternativer Fluchtweg zur Verf\u00fcgung steht.<\/li>\n<li>Schulen und Kindertagesst\u00e4tten:<br \/>\nBietet eine schnelle und sichere M\u00f6glichkeit zur Evakuierung von Klassenr\u00e4umen im Obergeschoss und tr\u00e4gt damit zum Schutz von Kindern und Personal bei.<\/li>\n<li>\u00d6ffentliche Geb\u00e4ude:<br \/>\nN\u00fctzlich in Bibliotheken, Museen und anderen mehrst\u00f6ckigen \u00f6ffentlichen R\u00e4umen, in denen Notausg\u00e4nge wichtig sind.<\/li>\n<li>Lagerh\u00e4user und Industrieanlagen:<br \/>\nBietet eine zuverl\u00e4ssige Fluchtm\u00f6glichkeit f\u00fcr Mitarbeiter in Einrichtungen mit Zwischengeschossen oder erh\u00f6hten Plattformen.<\/li>\n<li>Winzige Wohnh\u00e4user und Wohnmobile:<br \/>\nDas kompakte Design macht es zu einem praktischen Sicherheitsmerkmal f\u00fcr kleine Wohnr\u00e4ume mit Dachb\u00f6den oder oberen Bereichen.<\/li>\n<li>Krankenh\u00e4user und Kliniken:<br \/>\nBietet einen Notausgang f\u00fcr Patienten und Personal aus Zimmern im Obergeschoss in Gesundheitseinrichtungen.<\/li>\n<li>Ferienh\u00e4user und H\u00fctten:<br \/>\nGew\u00e4hrleistet die Sicherheit in abgelegenen oder schwer zug\u00e4nglichen Gebieten, in denen es l\u00e4nger dauern kann, bis die Rettungsdienste eintreffen.Dieses Produkt ist \u00fcberall dort unverzichtbar, wo eine sichere, zuverl\u00e4ssige und schnelle Evakuierung aus den oberen Stockwerken erforderlich ist, und bietet den Bewohnern ein beruhigendes Gef\u00fchl der Sicherheit.<\/li>\n<\/ul>\n<\/div>\n<div id=\"aplus_feature_div\" class=\"celwidget\" data-feature-name=\"aplus\" data-csa-c-type=\"widget\" data-csa-c-content-id=\"aplus\" data-csa-c-slot-id=\"aplus_feature_div\" data-csa-c-asin=\"\" data-csa-c-is-in-initial-active-row=\"false\" data-csa-c-id=\"ebpnh7-v23cw7-lv803-rp18f9\" data-cel-widget=\"aplus_feature_div\">\n<p><img loading=\"lazy\" decoding=\"async\" class=\"alignnone wp-image-5273\" src=\"https:\/\/isopllc.com\/de\/wp-content\/uploads\/sites\/3\/2023\/09\/Feuerleiter.png\" alt=\"\" width=\"300\" height=\"300\" title=\"\" srcset=\"https:\/\/isopllc.com\/de\/wp-content\/uploads\/sites\/3\/2023\/09\/Feuerleiter.png 1080w, https:\/\/isopllc.com\/de\/wp-content\/uploads\/sites\/3\/2023\/09\/Feuerleiter-150x150.png 150w, https:\/\/isopllc.com\/de\/wp-content\/uploads\/sites\/3\/2023\/09\/Feuerleiter-768x768.png 768w, https:\/\/isopllc.com\/de\/wp-content\/uploads\/sites\/3\/2023\/09\/Feuerleiter-1000x1000.png 1000w, https:\/\/isopllc.com\/de\/wp-content\/uploads\/sites\/3\/2023\/09\/Feuerleiter-416x416.png 416w, https:\/\/isopllc.com\/de\/wp-content\/uploads\/sites\/3\/2023\/09\/Feuerleiter-100x100.png 100w\" sizes=\"auto, (max-width: 300px) 100vw, 300px\" \/><\/p>\n<\/div>\n<p>Unsere Leitern sind in allen renommierten Charts vertreten und werden von diesen Herausgebern unter den Top 5 bewertet.<\/p>\n<p>&nbsp;<\/p>\n<\/div>\n<\/div>\n<\/div>\n<\/div>\n<\/div>\n","protected":false},"excerpt":{"rendered":"[embed]https:\/\/www.youtube.com\/watch?v=xVIlpHe3gxg[\/embed]\n<p style=\"text-align: center\">Wandmontierte Feuerleiter f\u00fcr 2 Stockwerke 7.5 m | Notfall-Fluchtleiter f\u00fcr H\u00e4user inklusive Aluminium-Aufbewahrungsbox und Kletteranker-Set<\/p>\n<p style=\"text-align: center\"><span class=\"JLqJ4b ChMk0b\" data-language-for-alternatives=\"de\" data-language-to-translate-into=\"en\" data-phrase-index=\"4\" data-number-of-phrases=\"5\"><span class=\"Q4iAWc\">KOSTENLOSE LIEFERUNG INNERHALB VON 3-7 TAGEN<\/span><\/span><\/p>\n<p>&nbsp;<\/p>\n<p>&nbsp;<\/p>\n<p>&nbsp;<\/p>\n","protected":false},"featured_media":5298,"comment_status":"open","ping_status":"closed","template":"","meta":[],"product_brand":[],"product_cat":[449,15,450],"product_tag":[252,268,298,299,300],"class_list":{"0":"post-5296","1":"product","2":"type-product","3":"status-publish","4":"has-post-thumbnail","6":"product_cat-aufbewahrungsbox-fuer-feuerleitern","7":"product_cat-rettungsleitern-2-stockwerke","8":"product_cat-wandmontierte-leitern","9":"product_tag-feuerleiter-box","10":"product_tag-montierte-feuerleiter","11":"product_tag-wandmontierte-feuerleiter","12":"product_tag-wandmontierte-feuerleiter-aufbewahrung","13":"product_tag-wandmontierte-feuerleiter-box","15":"first","16":"instock","17":"shipping-taxable","18":"purchasable","19":"product-type-simple"},"_links":{"self":[{"href":"https:\/\/isopllc.com\/de\/wp-json\/wp\/v2\/product\/5296","targetHints":{"allow":["GET"]}}],"collection":[{"href":"https:\/\/isopllc.com\/de\/wp-json\/wp\/v2\/product"}],"about":[{"href":"https:\/\/isopllc.com\/de\/wp-json\/wp\/v2\/types\/product"}],"replies":[{"embeddable":true,"href":"https:\/\/isopllc.com\/de\/wp-json\/wp\/v2\/comments?post=5296"}],"wp:featuredmedia":[{"embeddable":true,"href":"https:\/\/isopllc.com\/de\/wp-json\/wp\/v2\/media\/5298"}],"wp:attachment":[{"href":"https:\/\/isopllc.com\/de\/wp-json\/wp\/v2\/media?parent=5296"}],"wp:term":[{"taxonomy":"product_brand","embeddable":true,"href":"https:\/\/isopllc.com\/de\/wp-json\/wp\/v2\/product_brand?post=5296"},{"taxonomy":"product_cat","embeddable":true,"href":"https:\/\/isopllc.com\/de\/wp-json\/wp\/v2\/product_cat?post=5296"},{"taxonomy":"product_tag","embeddable":true,"href":"https:\/\/isopllc.com\/de\/wp-json\/wp\/v2\/product_tag?post=5296"}],"curies":[{"name":"wp","href":"https:\/\/api.w.org\/{rel}","templated":true}]}}