{"id":5352,"date":"2024-08-05T08:19:35","date_gmt":"2024-08-05T08:19:35","guid":{"rendered":"https:\/\/isopllc.com\/de\/?post_type=product&#038;p=5352"},"modified":"2025-06-25T17:55:22","modified_gmt":"2025-06-25T17:55:22","slug":"isop-2-stufen-klappleiter-aluminium","status":"publish","type":"product","link":"https:\/\/isopllc.com\/de\/product\/isop-2-stufen-klappleiter-aluminium\/","title":{"rendered":"ISOP 2-Stufen Klappleiter Aluminium"},"content":{"rendered":"<div class=\"celwidget aplus-module module-9 aplus-standard\" data-csa-c-id=\"6rrkxj-o9oo3p-2dk8kw-v8mrts\" data-cel-widget=\"aplus-module-9\">\n<div class=\"a-expander-collapsed-height a-row a-expander-container a-expander-partial-collapse-container\" aria-live=\"polite\" data-a-expander-name=\"aplus-module-expander\" data-a-expander-collapsed-height=\"700\">\n<div class=\"a-expander-content a-expander-partial-collapse-content\" aria-expanded=\"false\">\n<div class=\"aplus-module-wrapper apm-fixed-width\">\n<div class=\"apm-spacing apm-fixed-width\">\n<h3 class=\"a-spacing-small\">ISOP 2-Stufen Klappleiter Aluminium | Wei\u00dfe faltbare Stehleiter zwei Stufen | Rutschsichere Stufen | Langlebig, leicht &amp; kompakt | Stehleiter f\u00fcr Haushalt | Garage oder B\u00fcro<\/h3>\n<p><img loading=\"lazy\" decoding=\"async\" class=\"alignnone wp-image-5353 size-full\" src=\"https:\/\/isopllc.com\/de\/wp-content\/uploads\/sites\/3\/2024\/08\/2-step-3.jpg\" alt=\"2-Stufen Klappleiter Aluminium\" width=\"300\" height=\"300\" title=\"\" srcset=\"https:\/\/isopllc.com\/de\/wp-content\/uploads\/sites\/3\/2024\/08\/2-step-3.jpg 300w, https:\/\/isopllc.com\/de\/wp-content\/uploads\/sites\/3\/2024\/08\/2-step-3-150x150.jpg 150w, https:\/\/isopllc.com\/de\/wp-content\/uploads\/sites\/3\/2024\/08\/2-step-3-100x100.jpg 100w\" sizes=\"auto, (max-width: 300px) 100vw, 300px\" \/><\/p>\n<p>Die 2-Stufen Klappleiter Aluminium ist die ultimative L\u00f6sung f\u00fcr all Ihre t\u00e4glichen Aufgaben, die zus\u00e4tzliche H\u00f6he erfordern. Egal, ob Sie ein hohes Regal erreichen, ein Bild aufh\u00e4ngen, schwer zug\u00e4ngliche Stellen reinigen oder kleinere Reparaturen durchf\u00fchren m\u00fcssen, diese Stufenleiter vereint Funktionalit\u00e4t, Sicherheit und Komfort in einem eleganten Design. Perfekt f\u00fcr den Einsatz im Haushalt, in der Garage oder im B\u00fcro &#8211; diese Leiter ist ein vielseitiges und unentbehrliches Hilfsmittel f\u00fcr Ihr Zuhause oder Ihren Arbeitsbereich.<\/p>\n<h3>Elegantes und praktisches Design<\/h3>\n<p>Diese wei\u00dfe Aluminium-Klappleiter wurde mit Blick auf Einfachheit und Eleganz entworfen. Ihr klares und minimalistisches Design f\u00fcgt sich nahtlos in jede Haus- oder B\u00fcroeinrichtung ein und sorgt daf\u00fcr, dass sie auch dann nicht fehl am Platz wirkt, wenn sie in der \u00d6ffentlichkeit steht. Dank ihrer kompakten und faltbaren Struktur l\u00e4sst sie sich leicht verstauen und transportieren, ohne wertvollen Platz zu beanspruchen.<\/p>\n<\/div>\n<\/div>\n<\/div>\n<\/div>\n<\/div>\n<div class=\"celwidget aplus-module module-2 aplus-standard\" data-csa-c-id=\"czdp8c-vpt42n-ub22e6-8qlfjz\" data-cel-widget=\"aplus-module-2\">\n<div class=\"a-expander-collapsed-height a-row a-expander-container a-expander-partial-collapse-container\" aria-live=\"polite\" data-a-expander-name=\"aplus-module-expander\" data-a-expander-collapsed-height=\"700\">\n<div class=\"a-expander-content a-expander-partial-collapse-content\" aria-expanded=\"false\">\n<div class=\"aplus-module-wrapper apm-floatnone apm-fixed-width\">\n<div class=\"apm-sidemodule apm-spacing\">\n<p class=\"a-text-center\"><img loading=\"lazy\" decoding=\"async\" class=\"alignnone size-full wp-image-5355\" src=\"https:\/\/isopllc.com\/de\/wp-content\/uploads\/sites\/3\/2024\/08\/2-step-1.jpg\" alt=\"step ladder\" width=\"300\" height=\"300\" title=\"\" srcset=\"https:\/\/isopllc.com\/de\/wp-content\/uploads\/sites\/3\/2024\/08\/2-step-1.jpg 300w, https:\/\/isopllc.com\/de\/wp-content\/uploads\/sites\/3\/2024\/08\/2-step-1-150x150.jpg 150w, https:\/\/isopllc.com\/de\/wp-content\/uploads\/sites\/3\/2024\/08\/2-step-1-100x100.jpg 100w\" sizes=\"auto, (max-width: 300px) 100vw, 300px\" \/><\/p>\n<p>&nbsp;<\/p>\n<h3>Anti-Rutsch-Stufen f\u00fcr maximale Sicherheit<\/h3>\n<p>Sicherheit hat oberste Priorit\u00e4t, und diese Leiter ist so konzipiert, dass Sie bei der Benutzung sicher sind. Die rutschfesten Stufen bieten hervorragenden Halt und verringern das Risiko von Ausrutschern und St\u00fcrzen. Die Stufen sind breit und robust und bieten hervorragende Stabilit\u00e4t beim Klettern oder Stehen.<\/p>\n<p>Sicherheitsmerkmale umfassen:<\/p>\n<ul>\n<li><strong>Anti-Rutsch-Stufen: <\/strong>Jede Stufe ist mit einer rutschfesten Oberfl\u00e4che ausgestattet, die f\u00fcr maximale Traktion sorgt.<\/li>\n<li><strong>Stabile Basis:<\/strong> Ausgestattet mit gummierten F\u00fc\u00dfen, um sicherzustellen, dass die Leiter auch auf glatten Oberfl\u00e4chen wie Fliesen oder Hartholz standfest bleibt.<\/li>\n<li><strong>Ergonomisches Design: <\/strong>Dank der glatten Kanten und der sicheren Konstruktion ist die Leiter auch f\u00fcr Anf\u00e4nger sicher zu handhaben und zu benutzen.<\/li>\n<\/ul>\n<p>Bei der Konstruktion dieser Leiter wurde sowohl auf Funktionalit\u00e4t als auch auf Sicherheit geachtet, so dass sie von Menschen aller Altersgruppen sicher benutzt werden kann.<\/p>\n<p>Ganz gleich, ob Sie an einem Heimwerkerprojekt arbeiten, putzen oder organisieren, diese 2-Stufen Klappleiter Aluminium ist Ihr bevorzugtes Werkzeug. Dank ihrer kompakten Gr\u00f6\u00dfe eignet sie sich perfekt f\u00fcr Innenr\u00e4ume, wie K\u00fcchen, Wohnzimmer, Garagen und B\u00fcros. Sie ist hoch genug, um Standardschr\u00e4nke, Regale und Deckenbefestigungen zu erreichen, und gleichzeitig kompakt genug, um sie bei Nichtgebrauch einfach zu verstauen.<\/p>\n<p>Wo es verwendet werden kann:<\/p>\n<ul>\n<li><strong>F\u00fcr den Haushalt:<\/strong> Erreichen Sie m\u00fchelos obere Regale, wechseln Sie Gl\u00fchbirnen oder h\u00e4ngen Sie Dekorationen auf.<\/li>\n<li><strong>Garage:<\/strong> Ideal f\u00fcr den Zugang zu Lagerr\u00e4umen oder f\u00fcr kleinere Reparaturen.<\/li>\n<li><strong>B\u00fcro:<\/strong> Perfekt f\u00fcr die Organisation von Akten oder den Zugriff auf hohe Schr\u00e4nke in einer professionellen Umgebung.<\/li>\n<\/ul>\n<p>&nbsp;<\/p>\n<p class=\"a-text-center\"><img loading=\"lazy\" decoding=\"async\" class=\"alignnone size-full wp-image-5354\" src=\"https:\/\/isopllc.com\/de\/wp-content\/uploads\/sites\/3\/2024\/08\/2-step-2.jpg\" alt=\"step ladder\" width=\"300\" height=\"300\" title=\"\" srcset=\"https:\/\/isopllc.com\/de\/wp-content\/uploads\/sites\/3\/2024\/08\/2-step-2.jpg 300w, https:\/\/isopllc.com\/de\/wp-content\/uploads\/sites\/3\/2024\/08\/2-step-2-150x150.jpg 150w, https:\/\/isopllc.com\/de\/wp-content\/uploads\/sites\/3\/2024\/08\/2-step-2-100x100.jpg 100w\" sizes=\"auto, (max-width: 300px) 100vw, 300px\" \/><\/p>\n<p class=\"a-spacing-base\">Die robuste Konstruktion sorgt f\u00fcr Stabilit\u00e4t und Sicherheit, w\u00e4hrend Sie nach Artikeln auf hohen Regalen greifen, Gl\u00fchbirnen wechseln oder Haushaltsaufgaben erledigen. Diese Stehleiter ist f\u00fcr Komfort und Benutzerfreundlichkeit konzipiert, mit einem einfachen Faltmechanismus, der eine schnelle und einfache Montage und Demontage erm\u00f6glicht. Die kompakte Gr\u00f6\u00dfe macht sie ideal f\u00fcr kleine R\u00e4ume und eine einfache Lagerung, wenn sie nicht verwendet wird.<\/p>\n<p>&nbsp;<\/p>\n<p class=\"a-text-center\"><img loading=\"lazy\" decoding=\"async\" class=\"alignnone wp-image-5356\" src=\"https:\/\/isopllc.com\/de\/wp-content\/uploads\/sites\/3\/2024\/08\/2-step-4.jpg\" alt=\"Aluminium-Klappleiter \" width=\"297\" height=\"258\" title=\"\" srcset=\"https:\/\/isopllc.com\/de\/wp-content\/uploads\/sites\/3\/2024\/08\/2-step-4.jpg 1194w, https:\/\/isopllc.com\/de\/wp-content\/uploads\/sites\/3\/2024\/08\/2-step-4-768x669.jpg 768w, https:\/\/isopllc.com\/de\/wp-content\/uploads\/sites\/3\/2024\/08\/2-step-4-1000x871.jpg 1000w, https:\/\/isopllc.com\/de\/wp-content\/uploads\/sites\/3\/2024\/08\/2-step-4-416x362.jpg 416w\" sizes=\"auto, (max-width: 297px) 100vw, 297px\" \/><\/p>\n<h3>Warum sollten Sie sich f\u00fcr diese 2-Stufen Klappleiter Aluminium entscheiden?<\/h3>\n<ol>\n<li><strong>Sicherheit geht vor: <\/strong>Rutschfeste Stufen, ein stabiler Sockel und eine robuste Konstruktion sorgen jederzeit f\u00fcr ein sicheres Erlebnis.<\/li>\n<li><strong>Langlebig und leicht: <\/strong>Die hochwertige Aluminiumkonstruktion sorgt f\u00fcr Stabilit\u00e4t ohne zus\u00e4tzliches Gewicht.<\/li>\n<li><strong>Kompakt und faltbar: <\/strong>Sparen Sie wertvollen Stauraum und tragen Sie ihn einfach dorthin, wo Sie ihn brauchen.<\/li>\n<li><strong>Vielseitig einsetzbar: <\/strong>Perfekt f\u00fcr eine breite Palette von Anwendungen im Haushalt, in der Garage oder im B\u00fcro.<\/li>\n<li><strong>Elegantes Design:<\/strong> Ein sauberes und modernes wei\u00dfes Finish passt zu jeder Umgebung.<\/li>\n<\/ol>\n<h3>Investieren Sie in ein zuverl\u00e4ssiges Werkzeug f\u00fcr den Alltag<\/h3>\n<p>Die 2-Stufen Klappleiter Aluminium ist mehr als nur eine Leiter &#8211; sie ist ein zuverl\u00e4ssiger Partner f\u00fcr Ihre t\u00e4glichen Aufgaben. Egal, ob Sie Heimwerkerprojekte in Angriff nehmen, hohe R\u00e4ume reinigen oder Ihr B\u00fcro organisieren, diese Leiter bietet die perfekte Balance aus Stil, Sicherheit und Funktionalit\u00e4t.<\/p>\n<p>Auch in <a href=\"https:\/\/isopllc.com\/de\/product\/3-stufenleiter-weiss-aluminium-trittleiter\/\"><strong>3-Stufen<\/strong><\/a> erh\u00e4ltlich.<\/p>\n<\/div>\n<\/div>\n<\/div>\n<\/div>\n<\/div>\n","protected":false},"excerpt":{"rendered":"<p class=\"a-spacing-small\" style=\"text-align: center\">ISOP 2-Stufen Klappleiter Aluminium | Wei\u00dfe faltbare Stehleiter zwei Stufen | Rutschsichere Stufen | Langlebig, leicht &amp; kompakt | Stehleiter f\u00fcr Haushalt | Garage oder B\u00fcro<\/p>\n<p style=\"text-align: center\"><span class=\"JLqJ4b ChMk0b\" data-language-for-alternatives=\"de\" data-language-to-translate-into=\"en\" data-phrase-index=\"4\" data-number-of-phrases=\"5\"><span class=\"Q4iAWc\">KOSTENLOSE LIEFERUNG INNERHALB VON 3-7 TAGEN<\/span><\/span><\/p>\n<p>&nbsp;<\/p>\n<p>&nbsp;<\/p>\n<p>&nbsp;<\/p>\n","protected":false},"featured_media":5356,"comment_status":"open","ping_status":"closed","template":"","meta":[],"product_brand":[],"product_cat":[444],"product_tag":[434,435,436,437],"class_list":{"0":"post-5352","1":"product","2":"type-product","3":"status-publish","4":"has-post-thumbnail","6":"product_cat-trittleitern","7":"product_tag-2-stufige-klappleiter","8":"product_tag-2-stufiger-ultra-flacher-aluminium-tritt","9":"product_tag-aluminium-2-stufen-leiter","10":"product_tag-zweistufige-leiter","12":"first","13":"instock","14":"shipping-taxable","15":"purchasable","16":"product-type-simple"},"_links":{"self":[{"href":"https:\/\/isopllc.com\/de\/wp-json\/wp\/v2\/product\/5352","targetHints":{"allow":["GET"]}}],"collection":[{"href":"https:\/\/isopllc.com\/de\/wp-json\/wp\/v2\/product"}],"about":[{"href":"https:\/\/isopllc.com\/de\/wp-json\/wp\/v2\/types\/product"}],"replies":[{"embeddable":true,"href":"https:\/\/isopllc.com\/de\/wp-json\/wp\/v2\/comments?post=5352"}],"wp:featuredmedia":[{"embeddable":true,"href":"https:\/\/isopllc.com\/de\/wp-json\/wp\/v2\/media\/5356"}],"wp:attachment":[{"href":"https:\/\/isopllc.com\/de\/wp-json\/wp\/v2\/media?parent=5352"}],"wp:term":[{"taxonomy":"product_brand","embeddable":true,"href":"https:\/\/isopllc.com\/de\/wp-json\/wp\/v2\/product_brand?post=5352"},{"taxonomy":"product_cat","embeddable":true,"href":"https:\/\/isopllc.com\/de\/wp-json\/wp\/v2\/product_cat?post=5352"},{"taxonomy":"product_tag","embeddable":true,"href":"https:\/\/isopllc.com\/de\/wp-json\/wp\/v2\/product_tag?post=5352"}],"curies":[{"name":"wp","href":"https:\/\/api.w.org\/{rel}","templated":true}]}}