{"id":5380,"date":"2024-08-06T12:37:45","date_gmt":"2024-08-06T12:37:45","guid":{"rendered":"https:\/\/isopllc.com\/de\/?post_type=product&#038;p=5380"},"modified":"2025-11-16T15:34:53","modified_gmt":"2025-11-16T15:34:53","slug":"feuerloescher-kunststoffbox-gross-fuer-5-kg","status":"publish","type":"product","link":"https:\/\/isopllc.com\/de\/product\/feuerloescher-kunststoffbox-gross-fuer-5-kg\/","title":{"rendered":"Feuerl\u00f6scher Kunststoffbox Gro\u00df f\u00fcr 5 kg &#8211; L\u00f6scherschrank"},"content":{"rendered":"<h1 id=\"title\" class=\"a-size-large a-spacing-none\">Feuerl\u00f6scher Kunststoffbox Gro\u00df f\u00fcr 5 kg &#8211; Feuerl\u00f6scherschrank Innen\/Au\u00dfen &#8211; Feuerl\u00f6scherschrank Wandmontage &#8211; Feuerl\u00f6scher Montage<\/h1>\n<div class=\"celwidget aplus-module premium-module-4-two-column-images aplus-premium\">\n<div class=\"a-section a-spacing-none premium-aplus premium-aplus-module-4\">\n<div class=\"a-section a-spacing-none premium-aplus-two-column\">\n<div class=\"a-section a-spacing-none premium-aplus-column\"><\/div>\n<\/div>\n<\/div>\n<\/div>\n<div class=\"celwidget aplus-module premium-module-4-two-column-images aplus-premium\" data-csa-c-id=\"15yl7x-eio1n0-m9lh6n-socwzs\" data-cel-widget=\"aplus-premium-module-4-two-column-images\">\n<div class=\"a-section a-spacing-none premium-aplus premium-aplus-module-4 aplus-container-1\">\n<div class=\"a-section a-spacing-none premium-aplus-two-column\">\n<div class=\"a-section a-spacing-none premium-aplus-column\">\n<div class=\"a-section a-spacing-none column-description\">\n<div class=\"celwidget aplus-module module-9 aplus-standard\">\n<div class=\"aplus-module-wrapper\">\n<div class=\"\">\n<p class=\"a-text-center\"><img loading=\"lazy\" decoding=\"async\" class=\"alignnone wp-image-5389 size-full\" src=\"https:\/\/isopllc.com\/de\/wp-content\/uploads\/sites\/3\/2024\/08\/pvs-M-size-1.jpg\" alt=\"Feuerl\u00f6scher-Kabinet\" width=\"300\" height=\"300\" title=\"\" srcset=\"https:\/\/isopllc.com\/de\/wp-content\/uploads\/sites\/3\/2024\/08\/pvs-M-size-1.jpg 300w, https:\/\/isopllc.com\/de\/wp-content\/uploads\/sites\/3\/2024\/08\/pvs-M-size-1-150x150.jpg 150w, https:\/\/isopllc.com\/de\/wp-content\/uploads\/sites\/3\/2024\/08\/pvs-M-size-1-100x100.jpg 100w\" sizes=\"auto, (max-width: 300px) 100vw, 300px\" \/><\/p>\n<h4 class=\"a-spacing-mini\">Robuste Konstruktion<\/h4>\n<p class=\"a-spacing-base\">Hergestellt aus hochwertigem, schlagfestem Kunststoff, ist die ISOP PVC Feuerl\u00f6scher Kunststoffbox daf\u00fcr gemacht, herausfordernden Umgebungen standzuhalten. Ihr langlebiges Design sch\u00fctzt Ihren Feuerl\u00f6scher vor physischen Sch\u00e4den, rauen Wetterbedingungen und UV-Strahlung und sorgt daf\u00fcr, dass er \u00fcber die Zeit einsatzbereit und zuverl\u00e4ssig bleibt.<\/p>\n<p>&nbsp;<\/p>\n<p class=\"a-text-center\"><img loading=\"lazy\" decoding=\"async\" class=\"alignnone size-full wp-image-5381\" src=\"https:\/\/isopllc.com\/de\/wp-content\/uploads\/sites\/3\/2024\/08\/pvs-L-size-2.jpg\" alt=\"Feuerl\u00f6scher Kunststoffbox\" width=\"300\" height=\"300\" title=\"\" srcset=\"https:\/\/isopllc.com\/de\/wp-content\/uploads\/sites\/3\/2024\/08\/pvs-L-size-2.jpg 300w, https:\/\/isopllc.com\/de\/wp-content\/uploads\/sites\/3\/2024\/08\/pvs-L-size-2-150x150.jpg 150w, https:\/\/isopllc.com\/de\/wp-content\/uploads\/sites\/3\/2024\/08\/pvs-L-size-2-100x100.jpg 100w\" sizes=\"auto, (max-width: 300px) 100vw, 300px\" \/><\/p>\n<h4 class=\"a-spacing-mini\">Gro\u00dfe Kapazit\u00e4t<\/h4>\n<p class=\"a-spacing-base\">Entwickelt, um gr\u00f6\u00dfere Feuerl\u00f6scher mit 5 kg oder 10 lb zu passen, bietet dieser PVC Feuerl\u00f6scher Kunststoffbox gen\u00fcgend Platz f\u00fcr eine Vielzahl von Feuerl\u00f6scher-Modellen und -Typen. Die gro\u00dfz\u00fcgige Kapazit\u00e4t garantiert breite Anwendbarkeit und Eignung f\u00fcr unterschiedliche Sicherheitsbed\u00fcrfnisse.<\/p>\n<p>&nbsp;<\/p>\n<p class=\"a-text-center\"><img loading=\"lazy\" decoding=\"async\" class=\"alignnone wp-image-5387 size-full\" src=\"https:\/\/isopllc.com\/de\/wp-content\/uploads\/sites\/3\/2024\/08\/pvs-M-size-3.jpg\" alt=\"PVC Feuerl\u00f6scher-Kabinet\" width=\"300\" height=\"300\" title=\"\" srcset=\"https:\/\/isopllc.com\/de\/wp-content\/uploads\/sites\/3\/2024\/08\/pvs-M-size-3.jpg 300w, https:\/\/isopllc.com\/de\/wp-content\/uploads\/sites\/3\/2024\/08\/pvs-M-size-3-150x150.jpg 150w, https:\/\/isopllc.com\/de\/wp-content\/uploads\/sites\/3\/2024\/08\/pvs-M-size-3-100x100.jpg 100w\" sizes=\"auto, (max-width: 300px) 100vw, 300px\" \/><\/p>\n<h4 class=\"a-spacing-mini\">M\u00fchelose Installation<\/h4>\n<p class=\"a-spacing-base\">Der PVC Feuerl\u00f6scher-Kabinet verf\u00fcgt \u00fcber vorgebohrte Montagel\u00f6cher f\u00fcr eine einfache und sichere Wandmontage. Der unkomplizierte Installationsprozess stellt sicher, dass Ihr Feuerl\u00f6scher immer an einem optimalen Standort ist, bereit f\u00fcr den sofortigen Zugriff im Notfall.<\/p>\n<p>&nbsp;<\/p>\n<\/div>\n<\/div>\n<\/div>\n<div class=\"celwidget aplus-module module-9 aplus-standard\">\n<div class=\"aplus-module-wrapper\">\n<div class=\"\">\n<p class=\"a-text-center\"><img loading=\"lazy\" decoding=\"async\" class=\"alignnone size-full wp-image-5386\" src=\"https:\/\/isopllc.com\/de\/wp-content\/uploads\/sites\/3\/2024\/08\/pvs-M-size-4.jpg\" alt=\"Feuerl\u00f6scher Kunststoffbox\" width=\"300\" height=\"300\" title=\"\" srcset=\"https:\/\/isopllc.com\/de\/wp-content\/uploads\/sites\/3\/2024\/08\/pvs-M-size-4.jpg 300w, https:\/\/isopllc.com\/de\/wp-content\/uploads\/sites\/3\/2024\/08\/pvs-M-size-4-150x150.jpg 150w, https:\/\/isopllc.com\/de\/wp-content\/uploads\/sites\/3\/2024\/08\/pvs-M-size-4-100x100.jpg 100w\" sizes=\"auto, (max-width: 300px) 100vw, 300px\" \/><\/p>\n<h4 class=\"a-spacing-mini\">Sicher und Zug\u00e4nglich<\/h4>\n<p class=\"a-spacing-base\">Der ISOP PVC Feuerl\u00f6scher-Kabinet ist mit einem robusten Schlossmechanismus ausgestattet, der den Feuerl\u00f6scher fest an seinem Platz h\u00e4lt, um ein versehentliches Verrutschen zu verhindern, w\u00e4hrend er gleichzeitig schnellen und einfachen Zugriff erm\u00f6glicht, wenn n\u00f6tig. Dieses Merkmal sorgt daf\u00fcr, dass der L\u00f6scher sowohl sicher als auch zug\u00e4nglich ist, was die Gesamtsicherheit erh\u00f6ht.<\/p>\n<p>&nbsp;<\/p>\n<p class=\"a-text-center\"><img loading=\"lazy\" decoding=\"async\" class=\"alignnone wp-image-5385 size-full\" src=\"https:\/\/isopllc.com\/de\/wp-content\/uploads\/sites\/3\/2024\/08\/pvs-M-size-5.jpg\" alt=\"Feuerl\u00f6scher-Kabinet\" width=\"300\" height=\"300\" title=\"\" srcset=\"https:\/\/isopllc.com\/de\/wp-content\/uploads\/sites\/3\/2024\/08\/pvs-M-size-5.jpg 300w, https:\/\/isopllc.com\/de\/wp-content\/uploads\/sites\/3\/2024\/08\/pvs-M-size-5-150x150.jpg 150w, https:\/\/isopllc.com\/de\/wp-content\/uploads\/sites\/3\/2024\/08\/pvs-M-size-5-100x100.jpg 100w\" sizes=\"auto, (max-width: 300px) 100vw, 300px\" \/><\/p>\n<h4 class=\"a-spacing-mini\">Klarer Sichtfenster<\/h4>\n<p class=\"a-spacing-base\">Ein transparentes, splitterfreies Sichtfenster erm\u00f6glicht schnelle visuelle Pr\u00fcfungen des Status des Feuerl\u00f6schers, ohne die PVC Feuerl\u00f6scherkabine \u00f6ffnen zu m\u00fcssen. Dieses praktische Merkmal erlaubt routinem\u00e4\u00dfige Kontrollen und gew\u00e4hrleistet, dass der L\u00f6scher immer einsatzbereit ist.<\/p>\n<p>&nbsp;<\/p>\n<p class=\"a-text-center\"><img loading=\"lazy\" decoding=\"async\" class=\"alignnone wp-image-5384 size-full\" src=\"https:\/\/isopllc.com\/de\/wp-content\/uploads\/sites\/3\/2024\/08\/pvs-M-size-6.jpg\" alt=\"Feuerl\u00f6scherkabine\" width=\"300\" height=\"300\" title=\"\" srcset=\"https:\/\/isopllc.com\/de\/wp-content\/uploads\/sites\/3\/2024\/08\/pvs-M-size-6.jpg 300w, https:\/\/isopllc.com\/de\/wp-content\/uploads\/sites\/3\/2024\/08\/pvs-M-size-6-150x150.jpg 150w, https:\/\/isopllc.com\/de\/wp-content\/uploads\/sites\/3\/2024\/08\/pvs-M-size-6-100x100.jpg 100w\" sizes=\"auto, (max-width: 300px) 100vw, 300px\" \/><\/p>\n<h4 class=\"a-spacing-mini\">Wetterfest<\/h4>\n<p class=\"a-spacing-base\">Ideal f\u00fcr Au\u00dfenumgebungen, ist der PVC Feuerl\u00f6scher-Kabinet so konzipiert, dass er Ihren Feuerl\u00f6scher vor Regen, Staub und UV-Strahlen sch\u00fctzt. Seine wetterfesten Eigenschaften sorgen daf\u00fcr, dass der L\u00f6scher unabh\u00e4ngig von \u00e4u\u00dferen Einfl\u00fcssen in optimalem Zustand bleibt.<\/p>\n<p>Die Begriffe <strong>Feuerl\u00f6scherschrank<\/strong>, <strong>L\u00f6scherschrank<\/strong> und <strong>Brandschutzschrank<\/strong> werden im Deutschen h\u00e4ufig synonym verwendet, um Schr\u00e4nke zur Aufbewahrung von Feuerl\u00f6schern zu beschreiben. Hier sind einige ihrer Hauptmerkmale:<\/p>\n<ul>\n<li><strong>Feuerl\u00f6scherschrank<\/strong>:\n<ul>\n<li>Speziell entwickelt f\u00fcr die sichere Unterbringung von Feuerl\u00f6schern verschiedener Gr\u00f6\u00dfen.<\/li>\n<li>Sch\u00fctzt den Inhalt vor Schmutz, Feuchtigkeit und unbefugtem Zugriff.<\/li>\n<li>Oft aus robustem Stahlblech gefertigt und mit einem Zylinderschloss sowie einem Hinweisschild ausgestattet.<\/li>\n<\/ul>\n<\/li>\n<li><strong>L\u00f6scherschrank<\/strong>:\n<ul>\n<li>Dient der Aufbewahrung von Feuerl\u00f6schern und manchmal zus\u00e4tzlicher L\u00f6schger\u00e4te.<\/li>\n<li>Kann f\u00fcr unterschiedliche L\u00f6schmittel wie Pulver-, Wasser- oder Schauml\u00f6scher ausgelegt sein.<\/li>\n<li>Erh\u00e4ltlich in verschiedenen Ausf\u00fchrungen, einschlie\u00dflich Unterputz- und Aufputzvarianten.<\/li>\n<\/ul>\n<\/li>\n<li><strong>Brandschutzschrank<\/strong>:\n<ul>\n<li>Allgemeiner Begriff f\u00fcr Schr\u00e4nke, die dem Brandschutz dienen, einschlie\u00dflich der Lagerung von feuergef\u00e4hrlichen Stoffen.<\/li>\n<li>Bietet oft einen erh\u00f6hten Feuerwiderstand und kann zur sicheren Aufbewahrung von Gefahrstoffen verwendet werden.<\/li>\n<\/ul>\n<\/li>\n<\/ul>\n<p>Ebenfalls erh\u00e4ltlich in\u00a0 <a href=\"https:\/\/isopllc.com\/de\/product\/feuerloescherschrank-aus-kunststoff-klein\/\"><strong>kleiner<\/strong> <\/a>Gr\u00f6\u00dfe.<\/p>\n<\/div>\n<\/div>\n<\/div>\n<\/div>\n<\/div>\n<\/div>\n<\/div>\n<\/div>\n","protected":false},"excerpt":{"rendered":"[embed]https:\/\/www.youtube.com\/watch?v=trEfFJ3G0y8[\/embed]\n[embed]https:\/\/www.youtube.com\/shorts\/_Zq_WWXati8[\/embed]\n<p id=\"title\" class=\"a-size-large a-spacing-none\" style=\"text-align: center\">ISOP Feuerl\u00f6scher Kunststoffbox Gro\u00df f\u00fcr 5 kg &#8211; Feuerl\u00f6scherschrank Innen\/Au\u00dfen &#8211; Feuerl\u00f6scherschrank Wandmontage &#8211; Feuerl\u00f6schermontage<\/p>\n<p style=\"text-align: center\">KOSTENLOSE LIEFERUNG INNERHALB VON 3-7 TAGEN<\/p>\n<p>&nbsp;<\/p>\n","protected":false},"featured_media":5382,"comment_status":"open","ping_status":"closed","template":"","meta":[],"product_brand":[],"product_cat":[442,447],"product_tag":[321],"class_list":{"0":"post-5380","1":"product","2":"type-product","3":"status-publish","4":"has-post-thumbnail","6":"product_cat-feuerloescher-halterungen","7":"product_cat-zubehoer-fuer-feuerleitern","8":"product_tag-feuerloescherschrank","10":"first","11":"instock","12":"shipping-taxable","13":"purchasable","14":"product-type-simple"},"_links":{"self":[{"href":"https:\/\/isopllc.com\/de\/wp-json\/wp\/v2\/product\/5380","targetHints":{"allow":["GET"]}}],"collection":[{"href":"https:\/\/isopllc.com\/de\/wp-json\/wp\/v2\/product"}],"about":[{"href":"https:\/\/isopllc.com\/de\/wp-json\/wp\/v2\/types\/product"}],"replies":[{"embeddable":true,"href":"https:\/\/isopllc.com\/de\/wp-json\/wp\/v2\/comments?post=5380"}],"wp:featuredmedia":[{"embeddable":true,"href":"https:\/\/isopllc.com\/de\/wp-json\/wp\/v2\/media\/5382"}],"wp:attachment":[{"href":"https:\/\/isopllc.com\/de\/wp-json\/wp\/v2\/media?parent=5380"}],"wp:term":[{"taxonomy":"product_brand","embeddable":true,"href":"https:\/\/isopllc.com\/de\/wp-json\/wp\/v2\/product_brand?post=5380"},{"taxonomy":"product_cat","embeddable":true,"href":"https:\/\/isopllc.com\/de\/wp-json\/wp\/v2\/product_cat?post=5380"},{"taxonomy":"product_tag","embeddable":true,"href":"https:\/\/isopllc.com\/de\/wp-json\/wp\/v2\/product_tag?post=5380"}],"curies":[{"name":"wp","href":"https:\/\/api.w.org\/{rel}","templated":true}]}}