{"id":5453,"date":"2024-12-23T07:20:47","date_gmt":"2024-12-23T07:20:47","guid":{"rendered":"https:\/\/isopllc.com\/de\/?post_type=product&#038;p=5453"},"modified":"2025-06-25T16:38:56","modified_gmt":"2025-06-25T16:38:56","slug":"feuerleiter-6-stockwerke-15-m","status":"publish","type":"product","link":"https:\/\/isopllc.com\/de\/product\/feuerleiter-6-stockwerke-15-m\/","title":{"rendered":"Feuerleiter 6 Stockwerke 15 m &#8211; Rettungsleiter f\u00fcr 6. Stockwerk"},"content":{"rendered":"<div class=\"celwidget aplus-module module-4 aplus-standard\" data-csa-c-id=\"6mnb1z-9dwrl2-ic24uv-jd1phn\" data-cel-widget=\"aplus-module-4\">\n<div class=\"a-expander-collapsed-height a-row a-expander-container a-expander-partial-collapse-container\" aria-live=\"polite\" data-a-expander-name=\"aplus-module-expander\" data-a-expander-collapsed-height=\"700\">\n<div class=\"a-expander-content a-expander-partial-collapse-content\" aria-expanded=\"false\">\n<div class=\"aplus-module-wrapper apm-fixed-width\">\n<div class=\"apm-spacing\">\n<div class=\"apm-floatleft apm-fixed-width\">\n<div id=\"title_feature_div\" class=\"celwidget\" data-feature-name=\"title\" data-csa-c-id=\"m5t5xw-wzxd1-od319-pyb58o\" data-cel-widget=\"title_feature_div\">\n<div id=\"titleSection\" class=\"a-section a-spacing-none\">\n<div id=\"title_feature_div\" class=\"celwidget\" data-feature-name=\"title\" data-csa-c-id=\"m5t5xw-wzxd1-od319-pyb58o\" data-cel-widget=\"title_feature_div\">\n<div id=\"titleSection\" class=\"a-section a-spacing-none\">\n<div class=\"celwidget aplus-module module-4 aplus-standard\" data-csa-c-id=\"6mnb1z-9dwrl2-ic24uv-jd1phn\" data-cel-widget=\"aplus-module-4\">\n<div class=\"a-expander-collapsed-height a-row a-expander-container a-expander-partial-collapse-container\" aria-live=\"polite\" data-a-expander-name=\"aplus-module-expander\" data-a-expander-collapsed-height=\"700\">\n<div class=\"a-expander-content a-expander-partial-collapse-content\" aria-expanded=\"false\">\n<div class=\"aplus-module-wrapper apm-fixed-width\">\n<div class=\"apm-spacing\">\n<div class=\"apm-floatleft apm-fixed-width\">\n<div>\n<h2 id=\"title\" class=\"a-size-large a-spacing-none\"><span id=\"productTitle\" class=\"a-size-large product-title-word-break\">Feuerleiter 6 Stockwerke 15 m | Rettungsleiter f\u00fcr 6. Stockwerk Sicherheitsseil Leiter Multifunktional und Wetterbest\u00e4ndig | Gurtleiter mit Federhaken | Leicht, Kompakt und Tragbar<\/span><\/h2>\n<\/div>\n<div>\n<div class=\"celwidget aplus-module module-4 aplus-standard\" data-csa-c-id=\"whszte-d1ne31-4utxm0-wdtd3p\" data-cel-widget=\"aplus-module-4\">\n<div class=\"a-expander-collapsed-height a-row a-expander-container a-expander-partial-collapse-container\" aria-live=\"polite\" data-a-expander-name=\"aplus-module-expander\" data-a-expander-collapsed-height=\"700\">\n<div class=\"a-expander-content a-expander-partial-collapse-content\" aria-expanded=\"false\">\n<div class=\"aplus-module-wrapper apm-fixed-width\">\n<div class=\"apm-spacing\">\n<div class=\"apm-floatleft apm-fixed-width\">\n<h3 class=\"a-spacing-small\">12 Gr\u00fcnde, warum Sie uns w\u00e4hlen sollten<\/h3>\n<p><img loading=\"lazy\" decoding=\"async\" class=\"\" src=\"https:\/\/m.media-amazon.com\/images\/S\/aplus-media\/sc\/0484a226-8be6-4965-8b8a-062de5498c97.__CR0,0,600,600_PT0_SX220_V1___.jpg\" alt=\"Leicht\" width=\"300\" height=\"300\" data-src=\"https:\/\/m.media-amazon.com\/images\/S\/aplus-media\/sc\/0484a226-8be6-4965-8b8a-062de5498c97.__CR0,0,600,600_PT0_SX220_V1___.jpg\" data- title=\"\"><\/p>\n<h4 class=\"a-spacing-mini\">Leicht<\/h4>\n<p class=\"a-size-small\">Dies ist die leichteste Leiter auf dem Markt. Das Gewicht einer 3 m Leiter betr\u00e4gt nur 2,4 lb \/ 1 kg.<\/p>\n<p><img loading=\"lazy\" decoding=\"async\" class=\"\" src=\"https:\/\/m.media-amazon.com\/images\/S\/aplus-media\/sc\/74a6e3c1-c8e9-4370-82e8-2ece837c08f7.__CR0,0,1000,1000_PT0_SX220_V1___.jpg\" alt=\"Stark und stabil\" width=\"300\" height=\"300\" data-src=\"https:\/\/m.media-amazon.com\/images\/S\/aplus-media\/sc\/74a6e3c1-c8e9-4370-82e8-2ece837c08f7.__CR0,0,1000,1000_PT0_SX220_V1___.jpg\" data- title=\"\"><\/p>\n<h4 class=\"a-spacing-mini\">Stark und stabil<\/h4>\n<p class=\"a-size-small\">Einer der gro\u00dfen Vorteile unserer Rettungsgurtleiter ist, dass die Hauptgurte aus Nylon von unten nach oben einst\u00fcckig sind und nicht aus vern\u00e4hten Teilen wie z.\u00a0Und auch die f\u00fcr die Sprossen verwendeten Materialien wie Fiberglas und Basaltfaser machen diese Gurtleiter viel stabiler als Einweg-Aluminiumleitern.<\/p>\n<p><img loading=\"lazy\" decoding=\"async\" class=\"\" src=\"https:\/\/m.media-amazon.com\/images\/S\/aplus-media\/sc\/a31e0885-9da9-4fe2-a571-e1558cab0393.__CR0,0,600,600_PT0_SX220_V1___.jpg\" alt=\"Verwicklung frei\" width=\"300\" height=\"300\" data-src=\"https:\/\/m.media-amazon.com\/images\/S\/aplus-media\/sc\/a31e0885-9da9-4fe2-a571-e1558cab0393.__CR0,0,600,600_PT0_SX220_V1___.jpg\" data- title=\"\"><\/p>\n<h4 class=\"a-spacing-mini\">Verwicklung frei<\/h4>\n<p class=\"a-size-small\">Unsere Gurtbandleitern lassen sich nach Gebrauch einfach wieder in die Aufbewahrungstasche verstauen.<\/p>\n<p class=\"a-size-small\">Kein Verheddern bei der Montage.<\/p>\n<div class=\"apm-spacing\"><img loading=\"lazy\" decoding=\"async\" class=\"alignnone wp-image-5442\" src=\"https:\/\/isopllc.com\/de\/wp-content\/uploads\/sites\/3\/2021\/07\/Black-ladder-dimencions.jpg\" alt=\"Fluchtleiter\" width=\"296\" height=\"296\" title=\"\" srcset=\"https:\/\/isopllc.com\/de\/wp-content\/uploads\/sites\/3\/2021\/07\/Black-ladder-dimencions.jpg 800w, https:\/\/isopllc.com\/de\/wp-content\/uploads\/sites\/3\/2021\/07\/Black-ladder-dimencions-150x150.jpg 150w, https:\/\/isopllc.com\/de\/wp-content\/uploads\/sites\/3\/2021\/07\/Black-ladder-dimencions-768x768.jpg 768w, https:\/\/isopllc.com\/de\/wp-content\/uploads\/sites\/3\/2021\/07\/Black-ladder-dimencions-416x416.jpg 416w, https:\/\/isopllc.com\/de\/wp-content\/uploads\/sites\/3\/2021\/07\/Black-ladder-dimencions-100x100.jpg 100w\" sizes=\"auto, (max-width: 296px) 100vw, 296px\" \/><\/div>\n<div><\/div>\n<\/div>\n<\/div>\n<\/div>\n<div>\n<h4 class=\"a-spacing-mini\">L\u00e4nge<\/h4>\n<p class=\"a-size-small\">Unsere Rettungsgurtleitern k\u00f6nnen f\u00fcr eine gr\u00f6\u00dfere L\u00e4nge miteinander verbunden werden.<\/p>\n<p><img loading=\"lazy\" decoding=\"async\" class=\"\" src=\"https:\/\/m.media-amazon.com\/images\/S\/aplus-media\/sc\/6625ab17-5247-415b-a353-7a0e3ca2bb1d.__CR0,0,1000,1000_PT0_SX220_V1___.jpg\" alt=\"Wetterresistent\" width=\"300\" height=\"300\" data-src=\"https:\/\/m.media-amazon.com\/images\/S\/aplus-media\/sc\/6625ab17-5247-415b-a353-7a0e3ca2bb1d.__CR0,0,1000,1000_PT0_SX220_V1___.jpg\" data- title=\"\"><\/p>\n<h4 class=\"a-spacing-mini\">Wetterresistent<\/h4>\n<p class=\"a-size-small\">Das Material selbst ist Polyester-Gurtband sowie professionelle UV-Nylon-gebundene F\u00e4den, die auch im Wasser Best\u00e4ndigkeit gegen jedes Wetter bieten.\u00a0Daher k\u00f6nnen sie als Bootsleiter oder Bootsleiter verwendet werden.\u00a0Geringe Feuchtigkeitsaufnahme, abriebfest, best\u00e4ndig gegen \u00d6lsch\u00e4den und viele Chemikalien, weich, schnelltrocknend.<\/p>\n<p><img loading=\"lazy\" decoding=\"async\" class=\"\" src=\"https:\/\/m.media-amazon.com\/images\/S\/aplus-media\/sc\/b1929708-9dad-44c2-a6ed-070474464c51.__CR0,0,1000,1000_PT0_SX220_V1___.jpg\" alt=\"Kompakt\" width=\"300\" height=\"300\" data-src=\"https:\/\/m.media-amazon.com\/images\/S\/aplus-media\/sc\/b1929708-9dad-44c2-a6ed-070474464c51.__CR0,0,1000,1000_PT0_SX220_V1___.jpg\" data- title=\"\"><\/p>\n<h4 class=\"a-spacing-mini\">Kompakt<\/h4>\n<p class=\"a-size-small\">Kompaktere Rettungsleiter k\u00f6nnen Sie sich nicht vorstellen. Die gesamte Leiter passt in Ihre Handfl\u00e4che. Sie nehmen nicht viel Platz ein, k\u00f6nnen \u00fcberall verstaut werden, z. B. unter dem Bett im Schlafzimmer, auf dem Balkon und auf dem Dach.<\/p>\n<p><img loading=\"lazy\" decoding=\"async\" class=\"\" src=\"https:\/\/m.media-amazon.com\/images\/S\/aplus-media\/sc\/91d8e70e-82c2-457c-9c48-019a2fbff56a.__CR1282,342,714,714_PT0_SX220_V1___.png\" alt=\"Multifunktionalit\u00e4t\" width=\"300\" height=\"300\" data-src=\"https:\/\/m.media-amazon.com\/images\/S\/aplus-media\/sc\/91d8e70e-82c2-457c-9c48-019a2fbff56a.__CR1282,342,714,714_PT0_SX220_V1___.png\" data- title=\"\"><\/p>\n<h4 class=\"a-spacing-mini\">Rutschfeste Sprossen<\/h4>\n<p class=\"a-size-small\">Gurtmaterial ist bekanntlich viel weniger rutschig als jedes andere harte Material wie Aluminium, Metall oder Kunststoff.<\/p>\n<p><img decoding=\"async\" class=\"\" src=\"https:\/\/m.media-amazon.com\/images\/S\/aplus-media-library-service-media\/bc97ce2b-ad5a-488d-ae16-2dc4054da697.__CR0,0,1906,1906_PT0_SX220_V1___.jpeg\" alt=\"Multi-purpose\" data-src=\"https:\/\/m.media-amazon.com\/images\/S\/aplus-media-library-service-media\/bc97ce2b-ad5a-488d-ae16-2dc4054da697.__CR0,0,1906,1906_PT0_SX220_V1___.jpeg\" data- title=\"\"><\/p>\n<\/div>\n<\/div>\n<\/div>\n<\/div>\n<div>\n<h4 class=\"a-spacing-mini\">Vielseitig einsetzbar<\/h4>\n<p>Die ISOP-Gurtbandleiter kann als Feuerleiter, f\u00fcr Notf\u00e4lle sowie f\u00fcr Kinder auf dem Spielplatz oder f\u00fcr ein Baumhaus verwendet werden. Sie ist eine gro\u00dfartige Leiter f\u00fcr Yachten, Schiffe und Boote. Superleicht, superstark; die Wasserbest\u00e4ndigkeit macht sie auf jedem Segelboot unersetzlich.<\/p>\n<p>Auch diese Rettungsleiter ist ideal f\u00fcr Brunnen oder H\u00f6hlen.<\/p>\n<p><img loading=\"lazy\" decoding=\"async\" class=\"\" src=\"https:\/\/m.media-amazon.com\/images\/S\/aplus-media\/sc\/0ce14b90-f644-4e71-9958-a603ab85be7a.__CR0,0,800,800_PT0_SX220_V1___.jpg\" alt=\"Karabiner\" width=\"300\" height=\"300\" data-src=\"https:\/\/m.media-amazon.com\/images\/S\/aplus-media\/sc\/0ce14b90-f644-4e71-9958-a603ab85be7a.__CR0,0,800,800_PT0_SX220_V1___.jpg\" data- title=\"\"><\/p>\n<h4 class=\"a-spacing-mini\">Karabiner<\/h4>\n<p class=\"a-size-small\">Professionelle 11kn verchromte Karabinerhaken im Lieferumfang enthalten.<\/p>\n<p><img loading=\"lazy\" decoding=\"async\" class=\"\" src=\"https:\/\/m.media-amazon.com\/images\/S\/aplus-media\/sc\/91fd5669-769f-4880-a4f6-2c1fa7823109.__CR130,0,720,720_PT0_SX220_V1___.png\" alt=\"Wasserdichte Tasche\" width=\"300\" height=\"300\" data-src=\"https:\/\/m.media-amazon.com\/images\/S\/aplus-media\/sc\/91fd5669-769f-4880-a4f6-2c1fa7823109.__CR130,0,720,720_PT0_SX220_V1___.png\" data- title=\"\"><\/p>\n<h4 class=\"a-spacing-mini\">Wasserdichte Tasche<\/h4>\n<p class=\"a-size-small\">Coole Designer Strandtasche ist im Set enthalten.<\/p>\n<p>Auch in <a href=\"https:\/\/isopllc.com\/de\/product\/rope-ladder-for-children-2-m-indoor-outdoor\/\"><strong>2m<\/strong><\/a>, <a href=\"https:\/\/isopllc.com\/de\/product\/verlaengerungsleiter-3-m\/\"><strong>3m<\/strong><\/a>, <a href=\"https:\/\/isopllc.com\/de\/product\/rettungsleiter-mit-kletterankern-5m\/\"><strong>5m<\/strong><\/a>, <a href=\"https:\/\/isopllc.com\/de\/product\/feuerleiter-3-stockwerke-7-5-m\/\"><strong>7.5m<\/strong><\/a> und <a href=\"https:\/\/isopllc.com\/de\/product\/wiederverwendbare-notleiter-4-stoeckig-10-m\/\"><strong>10 m<\/strong><\/a> erh\u00e4ltlich.<\/p>\n<\/div>\n<\/div>\n<\/div>\n<\/div>\n<\/div>\n<\/div>\n<\/div>\n<\/div>\n<\/div>\n<\/div>\n<\/div>\n<\/div>\n<\/div>\n<\/div>\n<\/div>\n<\/div>\n<\/div>\n<\/div>\n","protected":false},"excerpt":{"rendered":"[embed]https:\/\/youtu.be\/9aivkjUGbFY[\/embed]\n<p id=\"title\" class=\"a-size-large a-spacing-none\" style=\"text-align: center\"><span id=\"productTitle\" class=\"a-size-large product-title-word-break\">Feuerleiter 6 Stockwerke 15 m | Sicherheitsseilleiter Multifunktional und Wetterbest\u00e4ndig | Gurtleiter mit Federhaken | Leicht, Kompakt und Tragbar<\/span><\/p>\n<p style=\"text-align: center\"><span style=\"vertical-align: inherit\">KOSTENLOSE LIEFERUNG INNERHALB VON 3-7 TAGEN<\/span><\/p>\n<p>&nbsp;<\/p>\n","protected":false},"featured_media":5454,"comment_status":"open","ping_status":"closed","template":"","meta":[],"product_brand":[],"product_cat":[453],"product_tag":[238],"class_list":{"0":"post-5453","1":"product","2":"type-product","3":"status-publish","4":"has-post-thumbnail","6":"product_cat-rettungsleitern-4-stockwerke","7":"product_tag-feuerleiter","9":"first","10":"instock","11":"shipping-taxable","12":"purchasable","13":"product-type-simple"},"_links":{"self":[{"href":"https:\/\/isopllc.com\/de\/wp-json\/wp\/v2\/product\/5453","targetHints":{"allow":["GET"]}}],"collection":[{"href":"https:\/\/isopllc.com\/de\/wp-json\/wp\/v2\/product"}],"about":[{"href":"https:\/\/isopllc.com\/de\/wp-json\/wp\/v2\/types\/product"}],"replies":[{"embeddable":true,"href":"https:\/\/isopllc.com\/de\/wp-json\/wp\/v2\/comments?post=5453"}],"wp:featuredmedia":[{"embeddable":true,"href":"https:\/\/isopllc.com\/de\/wp-json\/wp\/v2\/media\/5454"}],"wp:attachment":[{"href":"https:\/\/isopllc.com\/de\/wp-json\/wp\/v2\/media?parent=5453"}],"wp:term":[{"taxonomy":"product_brand","embeddable":true,"href":"https:\/\/isopllc.com\/de\/wp-json\/wp\/v2\/product_brand?post=5453"},{"taxonomy":"product_cat","embeddable":true,"href":"https:\/\/isopllc.com\/de\/wp-json\/wp\/v2\/product_cat?post=5453"},{"taxonomy":"product_tag","embeddable":true,"href":"https:\/\/isopllc.com\/de\/wp-json\/wp\/v2\/product_tag?post=5453"}],"curies":[{"name":"wp","href":"https:\/\/api.w.org\/{rel}","templated":true}]}}