{"id":5624,"date":"2025-04-13T08:12:41","date_gmt":"2025-04-13T08:12:41","guid":{"rendered":"https:\/\/isopllc.com\/de\/?post_type=product&#038;p=5624"},"modified":"2025-07-14T05:42:22","modified_gmt":"2025-07-14T05:42:22","slug":"dauerhafte-feuerleiter-fuer-zwei-geschosse","status":"publish","type":"product","link":"https:\/\/isopllc.com\/de\/product\/dauerhafte-feuerleiter-fuer-zwei-geschosse\/","title":{"rendered":"Dauerhafte Feuerleiter f\u00fcr 2 Geschosse 4m"},"content":{"rendered":"<h1 id=\"title\" class=\"a-size-large a-spacing-none\"><span id=\"productTitle\" class=\"a-size-large product-title-word-break\">Dauerhafte Feuerleiter f\u00fcr zwei Geschosse 4m | Leitern f\u00fcr den Ausgang, Fenster oder Dachboden | H\u00e4ngende Leiter f\u00fcr Feuer-Notsituationen, Sicherheit zu Hause | Externe Leiter f\u00fcr Evakuierung<\/span><\/h1>\n<div class=\"celwidget aplus-module module-9 aplus-standard\">\n<div class=\"aplus-module-wrapper\">\n<div class=\"\">\n<h3 class=\"a-spacing-small\">Wir pr\u00e4sentieren Ihnen eine einzigartige Dauerhafte Feuerleiter f\u00fcr zwei Etagen von <a href=\"https:\/\/isopllc.com\/\">ISOP<\/a>, die mehrere Probleme anspricht, die bei fast allen auf dem Markt erh\u00e4ltlichen Feuerleitern zu finden sind!<\/h3>\n<p><img loading=\"lazy\" decoding=\"async\" class=\"wp-image-5631\" src=\"https:\/\/isopllc.com\/de\/wp-content\/uploads\/sites\/3\/2025\/04\/wall-mounted-ladder7.jpg\" alt=\"Dauerhafte Feuerleiter\" width=\"329\" height=\"329\" title=\"\" srcset=\"https:\/\/isopllc.com\/de\/wp-content\/uploads\/sites\/3\/2025\/04\/wall-mounted-ladder7.jpg 500w, https:\/\/isopllc.com\/de\/wp-content\/uploads\/sites\/3\/2025\/04\/wall-mounted-ladder7-150x150.jpg 150w, https:\/\/isopllc.com\/de\/wp-content\/uploads\/sites\/3\/2025\/04\/wall-mounted-ladder7-416x416.jpg 416w, https:\/\/isopllc.com\/de\/wp-content\/uploads\/sites\/3\/2025\/04\/wall-mounted-ladder7-100x100.jpg 100w\" sizes=\"auto, (max-width: 329px) 100vw, 329px\" \/><\/p>\n<p class=\"a-spacing-base\">Geschwindigkeit und Einfachheit \u2013 Die Dauerhafte Feuerleiter f\u00fcr 2 Etagen ist dauerhaft an der Wand befestigt, entweder innen oder au\u00dfen in der Wohnung, und ist immer einsatzbereit. Unsere Notleiter entfaltet sich mit einer einzigen Handbewegung in nur 1 Sekunde! Keine andere Feuerleiter auf dem Markt bietet so einen sofortigen Zugang, um aus einem brennenden Raum zu entkommen. Alle anderen Dauerhafte Feuerleiter m\u00fcssen aus einer Tasche oder Box genommen, sicher befestigt, aus dem Fenster geworfen werden, und erst dann kann der Abstieg beginnen \u2013 und das alles im Rauch, in Panik und m\u00f6glicherweise in v\u00f6lliger Dunkelheit.<\/p>\n<p>&nbsp;<\/p>\n<p class=\"a-text-center\"><img loading=\"lazy\" decoding=\"async\" class=\"alignnone wp-image-5173\" src=\"https:\/\/isopllc.com\/de\/wp-content\/uploads\/sites\/3\/2023\/12\/wall-rungs-10_2.jpg\" alt=\"\" width=\"314\" height=\"292\" title=\"\" srcset=\"https:\/\/isopllc.com\/de\/wp-content\/uploads\/sites\/3\/2023\/12\/wall-rungs-10_2.jpg 900w, https:\/\/isopllc.com\/de\/wp-content\/uploads\/sites\/3\/2023\/12\/wall-rungs-10_2-768x714.jpg 768w, https:\/\/isopllc.com\/de\/wp-content\/uploads\/sites\/3\/2023\/12\/wall-rungs-10_2-416x387.jpg 416w\" sizes=\"auto, (max-width: 314px) 100vw, 314px\" \/><\/p>\n<p class=\"a-spacing-base\">Stabilit\u00e4t \u2013 Sie ist au\u00dfergew\u00f6hnlich stabil, da sie St\u00fctzen hat, die verhindern, dass sie zu nah an der Wand ist, wodurch sie so stabil wie eine fest montierte Eisenleiter ist. Sie schwankt nicht in alle Richtungen wie eine typische billige Seilleiter.<\/p>\n<p class=\"a-spacing-base\">Platzsparend \u2013 Sie nimmt im Inneren der Wohnung keinen Platz ein, da sie an der Au\u00dfenwand unter einem Fenster oder Balkon montiert werden kann.<\/p>\n<p>&nbsp;<\/p>\n<p class=\"a-text-center\"><img loading=\"lazy\" decoding=\"async\" class=\"alignnone wp-image-5633 size-full\" src=\"https:\/\/isopllc.com\/de\/wp-content\/uploads\/sites\/3\/2025\/04\/wall-mounted-ladder9.jpeg\" alt=\"Leitern f\u00fcr den Ausgang\" width=\"300\" height=\"300\" title=\"\" srcset=\"https:\/\/isopllc.com\/de\/wp-content\/uploads\/sites\/3\/2025\/04\/wall-mounted-ladder9.jpeg 300w, https:\/\/isopllc.com\/de\/wp-content\/uploads\/sites\/3\/2025\/04\/wall-mounted-ladder9-150x150.jpeg 150w, https:\/\/isopllc.com\/de\/wp-content\/uploads\/sites\/3\/2025\/04\/wall-mounted-ladder9-100x100.jpeg 100w\" sizes=\"auto, (max-width: 300px) 100vw, 300px\" \/><\/p>\n<p class=\"a-spacing-base\">Wasserdicht \u2013 Komplett aus wasserfesten Materialien gefertigt, wird sie nicht wie andere Feuerleiter von Wettbewerbern versagen.<\/p>\n<p class=\"a-spacing-base\">Wiederverwendbar \u2013 Die h\u00e4ngende Leiter ist f\u00fcr mehrere Anwendungen konzipiert, da alle Materialien extrem langlebig und auf Festigkeit getestet sind.<\/p>\n<p class=\"a-spacing-base\">Diebstahlschutz \u2013 Nach dem Abstieg von der zweigeschossigen Feuerleiter k\u00f6nnen Sie sie wieder nach oben ziehen und Diebe daran hindern, sie zu benutzen.<\/p>\n<p>&nbsp;<\/p>\n<\/div>\n<\/div>\n<\/div>\n<div class=\"celwidget aplus-module module-9 aplus-standard\">\n<div class=\"aplus-module-wrapper\">\n<div class=\"\">\n<p class=\"a-text-center\"><img loading=\"lazy\" decoding=\"async\" class=\"alignnone wp-image-5556\" src=\"https:\/\/isopllc.com\/de\/wp-content\/uploads\/sites\/3\/2023\/06\/Echelle-de-Secours.png\" alt=\"Feuerleiter\" width=\"303\" height=\"303\" title=\"\" srcset=\"https:\/\/isopllc.com\/de\/wp-content\/uploads\/sites\/3\/2023\/06\/Echelle-de-Secours.png 1080w, https:\/\/isopllc.com\/de\/wp-content\/uploads\/sites\/3\/2023\/06\/Echelle-de-Secours-150x150.png 150w, https:\/\/isopllc.com\/de\/wp-content\/uploads\/sites\/3\/2023\/06\/Echelle-de-Secours-768x768.png 768w, https:\/\/isopllc.com\/de\/wp-content\/uploads\/sites\/3\/2023\/06\/Echelle-de-Secours-1000x1000.png 1000w, https:\/\/isopllc.com\/de\/wp-content\/uploads\/sites\/3\/2023\/06\/Echelle-de-Secours-416x416.png 416w, https:\/\/isopllc.com\/de\/wp-content\/uploads\/sites\/3\/2023\/06\/Echelle-de-Secours-100x100.png 100w\" sizes=\"auto, (max-width: 303px) 100vw, 303px\" \/><\/p>\n<p class=\"a-spacing-base\">Die zweigeschossige Dauerhafte Feuerleiter ist wasserdicht und wetterbest\u00e4ndig, au\u00dfergew\u00f6hnlich stabil mit St\u00fctzen und kann bis zu 200 kg tragen. Die an der Wand montierte Feuerleiter ist an der Wand befestigt, wobei nur die erste Sprosse fixiert ist, w\u00e4hrend der Rest einfach entfaltet und wieder zur\u00fcckgezogen werden kann. Dies erm\u00f6glicht Ihnen die Nutzung, ohne wertvolle Sekunden w\u00e4hrend eines Feuernotfalls zu verlieren.<\/p>\n<p>&nbsp;<\/p>\n<p class=\"a-text-center\"><img loading=\"lazy\" decoding=\"async\" class=\"alignnone wp-image-5594\" src=\"https:\/\/isopllc.com\/de\/wp-content\/uploads\/sites\/3\/2025\/03\/wall-mounted-ladder4-1.jpg\" alt=\"Machen Sie Ihr Zuhause feuerfest\" width=\"310\" height=\"310\" title=\"\" srcset=\"https:\/\/isopllc.com\/de\/wp-content\/uploads\/sites\/3\/2025\/03\/wall-mounted-ladder4-1.jpg 1200w, https:\/\/isopllc.com\/de\/wp-content\/uploads\/sites\/3\/2025\/03\/wall-mounted-ladder4-1-150x150.jpg 150w, https:\/\/isopllc.com\/de\/wp-content\/uploads\/sites\/3\/2025\/03\/wall-mounted-ladder4-1-768x768.jpg 768w, https:\/\/isopllc.com\/de\/wp-content\/uploads\/sites\/3\/2025\/03\/wall-mounted-ladder4-1-1000x1000.jpg 1000w, https:\/\/isopllc.com\/de\/wp-content\/uploads\/sites\/3\/2025\/03\/wall-mounted-ladder4-1-416x416.jpg 416w, https:\/\/isopllc.com\/de\/wp-content\/uploads\/sites\/3\/2025\/03\/wall-mounted-ladder4-1-100x100.jpg 100w\" sizes=\"auto, (max-width: 310px) 100vw, 310px\" \/><\/p>\n<p class=\"a-spacing-base\">Da sie universell ist, k\u00f6nnen Sie diese Leiter f\u00fcr Feuernotf\u00e4lle \u00fcberall verwenden, sei es in einem Brunnen, auf einem Dach, in einem Bunker oder in mehrst\u00f6ckigen Geb\u00e4uden. Im Gegensatz zu anderen permanenten Leitern f\u00fcr Feuernotf\u00e4lle k\u00f6nnen diese nicht von Dieben verwendet werden; Sie ziehen sie einfach wieder zur\u00fcck, nachdem Sie abgestiegen sind. Alle Teile der externen Leiter sind aus rostfreien Materialien wie Edelstahl gefertigt, und das Gewebe besteht aus einem seltenen wasserabweisenden Material.<\/p>\n<p>&nbsp;<\/p>\n<p class=\"a-text-center\"><img loading=\"lazy\" decoding=\"async\" class=\"alignnone wp-image-5634 size-full\" src=\"https:\/\/isopllc.com\/de\/wp-content\/uploads\/sites\/3\/2025\/04\/wall-mounted-ladder10.jpeg\" alt=\"H\u00e4ngende Leiter\" width=\"300\" height=\"300\" title=\"\" srcset=\"https:\/\/isopllc.com\/de\/wp-content\/uploads\/sites\/3\/2025\/04\/wall-mounted-ladder10.jpeg 300w, https:\/\/isopllc.com\/de\/wp-content\/uploads\/sites\/3\/2025\/04\/wall-mounted-ladder10-150x150.jpeg 150w, https:\/\/isopllc.com\/de\/wp-content\/uploads\/sites\/3\/2025\/04\/wall-mounted-ladder10-100x100.jpeg 100w\" sizes=\"auto, (max-width: 300px) 100vw, 300px\" \/><\/p>\n<p class=\"a-spacing-base\">Anwendungsanleitung:<\/p>\n<p class=\"a-spacing-base\">1) Befestigen Sie die erste Sprosse an einer Au\u00dfenwand unter dem Fenster (oder optional an einer Innenwand).<\/p>\n<p class=\"a-spacing-base\">2) Entfalten Sie w\u00e4hrend der Benutzung die sichernde Webabdeckung und werfen Sie die Leiter nach unten.<\/p>\n<p class=\"a-spacing-base\">3) Benutzen Sie beide H\u00e4nde an den Sprossen und steigen Sie langsam ab.<\/p>\n<p>&nbsp;<\/p>\n<\/div>\n<\/div>\n<\/div>\n<div class=\"celwidget aplus-module module-9 aplus-standard\">\n<div class=\"aplus-module-wrapper\">\n<div class=\"\">\n<p class=\"a-text-center\"><img loading=\"lazy\" decoding=\"async\" class=\"alignnone wp-image-5635 size-full\" src=\"https:\/\/isopllc.com\/de\/wp-content\/uploads\/sites\/3\/2025\/04\/wall-mounted-ladder11.jpeg\" alt=\"Externe Leiter\" width=\"300\" height=\"300\" title=\"\" srcset=\"https:\/\/isopllc.com\/de\/wp-content\/uploads\/sites\/3\/2025\/04\/wall-mounted-ladder11.jpeg 300w, https:\/\/isopllc.com\/de\/wp-content\/uploads\/sites\/3\/2025\/04\/wall-mounted-ladder11-150x150.jpeg 150w, https:\/\/isopllc.com\/de\/wp-content\/uploads\/sites\/3\/2025\/04\/wall-mounted-ladder11-100x100.jpeg 100w\" sizes=\"auto, (max-width: 300px) 100vw, 300px\" \/><\/p>\n<p class=\"a-spacing-base\">Die wandmontierten Dauerhafte Feuerleiter sind verwicklungssicher, kompakt, wiederverwendbar, in verschiedenen L\u00e4ngen erh\u00e4ltlich, leicht, f\u00fcr Innen- und Au\u00dfenbereich geeignet, multifunktional und langlebig. Die beste Wahl f\u00fcr die Brandsicherheit Ihrer Familie. Dauerhafte Feuerleiter f\u00fcr den Notausgang sind eine wichtige Sicherheitsfunktion, die dazu dient, ein zuverl\u00e4ssiges und zug\u00e4ngliches Mittel zur Evakuierung w\u00e4hrend Feuernotf\u00e4llen bereitzustellen. Sie sind sicher an einem Geb\u00e4ude angebracht, was sicherstellt, dass sie immer einsatzbereit sind.<\/p>\n<p>&nbsp;<\/p>\n<p class=\"a-text-center\"><img loading=\"lazy\" decoding=\"async\" class=\"alignnone size-full wp-image-5636\" src=\"https:\/\/isopllc.com\/de\/wp-content\/uploads\/sites\/3\/2025\/04\/wall-mounted-ladder12.jpeg\" alt=\"\" width=\"300\" height=\"300\" title=\"\" srcset=\"https:\/\/isopllc.com\/de\/wp-content\/uploads\/sites\/3\/2025\/04\/wall-mounted-ladder12.jpeg 300w, https:\/\/isopllc.com\/de\/wp-content\/uploads\/sites\/3\/2025\/04\/wall-mounted-ladder12-150x150.jpeg 150w, https:\/\/isopllc.com\/de\/wp-content\/uploads\/sites\/3\/2025\/04\/wall-mounted-ladder12-100x100.jpeg 100w\" sizes=\"auto, (max-width: 300px) 100vw, 300px\" \/><\/p>\n<p class=\"a-spacing-base\">Wohnnutzung: Bietet einen Notausgang f\u00fcr H\u00e4user, insbesondere mehrst\u00f6ckige Geb\u00e4ude. Gewerbliche Geb\u00e4ude: Stellt die Einhaltung der Brandschutzvorschriften sicher und erleichtert die sichere Evakuierung von Mitarbeitern und Besuchern.<\/p>\n<\/div>\n<\/div>\n<\/div>\n<p><img loading=\"lazy\" decoding=\"async\" class=\"alignnone  wp-image-5855\" src=\"https:\/\/isopllc.com\/de\/wp-content\/uploads\/sites\/3\/2025\/04\/Zertifiziert-EN131.jpg\" alt=\"Zertifiziert Dauerhafte Feuerleiter\" width=\"291\" height=\"291\" title=\"\" srcset=\"https:\/\/isopllc.com\/de\/wp-content\/uploads\/sites\/3\/2025\/04\/Zertifiziert-EN131.jpg 900w, https:\/\/isopllc.com\/de\/wp-content\/uploads\/sites\/3\/2025\/04\/Zertifiziert-EN131-150x150.jpg 150w, https:\/\/isopllc.com\/de\/wp-content\/uploads\/sites\/3\/2025\/04\/Zertifiziert-EN131-768x768.jpg 768w, https:\/\/isopllc.com\/de\/wp-content\/uploads\/sites\/3\/2025\/04\/Zertifiziert-EN131-416x416.jpg 416w, https:\/\/isopllc.com\/de\/wp-content\/uploads\/sites\/3\/2025\/04\/Zertifiziert-EN131-100x100.jpg 100w\" sizes=\"auto, (max-width: 291px) 100vw, 291px\" \/><\/p>\n<p>Zertifiziert<\/p>\n<p>Unsere Leitern sind \u2013 im Gegensatz zu allen \u00e4hnlichen Produkten auf dem Markt \u2013 nach dem Qualit\u00e4tsstandard EN 131 zertifiziert. Es ist besser, sein Leben einem Produkt anzuvertrauen, das alle notwendigen Tests bestanden hat, als einem etwas billigeren Artikel, dessen Material fragw\u00fcrdig ist.<\/p>\n<div class=\"celwidget aplus-module module-9 aplus-standard\">\n<div class=\"aplus-module-wrapper\">\n<div class=\"\">\n<p>&nbsp;<\/p>\n<p class=\"a-text-center\"><a href=\"https:\/\/isopllc.com\/\"><img loading=\"lazy\" decoding=\"async\" class=\"alignnone wp-image-5273\" src=\"https:\/\/isopllc.com\/de\/wp-content\/uploads\/sites\/3\/2023\/09\/Feuerleiter.png\" alt=\"Feuerleitern\" width=\"282\" height=\"282\" title=\"\" srcset=\"https:\/\/isopllc.com\/de\/wp-content\/uploads\/sites\/3\/2023\/09\/Feuerleiter.png 1080w, https:\/\/isopllc.com\/de\/wp-content\/uploads\/sites\/3\/2023\/09\/Feuerleiter-150x150.png 150w, https:\/\/isopllc.com\/de\/wp-content\/uploads\/sites\/3\/2023\/09\/Feuerleiter-768x768.png 768w, https:\/\/isopllc.com\/de\/wp-content\/uploads\/sites\/3\/2023\/09\/Feuerleiter-1000x1000.png 1000w, https:\/\/isopllc.com\/de\/wp-content\/uploads\/sites\/3\/2023\/09\/Feuerleiter-416x416.png 416w, https:\/\/isopllc.com\/de\/wp-content\/uploads\/sites\/3\/2023\/09\/Feuerleiter-100x100.png 100w\" sizes=\"auto, (max-width: 282px) 100vw, 282px\" \/><\/a><\/p>\n<p class=\"a-spacing-base\">Industrielle Standorte: Bietet schnelle Fluchtwege in Fabriken, Lagerh\u00e4usern oder \u00e4hnlichen Umgebungen.<\/p>\n<p class=\"a-spacing-base\">Krankenh\u00e4user und Schulen: Bietet einen sicheren Evakuierungsweg f\u00fcr gef\u00e4hrdete Gruppen, wie Patienten und Sch\u00fcler.<\/p>\n<p class=\"a-spacing-base\">Hotels und Hochh\u00e4user: Kritisch f\u00fcr die Sicherheit von G\u00e4sten und Bewohnern in Notf\u00e4llen.<\/p>\n<p>Auch in <a href=\"https:\/\/isopllc.com\/de\/product\/outdoor-wandmontierte-feuerleiter-8m\/\"><strong>8 m<\/strong><\/a> erh\u00e4ltlich.<\/p>\n<\/div>\n<\/div>\n<\/div>\n","protected":false},"excerpt":{"rendered":"[embed]https:\/\/youtu.be\/7Ojk0fAWS5Y?si=FPgZu1wdWNQD5krM[\/embed]\n<p id=\"title\" class=\"a-size-large a-spacing-none\" style=\"text-align: center\"><span id=\"productTitle\" class=\"a-size-large product-title-word-break\">Dauerhafte Feuerleiter f\u00fcr zwei Geschosse 4m | Leitern f\u00fcr den Ausgang, Fenster oder Dachboden | H\u00e4ngende Leiter f\u00fcr Feuer-Notsituationen, Sicherheit zu Hause | Externe Leiter f\u00fcr Evakuierung<\/span><\/p>\n<p style=\"text-align: center\">KOSTENLOSE LIEFERUNG INNERHALB VON 3-7 TAGEN<\/p>\n","protected":false},"featured_media":5631,"comment_status":"open","ping_status":"closed","template":"","meta":[],"product_brand":[],"product_cat":[452,485,450],"product_tag":[],"class_list":{"0":"post-5624","1":"product","2":"type-product","3":"status-publish","4":"has-post-thumbnail","6":"product_cat-feuerleitern-mit-abstandshaltern","7":"product_cat-rettungsleitern-1-stockwerke","8":"product_cat-wandmontierte-leitern","10":"first","11":"instock","12":"shipping-taxable","13":"purchasable","14":"product-type-variable"},"_links":{"self":[{"href":"https:\/\/isopllc.com\/de\/wp-json\/wp\/v2\/product\/5624","targetHints":{"allow":["GET"]}}],"collection":[{"href":"https:\/\/isopllc.com\/de\/wp-json\/wp\/v2\/product"}],"about":[{"href":"https:\/\/isopllc.com\/de\/wp-json\/wp\/v2\/types\/product"}],"replies":[{"embeddable":true,"href":"https:\/\/isopllc.com\/de\/wp-json\/wp\/v2\/comments?post=5624"}],"wp:featuredmedia":[{"embeddable":true,"href":"https:\/\/isopllc.com\/de\/wp-json\/wp\/v2\/media\/5631"}],"wp:attachment":[{"href":"https:\/\/isopllc.com\/de\/wp-json\/wp\/v2\/media?parent=5624"}],"wp:term":[{"taxonomy":"product_brand","embeddable":true,"href":"https:\/\/isopllc.com\/de\/wp-json\/wp\/v2\/product_brand?post=5624"},{"taxonomy":"product_cat","embeddable":true,"href":"https:\/\/isopllc.com\/de\/wp-json\/wp\/v2\/product_cat?post=5624"},{"taxonomy":"product_tag","embeddable":true,"href":"https:\/\/isopllc.com\/de\/wp-json\/wp\/v2\/product_tag?post=5624"}],"curies":[{"name":"wp","href":"https:\/\/api.w.org\/{rel}","templated":true}]}}