{"id":5638,"date":"2025-04-13T08:14:12","date_gmt":"2025-04-13T08:14:12","guid":{"rendered":"https:\/\/isopllc.com\/de\/?post_type=product&#038;p=5638"},"modified":"2025-09-11T13:41:48","modified_gmt":"2025-09-11T13:41:48","slug":"outdoor-wandmontierte-feuerleiter-8m","status":"publish","type":"product","link":"https:\/\/isopllc.com\/de\/product\/outdoor-wandmontierte-feuerleiter-8m\/","title":{"rendered":"Outdoor-Wandmontierte Feuerleiter 8m"},"content":{"rendered":"<h1 id=\"title\" class=\"a-size-large a-spacing-none\"><span id=\"productTitle\" class=\"a-size-large product-title-word-break\">Outdoor-Wandmontierte Feuerleiter f\u00fcr 3-st\u00f6ckiges Haus 8m | Wasserdichte Feuerleiter | Feste Notleiter, die an einem Fenster oder Balkon installiert ist, bereit f\u00fcr die Evakuierung<\/span><\/h1>\n<div class=\"celwidget aplus-module module-9 aplus-standard\">\n<div class=\"aplus-module-wrapper\">\n<div class=\"\">\n<h3 class=\"a-spacing-small\">Wir pr\u00e4sentieren Ihnen eine einzigartige <a href=\"https:\/\/isopllc.com\/\">3-st\u00f6ckige Outdoor-Wandmontierte Feuerleiter<\/a> 8 m, die mehrere Probleme anspricht, die bei fast allen auf dem Markt verf\u00fcgbaren Feuerleitern zu finden sind!<\/h3>\n<p><img loading=\"lazy\" decoding=\"async\" class=\"wp-image-5631\" src=\"https:\/\/isopllc.com\/de\/wp-content\/uploads\/sites\/3\/2025\/04\/wall-mounted-ladder7.jpg\" alt=\"Dauerhafte Feuerleiter\" width=\"329\" height=\"329\" title=\"\" srcset=\"https:\/\/isopllc.com\/de\/wp-content\/uploads\/sites\/3\/2025\/04\/wall-mounted-ladder7.jpg 500w, https:\/\/isopllc.com\/de\/wp-content\/uploads\/sites\/3\/2025\/04\/wall-mounted-ladder7-150x150.jpg 150w, https:\/\/isopllc.com\/de\/wp-content\/uploads\/sites\/3\/2025\/04\/wall-mounted-ladder7-416x416.jpg 416w, https:\/\/isopllc.com\/de\/wp-content\/uploads\/sites\/3\/2025\/04\/wall-mounted-ladder7-100x100.jpg 100w\" sizes=\"auto, (max-width: 329px) 100vw, 329px\" \/><\/p>\n<p class=\"a-spacing-base\">Geschwindigkeit und Einfachheit \u2013 Die 3-st\u00f6ckige Outdoor-Wandmontierte Feuerleiter 8 m ist dauerhaft an der Wand befestigt, entweder im Inneren oder au\u00dfen an der Wohnung, und immer einsatzbereit. Unsere Notleiter entfaltet sich mit einer einzigen Handbewegung in nur 1 Sekunde! Keine andere Feuerleiter auf dem Markt bietet so einen sofortigen Zugang, um aus einem brennenden Raum zu entkommen. Alle anderen Dauerhafte Feuerleiter m\u00fcssen aus einer Tasche oder Box genommen, sicher befestigt, aus dem Fenster geworfen werden, und erst dann kann der Abstieg beginnen \u2013 und das alles im Rauch, in Panik und m\u00f6glicherweise in v\u00f6lliger Dunkelheit.<\/p>\n<p>&nbsp;<\/p>\n<p class=\"a-text-center\"><img loading=\"lazy\" decoding=\"async\" class=\"alignnone wp-image-5173\" src=\"https:\/\/isopllc.com\/de\/wp-content\/uploads\/sites\/3\/2023\/12\/wall-rungs-10_2.jpg\" alt=\"Wasserdichte Feuerleiter\" width=\"314\" height=\"292\" title=\"\" srcset=\"https:\/\/isopllc.com\/de\/wp-content\/uploads\/sites\/3\/2023\/12\/wall-rungs-10_2.jpg 900w, https:\/\/isopllc.com\/de\/wp-content\/uploads\/sites\/3\/2023\/12\/wall-rungs-10_2-768x714.jpg 768w, https:\/\/isopllc.com\/de\/wp-content\/uploads\/sites\/3\/2023\/12\/wall-rungs-10_2-416x387.jpg 416w\" sizes=\"auto, (max-width: 314px) 100vw, 314px\" \/><\/p>\n<p class=\"a-spacing-base\">Stabilit\u00e4t \u2013 Sie ist au\u00dfergew\u00f6hnlich stabil, da sie St\u00fctzen hat, die verhindern, dass sie zu nah an der Wand ist, wodurch sie so stabil wie eine fest montierte Eisenleiter ist. Sie schwankt nicht in alle Richtungen wie eine typische billige Seilleiter.<\/p>\n<p class=\"a-spacing-base\">Platzsparend \u2013 Sie nimmt im Inneren der Wohnung keinen Platz ein, da sie an der Au\u00dfenwand unter einem Fenster oder Balkon montiert werden kann.<\/p>\n<p>&nbsp;<\/p>\n<p class=\"a-text-center\"><img loading=\"lazy\" decoding=\"async\" class=\"alignnone wp-image-5633 size-full\" src=\"https:\/\/isopllc.com\/de\/wp-content\/uploads\/sites\/3\/2025\/04\/wall-mounted-ladder9.jpeg\" alt=\"Leitern f\u00fcr den Ausgang\" width=\"300\" height=\"300\" title=\"\" srcset=\"https:\/\/isopllc.com\/de\/wp-content\/uploads\/sites\/3\/2025\/04\/wall-mounted-ladder9.jpeg 300w, https:\/\/isopllc.com\/de\/wp-content\/uploads\/sites\/3\/2025\/04\/wall-mounted-ladder9-150x150.jpeg 150w, https:\/\/isopllc.com\/de\/wp-content\/uploads\/sites\/3\/2025\/04\/wall-mounted-ladder9-100x100.jpeg 100w\" sizes=\"auto, (max-width: 300px) 100vw, 300px\" \/><\/p>\n<p class=\"a-spacing-base\">Wasserdicht \u2013 Komplett aus wasserfesten Materialien gefertigt, wird sie nicht wie andere Feuerleiter von Wettbewerbern versagen.<\/p>\n<p class=\"a-spacing-base\">Wiederverwendbar \u2013 Die h\u00e4ngende Leiter ist f\u00fcr mehrere Anwendungen konzipiert, da alle Materialien extrem langlebig und auf Festigkeit getestet sind.<\/p>\n<p class=\"a-spacing-base\">Diebstahlschutz \u2013 Nach dem Abstieg von der 3-st\u00f6ckigen Outdoor-Wandmontierte Feuerleiter 8 m k\u00f6nnen Sie sie wieder nach oben ziehen, um zu verhindern, dass Diebe sie benutzen.<\/p>\n<p>&nbsp;<\/p>\n<\/div>\n<\/div>\n<\/div>\n<div class=\"celwidget aplus-module module-9 aplus-standard\">\n<div class=\"aplus-module-wrapper\">\n<div class=\"\">\n<p class=\"a-text-center\"><img loading=\"lazy\" decoding=\"async\" class=\"alignnone wp-image-5556\" src=\"https:\/\/isopllc.com\/de\/wp-content\/uploads\/sites\/3\/2023\/06\/Echelle-de-Secours.png\" alt=\"Feuerleiter\" width=\"303\" height=\"303\" title=\"\" srcset=\"https:\/\/isopllc.com\/de\/wp-content\/uploads\/sites\/3\/2023\/06\/Echelle-de-Secours.png 1080w, https:\/\/isopllc.com\/de\/wp-content\/uploads\/sites\/3\/2023\/06\/Echelle-de-Secours-150x150.png 150w, https:\/\/isopllc.com\/de\/wp-content\/uploads\/sites\/3\/2023\/06\/Echelle-de-Secours-768x768.png 768w, https:\/\/isopllc.com\/de\/wp-content\/uploads\/sites\/3\/2023\/06\/Echelle-de-Secours-1000x1000.png 1000w, https:\/\/isopllc.com\/de\/wp-content\/uploads\/sites\/3\/2023\/06\/Echelle-de-Secours-416x416.png 416w, https:\/\/isopllc.com\/de\/wp-content\/uploads\/sites\/3\/2023\/06\/Echelle-de-Secours-100x100.png 100w\" sizes=\"auto, (max-width: 303px) 100vw, 303px\" \/><\/p>\n<p class=\"a-spacing-base\">Die zweigeschossige Outdoor-Wandmontierte Feuerleiter ist wasserdicht und wetterbest\u00e4ndig, au\u00dfergew\u00f6hnlich stabil mit St\u00fctzen und kann bis zu 200 kg tragen. Die an der Wand montierte Feuerleiter ist an der Wand befestigt, wobei nur die erste Sprosse fixiert ist, w\u00e4hrend der Rest einfach entfaltet und wieder zur\u00fcckgezogen werden kann. Dies erm\u00f6glicht Ihnen die Nutzung, ohne wertvolle Sekunden w\u00e4hrend eines Feuernotfalls zu verlieren.<\/p>\n<p>&nbsp;<\/p>\n<p class=\"a-text-center\"><img loading=\"lazy\" decoding=\"async\" class=\"alignnone wp-image-5594\" src=\"https:\/\/isopllc.com\/de\/wp-content\/uploads\/sites\/3\/2025\/03\/wall-mounted-ladder4-1.jpg\" alt=\"Machen Sie Ihr Zuhause feuerfest\" width=\"310\" height=\"310\" title=\"\" srcset=\"https:\/\/isopllc.com\/de\/wp-content\/uploads\/sites\/3\/2025\/03\/wall-mounted-ladder4-1.jpg 1200w, https:\/\/isopllc.com\/de\/wp-content\/uploads\/sites\/3\/2025\/03\/wall-mounted-ladder4-1-150x150.jpg 150w, https:\/\/isopllc.com\/de\/wp-content\/uploads\/sites\/3\/2025\/03\/wall-mounted-ladder4-1-768x768.jpg 768w, https:\/\/isopllc.com\/de\/wp-content\/uploads\/sites\/3\/2025\/03\/wall-mounted-ladder4-1-1000x1000.jpg 1000w, https:\/\/isopllc.com\/de\/wp-content\/uploads\/sites\/3\/2025\/03\/wall-mounted-ladder4-1-416x416.jpg 416w, https:\/\/isopllc.com\/de\/wp-content\/uploads\/sites\/3\/2025\/03\/wall-mounted-ladder4-1-100x100.jpg 100w\" sizes=\"auto, (max-width: 310px) 100vw, 310px\" \/><\/p>\n<p class=\"a-spacing-base\">Da sie universell ist, k\u00f6nnen Sie diese Outdoor-Wandmontierte Feuerleiter 8 m f\u00fcr 3-st\u00f6ckige H\u00e4user \u00fcberall verwenden, sei es in einem Brunnen, auf einem Dach, in einem Bunker oder in mehrst\u00f6ckigen Geb\u00e4uden. Im Gegensatz zu anderen permanenten Feuerleitern k\u00f6nnen diese nicht von Dieben verwendet werden; Sie ziehen sie einfach zur\u00fcck, sobald Sie abgestiegen sind. Alle Teile sind aus rostfreien Materialien wie Edelstahl gefertigt, und das Gewebe besteht aus einem seltenen wasserabweisenden Material.<\/p>\n<p>&nbsp;<\/p>\n<p class=\"a-text-center\"><img loading=\"lazy\" decoding=\"async\" class=\"alignnone wp-image-5634 size-full\" src=\"https:\/\/isopllc.com\/de\/wp-content\/uploads\/sites\/3\/2025\/04\/wall-mounted-ladder10.jpeg\" alt=\"H\u00e4ngende Leiter\" width=\"300\" height=\"300\" title=\"\" srcset=\"https:\/\/isopllc.com\/de\/wp-content\/uploads\/sites\/3\/2025\/04\/wall-mounted-ladder10.jpeg 300w, https:\/\/isopllc.com\/de\/wp-content\/uploads\/sites\/3\/2025\/04\/wall-mounted-ladder10-150x150.jpeg 150w, https:\/\/isopllc.com\/de\/wp-content\/uploads\/sites\/3\/2025\/04\/wall-mounted-ladder10-100x100.jpeg 100w\" sizes=\"auto, (max-width: 300px) 100vw, 300px\" \/><\/p>\n<p class=\"a-spacing-base\">Anwendungsanleitung:<\/p>\n<p class=\"a-spacing-base\">1) Befestigen Sie die erste Sprosse an einer Au\u00dfenwand unter dem Fenster (oder optional an einer Innenwand).<\/p>\n<p class=\"a-spacing-base\">2) Entfalten Sie w\u00e4hrend der Benutzung die sichernde Webabdeckung und werfen Sie die Leiter nach unten.<\/p>\n<p class=\"a-spacing-base\">3) Benutzen Sie beide H\u00e4nde an den Sprossen und steigen Sie langsam ab.<\/p>\n<p>&nbsp;<\/p>\n<\/div>\n<\/div>\n<\/div>\n<div class=\"celwidget aplus-module module-9 aplus-standard\">\n<div class=\"aplus-module-wrapper\">\n<div class=\"\">\n<p class=\"a-text-center\"><img loading=\"lazy\" decoding=\"async\" class=\"alignnone wp-image-5635 size-full\" src=\"https:\/\/isopllc.com\/de\/wp-content\/uploads\/sites\/3\/2025\/04\/wall-mounted-ladder11.jpeg\" alt=\"Externe Leiter\" width=\"300\" height=\"300\" title=\"\" srcset=\"https:\/\/isopllc.com\/de\/wp-content\/uploads\/sites\/3\/2025\/04\/wall-mounted-ladder11.jpeg 300w, https:\/\/isopllc.com\/de\/wp-content\/uploads\/sites\/3\/2025\/04\/wall-mounted-ladder11-150x150.jpeg 150w, https:\/\/isopllc.com\/de\/wp-content\/uploads\/sites\/3\/2025\/04\/wall-mounted-ladder11-100x100.jpeg 100w\" sizes=\"auto, (max-width: 300px) 100vw, 300px\" \/><\/p>\n<p class=\"a-spacing-base\">Wandmontierte Outdoor-Wandmontierte Feuerleiter sind verwicklungsfrei, kompakt, wiederverwendbar, haben unterschiedliche L\u00e4ngen, sind leicht, f\u00fcr den Innen- und Au\u00dfenbereich geeignet, multifunktional und langlebig. Die beste Wahl f\u00fcr die Brandsicherheit Ihrer Familie. Permanent montierte Leitern f\u00fcr die Flucht sind ein kritisches Sicherheitsmerkmal, das einen zuverl\u00e4ssigen und zug\u00e4nglichen Fluchtweg w\u00e4hrend Brandnotf\u00e4llen bieten soll. Sie sind sicher an einem Geb\u00e4ude befestigt, sodass sie immer bereit zur Nutzung sind.<\/p>\n<p>&nbsp;<\/p>\n<p class=\"a-text-center\"><img loading=\"lazy\" decoding=\"async\" class=\"alignnone wp-image-5636 size-full\" src=\"https:\/\/isopllc.com\/de\/wp-content\/uploads\/sites\/3\/2025\/04\/wall-mounted-ladder12.jpeg\" alt=\"Feste Notleiter\" width=\"300\" height=\"300\" title=\"\" srcset=\"https:\/\/isopllc.com\/de\/wp-content\/uploads\/sites\/3\/2025\/04\/wall-mounted-ladder12.jpeg 300w, https:\/\/isopllc.com\/de\/wp-content\/uploads\/sites\/3\/2025\/04\/wall-mounted-ladder12-150x150.jpeg 150w, https:\/\/isopllc.com\/de\/wp-content\/uploads\/sites\/3\/2025\/04\/wall-mounted-ladder12-100x100.jpeg 100w\" sizes=\"auto, (max-width: 300px) 100vw, 300px\" \/><\/p>\n<p>Wohnnutzung: Bietet einen Notausgang f\u00fcr Einfamilienh\u00e4user, insbesondere f\u00fcr mehrst\u00f6ckige Geb\u00e4ude.<\/p>\n<p>Gewerbliche Geb\u00e4ude: Stellt die Einhaltung von Brandschutzvorschriften sicher und erleichtert eine sichere Evakuierung f\u00fcr Mitarbeiter und Besucher.<\/p>\n<p><img loading=\"lazy\" decoding=\"async\" class=\"alignnone  wp-image-5854\" src=\"https:\/\/isopllc.com\/de\/wp-content\/uploads\/sites\/3\/2025\/04\/Zertifiziert-2.jpg\" alt=\"Zertifiziert Wandmontierte Feuerleiter\" width=\"290\" height=\"290\" title=\"\" srcset=\"https:\/\/isopllc.com\/de\/wp-content\/uploads\/sites\/3\/2025\/04\/Zertifiziert-2.jpg 900w, https:\/\/isopllc.com\/de\/wp-content\/uploads\/sites\/3\/2025\/04\/Zertifiziert-2-150x150.jpg 150w, https:\/\/isopllc.com\/de\/wp-content\/uploads\/sites\/3\/2025\/04\/Zertifiziert-2-768x768.jpg 768w, https:\/\/isopllc.com\/de\/wp-content\/uploads\/sites\/3\/2025\/04\/Zertifiziert-2-416x416.jpg 416w, https:\/\/isopllc.com\/de\/wp-content\/uploads\/sites\/3\/2025\/04\/Zertifiziert-2-100x100.jpg 100w\" sizes=\"auto, (max-width: 290px) 100vw, 290px\" \/><\/p>\n<\/div>\n<\/div>\n<\/div>\n<h3>Zertifiziert<\/h3>\n<p>Unsere Leitern sind \u2013 im Gegensatz zu allen \u00e4hnlichen Produkten auf dem Markt \u2013 nach dem Qualit\u00e4tsstandard EN 131 zertifiziert. Es ist besser, sein Leben einem Produkt anzuvertrauen, das alle notwendigen Tests bestanden hat, als einem etwas billigeren Artikel, dessen Material fragw\u00fcrdig ist.<\/p>\n<p>&nbsp;<\/p>\n<div class=\"celwidget aplus-module module-9 aplus-standard\">\n<div class=\"aplus-module-wrapper\">\n<div class=\"\">\n<p class=\"a-text-center\"><img loading=\"lazy\" decoding=\"async\" class=\"alignnone wp-image-5273\" src=\"https:\/\/isopllc.com\/de\/wp-content\/uploads\/sites\/3\/2023\/09\/Feuerleiter.png\" alt=\"Feuerleitern\" width=\"282\" height=\"282\" title=\"\" srcset=\"https:\/\/isopllc.com\/de\/wp-content\/uploads\/sites\/3\/2023\/09\/Feuerleiter.png 1080w, https:\/\/isopllc.com\/de\/wp-content\/uploads\/sites\/3\/2023\/09\/Feuerleiter-150x150.png 150w, https:\/\/isopllc.com\/de\/wp-content\/uploads\/sites\/3\/2023\/09\/Feuerleiter-768x768.png 768w, https:\/\/isopllc.com\/de\/wp-content\/uploads\/sites\/3\/2023\/09\/Feuerleiter-1000x1000.png 1000w, https:\/\/isopllc.com\/de\/wp-content\/uploads\/sites\/3\/2023\/09\/Feuerleiter-416x416.png 416w, https:\/\/isopllc.com\/de\/wp-content\/uploads\/sites\/3\/2023\/09\/Feuerleiter-100x100.png 100w\" sizes=\"auto, (max-width: 282px) 100vw, 282px\" \/><\/p>\n<p>Industriestandorte: Bietet schnelle Fluchtwege in Fabriken, Lagerr\u00e4umen oder \u00e4hnlichen Umgebungen.<\/p>\n<p>Krankenh\u00e4user und Schulen: Bietet einen sicheren Fluchtweg f\u00fcr gef\u00e4hrdete Bev\u00f6lkerungsgruppen, wie Patienten und Sch\u00fcler.<\/p>\n<p>Hotels und Hochh\u00e4user: Kritisch f\u00fcr die der Sicherheit von G\u00e4sten und Bewohnern in Notf\u00e4llen.<\/p>\n<article class=\"text-token-text-primary w-full\" dir=\"auto\" data-testid=\"conversation-turn-30\" data-scroll-anchor=\"true\">\n<div class=\"text-base my-auto mx-auto py-5 [--thread-content-margin:--spacing(4)] @[37rem]:[--thread-content-margin:--spacing(6)] @[72rem]:[--thread-content-margin:--spacing(16)] px-(--thread-content-margin)\">\n<div class=\"[--thread-content-max-width:32rem] @[34rem]:[--thread-content-max-width:40rem] @[64rem]:[--thread-content-max-width:48rem] mx-auto flex max-w-(--thread-content-max-width) flex-1 text-base gap-4 md:gap-5 lg:gap-6 group\/turn-messages focus-visible:outline-hidden\">\n<div class=\"group\/conversation-turn relative flex w-full min-w-0 flex-col agent-turn\">\n<div class=\"relative flex-col gap-1 md:gap-3\">\n<div class=\"flex max-w-full flex-col grow\">\n<div class=\"min-h-8 text-message relative flex w-full flex-col items-end gap-2 text-start break-words whitespace-normal [.text-message+&amp;]:mt-5\" dir=\"auto\" data-message-author-role=\"assistant\" data-message-id=\"af6de1b6-1153-456d-b39e-c21db58824f7\" data-message-model-slug=\"gpt-4o\">\n<div class=\"flex w-full flex-col gap-1 empty:hidden first:pt-[3px]\">\n<div class=\"markdown prose dark:prose-invert w-full break-words light\">\n<p data-start=\"37\" data-end=\"67\" data-is-last-node=\"\" data-is-only-node=\"\">Auch in <a href=\"https:\/\/isopllc.com\/de\/product\/dauerhafte-feuerleiter-fuer-zwei-geschosse\/\"><strong>4 m<\/strong><\/a> erh\u00e4ltlich.<\/p>\n<\/div>\n<\/div>\n<\/div>\n<\/div>\n<\/div>\n<\/div>\n<\/div>\n<\/div>\n<\/article>\n<\/div>\n<\/div>\n<\/div>\n","protected":false},"excerpt":{"rendered":"[embed]https:\/\/youtu.be\/7Ojk0fAWS5Y?si=FPgZu1wdWNQD5krM[\/embed]\n<p id=\"title\" class=\"a-size-large a-spacing-none\" style=\"text-align: center\"><span id=\"productTitle\" class=\"a-size-large product-title-word-break\">Outdoor-Wandmontierte Feuerleiter f\u00fcr 3-st\u00f6ckiges Haus 8m | Wasserdichte Feuerleiter | Feste Notleiter, die an einem Fenster oder Balkon installiert ist, bereit f\u00fcr die Evakuierung<\/span><\/p>\n<p style=\"text-align: center\">KOSTENLOSE LIEFERUNG INNERHALB VON 3-7 TAGEN<\/p>\n","protected":false},"featured_media":5625,"comment_status":"open","ping_status":"closed","template":"","meta":[],"product_brand":[],"product_cat":[452,15,450],"product_tag":[],"class_list":{"0":"post-5638","1":"product","2":"type-product","3":"status-publish","4":"has-post-thumbnail","6":"product_cat-feuerleitern-mit-abstandshaltern","7":"product_cat-rettungsleitern-2-stockwerke","8":"product_cat-wandmontierte-leitern","10":"first","11":"instock","12":"shipping-taxable","13":"purchasable","14":"product-type-variable"},"_links":{"self":[{"href":"https:\/\/isopllc.com\/de\/wp-json\/wp\/v2\/product\/5638","targetHints":{"allow":["GET"]}}],"collection":[{"href":"https:\/\/isopllc.com\/de\/wp-json\/wp\/v2\/product"}],"about":[{"href":"https:\/\/isopllc.com\/de\/wp-json\/wp\/v2\/types\/product"}],"replies":[{"embeddable":true,"href":"https:\/\/isopllc.com\/de\/wp-json\/wp\/v2\/comments?post=5638"}],"wp:featuredmedia":[{"embeddable":true,"href":"https:\/\/isopllc.com\/de\/wp-json\/wp\/v2\/media\/5625"}],"wp:attachment":[{"href":"https:\/\/isopllc.com\/de\/wp-json\/wp\/v2\/media?parent=5638"}],"wp:term":[{"taxonomy":"product_brand","embeddable":true,"href":"https:\/\/isopllc.com\/de\/wp-json\/wp\/v2\/product_brand?post=5638"},{"taxonomy":"product_cat","embeddable":true,"href":"https:\/\/isopllc.com\/de\/wp-json\/wp\/v2\/product_cat?post=5638"},{"taxonomy":"product_tag","embeddable":true,"href":"https:\/\/isopllc.com\/de\/wp-json\/wp\/v2\/product_tag?post=5638"}],"curies":[{"name":"wp","href":"https:\/\/api.w.org\/{rel}","templated":true}]}}