{"id":5781,"date":"2025-06-25T08:53:25","date_gmt":"2025-06-25T08:53:25","guid":{"rendered":"https:\/\/isopllc.com\/de\/?post_type=product&#038;p=5781"},"modified":"2025-07-03T08:38:38","modified_gmt":"2025-07-03T08:38:38","slug":"aluminiumgehaeuse-fuer-feuerleiter-3-etagen","status":"publish","type":"product","link":"https:\/\/isopllc.com\/de\/product\/aluminiumgehaeuse-fuer-feuerleiter-3-etagen\/","title":{"rendered":"Aluminiumgeh\u00e4use f\u00fcr Feuerleiter 3 Etagen"},"content":{"rendered":"<h2>Aluminiumgeh\u00e4use f\u00fcr Feuerleiter | Universeller Zugriffsbeh\u00e4lter f\u00fcr Feuerevakuierung 3 Etagen | F\u00fcr Innen- und Au\u00dfenbereich geeignet | Montagematerial inklusive | Wandmontage-Aufbewahrung f\u00fcr Brandschutzleitern | 38 x 28 x 13 cm<\/h2>\n<p>Stellen Sie sicher, dass Ihr Zuhause, Ihre Wohnung, Ihre Schule oder Ihr Arbeitsplatz auf eine Notfallevakuierung vorbereitet ist \u2013 mit diesem Aluminiumgeh\u00e4use f\u00fcr Feuerleitern. Es handelt sich um eine robuste, elegante und speziell entwickelte Universalzugangsbox, die sowohl f\u00fcr Innen- als auch f\u00fcr Au\u00dfenbereiche geeignet ist. Dieser an der Wand montierbare Aufbewahrungsschrank bietet im Falle eines Brandes oder anderer gef\u00e4hrlicher Situationen schnellen Zugriff auf Notfallleitern, bei denen eine rasche Evakuierung entscheidend ist.<\/p>\n<p><img loading=\"lazy\" decoding=\"async\" class=\"alignnone wp-image-5786\" src=\"https:\/\/isopllc.com\/de\/wp-content\/uploads\/sites\/3\/2025\/06\/fir-escape-box-scaled.jpg\" alt=\"f\u00fcr Feuerleiter 3 Etagen\" width=\"332\" height=\"332\" title=\"\" srcset=\"https:\/\/isopllc.com\/de\/wp-content\/uploads\/sites\/3\/2025\/06\/fir-escape-box-scaled.jpg 2560w, https:\/\/isopllc.com\/de\/wp-content\/uploads\/sites\/3\/2025\/06\/fir-escape-box-150x150.jpg 150w, https:\/\/isopllc.com\/de\/wp-content\/uploads\/sites\/3\/2025\/06\/fir-escape-box-768x768.jpg 768w, https:\/\/isopllc.com\/de\/wp-content\/uploads\/sites\/3\/2025\/06\/fir-escape-box-1536x1536.jpg 1536w, https:\/\/isopllc.com\/de\/wp-content\/uploads\/sites\/3\/2025\/06\/fir-escape-box-2048x2048.jpg 2048w, https:\/\/isopllc.com\/de\/wp-content\/uploads\/sites\/3\/2025\/06\/fir-escape-box-1000x1000.jpg 1000w, https:\/\/isopllc.com\/de\/wp-content\/uploads\/sites\/3\/2025\/06\/fir-escape-box-416x416.jpg 416w, https:\/\/isopllc.com\/de\/wp-content\/uploads\/sites\/3\/2025\/06\/fir-escape-box-100x100.jpg 100w\" sizes=\"auto, (max-width: 332px) 100vw, 332px\" \/><\/p>\n<h3>Premium-Aluminiumkonstruktion f\u00fcr Langlebigkeit im Innen- und Au\u00dfenbereich<\/h3>\n<p>Hergestellt aus hochfestem, eloxiertem Aluminium, ist dieses Geh\u00e4use auf Haltbarkeit, Korrosionsbest\u00e4ndigkeit und lange Lebensdauer ausgelegt. Im Gegensatz zu Kunststoffalternativen oder Schr\u00e4nken aus minderwertigem Stahl ist diese Einheit wetterfest und ideal f\u00fcr den Einsatz im Freien \u2013 perfekt f\u00fcr Balkone, Feuertreppen oder Veranden. Im Innenbereich f\u00fcgt sie sich unauff\u00e4llig in W\u00e4nde, Hauswirtschaftsr\u00e4ume oder Treppenh\u00e4user ein und bewahrt dabei ein modernes Erscheinungsbild, w\u00e4hrend sie maximale Brandschutzbereitschaft bietet.<\/p>\n<ul>\n<li>Kompaktes Design<\/li>\n<li>Robuste Eisenkonstruktion<\/li>\n<li>Acrylglas (sicherer als normales Glas in Notf\u00e4llen)<\/li>\n<li>Einfache Wandmontage<\/li>\n<li>Leicht auffindbar im Ernstfall<\/li>\n<\/ul>\n<p>&nbsp;<\/p>\n<p>Der Feuerl\u00f6scher-Schrank aus Eisen h\u00e4lt Ihren Feuerl\u00f6scher oder Ihre Rettungsleiter im Notfall leicht zug\u00e4nglich.<\/p>\n<p>Dank seiner kompakten Gr\u00f6\u00dfe (38 x 28 x 13 cm, 1 mm Wandst\u00e4rke) und der robusten Konstruktion ist dieser Schrank ideal f\u00fcr Wohnungen, Eigentumswohnungen und kleine Unternehmen. Er bietet einen sicheren und gesch\u00fctzten Platz f\u00fcr die langfristige Aufbewahrung.<\/p>\n<p><img loading=\"lazy\" decoding=\"async\" class=\"alignnone wp-image-5787\" src=\"https:\/\/isopllc.com\/de\/wp-content\/uploads\/sites\/3\/2025\/06\/fire-safety-box.jpg\" alt=\"f\u00fcr Feuerleiter \" width=\"373\" height=\"373\" title=\"\" srcset=\"https:\/\/isopllc.com\/de\/wp-content\/uploads\/sites\/3\/2025\/06\/fire-safety-box.jpg 1500w, https:\/\/isopllc.com\/de\/wp-content\/uploads\/sites\/3\/2025\/06\/fire-safety-box-150x150.jpg 150w, https:\/\/isopllc.com\/de\/wp-content\/uploads\/sites\/3\/2025\/06\/fire-safety-box-768x768.jpg 768w, https:\/\/isopllc.com\/de\/wp-content\/uploads\/sites\/3\/2025\/06\/fire-safety-box-1000x1000.jpg 1000w, https:\/\/isopllc.com\/de\/wp-content\/uploads\/sites\/3\/2025\/06\/fire-safety-box-416x416.jpg 416w, https:\/\/isopllc.com\/de\/wp-content\/uploads\/sites\/3\/2025\/06\/fire-safety-box-100x100.jpg 100w\" sizes=\"auto, (max-width: 373px) 100vw, 373px\" \/><\/p>\n<p>Feuerstation<\/p>\n<p>Im Falle eines pl\u00f6tzlichen Brandes in Ihrem Zuhause oder Unternehmen bietet sie einen festen Platz f\u00fcr Ihren Feuerl\u00f6scher oder Ihre Rettungsleiter \u2013 stets in der N\u00e4he und einsatzbereit, wenn es am wichtigsten ist.<\/p>\n<p><img loading=\"lazy\" decoding=\"async\" class=\"alignnone wp-image-5789\" src=\"https:\/\/isopllc.com\/de\/wp-content\/uploads\/sites\/3\/2025\/06\/extinguisher-box_1-scaled.jpg\" alt=\"Aluminiumgeh\u00e4use f\u00fcr 3 Etagen\" width=\"366\" height=\"366\" title=\"\" srcset=\"https:\/\/isopllc.com\/de\/wp-content\/uploads\/sites\/3\/2025\/06\/extinguisher-box_1-scaled.jpg 2560w, https:\/\/isopllc.com\/de\/wp-content\/uploads\/sites\/3\/2025\/06\/extinguisher-box_1-150x150.jpg 150w, https:\/\/isopllc.com\/de\/wp-content\/uploads\/sites\/3\/2025\/06\/extinguisher-box_1-768x768.jpg 768w, https:\/\/isopllc.com\/de\/wp-content\/uploads\/sites\/3\/2025\/06\/extinguisher-box_1-1536x1536.jpg 1536w, https:\/\/isopllc.com\/de\/wp-content\/uploads\/sites\/3\/2025\/06\/extinguisher-box_1-2048x2048.jpg 2048w, https:\/\/isopllc.com\/de\/wp-content\/uploads\/sites\/3\/2025\/06\/extinguisher-box_1-1000x1000.jpg 1000w, https:\/\/isopllc.com\/de\/wp-content\/uploads\/sites\/3\/2025\/06\/extinguisher-box_1-416x416.jpg 416w, https:\/\/isopllc.com\/de\/wp-content\/uploads\/sites\/3\/2025\/06\/extinguisher-box_1-100x100.jpg 100w\" sizes=\"auto, (max-width: 366px) 100vw, 366px\" \/><\/p>\n<h3>Professioneller Toprope-Anker<\/h3>\n<p>Kletteranker-Bolzenset, bestehend aus 2 H\u00e4ngerplatten und 2 Spreizd\u00fcbeln, mit Muttern und Unterlegscheiben. Die H\u00e4ngerplatten dienen als dauerhafte Verankerungspunkte.<\/p>\n<p>Das Set erm\u00f6glicht es, die Box sicher an einer Wand zu befestigen. Die Anker\u00f6sen dienen nicht nur zur Befestigung der Box, sondern erm\u00f6glichen auch das sichere Einhaken einer Seilleiter mit zwei Karabinern zur Flucht aus einem Fenster.<\/p>\n<p><img loading=\"lazy\" decoding=\"async\" class=\"alignnone wp-image-5791\" src=\"https:\/\/isopllc.com\/de\/wp-content\/uploads\/sites\/3\/2025\/06\/61e86Sz6CL._AC_SL1500_.png\" alt=\"Feuerleite\" width=\"453\" height=\"304\" title=\"\" srcset=\"https:\/\/isopllc.com\/de\/wp-content\/uploads\/sites\/3\/2025\/06\/61e86Sz6CL._AC_SL1500_.png 1462w, https:\/\/isopllc.com\/de\/wp-content\/uploads\/sites\/3\/2025\/06\/61e86Sz6CL._AC_SL1500_-768x515.png 768w, https:\/\/isopllc.com\/de\/wp-content\/uploads\/sites\/3\/2025\/06\/61e86Sz6CL._AC_SL1500_-1000x671.png 1000w, https:\/\/isopllc.com\/de\/wp-content\/uploads\/sites\/3\/2025\/06\/61e86Sz6CL._AC_SL1500_-416x279.png 416w\" sizes=\"auto, (max-width: 453px) 100vw, 453px\" \/><\/p>\n<h3>Vielseitig einsetzbar in verschiedenen Bereichen<\/h3>\n<p>Ideal f\u00fcr:<\/p>\n<ul>\n<li>Mehrst\u00f6ckige Wohnh\u00e4user<\/li>\n<li>Wohnungen und Hochh\u00e4user<\/li>\n<li>Sch\u00fclerwohnheime<\/li>\n<li>Kinderg\u00e4rten und Kinderbetreuungszentren<\/li>\n<li>Krankenh\u00e4user und Pflegeheime<\/li>\n<li>Hotels, Hostels und Airbnbs<\/li>\n<li>B\u00fcrogeb\u00e4ude<\/li>\n<li>Lagerhallen mit Zwischengeschossen<\/li>\n<\/ul>\n<p>\u00dcberall dort, wo Menschen oberhalb des Erdgeschosses wohnen, arbeiten oder sich versammeln, bietet diese Box eine diskrete, aber \u00e4u\u00dferst wirksame Sicherheitsl\u00f6sung.<\/p>\n<h3>Warum glauben wir, dass es besser ist, eine Zugangsbox f\u00fcr eine Notleiter zu kaufen?<\/h3>\n<p>Aus mehreren Gr\u00fcnden:<\/p>\n<ol>\n<li>Durch die Befestigung der Box mit Ankern an der Wand (unter dem Fenster oder am Balkon) kann die Leiter sofort an den Anker\u00f6sen befestigt werden. Im Notfall muss man die Leiter nur aus dem Fenster werfen und kann ohne Zeitverlust mit dem Abstieg beginnen, ohne in Panik nach einem Befestigungspunkt suchen zu m\u00fcssen.<\/li>\n<li>Die Box kann sowohl innen als auch au\u00dfen montiert werden. Drau\u00dfen hat sie den Vorteil, dass sie keinen Platz im Wohnraum einnimmt und das Raumdesign nicht st\u00f6rt, bleibt aber gut erreichbar, wenn sie neben einem Fenster oder am Balkon befestigt ist.<\/li>\n<li>Auch innen ist sie praktisch, da sie immer griffbereit ist und diese lebensrettende Ausr\u00fcstung sichtbar bleibt \u2013 so wird im Brandfall keine Zeit mit Suchen vergeudet.<\/li>\n<li>Es ist unserer Meinung nach viel sicherer, die Leiter an den Kletterankern in der Box zu befestigen, da diese 25 kN aushalten \u2013 deutlich mehr als Fensterrahmen oder Balkonstangen in einem normalen Haushalt.<\/li>\n<\/ol>\n<p>&nbsp;<\/p>\n<p>Auch in kleiner <a href=\"https:\/\/isopllc.com\/de\/product\/aluminiumschrank-fuer-feuerleiter\/\"><strong>Gr\u00f6\u00dfe<\/strong> <\/a>erh\u00e4ltlich.<\/p>\n","protected":false},"excerpt":{"rendered":"[embed]https:\/\/youtu.be\/lg2kjhGf4h8[\/embed]\n<p style=\"text-align: center\">Aluminiumgeh\u00e4use f\u00fcr Feuerleiter | Universelle Zugangsbox f\u00fcr Feuerevakuierung 3 Etagen | F\u00fcr Innen- und Au\u00dfenbereich geeignet | Montagematerial inklusive | Wandmontage-Aufbewahrung f\u00fcr Brandschutzleitern | 38 x 28 x 13 cm<\/p>\n<p style=\"text-align: center\">KOSTENLOSE LIEFERUNG IN 3-7 TAGEN<\/p>\n<p style=\"text-align: center\"><strong>JETZT KAUFEN AUF<\/strong><\/p>\n<p><a href=\"https:\/\/www.amazon.de\/-\/da\/Aluminiumskab-adgangskasse-monteringstilbeh%C3%B8r-v%C3%A6gmontering-Brandsikkerhedsledere\/dp\/B0DGQH5PZ2\/ref=sr_1_1?crid=2N0426FQ2761B&amp;dib=eyJ2IjoiMSJ9.Ce7cFwH7uEI8-ATISVLlsQ.HcMe72o2t7ruKW4Altl2u-WuAH3Egf9bF-I1HCVx19I&amp;dib_tag=se&amp;keywords=Aluminiumskab%2Btil%2Bbrandstige&amp;qid=1751531873&amp;sprefix=b0dgqh5pz2%2Caps%2C219&amp;sr=8-1&amp;th=1\"><img loading=\"lazy\" decoding=\"async\" class=\"aligncenter wp-image-1040 size-full\" src=\"https:\/\/isopllc.com\/uk\/wp-content\/uploads\/sites\/2\/2020\/01\/amazon-button9.png\" alt=\"\" width=\"160\" height=\"59\" \/><\/a><\/p>\n<p>&nbsp;<\/p>\n","protected":false},"featured_media":5782,"comment_status":"open","ping_status":"closed","template":"","meta":[],"product_brand":[],"product_cat":[449],"product_tag":[],"class_list":{"0":"post-5781","1":"product","2":"type-product","3":"status-publish","4":"has-post-thumbnail","6":"product_cat-aufbewahrungsbox-fuer-feuerleitern","8":"first","9":"instock","10":"shipping-taxable","11":"purchasable","12":"product-type-simple"},"_links":{"self":[{"href":"https:\/\/isopllc.com\/de\/wp-json\/wp\/v2\/product\/5781","targetHints":{"allow":["GET"]}}],"collection":[{"href":"https:\/\/isopllc.com\/de\/wp-json\/wp\/v2\/product"}],"about":[{"href":"https:\/\/isopllc.com\/de\/wp-json\/wp\/v2\/types\/product"}],"replies":[{"embeddable":true,"href":"https:\/\/isopllc.com\/de\/wp-json\/wp\/v2\/comments?post=5781"}],"wp:featuredmedia":[{"embeddable":true,"href":"https:\/\/isopllc.com\/de\/wp-json\/wp\/v2\/media\/5782"}],"wp:attachment":[{"href":"https:\/\/isopllc.com\/de\/wp-json\/wp\/v2\/media?parent=5781"}],"wp:term":[{"taxonomy":"product_brand","embeddable":true,"href":"https:\/\/isopllc.com\/de\/wp-json\/wp\/v2\/product_brand?post=5781"},{"taxonomy":"product_cat","embeddable":true,"href":"https:\/\/isopllc.com\/de\/wp-json\/wp\/v2\/product_cat?post=5781"},{"taxonomy":"product_tag","embeddable":true,"href":"https:\/\/isopllc.com\/de\/wp-json\/wp\/v2\/product_tag?post=5781"}],"curies":[{"name":"wp","href":"https:\/\/api.w.org\/{rel}","templated":true}]}}