{"id":5980,"date":"2025-07-28T12:32:40","date_gmt":"2025-07-28T12:32:40","guid":{"rendered":"https:\/\/isopllc.com\/de\/product\/10-l-26-gallonen-kraftstoffkanister-tragbarer-oelkanister-mit-quadratischem-aluminiumdeckel\/"},"modified":"2026-03-20T00:25:26","modified_gmt":"2026-03-20T00:25:26","slug":"10-l-26-gallonen-kraftstoffkanister-tragbarer-oelkanister-mit-quadratischem-aluminiumdeckel","status":"publish","type":"product","link":"https:\/\/isopllc.com\/de\/product\/10-l-26-gallonen-kraftstoffkanister-tragbarer-oelkanister-mit-quadratischem-aluminiumdeckel\/","title":{"rendered":"10\u202fL Kraftstoffkanister | Tragbarer \u00d6lkanister Mit Quadratischem Aluminiumdeckel"},"content":{"rendered":"<h3>10L Kraftstoffkanister | Tragbarer \u00d6lkanister Mit Quadratischem Aluminiumdeckel \u2013 Effiziente Lagerung und Transport Verschiedener Fl\u00fcssiger Kraftstoffe, Einschlie\u00dflich Benzin, Diesel und Kerosin. Ideale Wahl f\u00fcr Outdoor-Aktivit\u00e4ten, Notfallvorsorge und Industrielle Anwendungen.<\/h3>\n<p>This high &#8211; quality 10L Jerry Can | Portable Oil Drum with Square Aluminum Cover is engineered for efficient storage and transportation of various liquid fuels, including gasoline, diesel, and kerosene. Its rugged construction and user &#8211; friendly design make it an ideal choice for outdoor activities, emergency preparedness, and industrial applications.<\/p>\n<ul>\n<li>Robustes Material: Hergestellt aus strapazierf\u00e4higem, korrosionsbest\u00e4ndigem Material f\u00fcr eine lange Lebensdauer.<\/li>\n<li>Tragbares Design: Ausgestattet mit einem ergonomischen Griff f\u00fcr einfaches Tragen und Transport.<\/li>\n<li>Sicheres Verschlusssystem: Verf\u00fcgt \u00fcber einen auslaufsicheren Verschluss mit Gummidichtung, der einen dichten Abschluss gew\u00e4hrleistet, um Auslaufen und Verdunstung zu verhindern.<\/li>\n<li>Einfaches Ausgie\u00dfen: Mit einem breiten Ausguss f\u00fcr sanftes und kontrolliertes Ausgie\u00dfen, um Spritzer und Verschwendung zu reduzieren.<\/li>\n<li>Diese Kanistermodelle enthalten einen eingebauten Ausgie\u00dfer.<\/li>\n<li>Kapazit\u00e4t: Erh\u00e4ltlich in mehreren Gr\u00f6\u00dfen: 5L, 10L, 20L.<\/li>\n<\/ul>\n<p><img loading=\"lazy\" decoding=\"async\" class=\"alignnone wp-image-4981\" src=\"https:\/\/isopllc.com\/wp-content\/uploads\/Portable-Oil-Drum-10L-2.jpeg\" alt=\"Portable Oil Drum 10L\" width=\"349\" height=\"349\" title=\"\"><\/p>\n<h4>Abmessungen:<\/h4>\n<p class=\"p1\">10L: 36.5cm x 26cm x 26cm\u200b\u200b\u200b<br \/>\n20L: 36.5cm x 26cm x 32.5cm\u200b\u200b\u200b<\/p>\n<h4>Gewicht:<\/h4>\n<p class=\"p1\">10L: 2.6kg\u200b<br \/>\n20L: 2.8kg<\/p>\n<p><img loading=\"lazy\" decoding=\"async\" class=\"alignnone wp-image-4982\" src=\"https:\/\/isopllc.com\/wp-content\/uploads\/Portable-Oil-Drum-10L-3.jpeg\" alt=\"Aluminum Jerry Can\" width=\"338\" height=\"338\" title=\"\"><\/p>\n<h4>Sicherheitsanweisungen:<\/h4>\n<ul>\n<li>Beim ersten Gebrauch den Kanister nicht mit Wasser reinigen. Er kann direkt verwendet werden.<\/li>\n<li>Den Kanister an einem k\u00fchlen, trockenen Ort fern von direkter Sonneneinstrahlung, W\u00e4rmequellen und brennbaren Materialien lagern. F\u00fcr gute Bel\u00fcftung sorgen.<\/li>\n<li>Handhabung: Den Kanister stets vorsichtig behandeln, um St\u00fcrze oder St\u00f6\u00dfe zu vermeiden. Das Ziehen auf rauen Oberfl\u00e4chen vermeiden, da dies die Schutzbeschichtung besch\u00e4digen und die Integrit\u00e4t beeintr\u00e4chtigen kann.<\/li>\n<li>\n<p data-start=\"1455\" data-end=\"2141\">Betankung: Vor dem Bef\u00fcllen alle Z\u00fcndquellen ausschalten und auf Funken oder offene Flammen in der N\u00e4he achten. Ein geeignetes Erdungsger\u00e4t verwenden, um statische Aufladung zu vermeiden.<\/p>\n<\/li>\n<\/ul>\n<p><img loading=\"lazy\" decoding=\"async\" class=\"alignnone wp-image-4984\" src=\"https:\/\/isopllc.com\/wp-content\/uploads\/Portable-Oil-Drum-10L-5.jpeg\" alt=\"Jerry Can with Aluminum Cover\" width=\"321\" height=\"321\" title=\"\"><\/p>\n<h4 data-start=\"0\" data-end=\"53\">Robuster \u00d6lkanister mit quadratischem Aluminiumdeckel<\/h4>\n<p data-start=\"55\" data-end=\"417\">Der tragbare \u00d6lkanister 10L mit quadratischem Aluminiumdeckel wurde f\u00fcr diejenigen entwickelt, die Effizienz, Sicherheit und Langlebigkeit bei der Kraftstofflagerung sch\u00e4tzen. Seine kompakte Form macht ihn ideal f\u00fcr den privaten und kleinen gewerblichen Gebrauch, w\u00e4hrend der robuste Aluminiumdeckel zus\u00e4tzlichen Schutz vor Staub, Feuchtigkeit und St\u00f6\u00dfen bietet.<\/p>\n<p data-start=\"419\" data-end=\"769\">Dieser Kraf stoffbeh\u00e4lter basiert auf dem klassischen Jerry-Can-Modell, das seit Jahrzehnten weltweit vertraut wird. Die 10-Liter-Kapazit\u00e4t ist perfekt f\u00fcr Fahrzeuge, Motorr\u00e4der, Gartenger\u00e4te und kleine Maschinen. Das Geh\u00e4use ist f\u00fcr den Langzeiteinsatz konzipiert, sei es im Kofferraum eines Fahrzeugs, in der Werkstatt, Garage oder im Au\u00dfenbereich.<\/p>\n<p data-start=\"771\" data-end=\"1140\">Ein herausragendes Merkmal dieses Produkts ist der quadratische Aluminiumdeckel, der sowohl \u00e4sthetischen als auch funktionalen Wert bietet. Der Deckel sch\u00fctzt den Verschluss- und Ausgussbereich zus\u00e4tzlich, verhindert Verunreinigungen und reduziert das Risiko von Abnutzung durch den t\u00e4glichen Gebrauch. Er ist zudem korrosionsbest\u00e4ndig, leicht und einfach zu handhaben.<\/p>\n<p data-start=\"1142\" data-end=\"1561\">Dieser \u00d6lkanister gew\u00e4hrleistet eine sichere und effiziente Handhabung von entz\u00fcndlichen Fl\u00fcssigkeiten wie Benzin, Diesel, Kerosin oder sogar Biokraftstoff. Er ist mit einem auslaufsicheren Verschluss und einem dicht verschlossenen Ausguss ausgestattet, um Versch\u00fcttungen, D\u00e4mpfe oder ungewollte Freisetzung zu vermeiden. Der Griff bietet einen festen Halt und erleichtert das Tragen, selbst wenn der Kanister voll ist.<\/p>\n<p data-start=\"1259\" data-end=\"1606\"><img loading=\"lazy\" decoding=\"async\" class=\"alignnone wp-image-4983\" src=\"https:\/\/isopllc.com\/wp-content\/uploads\/Portable-Oil-Drum-10L-4.jpeg\" alt=\"Portable Oil Drum\" width=\"312\" height=\"312\" title=\"\"><\/p>\n<p data-start=\"1563\" data-end=\"1903\">Egal, ob Sie ein Outdoor-Abenteurer, Off-Grid-Reisender, Notfallvorsorger oder einfach ein vorsichtiger Fahrzeugbesitzer sind, dieser tragbare \u00d6lkanister erf\u00fcllt Ihre Anforderungen. Er eignet sich zum Transport von Kraftstoff bei Roadtrips, Camping, langen Fahrten oder zur Aufbewahrung von Reservekraftstoff zu Hause oder in der Werkstatt.<\/p>\n<article class=\"text-token-text-primary w-full focus:outline-none scroll-mt-[calc(var(--header-height)+min(200px,max(70px,20svh)))]\" dir=\"auto\" tabindex=\"-1\" data-testid=\"conversation-turn-130\" data-scroll-anchor=\"true\" data-turn=\"assistant\">\n<div class=\"text-base my-auto mx-auto pb-10 [--thread-content-margin:--spacing(4)] @[37rem]:[--thread-content-margin:--spacing(6)] @[72rem]:[--thread-content-margin:--spacing(16)] px-(--thread-content-margin)\">\n<div class=\"[--thread-content-max-width:32rem] @[34rem]:[--thread-content-max-width:40rem] @[64rem]:[--thread-content-max-width:48rem] mx-auto max-w-(--thread-content-max-width) flex-1 group\/turn-messages focus-visible:outline-hidden relative flex w-full min-w-0 flex-col agent-turn\" tabindex=\"-1\">\n<div class=\"flex max-w-full flex-col grow\">\n<div class=\"min-h-8 text-message relative flex w-full flex-col items-end gap-2 text-start break-words whitespace-normal [.text-message+&amp;]:mt-5\" dir=\"auto\" data-message-author-role=\"assistant\" data-message-id=\"8011bc23-43ca-4ffc-90ca-8eb72e0a9b7e\" data-message-model-slug=\"gpt-4-1-mini\">\n<div class=\"flex w-full flex-col gap-1 empty:hidden first:pt-[3px]\">\n<div class=\"markdown prose dark:prose-invert w-full break-words light\">\n<p data-start=\"1905\" data-end=\"2174\" data-is-last-node=\"\" data-is-only-node=\"\">Der tragbare \u00d6lkanister 10L | Jerry Can mit quadratischem Aluminiumdeckel verbindet traditionelle Zuverl\u00e4ssigkeit mit modernem Design. Leicht, platzsparend und \u00e4u\u00dferst robust bietet er die perfekte L\u00f6sung f\u00fcr Ihre Kraftstoffbed\u00fcrfnisse im kleinen bis mittleren Ma\u00dfstab.<\/p>\n<\/div>\n<\/div>\n<\/div>\n<\/div>\n<\/div>\n<\/div>\n<\/article>\n<p data-start=\"2821\" data-end=\"3083\">Auch erh\u00e4ltlich in der Gr\u00f6\u00dfe\u00a0 <a href=\"https:\/\/isopllc.com\/de\/product\/tragbarer-oelkanister-20-l-53-gallonen-kraftstoffbehaelter-mit-quadratischem-aluminiumdeckel\/\"><strong>20L.<\/strong><\/a><\/p>\n","protected":false},"excerpt":{"rendered":"<p data-start=\"0\" data-end=\"294\">10\u202fL (2,6 Gallonen) Kraftstoffkanister | Tragbarer \u00d6lkanister mit quadratischem Aluminiumdeckel \u2013 effiziente Lagerung und Transport verschiedener fl\u00fcssiger Brennstoffe, einschlie\u00dflich Benzin, Diesel und Kerosin. Ideale Wahl f\u00fcr Outdoor-Aktivit\u00e4ten, Notfallvorsorge und industrielle Anwendungen.<\/p>\n<ul>\n<li>Langlebiges Material: Hergestellt aus robustem, korrosionsbest\u00e4ndigem Material f\u00fcr langanhaltende Haltbarkeit.<\/li>\n<li>Tragbares Design: Ausgestattet mit einem ergonomischen Griff f\u00fcr einfaches Tragen und Transportieren.<\/li>\n<li>Sicheres Verschlusssystem: Verf\u00fcgt \u00fcber eine auslaufsichere Kappe mit Gummidichtung, die eine dichte Abdichtung bietet, um Versch\u00fctten und Verdunstung zu verhindern.<\/li>\n<li>Einfaches Ausgie\u00dfen: Mit weitem Ausguss f\u00fcr sanftes und kontrolliertes Eingie\u00dfen, reduziert Spritzer und Verschwendung.<\/li>\n<li>Kapazit\u00e4t: Erh\u00e4ltlich in mehreren Gr\u00f6\u00dfen: 5\u202fL, 10\u202fL, 20\u202fL.<\/li>\n<\/ul>\n","protected":false},"featured_media":5979,"comment_status":"open","ping_status":"closed","template":"","meta":[],"product_brand":[],"product_cat":[487],"product_tag":[],"class_list":{"0":"post-5980","1":"product","2":"type-product","3":"status-publish","4":"has-post-thumbnail","6":"product_cat-kraftstoffkanister","8":"first","9":"instock","10":"shipping-taxable","11":"purchasable","12":"product-type-variable"},"_links":{"self":[{"href":"https:\/\/isopllc.com\/de\/wp-json\/wp\/v2\/product\/5980","targetHints":{"allow":["GET"]}}],"collection":[{"href":"https:\/\/isopllc.com\/de\/wp-json\/wp\/v2\/product"}],"about":[{"href":"https:\/\/isopllc.com\/de\/wp-json\/wp\/v2\/types\/product"}],"replies":[{"embeddable":true,"href":"https:\/\/isopllc.com\/de\/wp-json\/wp\/v2\/comments?post=5980"}],"wp:featuredmedia":[{"embeddable":true,"href":"https:\/\/isopllc.com\/de\/wp-json\/wp\/v2\/media\/5979"}],"wp:attachment":[{"href":"https:\/\/isopllc.com\/de\/wp-json\/wp\/v2\/media?parent=5980"}],"wp:term":[{"taxonomy":"product_brand","embeddable":true,"href":"https:\/\/isopllc.com\/de\/wp-json\/wp\/v2\/product_brand?post=5980"},{"taxonomy":"product_cat","embeddable":true,"href":"https:\/\/isopllc.com\/de\/wp-json\/wp\/v2\/product_cat?post=5980"},{"taxonomy":"product_tag","embeddable":true,"href":"https:\/\/isopllc.com\/de\/wp-json\/wp\/v2\/product_tag?post=5980"}],"curies":[{"name":"wp","href":"https:\/\/api.w.org\/{rel}","templated":true}]}}