{"id":5986,"date":"2025-07-28T12:32:43","date_gmt":"2025-07-28T12:32:43","guid":{"rendered":"https:\/\/isopllc.com\/de\/product\/tragbarer-oelkanister-20-l-53-gallonen-kraftstoffbehaelter-mit-quadratischem-aluminiumdeckel\/"},"modified":"2026-03-20T00:25:11","modified_gmt":"2026-03-20T00:25:11","slug":"tragbarer-oelkanister-20-l-53-gallonen-kraftstoffbehaelter-mit-quadratischem-aluminiumdeckel","status":"publish","type":"product","link":"https:\/\/isopllc.com\/de\/product\/tragbarer-oelkanister-20-l-53-gallonen-kraftstoffbehaelter-mit-quadratischem-aluminiumdeckel\/","title":{"rendered":"Tragbarer \u00d6lkanister 20\u202fL | Kraftstoffbeh\u00e4lter Mit Quadratischem Aluminiumdeckel"},"content":{"rendered":"<h3 data-start=\"0\" data-end=\"283\">Tragbarer \u00d6lkanister 20L | Kraftstoffbeh\u00e4lter Mit Quadratischem Aluminiumdeckel \u2013 Effiziente Lagerung und Transport Verschiedener fl\u00fcssiger Kraftstoffe, Einschlie\u00dflich Benzin, Diesel und Kerosin. Ideale Wahl f\u00fcr Outdoor-Aktivit\u00e4ten, Notfallvorsorge und Industrielle Anwendungen.<\/h3>\n<p data-start=\"285\" data-end=\"682\">Dieser hochwertige tragbare \u00d6lkanister 20L | Kanister mit quadratischem Aluminiumdeckel wurde f\u00fcr die effiziente Lagerung und den Transport verschiedener fl\u00fcssiger Kraftstoffe, darunter Benzin, Diesel und Kerosin, entwickelt. Seine robuste Bauweise und benutzerfreundliche Gestaltung machen ihn zur idealen Wahl f\u00fcr Outdoor-Aktivit\u00e4ten, Notfallvorsorge und industrielle Anwendungen.<\/p>\n<ul>\n<li>Robustes Material: Hergestellt aus strapazierf\u00e4higem, korrosionsbest\u00e4ndigem Material f\u00fcr eine lange Lebensdauer<\/li>\n<li>Tragbares Design: Ausgestattet mit einem ergonomischen Griff f\u00fcr einfaches Tragen und Transport.<\/li>\n<li>Sicheres Verschlusssystem: Verf\u00fcgt \u00fcber einen auslaufsicheren Verschluss mit Gummidichtung, der einen dichten Abschluss gew\u00e4hrleistet, um Auslaufen und Verdunstung zu verhindern.<\/li>\n<li>Einfaches Ausgie\u00dfen: Mit einem breiten Ausguss f\u00fcr sanftes und kontrolliertes Ausgie\u00dfen, um Spritzer und Verschwendung zu reduzieren.<\/li>\n<li>Diese Kanistermodelle enthalten einen eingebauten Ausgie\u00dfer.<\/li>\n<li>Kapazit\u00e4t: Erh\u00e4ltlich in mehreren Gr\u00f6\u00dfen: 5L, 10L, 20L.<\/li>\n<\/ul>\n<p><img loading=\"lazy\" decoding=\"async\" class=\"alignnone wp-image-4989\" src=\"https:\/\/isopllc.com\/wp-content\/uploads\/Portable-Oil-Drum-20L.jpeg\" alt=\"Portable Oil Drum 20L\" width=\"336\" height=\"336\" title=\"\"><\/p>\n<h4>Abmessungen:<\/h4>\n<p class=\"p1\">10L: 36.5cm x 26cm x 26cm\u200b\u200b\u200b<br \/>\n20L: 36.5cm x 26cm x 32.5cm\u200b\u200b\u200b<\/p>\n<h4>Gewicht:<\/h4>\n<p class=\"p1\">10L: 2.6kg\u200b<br \/>\n20L: 2.8kg<\/p>\n<p><img loading=\"lazy\" decoding=\"async\" class=\"alignnone wp-image-4993\" src=\"https:\/\/isopllc.com\/wp-content\/uploads\/Portable-Oil-Drum-20L-4.jpeg\" alt=\"Portable Oil Drum\" width=\"337\" height=\"337\" title=\"\"><\/p>\n<h4>Sicherheitsanweisungen:<\/h4>\n<ul>\n<li>Beim ersten Gebrauch den Kanister nicht mit Wasser reinigen. Er kann direkt verwendet werden.<\/li>\n<li>Den Kanister an einem k\u00fchlen, trockenen Ort fern von direkter Sonneneinstrahlung, W\u00e4rmequellen und brennbaren Materialien lagern. F\u00fcr gute Bel\u00fcftung sorgen.<\/li>\n<li>Handhabung: Den Kanister stets vorsichtig behandeln, um St\u00fcrze oder St\u00f6\u00dfe zu vermeiden. Das Ziehen auf rauen Oberfl\u00e4chen vermeiden, da dies die Schutzbeschichtung besch\u00e4digen und die Integrit\u00e4t beeintr\u00e4chtigen kann.<\/li>\n<li>\n<p data-start=\"1455\" data-end=\"2141\">Betankung: Vor dem Bef\u00fcllen alle Z\u00fcndquellen ausschalten und auf Funken oder offene Flammen in der N\u00e4he achten. Ein geeignetes Erdungsger\u00e4t verwenden, um statische Aufladung zu vermeiden.<\/p>\n<\/li>\n<\/ul>\n<p><img loading=\"lazy\" decoding=\"async\" class=\"alignnone wp-image-4992\" src=\"https:\/\/isopllc.com\/wp-content\/uploads\/Portable-Oil-Drum-20L-3.jpeg\" alt=\"Jerry Can\u00a0Square Aluminum Cover\" width=\"335\" height=\"335\" title=\"\"><\/p>\n<h4 data-start=\"2143\" data-end=\"2167\">Robuster Aluminiumdeckel<\/h4>\n<p data-start=\"2169\" data-end=\"2580\">Ein besonderes Merkmal dieses Modells ist der quadratische Aluminiumdeckel, der zus\u00e4tzlichen Schutz bietet und eine luftdichte Abdichtung gew\u00e4hrleistet. Der Deckel ist rost-, korrosions- und hitze- sowie UV-best\u00e4ndig, was ihn zu einer hervorragenden Wahl f\u00fcr kurz- und langfristige Kraftstofflagerung macht. Das quadratische Design sorgt au\u00dferdem f\u00fcr zus\u00e4tzliche Stabilit\u00e4t und eine moderne, industrielle Optik.<\/p>\n<p data-start=\"2582\" data-end=\"2949\">Mit einr Kapazit\u00e4t von 20 Litern\u00a0 fasst dieser \u00d6lkanister eine betr\u00e4chtliche Menge Kraftstoff, ohne zu sperrig f\u00fcr den Transport zu sein. Der kompakte und tragbare Kraftstoffbeh\u00e4lter l\u00e4sst sich leicht in Fahrzeugen, Garagen oder auf Baustellen lagern. Er eignet sich ideal zum Transport von Benzin, Diesel, Kerosin oder anderen wichtigen Fl\u00fcssigkeiten.<\/p>\n<p><img loading=\"lazy\" decoding=\"async\" class=\"alignnone wp-image-4991\" src=\"https:\/\/isopllc.com\/wp-content\/uploads\/Portable-Oil-Drum-20L-5.jpeg\" alt=\"Oil Drum Aluminum Cover\" width=\"343\" height=\"343\" title=\"\"><\/p>\n<p data-start=\"2951\" data-end=\"3264\">Dieser Kraftstoffkanister kann in vielen Bereichen eingesetzt werden \u2013 von Outdoor-Abenteuern und Camping bis hin zu Baustellen, Bauernh\u00f6fen und Industriegebieten. Seine robuste Bauweise widersteht rauer Behandlung, extremen Temperaturen und intensiver Nutzung, was ihn perfekt f\u00fcr Profis und Hobbyanwender macht.<\/p>\n<p data-start=\"3266\" data-end=\"3589\">Dank des Aluminiumdeckels sticht dieser Kanister sowohl optisch als auch in der Robustheit hervor. Im Gegensatz zu Kunststoffbeh\u00e4ltern, die sich mit der Zeit verformen oder abbauen, bietet Aluminium zus\u00e4tzlichen Schutz gegen Druck und Umwelteinfl\u00fcsse. Er ist auf jahrelangen Einsatz in anspruchsvollen Umgebungen ausgelegt.<\/p>\n<p data-start=\"3591\" data-end=\"3916\">Die quadratische Form des Deckels und der kompakte K\u00f6rper erm\u00f6glichen eine effiziente Lagerung, besonders in Fahrzeugen oder engen Werkstattbereichen. Mehrere Kanister k\u00f6nnen gestapelt oder nebeneinander gestellt werden, ohne Platz zu verschwenden \u2013 eine ideale Eigenschaft f\u00fcr alle, die mehrere Beh\u00e4lter unterwegs ben\u00f6tigen.<\/p>\n<p data-start=\"3918\" data-end=\"4126\">Ob Outdoor-Fan oder Notfallvorsorge \u2013 dieser 20-Liter-Kanister ist ein Muss. Er garantiert stets eine sichere, langlebige und leicht zu transportierende Kraftstoffversorgung, wenn Sie sie am meisten brauchen.<\/p>\n<p>Auch erh\u00e4ltlich in der Gr\u00f6\u00dfe\u00a0 \u00a0<a href=\"https:\/\/isopllc.com\/de\/product\/10-l-26-gallonen-kraftstoffkanister-tragbarer-oelkanister-mit-quadratischem-aluminiumdeckel\/\"><strong>10L.<\/strong><\/a><\/p>\n","protected":false},"excerpt":{"rendered":"<p data-start=\"0\" data-end=\"294\">Tragbarer \u00d6lkanister 20\u202fL (5,3 Gallonen) | Kraftstoffkanister mit quadratischem Aluminiumdeckel \u2013 effiziente Lagerung und Transport verschiedener fl\u00fcssiger Brennstoffe, einschlie\u00dflich Benzin, Diesel und Kerosin. Ideale Wahl f\u00fcr Outdoor-Aktivit\u00e4ten, Notfallvorsorge und industrielle Anwendungen.<\/p>\n<ul>\n<li>Langlebiges Material: Hergestellt aus robustem, korrosionsbest\u00e4ndigem Material f\u00fcr langanhaltende Haltbarkeit.<\/li>\n<li>Tragbares Design: Ausgestattet mit einem ergonomischen Griff f\u00fcr einfaches Tragen und Transportieren.<\/li>\n<li>Sicheres Verschlusssystem: Verf\u00fcgt \u00fcber eine auslaufsichere Kappe mit Gummidichtung, die eine dichte Abdichtung bietet, um Versch\u00fctten und Verdunstung zu verhindern.<\/li>\n<li>Einfaches Ausgie\u00dfen: Mit weitem Ausguss f\u00fcr sanftes und kontrolliertes Eingie\u00dfen, reduziert Spritzer und Verschwendung.<\/li>\n<li>Kapazit\u00e4t: Erh\u00e4ltlich in mehreren Gr\u00f6\u00dfen: 5\u202fL, 10\u202fL, 20\u202fL.<\/li>\n<\/ul>\n","protected":false},"featured_media":5985,"comment_status":"open","ping_status":"closed","template":"","meta":[],"product_brand":[],"product_cat":[487],"product_tag":[],"class_list":{"0":"post-5986","1":"product","2":"type-product","3":"status-publish","4":"has-post-thumbnail","6":"product_cat-kraftstoffkanister","8":"first","9":"instock","10":"shipping-taxable","11":"purchasable","12":"product-type-variable"},"_links":{"self":[{"href":"https:\/\/isopllc.com\/de\/wp-json\/wp\/v2\/product\/5986","targetHints":{"allow":["GET"]}}],"collection":[{"href":"https:\/\/isopllc.com\/de\/wp-json\/wp\/v2\/product"}],"about":[{"href":"https:\/\/isopllc.com\/de\/wp-json\/wp\/v2\/types\/product"}],"replies":[{"embeddable":true,"href":"https:\/\/isopllc.com\/de\/wp-json\/wp\/v2\/comments?post=5986"}],"wp:featuredmedia":[{"embeddable":true,"href":"https:\/\/isopllc.com\/de\/wp-json\/wp\/v2\/media\/5985"}],"wp:attachment":[{"href":"https:\/\/isopllc.com\/de\/wp-json\/wp\/v2\/media?parent=5986"}],"wp:term":[{"taxonomy":"product_brand","embeddable":true,"href":"https:\/\/isopllc.com\/de\/wp-json\/wp\/v2\/product_brand?post=5986"},{"taxonomy":"product_cat","embeddable":true,"href":"https:\/\/isopllc.com\/de\/wp-json\/wp\/v2\/product_cat?post=5986"},{"taxonomy":"product_tag","embeddable":true,"href":"https:\/\/isopllc.com\/de\/wp-json\/wp\/v2\/product_tag?post=5986"}],"curies":[{"name":"wp","href":"https:\/\/api.w.org\/{rel}","templated":true}]}}