{"id":6112,"date":"2025-08-21T19:17:47","date_gmt":"2025-08-21T19:17:47","guid":{"rendered":"https:\/\/isopllc.com\/de\/?post_type=product&#038;p=6112"},"modified":"2025-09-06T09:31:32","modified_gmt":"2025-09-06T09:31:32","slug":"aluminium-teleskopleiter-4-6-m-13-stufen","status":"publish","type":"product","link":"https:\/\/isopllc.com\/de\/product\/aluminium-teleskopleiter-4-6-m-13-stufen\/","title":{"rendered":"Aluminium Teleskopleiter 4.6 m | Stehleiter 13 Stufen"},"content":{"rendered":"<h1 class=\"a-size-large a-spacing-none\">Aluminium Teleskopleiter 4.6 m | Leichter Klapprahmen f\u00fcr einfache Aufbewahrung &amp; sicheres Klettern | Teleskopische Legierungsleitern mit minimalistischem Rahmen | Stehleiter 13 Stufen<\/h1>\n<p><img loading=\"lazy\" decoding=\"async\" class=\"aligncenter wp-image-5769 size-full\" src=\"https:\/\/isopllc.com\/uk\/wp-content\/uploads\/sites\/2\/2025\/08\/Telescopic.jpg\" alt=\"Teleskopfaltleitern\" width=\"679\" height=\"280\" title=\"\"><\/p>\n<div id=\"bylineInfo_feature_div\" class=\"celwidget\" data-feature-name=\"bylineInfo\" data-csa-c-type=\"widget\" data-csa-c-content-id=\"bylineInfo\" data-csa-c-slot-id=\"bylineInfo_feature_div\" data-csa-c-asin=\"B0FCYT9SV6\" data-csa-c-is-in-initial-active-row=\"false\" data-csa-c-id=\"x4qcmb-ga3w6m-bobdn-deypyg\" data-cel-widget=\"bylineInfo_feature_div\">\n<ul class=\"a-unordered-list a-vertical a-spacing-mini\">\n<li class=\"a-spacing-mini\"><span class=\"a-list-item\">Leichtes &amp; Langlebiges Design \u2013 Gefertigt aus hochwertigen Materialien, ist diese Aluminium Teleskopleiter leicht zu transportieren und dennoch robust genug f\u00fcr den langfristigen Einsatz.<br data-start=\"530\" data-end=\"533\" \/>Zertifizierte Sicherheit, der Sie vertrauen k\u00f6nnen \u2013 Vollst\u00e4ndig zertifiziert nach geltenden Sicherheitsstandards, empfohlen von Profis und Heimwerkern gleicherma\u00dfen.<\/span><\/li>\n<li class=\"a-spacing-mini\">Platzsparend &amp; Kompakt \u2013 Das teleskopische Design l\u00e4sst sich schnell zusammenklappen und spart Platz in Garage, Transporter oder Zuhause \u2013 ideal f\u00fcr Innen- und Au\u00dfeneinsatz.<br data-start=\"875\" data-end=\"878\" \/>Von Tausenden vertraut \u2013 Mit Top-Bewertungen gilt diese ISOP Aluminium Teleskopleiter als eine der besten Leitern f\u00fcr private und professionelle Nutzung<\/li>\n<li class=\"a-spacing-mini\"><span class=\"a-list-item\">M\u00fcheloses Klettern f\u00fcr jede Aufgabe \u2013 Ob beim Streichen, Dachrinnen reinigen oder hohe Regale erreichen \u2013 diese Leiter macht das Arbeiten sicher und einfach. ISOP Qualit\u00e4tsgarantie \u2013 Entwickelt von ISOP, gebaut f\u00fcr Zuverl\u00e4ssigkeit, gest\u00fctzt durch eine Marke, die f\u00fcr Qualit\u00e4t und zertifizierte Haltbarkeit steht.<\/span><\/li>\n<li class=\"a-spacing-mini\"><span class=\"a-list-item\">Perfekt f\u00fcr DIY &amp; Professionellen Einsatz \u2013 H\u00f6chst empfohlen f\u00fcr Handwerker, Bauunternehmer und Hausbesitzer \u2013 ideal zum Streichen, Reinigen, Reparieren und mehr.<br data-start=\"1504\" data-end=\"1507\" \/>Leicht, aber Stabil \u2013 Wiegt weniger als herk\u00f6mmliche Leitern, tr\u00e4gt aber schwere Lasten \u2013 kompakt, faltbar und leicht \u00fcberallhin mitzunehmen.<\/span><\/li>\n<\/ul>\n<\/div>\n<p><img loading=\"lazy\" decoding=\"async\" class=\"aligncenter wp-image-5766\" src=\"https:\/\/isopllc.com\/uk\/wp-content\/uploads\/sites\/2\/2025\/08\/prof-telescopic-ladder.jpg\" alt=\"Klappbare Teleskopleitern\" width=\"384\" height=\"384\" title=\"\"><\/p>\n<div class=\"apm-flex-item-third-width\">\n<p data-start=\"1496\" data-end=\"1909\">Verbessern Sie Ihre Heimwerker- und Arbeitsprojekte mit dieser platzsparenden 4.6 m Aluminium Teleskopleiter. Aus hochwertigem, langlebigem Aluminium gefertigt, bietet sie St\u00e4rke und Leichtigkeit zugleich und ist einfach zu tragen und zu handhaben. Das teleskopische Design l\u00e4sst sich auf volle 4.6 m (13 Stufen) ausziehen und kompakt zusammenfahren \u2013 perfekt zur Aufbewahrung in Schr\u00e4nken, Garagen oder Autokofferr\u00e4umen.<\/p>\n<\/div>\n<div class=\"apm-flex-item-third-width\">\n<p><img loading=\"lazy\" decoding=\"async\" class=\"aligncenter wp-image-5760\" src=\"https:\/\/isopllc.com\/uk\/wp-content\/uploads\/sites\/2\/2025\/08\/Aluminum-Ladder.jpg\" alt=\"Aluminium Teleskopleiter\" width=\"374\" height=\"374\" title=\"\"><\/p>\n<div class=\"apm-flex-item-third-width\">\n<p>Sowohl f\u00fcr Innen- als auch Au\u00dfeneins\u00e4tze geeignet, sorgt diese faltbare Leiter mit rutschfesten Stufen und sicheren Verriegelungsmechanismen f\u00fcr Stabilit\u00e4t und Sicherheit bei Arbeiten in der H\u00f6he. Ob Hausarbeiten, Malerarbeiten oder professionelle Nutzung \u2013 diese vielseitige Klappleiter vereint Sicherheit, Mobilit\u00e4t und Langlebigkeit in einem.<\/p>\n<p data-start=\"2260\" data-end=\"2644\">Mit Fokus auf Anwendersicherheit ist die Leiter mit einem verst\u00e4rkten Verriegelungssystem an jeder Stufe ausgestattet, das ein unbeabsichtigtes Einklappen verhindert. Breite, rutschfeste Sprossen bieten sicheren Halt, w\u00e4hrend gummierte F\u00fc\u00dfe Stabilit\u00e4t auf unterschiedlichen Untergr\u00fcnden gew\u00e4hrleisten \u2013 ob Beton, Fliesen oder unebenes Gel\u00e4nde. Jeder Schritt wird sicher unterst\u00fctzt<\/p>\n<\/div>\n<div class=\"apm-flex-item-third-width\">\n<div class=\"celwidget aplus-module module-9 aplus-standard\" data-csa-c-id=\"log2zb-47c0ec-28uu0d-le5pjp\" data-cel-widget=\"aplus-module-9\">\n<div><img loading=\"lazy\" decoding=\"async\" class=\"aligncenter wp-image-5763\" src=\"https:\/\/isopllc.com\/uk\/wp-content\/uploads\/sites\/2\/2025\/08\/Heavy-Duty-Telescoping-Ladder.jpg\" alt=\"Faltbare Teleskopleitern\" width=\"356\" height=\"366\" title=\"\"><\/div>\n<\/div>\n<div class=\"celwidget aplus-module module-9 aplus-standard\" data-csa-c-id=\"30spr6-s664hy-iei3iy-t8zj36\" data-cel-widget=\"aplus-module-9\">\n<div class=\"aplus-module-wrapper apm-fixed-width apm-spacing\">\n<div class=\"apm-flex\">\n<div class=\"apm-flex-item-third-width\">\n<div class=\"apm-flex-item-third-width\">\n<p data-start=\"2646\" data-end=\"3009\">Die teleskopische Funktion ist nicht nur platzsparend, sondern auch \u00e4u\u00dferst effizient. Ziehen Sie nur die ben\u00f6tigten Stufen aus \u2013 ob f\u00fcr niedrige Regale oder den Zugang zum Dach. Die Ein-Knopf-R\u00fcckzugfunktion sorgt f\u00fcr ein sanftes und kontrolliertes Zusammenklappen, reduziert das Risiko von Fingerquetschungen und macht das Verstauen schnell und unkompliziert.<\/p>\n<\/div>\n<div class=\"apm-flex-item-third-width\">\n<p><img loading=\"lazy\" decoding=\"async\" class=\"aligncenter wp-image-5762\" src=\"https:\/\/isopllc.com\/uk\/wp-content\/uploads\/sites\/2\/2025\/08\/Foldable-Aluminum-Ladder-1.jpg\" alt=\"Stehleiter\" width=\"378\" height=\"386\" title=\"\"><\/p>\n<div class=\"apm-flex-item-third-width\">\n<p data-start=\"3011\" data-end=\"3355\">Ob Hausbesitzer, Handwerker oder Bauunternehmer \u2013 diese Leiter passt sich Ihren Bed\u00fcrfnissen an. Nutzen Sie sie zum Reinigen von Dachrinnen, Wechseln von Lampen, Dekorieren oder sogar beim Camping und Wohnmobilzugang. Dank ihres kompakten Formats und geringen Gewichts (nur wenige Kilogramm) ist sie ein zuverl\u00e4ssiger Begleiter f\u00fcr unterwegs.<\/p>\n<p data-start=\"3357\" data-end=\"3729\">Gefertigt aus rostbest\u00e4ndiger Aluminiumlegierung, ist sie langlebig und f\u00fcr den t\u00e4glichen Gebrauch sowie gegen Witterungseinfl\u00fcsse ausgelegt. Entwickelt nach aktuellen Sicherheitsstandards, ist diese Investition nicht nur praktisch, sondern auch sicher. Erleben Sie die perfekte Kombination aus Funktionalit\u00e4t, Komfort und Haltbarkeit mit dieser Allzweck-Teleskopleiter.<\/p>\n<p data-start=\"3731\" data-end=\"3792\">Auch in weiteren Gr\u00f6\u00dfen erh\u00e4ltlich:<\/p>\n<\/div>\n<div class=\"apm-flex-item-third-width\">\n<div class=\"celwidget aplus-module module-9 aplus-standard\" data-csa-c-id=\"30spr6-s664hy-iei3iy-t8zj36\" data-cel-widget=\"aplus-module-9\">\n<div class=\"aplus-module-wrapper apm-fixed-width apm-spacing\">\n<div class=\"apm-flex\">\n<div class=\"apm-flex-item-third-width\">\n<div class=\"celwidget aplus-module module-5 aplus-standard\" data-csa-c-id=\"izuqf-n9m07c-3lqvk2-32ovqg\" data-cel-widget=\"aplus-module-5\">\n<div class=\"aplus-module-wrapper apm-fixed-width\">\n<div class=\"apm-spacing aplus-module-content\">\n<div><b><a href=\"https:\/\/isopllc.com\/de\/product\/kollapsbare-verlaengerungsleiter-2-6-m\/\">2.6 m<\/a>\u00a0 |\u00a0<a href=\"https:\/\/isopllc.com\/de\/product\/kompakte-langlebige-leiter-3-2-m-10-stufen\/\"> 3.2 m<\/a>\u00a0 |\u00a0 <a href=\"https:\/\/isopllc.com\/de\/product\/zertifizierte-teleskopleiter-3-6-m-leicht\/\">3.6 m<\/a><\/b><\/div>\n<\/div>\n<\/div>\n<\/div>\n<\/div>\n<\/div>\n<\/div>\n<\/div>\n<\/div>\n<\/div>\n<\/div>\n<\/div>\n<\/div>\n<\/div>\n<\/div>\n<\/div>\n","protected":false},"excerpt":{"rendered":"<h3 class=\"a-size-large a-spacing-none\" style=\"text-align: center\">Aluminium Teleskopleiter 4.6 m | Leichter Klapprahmen f\u00fcr einfache Aufbewahrung &amp; sicheres Klettern | Teleskopische Legierungsleitern mit minimalistischem Rahmen | Stehleiter 13 Stufen<\/h3>\n<div id=\"bylineInfo_feature_div\" class=\"celwidget\" data-feature-name=\"bylineInfo\" data-csa-c-type=\"widget\" data-csa-c-content-id=\"bylineInfo\" data-csa-c-slot-id=\"bylineInfo_feature_div\" data-csa-c-asin=\"B0FCYT9SV6\" data-csa-c-is-in-initial-active-row=\"false\" data-csa-c-id=\"x4qcmb-ga3w6m-bobdn-deypyg\" data-cel-widget=\"bylineInfo_feature_div\">\n<ul class=\"a-unordered-list a-vertical a-spacing-mini\">\n<li class=\"a-spacing-mini\"><span class=\"a-list-item\">Leichtes &amp; Langlebiges Design \u2013 Gefertigt aus hochwertigen Materialien, ist diese teleskopische Leiter leicht zu transportieren und dennoch robust genug f\u00fcr den langfristigen Einsatz.<br data-start=\"530\" data-end=\"533\" \/>Zertifizierte Sicherheit, der Sie vertrauen k\u00f6nnen \u2013 Vollst\u00e4ndig zertifiziert nach geltenden Sicherheitsstandards, empfohlen von Profis und Heimwerkern gleicherma\u00dfen.<\/span><\/li>\n<li class=\"a-spacing-mini\">Platzsparend &amp; Kompakt \u2013 Das teleskopische Design l\u00e4sst sich schnell zusammenklappen und spart Platz in Garage, Transporter oder Zuhause \u2013 ideal f\u00fcr Innen- und Au\u00dfeneinsatz.<br data-start=\"875\" data-end=\"878\" \/>Von Tausenden vertraut \u2013 Mit Top-Bewertungen gilt diese ISOP Aluminium Teleskopleiter als eine der besten Leitern f\u00fcr private und professionelle Nutzung<\/li>\n<li class=\"a-spacing-mini\"><span class=\"a-list-item\">M\u00fcheloses Klettern f\u00fcr jede Aufgabe \u2013 Ob beim Streichen, Dachrinnen reinigen oder hohe Regale erreichen \u2013 diese Leiter macht das Arbeiten sicher und einfach. ISOP Qualit\u00e4tsgarantie \u2013 Entwickelt von ISOP, gebaut f\u00fcr Zuverl\u00e4ssigkeit, gest\u00fctzt durch eine Marke, die f\u00fcr Qualit\u00e4t und zertifizierte Haltbarkeit steht.<\/span><\/li>\n<li class=\"a-spacing-mini\"><span class=\"a-list-item\">Perfekt f\u00fcr DIY &amp; Professionellen Einsatz \u2013 H\u00f6chst empfohlen f\u00fcr Handwerker, Bauunternehmer und Hausbesitzer \u2013 ideal zum Streichen, Reinigen, Reparieren und mehr.<br data-start=\"1504\" data-end=\"1507\" \/>Leicht, aber Stabil \u2013 Wiegt weniger als herk\u00f6mmliche Leitern, tr\u00e4gt aber schwere Lasten \u2013 kompakt, faltbar und leicht \u00fcberallhin mitzunehmen.<\/span><\/li>\n<\/ul>\n<p><a href=\"https:\/\/www.amazon.de\/dp\/B0FCYMTTD8\/ref=sr_1_1?__mk_de_DE=%C3%85M%C3%85%C5%BD%C3%95%C3%91&amp;crid=1PJMO85ZTXS1F&amp;dib=eyJ2IjoiMSJ9.JRMUnsUd-ympl17MI1cYKg.q5WaWiRXLvu7eXUcgoUMoj2Z_7rHDeK5Ifssc8AEw3E&amp;dib_tag=se&amp;keywords=Aluminium%20Teleskopleiter%20Leichter%20Klapprahmen%20Teleskopische%20Legierungsleitern%20Stehleiter&amp;qid=1757041094&amp;s=diy&amp;sprefix=b0fcyt9sv6%2Cdiy%2C189&amp;sr=1-1&amp;ufe=app_do%3Aamzn1.fos.897f7637-cfe4-44bf-9f94-1525e7bc9c76\"><img loading=\"lazy\" decoding=\"async\" class=\"aligncenter wp-image-1040 size-full\" src=\"https:\/\/isopllc.com\/de\/wp-content\/uploads\/sites\/3\/2020\/01\/amazon-button9.png\" alt=\"\" width=\"160\" height=\"59\" \/><\/a><\/p>\n<\/div>\n","protected":false},"featured_media":6109,"comment_status":"open","ping_status":"closed","template":"","meta":[],"product_brand":[],"product_cat":[488,444],"product_tag":[],"class_list":{"0":"post-6112","1":"product","2":"type-product","3":"status-publish","4":"has-post-thumbnail","6":"product_cat-teleskopleitern","7":"product_cat-trittleitern","9":"first","10":"outofstock","11":"shipping-taxable","12":"purchasable","13":"product-type-simple"},"_links":{"self":[{"href":"https:\/\/isopllc.com\/de\/wp-json\/wp\/v2\/product\/6112","targetHints":{"allow":["GET"]}}],"collection":[{"href":"https:\/\/isopllc.com\/de\/wp-json\/wp\/v2\/product"}],"about":[{"href":"https:\/\/isopllc.com\/de\/wp-json\/wp\/v2\/types\/product"}],"replies":[{"embeddable":true,"href":"https:\/\/isopllc.com\/de\/wp-json\/wp\/v2\/comments?post=6112"}],"wp:featuredmedia":[{"embeddable":true,"href":"https:\/\/isopllc.com\/de\/wp-json\/wp\/v2\/media\/6109"}],"wp:attachment":[{"href":"https:\/\/isopllc.com\/de\/wp-json\/wp\/v2\/media?parent=6112"}],"wp:term":[{"taxonomy":"product_brand","embeddable":true,"href":"https:\/\/isopllc.com\/de\/wp-json\/wp\/v2\/product_brand?post=6112"},{"taxonomy":"product_cat","embeddable":true,"href":"https:\/\/isopllc.com\/de\/wp-json\/wp\/v2\/product_cat?post=6112"},{"taxonomy":"product_tag","embeddable":true,"href":"https:\/\/isopllc.com\/de\/wp-json\/wp\/v2\/product_tag?post=6112"}],"curies":[{"name":"wp","href":"https:\/\/api.w.org\/{rel}","templated":true}]}}