{"id":5257,"date":"2025-05-21T11:44:32","date_gmt":"2025-05-21T11:44:32","guid":{"rendered":"https:\/\/isopllc.com\/dk\/?page_id=5257"},"modified":"2025-05-21T11:44:34","modified_gmt":"2025-05-21T11:44:34","slug":"engros","status":"publish","type":"page","link":"https:\/\/isopllc.com\/dk\/engros\/","title":{"rendered":"Engros"},"content":{"rendered":"\n<p>Hvis du er interesseret i at k\u00f8be over 20 enheder af et enkelt produkt, er du berettiget til et engrostilbud.<\/p>\n\n\n\n<p>Kontakt os venligst med din bestilling, s\u00e5 vender vi tilbage med et s\u00e6rligt tilbud.<\/p>\n\n\n\n<p>Send os en <a href=\"mailto:isopllc@gmail.com\">e-mail<\/a> eller efterlad en besked nedenfor:<\/p>\n\n\n<div class=\"wpforms-container wpforms-container-full wpforms-block wpforms-block-0d674440-f4c3-4c20-9b6c-b36f0a382f96\" id=\"wpforms-4574\"><form id=\"wpforms-form-4574\" class=\"wpforms-validate wpforms-form\" data-formid=\"4574\" method=\"post\" enctype=\"multipart\/form-data\" action=\"\/dk\/wp-json\/wp\/v2\/pages\/5257\" data-token=\"a7b9028547c2b3a5d8470036abf7213b\" data-token-time=\"1776771125\"><noscript class=\"wpforms-error-noscript\">Please enable JavaScript in your browser to complete this form.<\/noscript><div class=\"wpforms-field-container\"><div id=\"wpforms-4574-field_0-container\" class=\"wpforms-field wpforms-field-name\" data-field-id=\"0\"><label class=\"wpforms-field-label\" for=\"wpforms-4574-field_0\">Navn <span class=\"wpforms-required-label\">*<\/span><\/label><input type=\"text\" id=\"wpforms-4574-field_0\" class=\"wpforms-field-medium wpforms-field-required\" name=\"wpforms[fields][0]\" required><\/div><div id=\"wpforms-4574-field_1-container\" class=\"wpforms-field wpforms-field-email\" data-field-id=\"1\"><label class=\"wpforms-field-label\" for=\"wpforms-4574-field_1\">Email <span class=\"wpforms-required-label\">*<\/span><\/label><input type=\"email\" id=\"wpforms-4574-field_1\" class=\"wpforms-field-medium wpforms-field-required\" name=\"wpforms[fields][1]\" spellcheck=\"false\" required><\/div><div id=\"wpforms-4574-field_2-container\" class=\"wpforms-field wpforms-field-textarea\" data-field-id=\"2\"><label class=\"wpforms-field-label\" for=\"wpforms-4574-field_2\">Kommentar eller besked <span class=\"wpforms-required-label\">*<\/span><\/label><textarea id=\"wpforms-4574-field_2\" class=\"wpforms-field-medium wpforms-field-required\" name=\"wpforms[fields][2]\" required><\/textarea><\/div><\/div><!-- .wpforms-field-container --><div class=\"wpforms-recaptcha-container wpforms-is-recaptcha wpforms-is-recaptcha-type-invisible\" ><div class=\"g-recaptcha\" data-sitekey=\"6LcfxDYqAAAAAOl_SmnVi9ioJKmVBOPMdWHhhWBq\" data-size=\"invisible\"><\/div><\/div><div class=\"wpforms-submit-container\" ><input type=\"hidden\" name=\"wpforms[id]\" value=\"4574\"><input type=\"hidden\" name=\"page_title\" value=\"\"><input type=\"hidden\" name=\"page_url\" value=\"https:\/\/isopllc.com\/dk\/wp-json\/wp\/v2\/pages\/5257\"><input type=\"hidden\" name=\"url_referer\" value=\"\"><button type=\"submit\" name=\"wpforms[submit]\" id=\"wpforms-submit-4574\" class=\"wpforms-submit\" data-alt-text=\"Sender...\" data-submit-text=\"Indsend\" aria-live=\"assertive\" value=\"wpforms-submit\">Indsend<\/button><\/div><\/form><\/div>  <!-- .wpforms-container -->","protected":false},"excerpt":{"rendered":"<p>Hvis du er interesseret i at k\u00f8be over 20 enheder af et enkelt produkt, er du berettiget til et engrostilbud. Kontakt os venligst med din bestilling, s\u00e5 vender vi tilbage med et s\u00e6rligt tilbud. Send os en e-mail eller efterlad en besked nedenfor:<\/p>\n","protected":false},"author":2,"featured_media":0,"parent":0,"menu_order":0,"comment_status":"closed","ping_status":"closed","template":"","meta":{"footnotes":""},"class_list":["post-5257","page","type-page","status-publish","hentry"],"_links":{"self":[{"href":"https:\/\/isopllc.com\/dk\/wp-json\/wp\/v2\/pages\/5257","targetHints":{"allow":["GET"]}}],"collection":[{"href":"https:\/\/isopllc.com\/dk\/wp-json\/wp\/v2\/pages"}],"about":[{"href":"https:\/\/isopllc.com\/dk\/wp-json\/wp\/v2\/types\/page"}],"author":[{"embeddable":true,"href":"https:\/\/isopllc.com\/dk\/wp-json\/wp\/v2\/users\/2"}],"replies":[{"embeddable":true,"href":"https:\/\/isopllc.com\/dk\/wp-json\/wp\/v2\/comments?post=5257"}],"version-history":[{"count":0,"href":"https:\/\/isopllc.com\/dk\/wp-json\/wp\/v2\/pages\/5257\/revisions"}],"wp:attachment":[{"href":"https:\/\/isopllc.com\/dk\/wp-json\/wp\/v2\/media?parent=5257"}],"curies":[{"name":"wp","href":"https:\/\/api.w.org\/{rel}","templated":true}]}}