{"id":1062,"date":"2020-01-20T08:32:11","date_gmt":"2020-01-20T08:32:11","guid":{"rendered":"https:\/\/rightfoodonly.com\/?post_type=product&#038;p=1062"},"modified":"2025-07-01T14:52:09","modified_gmt":"2025-07-01T14:52:09","slug":"brandflugtsstige-til-anden-etagers-vinduer","status":"publish","type":"product","link":"https:\/\/isopllc.com\/dk\/product\/brandflugtsstige-til-anden-etagers-vinduer\/","title":{"rendered":"Brandflugtsstige til anden etagers vinduer"},"content":{"rendered":"<p><img loading=\"lazy\" decoding=\"async\" style=\"font-size: 16px\" src=\"https:\/\/m.media-amazon.com\/images\/S\/aplus-media\/sc\/21a3f03b-829f-4554-b494-34215adbd6c9.__CR0,724,2000,619_PT0_SX970_V1___.jpg\" alt=\"\" width=\"970\" height=\"300\" \/><\/p>\n<div class=\"celwidget aplus-module module-12\" data-csa-c-id=\"jivxzg-m1j32x-ba3zr2-aspe9u\" data-cel-widget=\"aplus-module-12\">\n<div class=\"a-expander-collapsed-height a-row a-expander-container a-expander-partial-collapse-container\" data-a-expander-name=\"aplus-module-expander\" data-a-expander-collapsed-height=\"360\">\n<div class=\"a-expander-content a-expander-partial-collapse-content\">\n<div class=\"aplus-module-wrapper apm-spacing apm-floatnone\">\n<div class=\"apm-sidemodule aplus-module-content\">\n<div class=\"textright apm-hero-text\">\n<h2 style=\"text-align: center\">Brandflugtsstige til anden etagers vinduer 4 m<\/h2>\n<\/div>\n<\/div>\n<div style=\"text-align: center\"><\/div>\n<\/div>\n<\/div>\n<\/div>\n<\/div>\n<div class=\"celwidget aplus-module module-4\" style=\"text-align: center\" data-csa-c-id=\"3439hg-iiea24-1ecz2x-p6icw6\" data-cel-widget=\"aplus-module-4\">\n<div class=\"a-expander-collapsed-height a-row a-expander-container a-expander-partial-collapse-container\" data-a-expander-name=\"aplus-module-expander\" data-a-expander-collapsed-height=\"700\">\n<div class=\"a-expander-content a-expander-partial-collapse-content\">\n<div class=\"aplus-module-wrapper\">\n<div class=\"apm-spacing\">\n<div class=\"apm-floatleft apm-fixed-width\">\n<div class=\"apm-spacing apm-fixed-width\">\n<h3 class=\"a-spacing-small\">Hvorfor v\u00e6lge os?<\/h3>\n<p><img loading=\"lazy\" decoding=\"async\" class=\" wp-image-4702 aligncenter\" src=\"https:\/\/isopllc.com\/dk\/wp-content\/uploads\/sites\/14\/2022\/11\/reflective-rope-ladders-225x300.jpg\" alt=\"\" width=\"285\" height=\"380\" srcset=\"https:\/\/isopllc.com\/dk\/wp-content\/uploads\/sites\/14\/2022\/11\/reflective-rope-ladders-225x300.jpg 225w, https:\/\/isopllc.com\/dk\/wp-content\/uploads\/sites\/14\/2022\/11\/reflective-rope-ladders-768x1024.jpg 768w, https:\/\/isopllc.com\/dk\/wp-content\/uploads\/sites\/14\/2022\/11\/reflective-rope-ladders-750x1000.jpg 750w, https:\/\/isopllc.com\/dk\/wp-content\/uploads\/sites\/14\/2022\/11\/reflective-rope-ladders-416x555.jpg 416w, https:\/\/isopllc.com\/dk\/wp-content\/uploads\/sites\/14\/2022\/11\/reflective-rope-ladders.jpg 1080w\" sizes=\"auto, (max-width: 285px) 100vw, 285px\" \/><\/p>\n<h4>Patenteret reflekterende teknologi<\/h4>\n<p>Denne stige er designet med bekvemmelighed og tilg\u00e6ngelighed i tankerne.<\/p>\n<p>En speciel reflekterende strimmel v\u00e6vet ind i dette nylonreb g\u00f8r det meget synligt i lommelygtens str\u00e5le, s\u00e5 du ikke snubler over det om natten.<\/p>\n<p><img decoding=\"async\" class=\"a-spacing-mini aligncenter\" src=\"https:\/\/m.media-amazon.com\/images\/S\/aplus-media\/sc\/1d1c9f11-8b81-43e1-b2d9-232d2a154745.__CR0,193,641,641_PT0_SX300_V1___.jpg\" alt=\"Sturdy\" data-src=\"https:\/\/m.media-amazon.com\/images\/S\/aplus-media\/sc\/1d1c9f11-8b81-43e1-b2d9-232d2a154745.__CR0,193,641,641_PT0_SX300_V1___.jpg\" \/><\/p>\n<\/div>\n<div class=\"apm-spacing apm-fixed-width\">\n<h4 class=\"apm-spacing apm-fixed-width\">ULTRA kraftfuld<\/h4>\n<p class=\"apm-spacing apm-fixed-width\">der er ingen st\u00e6rkere og mere p\u00e5lidelige stiger end vores, testede (!) &#8211; med 900 kg eller 10 personer! Selv k\u00e6destiger kan ikke prale af denne v\u00e6gtkapacitet.<\/p>\n<p><img decoding=\"async\" class=\"a-spacing-mini aligncenter\" src=\"https:\/\/m.media-amazon.com\/images\/S\/aplus-media\/sc\/66906d66-df90-4038-8550-d72faf80c38f.__CR0,0,1200,1200_PT0_SX300_V1___.jpg\" alt=\"Multifunction\" data-src=\"https:\/\/m.media-amazon.com\/images\/S\/aplus-media\/sc\/66906d66-df90-4038-8550-d72faf80c38f.__CR0,0,1200,1200_PT0_SX300_V1___.jpg\" \/><\/p>\n<h4>Multifunktion<\/h4>\n<p>kan bruges til forskellige form\u00e5l s\u00e5som legeplads, gynger, tr\u00e6hus, loft, have, tag, hems, bunker, marine og endda dekorative form\u00e5l. Uendelig r\u00e6kke af brugsmuligheder.<\/p>\n<\/div>\n<h3 class=\"a-spacing-small\"><img decoding=\"async\" class=\"aligncenter\" style=\"font-size: 16px\" src=\"https:\/\/m.media-amazon.com\/images\/S\/aplus-media\/sc\/cf4cf25a-8d5e-46fe-bb5e-722c10b1d998.__CR0,0,2000,2000_PT0_SX220_V1___.jpg\" alt=\"Comes with carabiners &amp; hooks\" data-src=\"https:\/\/m.media-amazon.com\/images\/S\/aplus-media\/sc\/cf4cf25a-8d5e-46fe-bb5e-722c10b1d998.__CR0,0,2000,2000_PT0_SX220_V1___.jpg\" \/><\/h3>\n<h4>Kommer med karabinhager og kroge<\/h4>\n<p>4 m og 8 m stiger inkluderer kroge til vindueskarme og karabinhager bedst til altanbarer. I tilf\u00e6lde af brand kan de bruges med b\u00e5de vinduer og altaner. Ingen andre kan tilbyde begge muligheder.<\/p>\n<p><img decoding=\"async\" class=\"aligncenter\" src=\"https:\/\/m.media-amazon.com\/images\/S\/aplus-media\/sc\/210c8fc8-ca9e-4a20-9d02-a9c58b6c8429.__CR1018,0,1260,1260_PT0_SX220_V1___.png\" alt=\"Anti-slip rungs\" data-src=\"https:\/\/m.media-amazon.com\/images\/S\/aplus-media\/sc\/210c8fc8-ca9e-4a20-9d02-a9c58b6c8429.__CR1018,0,1260,1260_PT0_SX220_V1___.png\" \/><\/p>\n<div class=\"celwidget aplus-module module-9\" style=\"text-align: center\" data-csa-c-id=\"3d7463-l3bdk0-ygs321-8assbf\" data-cel-widget=\"aplus-module-9\">\n<div class=\"a-expander-collapsed-height a-row a-expander-container a-expander-partial-collapse-container\" data-a-expander-name=\"aplus-module-expander\" data-a-expander-collapsed-height=\"700\">\n<div class=\"a-expander-content a-expander-partial-collapse-content\">\n<div class=\"aplus-module-wrapper\">\n<div class=\"apm-spacing apm-fixed-width\">\n<h4>Skridsikre trin<\/h4>\n<p>trinene er ottekantede, s\u00e5 de er p\u00e5lidelige og ikke glatte.<\/p>\n<h4 class=\"a-spacing-mini\"><img decoding=\"async\" class=\"aligncenter\" style=\"font-size: 16px\" src=\"https:\/\/m.media-amazon.com\/images\/S\/aplus-media\/sc\/2b5aeb68-441e-435d-b89c-5d2faf4eb063.__CR0,0,1000,1000_PT0_SX220_V1___.jpg\" alt=\"Portable\" data-src=\"https:\/\/m.media-amazon.com\/images\/S\/aplus-media\/sc\/2b5aeb68-441e-435d-b89c-5d2faf4eb063.__CR0,0,1000,1000_PT0_SX220_V1___.jpg\" \/><\/h4>\n<h4>Transportabel<\/h4>\n<p>kommer med en flot designet sort taske. Stigen er nem at have med overalt i en taske. Inkluderer en gave\u00e6ske i naturlig tr\u00e6farve.<\/p>\n<h4 class=\"a-spacing-mini\"><img decoding=\"async\" class=\"aligncenter\" style=\"font-size: 16px\" src=\"https:\/\/m.media-amazon.com\/images\/S\/aplus-media\/sc\/f2e8fc4d-adcb-4ad8-87e7-2d18df74811d.__CR0,13,974,974_PT0_SX220_V1___.jpg\" alt=\"Lightweight\" data-src=\"https:\/\/m.media-amazon.com\/images\/S\/aplus-media\/sc\/f2e8fc4d-adcb-4ad8-87e7-2d18df74811d.__CR0,13,974,974_PT0_SX220_V1___.jpg\" \/><\/h4>\n<h4>Letv\u00e6gts<\/h4>\n<p>for eksempel vejer 2,5 m stige kun 1,8 kg.<\/p>\n<h4 class=\"a-spacing-mini\"><img decoding=\"async\" class=\"aligncenter\" style=\"font-size: 16px\" src=\"https:\/\/m.media-amazon.com\/images\/S\/aplus-media\/sc\/0552c400-f2fc-46a1-84a9-d5030a1ca8e2.__CR0,0,1000,1000_PT0_SX220_V1___.jpg\" alt=\"Weather resistant\" data-src=\"https:\/\/m.media-amazon.com\/images\/S\/aplus-media\/sc\/0552c400-f2fc-46a1-84a9-d5030a1ca8e2.__CR0,0,1000,1000_PT0_SX220_V1___.jpg\" \/><\/h4>\n<\/div>\n<div>\n<div class=\"celwidget aplus-module module-9\" style=\"text-align: center\" data-csa-c-id=\"3d7463-l3bdk0-ygs321-8assbf\" data-cel-widget=\"aplus-module-9\">\n<div class=\"a-expander-collapsed-height a-row a-expander-container a-expander-partial-collapse-container\" data-a-expander-name=\"aplus-module-expander\" data-a-expander-collapsed-height=\"700\">\n<div class=\"a-expander-content a-expander-partial-collapse-content\">\n<div class=\"aplus-module-wrapper\">\n<div>\n<h4>Vejrbestandig<\/h4>\n<p>n\u00e6sten aldrig \u00e6ldning stiger til noget vejr, kan ikke blive beskadiget i regnen.<\/p>\n<h4 class=\"a-spacing-mini\"><img decoding=\"async\" class=\"aligncenter\" style=\"font-size: 16px\" src=\"https:\/\/m.media-amazon.com\/images\/S\/aplus-media\/sc\/14916db8-10a6-4760-8535-f49470d709ad.__CR11,0,1189,1189_PT0_SX220_V1___.jpg\" alt=\"Heavy duty carabiners\" data-src=\"https:\/\/m.media-amazon.com\/images\/S\/aplus-media\/sc\/14916db8-10a6-4760-8535-f49470d709ad.__CR11,0,1189,1189_PT0_SX220_V1___.jpg\" \/><\/h4>\n<\/div>\n<\/div>\n<\/div>\n<\/div>\n<\/div>\n<div class=\"celwidget aplus-module module-4\" style=\"text-align: center\" data-csa-c-id=\"5glng-jun4yd-v4jukx-uxl7pr\" data-cel-widget=\"aplus-module-4\">\n<div class=\"a-expander-collapsed-height a-row a-expander-container a-expander-partial-collapse-container\" data-a-expander-name=\"aplus-module-expander\" data-a-expander-collapsed-height=\"700\">\n<div class=\"a-expander-content a-expander-partial-collapse-content\">\n<div class=\"aplus-module-wrapper\">\n<div class=\"apm-spacing\">\n<div class=\"apm-floatleft apm-fixed-width\">\n<div class=\"apm-spacing\">\n<h4>Kraftige karabinhager<\/h4>\n<p>stigerne inkluderer forkromede karabinhager brudstyrke 11KN.<\/p>\n<h4 class=\"a-spacing-mini\"><img loading=\"lazy\" decoding=\"async\" class=\"a-spacing-mini aligncenter\" style=\"font-size: 16px\" src=\"https:\/\/m.media-amazon.com\/images\/S\/aplus-media\/sc\/eebfdeb6-a881-47d1-a2d7-3677df2e925c.__CR521,0,1333,1333_PT0_SX300_V1___.jpg\" alt=\"ladder with carabiners\" width=\"183\" height=\"183\" data-src=\"https:\/\/m.media-amazon.com\/images\/S\/aplus-media\/sc\/eebfdeb6-a881-47d1-a2d7-3677df2e925c.__CR521,0,1333,1333_PT0_SX300_V1___.jpg\" \/><\/h4>\n<\/div>\n<\/div>\n<\/div>\n<\/div>\n<h4>Flammebestandig<\/h4>\n<p>speciel ikke-br\u00e6ndbar sammens\u00e6tning af fibre g\u00f8r det muligt for stigen at modst\u00e5 en brand i nogen tid, men alligevel anbefaler vi ikke at bruge den i direkte ild.<\/p>\n<\/div>\n<\/div>\n<\/div>\n<h4 class=\"a-spacing-mini\"><img loading=\"lazy\" decoding=\"async\" class=\"a-spacing-mini aligncenter\" style=\"font-size: 16px\" src=\"https:\/\/m.media-amazon.com\/images\/S\/aplus-media\/sc\/d843778e-92b5-40e7-a239-8e35fcbadff6.__CR0,0,2000,2000_PT0_SX300_V1___.jpg\" alt=\"Different length\" width=\"295\" height=\"295\" data-src=\"https:\/\/m.media-amazon.com\/images\/S\/aplus-media\/sc\/d843778e-92b5-40e7-a239-8e35fcbadff6.__CR0,0,2000,2000_PT0_SX300_V1___.jpg\" \/><\/h4>\n<\/div>\n<\/div>\n<\/div>\n<\/div>\n<\/div>\n<div class=\"celwidget aplus-module module-4\" style=\"text-align: center\" data-csa-c-id=\"5glng-jun4yd-v4jukx-uxl7pr\" data-cel-widget=\"aplus-module-4\">\n<div class=\"a-expander-collapsed-height a-row a-expander-container a-expander-partial-collapse-container\" data-a-expander-name=\"aplus-module-expander\" data-a-expander-collapsed-height=\"700\">\n<div class=\"a-expander-content a-expander-partial-collapse-content\">\n<h4>Forskellig l\u00e6ngde<\/h4>\n<p>tilg\u00e6ngelige 2,5, 4, 5, 8, 10 meter stiger til 1 &#8211; 4 etagers huse.<\/p>\n<h4 class=\"a-spacing-mini\"><img decoding=\"async\" class=\"a-spacing-mini aligncenter\" style=\"font-size: 16px\" src=\"https:\/\/m.media-amazon.com\/images\/S\/aplus-media\/sc\/b32fbb7f-dd3b-4bce-a9d4-1f51dbe477df.__CR0,0,1000,1000_PT0_SX300_V1___.jpg\" alt=\"reusable\" data-src=\"https:\/\/m.media-amazon.com\/images\/S\/aplus-media\/sc\/b32fbb7f-dd3b-4bce-a9d4-1f51dbe477df.__CR0,0,1000,1000_PT0_SX300_V1___.jpg\" \/><\/h4>\n<\/div>\n<\/div>\n<div>\n<h4>Genanvendelig<\/h4>\n<p>i mods\u00e6tning til andre aluminiumsstiger er vores rebstiger genanvendelige.<\/p>\n<\/div>\n<\/div>\n<\/div>\n<\/div>\n<\/div>\n<\/div>\n<\/div>\n<\/div>\n<div class=\"celwidget aplus-module module-2\" style=\"text-align: center\" data-csa-c-id=\"u3f2rx-tiglp3-kzwgo6-kqh25l\" data-cel-widget=\"aplus-module-2\">\n<div class=\"a-expander-collapsed-height a-row a-expander-container a-expander-partial-collapse-container\" data-a-expander-name=\"aplus-module-expander\" data-a-expander-collapsed-height=\"700\">\n<div class=\"a-expander-content a-expander-partial-collapse-content\">\n<div><\/div>\n<\/div>\n<\/div>\n<\/div>\n<div class=\"celwidget aplus-module module-2\" data-csa-c-id=\"xa4z08-fqu7gq-7q8xue-5451sy\" data-cel-widget=\"aplus-module-2\">\n<div class=\"a-expander-collapsed-height a-row a-expander-container a-expander-partial-collapse-container\" data-a-expander-name=\"aplus-module-expander\" data-a-expander-collapsed-height=\"700\">\n<div class=\"a-expander-content a-expander-partial-collapse-content\">\n<div class=\"aplus-module-wrapper apm-floatnone\">\n<div class=\"apm-sidemodule apm-spacing\">\n<div class=\"apm-sidemodule-imageleft\" style=\"text-align: center\"><img decoding=\"async\" class=\"aligncenter\" src=\"https:\/\/m.media-amazon.com\/images\/S\/aplus-media\/sc\/6293865e-0e7e-4620-8370-146b6c3e1ce0.__CR0,0,816,816_PT0_SX300_V1___.jpg\" alt=\"multipurpose\" data-src=\"https:\/\/m.media-amazon.com\/images\/S\/aplus-media\/sc\/6293865e-0e7e-4620-8370-146b6c3e1ce0.__CR0,0,816,816_PT0_SX300_V1___.jpg\" \/><\/div>\n<div class=\"apm-sidemodule-textright\">\n<h4>Hver person t\u00e6nkte mindst \u00e9n gang, hvad hvis der var en brand i hans hus, bygning eller kontor? Hvordan bliver man reddet fra det? Is\u00e6r bekymret, hvis du har b\u00f8rn!<\/h4>\n<p>Hos ISOP mener vi, at HVER familie SKAL have en brandflugtsstige i n\u00f8dstilf\u00e6lde! Vi har skabt en hel serie af brandflugtstiger og enheder til forskellige behov, som vi \u00f8nsker at introducere til dig.<\/p>\n<p>Brandflugtsstige til anden etagers vinduer 4 m<\/p>\n<p>Dette er en 4 m stige med kroge til flugt fra et vindue eller altan. Jernkroge passer perfekt til de fleste vinduesrammer i verden (se m\u00e5l p\u00e5 billeder).<\/p>\n<p>Sammen med alle fordelene er denne stige nem at bruge. Selv b\u00f8rn kan bestige den. Det er sv\u00e6rt at bruge det, hvis stigen ikke sidder t\u00e6t op ad v\u00e6ggen, men h\u00e6nger i luften. Dette g\u00e6lder for alle trapper, ikke kun vores. I dette tilf\u00e6lde skal du g\u00e5 ned ad siden af \u200b\u200btrappen, som akrobater g\u00f8r i et cirkus (der er et billede p\u00e5 billederne).<\/p>\n<p>Nogle af vores kunder forbinder ogs\u00e5 stigerne til v\u00e6ggen p\u00e5 forh\u00e5nd ved hj\u00e6lp af klatreankre, som er tilg\u00e6ngelige i vores butik. Vi betragter dette som en meget tankev\u00e6kkende tilgang og anbefaler det.<\/p>\n<p>F\u00e5s ogs\u00e5 i <a href=\"https:\/\/isopllc.com\/dk\/product\/brandflugtsstige-til-tredje-etagers-vinduer\/\"><strong>8 m.<\/strong><\/a><\/p>\n<\/div>\n<\/div>\n<\/div>\n<\/div>\n<\/div>\n<\/div>\n","protected":false},"excerpt":{"rendered":"[embed]https:\/\/youtu.be\/4QCAov7aA5Y[\/embed]\n<p class=\"mceTemp\" style=\"text-align: center\">Brandflugtsstige til anden etagers vinduer 4 m<\/p>\n<p style=\"text-align: center\">GRATIS LEVERING INDEN FOR 3-7 DAGE<\/p>\n<h4 style=\"text-align: center\"><strong>K\u00d8B DEN P\u00c5<\/strong><\/h4>\n<p style=\"text-align: center\"><a href=\"https:\/\/www.amazon.de\/dp\/B07VB3KYBP?ref=myi_title_dp\"><img loading=\"lazy\" decoding=\"async\" class=\"wp-image-1040 size-full aligncenter\" src=\"https:\/\/rightfoodonly.com\/wp-content\/uploads\/amazon-button9.png\" alt=\"\" width=\"160\" height=\"59\" \/><\/a><\/p>\n<p>&nbsp;<\/p>\n","protected":false},"featured_media":4247,"comment_status":"open","ping_status":"closed","template":"","meta":[],"product_brand":[],"product_cat":[174,173,170],"product_tag":[69,54,38,37,36],"class_list":{"0":"post-1062","1":"product","2":"type-product","3":"status-publish","4":"has-post-thumbnail","6":"product_cat-brandtrappestiger-med-1-etage","7":"product_cat-brandtrappestiger-med-2-etager","8":"product_cat-rebtrappestiger-til-brandtrappe","9":"product_tag-anden-etagers-vinduer","10":"product_tag-brandflugtsstige","11":"product_tag-brandudstyr","12":"product_tag-evakuering","13":"product_tag-sikkerhed","15":"first","16":"instock","17":"shipping-taxable","18":"purchasable","19":"product-type-simple"},"_links":{"self":[{"href":"https:\/\/isopllc.com\/dk\/wp-json\/wp\/v2\/product\/1062","targetHints":{"allow":["GET"]}}],"collection":[{"href":"https:\/\/isopllc.com\/dk\/wp-json\/wp\/v2\/product"}],"about":[{"href":"https:\/\/isopllc.com\/dk\/wp-json\/wp\/v2\/types\/product"}],"replies":[{"embeddable":true,"href":"https:\/\/isopllc.com\/dk\/wp-json\/wp\/v2\/comments?post=1062"}],"wp:featuredmedia":[{"embeddable":true,"href":"https:\/\/isopllc.com\/dk\/wp-json\/wp\/v2\/media\/4247"}],"wp:attachment":[{"href":"https:\/\/isopllc.com\/dk\/wp-json\/wp\/v2\/media?parent=1062"}],"wp:term":[{"taxonomy":"product_brand","embeddable":true,"href":"https:\/\/isopllc.com\/dk\/wp-json\/wp\/v2\/product_brand?post=1062"},{"taxonomy":"product_cat","embeddable":true,"href":"https:\/\/isopllc.com\/dk\/wp-json\/wp\/v2\/product_cat?post=1062"},{"taxonomy":"product_tag","embeddable":true,"href":"https:\/\/isopllc.com\/dk\/wp-json\/wp\/v2\/product_tag?post=1062"}],"curies":[{"name":"wp","href":"https:\/\/api.w.org\/{rel}","templated":true}]}}