{"id":1294,"date":"2020-01-30T06:20:40","date_gmt":"2020-01-30T06:20:40","guid":{"rendered":"https:\/\/rightfoodonly.com\/?post_type=product&#038;p=1294"},"modified":"2025-07-01T14:51:24","modified_gmt":"2025-07-01T14:51:24","slug":"jernkroge-til-brandstiger","status":"publish","type":"product","link":"https:\/\/isopllc.com\/dk\/product\/jernkroge-til-brandstiger\/","title":{"rendered":"Jernkroge til brandstiger"},"content":{"rendered":"<div class=\"celwidget aplus-module module-11\">\n<div class=\"a-expander-collapsed-height a-row a-expander-container a-expander-partial-collapse-container\" data-a-expander-name=\"aplus-module-expander\" data-a-expander-collapsed-height=\"360\">\n<div class=\"a-expander-content a-expander-partial-collapse-content\">\n<div class=\"aplus-module-wrapper apm-spacing apm-floatnone\">\n<div class=\"apm-sidemodule aplus-module-content\">\n<div class=\"apm-hero-image\"><\/div>\n<\/div>\n<\/div>\n<\/div>\n<\/div>\n<\/div>\n<div class=\"celwidget aplus-module module-9\">\n<div class=\"a-expander-collapsed-height a-row a-expander-container a-expander-partial-collapse-container\" data-a-expander-name=\"aplus-module-expander\" data-a-expander-collapsed-height=\"700\">\n<div class=\"a-expander-content a-expander-partial-collapse-content a-expander-content-expanded\">\n<div class=\"aplus-module-wrapper\">\n<div class=\"apm-spacing apm-fixed-width\">\n<h3 class=\"a-spacing-small\">Vindueskroge til brandstiger, 2 kroge | Jernkroge til redningsrebstige, n\u00f8dkrogs\u00e6t passer til de fleste vinduer | Fantastisk med karabinhager eller udbygningsstiger | Robust, holdbar og b\u00e6rbar<\/h3>\n<p><img decoding=\"async\" class=\"a-spacing-mini aligncenter\" src=\"https:\/\/m.media-amazon.com\/images\/S\/aplus-media\/sc\/0ba0f91e-b5c4-417e-ada8-b03c299fc14b.__CR0,0,1200,1200_PT0_SX300_V1___.jpg\" alt=\"hooks\" data-src=\"https:\/\/m.media-amazon.com\/images\/S\/aplus-media\/sc\/0ba0f91e-b5c4-417e-ada8-b03c299fc14b.__CR0,0,1200,1200_PT0_SX300_V1___.jpg\" \/><\/p>\n<h4>Specifikationer<\/h4>\n<p>Vores multifunktionelle 2-delte krogs\u00e6t er alsidigt sikkerhedsv\u00e6rkt\u00f8j og kan bruges i en lang r\u00e6kke industrier, byggefirmaer og n\u00f8dtjenester &#8211; kan bruges med forskellige typer rebstiger eller med brandflugtstiger for at redde arbejdere fra betydelige h\u00f8jder og en skal have i n\u00f8dstilf\u00e6lde.<\/p>\n<p>St\u00f8rrelse: 40 cm total l\u00e6ngde, 30 cm vindueskrog, 3 cm plads til brug med en karabinhage<\/p>\n<p>Materialer: Kraftig st\u00e5l<\/p>\n<p><img loading=\"lazy\" decoding=\"async\" class=\"size-medium wp-image-4904 aligncenter\" src=\"https:\/\/isopllc.com\/dk\/wp-content\/uploads\/sites\/14\/2021\/02\/hooks-size-416x416-\u043a\u043e\u043f\u0438\u044f-2-300x300.jpg\" alt=\"\" width=\"300\" height=\"300\" srcset=\"https:\/\/isopllc.com\/dk\/wp-content\/uploads\/sites\/14\/2021\/02\/hooks-size-416x416-\u043a\u043e\u043f\u0438\u044f-2-300x300.jpg 300w, https:\/\/isopllc.com\/dk\/wp-content\/uploads\/sites\/14\/2021\/02\/hooks-size-416x416-\u043a\u043e\u043f\u0438\u044f-2-150x150.jpg 150w, https:\/\/isopllc.com\/dk\/wp-content\/uploads\/sites\/14\/2021\/02\/hooks-size-416x416-\u043a\u043e\u043f\u0438\u044f-2-100x100.jpg 100w, https:\/\/isopllc.com\/dk\/wp-content\/uploads\/sites\/14\/2021\/02\/hooks-size-416x416-\u043a\u043e\u043f\u0438\u044f-2.jpg 416w\" sizes=\"auto, (max-width: 300px) 100vw, 300px\" \/><\/p>\n<h4>Funktioner og Fordele<\/h4>\n<ul>\n<li>Fremstillet med materialer af h\u00f8j kvalitet &#8211; st\u00e6rk, robust, holdbar, p\u00e5lidelig og sikker at bruge<\/li>\n<li>Ideel st\u00f8rrelse &#8211; passer til de fleste vinduer<\/li>\n<li>Minimalistisk, men alligevel praktisk design g\u00f8r det nemt at montere<\/li>\n<li>Hurtig og nem ops\u00e6tning &#8211; kr\u00e6ver ikke noget v\u00e6rkt\u00f8j<\/li>\n<li>Kan bruges med minimal til ingen tr\u00e6ning<\/li>\n<li>Du skal blot klemme p\u00e5 vinduet p\u00e5 den ene side og rebstigen p\u00e5 den anden og klatre ned p\u00e5 10 sekunder<\/li>\n<li>Letv\u00e6gts og b\u00e6rbar<\/li>\n<li>Kompakt for nem opbevaring<\/li>\n<\/ul>\n<\/div>\n<p><img decoding=\"async\" class=\"a-spacing-mini aligncenter\" src=\"https:\/\/m.media-amazon.com\/images\/S\/aplus-media\/sc\/97960495-f8fe-4173-8653-41fa79334c3e.__CR0,0,1200,1200_PT0_SX300_V1___.jpg\" alt=\"use\" data-src=\"https:\/\/m.media-amazon.com\/images\/S\/aplus-media\/sc\/97960495-f8fe-4173-8653-41fa79334c3e.__CR0,0,1200,1200_PT0_SX300_V1___.jpg\" \/><\/p>\n<h4 class=\"a-spacing-mini\">Kan bruges til\/som\/med<\/h4>\n<ul>\n<li>Fra et vindue, altan eller et tag, i forbindelse med redningsrebstiger<\/li>\n<li>Brandflugtsstiger i en n\u00f8dsituation<\/li>\n<li>Klatrev\u00e6gge<\/li>\n<li>Byggebranchen<\/li>\n<li>H\u00e6ngende fra et tr\u00e6<\/li>\n<li>Klatring i en tr\u00e6hytte<\/li>\n<\/ul>\n<\/div>\n<\/div>\n<\/div>\n<\/div>\n","protected":false},"excerpt":{"rendered":"<p style=\"text-align: center;\">Jernkroge til brandstiger<\/p>\n<p style=\"text-align: center;\">GRATIS LEVERING INDEN FOR 3-7 DAGE<\/p>\n<h4 style=\"text-align: center;\"><strong>K\u00d8B DEN P\u00c5<\/strong><\/h4>\n<p style=\"text-align: center;\"><a href=\"https:\/\/www.amazon.de\/dp\/B07RFDG2NP?ref=myi_title_dp\"><img loading=\"lazy\" decoding=\"async\" class=\"wp-image-1040 size-full aligncenter\" src=\"https:\/\/rightfoodonly.com\/wp-content\/uploads\/amazon-button9.png\" alt=\"\" width=\"160\" height=\"59\" \/><\/a><\/p>\n<p>&nbsp;<\/p>\n","protected":false},"featured_media":4256,"comment_status":"open","ping_status":"closed","template":"","meta":[],"product_brand":[],"product_cat":[164],"product_tag":[106,38,37,121,36],"class_list":{"0":"post-1294","1":"product","2":"type-product","3":"status-publish","4":"has-post-thumbnail","6":"product_cat-tilbehoer-til-brandstiger","7":"product_tag-brandstiger","8":"product_tag-brandudstyr","9":"product_tag-evakuering","10":"product_tag-jernkroge","11":"product_tag-sikkerhed","13":"first","14":"instock","15":"shipping-taxable","16":"purchasable","17":"product-type-simple"},"_links":{"self":[{"href":"https:\/\/isopllc.com\/dk\/wp-json\/wp\/v2\/product\/1294","targetHints":{"allow":["GET"]}}],"collection":[{"href":"https:\/\/isopllc.com\/dk\/wp-json\/wp\/v2\/product"}],"about":[{"href":"https:\/\/isopllc.com\/dk\/wp-json\/wp\/v2\/types\/product"}],"replies":[{"embeddable":true,"href":"https:\/\/isopllc.com\/dk\/wp-json\/wp\/v2\/comments?post=1294"}],"wp:featuredmedia":[{"embeddable":true,"href":"https:\/\/isopllc.com\/dk\/wp-json\/wp\/v2\/media\/4256"}],"wp:attachment":[{"href":"https:\/\/isopllc.com\/dk\/wp-json\/wp\/v2\/media?parent=1294"}],"wp:term":[{"taxonomy":"product_brand","embeddable":true,"href":"https:\/\/isopllc.com\/dk\/wp-json\/wp\/v2\/product_brand?post=1294"},{"taxonomy":"product_cat","embeddable":true,"href":"https:\/\/isopllc.com\/dk\/wp-json\/wp\/v2\/product_cat?post=1294"},{"taxonomy":"product_tag","embeddable":true,"href":"https:\/\/isopllc.com\/dk\/wp-json\/wp\/v2\/product_tag?post=1294"}],"curies":[{"name":"wp","href":"https:\/\/api.w.org\/{rel}","templated":true}]}}