{"id":1296,"date":"2020-01-30T06:31:07","date_gmt":"2020-01-30T06:31:07","guid":{"rendered":"https:\/\/rightfoodonly.com\/?post_type=product&#038;p=1296"},"modified":"2025-07-07T06:30:36","modified_gmt":"2025-07-07T06:30:36","slug":"brandevakueringsenhed-til-boern-eller-kaeledyr-op-til-35-kg","status":"publish","type":"product","link":"https:\/\/isopllc.com\/dk\/product\/brandevakueringsenhed-til-boern-eller-kaeledyr-op-til-35-kg\/","title":{"rendered":"Brandevakueringsenhed til b\u00f8rn eller k\u00e6ledyr op til 25 kg"},"content":{"rendered":"<div class=\"celwidget aplus-module module-1\" data-cel-widget=\"aplus-module-1\">\n<div class=\"a-expander-collapsed-height a-row a-expander-container a-expander-partial-collapse-container\" data-a-expander-name=\"aplus-module-expander\" data-a-expander-collapsed-height=\"700\">\n<div class=\"a-expander-content a-expander-partial-collapse-content\">\n<div class=\"aplus-module-wrapper apm-fixed-width\">\n<div class=\"apm-spacing apm-wrap\">\n<div class=\"apm-floatleft apm-wrap\">\n<div class=\"apm-rightthirdcol\">\n<div class=\"apm-rightthirdcol-inner\">\n<div class=\"amp-centerthirdcol-listbox\">\n<div class=\"apm-listbox amp-centerthirdcol-listbox a-box a-color-alternate-background a-spacing-small\">\n<div class=\"a-box-inner\">\n<div class=\"apm-listbox a-box a-color-alternate-background a-spacing-small\">\n<div class=\"a-box-inner\">\n<div class=\"apm-leftimage\">\n<h2>S\u00f8rg for, at din lille engel forbliver sikker, hvis der skulle opst\u00e5 brand!<\/h2>\n<h3>Pr\u00e6sentation af den ultimative n\u00f8dbrandevakueringsenhed til b\u00f8rn eller k\u00e6ledyr, udbudt af ISOP!<\/h3>\n<p>Bor du p\u00e5 5. sal og bekymrer dig om dine b\u00f8rns sikkerhed i tilf\u00e6lde af brand? Ville du sove bedre ved at vide, at dit barn eller k\u00e6ledyr sikkert kunne flygte uden for bygningen?<\/p>\n<p>Denne brandflugtstaske lavet i form af en rygs\u00e6k, s\u00e5 i n\u00f8dstilf\u00e6lde lader den dig placere et sp\u00e6dbarn eller et k\u00e6ledyr derinde, bare tag den p\u00e5 og l\u00f8b ud eller s\u00e6nk den ned fra et vindue ved hj\u00e6lp af et kraftigt reb.<\/p>\n<\/div>\n<div class=\"apm-rightthirdcol\">\n<div class=\"apm-rightthirdcol-inner\">\n<h3 class=\"a-spacing-base\" style=\"text-align: left\">Tag dit barn fra fare til sikkerhed i 3 trin!<\/h3>\n<p class=\"a-spacing-base\" style=\"text-align: left\">Fold n\u00f8dudgangsanordningen ud<br \/>\nL\u00e6g en pude indeni og dit barn eller k\u00e6ledyr p\u00e5 den<br \/>\nS\u00e6nk posen med dets dyrebare indhold fra ydersiden af bygningen til jorden<\/p>\n<div class=\"amp-centerthirdcol-listbox\">\n<div class=\"apm-listbox amp-centerthirdcol-listbox a-box a-color-alternate-background a-spacing-small\">\n<div class=\"a-box-inner\">\n<h3 class=\"a-color-secondary\">Lige meget om du bor p\u00e5 1. eller 5. sal, vil dit barn komme sikkert til jorden, v\u00e6k fra livstruende brand og kv\u00e6lende r\u00f8g.<\/h3>\n<h3 class=\"a-color-secondary\">Hvorfor v\u00e6lge ISOP brand n\u00f8dudflugtstaske?<\/h3>\n<div class=\"apm-listbox a-box a-color-alternate-background a-spacing-small\">\n<div class=\"a-box-inner\">\n<ul class=\"a-unordered-list a-vertical\">\n<li>Kommer med det 15 m GRATIS kraftige reb<\/li>\n<li>Fantastisk til hjem op til 5. etage<\/li>\n<li>Stor PVC-belagt mesh-front for bedre luftgennemstr\u00f8mning<\/li>\n<li>Nem at opbevare i den praktiske opbevaringspose<\/li>\n<li>Suppler dit n\u00f8dv\u00e6rkt\u00f8jss\u00e6t<\/li>\n<li>Anbefales til b\u00f8rn op til 35 kg<\/li>\n<\/ul>\n<p>Du beh\u00f8ver ikke at miste s\u00f8vn over din lille engels sikkerhed l\u00e6ngere!<\/p>\n<p>Hos ISOP har vi l\u00e6nge tilbudt dig det bedste indenfor brandflugtsudstyr. Vores brandflugtsstiger, brands\u00e6kke har givet os tillid fra vores v\u00e6rdifulde kunder.<\/p>\n<p>Brug p\u00e5 eget ansvar.<\/p>\n<ul class=\"a-unordered-list a-vertical a-spacing-none\">\n<li>HOLD DINE K\u00c6RTE SIKKERE: S\u00f8rg for, at dit barn forbliver sikkert i tilf\u00e6lde af brand! L\u00e6g en pude i denne brandsikring, s\u00e6t dit barn &#8211; eller din pelsede ven &#8211; indeni og s\u00e6nk dem ned i sikkerhed.<\/li>\n<li>LET AT BRUGE OG OPBEVARE: Bare udfold dette brugervenlige brandn\u00f8dv\u00e6rkt\u00f8j og spild ingen tid i tilf\u00e6lde af brand! Dette livreddende brandn\u00f8dv\u00e6rkt\u00f8j kommer med en praktisk opbevaringspose til pladsbesparende opbevaring.<\/li>\n<li>ALT DU BRUGER TIL EN HURTIG BRANDSLUT I \u00c9N TASKE: Vi tilbyder dig det kraftige 15 m reb som en bonus, s\u00e5 du har alt, hvad du skal bruge, klar til dit barns sikre brandflugt p\u00e5 \u00e9t sted.<\/li>\n<li>DIMENSIONER: 48\/45\/25 cm<\/li>\n<\/ul>\n<p>F\u00e5s ogs\u00e5 i <a href=\"https:\/\/isopllc.com\/dk\/product\/brandevakueringsenhed-til-boern-eller-kaeledyr-op-til-70-kg\/\"><strong>stor st\u00f8rrelse.<\/strong><\/a><\/p>\n<\/div>\n<\/div>\n<\/div>\n<\/div>\n<\/div>\n<\/div>\n<\/div>\n<\/div>\n<\/div>\n<\/div>\n<\/div>\n<\/div>\n<\/div>\n<\/div>\n<\/div>\n<\/div>\n<\/div>\n<\/div>\n<\/div>\n<\/div>\n","protected":false},"excerpt":{"rendered":"[embed]https:\/\/youtu.be\/CibbM2ptXVY[\/embed]\n<p class=\"mceTemp\" style=\"text-align: center\">Kompakt b\u00f8rnesikkerhedsudstyr | Reb 15 m Inkl. | Redningstaske med snoretr\u00e6k til sp\u00e6db\u00f8rn og dyr (medium)<\/p>\n<p style=\"text-align: center\">GRATIS LEVERING INDEN FOR 3-7 DAGE<\/p>\n<h4 style=\"text-align: center\"><strong>K\u00d8B DEN P\u00c5<\/strong><\/h4>\n<p style=\"text-align: center\"><a href=\"https:\/\/www.amazon.de\/dp\/B07RQH4NNR?ref=myi_title_dp\"><img loading=\"lazy\" decoding=\"async\" class=\"wp-image-1040 size-full aligncenter\" src=\"https:\/\/rightfoodonly.com\/wp-content\/uploads\/amazon-button9.png\" alt=\"\" width=\"160\" height=\"59\" \/><\/a><\/p>\n<p>&nbsp;<\/p>\n","protected":false},"featured_media":4255,"comment_status":"open","ping_status":"closed","template":"","meta":[],"product_brand":[],"product_cat":[163],"product_tag":[50,49,38,37,51,52,36],"class_list":{"0":"post-1296","1":"product","2":"type-product","3":"status-publish","4":"has-post-thumbnail","6":"product_cat-brandtrappe-til-kaeledyr","7":"product_tag-boern","8":"product_tag-brandevakueringsenhed","9":"product_tag-brandudstyr","10":"product_tag-evakuering","11":"product_tag-kaeledyr","12":"product_tag-op-til-25-kg","13":"product_tag-sikkerhed","15":"first","16":"instock","17":"shipping-taxable","18":"purchasable","19":"product-type-variable"},"_links":{"self":[{"href":"https:\/\/isopllc.com\/dk\/wp-json\/wp\/v2\/product\/1296","targetHints":{"allow":["GET"]}}],"collection":[{"href":"https:\/\/isopllc.com\/dk\/wp-json\/wp\/v2\/product"}],"about":[{"href":"https:\/\/isopllc.com\/dk\/wp-json\/wp\/v2\/types\/product"}],"replies":[{"embeddable":true,"href":"https:\/\/isopllc.com\/dk\/wp-json\/wp\/v2\/comments?post=1296"}],"wp:featuredmedia":[{"embeddable":true,"href":"https:\/\/isopllc.com\/dk\/wp-json\/wp\/v2\/media\/4255"}],"wp:attachment":[{"href":"https:\/\/isopllc.com\/dk\/wp-json\/wp\/v2\/media?parent=1296"}],"wp:term":[{"taxonomy":"product_brand","embeddable":true,"href":"https:\/\/isopllc.com\/dk\/wp-json\/wp\/v2\/product_brand?post=1296"},{"taxonomy":"product_cat","embeddable":true,"href":"https:\/\/isopllc.com\/dk\/wp-json\/wp\/v2\/product_cat?post=1296"},{"taxonomy":"product_tag","embeddable":true,"href":"https:\/\/isopllc.com\/dk\/wp-json\/wp\/v2\/product_tag?post=1296"}],"curies":[{"name":"wp","href":"https:\/\/api.w.org\/{rel}","templated":true}]}}