{"id":1489,"date":"2020-02-06T04:57:10","date_gmt":"2020-02-06T04:57:10","guid":{"rendered":"https:\/\/rightfoodonly.com\/?post_type=product&#038;p=1489"},"modified":"2025-07-01T14:50:09","modified_gmt":"2025-07-01T14:50:09","slug":"udendoers-klatrerebstige-8-m","status":"publish","type":"product","link":"https:\/\/isopllc.com\/dk\/product\/udendoers-klatrerebstige-8-m\/","title":{"rendered":"Udend\u00f8rs klatrerebstige 8 m"},"content":{"rendered":"<h3><img loading=\"lazy\" decoding=\"async\" class=\"alignnone size-medium\" src=\"https:\/\/m.media-amazon.com\/images\/S\/aplus-media\/sc\/b8ed94ac-c904-409e-b504-aa88009b57f7.__CR0,0,970,300_PT0_SX970_V1___.jpg\" width=\"970\" height=\"300\" \/><\/h3>\n<h2 style=\"text-align: center;\">Udend\u00f8rs klatrerebstige 8 m<\/h2>\n<div class=\"celwidget aplus-module module-9\" style=\"text-align: center;\" data-csa-c-id=\"8qdekw-f2p4k0-r9icce-qoj6p0\" data-cel-widget=\"aplus-module-9\">\n<div class=\"a-expander-collapsed-height a-row a-expander-container a-expander-partial-collapse-container\" data-a-expander-name=\"aplus-module-expander\" data-a-expander-collapsed-height=\"700\">\n<div class=\"a-expander-content a-expander-partial-collapse-content\">\n<div class=\"aplus-module-wrapper\">\n<div class=\"apm-spacing apm-fixed-width\">\n<div class=\"celwidget aplus-module module-9\" style=\"text-align: center;\" data-csa-c-id=\"8qdekw-f2p4k0-r9icce-qoj6p0\" data-cel-widget=\"aplus-module-9\">\n<div class=\"a-expander-collapsed-height a-row a-expander-container a-expander-partial-collapse-container\" data-a-expander-name=\"aplus-module-expander\" data-a-expander-collapsed-height=\"700\">\n<div class=\"a-expander-content a-expander-partial-collapse-content\">\n<div class=\"aplus-module-wrapper\">\n<div class=\"apm-spacing apm-fixed-width\">\n<p>En rebstige er en fantastisk m\u00e5de at inkorporere et nyt element af sjov i dit barns legeplads. En rebstige til tr\u00e6hus er en af m\u00e5derne at g\u00f8re det p\u00e5. Du skal v\u00e6lge den bedste til udend\u00f8rsrummet eller tr\u00e6hytten og opmuntre dit barn til at udforske deres eventyrlige side i deres legetimer.<br \/>\nDa de udelukkende er beregnet til at holde et barns sikkerhedsforanstaltninger for \u00f8je, er det sikkert og p\u00e5lideligt at blive brugt p\u00e5 ethvert givet tidspunkt. Til et tr\u00e6hus er et af de mange vigtige elementer rebstigen. Det er derfor vigtigt at v\u00e6re udstyret med flere sikkerhedsfunktioner. Hos ISOP kommer en rebstige til tr\u00e6hus med s\u00e6rlige funktioner. Lad os tale om det:<\/p>\n<h3 class=\"a-spacing-small\">Hvorfor v\u00e6lge os?<\/h3>\n<p><img loading=\"lazy\" decoding=\"async\" class=\" wp-image-4702 aligncenter\" src=\"https:\/\/isopllc.com\/dk\/wp-content\/uploads\/sites\/14\/2022\/11\/reflective-rope-ladders-225x300.jpg\" alt=\"\" width=\"300\" height=\"400\" srcset=\"https:\/\/isopllc.com\/dk\/wp-content\/uploads\/sites\/14\/2022\/11\/reflective-rope-ladders-225x300.jpg 225w, https:\/\/isopllc.com\/dk\/wp-content\/uploads\/sites\/14\/2022\/11\/reflective-rope-ladders-768x1024.jpg 768w, https:\/\/isopllc.com\/dk\/wp-content\/uploads\/sites\/14\/2022\/11\/reflective-rope-ladders-750x1000.jpg 750w, https:\/\/isopllc.com\/dk\/wp-content\/uploads\/sites\/14\/2022\/11\/reflective-rope-ladders-416x555.jpg 416w, https:\/\/isopllc.com\/dk\/wp-content\/uploads\/sites\/14\/2022\/11\/reflective-rope-ladders.jpg 1080w\" sizes=\"auto, (max-width: 300px) 100vw, 300px\" \/><\/p>\n<h4>Patenteret reflekterende teknologi<\/h4>\n<p>Denne stige er designet med bekvemmelighed og tilg\u00e6ngelighed i tankerne.<\/p>\n<p>En speciel reflekterende strimmel v\u00e6vet ind i dette nylonreb g\u00f8r det meget synligt i lommelygtens str\u00e5le, s\u00e5 du ikke snubler over det om natten.<\/p>\n<div class=\"apm-sidemodule-textright\">\n<p>&nbsp;<\/p>\n<\/div>\n<p><img decoding=\"async\" class=\"a-spacing-mini aligncenter\" style=\"font-weight: 600;\" src=\"https:\/\/m.media-amazon.com\/images\/S\/aplus-media\/sc\/1d1c9f11-8b81-43e1-b2d9-232d2a154745.__CR0,193,641,641_PT0_SX300_V1___.jpg\" alt=\"Sturdy\" data-src=\"https:\/\/m.media-amazon.com\/images\/S\/aplus-media\/sc\/1d1c9f11-8b81-43e1-b2d9-232d2a154745.__CR0,193,641,641_PT0_SX300_V1___.jpg\" \/><\/p>\n<h4 class=\"apm-spacing apm-fixed-width\">ULTRA kraftfuld<\/h4>\n<p class=\"apm-spacing apm-fixed-width\">der er ingen st\u00e6rkere og mere p\u00e5lidelige stiger end vores, testede (!) &#8211; med 900 kg eller 10 personer! Selv k\u00e6destiger kan ikke prale af denne v\u00e6gtkapacitet.<\/p>\n<p><img decoding=\"async\" class=\"a-spacing-mini aligncenter\" src=\"https:\/\/m.media-amazon.com\/images\/S\/aplus-media\/sc\/66906d66-df90-4038-8550-d72faf80c38f.__CR0,0,1200,1200_PT0_SX300_V1___.jpg\" alt=\"Multifunction\" data-src=\"https:\/\/m.media-amazon.com\/images\/S\/aplus-media\/sc\/66906d66-df90-4038-8550-d72faf80c38f.__CR0,0,1200,1200_PT0_SX300_V1___.jpg\" \/><\/p>\n<h4>Multifunktion<\/h4>\n<p>kan bruges til forskellige form\u00e5l s\u00e5som legeplads, gynger, tr\u00e6hus, loft, have, tag, hems, bunker, marine og endda dekorative form\u00e5l samt brandflugtsstige. Uendelig r\u00e6kke af brugsmuligheder.<\/p>\n<p><img decoding=\"async\" class=\"a-spacing-mini aligncenter\" src=\"https:\/\/m.media-amazon.com\/images\/S\/aplus-media\/sc\/a53251f8-492d-40f3-a9db-2bdd1415646f.__CR1018,0,1260,1260_PT0_SX300_V1___.png\" alt=\"anti-slip\" data-src=\"https:\/\/m.media-amazon.com\/images\/S\/aplus-media\/sc\/a53251f8-492d-40f3-a9db-2bdd1415646f.__CR1018,0,1260,1260_PT0_SX300_V1___.png\" \/><\/p>\n<div class=\"apm-spacing apm-fixed-width\">\n<h4>Skridsikre trin<\/h4>\n<p>trinene er ottekantede, s\u00e5 de er p\u00e5lidelige og ikke glatte.<\/p>\n<h4 class=\"a-spacing-mini\"><img decoding=\"async\" class=\"aligncenter\" style=\"font-size: 16px;\" src=\"https:\/\/m.media-amazon.com\/images\/S\/aplus-media\/sc\/2b5aeb68-441e-435d-b89c-5d2faf4eb063.__CR0,0,1000,1000_PT0_SX220_V1___.jpg\" alt=\"Portable\" data-src=\"https:\/\/m.media-amazon.com\/images\/S\/aplus-media\/sc\/2b5aeb68-441e-435d-b89c-5d2faf4eb063.__CR0,0,1000,1000_PT0_SX220_V1___.jpg\" \/><\/h4>\n<h4>Transportabel<\/h4>\n<p>kommer med en flot designet sort taske. Stigen er nem at have med overalt i en taske. Inkluderer en gave\u00e6ske i naturlig tr\u00e6farve.<\/p>\n<h4 class=\"a-spacing-mini\"><img decoding=\"async\" class=\"aligncenter\" style=\"font-size: 16px;\" src=\"https:\/\/m.media-amazon.com\/images\/S\/aplus-media\/sc\/f2e8fc4d-adcb-4ad8-87e7-2d18df74811d.__CR0,13,974,974_PT0_SX220_V1___.jpg\" alt=\"Lightweight\" data-src=\"https:\/\/m.media-amazon.com\/images\/S\/aplus-media\/sc\/f2e8fc4d-adcb-4ad8-87e7-2d18df74811d.__CR0,13,974,974_PT0_SX220_V1___.jpg\" \/><\/h4>\n<h4>Letv\u00e6gts<\/h4>\n<p>for eksempel vejer 2,5 m stige kun 1,8 kg.<\/p>\n<h4 class=\"a-spacing-mini\"><img decoding=\"async\" class=\"aligncenter\" style=\"font-size: 16px;\" src=\"https:\/\/m.media-amazon.com\/images\/S\/aplus-media\/sc\/0552c400-f2fc-46a1-84a9-d5030a1ca8e2.__CR0,0,1000,1000_PT0_SX220_V1___.jpg\" alt=\"Weather resistant\" data-src=\"https:\/\/m.media-amazon.com\/images\/S\/aplus-media\/sc\/0552c400-f2fc-46a1-84a9-d5030a1ca8e2.__CR0,0,1000,1000_PT0_SX220_V1___.jpg\" \/><\/h4>\n<\/div>\n<div>\n<div class=\"celwidget aplus-module module-9\" style=\"text-align: center;\" data-csa-c-id=\"3d7463-l3bdk0-ygs321-8assbf\" data-cel-widget=\"aplus-module-9\">\n<div class=\"a-expander-collapsed-height a-row a-expander-container a-expander-partial-collapse-container\" data-a-expander-name=\"aplus-module-expander\" data-a-expander-collapsed-height=\"700\">\n<div class=\"a-expander-content a-expander-partial-collapse-content\">\n<div class=\"aplus-module-wrapper\">\n<div>\n<h4>Vejrbestandig<\/h4>\n<p>n\u00e6sten aldrig \u00e6ldning stiger til noget vejr, kan ikke blive beskadiget i regnen.<\/p>\n<h4 class=\"a-spacing-mini\"><img decoding=\"async\" class=\"aligncenter\" style=\"font-size: 16px;\" src=\"https:\/\/m.media-amazon.com\/images\/S\/aplus-media\/sc\/14916db8-10a6-4760-8535-f49470d709ad.__CR11,0,1189,1189_PT0_SX220_V1___.jpg\" alt=\"Heavy duty carabiners\" data-src=\"https:\/\/m.media-amazon.com\/images\/S\/aplus-media\/sc\/14916db8-10a6-4760-8535-f49470d709ad.__CR11,0,1189,1189_PT0_SX220_V1___.jpg\" \/><\/h4>\n<\/div>\n<\/div>\n<\/div>\n<\/div>\n<\/div>\n<div class=\"celwidget aplus-module module-4\" style=\"text-align: center;\" data-csa-c-id=\"5glng-jun4yd-v4jukx-uxl7pr\" data-cel-widget=\"aplus-module-4\">\n<div class=\"a-expander-collapsed-height a-row a-expander-container a-expander-partial-collapse-container\" data-a-expander-name=\"aplus-module-expander\" data-a-expander-collapsed-height=\"700\">\n<div class=\"a-expander-content a-expander-partial-collapse-content\">\n<div class=\"aplus-module-wrapper\">\n<div class=\"apm-spacing\">\n<div class=\"apm-floatleft apm-fixed-width\">\n<div class=\"apm-spacing\">\n<h4>Kraftige karabinhager<\/h4>\n<p>stigerne inkluderer forkromede karabinhager brudstyrke 11KN.<\/p>\n<\/div>\n<\/div>\n<\/div>\n<\/div>\n<\/div>\n<\/div>\n<\/div>\n<\/div>\n<\/div>\n<\/div>\n<\/div>\n<\/div>\n<\/div>\n<div class=\"celwidget aplus-module module-4\" style=\"text-align: center;\" data-csa-c-id=\"r0jyvc-byof08-6y9606-vmksqx\" data-cel-widget=\"aplus-module-4\">\n<div class=\"a-expander-collapsed-height a-row a-expander-container a-expander-partial-collapse-container\" data-a-expander-name=\"aplus-module-expander\" data-a-expander-collapsed-height=\"700\">\n<div class=\"a-expander-content a-expander-partial-collapse-content\">\n<p><img decoding=\"async\" class=\"a-spacing-mini aligncenter\" src=\"https:\/\/m.media-amazon.com\/images\/S\/aplus-media\/sc\/d843778e-92b5-40e7-a239-8e35fcbadff6.__CR0,0,2000,2000_PT0_SX300_V1___.jpg\" alt=\"Different length\" data-src=\"https:\/\/m.media-amazon.com\/images\/S\/aplus-media\/sc\/d843778e-92b5-40e7-a239-8e35fcbadff6.__CR0,0,2000,2000_PT0_SX300_V1___.jpg\" \/><\/p>\n<div class=\"celwidget aplus-module module-4\" style=\"text-align: center;\" data-csa-c-id=\"5glng-jun4yd-v4jukx-uxl7pr\" data-cel-widget=\"aplus-module-4\">\n<div class=\"a-expander-collapsed-height a-row a-expander-container a-expander-partial-collapse-container\" data-a-expander-name=\"aplus-module-expander\" data-a-expander-collapsed-height=\"700\">\n<div class=\"a-expander-content a-expander-partial-collapse-content\">\n<h4>Forskellig l\u00e6ngde<\/h4>\n<p>tilg\u00e6ngelige 2,5, 4, 5, 8, 10 meter stiger til 1 &#8211; 4 etagers huse.<\/p>\n<h4 class=\"a-spacing-mini\"><img decoding=\"async\" class=\"a-spacing-mini aligncenter\" style=\"font-size: 16px;\" src=\"https:\/\/m.media-amazon.com\/images\/S\/aplus-media\/sc\/b32fbb7f-dd3b-4bce-a9d4-1f51dbe477df.__CR0,0,1000,1000_PT0_SX300_V1___.jpg\" alt=\"reusable\" data-src=\"https:\/\/m.media-amazon.com\/images\/S\/aplus-media\/sc\/b32fbb7f-dd3b-4bce-a9d4-1f51dbe477df.__CR0,0,1000,1000_PT0_SX300_V1___.jpg\" \/><\/h4>\n<\/div>\n<\/div>\n<div>\n<h4>Genanvendelig<\/h4>\n<p>i mods\u00e6tning til andre aluminiumsstiger er vores rebstiger genanvendelige.<\/p>\n<\/div>\n<\/div>\n<h4 class=\"a-spacing-mini\"><img decoding=\"async\" class=\"aligncenter\" style=\"font-size: 16px;\" src=\"https:\/\/m.media-amazon.com\/images\/S\/aplus-media\/sc\/7c7570fe-6600-49ef-9540-55b6a874c8a7.__CR0,0,1280,1280_PT0_SX300_V1___.jpg\" alt=\"THE BEST\" data-src=\"https:\/\/m.media-amazon.com\/images\/S\/aplus-media\/sc\/7c7570fe-6600-49ef-9540-55b6a874c8a7.__CR0,0,1280,1280_PT0_SX300_V1___.jpg\" \/><\/h4>\n<div class=\"apm-sidemodule-imageleft\">\n<div class=\"apm-sidemodule-textright\"><\/div>\n<\/div>\n<div class=\"apm-sidemodule-textright\">\n<h4>DET BEDSTE<\/h4>\n<p>Der er andre tilbud p\u00e5 rebstige, der ligner vores. MEN (!) de fletter ikke nok tr\u00e5de ind i rebene og sparer p\u00e5 dette, derfor er rebene utilstr\u00e6kkeligt t\u00e6tte eller stramme, derfor er de ikke p\u00e5lidelige.<\/p>\n<h3>G\u00f8r dig klar til det mest forfriskende eventyr!<br \/>\nVi pr\u00e6senterer den ultimative klatrerebstige til tr\u00e6hus, skabt af ISOP<\/h3>\n<p>Vores multifunktionelle rebstige er alsidig og kan bruges til en bred vifte af sjove aktiviteter, herunder at h\u00e6nge, gynge eller klatre i en tr\u00e6hytte. Fremstillet med f\u00f8rsteklasses materialer, er den st\u00e6rk og robust og kommer i 3 forskellige st\u00f8rrelser for at opfylde dine specifikke behov.<\/p>\n<h3 class=\"a-spacing-mini\" style=\"text-align: left;\">Kan bruges til\/som:<\/h3>\n<ul class=\"a-unordered-list a-vertical\" style=\"text-align: left;\">\n<li>H\u00e6ngende fra et tr\u00e6<\/li>\n<li>Klatring i en tr\u00e6hytte<\/li>\n<li>Et gyngestativ eller endda som en forhindringsbane<\/li>\n<li>Et ninja reb<\/li>\n<li>I n\u00f8dstilf\u00e6lde &#8211; som brandstiger<\/li>\n<\/ul>\n<div class=\"amp-centerthirdcol-listbox\">\n<div class=\"a-box a-spacing-small a-color-alternate-background apm-listbox amp-centerthirdcol-listbox\">\n<div class=\"a-box-inner\">\n<h3 class=\"a-color-secondary\" style=\"text-align: left;\">Funktioner og fordele:<\/h3>\n<ul class=\"a-unordered-list a-vertical\">\n<li style=\"text-align: left;\">Sjov rekvisit hj\u00e6lper med at nyde kvalitetstid med b\u00f8rnene<\/li>\n<li style=\"text-align: left;\">Kan bruges indend\u00f8rs og udend\u00f8rs<\/li>\n<li style=\"text-align: left;\">Premium nylonstropper &#8211; vandafvisende og skridsikker<\/li>\n<li style=\"text-align: left;\">Heavy Duty karabinhager giver mulighed for hurtig installation og nem forankring<\/li>\n<li style=\"text-align: left;\">Hj\u00e6lper med at forbedre barnets fysiske styrke, mentale evner og motorik<\/li>\n<li style=\"text-align: left;\">Forst\u00e6rkede trin giver ekstra holdbarhed<\/li>\n<li style=\"text-align: left;\">Nem at bruge &#8211; kr\u00e6ver ikke noget v\u00e6rkt\u00f8j<\/li>\n<li style=\"text-align: left;\">Letv\u00e6gts og b\u00e6rbar<\/li>\n<li style=\"text-align: left;\">Kompakt for nem opbevaring<\/li>\n<li style=\"text-align: left;\">Leveres i en stilfuld sort taske &amp; \u00e6ske med h\u00e5ndtag og de n\u00f8dvendige karabinhager<\/li>\n<\/ul>\n<\/div>\n<\/div>\n<\/div>\n<\/div>\n<\/div>\n<\/div>\n<\/div>\n<\/div>\n<\/div>\n<\/div>\n<\/div>\n<\/div>\n","protected":false},"excerpt":{"rendered":"[embed]https:\/\/youtu.be\/4QCAov7aA5Y[\/embed]\n<p class=\"mceTemp\" style=\"text-align: center;\">Udend\u00f8rs klatrerebstige 8 m &#8211; H\u00e6ngende reb med kroge til teenagere og voksne &#8211; Tr\u00e6ningsrebstige til gyngestativ og tr\u00e6hytte<\/p>\n<p style=\"text-align: center;\">GRATIS LEVERING INDEN FOR 3-7 DAGE<\/p>\n<h4 style=\"text-align: center;\"><strong>K\u00d8B DEN P\u00c5<\/strong><\/h4>\n<p style=\"text-align: center;\"><a href=\"https:\/\/www.amazon.de\/dp\/B07PLNSY5K?ref=myi_title_dp\"><img loading=\"lazy\" decoding=\"async\" class=\"wp-image-1040 size-full aligncenter\" src=\"https:\/\/rightfoodonly.com\/wp-content\/uploads\/amazon-button9.png\" alt=\"\" width=\"160\" height=\"59\" \/><\/a><\/p>\n<p>&nbsp;<\/p>\n","protected":false},"featured_media":4894,"comment_status":"open","ping_status":"closed","template":"","meta":[],"product_brand":[],"product_cat":[172,170,167],"product_tag":[64,91,36,157,48],"class_list":{"0":"post-1489","1":"product","2":"type-product","3":"status-publish","4":"has-post-thumbnail","6":"product_cat-brandtrappestiger-med-3-etager","7":"product_cat-rebtrappestiger-til-brandtrappe","8":"product_cat-vaegmonterede-stiger","9":"product_tag-8-m","10":"product_tag-klatring","11":"product_tag-sikkerhed","12":"product_tag-udendoers-klatrerebstige","13":"product_tag-udendoers-udstyr","15":"first","16":"instock","17":"shipping-taxable","18":"purchasable","19":"product-type-simple"},"_links":{"self":[{"href":"https:\/\/isopllc.com\/dk\/wp-json\/wp\/v2\/product\/1489","targetHints":{"allow":["GET"]}}],"collection":[{"href":"https:\/\/isopllc.com\/dk\/wp-json\/wp\/v2\/product"}],"about":[{"href":"https:\/\/isopllc.com\/dk\/wp-json\/wp\/v2\/types\/product"}],"replies":[{"embeddable":true,"href":"https:\/\/isopllc.com\/dk\/wp-json\/wp\/v2\/comments?post=1489"}],"wp:featuredmedia":[{"embeddable":true,"href":"https:\/\/isopllc.com\/dk\/wp-json\/wp\/v2\/media\/4894"}],"wp:attachment":[{"href":"https:\/\/isopllc.com\/dk\/wp-json\/wp\/v2\/media?parent=1489"}],"wp:term":[{"taxonomy":"product_brand","embeddable":true,"href":"https:\/\/isopllc.com\/dk\/wp-json\/wp\/v2\/product_brand?post=1489"},{"taxonomy":"product_cat","embeddable":true,"href":"https:\/\/isopllc.com\/dk\/wp-json\/wp\/v2\/product_cat?post=1489"},{"taxonomy":"product_tag","embeddable":true,"href":"https:\/\/isopllc.com\/dk\/wp-json\/wp\/v2\/product_tag?post=1489"}],"curies":[{"name":"wp","href":"https:\/\/api.w.org\/{rel}","templated":true}]}}