{"id":4131,"date":"2020-07-22T12:50:06","date_gmt":"2020-07-22T12:50:06","guid":{"rendered":"https:\/\/isopllc.com\/uk\/?post_type=product&#038;p=4131"},"modified":"2025-07-01T14:48:35","modified_gmt":"2025-07-01T14:48:35","slug":"helkrops-klatresele-med-snor","status":"publish","type":"product","link":"https:\/\/isopllc.com\/dk\/product\/helkrops-klatresele-med-snor\/","title":{"rendered":"Helkrops klatresele med snor"},"content":{"rendered":"<div class=\"celwidget aplus-module module-9\" data-cel-widget=\"aplus-module-9\">\n<div class=\"a-expander-collapsed-height a-row a-expander-container a-expander-partial-collapse-container\" data-a-expander-name=\"aplus-module-expander\" data-a-expander-collapsed-height=\"700\">\n<div class=\"a-expander-content a-expander-partial-collapse-content\">\n<div class=\"aplus-module-wrapper\">\n<div class=\"apm-spacing apm-fixed-width\">\n<ul class=\"a-unordered-list a-vertical\">\n<li>Fantastisk bygget: ISOP 5D-ring industriel helkropssele har en rygring, der er placeret p\u00e5 ryggen og to p\u00e5 skulderen, to p\u00e5 hoften til arbejdspositionering. Rygringen bruges prim\u00e6rt til faldstop og bruges ogs\u00e5 til fastholdelse og redning. Fronten best\u00e5r af to stropper, som blev brugt til s\u00e6deslynge eller stigefastg\u00f8relsespunkt. De to l\u00f8kker skal forbindes med en karabinhage eller sikkerhedskrog som \u00e9t fastg\u00f8relsespunkt.<\/li>\n<li>Superkomfortabel: Vores professionelle sikkerhedssele giver dig en komfortabel taljepude og benpudesamling, giver arbejderne uendelig justering op og ned og i vinkler for perfekt pasform. Fantastisk til byggeri, nedrivning, klatring, svejsning, tagd\u00e6kning, camping, n\u00f8dsituationer, f\u00f8rstehj\u00e6lper, landskabspleje, brol\u00e6gning, politi, jernbane, sanitet, sikkerhed, landm\u00e5ler, arborist, vinduesvasker, tagrender og mere.<\/li>\n<li>Universal st\u00f8rrelse: One size passer til m\u00e6nd og kvinder (S-M-XL). Taljem\u00e5l: 66-130 cm. Benm\u00e5l: 46-76cm. Den er nem at tage hurtigt p\u00e5, behagelig at have p\u00e5 hele dagen og nem at bruge.<\/li>\n<li>PREMIUM MATERIALE OG FAST SYNING: Alle vores sikkerhedsseler var lavet af 100 % premium h\u00f8jstyrke industrielle syntetiske polyesterfibre, som har stor ydeevne i \u00e6ldnings-, slid- og varmebestandighed og sikrer, at b\u00e5ndets styrke er op til 25KN.<\/li>\n<\/ul>\n<p><img decoding=\"async\" class=\"aligncenter\" src=\"https:\/\/m.media-amazon.com\/images\/S\/aplus-media\/sc\/b2ce0b46-0c95-4365-8c61-a5fd05505e58.__CR0,0,970,300_PT0_SX970_V1___.jpg\" alt=\"belt-harness\" data-src=\"https:\/\/m.media-amazon.com\/images\/S\/aplus-media\/sc\/b2ce0b46-0c95-4365-8c61-a5fd05505e58.__CR0,0,970,300_PT0_SX970_V1___.jpg\" \/><\/p>\n<\/div>\n<\/div>\n<\/div>\n<\/div>\n<\/div>\n<div class=\"celwidget aplus-module module-12\" data-cel-widget=\"aplus-module-12\">\n<div class=\"a-expander-collapsed-height a-row a-expander-container a-expander-partial-collapse-container\" data-a-expander-name=\"aplus-module-expander\" data-a-expander-collapsed-height=\"360\">\n<div class=\"a-expander-content a-expander-partial-collapse-content\">\n<div class=\"aplus-module-wrapper apm-spacing apm-floatnone\">\n<div class=\"apm-sidemodule aplus-module-content\">\n<div>\n<p>&nbsp;<\/p>\n<\/div>\n<p>&nbsp;<\/p>\n<\/div>\n<\/div>\n<\/div>\n<\/div>\n<\/div>\n","protected":false},"excerpt":{"rendered":"<p id=\"title\" class=\"a-size-large a-spacing-none\" style=\"text-align: center;\">Helkrops klatresele med snor &#8211; Strandet st\u00f8rrelse &#8211; Faldbeskyttelse &#8211; B\u00e6rbart personligt beskyttelsesudstyr til klatring<\/p>\n<p style=\"text-align: center;\">GRATIS LEVERING INDEN FOR 3-7 DAGE<\/p>\n<h4 style=\"text-align: center;\"><strong>K\u00d8B DEN P\u00c5<\/strong><\/h4>\n<p style=\"text-align: center;\"><a href=\"https:\/\/www.amazon.de\/dp\/B09X5K5W6J?ref=myi_title_dp\"><img loading=\"lazy\" decoding=\"async\" class=\"wp-image-1040 size-full aligncenter\" src=\"https:\/\/rightfoodonly.com\/wp-content\/uploads\/amazon-button9.png\" alt=\"\" width=\"160\" height=\"59\" \/><\/a><\/p>\n<p>&nbsp;<\/p>\n","protected":false},"featured_media":4275,"comment_status":"open","ping_status":"closed","template":"","meta":[],"product_brand":[],"product_cat":[164],"product_tag":[89,91,36,90,43],"class_list":{"0":"post-4131","1":"product","2":"type-product","3":"status-publish","4":"has-post-thumbnail","6":"product_cat-tilbehoer-til-brandstiger","7":"product_tag-helkrops-klatresele","8":"product_tag-klatring","9":"product_tag-sikkerhed","10":"product_tag-snor","11":"product_tag-udstyr","13":"first","14":"instock","15":"shipping-taxable","16":"purchasable","17":"product-type-simple"},"_links":{"self":[{"href":"https:\/\/isopllc.com\/dk\/wp-json\/wp\/v2\/product\/4131","targetHints":{"allow":["GET"]}}],"collection":[{"href":"https:\/\/isopllc.com\/dk\/wp-json\/wp\/v2\/product"}],"about":[{"href":"https:\/\/isopllc.com\/dk\/wp-json\/wp\/v2\/types\/product"}],"replies":[{"embeddable":true,"href":"https:\/\/isopllc.com\/dk\/wp-json\/wp\/v2\/comments?post=4131"}],"wp:featuredmedia":[{"embeddable":true,"href":"https:\/\/isopllc.com\/dk\/wp-json\/wp\/v2\/media\/4275"}],"wp:attachment":[{"href":"https:\/\/isopllc.com\/dk\/wp-json\/wp\/v2\/media?parent=4131"}],"wp:term":[{"taxonomy":"product_brand","embeddable":true,"href":"https:\/\/isopllc.com\/dk\/wp-json\/wp\/v2\/product_brand?post=4131"},{"taxonomy":"product_cat","embeddable":true,"href":"https:\/\/isopllc.com\/dk\/wp-json\/wp\/v2\/product_cat?post=4131"},{"taxonomy":"product_tag","embeddable":true,"href":"https:\/\/isopllc.com\/dk\/wp-json\/wp\/v2\/product_tag?post=4131"}],"curies":[{"name":"wp","href":"https:\/\/api.w.org\/{rel}","templated":true}]}}