{"id":4235,"date":"2020-09-03T03:04:14","date_gmt":"2020-09-03T03:04:14","guid":{"rendered":"https:\/\/isopllc.com\/uk\/?post_type=product&#038;p=4235"},"modified":"2025-07-01T14:48:05","modified_gmt":"2025-07-01T14:48:05","slug":"klatrestige-til-boern-2-m","status":"publish","type":"product","link":"https:\/\/isopllc.com\/dk\/product\/klatrestige-til-boern-2-m\/","title":{"rendered":"Klatrestige til b\u00f8rn 2 m"},"content":{"rendered":"<h3>Klatrestige til b\u00f8rn 2 m | Legeudstyr | Tr\u00e6stige Slack-line med karabinhager | Svingrebstige | Klatreleget\u00f8j til b\u00f8rn til gyngeg\u00e5rd<\/h3>\n<div class=\"celwidget aplus-module module-9 aplus-standard\" data-csa-c-id=\"dra0lg-qq9md5-8rjzq6-mk3tsy\" data-cel-widget=\"aplus-module-9\">\n<div class=\"a-expander-collapsed-height a-row a-expander-container a-expander-partial-collapse-container\" data-a-expander-name=\"aplus-module-expander\" data-a-expander-collapsed-height=\"700\">\n<div class=\"a-expander-content a-expander-partial-collapse-content\">\n<div class=\"aplus-module-wrapper apm-fixed-width\">\n<div class=\"apm-spacing apm-fixed-width\">\n<div class=\"celwidget aplus-module module-9 aplus-standard\" data-csa-c-id=\"dra0lg-qq9md5-8rjzq6-mk3tsy\" data-cel-widget=\"aplus-module-9\">\n<div class=\"a-expander-collapsed-height a-row a-expander-container a-expander-partial-collapse-container\" data-a-expander-name=\"aplus-module-expander\" data-a-expander-collapsed-height=\"700\">\n<div class=\"a-expander-content a-expander-partial-collapse-content\">\n<div class=\"aplus-module-wrapper apm-fixed-width\">\n<div class=\"apm-spacing apm-fixed-width\">\n<h3 class=\"a-spacing-small\">HVORFOR V\u00c6LGE OS<\/h3>\n<p><img decoding=\"async\" class=\"a-spacing-mini\" style=\"font-weight: 600;\" src=\"https:\/\/m.media-amazon.com\/images\/S\/aplus-media\/sc\/d82a1e3e-a900-400f-bdc7-88edbf99815e.__CR0,33,467,467_PT0_SX300_V1___.jpg\" alt=\"EXTREMELY DURABLE\" data-src=\"https:\/\/m.media-amazon.com\/images\/S\/aplus-media\/sc\/d82a1e3e-a900-400f-bdc7-88edbf99815e.__CR0,33,467,467_PT0_SX300_V1___.jpg\" \/><\/p>\n<h4>EKSTREMT HOLDBAR<\/h4>\n<p>Tr\u00e6st\u00e6nger med en diameter p\u00e5 2,5 cm og nylonreb bruges til vores stiger, der skal b\u00e6re en elefant! ikke kun b\u00f8rn.<\/p>\n<p><img decoding=\"async\" class=\"a-spacing-mini\" src=\"https:\/\/m.media-amazon.com\/images\/S\/aplus-media\/sc\/4604e7fb-7786-4a3c-a69a-de2cfa6981c3.__CR0,0,1000,1000_PT0_SX300_V1___.jpg\" alt=\"Rope ladder\" data-src=\"https:\/\/m.media-amazon.com\/images\/S\/aplus-media\/sc\/4604e7fb-7786-4a3c-a69a-de2cfa6981c3.__CR0,0,1000,1000_PT0_SX300_V1___.jpg\" \/><\/p>\n<h4>VEJRB\u00c6STIGT<\/h4>\n<p>Materialer brugt til Klatrestige til b\u00f8rn 2 m g\u00f8r det muligt at modst\u00e5 alle vejrforhold.<\/p>\n<h4 class=\"a-spacing-mini\"><img decoding=\"async\" class=\"a-spacing-mini\" style=\"font-size: 16px;\" src=\"https:\/\/m.media-amazon.com\/images\/S\/aplus-media\/sc\/6f8fabcf-0a0b-4280-9baa-ddc10f50f697.__CR0,0,1000,1000_PT0_SX300_V1___.jpg\" alt=\"MULTI USE\" data-src=\"https:\/\/m.media-amazon.com\/images\/S\/aplus-media\/sc\/6f8fabcf-0a0b-4280-9baa-ddc10f50f697.__CR0,0,1000,1000_PT0_SX300_V1___.jpg\" \/><\/h4>\n<h4>MULTIBRUG<\/h4>\n<p>Disse stiger til b\u00f8rn er holdbare, lette og b\u00e6rbare, s\u00e5 de kan bruges ikke kun til b\u00f8rn og ikke kun som en del af en legeplads, men ogs\u00e5 som loftstige, loftsstige, klatrestige, sikkerhedsstige, brandflugtsstige, b\u00e5d stige, snige sig ud fra sovev\u00e6relse p\u00e5 anden etager og s\u00e5 videre.<\/p>\n<p><img decoding=\"async\" class=\"a-spacing-mini\" src=\"https:\/\/m.media-amazon.com\/images\/S\/aplus-media\/sc\/17d6b901-16b9-43e1-82ca-f4dc630b4be9.__CR0,0,1000,1000_PT0_SX300_V1___.jpg\" alt=\"lightweight\" data-src=\"https:\/\/m.media-amazon.com\/images\/S\/aplus-media\/sc\/17d6b901-16b9-43e1-82ca-f4dc630b4be9.__CR0,0,1000,1000_PT0_SX300_V1___.jpg\" \/><\/p>\n<\/div>\n<div><\/div>\n<\/div>\n<div>\n<h4>LETT<\/h4>\n<p>I sammenligning med analoger lavet af rebstiger er vores tr\u00e6stiger meget lettere, f.eks. vejer 5 m stige kun 2,5 kg.<\/p>\n<h4 class=\"a-spacing-mini\"><img decoding=\"async\" class=\"a-spacing-mini\" style=\"font-size: 16px;\" src=\"https:\/\/m.media-amazon.com\/images\/S\/aplus-media\/sc\/ea94af7c-a9af-41fa-9454-4f92481a28dd.__CR0,0,1500,1500_PT0_SX300_V1___.jpg\" alt=\"INDOOR AND OUTDOOR\" data-src=\"https:\/\/m.media-amazon.com\/images\/S\/aplus-media\/sc\/ea94af7c-a9af-41fa-9454-4f92481a28dd.__CR0,0,1500,1500_PT0_SX300_V1___.jpg\" \/><\/h4>\n<h4>INDEND\u00d8RS OG UDEND\u00d8RS<\/h4>\n<p>Vores tr\u00e6stiger kan bruges som udend\u00f8rs i baghaven s\u00e5vel som indend\u00f8rs i et rum, blot ved hj\u00e6lp af karabinhager, der fastg\u00f8res til salget. Det er i \u00f8vrigt kun vores stiger, der kommer med clips og karabinhager!<\/p>\n<h4 class=\"a-spacing-mini\"><img decoding=\"async\" class=\"a-spacing-mini\" style=\"font-size: 16px;\" src=\"https:\/\/m.media-amazon.com\/images\/S\/aplus-media\/sc\/39fbd97a-64cf-40ac-a60b-6a4ab47004a0.__CR0,0,1000,1000_PT0_SX300_V1___.jpg\" alt=\"compact\" data-src=\"https:\/\/m.media-amazon.com\/images\/S\/aplus-media\/sc\/39fbd97a-64cf-40ac-a60b-6a4ab47004a0.__CR0,0,1000,1000_PT0_SX300_V1___.jpg\" \/><\/h4>\n<p>KOMPAKT OG B\u00c6RBAR<\/p>\n<p>Optager meget lidt plads. Kan opbevares under en seng eller i et skab eller endda p\u00e5 en hylde.<\/p>\n<h4 class=\"a-spacing-mini\"><img decoding=\"async\" class=\"a-spacing-mini\" style=\"font-size: 16px;\" src=\"https:\/\/m.media-amazon.com\/images\/S\/aplus-media\/sc\/c5e53092-548a-4ab6-a5a9-6819fe9ace42.__CR0,0,1000,1000_PT0_SX300_V1___.jpg\" alt=\"available 6.5ft (2m) 10ft (3m) and 16ft (5m)\" data-src=\"https:\/\/m.media-amazon.com\/images\/S\/aplus-media\/sc\/c5e53092-548a-4ab6-a5a9-6819fe9ace42.__CR0,0,1000,1000_PT0_SX300_V1___.jpg\" \/><\/h4>\n<\/div>\n<\/div>\n<\/div>\n<\/div>\n<div class=\"celwidget aplus-module module-9 aplus-standard\" data-csa-c-id=\"7vmiqp-qi9gff-nm76qb-qdt4yc\" data-cel-widget=\"aplus-module-9\">\n<div class=\"a-expander-collapsed-height a-row a-expander-container a-expander-partial-collapse-container\" data-a-expander-name=\"aplus-module-expander\" data-a-expander-collapsed-height=\"700\">\n<div class=\"a-expander-content a-expander-partial-collapse-content\">\n<div class=\"aplus-module-wrapper apm-fixed-width\">\n<div><\/div>\n<\/div>\n<div>\n<h4>3 ST\u00d8RRELSER<\/h4>\n<p>Tilg\u00e6ngelige 2 m, 3 m og 5 m lange stiger.<\/p>\n<h4 class=\"a-spacing-mini\"><img decoding=\"async\" class=\"a-spacing-mini\" style=\"font-size: 16px;\" src=\"https:\/\/m.media-amazon.com\/images\/S\/aplus-media\/sc\/4ee58deb-dd1b-4047-8ab7-b31abe407442.__CR35,444,556,556_PT0_SX300_V1___.jpg\" alt=\"BEST QUALITY\" data-src=\"https:\/\/m.media-amazon.com\/images\/S\/aplus-media\/sc\/4ee58deb-dd1b-4047-8ab7-b31abe407442.__CR35,444,556,556_PT0_SX300_V1___.jpg\" \/><\/h4>\n<h4>BEDSTE KVALITET<\/h4>\n<p>Vi kan stolt sige, at der i hele salgstiden ikke var en eneste klage over, at disse stiger var af d\u00e5rlig kvalitet og ingen retur p\u00e5 grund af d\u00e5rlig kvalitet!<\/p>\n<p><em>Vi anbefaler at k\u00f8be stiger fra en virksomhed, der har specialiseret sig i at producere dem, da det er et sikkerhedsprodukt, og ISOP er en af f\u00e5 virksomheder, der tilbyder et bredt udvalg af stiger fra egen produktionsfacilitet.<\/em><\/p>\n<\/div>\n<\/div>\n<\/div>\n<\/div>\n<\/div>\n<\/div>\n<\/div>\n<\/div>\n<\/div>\n","protected":false},"excerpt":{"rendered":"[embed]https:\/\/youtu.be\/nn0aB3S8o_g?si=thz0ZOe8lPElC9Yk[\/embed]\n<p style=\"text-align: center;\">Klatrestige til b\u00f8rn 2 m | Legeudstyr | Tr\u00e6stige Slack-line med karabinhager | Svingrebstige | Klatreleget\u00f8j til b\u00f8rn til gyngeg\u00e5rd<\/p>\n<p style=\"text-align: center;\">GRATIS LEVERING INDEN FOR 3-7 DAGE<\/p>\n<h4 style=\"text-align: center;\"><strong>K\u00d8B DEN P\u00c5<\/strong><\/h4>\n<p style=\"text-align: center;\"><a href=\"https:\/\/www.amazon.de\/dp\/B08CZDHL15?ref=myi_title_dp\"><img loading=\"lazy\" decoding=\"async\" class=\"wp-image-1040 size-full aligncenter\" src=\"https:\/\/rightfoodonly.com\/wp-content\/uploads\/amazon-button9.png\" alt=\"\" width=\"160\" height=\"59\" \/><\/a><\/p>\n<p>&nbsp;<\/p>\n","protected":false},"featured_media":4258,"comment_status":"open","ping_status":"closed","template":"","meta":[],"product_brand":[],"product_cat":[165],"product_tag":[125,50,124,47,36,48],"class_list":{"0":"post-4235","1":"product","2":"type-product","3":"status-publish","4":"has-post-thumbnail","6":"product_cat-rebstiger-til-boern","7":"product_tag-2-m","8":"product_tag-boern","9":"product_tag-klatrestige","10":"product_tag-leg","11":"product_tag-sikkerhed","12":"product_tag-udendoers-udstyr","14":"first","15":"instock","16":"shipping-taxable","17":"purchasable","18":"product-type-simple"},"_links":{"self":[{"href":"https:\/\/isopllc.com\/dk\/wp-json\/wp\/v2\/product\/4235","targetHints":{"allow":["GET"]}}],"collection":[{"href":"https:\/\/isopllc.com\/dk\/wp-json\/wp\/v2\/product"}],"about":[{"href":"https:\/\/isopllc.com\/dk\/wp-json\/wp\/v2\/types\/product"}],"replies":[{"embeddable":true,"href":"https:\/\/isopllc.com\/dk\/wp-json\/wp\/v2\/comments?post=4235"}],"wp:featuredmedia":[{"embeddable":true,"href":"https:\/\/isopllc.com\/dk\/wp-json\/wp\/v2\/media\/4258"}],"wp:attachment":[{"href":"https:\/\/isopllc.com\/dk\/wp-json\/wp\/v2\/media?parent=4235"}],"wp:term":[{"taxonomy":"product_brand","embeddable":true,"href":"https:\/\/isopllc.com\/dk\/wp-json\/wp\/v2\/product_brand?post=4235"},{"taxonomy":"product_cat","embeddable":true,"href":"https:\/\/isopllc.com\/dk\/wp-json\/wp\/v2\/product_cat?post=4235"},{"taxonomy":"product_tag","embeddable":true,"href":"https:\/\/isopllc.com\/dk\/wp-json\/wp\/v2\/product_tag?post=4235"}],"curies":[{"name":"wp","href":"https:\/\/api.w.org\/{rel}","templated":true}]}}