{"id":4355,"date":"2021-02-17T03:29:38","date_gmt":"2021-02-17T03:29:38","guid":{"rendered":"https:\/\/isopllc.com\/uk\/?post_type=product&#038;p=4355"},"modified":"2025-07-01T14:46:06","modified_gmt":"2025-07-01T14:46:06","slug":"rebstige-brandtrappe-3-etager-med-kroge","status":"publish","type":"product","link":"https:\/\/isopllc.com\/dk\/product\/rebstige-brandtrappe-3-etager-med-kroge\/","title":{"rendered":"Rebstige brandtrappe 3 etager med kroge"},"content":{"rendered":"<div class=\"celwidget aplus-module module-9\" style=\"text-align: center;\" data-csa-c-id=\"3d7463-l3bdk0-ygs321-8assbf\" data-cel-widget=\"aplus-module-9\">\n<div class=\"a-expander-collapsed-height a-row a-expander-container a-expander-partial-collapse-container\" data-a-expander-name=\"aplus-module-expander\" data-a-expander-collapsed-height=\"700\">\n<div class=\"a-expander-content a-expander-partial-collapse-content\">\n<div class=\"aplus-module-wrapper\">\n<div class=\"apm-spacing apm-fixed-width\">\n<div class=\"celwidget aplus-module module-4 aplus-standard\" data-csa-c-id=\"6mnb1z-9dwrl2-ic24uv-jd1phn\" data-cel-widget=\"aplus-module-4\">\n<div class=\"a-expander-collapsed-height a-row a-expander-container a-expander-partial-collapse-container\" data-a-expander-name=\"aplus-module-expander\" data-a-expander-collapsed-height=\"700\">\n<div class=\"a-expander-content a-expander-partial-collapse-content\">\n<div class=\"aplus-module-wrapper apm-fixed-width\">\n<div class=\"apm-spacing\">\n<div class=\"apm-floatleft apm-fixed-width\">\n<div id=\"title_feature_div\" class=\"celwidget\" data-feature-name=\"title\" data-csa-c-id=\"m5t5xw-wzxd1-od319-pyb58o\" data-cel-widget=\"title_feature_div\">\n<div id=\"titleSection\" class=\"a-section a-spacing-none\">\n<div id=\"title_feature_div\" class=\"celwidget\" data-feature-name=\"title\" data-csa-c-id=\"m5t5xw-wzxd1-od319-pyb58o\" data-cel-widget=\"title_feature_div\">\n<div id=\"titleSection\" class=\"a-section a-spacing-none\">\n<h2 class=\"a-size-large a-spacing-none\" style=\"text-align: left;\"><span class=\"a-size-large product-title-word-break\">Rebstige brandtrappe 3 etager med kroge | <\/span><span class=\"a-size-large product-title-word-break\">Brandflugtsstige <\/span><span class=\"a-size-large product-title-word-break\">til boliger p\u00e5 tredje sal | B\u00e6rbar, foldbar og kompakt | N\u00f8dstige velegnet til altan og vinduer<\/span><\/h2>\n<\/div>\n<\/div>\n<\/div>\n<\/div>\n<\/div>\n<\/div>\n<\/div>\n<\/div>\n<\/div>\n<\/div>\n<div class=\"celwidget aplus-module module-9 aplus-standard\" data-csa-c-id=\"kgh8ns-6rdhac-l4uce3-redgno\" data-cel-widget=\"aplus-module-9\">\n<div class=\"a-expander-collapsed-height a-row a-expander-container a-expander-partial-collapse-container\" data-a-expander-name=\"aplus-module-expander\" data-a-expander-collapsed-height=\"700\">\n<div class=\"a-expander-content a-expander-partial-collapse-content\">\n<div class=\"aplus-module-wrapper apm-fixed-width\">\n<div class=\"apm-spacing apm-fixed-width\">\n<div class=\"celwidget aplus-module module-9 aplus-standard\" style=\"text-align: left;\" data-csa-c-id=\"6rrkxj-o9oo3p-2dk8kw-v8mrts\" data-cel-widget=\"aplus-module-9\">\n<div class=\"a-expander-collapsed-height a-row a-expander-container a-expander-partial-collapse-container\" data-a-expander-name=\"aplus-module-expander\" data-a-expander-collapsed-height=\"700\">\n<div class=\"a-expander-content a-expander-partial-collapse-content\">\n<div class=\"aplus-module-wrapper apm-fixed-width\">\n<div class=\"apm-spacing apm-fixed-width\">\n<h3 class=\"a-spacing-small\">10 grunde til at v\u00e6lge vores brandstiger<\/h3>\n<p><img loading=\"lazy\" decoding=\"async\" class=\"alignnone size-medium wp-image-4904\" src=\"https:\/\/isopllc.com\/dk\/wp-content\/uploads\/sites\/14\/2021\/02\/hooks-size-416x416-\u043a\u043e\u043f\u0438\u044f-2-300x300.jpg\" alt=\"\" width=\"300\" height=\"300\" srcset=\"https:\/\/isopllc.com\/dk\/wp-content\/uploads\/sites\/14\/2021\/02\/hooks-size-416x416-\u043a\u043e\u043f\u0438\u044f-2-300x300.jpg 300w, https:\/\/isopllc.com\/dk\/wp-content\/uploads\/sites\/14\/2021\/02\/hooks-size-416x416-\u043a\u043e\u043f\u0438\u044f-2-150x150.jpg 150w, https:\/\/isopllc.com\/dk\/wp-content\/uploads\/sites\/14\/2021\/02\/hooks-size-416x416-\u043a\u043e\u043f\u0438\u044f-2-100x100.jpg 100w, https:\/\/isopllc.com\/dk\/wp-content\/uploads\/sites\/14\/2021\/02\/hooks-size-416x416-\u043a\u043e\u043f\u0438\u044f-2.jpg 416w\" sizes=\"auto, (max-width: 300px) 100vw, 300px\" \/><\/p>\n<h4>Til vindue eller altan<\/h4>\n<p>Vi inkluderer i redningstrappes\u00e6ttet et s\u00e6t kroge til brandflugt fra vinduer, som fastg\u00f8res til vinduesrammen, samt 11kn professionelle karabinhager til fastg\u00f8relse af stigen til altanst\u00e6nger.<\/p>\n<h4>Bred anvendelse<\/h4>\n<p>Kan bruges som flugtvejsstige eller i n\u00f8dstilf\u00e6lde; kan ogs\u00e5 bruges som loftsbunker, loftsstiger, v\u00e6gstige og endda som permanent stige osv.<\/p>\n<p><img decoding=\"async\" class=\"a-spacing-mini\" src=\"https:\/\/m.media-amazon.com\/images\/S\/aplus-media\/sc\/d4cc9639-a61a-4b3c-b1c6-a62967c917dd.__CR145,0,1000,1000_PT0_SX300_V1___.jpg\" alt=\"Anti Slip Rungs\" data-src=\"https:\/\/m.media-amazon.com\/images\/S\/aplus-media\/sc\/d4cc9639-a61a-4b3c-b1c6-a62967c917dd.__CR145,0,1000,1000_PT0_SX300_V1___.jpg\" \/><\/p>\n<h4>Sk\u00e5nsom mod h\u00e6nderne<\/h4>\n<p>Da vi skabte disse stiger, tog vi hensyn til vores konkurrenters fejl. Bestsellerne s\u00e5som first alert og kidde har mange klager over, at n\u00e5r de bruger deres stiger, sk\u00e6rer trin brugernes h\u00e6nder, fordi aluminiumstrin er skarpe. Det har vi taget h\u00f8jde for, og vores stiger har ikke skarpe hj\u00f8rner, og de er sikre at bruge af b\u00e5de voksne og b\u00f8rn.<\/p>\n<p><img decoding=\"async\" class=\"a-spacing-mini\" src=\"https:\/\/m.media-amazon.com\/images\/S\/aplus-media\/sc\/27f9c708-c858-49c0-96f7-815dd0fa4f9a.__CR0,0,1000,1000_PT0_SX300_V1___.jpg\" alt=\"Wide application\" data-src=\"https:\/\/m.media-amazon.com\/images\/S\/aplus-media\/sc\/27f9c708-c858-49c0-96f7-815dd0fa4f9a.__CR0,0,1000,1000_PT0_SX300_V1___.jpg\" \/><\/p>\n<h4>Integrerede stropper<\/h4>\n<p>Igen, sammenligner vores stiger med konkurrenter, skal det bem\u00e6rkes, at i mods\u00e6tning til andre, best\u00e5r vores stiger fra top til bund af \u00e9t stykke webbing-strop, der kan modst\u00e5 mere end et 44 pund (!) Takket v\u00e6re en speciel patenteret teknologi. Mens konkurrenternes webbingstiger er syet i stykker, hvilket efter vores mening er up\u00e5lideligt.<\/p>\n<p><img loading=\"lazy\" decoding=\"async\" class=\"alignnone size-full wp-image-5286\" src=\"https:\/\/isopllc.com\/dk\/wp-content\/uploads\/sites\/14\/2021\/02\/bag.jpg\" alt=\"\" width=\"300\" height=\"300\" srcset=\"https:\/\/isopllc.com\/dk\/wp-content\/uploads\/sites\/14\/2021\/02\/bag.jpg 300w, https:\/\/isopllc.com\/dk\/wp-content\/uploads\/sites\/14\/2021\/02\/bag-150x150.jpg 150w, https:\/\/isopllc.com\/dk\/wp-content\/uploads\/sites\/14\/2021\/02\/bag-100x100.jpg 100w\" sizes=\"auto, (max-width: 300px) 100vw, 300px\" \/><\/p>\n<p>Leveres med en opbevaringspose.<\/p>\n<\/div>\n<\/div>\n<div>\n<h3><img decoding=\"async\" class=\"a-spacing-mini\" style=\"font-size: 16px;\" src=\"https:\/\/m.media-amazon.com\/images\/S\/aplus-media\/sc\/42cab632-a2d0-40fd-a2dd-280d531bf010.__CR282,0,1000,1000_PT0_SX300_V1___.jpg\" alt=\"For window or balcony\" data-src=\"https:\/\/m.media-amazon.com\/images\/S\/aplus-media\/sc\/42cab632-a2d0-40fd-a2dd-280d531bf010.__CR282,0,1000,1000_PT0_SX300_V1___.jpg\" \/><\/h3>\n<h4>Stabilisatorer<\/h4>\n<p>Vores stigers trin har stabilisatorer, som g\u00f8r, at stigerne ikke kl\u00e6ber t\u00e6t til v\u00e6ggen, men forbliver solide mod den og derfor i h\u00f8j grad letter nedstigningen fra anden eller tredje sal.<\/p>\n<h4>Skridsikre trin<\/h4>\n<p>Et s\u00e6rligt m\u00f8nster p\u00e5 overfladen af trinene g\u00f8r nedstigningen fra lejligheden skridsikker i al slags vejr.<\/p>\n<p><img decoding=\"async\" class=\"a-spacing-mini\" src=\"https:\/\/m.media-amazon.com\/images\/S\/aplus-media\/sc\/8b1ba6ce-d84f-4314-b98a-95d063fc3e5e.__CR500,0,1000,1000_PT0_SX300_V1___.jpg\" alt=\"For window or balcony\" data-src=\"https:\/\/m.media-amazon.com\/images\/S\/aplus-media\/sc\/8b1ba6ce-d84f-4314-b98a-95d063fc3e5e.__CR500,0,1000,1000_PT0_SX300_V1___.jpg\" \/><\/p>\n<h4>Vejrbestandig<\/h4>\n<p>Den specielle pulverlakerede maling beskytter trinene mod rust, og polyesterb\u00e5ndet er meget modstandsdygtigt over for vand eller sne, derfor er vores brandstiger vejrbestandige.<\/p>\n<h4>Genanvendelig<\/h4>\n<p>Vores stiger er genbrugelige, i mods\u00e6tning til konkurrenternes. Med korrekt opbevaring kan de holde i \u00e5revis!<\/p>\n<p><img loading=\"lazy\" decoding=\"async\" class=\"alignnone size-full wp-image-5287\" src=\"https:\/\/isopllc.com\/dk\/wp-content\/uploads\/sites\/14\/2021\/02\/box.jpg\" alt=\"\" width=\"300\" height=\"300\" srcset=\"https:\/\/isopllc.com\/dk\/wp-content\/uploads\/sites\/14\/2021\/02\/box.jpg 300w, https:\/\/isopllc.com\/dk\/wp-content\/uploads\/sites\/14\/2021\/02\/box-150x150.jpg 150w, https:\/\/isopllc.com\/dk\/wp-content\/uploads\/sites\/14\/2021\/02\/box-100x100.jpg 100w\" sizes=\"auto, (max-width: 300px) 100vw, 300px\" \/><\/p>\n<h4>B\u00e6rbar<\/h4>\n<p>Inkluderer en gave\u00e6ske i naturlig tr\u00e6farve.<\/p>\n<\/div>\n<\/div>\n<\/div>\n<\/div>\n<div class=\"celwidget aplus-module module-2 aplus-standard\" data-csa-c-id=\"czdp8c-vpt42n-ub22e6-8qlfjz\" data-cel-widget=\"aplus-module-2\">\n<div class=\"a-expander-collapsed-height a-row a-expander-container a-expander-partial-collapse-container\" data-a-expander-name=\"aplus-module-expander\" data-a-expander-collapsed-height=\"700\">\n<div class=\"a-expander-content a-expander-partial-collapse-content\">\n<div class=\"aplus-module-wrapper apm-floatnone apm-fixed-width\">\n<div class=\"apm-sidemodule apm-spacing\">\n<div class=\"apm-sidemodule-imageleft\" style=\"text-align: left;\"><img decoding=\"async\" class=\"\" src=\"https:\/\/m.media-amazon.com\/images\/S\/aplus-media\/sc\/55dfe070-7172-4b34-b379-6ab49b743dd1.__CR226,0,1000,1000_PT0_SX300_V1___.jpg\" alt=\"Variation of 2 sizes\" data-src=\"https:\/\/m.media-amazon.com\/images\/S\/aplus-media\/sc\/55dfe070-7172-4b34-b379-6ab49b743dd1.__CR226,0,1000,1000_PT0_SX300_V1___.jpg\" \/><\/div>\n<div class=\"apm-sidemodule-textright\">\n<h4 style=\"text-align: left;\">Variation af 2 st\u00f8rrelser<\/h4>\n<p style=\"text-align: left;\">Vi tilbyder 2 st\u00f8rrelser af vores stiger &#8211; <a href=\"https:\/\/isopllc.com\/dk\/product\/brandflugtsstige-4-m\/\">brandflugtsstige 2 etager<\/a> &amp; rebstige brandtrappe 3 etagers boliger.<\/p>\n<p style=\"text-align: left;\"><img loading=\"lazy\" decoding=\"async\" class=\"alignnone size-medium wp-image-4512\" src=\"https:\/\/isopllc.com\/dk\/wp-content\/uploads\/sites\/14\/2021\/10\/91R3KSmpDgL._AC_SL1500_-300x225.jpg\" alt=\"\" width=\"300\" height=\"225\" srcset=\"https:\/\/isopllc.com\/dk\/wp-content\/uploads\/sites\/14\/2021\/10\/91R3KSmpDgL._AC_SL1500_-300x225.jpg 300w, https:\/\/isopllc.com\/dk\/wp-content\/uploads\/sites\/14\/2021\/10\/91R3KSmpDgL._AC_SL1500_-1024x768.jpg 1024w, https:\/\/isopllc.com\/dk\/wp-content\/uploads\/sites\/14\/2021\/10\/91R3KSmpDgL._AC_SL1500_-768x576.jpg 768w, https:\/\/isopllc.com\/dk\/wp-content\/uploads\/sites\/14\/2021\/10\/91R3KSmpDgL._AC_SL1500_-1000x750.jpg 1000w, https:\/\/isopllc.com\/dk\/wp-content\/uploads\/sites\/14\/2021\/10\/91R3KSmpDgL._AC_SL1500_-416x312.jpg 416w, https:\/\/isopllc.com\/dk\/wp-content\/uploads\/sites\/14\/2021\/10\/91R3KSmpDgL._AC_SL1500_.jpg 1500w\" sizes=\"auto, (max-width: 300px) 100vw, 300px\" \/><\/p>\n<h4 style=\"text-align: left;\">Kraftige karabinhager<\/h4>\n<p style=\"text-align: left;\">Rebstige brandtrappe har forkromede karabinhager med en brudstyrke p\u00e5 11KN.<\/p>\n<p style=\"text-align: left;\"><img loading=\"lazy\" decoding=\"async\" class=\"alignnone wp-image-5288 size-full\" src=\"https:\/\/isopllc.com\/dk\/wp-content\/uploads\/sites\/14\/2021\/02\/Caroline-ladder11.jpg\" alt=\"Brandflugtsstige\" width=\"300\" height=\"300\" srcset=\"https:\/\/isopllc.com\/dk\/wp-content\/uploads\/sites\/14\/2021\/02\/Caroline-ladder11.jpg 300w, https:\/\/isopllc.com\/dk\/wp-content\/uploads\/sites\/14\/2021\/02\/Caroline-ladder11-150x150.jpg 150w, https:\/\/isopllc.com\/dk\/wp-content\/uploads\/sites\/14\/2021\/02\/Caroline-ladder11-100x100.jpg 100w\" sizes=\"auto, (max-width: 300px) 100vw, 300px\" \/><\/p>\n<h4 style=\"text-align: left;\">Professionelt stigefirma<\/h4>\n<p style=\"text-align: left;\">Vi anbefaler at k\u00f8be stiger hos et firma, der har specialiseret sig i stiger, da dette er et sikkerhedsprodukt.<\/p>\n<p style=\"text-align: left;\">Og ISOP er en af f\u00e5 virksomheder, der tilbyder et bredt udvalg af forskellige stiger fra sin egen produktionsfacilitet.<\/p>\n<\/div>\n<\/div>\n<\/div>\n<\/div>\n<\/div>\n<\/div>\n<\/div>\n<\/div>\n<\/div>\n<\/div>\n<\/div>\n<\/div>\n<\/div>\n<\/div>\n<\/div>\n<\/div>\n","protected":false},"excerpt":{"rendered":"[embed]https:\/\/youtu.be\/gkfp_TrJa5s[\/embed]\n<p class=\"a-size-large a-spacing-none\" style=\"text-align: center;\"><span class=\"a-size-large product-title-word-break\">Rebstige brandtrappe 3 etager med kroge | <\/span><span class=\"a-size-large product-title-word-break\">Brandflugtsstige <\/span><span class=\"a-size-large product-title-word-break\">til boliger p\u00e5 tredje sal | B\u00e6rbar, foldbar og kompakt | N\u00f8dstige velegnet til altan og vinduer<\/span><\/p>\n<p style=\"text-align: center;\">GRATIS LEVERING INDEN FOR 3-7 DAGE<\/p>\n<h4 style=\"text-align: center;\"><strong>K\u00d8B DEN P\u00c5<\/strong><\/h4>\n<p style=\"text-align: center;\"><a href=\"https:\/\/www.amazon.de\/dp\/B08LBS752Y?ref=myi_title_dp\"><img loading=\"lazy\" decoding=\"async\" class=\"wp-image-1040 size-full aligncenter\" src=\"https:\/\/rightfoodonly.com\/wp-content\/uploads\/amazon-button9.png\" alt=\"\" width=\"160\" height=\"59\" \/><\/a><\/p>\n<p>&nbsp;<\/p>\n","protected":false},"featured_media":5285,"comment_status":"open","ping_status":"closed","template":"","meta":[],"product_brand":[],"product_cat":[172,169],"product_tag":[63,54,38,37,36],"class_list":{"0":"post-4355","1":"product","2":"type-product","3":"status-publish","4":"has-post-thumbnail","6":"product_cat-brandtrappestiger-med-3-etager","7":"product_cat-brandtrappestiger-med-afstandsstykker","8":"product_tag-3-etager","9":"product_tag-brandflugtsstige","10":"product_tag-brandudstyr","11":"product_tag-evakuering","12":"product_tag-sikkerhed","14":"first","15":"instock","16":"shipping-taxable","17":"purchasable","18":"product-type-simple"},"_links":{"self":[{"href":"https:\/\/isopllc.com\/dk\/wp-json\/wp\/v2\/product\/4355","targetHints":{"allow":["GET"]}}],"collection":[{"href":"https:\/\/isopllc.com\/dk\/wp-json\/wp\/v2\/product"}],"about":[{"href":"https:\/\/isopllc.com\/dk\/wp-json\/wp\/v2\/types\/product"}],"replies":[{"embeddable":true,"href":"https:\/\/isopllc.com\/dk\/wp-json\/wp\/v2\/comments?post=4355"}],"wp:featuredmedia":[{"embeddable":true,"href":"https:\/\/isopllc.com\/dk\/wp-json\/wp\/v2\/media\/5285"}],"wp:attachment":[{"href":"https:\/\/isopllc.com\/dk\/wp-json\/wp\/v2\/media?parent=4355"}],"wp:term":[{"taxonomy":"product_brand","embeddable":true,"href":"https:\/\/isopllc.com\/dk\/wp-json\/wp\/v2\/product_brand?post=4355"},{"taxonomy":"product_cat","embeddable":true,"href":"https:\/\/isopllc.com\/dk\/wp-json\/wp\/v2\/product_cat?post=4355"},{"taxonomy":"product_tag","embeddable":true,"href":"https:\/\/isopllc.com\/dk\/wp-json\/wp\/v2\/product_tag?post=4355"}],"curies":[{"name":"wp","href":"https:\/\/api.w.org\/{rel}","templated":true}]}}