{"id":4485,"date":"2021-09-06T09:34:15","date_gmt":"2021-09-06T09:34:15","guid":{"rendered":"https:\/\/isopllc.com\/uk\/?post_type=product&#038;p=4485"},"modified":"2025-07-01T14:45:25","modified_gmt":"2025-07-01T14:45:25","slug":"forlaengerstige-3-m","status":"publish","type":"product","link":"https:\/\/isopllc.com\/dk\/product\/forlaengerstige-3-m\/","title":{"rendered":"Forl\u00e6ngerstige 3 m"},"content":{"rendered":"<div class=\"celwidget aplus-module module-9\" style=\"text-align: center\" data-csa-c-id=\"3d7463-l3bdk0-ygs321-8assbf\" data-cel-widget=\"aplus-module-9\">\n<div class=\"a-expander-collapsed-height a-row a-expander-container a-expander-partial-collapse-container\" data-a-expander-name=\"aplus-module-expander\" data-a-expander-collapsed-height=\"700\">\n<div class=\"a-expander-content a-expander-partial-collapse-content\">\n<div class=\"aplus-module-wrapper\">\n<div class=\"apm-spacing apm-fixed-width\">\n<div class=\"celwidget aplus-module module-4 aplus-standard\" data-csa-c-id=\"6mnb1z-9dwrl2-ic24uv-jd1phn\" data-cel-widget=\"aplus-module-4\">\n<div class=\"a-expander-collapsed-height a-row a-expander-container a-expander-partial-collapse-container\" data-a-expander-name=\"aplus-module-expander\" data-a-expander-collapsed-height=\"700\">\n<div class=\"a-expander-content a-expander-partial-collapse-content\">\n<div class=\"aplus-module-wrapper apm-fixed-width\">\n<div class=\"apm-spacing\">\n<div class=\"apm-floatleft apm-fixed-width\">\n<div id=\"title_feature_div\" class=\"celwidget\" data-feature-name=\"title\" data-csa-c-id=\"m5t5xw-wzxd1-od319-pyb58o\" data-cel-widget=\"title_feature_div\">\n<div id=\"titleSection\" class=\"a-section a-spacing-none\">\n<div id=\"title_feature_div\" class=\"celwidget\" data-feature-name=\"title\" data-csa-c-id=\"m5t5xw-wzxd1-od319-pyb58o\" data-cel-widget=\"title_feature_div\">\n<div id=\"titleSection\" class=\"a-section a-spacing-none\">\n<div class=\"celwidget aplus-module module-4 aplus-standard\" data-csa-c-id=\"6mnb1z-9dwrl2-ic24uv-jd1phn\" data-cel-widget=\"aplus-module-4\">\n<div class=\"a-expander-collapsed-height a-row a-expander-container a-expander-partial-collapse-container\" data-a-expander-name=\"aplus-module-expander\" data-a-expander-collapsed-height=\"700\">\n<div class=\"a-expander-content a-expander-partial-collapse-content\">\n<div class=\"aplus-module-wrapper apm-fixed-width\">\n<div class=\"apm-spacing\">\n<div class=\"apm-floatleft apm-fixed-width\">\n<div>\n<h2 class=\"a-size-large a-spacing-none\">Forl\u00e6ngerstige 3 m | Nylon rebstige med karabinhager og forst\u00e6rkede trin &#8211; Let, holdbar og kompakt &#8211; Holder op til 900 kg | N\u00f8dflugtsudstyr, klatrestige<\/h2>\n<h2 class=\"a-size-large a-spacing-none\"><\/h2>\n<div class=\"celwidget aplus-module module-4 aplus-standard\" data-csa-c-id=\"6mnb1z-9dwrl2-ic24uv-jd1phn\" data-cel-widget=\"aplus-module-4\">\n<div class=\"a-expander-collapsed-height a-row a-expander-container a-expander-partial-collapse-container\" data-a-expander-name=\"aplus-module-expander\" data-a-expander-collapsed-height=\"700\">\n<div class=\"a-expander-content a-expander-partial-collapse-content\">\n<div class=\"aplus-module-wrapper apm-fixed-width\">\n<div class=\"apm-spacing\">\n<div class=\"apm-floatleft apm-fixed-width\">\n<div class=\"apm-spacing\">\n<p><img decoding=\"async\" class=\"\" src=\"https:\/\/m.media-amazon.com\/images\/S\/aplus-media\/sc\/0484a226-8be6-4965-8b8a-062de5498c97.__CR0,0,600,600_PT0_SX220_V1___.jpg\" alt=\"Light Weight\" data-src=\"https:\/\/m.media-amazon.com\/images\/S\/aplus-media\/sc\/0484a226-8be6-4965-8b8a-062de5498c97.__CR0,0,600,600_PT0_SX220_V1___.jpg\" \/><\/p>\n<h4>Let v\u00e6gt<\/h4>\n<p>Dette er den letteste stige p\u00e5 markedet. V\u00e6gten af en 3 m stige er kun 1 kg.<\/p>\n<h4 class=\"a-spacing-mini\"><img decoding=\"async\" class=\"\" style=\"font-size: 16px\" src=\"https:\/\/m.media-amazon.com\/images\/S\/aplus-media\/sc\/74a6e3c1-c8e9-4370-82e8-2ece837c08f7.__CR0,0,1000,1000_PT0_SX220_V1___.jpg\" alt=\"Strong and Stable\" data-src=\"https:\/\/m.media-amazon.com\/images\/S\/aplus-media\/sc\/74a6e3c1-c8e9-4370-82e8-2ece837c08f7.__CR0,0,1000,1000_PT0_SX220_V1___.jpg\" \/><\/h4>\n<h4>St\u00e6rk og stabil<\/h4>\n<p>En af de store fordele ved vores redningsb\u00e5ndstige er, at de vigtigste nylonstropper er integrerede fra bund til top og ikke best\u00e5r af syede stykker som for eksempel &#8220;kidde&#8221; eller &#8220;first alert&#8221; stiger, derfor er den us\u00e6dvanlig robust. Og ogs\u00e5 de materialer, der bruges til trinene, s\u00e5som glasfiber og basaltfiber, g\u00f8r denne remstige meget st\u00e6rkere end engangsstiger af aluminium.<\/p>\n<h4 class=\"a-spacing-mini\"><img decoding=\"async\" class=\"\" style=\"font-size: 16px\" src=\"https:\/\/m.media-amazon.com\/images\/S\/aplus-media\/sc\/a31e0885-9da9-4fe2-a571-e1558cab0393.__CR0,0,600,600_PT0_SX220_V1___.jpg\" alt=\"Tangle free\" data-src=\"https:\/\/m.media-amazon.com\/images\/S\/aplus-media\/sc\/a31e0885-9da9-4fe2-a571-e1558cab0393.__CR0,0,600,600_PT0_SX220_V1___.jpg\" \/><\/h4>\n<h4>Fri for sammenfiltring<\/h4>\n<p>Vores webbingstiger er nemme at pakke tilbage i opbevaringstasken efter brug.<\/p>\n<p>Ingen sammenfiltring under montering.<\/p>\n<p><img decoding=\"async\" class=\"\" src=\"https:\/\/m.media-amazon.com\/images\/S\/aplus-media\/sc\/990089bc-acf5-4f9c-9434-b1bb93848e87.__CR0,0,1000,1000_PT0_SX220_V1___.jpg\" alt=\"Length\" data-src=\"https:\/\/m.media-amazon.com\/images\/S\/aplus-media\/sc\/990089bc-acf5-4f9c-9434-b1bb93848e87.__CR0,0,1000,1000_PT0_SX220_V1___.jpg\" \/><\/p>\n<h4>L\u00e6ngde<\/h4>\n<p>Vores redningsb\u00e5ndstiger kan s\u00e6ttes sammen for at \u00f8ge l\u00e6ngden.<\/p>\n<p><img decoding=\"async\" class=\"\" src=\"https:\/\/m.media-amazon.com\/images\/S\/aplus-media\/sc\/2836b9a4-f0f3-4988-b790-6a163e8d253a.__CR0,0,1000,1000_PT0_SX220_V1___.jpg\" alt=\"Weather Resistant\" data-src=\"https:\/\/m.media-amazon.com\/images\/S\/aplus-media\/sc\/2836b9a4-f0f3-4988-b790-6a163e8d253a.__CR0,0,1000,1000_PT0_SX220_V1___.jpg\" \/><\/p>\n<\/div>\n<div>\n<h4>Vejrbestandig<\/h4>\n<p>Selve materialet er polyester webbing, samt professionelle UV nylon bundne tr\u00e5de, som giver modstand mod al slags vejr, selv i vand. Derfor kan de bruges som b\u00e5dstige eller marinestige. Lav fugtabsorberende evne, slidbestandig, modstandsdygtig over for skader fra olie og mange kemikalier, bl\u00f8d, hurtigt\u00f8rrende.<\/p>\n<p><img decoding=\"async\" class=\"\" style=\"font-weight: 600\" src=\"https:\/\/m.media-amazon.com\/images\/S\/aplus-media\/sc\/38568e54-d209-49fa-b289-4f0ae1f1fd5c.__CR0,0,1000,1000_PT0_SX220_V1___.jpg\" alt=\"Compact\" data-src=\"https:\/\/m.media-amazon.com\/images\/S\/aplus-media\/sc\/38568e54-d209-49fa-b289-4f0ae1f1fd5c.__CR0,0,1000,1000_PT0_SX220_V1___.jpg\" \/><\/p>\n<h4>Kompakt<\/h4>\n<p>Du kan ikke forestille dig mere kompakte stiger. Hele stigen passer i din h\u00e5ndflade. De fylder ikke meget, kan opbevares hvor som helst s\u00e5som under sengen i sovev\u00e6relset, p\u00e5 altanen og p\u00e5 taget.<\/p>\n<p><img decoding=\"async\" class=\"\" src=\"https:\/\/m.media-amazon.com\/images\/S\/aplus-media\/sc\/439bc8cc-57f7-43a1-89a5-e0e59866ad23.__CR665,170,333,333_PT0_SX220_V1___.jpg\" alt=\"Anti Slip Rungs\" data-src=\"https:\/\/m.media-amazon.com\/images\/S\/aplus-media\/sc\/439bc8cc-57f7-43a1-89a5-e0e59866ad23.__CR665,170,333,333_PT0_SX220_V1___.jpg\" \/><\/p>\n<h4>Skridsikre trin<\/h4>\n<p>Webbing materiale er kendt for at v\u00e6re meget mindre glat end noget andet h\u00e5rdt materiale s\u00e5som aluminium, metal eller plastik.<\/p>\n<h4 class=\"a-spacing-mini\"><img decoding=\"async\" class=\"\" style=\"font-size: 16px\" src=\"https:\/\/m.media-amazon.com\/images\/S\/aplus-media\/sc\/7c53ce49-22cc-4596-be5b-182731e2d19f.__CR0,0,1000,1000_PT0_SX220_V1___.jpg\" alt=\"Multifunctionality\" data-src=\"https:\/\/m.media-amazon.com\/images\/S\/aplus-media\/sc\/7c53ce49-22cc-4596-be5b-182731e2d19f.__CR0,0,1000,1000_PT0_SX220_V1___.jpg\" \/><\/h4>\n<\/div>\n<\/div>\n<\/div>\n<\/div>\n<div>\n<h4>Multifunktionalitet<\/h4>\n<p>ISOP redningsstigerne kan bruges b\u00e5de til en brandudgang og til n\u00f8dsituationer samt til b\u00f8rn p\u00e5 legepladsen eller til en tr\u00e6hytte.<\/p>\n<\/div>\n<\/div>\n<\/div>\n<\/div>\n<div class=\"celwidget aplus-module module-4 aplus-standard\" data-csa-c-id=\"szt2lt-ajuuna-obqptf-s4hanf\" data-cel-widget=\"aplus-module-4\">\n<div class=\"a-expander-collapsed-height a-row a-expander-container a-expander-partial-collapse-container\" data-a-expander-name=\"aplus-module-expander\" data-a-expander-collapsed-height=\"700\">\n<div class=\"a-expander-content a-expander-partial-collapse-content\">\n<div class=\"aplus-module-wrapper apm-fixed-width\">\n<div class=\"apm-spacing\">\n<div class=\"apm-floatleft apm-fixed-width\">\n<div class=\"apm-spacing\"><img decoding=\"async\" class=\"a-spacing-mini\" src=\"https:\/\/m.media-amazon.com\/images\/S\/aplus-media\/sc\/92d59aff-9c56-407b-8517-ad5630f6ea30.__CR0,0,800,800_PT0_SX300_V1___.jpg\" alt=\"Carabiners\" data-src=\"https:\/\/m.media-amazon.com\/images\/S\/aplus-media\/sc\/92d59aff-9c56-407b-8517-ad5630f6ea30.__CR0,0,800,800_PT0_SX300_V1___.jpg\" \/><\/div>\n<div>\n<h4>Karabinhager<\/h4>\n<p>Professionelle 11 kn forkromede karabinkroge medf\u00f8lger.<\/p>\n<h4 class=\"a-spacing-mini\"><img decoding=\"async\" class=\"a-spacing-mini\" style=\"font-size: 16px\" src=\"https:\/\/m.media-amazon.com\/images\/S\/aplus-media\/sc\/418d6428-453a-4f54-bfe7-acc934a2e204.__CR133,0,720,720_PT0_SX300_V1___.png\" alt=\"Waterproof Bag\" data-src=\"https:\/\/m.media-amazon.com\/images\/S\/aplus-media\/sc\/418d6428-453a-4f54-bfe7-acc934a2e204.__CR133,0,720,720_PT0_SX300_V1___.png\" \/><\/h4>\n<h4>Vandt\u00e6t taske<\/h4>\n<p>Cool designer strandtaske medf\u00f8lger i s\u00e6ttet.<\/p>\n<p>F\u00e5s ogs\u00e5 i <a href=\"https:\/\/isopllc.com\/dk\/product\/rebstige-til-boern-2-m\/\"><strong>2 m<\/strong><\/a>, <a href=\"https:\/\/isopllc.com\/dk\/product\/tagstige-til-2-etager-4-m\/\"><strong>4 m<\/strong><\/a>, <a href=\"https:\/\/isopllc.com\/dk\/product\/noedflugtsstige-5-m\/\"><strong>5 m<\/strong><\/a>, <a href=\"https:\/\/isopllc.com\/dk\/product\/brandflugtsstige-3-etager-8-m\/\"><strong>8 m<\/strong><\/a>, <a href=\"https:\/\/isopllc.com\/dk\/product\/genanvendelig-noedstige-4-etagers-10-m\/\"><strong>10 m<\/strong><\/a> og <a href=\"https:\/\/isopllc.com\/dk\/product\/brandtrappe-6-etager-15-m\/\"><strong>15 m.<\/strong><\/a><\/p>\n<\/div>\n<\/div>\n<\/div>\n<\/div>\n<\/div>\n<\/div>\n<\/div>\n<\/div>\n<\/div>\n<\/div>\n<\/div>\n<\/div>\n<\/div>\n<\/div>\n<div class=\"celwidget aplus-module module-9 aplus-standard\" data-csa-c-id=\"kgh8ns-6rdhac-l4uce3-redgno\" data-cel-widget=\"aplus-module-9\">\n<div class=\"a-expander-collapsed-height a-row a-expander-container a-expander-partial-collapse-container\" data-a-expander-name=\"aplus-module-expander\" data-a-expander-collapsed-height=\"700\">\n<div class=\"a-expander-content a-expander-partial-collapse-content\">\n<div class=\"aplus-module-wrapper apm-fixed-width\">\n<div class=\"apm-spacing apm-fixed-width\"><\/div>\n<\/div>\n<\/div>\n<\/div>\n<\/div>\n<\/div>\n<\/div>\n<\/div>\n<\/div>\n<\/div>\n<\/div>\n<\/div>\n<\/div>\n<\/div>\n<\/div>\n<\/div>\n<\/div>\n<\/div>\n<\/div>\n<\/div>\n","protected":false},"excerpt":{"rendered":"[embed]https:\/\/youtu.be\/btKeHujN-nI[\/embed]\n<p class=\"a-size-large a-spacing-none\" style=\"text-align: center\">Forl\u00e6ngerstige 3 m | Nylon rebstige med karabinhager og forst\u00e6rkede trin &#8211; Let, holdbar og kompakt &#8211; Holder op til 900 kg | N\u00f8dflugtsudstyr, klatrestige<\/p>\n<p style=\"text-align: center\">GRATIS LEVERING INDEN FOR 3-7 DAGE<\/p>\n<h4 style=\"text-align: center\"><strong>K\u00d8B DEN P\u00c5<\/strong><\/h4>\n<p style=\"text-align: center\"><a href=\"https:\/\/www.amazon.de\/dp\/B08F49YKCS?ref=myi_title_dp\"><img loading=\"lazy\" decoding=\"async\" class=\"wp-image-1040 size-full aligncenter\" src=\"https:\/\/rightfoodonly.com\/wp-content\/uploads\/amazon-button9.png\" alt=\"\" width=\"160\" height=\"59\" \/><\/a><\/p>\n<p>&nbsp;<\/p>\n","protected":false},"featured_media":4478,"comment_status":"open","ping_status":"closed","template":"","meta":[],"product_brand":[],"product_cat":[168,165],"product_tag":[86],"class_list":{"0":"post-4485","1":"product","2":"type-product","3":"status-publish","4":"has-post-thumbnail","6":"product_cat-brandredningsstiger","7":"product_cat-rebstiger-til-boern","8":"product_tag-forlaengerstige","10":"first","11":"instock","12":"shipping-taxable","13":"purchasable","14":"product-type-simple"},"_links":{"self":[{"href":"https:\/\/isopllc.com\/dk\/wp-json\/wp\/v2\/product\/4485","targetHints":{"allow":["GET"]}}],"collection":[{"href":"https:\/\/isopllc.com\/dk\/wp-json\/wp\/v2\/product"}],"about":[{"href":"https:\/\/isopllc.com\/dk\/wp-json\/wp\/v2\/types\/product"}],"replies":[{"embeddable":true,"href":"https:\/\/isopllc.com\/dk\/wp-json\/wp\/v2\/comments?post=4485"}],"wp:featuredmedia":[{"embeddable":true,"href":"https:\/\/isopllc.com\/dk\/wp-json\/wp\/v2\/media\/4478"}],"wp:attachment":[{"href":"https:\/\/isopllc.com\/dk\/wp-json\/wp\/v2\/media?parent=4485"}],"wp:term":[{"taxonomy":"product_brand","embeddable":true,"href":"https:\/\/isopllc.com\/dk\/wp-json\/wp\/v2\/product_brand?post=4485"},{"taxonomy":"product_cat","embeddable":true,"href":"https:\/\/isopllc.com\/dk\/wp-json\/wp\/v2\/product_cat?post=4485"},{"taxonomy":"product_tag","embeddable":true,"href":"https:\/\/isopllc.com\/dk\/wp-json\/wp\/v2\/product_tag?post=4485"}],"curies":[{"name":"wp","href":"https:\/\/api.w.org\/{rel}","templated":true}]}}