{"id":4506,"date":"2021-10-17T08:45:34","date_gmt":"2021-10-17T08:45:34","guid":{"rendered":"https:\/\/isopllc.com\/uk\/?post_type=product&#038;p=4506"},"modified":"2025-07-01T14:44:40","modified_gmt":"2025-07-01T14:44:40","slug":"klatreankerboltsaet","status":"publish","type":"product","link":"https:\/\/isopllc.com\/dk\/product\/klatreankerboltsaet\/","title":{"rendered":"Klatreankerbolts\u00e6t"},"content":{"rendered":"<div class=\"celwidget aplus-module module-9\" style=\"text-align: center;\" data-csa-c-id=\"3d7463-l3bdk0-ygs321-8assbf\" data-cel-widget=\"aplus-module-9\">\n<div class=\"a-expander-collapsed-height a-row a-expander-container a-expander-partial-collapse-container\" data-a-expander-name=\"aplus-module-expander\" data-a-expander-collapsed-height=\"700\">\n<div class=\"a-expander-content a-expander-partial-collapse-content\">\n<div class=\"aplus-module-wrapper\">\n<div class=\"apm-spacing apm-fixed-width\">\n<div class=\"celwidget aplus-module module-4 aplus-standard\" data-csa-c-id=\"6mnb1z-9dwrl2-ic24uv-jd1phn\" data-cel-widget=\"aplus-module-4\">\n<div class=\"a-expander-collapsed-height a-row a-expander-container a-expander-partial-collapse-container\" data-a-expander-name=\"aplus-module-expander\" data-a-expander-collapsed-height=\"700\">\n<div class=\"a-expander-content a-expander-partial-collapse-content\">\n<div class=\"aplus-module-wrapper apm-fixed-width\">\n<div class=\"apm-spacing\">\n<div class=\"apm-floatleft apm-fixed-width\">\n<div id=\"title_feature_div\" class=\"celwidget\" data-feature-name=\"title\" data-csa-c-id=\"m5t5xw-wzxd1-od319-pyb58o\" data-cel-widget=\"title_feature_div\">\n<div id=\"titleSection\" class=\"a-section a-spacing-none\">\n<div id=\"title_feature_div\" class=\"celwidget\" data-feature-name=\"title\" data-csa-c-id=\"m5t5xw-wzxd1-od319-pyb58o\" data-cel-widget=\"title_feature_div\">\n<div id=\"titleSection\" class=\"a-section a-spacing-none\">\n<div class=\"celwidget aplus-module module-4 aplus-standard\" data-csa-c-id=\"6mnb1z-9dwrl2-ic24uv-jd1phn\" data-cel-widget=\"aplus-module-4\">\n<div class=\"a-expander-collapsed-height a-row a-expander-container a-expander-partial-collapse-container\" data-a-expander-name=\"aplus-module-expander\" data-a-expander-collapsed-height=\"700\">\n<div class=\"a-expander-content a-expander-partial-collapse-content\">\n<div class=\"aplus-module-wrapper apm-fixed-width\">\n<div class=\"apm-spacing\">\n<div class=\"apm-floatleft apm-fixed-width\">\n<h2 id=\"title\" class=\"a-size-large a-spacing-none\">Klatreankerbolt s\u00e6t med 2 &#8211; ekspansionsbolt og b\u00f8jle FIXE 1 Klippeklatring<\/h2>\n<div class=\"celwidget aplus-module launchpad-brand-description-left aplus-standard\">\n<div class=\"a-section launchpad-module launchpad-module-brand-description-left\">\n<div class=\"a-section launchpad-text-left-justify\">\n<div class=\"celwidget aplus-module launchpad-brand-description-left aplus-standard\" data-csa-c-id=\"peii8c-x52a71-q7cqai-fu661t\" data-cel-widget=\"aplus-launchpad-brand-description-left\">\n<div class=\"a-section launchpad-module launchpad-module-brand-description-left\">\n<div class=\"a-section launchpad-text-left-justify\">\n<p>Vejer 110g med 316 rustfrit st\u00e5l, hovedaksestyrken er 25KN. Sikkerhed med ekspansionsbolt og skive.<\/p>\n<p>L\u00e6ngde: 10,8cm, Bolte Diameter: 10 mm<\/p>\n<p>Professionelt toprebsanker til klatring, downhill, rappellering. Indend\u00f8rs b\u00f8jlebolt til h\u00e6ngek\u00f8je, gynge, luftyoga, bokses\u00e6k osv.<\/p>\n<p>Der medf\u00f8lger m\u00f8trikker og flade skiver.<\/p>\n<p>Fastg\u00f8relses\u00f8je designet til to karabinhager, max belastningsstyrke: 25KN.<\/p>\n<p><img decoding=\"async\" class=\"a-spacing-mini\" src=\"https:\/\/m.media-amazon.com\/images\/S\/aplus-media\/sc\/d9d1cc8a-da5e-44cd-8705-446d3f3b3913.__CR70,192,1023,1023_PT0_SX300_V1___.jpg\" alt=\"anchors\" data-src=\"https:\/\/m.media-amazon.com\/images\/S\/aplus-media\/sc\/d9d1cc8a-da5e-44cd-8705-446d3f3b3913.__CR70,192,1023,1023_PT0_SX300_V1___.jpg\" \/><\/p>\n<p>Klatreankerboltes\u00e6t, indeholder 2 stk oph\u00e6ngsplader og 2 stk ekspansionsbolte. Boltem\u00f8trikker og flade sp\u00e6ndeskiver medf\u00f8lger.<\/p>\n<p><img decoding=\"async\" class=\"a-spacing-mini\" src=\"https:\/\/m.media-amazon.com\/images\/S\/aplus-media\/sc\/7af1ccff-2172-4b01-9eca-35a00c55cc1f.__CR98,309,937,937_PT180_SX300_V1___.jpg\" alt=\"rock climbing anchors\" data-src=\"https:\/\/m.media-amazon.com\/images\/S\/aplus-media\/sc\/7af1ccff-2172-4b01-9eca-35a00c55cc1f.__CR98,309,937,937_PT180_SX300_V1___.jpg\" \/><\/p>\n<p>Oph\u00e6ngsplader til permanent ankerpunkt. Fastg\u00f8relses\u00f8je designet til to karabinhager.<\/p>\n<p><img decoding=\"async\" class=\"a-spacing-mini\" src=\"https:\/\/m.media-amazon.com\/images\/S\/aplus-media\/sc\/8da593fa-f695-495c-a3ab-c3de4bb2fe7a.__CR84,20,312,312_PT0_SX300_V1___.jpg\" alt=\"anchors wall attachment\" data-src=\"https:\/\/m.media-amazon.com\/images\/S\/aplus-media\/sc\/8da593fa-f695-495c-a3ab-c3de4bb2fe7a.__CR84,20,312,312_PT0_SX300_V1___.jpg\" \/><\/p>\n<p>Fremstillet af h\u00f8jkvalitets og holdbart rustfrit st\u00e5lmateriale. Letv\u00e6gts, velegnet til bjergbestigning, klatring, huler og andre udend\u00f8rs aktiviteter.<\/p>\n<\/div>\n<\/div>\n<\/div>\n<\/div>\n<\/div>\n<\/div>\n<\/div>\n<\/div>\n<\/div>\n<\/div>\n<\/div>\n<\/div>\n<\/div>\n<\/div>\n<\/div>\n<\/div>\n<\/div>\n<\/div>\n<\/div>\n<\/div>\n<\/div>\n<\/div>\n<\/div>\n<\/div>\n<\/div>\n<\/div>\n<\/div>\n","protected":false},"excerpt":{"rendered":"<p id=\"title\" class=\"a-size-large a-spacing-none\" style=\"text-align: center;\">Klatreankerbolt s\u00e6t med 2 &#8211; ekspansionsbolt og b\u00f8jle FIXE 1 Klippeklatring<\/p>\n<p style=\"text-align: center;\">GRATIS LEVERING INDEN FOR 3-7 DAGE<\/p>\n<h4 style=\"text-align: center;\"><strong>K\u00d8B DEN P\u00c5<\/strong><\/h4>\n<p style=\"text-align: center;\"><a href=\"https:\/\/www.amazon.de\/dp\/B07P978JW5?ref=myi_title_dp\"><img loading=\"lazy\" decoding=\"async\" class=\"wp-image-1040 size-full aligncenter\" src=\"https:\/\/rightfoodonly.com\/wp-content\/uploads\/amazon-button9.png\" alt=\"\" width=\"160\" height=\"59\" \/><\/a><\/p>\n<p>&nbsp;<\/p>\n","protected":false},"featured_media":4507,"comment_status":"open","ping_status":"closed","template":"","meta":[],"product_brand":[],"product_cat":[164],"product_tag":[122,91,36,43],"class_list":{"0":"post-4506","1":"product","2":"type-product","3":"status-publish","4":"has-post-thumbnail","6":"product_cat-tilbehoer-til-brandstiger","7":"product_tag-klatreankerboltsaet","8":"product_tag-klatring","9":"product_tag-sikkerhed","10":"product_tag-udstyr","12":"first","13":"instock","14":"shipping-taxable","15":"purchasable","16":"product-type-simple"},"_links":{"self":[{"href":"https:\/\/isopllc.com\/dk\/wp-json\/wp\/v2\/product\/4506","targetHints":{"allow":["GET"]}}],"collection":[{"href":"https:\/\/isopllc.com\/dk\/wp-json\/wp\/v2\/product"}],"about":[{"href":"https:\/\/isopllc.com\/dk\/wp-json\/wp\/v2\/types\/product"}],"replies":[{"embeddable":true,"href":"https:\/\/isopllc.com\/dk\/wp-json\/wp\/v2\/comments?post=4506"}],"wp:featuredmedia":[{"embeddable":true,"href":"https:\/\/isopllc.com\/dk\/wp-json\/wp\/v2\/media\/4507"}],"wp:attachment":[{"href":"https:\/\/isopllc.com\/dk\/wp-json\/wp\/v2\/media?parent=4506"}],"wp:term":[{"taxonomy":"product_brand","embeddable":true,"href":"https:\/\/isopllc.com\/dk\/wp-json\/wp\/v2\/product_brand?post=4506"},{"taxonomy":"product_cat","embeddable":true,"href":"https:\/\/isopllc.com\/dk\/wp-json\/wp\/v2\/product_cat?post=4506"},{"taxonomy":"product_tag","embeddable":true,"href":"https:\/\/isopllc.com\/dk\/wp-json\/wp\/v2\/product_tag?post=4506"}],"curies":[{"name":"wp","href":"https:\/\/api.w.org\/{rel}","templated":true}]}}