{"id":4510,"date":"2021-10-17T10:43:21","date_gmt":"2021-10-17T10:43:21","guid":{"rendered":"https:\/\/isopllc.com\/uk\/?post_type=product&#038;p=4510"},"modified":"2025-07-01T14:44:31","modified_gmt":"2025-07-01T14:44:31","slug":"kraftige-klatrekarabinhage","status":"publish","type":"product","link":"https:\/\/isopllc.com\/dk\/product\/kraftige-klatrekarabinhage\/","title":{"rendered":"Kraftige klatrekarabinhager | Pakke med 2 fjederkroge"},"content":{"rendered":"<div class=\"celwidget aplus-module module-9\" style=\"text-align: center;\" data-csa-c-id=\"3d7463-l3bdk0-ygs321-8assbf\" data-cel-widget=\"aplus-module-9\">\n<div class=\"a-expander-collapsed-height a-row a-expander-container a-expander-partial-collapse-container\" data-a-expander-name=\"aplus-module-expander\" data-a-expander-collapsed-height=\"700\">\n<div class=\"a-expander-content a-expander-partial-collapse-content\">\n<div class=\"aplus-module-wrapper\">\n<div class=\"apm-spacing apm-fixed-width\">\n<div class=\"celwidget aplus-module module-4 aplus-standard\" data-csa-c-id=\"6mnb1z-9dwrl2-ic24uv-jd1phn\" data-cel-widget=\"aplus-module-4\">\n<div class=\"a-expander-collapsed-height a-row a-expander-container a-expander-partial-collapse-container\" data-a-expander-name=\"aplus-module-expander\" data-a-expander-collapsed-height=\"700\">\n<div class=\"a-expander-content a-expander-partial-collapse-content\">\n<div class=\"aplus-module-wrapper apm-fixed-width\">\n<div class=\"apm-spacing\">\n<div class=\"apm-floatleft apm-fixed-width\">\n<div id=\"title_feature_div\" class=\"celwidget\" data-feature-name=\"title\" data-csa-c-id=\"m5t5xw-wzxd1-od319-pyb58o\" data-cel-widget=\"title_feature_div\">\n<div id=\"titleSection\" class=\"a-section a-spacing-none\">\n<div id=\"title_feature_div\" class=\"celwidget\" data-feature-name=\"title\" data-csa-c-id=\"m5t5xw-wzxd1-od319-pyb58o\" data-cel-widget=\"title_feature_div\">\n<div id=\"titleSection\" class=\"a-section a-spacing-none\">\n<div class=\"celwidget aplus-module module-4 aplus-standard\" data-csa-c-id=\"6mnb1z-9dwrl2-ic24uv-jd1phn\" data-cel-widget=\"aplus-module-4\">\n<div class=\"a-expander-collapsed-height a-row a-expander-container a-expander-partial-collapse-container\" data-a-expander-name=\"aplus-module-expander\" data-a-expander-collapsed-height=\"700\">\n<div class=\"a-expander-content a-expander-partial-collapse-content\">\n<div class=\"aplus-module-wrapper apm-fixed-width\">\n<div class=\"apm-spacing\">\n<div class=\"apm-floatleft apm-fixed-width\">\n<h2>Kraftige klatrekarabinhager | Pakke med 2 | Brudstyrke 11KN | Holdbare fjederkroge til rigning, reb, h\u00e6ngek\u00f8jer, camping<\/h2>\n<p><img decoding=\"async\" class=\"\" src=\"https:\/\/m.media-amazon.com\/images\/S\/aplus-media\/sc\/b3a3b501-ac92-4e1f-b636-3008edbc8e28.__CR0,0,500,500_PT0_SX220_V1___.jpg\" alt=\"isop carabiners\" data-src=\"https:\/\/m.media-amazon.com\/images\/S\/aplus-media\/sc\/b3a3b501-ac92-4e1f-b636-3008edbc8e28.__CR0,0,500,500_PT0_SX220_V1___.jpg\" \/><\/p>\n<h4 class=\"a-spacing-mini\">DE PERFEKTE KARABINKR\u00c6MPER<\/h4>\n<p class=\"a-size-small\">Vores karabinhager er heavy duty CE &amp; UIAA certificerede og beregnet til at holde, men hvis du ikke er helt tilfreds med dem til enhver tid, skal du blot ans\u00f8ge om refusion.\u00a0Brug disse til at binde reb, klatring, rappelling, forankring, rigning, luftarbejde, lastb\u00e6rende konstruktion, slack lining, backpacking, suspension, bouldering, rigning af tr\u00e6er og udstyr.<\/p>\n<p><img decoding=\"async\" class=\"\" src=\"https:\/\/m.media-amazon.com\/images\/S\/aplus-media\/sc\/b57a5f66-0dcf-4dd7-82fe-831b8de1b0f5.__CR121,0,995,995_PT0_SX220_V1___.jpg\" alt=\"isop carabiners\" data-src=\"https:\/\/m.media-amazon.com\/images\/S\/aplus-media\/sc\/b57a5f66-0dcf-4dd7-82fe-831b8de1b0f5.__CR121,0,995,995_PT0_SX220_V1___.jpg\" \/><\/p>\n<h4 class=\"a-spacing-mini\">H\u00d8J STYRKE<\/h4>\n<p class=\"a-size-small\">Vores store karabinhager er lavet af de bedste materialer, s\u00e5 du kan bruge dem til alle dine udend\u00f8rs, industrielle og sportslige aktiviteter.\u00a0Dette kan v\u00e6re et vigtigt element i dit tr\u00e6klatreudstyr, hold din slakke line op, bind vigtigt udstyr ned eller noget, du har brug for en b\u00e6rende karabinhage.<\/p>\n<h4 class=\"a-spacing-mini\"><img decoding=\"async\" class=\"\" style=\"font-size: 16px;\" src=\"https:\/\/m.media-amazon.com\/images\/S\/aplus-media\/sc\/85c356ce-df87-47db-853c-4e23033d4bc6.__CR0,0,500,500_PT0_SX220_V1___.jpg\" alt=\"isop carabiners\" data-src=\"https:\/\/m.media-amazon.com\/images\/S\/aplus-media\/sc\/85c356ce-df87-47db-853c-4e23033d4bc6.__CR0,0,500,500_PT0_SX220_V1___.jpg\" \/><\/h4>\n<h4 class=\"a-spacing-mini\">ENKELH\u00c5NDS SMART L\u00c5SESYSTEM<\/h4>\n<p class=\"a-size-small\">Let at bruge l\u00e5sefjederl\u00e5ge, s\u00e5 du kan fastg\u00f8re karabinhagen sikkert uden at bekymre dig om, at den glider ud eller mister grebet.\u00a0Symmetrisk form for j\u00e6vn belastning g\u00f8r det muligt for karabinhagen at b\u00e6re og fordele v\u00e6gten j\u00e6vnt.<\/p>\n<p><img decoding=\"async\" class=\"\" src=\"https:\/\/m.media-amazon.com\/images\/S\/aplus-media\/sc\/b3e43bfe-01ee-4a33-a22e-6ea6bf7008d7.__CR218,0,1125,1125_PT0_SX220_V1___.jpg\" alt=\"isop carabiners\" data-src=\"https:\/\/m.media-amazon.com\/images\/S\/aplus-media\/sc\/b3e43bfe-01ee-4a33-a22e-6ea6bf7008d7.__CR218,0,1125,1125_PT0_SX220_V1___.jpg\" \/><\/p>\n<h4>FANTASTISK TIL ALLE AKTIVITETER<\/h4>\n<p>Vores karabinhager kan ogs\u00e5 bruges til hverdagsbehov s\u00e5som at holde op med gynger, tr\u00e6stropper, h\u00e6ngek\u00f8jer, TRX-tr\u00e6ning eller bare en kraftig n\u00f8glering.<\/p>\n<\/div>\n<\/div>\n<\/div>\n<\/div>\n<\/div>\n<\/div>\n<\/div>\n<\/div>\n<\/div>\n<\/div>\n<\/div>\n<\/div>\n<\/div>\n<\/div>\n<\/div>\n<\/div>\n<\/div>\n<\/div>\n<\/div>\n<\/div>\n<\/div>\n","protected":false},"excerpt":{"rendered":"<p style=\"text-align: center;\">Kraftige klatrekarabinhager | Pakke med 2 | Brudstyrke 11KN | Holdbare fjederkroge til rigning, reb, h\u00e6ngek\u00f8jer, camping<\/p>\n<p style=\"text-align: center;\">GRATIS LEVERING INDEN FOR 3-7 DAGE<\/p>\n<h4 style=\"text-align: center;\"><strong>K\u00d8B DEN P\u00c5<\/strong><\/h4>\n<p style=\"text-align: center;\"><a href=\"https:\/\/www.amazon.de\/dp\/B07P91TJHQ?ref=myi_title_dp\"><img loading=\"lazy\" decoding=\"async\" class=\"wp-image-1040 size-full aligncenter\" src=\"https:\/\/rightfoodonly.com\/wp-content\/uploads\/amazon-button9.png\" alt=\"\" width=\"160\" height=\"59\" \/><\/a><\/p>\n<p>&nbsp;<\/p>\n","protected":false},"featured_media":4511,"comment_status":"open","ping_status":"closed","template":"","meta":[],"product_brand":[],"product_cat":[164],"product_tag":[126],"class_list":{"0":"post-4510","1":"product","2":"type-product","3":"status-publish","4":"has-post-thumbnail","6":"product_cat-tilbehoer-til-brandstiger","7":"product_tag-pakke-med-2-fjederkroge","9":"first","10":"instock","11":"shipping-taxable","12":"purchasable","13":"product-type-simple"},"_links":{"self":[{"href":"https:\/\/isopllc.com\/dk\/wp-json\/wp\/v2\/product\/4510","targetHints":{"allow":["GET"]}}],"collection":[{"href":"https:\/\/isopllc.com\/dk\/wp-json\/wp\/v2\/product"}],"about":[{"href":"https:\/\/isopllc.com\/dk\/wp-json\/wp\/v2\/types\/product"}],"replies":[{"embeddable":true,"href":"https:\/\/isopllc.com\/dk\/wp-json\/wp\/v2\/comments?post=4510"}],"wp:featuredmedia":[{"embeddable":true,"href":"https:\/\/isopllc.com\/dk\/wp-json\/wp\/v2\/media\/4511"}],"wp:attachment":[{"href":"https:\/\/isopllc.com\/dk\/wp-json\/wp\/v2\/media?parent=4510"}],"wp:term":[{"taxonomy":"product_brand","embeddable":true,"href":"https:\/\/isopllc.com\/dk\/wp-json\/wp\/v2\/product_brand?post=4510"},{"taxonomy":"product_cat","embeddable":true,"href":"https:\/\/isopllc.com\/dk\/wp-json\/wp\/v2\/product_cat?post=4510"},{"taxonomy":"product_tag","embeddable":true,"href":"https:\/\/isopllc.com\/dk\/wp-json\/wp\/v2\/product_tag?post=4510"}],"curies":[{"name":"wp","href":"https:\/\/api.w.org\/{rel}","templated":true}]}}