{"id":4655,"date":"2022-11-06T08:09:27","date_gmt":"2022-11-06T08:09:27","guid":{"rendered":"https:\/\/isopllc.com\/dk\/?post_type=product&#038;p=4655"},"modified":"2025-10-03T19:46:37","modified_gmt":"2025-10-03T19:46:37","slug":"brandflugtsstige-2-etager-5-m-med-ankre","status":"publish","type":"product","link":"https:\/\/isopllc.com\/dk\/product\/brandflugtsstige-2-etager-5-m-med-ankre\/","title":{"rendered":"Brandflugtsstige 2 Etager 5 m med ankre"},"content":{"rendered":"<p><img loading=\"lazy\" decoding=\"async\" src=\"https:\/\/m.media-amazon.com\/images\/S\/aplus-media\/sc\/21a3f03b-829f-4554-b494-34215adbd6c9.__CR0,724,2000,619_PT0_SX970_V1___.jpg\" alt=\"\" width=\"970\" height=\"300\" \/><\/p>\n<h2 id=\"title\" class=\"a-size-large a-spacing-none\" style=\"text-align: center;\">Brandflugtsstige 2-etagers 5 m flammesikker sikkerhedsrebstige med ankre \u2013 Hurtig at installere og nem at bruge og opbevare \u2013 Kompakt \u2013 V\u00e6gtkapacitet op til 900 kg \u2013 N\u00f8dstiger<\/h2>\n<div class=\"celwidget aplus-module module-9\" style=\"text-align: center;\" data-csa-c-id=\"8qdekw-f2p4k0-r9icce-qoj6p0\" data-cel-widget=\"aplus-module-9\">\n<div class=\"a-expander-collapsed-height a-row a-expander-container a-expander-partial-collapse-container\" data-a-expander-name=\"aplus-module-expander\" data-a-expander-collapsed-height=\"700\">\n<div class=\"a-expander-content a-expander-partial-collapse-content\">\n<div class=\"aplus-module-wrapper\">\n<div class=\"apm-spacing apm-fixed-width\"><\/div>\n<\/div>\n<\/div>\n<\/div>\n<\/div>\n<div class=\"celwidget aplus-module module-2\" data-csa-c-id=\"natz8u-fpdgqh-3o4hqm-4hr1km\" data-cel-widget=\"aplus-module-2\">\n<div class=\"a-expander-collapsed-height a-row a-expander-container a-expander-partial-collapse-container\" data-a-expander-name=\"aplus-module-expander\" data-a-expander-collapsed-height=\"700\">\n<div class=\"a-expander-content a-expander-partial-collapse-content\">\n<div class=\"aplus-module-wrapper apm-floatnone\">\n<div class=\"apm-sidemodule apm-spacing\">\n<div class=\"apm-sidemodule-textright\">\n<div class=\"celwidget aplus-module module-9\" style=\"text-align: center;\" data-csa-c-id=\"3d7463-l3bdk0-ygs321-8assbf\" data-cel-widget=\"aplus-module-9\">\n<div class=\"a-expander-collapsed-height a-row a-expander-container a-expander-partial-collapse-container\" data-a-expander-name=\"aplus-module-expander\" data-a-expander-collapsed-height=\"700\">\n<div class=\"a-expander-content a-expander-partial-collapse-content\">\n<div class=\"aplus-module-wrapper\">\n<div class=\"apm-spacing apm-fixed-width\">\n<h3 class=\"a-spacing-small\">Hvorfor v\u00e6lge os?<\/h3>\n<p><img loading=\"lazy\" decoding=\"async\" class=\" wp-image-4702 aligncenter\" src=\"https:\/\/isopllc.com\/dk\/wp-content\/uploads\/sites\/14\/2022\/11\/reflective-rope-ladders-225x300.jpg\" alt=\"\" width=\"296\" height=\"395\" srcset=\"https:\/\/isopllc.com\/dk\/wp-content\/uploads\/sites\/14\/2022\/11\/reflective-rope-ladders-225x300.jpg 225w, https:\/\/isopllc.com\/dk\/wp-content\/uploads\/sites\/14\/2022\/11\/reflective-rope-ladders-768x1024.jpg 768w, https:\/\/isopllc.com\/dk\/wp-content\/uploads\/sites\/14\/2022\/11\/reflective-rope-ladders-750x1000.jpg 750w, https:\/\/isopllc.com\/dk\/wp-content\/uploads\/sites\/14\/2022\/11\/reflective-rope-ladders-416x555.jpg 416w, https:\/\/isopllc.com\/dk\/wp-content\/uploads\/sites\/14\/2022\/11\/reflective-rope-ladders.jpg 1080w\" sizes=\"auto, (max-width: 296px) 100vw, 296px\" \/><\/p>\n<h4>Patenteret reflekterende teknologi<\/h4>\n<p>Denne stige er designet med bekvemmelighed og tilg\u00e6ngelighed i tankerne.<\/p>\n<p>En speciel reflekterende strimmel v\u00e6vet ind i dette nylonreb g\u00f8r det meget synligt i lommelygtens str\u00e5le, s\u00e5 du ikke snubler over det om natten.<\/p>\n<h3 class=\"a-spacing-small\"><img decoding=\"async\" class=\"a-spacing-mini aligncenter\" src=\"https:\/\/m.media-amazon.com\/images\/S\/aplus-media\/sc\/1d1c9f11-8b81-43e1-b2d9-232d2a154745.__CR0,193,641,641_PT0_SX300_V1___.jpg\" alt=\"Sturdy\" data-src=\"https:\/\/m.media-amazon.com\/images\/S\/aplus-media\/sc\/1d1c9f11-8b81-43e1-b2d9-232d2a154745.__CR0,193,641,641_PT0_SX300_V1___.jpg\" \/><\/h3>\n<\/div>\n<div class=\"apm-spacing apm-fixed-width\">\n<h4 class=\"apm-spacing apm-fixed-width\">ULTRA kraftfuld<\/h4>\n<p class=\"apm-spacing apm-fixed-width\">der er ingen st\u00e6rkere og mere p\u00e5lidelige stiger end vores, testede (!) &#8211; med 900 kg eller 10 personer! Selv k\u00e6destiger kan ikke prale af denne v\u00e6gtkapacitet.<\/p>\n<p><img decoding=\"async\" class=\"a-spacing-mini aligncenter\" src=\"https:\/\/m.media-amazon.com\/images\/S\/aplus-media\/sc\/66906d66-df90-4038-8550-d72faf80c38f.__CR0,0,1200,1200_PT0_SX300_V1___.jpg\" alt=\"Multifunction\" data-src=\"https:\/\/m.media-amazon.com\/images\/S\/aplus-media\/sc\/66906d66-df90-4038-8550-d72faf80c38f.__CR0,0,1200,1200_PT0_SX300_V1___.jpg\" \/><\/p>\n<h4>Multifunktion<\/h4>\n<p>kan bruges til forskellige form\u00e5l s\u00e5som legeplads, gynger, tr\u00e6hus, loft, have, tag, hems, bunker, marine og endda dekorative form\u00e5l. Uendelig r\u00e6kke af brugsmuligheder.<\/p>\n<h4 class=\"a-spacing-mini\"><img decoding=\"async\" class=\"a-spacing-mini aligncenter\" style=\"font-size: 16px;\" src=\"https:\/\/m.media-amazon.com\/images\/S\/aplus-media\/sc\/a53251f8-492d-40f3-a9db-2bdd1415646f.__CR1018,0,1260,1260_PT0_SX300_V1___.png\" alt=\"anti-slip\" data-src=\"https:\/\/m.media-amazon.com\/images\/S\/aplus-media\/sc\/a53251f8-492d-40f3-a9db-2bdd1415646f.__CR1018,0,1260,1260_PT0_SX300_V1___.png\" \/><\/h4>\n<h4>Skridsikre trin<\/h4>\n<p>trinene er ottekantede, s\u00e5 de er p\u00e5lidelige og ikke glatte.<\/p>\n<h4 class=\"a-spacing-mini\"><img decoding=\"async\" class=\"aligncenter\" style=\"font-size: 16px;\" src=\"https:\/\/m.media-amazon.com\/images\/S\/aplus-media\/sc\/2b5aeb68-441e-435d-b89c-5d2faf4eb063.__CR0,0,1000,1000_PT0_SX220_V1___.jpg\" alt=\"Portable\" data-src=\"https:\/\/m.media-amazon.com\/images\/S\/aplus-media\/sc\/2b5aeb68-441e-435d-b89c-5d2faf4eb063.__CR0,0,1000,1000_PT0_SX220_V1___.jpg\" \/><\/h4>\n<h4>Transportabel<\/h4>\n<p>kommer med en flot designet sort taske. Stigen er nem at have med overalt i en taske. Inkluderer en gave\u00e6ske i naturlig tr\u00e6farve.<\/p>\n<h4 class=\"a-spacing-mini\"><img decoding=\"async\" class=\"aligncenter\" style=\"font-size: 16px;\" src=\"https:\/\/m.media-amazon.com\/images\/S\/aplus-media\/sc\/f2e8fc4d-adcb-4ad8-87e7-2d18df74811d.__CR0,13,974,974_PT0_SX220_V1___.jpg\" alt=\"Lightweight\" data-src=\"https:\/\/m.media-amazon.com\/images\/S\/aplus-media\/sc\/f2e8fc4d-adcb-4ad8-87e7-2d18df74811d.__CR0,13,974,974_PT0_SX220_V1___.jpg\" \/><\/h4>\n<h4>Letv\u00e6gts<\/h4>\n<p>for eksempel vejer 2,5 m stige kun 1,8 kg.<\/p>\n<h4 class=\"a-spacing-mini\"><img decoding=\"async\" class=\"aligncenter\" style=\"font-size: 16px;\" src=\"https:\/\/m.media-amazon.com\/images\/S\/aplus-media\/sc\/0552c400-f2fc-46a1-84a9-d5030a1ca8e2.__CR0,0,1000,1000_PT0_SX220_V1___.jpg\" alt=\"Weather resistant\" data-src=\"https:\/\/m.media-amazon.com\/images\/S\/aplus-media\/sc\/0552c400-f2fc-46a1-84a9-d5030a1ca8e2.__CR0,0,1000,1000_PT0_SX220_V1___.jpg\" \/><\/h4>\n<\/div>\n<div>\n<div class=\"celwidget aplus-module module-9\" style=\"text-align: center;\" data-csa-c-id=\"3d7463-l3bdk0-ygs321-8assbf\" data-cel-widget=\"aplus-module-9\">\n<div class=\"a-expander-collapsed-height a-row a-expander-container a-expander-partial-collapse-container\" data-a-expander-name=\"aplus-module-expander\" data-a-expander-collapsed-height=\"700\">\n<div class=\"a-expander-content a-expander-partial-collapse-content\">\n<div class=\"aplus-module-wrapper\">\n<div>\n<h4>Vejrbestandig<\/h4>\n<p>n\u00e6sten aldrig \u00e6ldning stiger til noget vejr, kan ikke blive beskadiget i regnen.<\/p>\n<h4 class=\"a-spacing-mini\"><img decoding=\"async\" class=\"aligncenter\" style=\"font-size: 16px;\" src=\"https:\/\/m.media-amazon.com\/images\/S\/aplus-media\/sc\/14916db8-10a6-4760-8535-f49470d709ad.__CR11,0,1189,1189_PT0_SX220_V1___.jpg\" alt=\"Heavy duty carabiners\" data-src=\"https:\/\/m.media-amazon.com\/images\/S\/aplus-media\/sc\/14916db8-10a6-4760-8535-f49470d709ad.__CR11,0,1189,1189_PT0_SX220_V1___.jpg\" \/><\/h4>\n<\/div>\n<\/div>\n<\/div>\n<\/div>\n<\/div>\n<div class=\"celwidget aplus-module module-4\" style=\"text-align: center;\" data-csa-c-id=\"5glng-jun4yd-v4jukx-uxl7pr\" data-cel-widget=\"aplus-module-4\">\n<div class=\"a-expander-collapsed-height a-row a-expander-container a-expander-partial-collapse-container\" data-a-expander-name=\"aplus-module-expander\" data-a-expander-collapsed-height=\"700\">\n<div class=\"a-expander-content a-expander-partial-collapse-content\">\n<div class=\"aplus-module-wrapper\">\n<div class=\"apm-spacing\">\n<div class=\"apm-floatleft apm-fixed-width\">\n<div class=\"apm-spacing\">\n<h4>Kraftige karabinhager<\/h4>\n<p>stigerne inkluderer forkromede karabinhager brudstyrke 11KN.<\/p>\n<h4 class=\"a-spacing-mini\"><img loading=\"lazy\" decoding=\"async\" class=\"a-spacing-mini aligncenter\" style=\"font-size: 16px;\" src=\"https:\/\/m.media-amazon.com\/images\/S\/aplus-media\/sc\/eebfdeb6-a881-47d1-a2d7-3677df2e925c.__CR521,0,1333,1333_PT0_SX300_V1___.jpg\" alt=\"ladder with carabiners\" width=\"183\" height=\"183\" data-src=\"https:\/\/m.media-amazon.com\/images\/S\/aplus-media\/sc\/eebfdeb6-a881-47d1-a2d7-3677df2e925c.__CR521,0,1333,1333_PT0_SX300_V1___.jpg\" \/><\/h4>\n<\/div>\n<\/div>\n<\/div>\n<\/div>\n<h4>Flammebestandig<\/h4>\n<p>speciel ikke-br\u00e6ndbar sammens\u00e6tning af fibre g\u00f8r det muligt for stigen at modst\u00e5 en brand i nogen tid, men alligevel anbefaler vi ikke at bruge den i direkte ild.<\/p>\n<\/div>\n<\/div>\n<\/div>\n<h4 class=\"a-spacing-mini\"><img loading=\"lazy\" decoding=\"async\" class=\"a-spacing-mini aligncenter\" style=\"font-size: 16px;\" src=\"https:\/\/m.media-amazon.com\/images\/S\/aplus-media\/sc\/d843778e-92b5-40e7-a239-8e35fcbadff6.__CR0,0,2000,2000_PT0_SX300_V1___.jpg\" alt=\"Different length\" width=\"295\" height=\"295\" data-src=\"https:\/\/m.media-amazon.com\/images\/S\/aplus-media\/sc\/d843778e-92b5-40e7-a239-8e35fcbadff6.__CR0,0,2000,2000_PT0_SX300_V1___.jpg\" \/><\/h4>\n<\/div>\n<\/div>\n<\/div>\n<\/div>\n<\/div>\n<div class=\"celwidget aplus-module module-4\" style=\"text-align: center;\" data-csa-c-id=\"5glng-jun4yd-v4jukx-uxl7pr\" data-cel-widget=\"aplus-module-4\">\n<div class=\"a-expander-collapsed-height a-row a-expander-container a-expander-partial-collapse-container\" data-a-expander-name=\"aplus-module-expander\" data-a-expander-collapsed-height=\"700\">\n<div class=\"a-expander-content a-expander-partial-collapse-content\">\n<h4>Forskellig l\u00e6ngde<\/h4>\n<p>tilg\u00e6ngelige 2,5, 4, 5, 8, 10 meter stiger til 1 &#8211; 4 etagers huse.<\/p>\n<h4 class=\"a-spacing-mini\"><img decoding=\"async\" class=\"a-spacing-mini aligncenter\" style=\"font-size: 16px;\" src=\"https:\/\/m.media-amazon.com\/images\/S\/aplus-media\/sc\/b32fbb7f-dd3b-4bce-a9d4-1f51dbe477df.__CR0,0,1000,1000_PT0_SX300_V1___.jpg\" alt=\"reusable\" data-src=\"https:\/\/m.media-amazon.com\/images\/S\/aplus-media\/sc\/b32fbb7f-dd3b-4bce-a9d4-1f51dbe477df.__CR0,0,1000,1000_PT0_SX300_V1___.jpg\" \/><\/h4>\n<\/div>\n<\/div>\n<div>\n<h4>Genanvendelig<\/h4>\n<p>i mods\u00e6tning til andre aluminiumsstiger er vores rebstiger genanvendelige.<\/p>\n<p><img decoding=\"async\" class=\"a-spacing-mini aligncenter\" src=\"https:\/\/m.media-amazon.com\/images\/S\/aplus-media\/sc\/d9d1cc8a-da5e-44cd-8705-446d3f3b3913.__CR70,192,1023,1023_PT0_SX300_V1___.jpg\" alt=\"anchors\" data-src=\"https:\/\/m.media-amazon.com\/images\/S\/aplus-media\/sc\/d9d1cc8a-da5e-44cd-8705-446d3f3b3913.__CR70,192,1023,1023_PT0_SX300_V1___.jpg\" \/><\/p>\n<p>Klatreankerboltes\u00e6t, indeholder 2 stk oph\u00e6ngsplader og 2 stk ekspansionsbolte. Boltem\u00f8trikker og flade sp\u00e6ndeskiver medf\u00f8lger.<\/p>\n<p><img decoding=\"async\" class=\"a-spacing-mini aligncenter\" src=\"https:\/\/m.media-amazon.com\/images\/S\/aplus-media\/sc\/7af1ccff-2172-4b01-9eca-35a00c55cc1f.__CR98,309,937,937_PT180_SX300_V1___.jpg\" alt=\"rock climbing anchors\" data-src=\"https:\/\/m.media-amazon.com\/images\/S\/aplus-media\/sc\/7af1ccff-2172-4b01-9eca-35a00c55cc1f.__CR98,309,937,937_PT180_SX300_V1___.jpg\" \/><\/p>\n<p>Oph\u00e6ngsplader til permanent ankerpunkt. Fastg\u00f8relses\u00f8je designet til to karabinhager.<\/p>\n<p><img decoding=\"async\" class=\"a-spacing-mini aligncenter\" src=\"https:\/\/m.media-amazon.com\/images\/S\/aplus-media\/sc\/8da593fa-f695-495c-a3ab-c3de4bb2fe7a.__CR84,20,312,312_PT0_SX300_V1___.jpg\" alt=\"anchors wall attachment\" data-src=\"https:\/\/m.media-amazon.com\/images\/S\/aplus-media\/sc\/8da593fa-f695-495c-a3ab-c3de4bb2fe7a.__CR84,20,312,312_PT0_SX300_V1___.jpg\" \/><\/p>\n<p>Fremstillet af h\u00f8jkvalitets og holdbart rustfrit st\u00e5lmateriale. Letv\u00e6gts, velegnet til bjergbestigning, klatring, huler og andre udend\u00f8rs aktiviteter.<\/p>\n<\/div>\n<\/div>\n<div class=\"celwidget aplus-module module-2\" data-csa-c-id=\"c1j3x0-mk1xcm-qa38lk-mib4cf\" data-cel-widget=\"aplus-module-2\">\n<div class=\"a-expander-collapsed-height a-row a-expander-container a-expander-partial-collapse-container\" data-a-expander-name=\"aplus-module-expander\" data-a-expander-collapsed-height=\"700\">\n<div class=\"a-expander-content a-expander-partial-collapse-content\">\n<div class=\"aplus-module-wrapper apm-floatnone\">\n<div class=\"apm-sidemodule apm-spacing\">\n<div class=\"apm-sidemodule-imageleft\" style=\"text-align: center;\"><img decoding=\"async\" class=\"aligncenter\" src=\"https:\/\/m.media-amazon.com\/images\/S\/aplus-media\/sc\/fa263336-bda8-42e1-8872-40df9f912f96.__CR0,0,1000,1000_PT0_SX300_V1___.jpg\" alt=\"ladder\" data-src=\"https:\/\/m.media-amazon.com\/images\/S\/aplus-media\/sc\/fa263336-bda8-42e1-8872-40df9f912f96.__CR0,0,1000,1000_PT0_SX300_V1___.jpg\" \/><\/div>\n<div class=\"apm-sidemodule-textright\">\n<h4 style=\"text-align: center;\">Denne n\u00f8dbrandevakueringsstige er designet med bekvemmelighed og tilg\u00e6ngelighed i tankerne<\/h4>\n<p style=\"text-align: center;\">En katastrofe kan ramme ethvert \u00f8jeblik, uanset om du er klar eller ej. I tilf\u00e6lde af en n\u00f8dsituation i hjemmet, skolen eller kontoret b\u00f8r det v\u00e6re din h\u00f8jeste prioritet at sikre, at alle kommer sikkert ud. Det er grunden til, at vi har designet vores flugtstiger til at give dig en bekvem og p\u00e5lidelig m\u00e5de at forlade enhver bygning gennem vinduerne. Hvis dit hus, din skole eller din lejlighed ikke har en flugtvej, eller hvis de ikke er let tilg\u00e6ngelige, s\u00e5 har du brug for en sikkerhedsbrandstige, du kan regne med.<\/p>\n<p style=\"text-align: center;\">Denne brandflugtsstige 2 etage 5 m er omhyggeligt pakket for at give en hurtig udl\u00f8sning uden filtring, s\u00e5 du f\u00e5r en bekvem flugtvej gennem dit vindue, der er perfekt til b\u00e5de b\u00f8rn og voksne. Takket v\u00e6re dens solide konstruktion kan den b\u00e6re op til 900 kg, mens de kraftige karabinhager giver et stabilt hold for at g\u00f8re dit anst\u00e6ndigt s\u00e5 nemt som muligt, hvilket g\u00f8r denne n\u00f8dstige til et must for alle, der \u00f8nsker, at de og deres familie eller ansatte skal v\u00e6re sikre i tilf\u00e6lde af en n\u00f8dsituation.<\/p>\n<\/div>\n<\/div>\n<\/div>\n<\/div>\n<\/div>\n<\/div>\n<\/div>\n<\/div>\n<\/div>\n<\/div>\n<\/div>\n<\/div>\n","protected":false},"excerpt":{"rendered":"[embed]https:\/\/youtu.be\/4QCAov7aA5Y[\/embed]\n<p id=\"title\" class=\"a-size-large a-spacing-none\" style=\"text-align: center;\">Brandflugtsstige 2-etagers 5 m flammesikker sikkerhedsrebstige med ankre \u2013 Hurtig at installere og nem at bruge og opbevare \u2013 Kompakt \u2013 V\u00e6gtkapacitet op til 900 kg \u2013 N\u00f8dstiger<\/p>\n<p style=\"text-align: center;\">GRATIS LEVERING INDEN FOR 3-7 DAGE<\/p>\n<h4 style=\"text-align: center;\"><strong>K\u00d8B DEN P\u00c5<\/strong><\/h4>\n<p style=\"text-align: center;\"><a href=\"https:\/\/www.amazon.de\/dp\/B0BDF1W58Z?ref=myi_title_dp&amp;th=1\"><img loading=\"lazy\" decoding=\"async\" class=\"wp-image-1040 size-full aligncenter\" src=\"https:\/\/rightfoodonly.com\/wp-content\/uploads\/amazon-button9.png\" alt=\"\" width=\"160\" height=\"59\" \/><\/a><\/p>\n<p>&nbsp;<\/p>\n","protected":false},"featured_media":4689,"comment_status":"open","ping_status":"closed","template":"","meta":[],"product_brand":[],"product_cat":[174,173,165,170,167],"product_tag":[59,58,62,54,38,37,36],"class_list":{"0":"post-4655","1":"product","2":"type-product","3":"status-publish","4":"has-post-thumbnail","6":"product_cat-brandtrappestiger-med-1-etage","7":"product_cat-brandtrappestiger-med-2-etager","8":"product_cat-rebstiger-til-boern","9":"product_cat-rebtrappestiger-til-brandtrappe","10":"product_cat-vaegmonterede-stiger","11":"product_tag-2-etager","12":"product_tag-5-m","13":"product_tag-ankre","14":"product_tag-brandflugtsstige","15":"product_tag-brandudstyr","16":"product_tag-evakuering","17":"product_tag-sikkerhed","19":"first","20":"instock","21":"shipping-taxable","22":"purchasable","23":"product-type-simple"},"_links":{"self":[{"href":"https:\/\/isopllc.com\/dk\/wp-json\/wp\/v2\/product\/4655","targetHints":{"allow":["GET"]}}],"collection":[{"href":"https:\/\/isopllc.com\/dk\/wp-json\/wp\/v2\/product"}],"about":[{"href":"https:\/\/isopllc.com\/dk\/wp-json\/wp\/v2\/types\/product"}],"replies":[{"embeddable":true,"href":"https:\/\/isopllc.com\/dk\/wp-json\/wp\/v2\/comments?post=4655"}],"wp:featuredmedia":[{"embeddable":true,"href":"https:\/\/isopllc.com\/dk\/wp-json\/wp\/v2\/media\/4689"}],"wp:attachment":[{"href":"https:\/\/isopllc.com\/dk\/wp-json\/wp\/v2\/media?parent=4655"}],"wp:term":[{"taxonomy":"product_brand","embeddable":true,"href":"https:\/\/isopllc.com\/dk\/wp-json\/wp\/v2\/product_brand?post=4655"},{"taxonomy":"product_cat","embeddable":true,"href":"https:\/\/isopllc.com\/dk\/wp-json\/wp\/v2\/product_cat?post=4655"},{"taxonomy":"product_tag","embeddable":true,"href":"https:\/\/isopllc.com\/dk\/wp-json\/wp\/v2\/product_tag?post=4655"}],"curies":[{"name":"wp","href":"https:\/\/api.w.org\/{rel}","templated":true}]}}