{"id":4676,"date":"2022-12-18T07:21:36","date_gmt":"2022-12-18T07:21:36","guid":{"rendered":"https:\/\/isopllc.com\/dk\/?post_type=product&#038;p=4676"},"modified":"2025-07-01T14:43:10","modified_gmt":"2025-07-01T14:43:10","slug":"redningstaeppe-guld-og-soelv-11-enheder","status":"publish","type":"product","link":"https:\/\/isopllc.com\/dk\/product\/redningstaeppe-guld-og-soelv-11-enheder\/","title":{"rendered":"Redningst\u00e6ppe guld og s\u00f8lv | 11 enheder"},"content":{"rendered":"<div id=\"title_feature_div\" class=\"celwidget\" data-feature-name=\"title\" data-csa-c-type=\"widget\" data-csa-c-content-id=\"title\" data-csa-c-slot-id=\"title_feature_div\" data-csa-c-asin=\"B0BJQCVPLH\" data-csa-c-is-in-initial-active-row=\"false\" data-csa-c-id=\"erqms-5qqh6y-p3rtya-x4dmz0\" data-cel-widget=\"title_feature_div\">\n<h1 id=\"titleSection\" class=\"a-section a-spacing-none\">ISOP redningst\u00e6ppe guld og s\u00f8lv | 11 Enheder Stor St\u00f8rrelse 210 x 160 cm | Emergency termiske t\u00e6pper Survival t\u00e6pper F\u00f8rstehj\u00e6lp | Varmet\u00e6ppe | Multi-brug let og kompakt<\/h1>\n<\/div>\n<div id=\"bylineInfo_feature_div\" class=\"celwidget\" data-feature-name=\"bylineInfo\" data-csa-c-type=\"widget\" data-csa-c-content-id=\"bylineInfo\" data-csa-c-slot-id=\"bylineInfo_feature_div\" data-csa-c-asin=\"B0BJQCVPLH\" data-csa-c-is-in-initial-active-row=\"false\" data-csa-c-id=\"wvuzbc-cbpmcd-p0zjlr-aw19k2\" data-cel-widget=\"bylineInfo_feature_div\"><\/div>\n<div class=\"celwidget aplus-module premium-module-1-image-text aplus-premium\" data-csa-c-id=\"nvxuwk-9y1qd2-me2kdy-lkoz9b\" data-cel-widget=\"aplus-premium-module-1-image-text\">\n<div class=\"a-section a-spacing-none premium-aplus premium-aplus-module-1 aplus-container-1\">\n<div class=\"a-section a-spacing-none aplus-display-table\">\n<div class=\"a-section a-spacing-none aplus-module-section aplus-display-table-cell aplus-image-section\"><img decoding=\"async\" class=\"\" src=\"https:\/\/m.media-amazon.com\/images\/W\/WEBP_402378-T2\/images\/S\/aplus-media-library-service-media\/83e70c37-0952-4f54-9c07-e7f4442a5f4e.__CR0,0,800,600_PT0_SX800_V1___.jpg\" alt=\"Silver\/Gold Blanket Premium\" data-src=\"https:\/\/m.media-amazon.com\/images\/W\/WEBP_402378-T2\/images\/S\/aplus-media-library-service-media\/83e70c37-0952-4f54-9c07-e7f4442a5f4e.__CR0,0,800,600_PT0_SX800_V1___.jpg\" \/><\/div>\n<div class=\"a-section a-spacing-none aplus-module-section aplus-display-table-cell aplus-text-section-right\">\n<h1 class=\"aplus-h1 aplus-module-1-heading a-text-bold\">Et must-have til overlevelsess\u00e6t, f\u00f8rstehj\u00e6lpskasser, n\u00f8ds\u00e6t og mere<\/h1>\n<p class=\"aplus-p2 aplus-module-1-description\">Mylar Emergency Blanket er vandt\u00e6t og reflekterer op til 90 % af kropsvarmen for at hj\u00e6lpe med at forhindre hypotermi i koldt, v\u00e5dt eller varmt vejr. Disse termofoliet\u00e6pper er et must-have til camping, traill\u00f8b, maraton, 48 timers\/72 timers\/30 dages rejsetasker, taktisk udstyr, overlevelsess\u00e6t for jordsk\u00e6lv, n\u00f8dsituationer i hjemmet og f\u00f8rstehj\u00e6lpskasser til biler.<\/p>\n<\/div>\n<\/div>\n<\/div>\n<\/div>\n<div class=\"celwidget aplus-module premium-module-1-image-text aplus-premium\" data-csa-c-id=\"p0rseo-gvzh3q-ahffy1-eae4wm\" data-cel-widget=\"aplus-premium-module-1-image-text\">\n<div class=\"a-section a-spacing-none premium-aplus premium-aplus-module-1 aplus-container-1\">\n<div class=\"a-section a-spacing-none aplus-display-table\">\n<div class=\"a-section a-spacing-none aplus-module-section aplus-display-table-cell aplus-image-section\"><img decoding=\"async\" class=\"\" src=\"https:\/\/m.media-amazon.com\/images\/W\/WEBP_402378-T2\/images\/S\/aplus-media-library-service-media\/1c3bef25-5548-4689-9308-53a9f36497ac.__CR0,0,800,600_PT0_SX800_V1___.jpg\" alt=\"Silver\/Gold Blanket Premium\" data-src=\"https:\/\/m.media-amazon.com\/images\/W\/WEBP_402378-T2\/images\/S\/aplus-media-library-service-media\/1c3bef25-5548-4689-9308-53a9f36497ac.__CR0,0,800,600_PT0_SX800_V1___.jpg\" \/><\/div>\n<div class=\"a-section a-spacing-none aplus-module-section aplus-display-table-cell aplus-text-section-right\">\n<h1 class=\"aplus-h1 aplus-module-1-heading a-text-bold\">Multifunktionelt n\u00f8dt\u00e6ppe<\/h1>\n<p class=\"aplus-p2 aplus-module-1-description\">Opbevar i din rygs\u00e6k for en sikkerheds skyld. Udover at holde dig varm og t\u00f8r, har ISOP overlevelsest\u00e6ppe utallige anvendelsesmuligheder i overlevelsessituationer. Brug som en soveposeforing i uventet koldt vejr for at forbedre din eksisterende sovepose ved at booste varmen og beskytte mod udefrakommende kondens. Opbevar din kat i tilf\u00e6lde af, at du sidder fast i en snestorm, l\u00f8ber t\u00f8r for benzin eller kommer ud for en bilulykke i l\u00f8bet af vinteren.<\/p>\n<\/div>\n<\/div>\n<\/div>\n<\/div>\n<div class=\"celwidget aplus-module premium-module-1-image-text aplus-premium\" data-csa-c-id=\"bpbsso-8dfzta-y2mu01-e5iw8h\" data-cel-widget=\"aplus-premium-module-1-image-text\">\n<div class=\"a-section a-spacing-none premium-aplus premium-aplus-module-1 aplus-container-1\">\n<div class=\"a-section a-spacing-none aplus-display-table\">\n<div class=\"a-section a-spacing-none aplus-module-section aplus-display-table-cell aplus-image-section\"><img decoding=\"async\" class=\"\" src=\"https:\/\/m.media-amazon.com\/images\/W\/WEBP_402378-T2\/images\/S\/aplus-media-library-service-media\/ff8517b7-ded4-4139-bb92-8b71ffe90612.__CR0,0,800,600_PT0_SX800_V1___.jpg\" alt=\"Silver\/Gold Blanket Premium\" data-src=\"https:\/\/m.media-amazon.com\/images\/W\/WEBP_402378-T2\/images\/S\/aplus-media-library-service-media\/ff8517b7-ded4-4139-bb92-8b71ffe90612.__CR0,0,800,600_PT0_SX800_V1___.jpg\" \/><\/div>\n<div class=\"a-section a-spacing-none aplus-module-section aplus-display-table-cell aplus-text-section-right\">\n<h1 class=\"aplus-h1 aplus-module-1-heading a-text-bold\">Holdbar, ultralet, kompakt emballage<\/h1>\n<p class=\"aplus-p2 aplus-module-1-description\">Hvert t\u00e6ppe er individuelt foldet, pakket og forseglet for nem opbevaring, fastholdelse eller afledning af varme, genanvendeligt, vandt\u00e6t, vindt\u00e6t, fugtbestandigt, kan ogs\u00e5 bruges som bundd\u00e6kke og solsk\u00e6rm.<\/p>\n<div class=\"a-section a-spacing-none premium-aplus-15-heading\">\n<h1 class=\"premium-aplus-15-heading-text a-text-bold\">Utallige anvendelser:<\/h1>\n<\/div>\n<div class=\"a-section a-spacing-none\">\n<p class=\"description\">telt fodaftryk; Rygs\u00e6k Cover; Regn Poncho; N\u00f8dsignal; Solar Ovn; Fiskesn\u00f8re; Fugleafvisende middel; N\u00f8dly; Sovepose Linned; Bundd\u00e6kke; Vind Blocker; Armslynge; Tourniquet; Trail Marker; Vandopsamler; Snesmeltningsbeholder; Bil vindue solbeskytter; Sollys reflektor; F\u00f8devarekonserverende l\u00e5g.<\/p>\n<\/div>\n<\/div>\n<\/div>\n<\/div>\n<\/div>\n","protected":false},"excerpt":{"rendered":"[embed]https:\/\/www.youtube.com\/watch?v=_FEc3WYo3UU[\/embed]\n<p style=\"text-align: center;\">ISOP Redningst\u00e6ppe guld og s\u00f8lv | 11 Enheder Stor St\u00f8rrelse 210 x 160 cm | Emergency termiske t\u00e6pper Survival t\u00e6pper F\u00f8rstehj\u00e6lp | Varmet\u00e6ppe | Multi-brug let og kompakt<\/p>\n<p style=\"text-align: center;\">GRATIS LEVERING INDEN FOR 3-7 DAGE<\/p>\n<h4 style=\"text-align: center;\"><strong>K\u00d8B DEN P\u00c5<\/strong><\/h4>\n<p style=\"text-align: center;\"><a href=\"https:\/\/www.amazon.de\/dp\/B0BJQCVPLH?ref=myi_title_dp&amp;th=1\"><img loading=\"lazy\" decoding=\"async\" class=\"wp-image-1040 size-full aligncenter\" src=\"https:\/\/rightfoodonly.com\/wp-content\/uploads\/amazon-button9.png\" alt=\"\" width=\"160\" height=\"59\" \/><\/a><\/p>\n<p>&nbsp;<\/p>\n","protected":false},"featured_media":4687,"comment_status":"open","ping_status":"closed","template":"","meta":[],"product_brand":[],"product_cat":[162,160],"product_tag":[143,142],"class_list":{"0":"post-4676","1":"product","2":"type-product","3":"status-publish","4":"has-post-thumbnail","6":"product_cat-brandtaeppe","7":"product_cat-rednings-og-overlevelsessaet","8":"product_tag-guld-og-soelv","9":"product_tag-redningstaeppe","11":"first","12":"instock","13":"shipping-taxable","14":"purchasable","15":"product-type-simple"},"_links":{"self":[{"href":"https:\/\/isopllc.com\/dk\/wp-json\/wp\/v2\/product\/4676","targetHints":{"allow":["GET"]}}],"collection":[{"href":"https:\/\/isopllc.com\/dk\/wp-json\/wp\/v2\/product"}],"about":[{"href":"https:\/\/isopllc.com\/dk\/wp-json\/wp\/v2\/types\/product"}],"replies":[{"embeddable":true,"href":"https:\/\/isopllc.com\/dk\/wp-json\/wp\/v2\/comments?post=4676"}],"wp:featuredmedia":[{"embeddable":true,"href":"https:\/\/isopllc.com\/dk\/wp-json\/wp\/v2\/media\/4687"}],"wp:attachment":[{"href":"https:\/\/isopllc.com\/dk\/wp-json\/wp\/v2\/media?parent=4676"}],"wp:term":[{"taxonomy":"product_brand","embeddable":true,"href":"https:\/\/isopllc.com\/dk\/wp-json\/wp\/v2\/product_brand?post=4676"},{"taxonomy":"product_cat","embeddable":true,"href":"https:\/\/isopllc.com\/dk\/wp-json\/wp\/v2\/product_cat?post=4676"},{"taxonomy":"product_tag","embeddable":true,"href":"https:\/\/isopllc.com\/dk\/wp-json\/wp\/v2\/product_tag?post=4676"}],"curies":[{"name":"wp","href":"https:\/\/api.w.org\/{rel}","templated":true}]}}