{"id":4728,"date":"2023-01-18T14:01:24","date_gmt":"2023-01-18T14:01:24","guid":{"rendered":"https:\/\/isopllc.com\/dk\/?post_type=product&#038;p=4728"},"modified":"2025-07-01T14:42:52","modified_gmt":"2025-07-01T14:42:52","slug":"brandtaeppe-120180-cm","status":"publish","type":"product","link":"https:\/\/isopllc.com\/dk\/product\/brandtaeppe-120180-cm\/","title":{"rendered":"Brandt\u00e6ppe 120*180 cm"},"content":{"rendered":"<div class=\"celwidget aplus-module premium-module-3-four-column-images aplus-premium\" data-csa-c-id=\"5x7ui9-ius50c-ssm1r8-66oj1i\" data-cel-widget=\"aplus-premium-module-3-four-column-images\">\n<div class=\"a-section a-spacing-none premium-aplus premium-aplus-module-3 aplus-container-1\">\n<h1 id=\"title\" class=\"a-size-large a-spacing-none\">Brandt\u00e6ppe 120*180 cm \u2013 Glasfiber Brandh\u00e6mmende T\u00e6ppe \u2013 Heavy Duty N\u00f8dt\u00e6ppe \u2013 A-Grade Survival T\u00e6ppe \u2013 Brandd\u00e6mpende T\u00e6ppe \u2013 F\u00f8rstehj\u00e6lpst\u00e6ppe \u2013 Redningst\u00e6ppe til hjemmet<\/h1>\n<\/div>\n<\/div>\n<div class=\"celwidget aplus-module premium-module-4-two-column-images aplus-premium\" data-csa-c-id=\"15yl7x-eio1n0-m9lh6n-socwzs\" data-cel-widget=\"aplus-premium-module-4-two-column-images\">\n<div class=\"a-section a-spacing-none premium-aplus premium-aplus-module-4 aplus-container-1\">\n<div class=\"a-section a-spacing-none premium-aplus-two-column\">\n<div class=\"a-section a-spacing-none premium-aplus-column\">\n<div class=\"a-section a-spacing-none column-description\">\n<div class=\"celwidget aplus-module premium-module-1-image-text aplus-premium\" data-csa-c-id=\"x545br-jvgu92-1elkrx-n14gmb\" data-cel-widget=\"aplus-premium-module-1-image-text\">\n<div class=\"a-section a-spacing-none premium-aplus premium-aplus-module-1 aplus-container-1\">\n<div class=\"a-section a-spacing-none aplus-display-table\">\n<div class=\"a-section a-spacing-none aplus-module-section aplus-display-table-cell aplus-image-section\"><img decoding=\"async\" class=\"\" src=\"https:\/\/m.media-amazon.com\/images\/S\/aplus-media-library-service-media\/20c4d590-e1df-47d5-9b6d-1700e574bf3f.__CR0,0,800,600_PT0_SX800_V1___.jpg\" alt=\"Fibreglass Fire Retardant Blanket\" data-src=\"https:\/\/m.media-amazon.com\/images\/S\/aplus-media-library-service-media\/20c4d590-e1df-47d5-9b6d-1700e574bf3f.__CR0,0,800,600_PT0_SX800_V1___.jpg\" \/><\/div>\n<div class=\"a-section a-spacing-none aplus-module-section aplus-display-table-cell aplus-text-section-right\">\n<h1 class=\"aplus-h1 aplus-module-1-heading a-text-bold\">A-klasse overlevelsest\u00e6ppe \u2013 brandd\u00e6mper \u2013 f\u00f8rstehj\u00e6lp \u2013 redningst\u00e6ppe<\/h1>\n<p>ISOP n\u00f8dt\u00e6ppe til overlevelse slukker ild inden for f\u00e5 sekunder. Den r\u00f8de pose er designet til at blive h\u00e6ngt i tyllen med pose\u00e5bningen nedad, s\u00e5 du hurtigt kan gribe og tr\u00e6kke de to stropper, udfolde t\u00e6ppet og folde f\u00f8rstehj\u00e6lpst\u00e6ppet ud for at d\u00e6kke brandkilden med, indtil det kv\u00e6les og slukker ilden<\/p>\n<p>Vi v\u00e6rds\u00e6tter at passe p\u00e5 hinanden og forblive forbundet til vores samfunds hjerteslag.<\/p>\n<\/div>\n<\/div>\n<\/div>\n<\/div>\n<div class=\"celwidget aplus-module premium-module-4-two-column-images aplus-premium\" data-csa-c-id=\"rtlj53-bjgtoh-kpqsj4-jiaqb8\" data-cel-widget=\"aplus-premium-module-4-two-column-images\">\n<div class=\"a-section a-spacing-none premium-aplus premium-aplus-module-4 aplus-container-1\">\n<div class=\"a-section a-spacing-none premium-aplus-two-column\">\n<div class=\"a-section a-spacing-none premium-aplus-column\">\n<div class=\"a-section a-spacing-none {'column-image'}\"><img decoding=\"async\" class=\"\" src=\"https:\/\/m.media-amazon.com\/images\/S\/aplus-media-library-service-media\/f75da90f-6d87-4348-8303-ca326e370061.__CR0,0,650,350_PT0_SX650_V1___.jpg\" alt=\"Fibreglass Fire Retardant Blanket\" data-src=\"https:\/\/m.media-amazon.com\/images\/S\/aplus-media-library-service-media\/f75da90f-6d87-4348-8303-ca326e370061.__CR0,0,650,350_PT0_SX650_V1___.jpg\" \/><\/div>\n<div class=\"a-section a-spacing-none column-description\"><\/div>\n<\/div>\n<\/div>\n<\/div>\n<\/div>\n<div class=\"celwidget aplus-module premium-module-15-text aplus-premium\" data-csa-c-id=\"bnb6tm-tysnie-sthwlh-4mqwnf\" data-cel-widget=\"aplus-premium-module-15-text\">\n<div class=\"a-section a-spacing-none premium-aplus premium-aplus-module-15\">\n<div class=\"a-section a-spacing-none\">\n<p>Redningst\u00e6ppe fungerer som et beskyttende skjold. Disse t\u00e6pper kan bruges til at slukke varmealarmerende sm\u00e5 brande og hj\u00e6lpe med at forebygge brand i huset ved at kv\u00e6le dem for ilt. Du kan enten bruge den til at stoppe sm\u00e5 brande, der kan komme ud af kontrol i den udend\u00f8rs grill, lejrb\u00e5l, spaltepladser, gardiner med n\u00e6rliggende stikkontakter, i tilf\u00e6lde af elektrisk kortslutning i hjemmet og k\u00f8kkenet. Bare pak den om dig og kom v\u00e6k s\u00e5 hurtigt som muligt.<\/p>\n<p>Holdbar og robust glasfiberkonstruktion. Vores A-klasse brandt\u00e6pper er lavet af ultimativ kraftig glasfiber, et materiale, der udglatter flammerne og skiller sig ud p\u00e5 grund af dets temperaturbestandige egenskaber. Glasfiber er flammeh\u00e6mmende, og det opfylder EN-1869: 1997 standarden for brandslukning. Hvis du bor i en afsidesliggende hytte, fungerer den som en ildslukker, i betragtning af at det ville tage den frivillige tid at reagere p\u00e5 n\u00f8dopkald.<\/p>\n<div class=\"celwidget aplus-module premium-module-4-two-column-images aplus-premium\" data-csa-c-id=\"1qsvnq-s2pplf-150y0h-f4ki8g\">\n<div class=\"a-section a-spacing-none premium-aplus premium-aplus-module-4 aplus-container-1\">\n<div class=\"a-section a-spacing-none premium-aplus-two-column\">\n<div class=\"a-section a-spacing-none premium-aplus-column\">\n<div class=\"a-section a-spacing-none {'column-image'}\"><img decoding=\"async\" class=\"\" src=\"https:\/\/m.media-amazon.com\/images\/S\/aplus-media-library-service-media\/b821e742-bf50-4e90-a57f-90c4944a5825.__CR0,0,650,350_PT0_SX650_V1___.jpg\" alt=\"Fibreglass Fire Retardant Blanket\" data-src=\"https:\/\/m.media-amazon.com\/images\/S\/aplus-media-library-service-media\/b821e742-bf50-4e90-a57f-90c4944a5825.__CR0,0,650,350_PT0_SX650_V1___.jpg\" \/><\/div>\n<div class=\"a-section a-spacing-none column-description\"><\/div>\n<\/div>\n<\/div>\n<\/div>\n<\/div>\n<div class=\"celwidget aplus-module premium-module-15-text aplus-premium\" data-csa-c-id=\"hojorg-jhrtya-jrvofx-evbfdk\">\n<div class=\"a-section a-spacing-none premium-aplus premium-aplus-module-15\">\n<div class=\"a-section a-spacing-none\">\n<p>Vent ikke p\u00e5, at der sker en n\u00f8dsituation, \u00e5bn vores redningsudstyr, m\u00e6rk den h\u00f8je kvalitet, g\u00f8r dig bekendt med produktet og l\u00e6r mindre\u00e5rige, hvordan de skal h\u00e5ndtere det, hvis de er alene.<\/p>\n<p>Giv den som en husvarm gave, som er praktisk, tankev\u00e6kkende og en engangsinvestering. Indtil det tidspunkt, hvor du n\u00e5r det punkt, der advares af din branddetektor, er flammerne for det meste allerede h\u00f8je. P\u00e5 disse punkter er anvendelse af alternativer som brandslukningst\u00e6pper en nemmere og effektiv m\u00e5de at implementere mod enhver st\u00f8rrelse af brandudbrud, hvor f\u00f8lelser og angst vil l\u00f8be h\u00f8jt.<\/p>\n<p>Bortset fra brandt\u00e6pper tilbyder ISOP-m\u00e6rket et stort udvalg af brandflugtstiger, redningsstiger og brandsikkerhedss\u00e6t.<\/p>\n<p>F\u00e5s ogs\u00e5 i <a href=\"https:\/\/isopllc.com\/dk\/product\/brandtaeppe-stort-180200-cm\/\"><strong>stor st\u00f8rrelse.<\/strong><\/a><\/p>\n<\/div>\n<\/div>\n<\/div>\n<\/div>\n<\/div>\n<\/div>\n<\/div>\n<\/div>\n<\/div>\n<\/div>\n<\/div>\n","protected":false},"excerpt":{"rendered":"<p id=\"title\" class=\"a-size-large a-spacing-none\" style=\"text-align: center\">Brandt\u00e6ppe 120*180 cm \u2013 Glasfiber Brandh\u00e6mmende T\u00e6ppe \u2013 Heavy Duty N\u00f8dt\u00e6ppe \u2013 A-Grade Survival T\u00e6ppe \u2013 Brandd\u00e6mpende T\u00e6ppe \u2013 F\u00f8rstehj\u00e6lpst\u00e6ppe \u2013 Redningst\u00e6ppe til hjemmet<\/p>\n<p style=\"text-align: center\">GRATIS LEVERING INDEN FOR 3-7 DAGE<\/p>\n<h4 style=\"text-align: center\"><strong>K\u00d8B DEN P\u00c5<\/strong><\/h4>\n<p><a href=\"https:\/\/www.amazon.de\/dp\/B0BLLNJXKH?ref=myi_title_dp\"><img loading=\"lazy\" decoding=\"async\" class=\"aligncenter wp-image-1040 size-full\" src=\"https:\/\/isopllc.com\/dk\/wp-content\/uploads\/sites\/14\/2020\/01\/amazon-button9.png\" alt=\"\" width=\"160\" height=\"59\" \/><\/a><\/p>\n","protected":false},"featured_media":4729,"comment_status":"open","ping_status":"closed","template":"","meta":[],"product_brand":[],"product_cat":[162,160],"product_tag":[84],"class_list":{"0":"post-4728","1":"product","2":"type-product","3":"status-publish","4":"has-post-thumbnail","6":"product_cat-brandtaeppe","7":"product_cat-rednings-og-overlevelsessaet","8":"product_tag-brandtaeppe","10":"first","11":"instock","12":"shipping-taxable","13":"purchasable","14":"product-type-simple"},"_links":{"self":[{"href":"https:\/\/isopllc.com\/dk\/wp-json\/wp\/v2\/product\/4728","targetHints":{"allow":["GET"]}}],"collection":[{"href":"https:\/\/isopllc.com\/dk\/wp-json\/wp\/v2\/product"}],"about":[{"href":"https:\/\/isopllc.com\/dk\/wp-json\/wp\/v2\/types\/product"}],"replies":[{"embeddable":true,"href":"https:\/\/isopllc.com\/dk\/wp-json\/wp\/v2\/comments?post=4728"}],"wp:featuredmedia":[{"embeddable":true,"href":"https:\/\/isopllc.com\/dk\/wp-json\/wp\/v2\/media\/4729"}],"wp:attachment":[{"href":"https:\/\/isopllc.com\/dk\/wp-json\/wp\/v2\/media?parent=4728"}],"wp:term":[{"taxonomy":"product_brand","embeddable":true,"href":"https:\/\/isopllc.com\/dk\/wp-json\/wp\/v2\/product_brand?post=4728"},{"taxonomy":"product_cat","embeddable":true,"href":"https:\/\/isopllc.com\/dk\/wp-json\/wp\/v2\/product_cat?post=4728"},{"taxonomy":"product_tag","embeddable":true,"href":"https:\/\/isopllc.com\/dk\/wp-json\/wp\/v2\/product_tag?post=4728"}],"curies":[{"name":"wp","href":"https:\/\/api.w.org\/{rel}","templated":true}]}}