{"id":4739,"date":"2023-01-18T14:15:07","date_gmt":"2023-01-18T14:15:07","guid":{"rendered":"https:\/\/isopllc.com\/dk\/?post_type=product&#038;p=4739"},"modified":"2025-07-01T14:41:44","modified_gmt":"2025-07-01T14:41:44","slug":"noedsituation-overlevelsessaet","status":"publish","type":"product","link":"https:\/\/isopllc.com\/dk\/product\/noedsituation-overlevelsessaet\/","title":{"rendered":"N\u00f8dsituation Overlevelsess\u00e6t"},"content":{"rendered":"<div class=\"celwidget aplus-module premium-module-3-four-column-images aplus-premium\" data-csa-c-id=\"5x7ui9-ius50c-ssm1r8-66oj1i\" data-cel-widget=\"aplus-premium-module-3-four-column-images\">\n<div class=\"a-section a-spacing-none premium-aplus premium-aplus-module-3 aplus-container-1\">\n<div class=\"celwidget aplus-module premium-module-3-four-column-images aplus-premium\" data-csa-c-id=\"5x7ui9-ius50c-ssm1r8-66oj1i\" data-cel-widget=\"aplus-premium-module-3-four-column-images\">\n<h1 class=\"a-section a-spacing-none premium-aplus premium-aplus-module-3 aplus-container-1\">N\u00f8dsituation Overlevelsess\u00e6t | Milit\u00e6rt overlevelsess\u00e6t | N\u00f8doverlevelsesudstyr og fiskeudstyr til campingvandring Jagt udend\u00f8rs eventyr | Survival Tools med Emergency Armb\u00e5nd Whistle lommelygte<\/h1>\n<\/div>\n<\/div>\n<\/div>\n<div class=\"celwidget aplus-module premium-module-4-two-column-images aplus-premium\" data-csa-c-id=\"15yl7x-eio1n0-m9lh6n-socwzs\" data-cel-widget=\"aplus-premium-module-4-two-column-images\">\n<div class=\"a-section a-spacing-none premium-aplus premium-aplus-module-4 aplus-container-1\">\n<div class=\"a-section a-spacing-none premium-aplus-two-column\">\n<div class=\"a-section a-spacing-none premium-aplus-column\">\n<div class=\"a-section a-spacing-none column-description\">\n<div class=\"celwidget aplus-module premium-module-15-text aplus-premium\" data-csa-c-id=\"bnb6tm-tysnie-sthwlh-4mqwnf\" data-cel-widget=\"aplus-premium-module-15-text\">\n<div class=\"a-section a-spacing-none premium-aplus premium-aplus-module-15\">\n<div class=\"a-section a-spacing-none\">\n<div id=\"aplus_feature_div\" class=\"celwidget\" data-feature-name=\"aplus\" data-csa-c-type=\"widget\" data-csa-c-content-id=\"aplus\" data-csa-c-slot-id=\"aplus_feature_div\" data-csa-c-asin=\"\" data-csa-c-is-in-initial-active-row=\"false\" data-csa-c-id=\"hrjqk3-olh6i-2zbtsj-fsbg4i\">\n<div id=\"aplus\" class=\"a-section a-spacing-large bucket\">\n<div class=\"aplus-v2 desktop celwidget\" data-csa-c-id=\"7p6bth-t6s03-mu9bah-t86rud\">\n<div class=\"celwidget aplus-module premium-module-1-image-text aplus-premium\" data-csa-c-id=\"w4g4q0-i5pch3-n1vxz6-j29p3m\">\n<div class=\"a-section a-spacing-none premium-aplus premium-aplus-module-1 aplus-container-1\">\n<div class=\"a-section a-spacing-none aplus-display-table\">\n<div class=\"a-section a-spacing-none aplus-module-section aplus-display-table-cell aplus-text-section-left\">\n<div id=\"aplus_feature_div\" class=\"celwidget\" data-feature-name=\"aplus\" data-csa-c-type=\"widget\" data-csa-c-content-id=\"aplus\" data-csa-c-slot-id=\"aplus_feature_div\" data-csa-c-asin=\"\" data-csa-c-is-in-initial-active-row=\"false\" data-csa-c-id=\"hrjqk3-olh6i-2zbtsj-fsbg4i\">\n<div id=\"aplus\" class=\"a-section a-spacing-large bucket\">\n<div class=\"aplus-v2 desktop celwidget\" data-csa-c-id=\"7p6bth-t6s03-mu9bah-t86rud\">\n<div class=\"celwidget aplus-module premium-module-1-image-text aplus-premium\" data-csa-c-id=\"w4g4q0-i5pch3-n1vxz6-j29p3m\">\n<div class=\"a-section a-spacing-none premium-aplus premium-aplus-module-1 aplus-container-1\">\n<div class=\"a-section a-spacing-none aplus-display-table\">\n<div class=\"a-section a-spacing-none aplus-module-section aplus-display-table-cell aplus-text-section-left\">\n<div id=\"aplus_feature_div\" class=\"celwidget\" data-feature-name=\"aplus\" data-csa-c-type=\"widget\" data-csa-c-content-id=\"aplus\" data-csa-c-slot-id=\"aplus_feature_div\" data-csa-c-asin=\"\" data-csa-c-is-in-initial-active-row=\"false\" data-csa-c-id=\"werwrh-oppmo3-svcp6d-fhfg25\" data-cel-widget=\"aplus_feature_div\">\n<div id=\"aplus\" class=\"a-section a-spacing-large bucket\">\n<div class=\"aplus-v2 desktop celwidget\" data-csa-c-id=\"7xtdo9-r4wrro-f3nno8-bwxukn\" data-cel-widget=\"aplus\">\n<div class=\"celwidget aplus-module premium-module-1-image-text aplus-premium\" data-csa-c-id=\"2rlhkz-8y7w7x-cqhx54-3sn8qp\" data-cel-widget=\"aplus-premium-module-1-image-text\">\n<div class=\"a-section a-spacing-none premium-aplus premium-aplus-module-1 aplus-container-1\">\n<div class=\"a-section a-spacing-none aplus-display-table\">\n<div class=\"a-section a-spacing-none aplus-module-section aplus-display-table-cell aplus-text-section-left\">\n<p class=\"aplus-p2 aplus-module-1-description\">\n<\/div>\n<div class=\"a-section a-spacing-none aplus-module-section aplus-display-table-cell aplus-image-section\"><img decoding=\"async\" class=\"\" src=\"https:\/\/m.media-amazon.com\/images\/S\/aplus-media-library-service-media\/040643e9-74cb-41eb-b1fc-1c6259247f60.__CR0,0,800,600_PT0_SX800_V1___.jpg\" alt=\"Emergency Survival Kit\" data-src=\"https:\/\/m.media-amazon.com\/images\/S\/aplus-media-library-service-media\/040643e9-74cb-41eb-b1fc-1c6259247f60.__CR0,0,800,600_PT0_SX800_V1___.jpg\" \/><\/div>\n<div>\n<h1 class=\"aplus-h1 aplus-module-1-heading a-text-bold\">Vi pr\u00e6senterer dig for det mest veludstyrede overlevelsess\u00e6t fra ISOP til enhver lejlighed<\/h1>\n<p class=\"aplus-p2 aplus-module-1-description\">Jordsk\u00e6lv, brand eller oversv\u00f8mmelse, dette s\u00e6t hj\u00e6lper dig med at overleve. Selvom du befinder dig p\u00e5 en \u00f8de \u00f8 som Robinson Crusoe, vil du have alle redskaberne til at overleve. Nedenfor pr\u00e6senterer vi dig hver del af s\u00e6ttet, som vi n\u00f8je udvalgte separat og fort\u00e6ller dig om alle mulige anvendelser af hvert produkt, som i \u00f8vrigt ikke kun er nyttige i n\u00f8dsituationer, men ogs\u00e5 i hverdagen, camping, klatring i bjergene eller vandreture med familien.<\/p>\n<\/div>\n<\/div>\n<\/div>\n<\/div>\n<div class=\"celwidget aplus-module premium-module-4-two-column-images aplus-premium\" data-csa-c-id=\"ptm5mu-ovnfo3-2bizob-7qtr4k\" data-cel-widget=\"aplus-premium-module-4-two-column-images\">\n<div class=\"a-section a-spacing-none premium-aplus premium-aplus-module-4 aplus-container-1\">\n<div class=\"a-section a-spacing-none premium-aplus-two-column\">\n<div class=\"a-section a-spacing-none premium-aplus-column\">\n<div class=\"a-section a-spacing-none {'column-image'}\"><img decoding=\"async\" class=\"\" src=\"https:\/\/m.media-amazon.com\/images\/S\/aplus-media-library-service-media\/2c5841b2-ca84-4686-aff4-e5dcad44de3e.__CR0,0,650,350_PT0_SX650_V1___.jpg\" alt=\"Emergency Survival Kit | Military Survival Kit \" data-src=\"https:\/\/m.media-amazon.com\/images\/S\/aplus-media-library-service-media\/2c5841b2-ca84-4686-aff4-e5dcad44de3e.__CR0,0,650,350_PT0_SX650_V1___.jpg\" \/><\/div>\n<div class=\"a-section a-spacing-none column-heading\">\n<h1><\/h1>\n<h1 class=\"aplus-h3 a-text-bold\">N\u00f8dsituation Overlevelsess\u00e6t | Milit\u00e6rt overlevelsess\u00e6t<\/h1>\n<\/div>\n<div class=\"a-section a-spacing-none column-description\">\n<p class=\"aplus-p3\">Multi-Purpose Opdateret Tactic Kit er et 21-i-1 multiprofessionelt n\u00f8doverlevelseskit, der inkluderer udend\u00f8rs overlevelsesudstyr, der er afg\u00f8rende for camping, fiskeri, jagt, motorcykelrejser, vildmarksudflugter, vandreture og overlevelsesscenarier. Det er en fantastisk overraskelse og gadget for alle.<\/p>\n<\/div>\n<\/div>\n<div class=\"a-section a-spacing-none premium-aplus-column\">\n<div class=\"a-section a-spacing-none {'column-image'}\"><img decoding=\"async\" class=\"\" src=\"https:\/\/m.media-amazon.com\/images\/S\/aplus-media-library-service-media\/90587192-739f-468d-8e4f-30e9c7944395.__CR0,0,650,350_PT0_SX650_V1___.jpg\" alt=\"Emergency Survival Gear &amp; Fishing Equipment for Camping Hiking Hunting Outdoor Adventure \" data-src=\"https:\/\/m.media-amazon.com\/images\/S\/aplus-media-library-service-media\/90587192-739f-468d-8e4f-30e9c7944395.__CR0,0,650,350_PT0_SX650_V1___.jpg\" \/><\/div>\n<div><\/div>\n<div class=\"a-section a-spacing-none column-heading\">\n<h1 class=\"aplus-h3 a-text-bold\">Overlevelsesv\u00e6rkt\u00f8jer med armb\u00e5nd fl\u00f8jte lommelygte<\/h1>\n<\/div>\n<div class=\"a-section a-spacing-none column-description\">\n<p class=\"aplus-p3\">N\u00f8doverlevelsess\u00e6t inkluderer: n\u00f8dt\u00e6ppe, fakkel, universalspork, fiskes\u00e6t, wiresav, vandflaskeclips, paracord-armb\u00e5nd, flintbrandstarter, sabelkort, bl\u00e6ser\u00f8r, ildreb, fl\u00f8jte, multifunktionskniv, klatrekroge, kompas, sikkerhedsn\u00e5le , taktisk pen og st\u00f8dsikker etui.<\/p>\n<\/div>\n<\/div>\n<\/div>\n<\/div>\n<\/div>\n<div class=\"celwidget aplus-module premium-module-4-two-column-images aplus-premium\" data-csa-c-id=\"ujf5z8-whexhd-hnk56z-8ldfmh\" data-cel-widget=\"aplus-premium-module-4-two-column-images\">\n<div class=\"a-section a-spacing-none premium-aplus premium-aplus-module-4 aplus-container-1\">\n<div class=\"a-section a-spacing-none premium-aplus-two-column\">\n<div class=\"a-section a-spacing-none premium-aplus-column\">\n<div class=\"a-section a-spacing-none {'column-image'}\"><img decoding=\"async\" class=\"\" src=\"https:\/\/m.media-amazon.com\/images\/S\/aplus-media-library-service-media\/b5058cd4-d615-4f08-af36-65a0fd6f2f8a.__CR0,0,650,350_PT0_SX650_V1___.jpg\" alt=\"Survival Tools with Emergency Bracelet Whistle Flashlight\" data-src=\"https:\/\/m.media-amazon.com\/images\/S\/aplus-media-library-service-media\/b5058cd4-d615-4f08-af36-65a0fd6f2f8a.__CR0,0,650,350_PT0_SX650_V1___.jpg\" \/><\/div>\n<div class=\"a-section a-spacing-none column-heading\">\n<h1 class=\"aplus-h3 a-text-bold\">N\u00f8doverlevelsesudstyr og fiskeudstyr<\/h1>\n<\/div>\n<div class=\"a-section a-spacing-none column-description\">\n<p class=\"aplus-p3\">Du kan overleve en naturkatastrofe med dette overlevelsess\u00e6t. Den ideelle campingkammerat til at v\u00e6re klar til enhver situation er denne genstand. Hold dig sikker i enhver n\u00f8dsituation. Perfekt til camping, vandreture, eventyr, overlevelse og i n\u00f8dstilf\u00e6lde. Leveres i en st\u00f8dsikker og let at b\u00e6re \u00e6ske.<\/p>\n<\/div>\n<\/div>\n<div class=\"a-section a-spacing-none premium-aplus-column\">\n<div class=\"a-section a-spacing-none {'column-image'}\"><img decoding=\"async\" class=\"\" src=\"https:\/\/m.media-amazon.com\/images\/S\/aplus-media-library-service-media\/a03308c4-5304-421a-a370-686b59f30d97.__CR0,0,650,350_PT0_SX650_V1___.jpg\" alt=\"Emergency Survival Kit \" data-src=\"https:\/\/m.media-amazon.com\/images\/S\/aplus-media-library-service-media\/a03308c4-5304-421a-a370-686b59f30d97.__CR0,0,650,350_PT0_SX650_V1___.jpg\" \/><\/div>\n<div class=\"a-section a-spacing-none column-heading\">\n<h1 class=\"aplus-h3 a-text-bold\">Camping Vandring Jagt udend\u00f8rs eventyr<\/h1>\n<\/div>\n<div class=\"a-section a-spacing-none column-description\">\n<p class=\"aplus-p3\">Mens du vandre, campere, jage, fiske, vandre eller tage p\u00e5 eventyr, hj\u00e6lper det ogs\u00e5 med at holde dig sikker. Dette overlevelsess\u00e6t vil mere pr\u00e6cist formidle din hengivenhed. Hvis det ikke lever op til dine forventninger, eller du har problemer, bedes du kontakte os, s\u00e5 hj\u00e6lper vi dig.<\/p>\n<\/div>\n<\/div>\n<\/div>\n<\/div>\n<\/div>\n<\/div>\n<\/div>\n<\/div>\n<\/div>\n<\/div>\n<\/div>\n<\/div>\n<\/div>\n<\/div>\n<\/div>\n<\/div>\n<\/div>\n<\/div>\n<\/div>\n<\/div>\n<\/div>\n<\/div>\n<\/div>\n<\/div>\n<\/div>\n<\/div>\n<\/div>\n<\/div>\n<\/div>\n<\/div>\n","protected":false},"excerpt":{"rendered":"[embed]https:\/\/youtu.be\/9RLY0P2f3Co[\/embed]\n<p class=\"a-section a-spacing-none premium-aplus premium-aplus-module-3 aplus-container-1\" style=\"text-align: center;\">N\u00f8dsituation Overlevelsess\u00e6t | Milit\u00e6rt overlevelsess\u00e6t | N\u00f8doverlevelsesudstyr og fiskeudstyr til campingvandring Jagt udend\u00f8rs eventyr | Survival Tools med Emergency Armb\u00e5nd Whistle lommelygte<\/p>\n<p style=\"text-align: center;\">GRATIS LEVERING INDEN FOR 3-7 DAGE<\/p>\n<h4 style=\"text-align: center;\"><strong>K\u00d8B DEN P\u00c5<\/strong><\/h4>\n<p><a href=\"https:\/\/www.amazon.de\/dp\/B0BPP3VJ3G?ref=myi_title_dp\"><img loading=\"lazy\" decoding=\"async\" class=\"aligncenter wp-image-1040 size-full\" src=\"https:\/\/isopllc.com\/dk\/wp-content\/uploads\/sites\/14\/2020\/01\/amazon-button9.png\" alt=\"\" width=\"160\" height=\"59\" \/><\/a><\/p>\n","protected":false},"featured_media":4745,"comment_status":"open","ping_status":"closed","template":"","meta":[],"product_brand":[],"product_cat":[160],"product_tag":[135,133,134,36,43],"class_list":{"0":"post-4739","1":"product","2":"type-product","3":"status-publish","4":"has-post-thumbnail","6":"product_cat-rednings-og-overlevelsessaet","7":"product_tag-beskyttelse","8":"product_tag-noedsituation","9":"product_tag-overlevelsessaet","10":"product_tag-sikkerhed","11":"product_tag-udstyr","13":"first","14":"instock","15":"shipping-taxable","16":"purchasable","17":"product-type-simple"},"_links":{"self":[{"href":"https:\/\/isopllc.com\/dk\/wp-json\/wp\/v2\/product\/4739","targetHints":{"allow":["GET"]}}],"collection":[{"href":"https:\/\/isopllc.com\/dk\/wp-json\/wp\/v2\/product"}],"about":[{"href":"https:\/\/isopllc.com\/dk\/wp-json\/wp\/v2\/types\/product"}],"replies":[{"embeddable":true,"href":"https:\/\/isopllc.com\/dk\/wp-json\/wp\/v2\/comments?post=4739"}],"wp:featuredmedia":[{"embeddable":true,"href":"https:\/\/isopllc.com\/dk\/wp-json\/wp\/v2\/media\/4745"}],"wp:attachment":[{"href":"https:\/\/isopllc.com\/dk\/wp-json\/wp\/v2\/media?parent=4739"}],"wp:term":[{"taxonomy":"product_brand","embeddable":true,"href":"https:\/\/isopllc.com\/dk\/wp-json\/wp\/v2\/product_brand?post=4739"},{"taxonomy":"product_cat","embeddable":true,"href":"https:\/\/isopllc.com\/dk\/wp-json\/wp\/v2\/product_cat?post=4739"},{"taxonomy":"product_tag","embeddable":true,"href":"https:\/\/isopllc.com\/dk\/wp-json\/wp\/v2\/product_tag?post=4739"}],"curies":[{"name":"wp","href":"https:\/\/api.w.org\/{rel}","templated":true}]}}