{"id":4746,"date":"2023-01-21T16:21:01","date_gmt":"2023-01-21T16:21:01","guid":{"rendered":"https:\/\/isopllc.com\/dk\/?post_type=product&#038;p=4746"},"modified":"2025-07-01T14:41:34","modified_gmt":"2025-07-01T14:41:34","slug":"overlevelsestelt-redningsudstyr","status":"publish","type":"product","link":"https:\/\/isopllc.com\/dk\/product\/overlevelsestelt-redningsudstyr\/","title":{"rendered":"Overlevelsestelt | Redningsudstyr"},"content":{"rendered":"<h2 class=\"text-weight-bold\">Overlevelsestelt i n\u00f8dstilf\u00e6lde til 2 personer + 3 paracords, teltp\u00e6le, Glow Stick, fl\u00f8jte | 100% vandt\u00e6t telt | Ultralet og ekstra stort<\/h2>\n<div class=\"celwidget aplus-module premium-module-1-image-text aplus-premium\">\n<div class=\"a-section a-spacing-none premium-aplus premium-aplus-module-1 aplus-container-1\">\n<div class=\"a-section a-spacing-none aplus-display-table\">\n<div class=\"a-section a-spacing-none aplus-module-section aplus-display-table-cell aplus-image-section\"><img decoding=\"async\" class=\"\" src=\"https:\/\/m.media-amazon.com\/images\/S\/aplus-media-library-service-media\/6954aaee-621a-4a38-98ce-0a6faa609e88.__CR0,0,800,600_PT0_SX800_V1___.jpg\" alt=\"Emergency Survival Shelter Tent\" data-src=\"https:\/\/m.media-amazon.com\/images\/S\/aplus-media-library-service-media\/6954aaee-621a-4a38-98ce-0a6faa609e88.__CR0,0,800,600_PT0_SX800_V1___.jpg\" \/><\/div>\n<div class=\"a-section a-spacing-none aplus-module-section aplus-display-table-cell aplus-text-section-right\">\n<h1 class=\"aplus-h1 aplus-module-1-heading a-text-bold\">N\u00f8doverlevelse Ly Telt + 3 paracords, teltp\u00e6le, Gl\u00f8depind, fl\u00f8jte<\/h1>\n<p class=\"aplus-p2 aplus-module-1-description\">Dette kombinationss\u00e6t for n\u00f8dsituationer giver et overlevelsestelt til ly mod elementerne og for at hj\u00e6lpe med at holde dig varm ved at fange din kropsvarme. Designet til n\u00f8dsituationer og overlevelse, inkluderer fire p\u00e6le, en overlevelsesfl\u00f8jte, to myggenet og to gl\u00f8depinde. Den livlige orange farve kan hj\u00e6lpe med efters\u00f8gning og redning. Tre nylon paracord snore og karabinhager clips kan bruges til at sikre eller reparere gear, bygge et ekstra l\u00e6.<\/p>\n<\/div>\n<\/div>\n<\/div>\n<\/div>\n<div class=\"celwidget aplus-module premium-module-1-image-text aplus-premium\">\n<div class=\"a-section a-spacing-none premium-aplus premium-aplus-module-1 aplus-container-1\">\n<div class=\"a-section a-spacing-none aplus-display-table\">\n<div class=\"a-section a-spacing-none aplus-module-section aplus-display-table-cell aplus-image-section\"><img decoding=\"async\" class=\"\" src=\"https:\/\/m.media-amazon.com\/images\/S\/aplus-media-library-service-media\/e853c2f4-1c4f-47b1-80c9-7af27f54599b.__CR0,0,800,600_PT0_SX800_V1___.jpg\" alt=\"Emergency Survival Shelter Tent\" data-src=\"https:\/\/m.media-amazon.com\/images\/S\/aplus-media-library-service-media\/e853c2f4-1c4f-47b1-80c9-7af27f54599b.__CR0,0,800,600_PT0_SX800_V1___.jpg\" \/><\/div>\n<div class=\"a-section a-spacing-none aplus-module-section aplus-display-table-cell aplus-text-section-right\">\n<h1 class=\"aplus-h1 aplus-module-1-heading a-text-bold\">100 % vandt\u00e6t, ultralet, kompakt og ekstra stor<\/h1>\n<p>Det ultralette telt er lavet af mylar med en rive- og punkteringsbestandig bel\u00e6gning. Disse n\u00f8dtelte er holdbare nok til gentagen brug, s\u00e5 de kan foldes sammen og l\u00e6gges tilbage i posen. Disse overlevelsesskjul kan nemt klippes p\u00e5 gear til transport og er kompakte nok til at blive sat i en bil.<\/p>\n<p>Dette s\u00e6t vil beskytte dig mod REGN, VIND og sne samt give skygge mod solen. Dette er en livreddende kombination for en enkelt person eller en gruppe p\u00e5 to.<\/p>\n<\/div>\n<\/div>\n<\/div>\n<\/div>\n<div class=\"celwidget aplus-module premium-module-1-image-text aplus-premium\">\n<div class=\"a-section a-spacing-none premium-aplus premium-aplus-module-1 aplus-container-1\">\n<div class=\"a-section a-spacing-none aplus-display-table\">\n<div class=\"a-section a-spacing-none aplus-module-section aplus-display-table-cell aplus-image-section\"><img decoding=\"async\" class=\"\" src=\"https:\/\/m.media-amazon.com\/images\/S\/aplus-media-library-service-media\/5d6d0212-bf81-4e52-81ae-6e3da0c33896.__CR50,0,800,600_PT0_SX800_V1___.jpeg\" alt=\"Emergency Survival Shelter Tent\" data-src=\"https:\/\/m.media-amazon.com\/images\/S\/aplus-media-library-service-media\/5d6d0212-bf81-4e52-81ae-6e3da0c33896.__CR50,0,800,600_PT0_SX800_V1___.jpeg\" \/><\/div>\n<div class=\"a-section a-spacing-none aplus-module-section aplus-display-table-cell aplus-text-section-right\">\n<h1 class=\"aplus-h1 aplus-module-1-heading a-text-bold\">Multifunktionelt n\u00f8dstelt<\/h1>\n<p class=\"aplus-p2 aplus-module-1-description\">Opbevar i din rygs\u00e6k for en sikkerheds skyld. Udover at holde dig varm og t\u00f8r, har ISOP overlevelseskit utallige anvendelsesmuligheder i overlevelsessituationer. Brug som en soveposeforing i uventet koldt vejr for at forbedre din eksisterende sovepose ved at booste varmen og beskytte mod udefrakommende kondens. Opbevar i din bil, hvis du sidder fast i en snestorm, l\u00f8ber t\u00f8r for benzin eller kommer ud for en bilulykke i l\u00f8bet af vinteren.<\/p>\n<\/div>\n<\/div>\n<\/div>\n<\/div>\n<div class=\"celwidget aplus-module premium-module-15-text aplus-premium\">\n<div class=\"a-section a-spacing-none premium-aplus premium-aplus-module-15\">\n<div class=\"a-section a-spacing-none\">\n<div class=\"a-section a-spacing-none aplus-module-section aplus-display-table-cell aplus-image-section\"><img decoding=\"async\" class=\"\" src=\"https:\/\/m.media-amazon.com\/images\/S\/aplus-media-library-service-media\/46b5cc5a-a1ff-413c-b08e-d4adb4e923e5.__CR0,0,1200,900_PT0_SX800_V1___.jpg\" alt=\"Emergency Survival Shelter Tent for 2 People\" data-src=\"https:\/\/m.media-amazon.com\/images\/S\/aplus-media-library-service-media\/46b5cc5a-a1ff-413c-b08e-d4adb4e923e5.__CR0,0,1200,900_PT0_SX800_V1___.jpg\" \/><\/div>\n<div class=\"a-section a-spacing-none aplus-module-section aplus-display-table-cell aplus-text-section-right\">\n<h1 class=\"aplus-h1 aplus-module-1-heading a-text-bold\">Utallige anvendelser:<\/h1>\n<p class=\"aplus-p2 aplus-module-1-description\">Rygs\u00e6k Cover; Regn Poncho; N\u00f8dsignal; Solar Ovn; Fiskesn\u00f8re; Fugleafvisende middel; N\u00f8dly; Sovepose Linned; Bundd\u00e6kke; Vind Blocker; Armslynge; Tourniquet; Trail Marker; Vandopsamler; Snesmeltningsbeholder; Bil vindue solbeskytter; Sollys reflektor; F\u00f8devarekonserverende l\u00e5g.<\/p>\n<\/div>\n<\/div>\n<\/div>\n<\/div>\n","protected":false},"excerpt":{"rendered":"<p id=\"reconcile-item-title\" class=\"text-weight-bold\" style=\"text-align: center;\">Overlevelsestelt i n\u00f8dstilf\u00e6lde til 2 personer + 3 paracords, teltp\u00e6le, Gl\u00f8depind, fl\u00f8jte | 100% vandt\u00e6t telt | Ultralet og ekstra stort<\/p>\n<p style=\"text-align: center;\">GRATIS LEVERING INDEN FOR 3-7 DAGE<\/p>\n<h4 style=\"text-align: center;\"><strong>K\u00d8B DEN P\u00c5<\/strong><\/h4>\n<p><a href=\"https:\/\/www.amazon.de\/dp\/B0BNPZF57C?ref=myi_title_dp\"><img loading=\"lazy\" decoding=\"async\" class=\"aligncenter wp-image-1040 size-full\" src=\"https:\/\/isopllc.com\/dk\/wp-content\/uploads\/sites\/14\/2020\/01\/amazon-button9.png\" alt=\"\" width=\"160\" height=\"59\" \/><\/a><\/p>\n<p style=\"text-align: center;\">\n","protected":false},"featured_media":4747,"comment_status":"open","ping_status":"closed","template":"","meta":[],"product_brand":[],"product_cat":[160],"product_tag":[138],"class_list":{"0":"post-4746","1":"product","2":"type-product","3":"status-publish","4":"has-post-thumbnail","6":"product_cat-rednings-og-overlevelsessaet","7":"product_tag-redningsudstyr","9":"first","10":"instock","11":"shipping-taxable","12":"purchasable","13":"product-type-simple"},"_links":{"self":[{"href":"https:\/\/isopllc.com\/dk\/wp-json\/wp\/v2\/product\/4746","targetHints":{"allow":["GET"]}}],"collection":[{"href":"https:\/\/isopllc.com\/dk\/wp-json\/wp\/v2\/product"}],"about":[{"href":"https:\/\/isopllc.com\/dk\/wp-json\/wp\/v2\/types\/product"}],"replies":[{"embeddable":true,"href":"https:\/\/isopllc.com\/dk\/wp-json\/wp\/v2\/comments?post=4746"}],"wp:featuredmedia":[{"embeddable":true,"href":"https:\/\/isopllc.com\/dk\/wp-json\/wp\/v2\/media\/4747"}],"wp:attachment":[{"href":"https:\/\/isopllc.com\/dk\/wp-json\/wp\/v2\/media?parent=4746"}],"wp:term":[{"taxonomy":"product_brand","embeddable":true,"href":"https:\/\/isopllc.com\/dk\/wp-json\/wp\/v2\/product_brand?post=4746"},{"taxonomy":"product_cat","embeddable":true,"href":"https:\/\/isopllc.com\/dk\/wp-json\/wp\/v2\/product_cat?post=4746"},{"taxonomy":"product_tag","embeddable":true,"href":"https:\/\/isopllc.com\/dk\/wp-json\/wp\/v2\/product_tag?post=4746"}],"curies":[{"name":"wp","href":"https:\/\/api.w.org\/{rel}","templated":true}]}}