{"id":4832,"date":"2023-03-30T05:24:29","date_gmt":"2023-03-30T05:24:29","guid":{"rendered":"https:\/\/isopllc.com\/dk\/?post_type=product&#038;p=4832"},"modified":"2025-07-01T14:39:44","modified_gmt":"2025-07-01T14:39:44","slug":"isop-sengehest-hjaelpehaandtag-justerbar-sengehjaelpeanordning-sengestige-3-haandtag-rammegreb-safety-pull-up-rope-lifter-til-voksne-aeldre-handicappede","status":"publish","type":"product","link":"https:\/\/isopllc.com\/dk\/product\/isop-sengehest-hjaelpehaandtag-justerbar-sengehjaelpeanordning-sengestige-3-haandtag-rammegreb-safety-pull-up-rope-lifter-til-voksne-aeldre-handicappede\/","title":{"rendered":"ISOP Sengehest Hj\u00e6lpeh\u00e5ndtag"},"content":{"rendered":"<h1>ISOP sengehest hj\u00e6lpeh\u00e5ndtag | Justerbar sengehj\u00e6lpeanordning | Sengestige 3 h\u00e5ndtag rammegreb | Safety Pull Up Rope Lifter til voksne, \u00e6ldre, handicappede<\/h1>\n<p><img loading=\"lazy\" decoding=\"async\" class=\"alignnone size-medium wp-image-4836\" src=\"https:\/\/isopllc.com\/dk\/wp-content\/uploads\/sites\/14\/2023\/03\/Bed-Rail-Assist-Handle-2-300x300.jpg\" alt=\"\" width=\"300\" height=\"300\" srcset=\"https:\/\/isopllc.com\/dk\/wp-content\/uploads\/sites\/14\/2023\/03\/Bed-Rail-Assist-Handle-2-300x300.jpg 300w, https:\/\/isopllc.com\/dk\/wp-content\/uploads\/sites\/14\/2023\/03\/Bed-Rail-Assist-Handle-2-150x150.jpg 150w, https:\/\/isopllc.com\/dk\/wp-content\/uploads\/sites\/14\/2023\/03\/Bed-Rail-Assist-Handle-2-768x768.jpg 768w, https:\/\/isopllc.com\/dk\/wp-content\/uploads\/sites\/14\/2023\/03\/Bed-Rail-Assist-Handle-2-416x416.jpg 416w, https:\/\/isopllc.com\/dk\/wp-content\/uploads\/sites\/14\/2023\/03\/Bed-Rail-Assist-Handle-2-100x100.jpg 100w, https:\/\/isopllc.com\/dk\/wp-content\/uploads\/sites\/14\/2023\/03\/Bed-Rail-Assist-Handle-2.jpg 900w\" sizes=\"auto, (max-width: 300px) 100vw, 300px\" \/><\/p>\n<p>Sengestigen hj\u00e6lper personer med rygmarvsskader, svaghed i underkroppen og begr\u00e6nset bev\u00e6gelsesomr\u00e5de, og giver enkeltpersoner mulighed for nemt at rejse sig til en siddende stilling.<\/p>\n<p><img loading=\"lazy\" decoding=\"async\" class=\"alignnone size-medium wp-image-4837\" src=\"https:\/\/isopllc.com\/dk\/wp-content\/uploads\/sites\/14\/2023\/03\/Adjustable-Bed-Assistance-Device-1-300x300.jpg\" alt=\"\" width=\"300\" height=\"300\" srcset=\"https:\/\/isopllc.com\/dk\/wp-content\/uploads\/sites\/14\/2023\/03\/Adjustable-Bed-Assistance-Device-1-300x300.jpg 300w, https:\/\/isopllc.com\/dk\/wp-content\/uploads\/sites\/14\/2023\/03\/Adjustable-Bed-Assistance-Device-1-150x150.jpg 150w, https:\/\/isopllc.com\/dk\/wp-content\/uploads\/sites\/14\/2023\/03\/Adjustable-Bed-Assistance-Device-1-768x768.jpg 768w, https:\/\/isopllc.com\/dk\/wp-content\/uploads\/sites\/14\/2023\/03\/Adjustable-Bed-Assistance-Device-1-416x416.jpg 416w, https:\/\/isopllc.com\/dk\/wp-content\/uploads\/sites\/14\/2023\/03\/Adjustable-Bed-Assistance-Device-1-100x100.jpg 100w, https:\/\/isopllc.com\/dk\/wp-content\/uploads\/sites\/14\/2023\/03\/Adjustable-Bed-Assistance-Device-1.jpg 900w\" sizes=\"auto, (max-width: 300px) 100vw, 300px\" \/><\/p>\n<p>Konstrueret med et slidst\u00e6rkt webbing, der underst\u00f8tter op til 300 pund, g\u00f8r den robuste sengestige let at sidde i sengen for dem, der kommer sig efter operationen, s\u00e5vel som dem, der er gravide eller lider af rygproblemer.<\/p>\n<p><img loading=\"lazy\" decoding=\"async\" class=\"alignnone size-medium wp-image-4835\" src=\"https:\/\/isopllc.com\/dk\/wp-content\/uploads\/sites\/14\/2023\/03\/Bed-Rail-Assist-Handle-3-300x300.jpg\" alt=\"\" width=\"300\" height=\"300\" srcset=\"https:\/\/isopllc.com\/dk\/wp-content\/uploads\/sites\/14\/2023\/03\/Bed-Rail-Assist-Handle-3-300x300.jpg 300w, https:\/\/isopllc.com\/dk\/wp-content\/uploads\/sites\/14\/2023\/03\/Bed-Rail-Assist-Handle-3-150x150.jpg 150w, https:\/\/isopllc.com\/dk\/wp-content\/uploads\/sites\/14\/2023\/03\/Bed-Rail-Assist-Handle-3-768x768.jpg 768w, https:\/\/isopllc.com\/dk\/wp-content\/uploads\/sites\/14\/2023\/03\/Bed-Rail-Assist-Handle-3-416x416.jpg 416w, https:\/\/isopllc.com\/dk\/wp-content\/uploads\/sites\/14\/2023\/03\/Bed-Rail-Assist-Handle-3-100x100.jpg 100w, https:\/\/isopllc.com\/dk\/wp-content\/uploads\/sites\/14\/2023\/03\/Bed-Rail-Assist-Handle-3.jpg 900w\" sizes=\"auto, (max-width: 300px) 100vw, 300px\" \/><\/p>\n<p>Monteres nemt p\u00e5 enhver sengeramme ved at lave en knude. Stigen er nem at fjerne og er b\u00e6rbar for yderligere hj\u00e6lp under rejsen s\u00e5vel som derhjemme.<\/p>\n<p><img loading=\"lazy\" decoding=\"async\" class=\"alignnone size-medium wp-image-4838\" src=\"https:\/\/isopllc.com\/dk\/wp-content\/uploads\/sites\/14\/2023\/03\/Adjustable-Bed-Assistance-Device-3-300x300.jpg\" alt=\"\" width=\"300\" height=\"300\" srcset=\"https:\/\/isopllc.com\/dk\/wp-content\/uploads\/sites\/14\/2023\/03\/Adjustable-Bed-Assistance-Device-3-300x300.jpg 300w, https:\/\/isopllc.com\/dk\/wp-content\/uploads\/sites\/14\/2023\/03\/Adjustable-Bed-Assistance-Device-3-150x150.jpg 150w, https:\/\/isopllc.com\/dk\/wp-content\/uploads\/sites\/14\/2023\/03\/Adjustable-Bed-Assistance-Device-3-768x768.jpg 768w, https:\/\/isopllc.com\/dk\/wp-content\/uploads\/sites\/14\/2023\/03\/Adjustable-Bed-Assistance-Device-3-416x416.jpg 416w, https:\/\/isopllc.com\/dk\/wp-content\/uploads\/sites\/14\/2023\/03\/Adjustable-Bed-Assistance-Device-3-100x100.jpg 100w, https:\/\/isopllc.com\/dk\/wp-content\/uploads\/sites\/14\/2023\/03\/Adjustable-Bed-Assistance-Device-3.jpg 900w\" sizes=\"auto, (max-width: 300px) 100vw, 300px\" \/><\/p>\n<p>De kraftige 3 h\u00e5ndtag er polstrede og giver et skridsikkert greb, n\u00e5r du h\u00e6ver eller s\u00e6nker dig i sengen. Hvert skridsikkert h\u00e5ndtag er 15,2 cm langt for at give et behageligt greb. De tre h\u00e5ndtag er med en afstand p\u00e5 27,9 cm fra hinanden for optimal hj\u00e6lp, n\u00e5r du rejser dig.<\/p>\n<p><img loading=\"lazy\" decoding=\"async\" class=\"alignnone size-medium wp-image-4839\" src=\"https:\/\/isopllc.com\/dk\/wp-content\/uploads\/sites\/14\/2023\/03\/Bed-Rail-Assist-Handle-1-300x300.jpg\" alt=\"\" width=\"300\" height=\"300\" srcset=\"https:\/\/isopllc.com\/dk\/wp-content\/uploads\/sites\/14\/2023\/03\/Bed-Rail-Assist-Handle-1-300x300.jpg 300w, https:\/\/isopllc.com\/dk\/wp-content\/uploads\/sites\/14\/2023\/03\/Bed-Rail-Assist-Handle-1-150x150.jpg 150w, https:\/\/isopllc.com\/dk\/wp-content\/uploads\/sites\/14\/2023\/03\/Bed-Rail-Assist-Handle-1-768x768.jpg 768w, https:\/\/isopllc.com\/dk\/wp-content\/uploads\/sites\/14\/2023\/03\/Bed-Rail-Assist-Handle-1-416x416.jpg 416w, https:\/\/isopllc.com\/dk\/wp-content\/uploads\/sites\/14\/2023\/03\/Bed-Rail-Assist-Handle-1-100x100.jpg 100w, https:\/\/isopllc.com\/dk\/wp-content\/uploads\/sites\/14\/2023\/03\/Bed-Rail-Assist-Handle-1.jpg 900w\" sizes=\"auto, (max-width: 300px) 100vw, 300px\" \/><\/p>\n","protected":false},"excerpt":{"rendered":"<p style=\"text-align: center;\">ISOP sengehest hj\u00e6lpeh\u00e5ndtag | Justerbar sengehj\u00e6lpeanordning | Sengestige 3 h\u00e5ndtag rammegreb | Safety Pull Up Rope Lifter til voksne, \u00e6ldre, handicappede<\/p>\n<p style=\"text-align: center;\">GRATIS LEVERING INDEN FOR 3-7 DAGE<\/p>\n<h4 style=\"text-align: center;\"><strong>K\u00d8BE DET<\/strong><\/h4>\n<p><a href=\"https:\/\/www.amazon.de\/dp\/B0BVMJMG18?ref=myi_title_dp\"><img loading=\"lazy\" decoding=\"async\" class=\"aligncenter wp-image-1040 size-full\" src=\"https:\/\/isopllc.com\/dk\/wp-content\/uploads\/sites\/14\/2020\/01\/amazon-button9.png\" alt=\"\" width=\"160\" height=\"59\" \/><\/a><\/p>\n","protected":false},"featured_media":4840,"comment_status":"open","ping_status":"closed","template":"","meta":[],"product_brand":[],"product_cat":[160],"product_tag":[118,119,92,117,36,43],"class_list":{"0":"post-4832","1":"product","2":"type-product","3":"status-publish","4":"has-post-thumbnail","6":"product_cat-rednings-og-overlevelsessaet","7":"product_tag-hjaelpehaandtag","8":"product_tag-hjemmepleje","9":"product_tag-isop","10":"product_tag-sengehest","11":"product_tag-sikkerhed","12":"product_tag-udstyr","14":"first","15":"instock","16":"shipping-taxable","17":"purchasable","18":"product-type-simple"},"_links":{"self":[{"href":"https:\/\/isopllc.com\/dk\/wp-json\/wp\/v2\/product\/4832","targetHints":{"allow":["GET"]}}],"collection":[{"href":"https:\/\/isopllc.com\/dk\/wp-json\/wp\/v2\/product"}],"about":[{"href":"https:\/\/isopllc.com\/dk\/wp-json\/wp\/v2\/types\/product"}],"replies":[{"embeddable":true,"href":"https:\/\/isopllc.com\/dk\/wp-json\/wp\/v2\/comments?post=4832"}],"wp:featuredmedia":[{"embeddable":true,"href":"https:\/\/isopllc.com\/dk\/wp-json\/wp\/v2\/media\/4840"}],"wp:attachment":[{"href":"https:\/\/isopllc.com\/dk\/wp-json\/wp\/v2\/media?parent=4832"}],"wp:term":[{"taxonomy":"product_brand","embeddable":true,"href":"https:\/\/isopllc.com\/dk\/wp-json\/wp\/v2\/product_brand?post=4832"},{"taxonomy":"product_cat","embeddable":true,"href":"https:\/\/isopllc.com\/dk\/wp-json\/wp\/v2\/product_cat?post=4832"},{"taxonomy":"product_tag","embeddable":true,"href":"https:\/\/isopllc.com\/dk\/wp-json\/wp\/v2\/product_tag?post=4832"}],"curies":[{"name":"wp","href":"https:\/\/api.w.org\/{rel}","templated":true}]}}